{"id":3036,"date":"2023-12-27T19:58:01","date_gmt":"2023-12-27T19:58:01","guid":{"rendered":"https:\/\/aviator-crash.org\/pelaa-kateista-tai-kaadu\/"},"modified":"2024-02-02T19:33:56","modified_gmt":"2024-02-02T19:33:56","slug":"pelaa-kateista-tai-kaadu","status":"publish","type":"page","link":"https:\/\/aviator-crash.org\/fi\/pelaa-kateista-tai-kaadu\/","title":{"rendered":"Pelaa k\u00e4teist\u00e4 tai kaadu"},"content":{"rendered":"\n<figure class=\"wp-block-gallery has-nested-images columns-default is-cropped wp-block-gallery-1 is-layout-flex wp-block-gallery-is-layout-flex\">\n<figure class=\"wp-block-image size-large\"><span itemprop=\"image\" itemscope itemtype=\"https:\/\/schema.org\/ImageObject\"><img itemprop=\"url image\" loading=\"lazy\" decoding=\"async\" width=\"1024\" height=\"498\" data-id=\"466\" src=\"https:\/\/aviator-crash.org\/wp-content\/uploads\/2024\/01\/cash-or-crash-live-1200x584-1-1024x498.jpeg\" alt=\"\" class=\"wp-image-466\" srcset=\"https:\/\/aviator-crash.org\/wp-content\/uploads\/2024\/01\/cash-or-crash-live-1200x584-1-1024x498.jpeg 1024w, https:\/\/aviator-crash.org\/wp-content\/uploads\/2024\/01\/cash-or-crash-live-1200x584-1-300x146.jpeg 300w, https:\/\/aviator-crash.org\/wp-content\/uploads\/2024\/01\/cash-or-crash-live-1200x584-1-768x374.jpeg 768w, https:\/\/aviator-crash.org\/wp-content\/uploads\/2024\/01\/cash-or-crash-live-1200x584-1.jpeg 1200w\" sizes=\"(max-width: 1024px) 100vw, 1024px\" \/><meta itemprop=\"width\" content=\"1024\"><meta itemprop=\"height\" content=\"498\"><\/span><\/figure>\n<\/figure>\n\n<p>Cash or Crash on peli, jolla on suuri kysynt\u00e4 uhkapelisovellusten, suurten panosten ja riskien yst\u00e4vien keskuudessa.\nSe on loistava vaihtoehto pit\u00e4\u00e4 hauskaa ja kokeilla onneasi.\nCash or Crash on Android-sovellus, jossa pelaajat voivat ly\u00f6d\u00e4 vetoa erilaisista tapahtumista, joiden lopputulos m\u00e4\u00e4r\u00e4ytyy satunnaisesti.\nAloittaaksesi pelaamisen sinun tarvitsee vain ladata sovellus One Winin viralliselta vedonly\u00f6ntisivustolta, rekister\u00f6ity\u00e4 tai kirjautua henkil\u00f6kohtaiselle tilillesi ja asettaa panoksesi.\nLataa Cash or Crash ilmaiseksi voi aivan jokainen.\nK\u00e4ynnist\u00e4 peli ja nauti hauskanpidosta.     <\/p>\n\n<h2 class=\"wp-block-heading\">Etu Cash tai Crash online-peli<\/h2>\n\n<p>Uhkapeli\u00e4 pidet\u00e4\u00e4n yhten\u00e4 suosituimmista peleist\u00e4 nyky\u00e4\u00e4n.\nT\u00e4rkein syy on se, ett\u00e4 t\u00e4\u00e4ll\u00e4 voit paitsi viett\u00e4\u00e4 mielenkiintoista aikaa my\u00f6s ansaita oikeaa rahaa.\nYleisesti ottaen Cash or Crash -sovelluksen visuaalinen ilme on todellinen herkkupala.\nErinomainen grafiikka, selke\u00e4 k\u00e4ytt\u00f6liittym\u00e4, intuitiivisesti yksinkertainen ohjaus &#8211; kaiken t\u00e4m\u00e4n l\u00f6yd\u00e4t t\u00e4\u00e4lt\u00e4.   <\/p>\n\n<p>Suosittujen Cash or Crash -rahapelien t\u00e4rkeimpi\u00e4 etuja ovat muun muassa seuraavat:<\/p>\n\n<ul>\n<li>Mielenkiintoinen pelattavuus.\nSe tarjoaa j\u00e4nnitt\u00e4v\u00e4n ja koukuttavan pelattavuuden, jossa on mahdollisuus voittaa tai h\u00e4vit\u00e4 nopeasti. <\/li>\n\n\n\n<li>Moninpelitila.\nMahdollisuus pelata yst\u00e4vien tai muiden pelaajien kanssa voi lis\u00e4t\u00e4 sosiaalista n\u00e4k\u00f6kulmaa ja hauskuutta. <\/li>\n\n\n\n<li>Grafiikka ja \u00e4\u00e4ni.\nLaadukas grafiikka ja \u00e4\u00e4ni luovat pelin ilmapiirin ja tekev\u00e4t siit\u00e4 houkuttelevamman pelaajille. <\/li>\n\n\n\n<li>S\u00e4\u00e4nn\u00f6llisten p\u00e4ivitysten saatavuus.\nT\u00e4m\u00e4n ansiosta voit nauttia suosikkipelist\u00e4si paremmalla suorituskyvyll\u00e4.\nKehitt\u00e4j\u00e4t pyrkiv\u00e4t parantamaan peli\u00e4 s\u00e4\u00e4nn\u00f6llisesti, jotta se vastaisi online-pelaamisen maailman nykyisi\u00e4 suuntauksia ja suuntauksia.  <\/li>\n\n\n\n<li>Mahdollisuus pelata suoraan puhelimestasi, miss\u00e4 tahansa oletkin.\nT\u00e4m\u00e4 on loistava tilaisuus pit\u00e4\u00e4 hauskaa, nauttia pelaamisesta ja jopa yritt\u00e4\u00e4 ansaita oikeaa rahaa. <\/li>\n\n\n\n<li>Monia eri pelitiloja.\nOikein valittu Cash- tai Crash-strategia lis\u00e4\u00e4 voittomahdollisuuksia kaikissa pelitiloissa. <\/li>\n<\/ul>\n\n<p>Kaiken kaikkiaan Cash or Crash -peli on loistava esimerkki j\u00e4nnitt\u00e4v\u00e4st\u00e4 sovelluksesta, jossa voit voittaa oikeaa rahaa.\nVoit nauttia hauskanpidosta ja pelata my\u00f6s yst\u00e4vien tai muiden pelaajien kanssa verkossa moninpelitilassa. <\/p>\n\n<h2 class=\"wp-block-heading\">Pelaaminen Cash or Crash<\/h2>\n\n<p>&#8221;Cash or Crash&#8221; on virtuaalinen uhkapeli, jota nettikasinot tarjoavat usein.\nVaikka s\u00e4\u00e4nn\u00f6t saattavat vaihdella hieman pelin eri versioista, peruskonsepti pysyy yleens\u00e4 samana.\nT\u00e4ss\u00e4 on yleinen opas Cash or Crash -pelin pelaamiseen:  <\/p>\n\n<ul>\n<li>Ilmoittautuminen.\nSinun on ehk\u00e4 rekister\u00f6idytt\u00e4v\u00e4 nettikasinolle, joka tarjoaa Cash or Crash -peli\u00e4.\nSeuraa ohjeita tilin luomiseksi.  <\/li>\n\n\n\n<li>T\u00e4ydennyst\u00e4.\nEnnen kuin aloitat pelaamisen, sinun on ladattava pelitilillesi oikeaa rahaa.\nUseimmissa tapauksissa t\u00e4m\u00e4 voidaan tehd\u00e4 eri maksutapoja k\u00e4ytt\u00e4en.  <\/li>\n\n\n\n<li>Panoksen m\u00e4\u00e4r\u00e4n valitseminen.<\/li>\n\n\n\n<li>Aloita kierros.<\/li>\n\n\n\n<li>P\u00e4\u00e4t\u00f6s er\u00e4n loppuun.\nKierroksen aikana sinulla on mahdollisuus lopettaa kierros milloin tahansa ja ker\u00e4t\u00e4 voittamasi rahat.\nJos et kuitenkaan saa kierrosta p\u00e4\u00e4t\u00f6kseen tiettyyn pisteeseen menness\u00e4, vaarana on &#8221;kaatuminen&#8221;, jolloin menet\u00e4t panoksesi.  <\/li>\n\n\n\n<li>Kaatuminen tai kierroksen p\u00e4\u00e4ttyminen.\nJossain vaiheessa kierrosta tapahtuu &#8221;kaatuminen&#8221;.\nJos olet pelannut kierroksen loppuun ennen t\u00e4t\u00e4 kohtaa, saat voittosi senhetkisen kertoimen mukaan.\nMuussa tapauksessa menet\u00e4t panoksesi.   <\/li>\n<\/ul>\n\n<p>Pelin periaate on melko yksinkertainen ja selke\u00e4, joten ymm\u00e4rr\u00e4t nopeasti, mit\u00e4 sinun on teht\u00e4v\u00e4.\nJos sinulla on ongelmia, voit tutustua ohjeisiin. <\/p>\n\n<h2 class=\"wp-block-heading\">Kuinka voittaa Cash or Crash -peliss\u00e4<\/h2>\n\n<p>Voittaminen kolikkopeleiss\u00e4, kuten kolikkopeleiss\u00e4, pokerissa, ruletissa ja blackjackissa, on usein kiinni sattumasta, ja suurin osa uhkapeleist\u00e4 perustuu sattumaan.\nOn kuitenkin olemassa joitakin strategioita ja vinkkej\u00e4, jotka voivat auttaa hallitsemaan pelikassaasi ja lis\u00e4\u00e4m\u00e4\u00e4n voittomahdollisuuksiasi suositussa Crash Cash -kasinopeliss\u00e4: <\/p>\n\n<ul>\n<li>Pankkikassan hallinta.\nM\u00e4\u00e4rit\u00e4 tappioiden raja, johon sinulla on varaa, \u00e4l\u00e4k\u00e4 ylit\u00e4 sit\u00e4.\nJaa pelikassasi pelisessioihin ja panosta vain sen verran, mit\u00e4 sinulla on varaa menett\u00e4\u00e4.  <\/li>\n\n\n\n<li>Opi perusstrategiat.\nKuten edell\u00e4 mainittiin, oikea strategia on avainasemassa uhkapelaamisessa.\nSiihen kuuluu aiempien voittojen tutkiminen, mallien etsiminen ja t\u00e4rkeimpien voittoyhdistelmien korostaminen.\nCash- tai Crash-strategia on useimmiten yksil\u00f6llinen, vaikka voitkin ottaa neuvoja ja kokeneemmilta pelaajilta.   <\/li>\n\n\n\n<li>Hy\u00f6dynn\u00e4 bonukset.\nHy\u00f6dynn\u00e4 kasinon bonukset ja kampanjat.\nOn kuitenkin t\u00e4rke\u00e4\u00e4 lukea bonuksiin liittyv\u00e4t ehdot huolellisesti.  <\/li>\n\n\n\n<li>Lue pelin s\u00e4\u00e4nn\u00f6t huolellisesti ja tutustu ohjeisiin.<\/li>\n<\/ul>\n\n<p>Noudattamalla edell\u00e4 mainittuja vinkkej\u00e4 voit lis\u00e4t\u00e4 voittomahdollisuuksiasi huomattavasti.<\/p>\n\n<h2 class=\"wp-block-heading\">Cash or Crash -pelin s\u00e4\u00e4nn\u00f6t<\/h2>\n\n<p>Pelin s\u00e4\u00e4nn\u00f6t ovat yksinkertaiset ja selke\u00e4t.\nEnsin pelaaja valitsee panostettavan summan ja aloittaa kierroksen painamalla painiketta.\nKierros alkaa alkukertoimella (esim. 1x).\nT\u00e4m\u00e4 kerroin alkaa kasvaa ajan my\u00f6t\u00e4.\nKierroksen aikana pelaajalla on tietty aika p\u00e4\u00e4tt\u00e4\u00e4, p\u00e4\u00e4tt\u00e4\u00e4k\u00f6 h\u00e4n kierroksen ja ottaa voitot.\nT\u00e4m\u00e4 voidaan tehd\u00e4 ennen kuin kerroin saavuttaa tietyn arvon, mik\u00e4 aiheuttaa &#8221;kaatumisen&#8221;.     <\/p>\n\n<p>&#8221;Crash&#8221; tapahtuu, kun kerroin saavuttaa tietyn arvon.\nJos pelaaja on suorittanut kierroksen loppuun ennen t\u00e4t\u00e4 hetke\u00e4, h\u00e4n saa voitot.\nMuussa tapauksessa panos palaa.\nJos pelaaja on suorittanut kierroksen loppuun ennen &#8221;kaatumista&#8221; ja saanut voitot, voittojen m\u00e4\u00e4r\u00e4 riippuu senhetkisest\u00e4 kertoimesta.\nJos pelaaja ei suorittanut kierrosta loppuun ennen &#8221;t\u00f6rm\u00e4yst\u00e4&#8221;, panos peruutetaan eik\u00e4 voittoja ole.    <\/p>\n\n<h2 class=\"wp-block-heading\">Promo-koodit<\/h2>\n\n<p>Cash tai Crash promo koodit ovat erityisi\u00e4 koodeja, joita pelaajat voivat sy\u00f6tt\u00e4\u00e4 saadakseen erilaisia bonuksia, etuoikeuksia ja tarjouksia.\nN\u00e4m\u00e4 koodit ovat kasinon tai pelinkehitt\u00e4jien tarjoamia, ja pelaajat voivat k\u00e4ytt\u00e4\u00e4 niit\u00e4 parantaakseen pelikokemustaan tai saadakseen lis\u00e4ominaisuuksia.\nCash or Crashin tapauksessa promokoodit voivat tarjota:  <\/p>\n\n<ol>\n<li>Bonustalletukset: lis\u00e4varoja, kun lataat pelitili\u00e4si.<\/li>\n\n\n\n<li>Ilmaiskierrokset: ilmaiskierrokset peliss\u00e4 kertoimilla.<\/li>\n\n\n\n<li>Lis\u00e4\u00e4ntyneet kertoimet: bonuskertoimet pelin aikana.<\/li>\n\n\n\n<li>Erityistapahtumat: osallistuminen erityisiin kampanjoihin ja turnauksiin.<\/li>\n<\/ol>\n\n<p>Cash or Crash -tilastot osoittavat, ett\u00e4 lis\u00e4bonusten avulla k\u00e4ytt\u00e4jill\u00e4 on paljon paremmat mahdollisuudet voittaa.\nK\u00e4ytt\u00e4\u00e4ksesi tarjouskoodia peliss\u00e4 &#8221;Cash or Crash&#8221;, sinun on yleens\u00e4 kirjauduttava tilillesi kasinolla, ment\u00e4v\u00e4 kohtaan &#8221;Tarjouskoodit&#8221; tai &#8221;Bonukset&#8221; ja sy\u00f6tett\u00e4v\u00e4 sopiva koodi.\nT\u00e4m\u00e4n j\u00e4lkeen t\u00e4m\u00e4n toiminnon tarjoamat bonukset hyvitet\u00e4\u00e4n automaattisesti tilillesi.  <\/p>\n\n<p>On t\u00e4rke\u00e4\u00e4 muistaa, ett\u00e4 tarjouskoodeilla voi olla rajoitettu voimassaoloaika tai tietyt k\u00e4ytt\u00f6ehdot.\nEnnen tarjouskoodin sy\u00f6tt\u00e4mist\u00e4 on t\u00e4rke\u00e4\u00e4 lukea ehdot huolellisesti v\u00e4\u00e4rink\u00e4sitysten v\u00e4ltt\u00e4miseksi ja tarjottujen bonusten hy\u00f6dynt\u00e4miseksi t\u00e4ysim\u00e4\u00e4r\u00e4isesti. <\/p>\n\n<h2 class=\"wp-block-heading\">Suosittelut<\/h2>\n\n<p>Seuraavassa on joitakin arvosteluja k\u00e4ytt\u00e4jilt\u00e4, jotka ovat kokeneet t\u00e4m\u00e4n suositun uhkapelin edut:<\/p>\n","protected":false},"excerpt":{"rendered":"<p>Cash or Crash on peli, jolla on suuri kysynt\u00e4 uhkapelisovellusten, suurten panosten ja riskien yst\u00e4vien keskuudessa. Se on loistava vaihtoehto pit\u00e4\u00e4 hauskaa ja kokeilla onneasi. Cash or Crash on Android-sovellus, jossa pelaajat voivat ly\u00f6d\u00e4 vetoa erilaisista tapahtumista, joiden lopputulos m\u00e4\u00e4r\u00e4ytyy satunnaisesti. Aloittaaksesi pelaamisen sinun tarvitsee vain ladata sovellus One Winin viralliselta vedonly\u00f6ntisivustolta, rekister\u00f6ity\u00e4 tai kirjautua [&hellip;]<\/p>\n","protected":false},"author":2,"featured_media":0,"parent":0,"menu_order":0,"comment_status":"open","ping_status":"closed","template":"","meta":{"footnotes":""},"yoast_head":"<!-- This site is optimized with the Yoast SEO plugin v21.7 - https:\/\/yoast.com\/wordpress\/plugins\/seo\/ -->\n<title>Cash or Crash kasinopeli, lataa<\/title>\n<meta name=\"description\" content=\"Yleiskatsaus Cash or Crash -peliin, joka on maailmanlaajuisesti suosittu peli. Tutustu pelin t\u00e4rkeimpiin ominaisuuksiin, etuihin, pelis\u00e4\u00e4nt\u00f6ihin ja suurten voittojen salaisuuksiin. Lataa peli ja nauti hauskanpidosta yst\u00e4viesi kanssa.\" \/>\n<meta name=\"robots\" content=\"index, follow, max-snippet:-1, max-image-preview:large, max-video-preview:-1\" \/>\n<link rel=\"canonical\" href=\"https:\/\/aviator-crash.org\/fi\/pelaa-kateista-tai-kaadu\/\" \/>\n<meta property=\"og:locale\" content=\"fi_FI\" \/>\n<meta property=\"og:type\" content=\"article\" \/>\n<meta property=\"og:title\" content=\"Cash or Crash kasinopeli, lataa\" \/>\n<meta property=\"og:description\" content=\"Yleiskatsaus Cash or Crash -peliin, joka on maailmanlaajuisesti suosittu peli. Tutustu pelin t\u00e4rkeimpiin ominaisuuksiin, etuihin, pelis\u00e4\u00e4nt\u00f6ihin ja suurten voittojen salaisuuksiin. Lataa peli ja nauti hauskanpidosta yst\u00e4viesi kanssa.\" \/>\n<meta property=\"og:url\" content=\"https:\/\/aviator-crash.org\/fi\/pelaa-kateista-tai-kaadu\/\" \/>\n<meta property=\"article:modified_time\" content=\"2024-02-02T19:33:56+00:00\" \/>\n<meta property=\"og:image\" content=\"https:\/\/aviator-crash.org\/wp-content\/uploads\/2024\/01\/cash-or-crash-live-1200x584-1-1024x498.jpeg\" \/>\n<meta name=\"twitter:card\" content=\"summary_large_image\" \/>\n<meta name=\"twitter:label1\" content=\"Est. reading time\" \/>\n\t<meta name=\"twitter:data1\" content=\"5 minuuttia\" \/>\n<script type=\"application\/ld+json\" class=\"yoast-schema-graph\">{\"@context\":\"https:\/\/schema.org\",\"@graph\":[{\"@type\":\"WebPage\",\"@id\":\"https:\/\/aviator-crash.org\/fi\/pelaa-kateista-tai-kaadu\/\",\"url\":\"https:\/\/aviator-crash.org\/fi\/pelaa-kateista-tai-kaadu\/\",\"name\":\"Cash or Crash kasinopeli, lataa\",\"isPartOf\":{\"@id\":\"https:\/\/aviator-crash.org\/fi\/#website\"},\"datePublished\":\"2023-12-27T19:58:01+00:00\",\"dateModified\":\"2024-02-02T19:33:56+00:00\",\"description\":\"Yleiskatsaus Cash or Crash -peliin, joka on maailmanlaajuisesti suosittu peli. Tutustu pelin t\u00e4rkeimpiin ominaisuuksiin, etuihin, pelis\u00e4\u00e4nt\u00f6ihin ja suurten voittojen salaisuuksiin. Lataa peli ja nauti hauskanpidosta yst\u00e4viesi kanssa.\",\"breadcrumb\":{\"@id\":\"https:\/\/aviator-crash.org\/fi\/pelaa-kateista-tai-kaadu\/#breadcrumb\"},\"inLanguage\":\"fi\",\"potentialAction\":[{\"@type\":\"ReadAction\",\"target\":[\"https:\/\/aviator-crash.org\/fi\/pelaa-kateista-tai-kaadu\/\"]}]},{\"@type\":\"BreadcrumbList\",\"@id\":\"https:\/\/aviator-crash.org\/fi\/pelaa-kateista-tai-kaadu\/#breadcrumb\",\"itemListElement\":[{\"@type\":\"ListItem\",\"position\":1,\"name\":\"Home\",\"item\":\"https:\/\/aviator-crash.org\/fi\/aviator-peli-verkossa-oikealla-rahalla\/\"},{\"@type\":\"ListItem\",\"position\":2,\"name\":\"Pelaa k\u00e4teist\u00e4 tai kaadu\"}]},{\"@type\":\"WebSite\",\"@id\":\"https:\/\/aviator-crash.org\/fi\/#website\",\"url\":\"https:\/\/aviator-crash.org\/fi\/\",\"name\":\"\",\"description\":\"\",\"potentialAction\":[{\"@type\":\"SearchAction\",\"target\":{\"@type\":\"EntryPoint\",\"urlTemplate\":\"https:\/\/aviator-crash.org\/fi\/?s={search_term_string}\"},\"query-input\":\"required name=search_term_string\"}],\"inLanguage\":\"fi\"}]}<\/script>\n<!-- \/ Yoast SEO plugin. -->","yoast_head_json":{"title":"Cash or Crash kasinopeli, lataa","description":"Yleiskatsaus Cash or Crash -peliin, joka on maailmanlaajuisesti suosittu peli. Tutustu pelin t\u00e4rkeimpiin ominaisuuksiin, etuihin, pelis\u00e4\u00e4nt\u00f6ihin ja suurten voittojen salaisuuksiin. Lataa peli ja nauti hauskanpidosta yst\u00e4viesi kanssa.","robots":{"index":"index","follow":"follow","max-snippet":"max-snippet:-1","max-image-preview":"max-image-preview:large","max-video-preview":"max-video-preview:-1"},"canonical":"https:\/\/aviator-crash.org\/fi\/pelaa-kateista-tai-kaadu\/","og_locale":"fi_FI","og_type":"article","og_title":"Cash or Crash kasinopeli, lataa","og_description":"Yleiskatsaus Cash or Crash -peliin, joka on maailmanlaajuisesti suosittu peli. Tutustu pelin t\u00e4rkeimpiin ominaisuuksiin, etuihin, pelis\u00e4\u00e4nt\u00f6ihin ja suurten voittojen salaisuuksiin. Lataa peli ja nauti hauskanpidosta yst\u00e4viesi kanssa.","og_url":"https:\/\/aviator-crash.org\/fi\/pelaa-kateista-tai-kaadu\/","article_modified_time":"2024-02-02T19:33:56+00:00","og_image":[{"url":"https:\/\/aviator-crash.org\/wp-content\/uploads\/2024\/01\/cash-or-crash-live-1200x584-1-1024x498.jpeg"}],"twitter_card":"summary_large_image","twitter_misc":{"Est. reading time":"5 minuuttia"},"schema":{"@context":"https:\/\/schema.org","@graph":[{"@type":"WebPage","@id":"https:\/\/aviator-crash.org\/fi\/pelaa-kateista-tai-kaadu\/","url":"https:\/\/aviator-crash.org\/fi\/pelaa-kateista-tai-kaadu\/","name":"Cash or Crash kasinopeli, lataa","isPartOf":{"@id":"https:\/\/aviator-crash.org\/fi\/#website"},"datePublished":"2023-12-27T19:58:01+00:00","dateModified":"2024-02-02T19:33:56+00:00","description":"Yleiskatsaus Cash or Crash -peliin, joka on maailmanlaajuisesti suosittu peli. Tutustu pelin t\u00e4rkeimpiin ominaisuuksiin, etuihin, pelis\u00e4\u00e4nt\u00f6ihin ja suurten voittojen salaisuuksiin. Lataa peli ja nauti hauskanpidosta yst\u00e4viesi kanssa.","breadcrumb":{"@id":"https:\/\/aviator-crash.org\/fi\/pelaa-kateista-tai-kaadu\/#breadcrumb"},"inLanguage":"fi","potentialAction":[{"@type":"ReadAction","target":["https:\/\/aviator-crash.org\/fi\/pelaa-kateista-tai-kaadu\/"]}]},{"@type":"BreadcrumbList","@id":"https:\/\/aviator-crash.org\/fi\/pelaa-kateista-tai-kaadu\/#breadcrumb","itemListElement":[{"@type":"ListItem","position":1,"name":"Home","item":"https:\/\/aviator-crash.org\/fi\/aviator-peli-verkossa-oikealla-rahalla\/"},{"@type":"ListItem","position":2,"name":"Pelaa k\u00e4teist\u00e4 tai kaadu"}]},{"@type":"WebSite","@id":"https:\/\/aviator-crash.org\/fi\/#website","url":"https:\/\/aviator-crash.org\/fi\/","name":"","description":"","potentialAction":[{"@type":"SearchAction","target":{"@type":"EntryPoint","urlTemplate":"https:\/\/aviator-crash.org\/fi\/?s={search_term_string}"},"query-input":"required name=search_term_string"}],"inLanguage":"fi"}]}},"_links":{"self":[{"href":"https:\/\/aviator-crash.org\/fi\/wp-json\/wp\/v2\/pages\/3036"}],"collection":[{"href":"https:\/\/aviator-crash.org\/fi\/wp-json\/wp\/v2\/pages"}],"about":[{"href":"https:\/\/aviator-crash.org\/fi\/wp-json\/wp\/v2\/types\/page"}],"author":[{"embeddable":true,"href":"https:\/\/aviator-crash.org\/fi\/wp-json\/wp\/v2\/users\/2"}],"replies":[{"embeddable":true,"href":"https:\/\/aviator-crash.org\/fi\/wp-json\/wp\/v2\/comments?post=3036"}],"version-history":[{"count":1,"href":"https:\/\/aviator-crash.org\/fi\/wp-json\/wp\/v2\/pages\/3036\/revisions"}],"predecessor-version":[{"id":3038,"href":"https:\/\/aviator-crash.org\/fi\/wp-json\/wp\/v2\/pages\/3036\/revisions\/3038"}],"wp:attachment":[{"href":"https:\/\/aviator-crash.org\/fi\/wp-json\/wp\/v2\/media?parent=3036"}],"curies":[{"name":"wp","href":"https:\/\/api.w.org\/{rel}","templated":true}]}}