{"id":3102,"date":"2023-12-27T19:12:26","date_gmt":"2023-12-27T19:12:26","guid":{"rendered":"https:\/\/aviator-crash.org\/nopeat-kateispelit-verkossa-peruuttamisen-kanssa\/"},"modified":"2024-02-02T19:41:02","modified_gmt":"2024-02-02T19:41:02","slug":"nopeat-kateispelit-verkossa-peruuttamisen-kanssa","status":"publish","type":"page","link":"https:\/\/aviator-crash.org\/fi\/nopeat-kateispelit-verkossa-peruuttamisen-kanssa\/","title":{"rendered":"Nopeat k\u00e4teispelit verkossa peruuttamisen kanssa"},"content":{"rendered":"\n<figure class=\"wp-block-gallery has-nested-images columns-default is-cropped wp-block-gallery-1 is-layout-flex wp-block-gallery-is-layout-flex\">\n<figure class=\"wp-block-image size-large\"><span itemprop=\"image\" itemscope itemtype=\"https:\/\/schema.org\/ImageObject\"><img itemprop=\"url image\" loading=\"lazy\" decoding=\"async\" width=\"683\" height=\"600\" data-id=\"460\" src=\"https:\/\/aviator-crash.org\/wp-content\/uploads\/2024\/01\/aviator-minigame-logo-4.png\" alt=\"\" class=\"wp-image-460\" srcset=\"https:\/\/aviator-crash.org\/wp-content\/uploads\/2024\/01\/aviator-minigame-logo-4.png 683w, https:\/\/aviator-crash.org\/wp-content\/uploads\/2024\/01\/aviator-minigame-logo-4-300x264.png 300w\" sizes=\"(max-width: 683px) 100vw, 683px\" \/><meta itemprop=\"width\" content=\"683\"><meta itemprop=\"height\" content=\"600\"><\/span><\/figure>\n<\/figure>\n\n<p>Crash-pelit ilmestyiv\u00e4t 2000-luvun alussa.\nViime vuosina niist\u00e4 on kuitenkin tullut yh\u00e4 suositumpia.\nNopeaan rahan ansaitsemiseen tarkoitettuja pelej\u00e4 esitell\u00e4\u00e4n l\u00e4hes kaikilla nettikasinoilla.\nJokainen kierros on j\u00e4nnitt\u00e4v\u00e4 ja t\u00e4ynn\u00e4 adrenaliinia.\nNopeille peleille on ominaista yksinkertainen pelattavuus: kerroin kasvaa, vastaavasti voitot kasvavat, sinun on onnistuttava ottamaan rahat ennen katastrofia.    <\/p>\n\n<h2 class=\"wp-block-heading\">Crash peli rahaa peruuttaminen<\/h2>\n\n<p>Nopeat voitot uhkapeleiss\u00e4 ovat eritt\u00e4in houkuttelevia pelaajille.\nK\u00e4ytt\u00e4j\u00e4n on seurattava huolellisesti pelisuunnitelmaa ja painettava nappia sill\u00e4 hetkell\u00e4, kun h\u00e4nen intuitionsa kehottaa h\u00e4nt\u00e4.\nPeli, jossa on nopea rahan nosto, on todellinen, sen ovat vahvistaneet pelaajat ymp\u00e4ri maailmaa.  <\/p>\n\n<p>Periaate on hyvin yksinkertainen: pelaaja asettaa panoksen, jonka j\u00e4lkeen kerroin kasvaa.\nKukaan ei tied\u00e4, miss\u00e4 vaiheessa kierros p\u00e4\u00e4ttyy.\nNopea rahan ansaitseminen uhkapeleiss\u00e4 on mahdollista, jos intuition ansiosta painat nappia ennen katastrofia.\nVoitto on vedon ja kertoimen tulo, jonka kohdalla peli pys\u00e4htyy.\nJos k\u00e4ytt\u00e4j\u00e4ll\u00e4 ei ollut aikaa &#8211; kasino voitti.\nMit\u00e4 pidempi kierros, sit\u00e4 suurempi riski.\nMutta samalla on enemm\u00e4n mahdollisuuksia voittaa.      <\/p>\n\n<p>Crash peli rahaa perustuu GSC, joka on mahdotonta voittaa.\nMy\u00f6sk\u00e4\u00e4n erilaiset hakkerointiohjelmat tai petolliset j\u00e4rjestelm\u00e4t eiv\u00e4t auta.\nCrash-pelien rehellisyys voidaan todistaa, kuka tahansa k\u00e4ytt\u00e4j\u00e4 voi tarkistaa sen.  <\/p>\n\n<h2 class=\"wp-block-heading\">Pelaa Aviator (lent\u00e4v\u00e4 lentokone) rahaa varten<\/h2>\n\n<p>Minirahan nostopelit ovat eritt\u00e4in suosittuja.\nYksi tunnetuimmista on Aviator.\nSuunnittelu on hyvin yksinkertainen.\nTummalla taustalla on korkeutta saavia lentokoneita.\nMit\u00e4 korkeammalla se on &#8211; sit\u00e4 suurempi kerroin.\nHaluttaessa animaatio on mahdollista poistaa k\u00e4yt\u00f6st\u00e4.\nT\u00e4ll\u00f6in k\u00e4ytt\u00e4j\u00e4 n\u00e4kee edess\u00e4\u00e4n vain kasvavan kertoimen.\nLaskentakerroin alkaa yhdest\u00e4, sen nousu on ep\u00e4tasaista.\nVain muutama sekunti riitt\u00e4\u00e4 siihen, ett\u00e4 se kasvaa viisi- tai satakertaiseksi.\nKierroksen kesto voi olla erilainen, ja kokonainen sekunti ja pieni murto-osa.\nHalutessaan uhkapeluri suorittaa automaattisen pelaamisen, riitt\u00e4\u00e4, ett\u00e4 h\u00e4n asettaa panoksen ja kertoimen kierroksen p\u00e4\u00e4tt\u00e4miseksi.\nVoit tutustua muiden k\u00e4ytt\u00e4jien aiempiin vetoihin ja tuloksiin Live-tilastojen ansiosta.           <\/p>\n\n<h2 class=\"wp-block-heading\">Crash-peli &#8211; Lucky Jet<\/h2>\n\n<figure class=\"wp-block-gallery has-nested-images columns-default is-cropped wp-block-gallery-2 is-layout-flex wp-block-gallery-is-layout-flex\">\n<figure class=\"wp-block-image size-large\"><span itemprop=\"image\" itemscope itemtype=\"https:\/\/schema.org\/ImageObject\"><img itemprop=\"url image\" loading=\"lazy\" decoding=\"async\" width=\"1024\" height=\"509\" data-id=\"448\" src=\"https:\/\/aviator-crash.org\/wp-content\/uploads\/2024\/01\/lucky-jet_1-1024x509.jpg\" alt=\"\" class=\"wp-image-448\" srcset=\"https:\/\/aviator-crash.org\/wp-content\/uploads\/2024\/01\/lucky-jet_1-1024x509.jpg 1024w, https:\/\/aviator-crash.org\/wp-content\/uploads\/2024\/01\/lucky-jet_1-300x149.jpg 300w, https:\/\/aviator-crash.org\/wp-content\/uploads\/2024\/01\/lucky-jet_1-768x382.jpg 768w, https:\/\/aviator-crash.org\/wp-content\/uploads\/2024\/01\/lucky-jet_1.jpg 1093w\" sizes=\"(max-width: 1024px) 100vw, 1024px\" \/><meta itemprop=\"width\" content=\"1024\"><meta itemprop=\"height\" content=\"509\"><\/span><\/figure>\n<\/figure>\n\n<p>Crash pelej\u00e4 rahaa bonus on erilainen juoni.\nNetiss\u00e4 voit kokeilla onneasi Lucky Jet -peliss\u00e4, jossa p\u00e4\u00e4henkil\u00f6 Joe yritt\u00e4\u00e4 lent\u00e4\u00e4 pois mukanaan rahakassillinen rahaa.\nCrash-peliss\u00e4 rahasta on yksinkertaiset s\u00e4\u00e4nn\u00f6t.\nSinun on valittava panos ja sinulla on aikaa sen lunastamiseen.\nJos et tee sit\u00e4 ajoissa, rahat palavat.\nKertoimet riippuvat siit\u00e4, kuinka kauan Joe pysyy ilmassa.     <\/p>\n\n<p>Maksimikerroin on 100, ja joissakin pelilaitoksissa se on kaksinkertainen.\nVoittaminen riippuu vain pelaajan intuitiosta, kun h\u00e4n p\u00e4\u00e4tt\u00e4\u00e4, milloin painaa nappia. <\/p>\n\n<h2 class=\"wp-block-heading\">Crash-peli &#8211; Jet X<\/h2>\n\n<figure class=\"wp-block-gallery has-nested-images columns-default is-cropped wp-block-gallery-3 is-layout-flex wp-block-gallery-is-layout-flex\">\n<figure class=\"wp-block-image size-large\"><span itemprop=\"image\" itemscope itemtype=\"https:\/\/schema.org\/ImageObject\"><img itemprop=\"url image\" loading=\"lazy\" decoding=\"async\" width=\"1024\" height=\"621\" data-id=\"451\" src=\"https:\/\/aviator-crash.org\/wp-content\/uploads\/2024\/01\/jetx-game-9-1024x621-1.png\" alt=\"\" class=\"wp-image-451\" srcset=\"https:\/\/aviator-crash.org\/wp-content\/uploads\/2024\/01\/jetx-game-9-1024x621-1.png 1024w, https:\/\/aviator-crash.org\/wp-content\/uploads\/2024\/01\/jetx-game-9-1024x621-1-300x182.png 300w, https:\/\/aviator-crash.org\/wp-content\/uploads\/2024\/01\/jetx-game-9-1024x621-1-768x466.png 768w\" sizes=\"(max-width: 1024px) 100vw, 1024px\" \/><meta itemprop=\"width\" content=\"1024\"><meta itemprop=\"height\" content=\"621\"><\/span><\/figure>\n<\/figure>\n\n<p>Nopean rahan peleiss\u00e4 k\u00e4ytet\u00e4\u00e4n usein ajoneuvoa p\u00e4\u00e4henkil\u00f6n\u00e4.\nJet X -peliss\u00e4 sinun on seurattava suihkukoneen liikkeit\u00e4.\nJossain vaiheessa se kuitenkin sy\u00f6ksyy maahan ja katoaa tutkasta.\nJa sit\u00e4 ennen k\u00e4ytt\u00e4j\u00e4n on harkiten painettava nostonappia.\nMuuten kasino voittaa.    <\/p>\n\n<p>Peli on yksi parhaista, sit\u00e4 esitell\u00e4\u00e4n monilla kasinoilla.\nK\u00e4ytt\u00e4j\u00e4 n\u00e4kee edess\u00e4\u00e4n tutkan\u00e4yt\u00f6n, jossa n\u00e4kyy lentokone ja kerroin.\nSe kasvaa, kun lentokone nousee ilmaan.\nEi suotta Jet X kuuluu luokkaan &#8221;Pelit, joissa on nopea kotiutus&#8221;, kierros kest\u00e4\u00e4 korkeintaan pari minuuttia.   <\/p>\n\n<p>Sivukentiss\u00e4 k\u00e4ytt\u00e4j\u00e4 n\u00e4kee aiemmilla kierroksilla saadut tulokset.\nLis\u00e4ksi n\u00e4ytet\u00e4\u00e4n kaikkien k\u00e4ytt\u00e4jien todelliset tilastot.\nPelaaja voi tehd\u00e4 kaksi panosta kierrosta kohden, tarvittaessa automaattinen kotiutus aktivoituu.\nPutoaminen tapahtuu milloin tahansa, vaikka h\u00e4vitt\u00e4j\u00e4 olisi juuri alkanut saada korkeutta.\nTietosivustot ilmoittavat maksimikertoimeksi x25000, mutta sit\u00e4 ei ole viel\u00e4 saavuttanut yksik\u00e4\u00e4n uhkapeluri.    <\/p>\n\n<h2 class=\"wp-block-heading\">Peli kaatuu &#8211; Rocket X<\/h2>\n\n<figure class=\"wp-block-gallery has-nested-images columns-default is-cropped wp-block-gallery-4 is-layout-flex wp-block-gallery-is-layout-flex\">\n<figure class=\"wp-block-image size-large\"><span itemprop=\"image\" itemscope itemtype=\"https:\/\/schema.org\/ImageObject\"><img itemprop=\"url image\" loading=\"lazy\" decoding=\"async\" width=\"1024\" height=\"448\" data-id=\"453\" src=\"https:\/\/aviator-crash.org\/wp-content\/uploads\/2024\/01\/screenshot-2022-11-29-at-12.55.42-1024x448.jpg\" alt=\"\" class=\"wp-image-453\" srcset=\"https:\/\/aviator-crash.org\/wp-content\/uploads\/2024\/01\/screenshot-2022-11-29-at-12.55.42-1024x448.jpg 1024w, https:\/\/aviator-crash.org\/wp-content\/uploads\/2024\/01\/screenshot-2022-11-29-at-12.55.42-300x131.jpg 300w, https:\/\/aviator-crash.org\/wp-content\/uploads\/2024\/01\/screenshot-2022-11-29-at-12.55.42-768x336.jpg 768w, https:\/\/aviator-crash.org\/wp-content\/uploads\/2024\/01\/screenshot-2022-11-29-at-12.55.42-1536x673.jpg 1536w, https:\/\/aviator-crash.org\/wp-content\/uploads\/2024\/01\/screenshot-2022-11-29-at-12.55.42-2048x897.jpg 2048w\" sizes=\"(max-width: 1024px) 100vw, 1024px\" \/><meta itemprop=\"width\" content=\"1024\"><meta itemprop=\"height\" content=\"448\"><\/span><\/figure>\n<\/figure>\n\n<p>K\u00e4ytt\u00e4j\u00e4 seuraa raketin nousua ilmaan.\nH\u00e4n voi asettaa panoksen 0,1:st\u00e4 140:een.\nMit\u00e4 kauemmin lento kest\u00e4\u00e4 &#8211; sit\u00e4 korkeampi kerroin.\nPelaaja voi muokata peli\u00e4 itselleen sopivaksi, k\u00e4ytt\u00e4\u00e4 automaattista panostusta ja kotiutusta.\nT\u00f6rm\u00e4yspeli vaatii minimaaliset asetukset.\nSen j\u00e4lkeen k\u00e4ytt\u00e4j\u00e4 voi nauttia n\u00e4ytt\u00e4v\u00e4st\u00e4 prosessista: raketin laukaisun j\u00e4lkeen n\u00e4kyy kirkas pilvi, my\u00f6s kerroin kasvaa.\nAutomaattisen kotiutuksen puuttuessa pelaaja valitsee itse kierroksen p\u00e4\u00e4ttymisajankohdan.\nJos h\u00e4n ei ehtinyt tehd\u00e4 t\u00e4t\u00e4 ennen r\u00e4j\u00e4hdyst\u00e4, h\u00e4n j\u00e4\u00e4 tappiolle.\nVoittajaksi on mahdollista tulla, jos k\u00e4yt\u00e4t erilaisia strategioita ja taktiikoita.        <\/p>\n\n<h2 class=\"wp-block-heading\">Crash-peli &#8211; Space XY<\/h2>\n\n<figure class=\"wp-block-gallery has-nested-images columns-default is-cropped wp-block-gallery-5 is-layout-flex wp-block-gallery-is-layout-flex\">\n<figure class=\"wp-block-image size-large\"><span itemprop=\"image\" itemscope itemtype=\"https:\/\/schema.org\/ImageObject\"><img itemprop=\"url image\" loading=\"lazy\" decoding=\"async\" width=\"1024\" height=\"577\" data-id=\"455\" src=\"https:\/\/aviator-crash.org\/wp-content\/uploads\/2024\/01\/spacexy-gameplay-screen-1024x577-1.webp\" alt=\"\" class=\"wp-image-455\" srcset=\"https:\/\/aviator-crash.org\/wp-content\/uploads\/2024\/01\/spacexy-gameplay-screen-1024x577-1.webp 1024w, https:\/\/aviator-crash.org\/wp-content\/uploads\/2024\/01\/spacexy-gameplay-screen-1024x577-1-300x169.webp 300w, https:\/\/aviator-crash.org\/wp-content\/uploads\/2024\/01\/spacexy-gameplay-screen-1024x577-1-768x433.webp 768w\" sizes=\"(max-width: 1024px) 100vw, 1024px\" \/><meta itemprop=\"width\" content=\"1024\"><meta itemprop=\"height\" content=\"577\"><\/span><\/figure>\n<\/figure>\n\n<p>Crash-pelill\u00e4 rahasta on ainutlaatuiset ominaisuudet.\nAvaruusteema tekee siit\u00e4 mielenkiintoisemman ja houkuttelevamman pelaajille.\nAvaruusalukset, galaksit, muukalaisolennot, kaikki t\u00e4m\u00e4 yhdistettyn\u00e4 kirkkaaseen animaatioon ja grafiikkaan antaa sinulle mahdollisuuden uppoutua t\u00e4ysin uhkapelien maailmaan.\nSpace XY &#8211; kaikkein paras peli nopealla kotiutuksella, siin\u00e4 on voittoyhdistelmi\u00e4 ja bonusominaisuuksia.\nL\u00f6yd\u00e4t sen eri nettikasinoilta, joten Crash-peli on laajan yleis\u00f6n saatavilla.\nVoit pelata oikealla rahalla tai virtuaalisilla pelimerkeill\u00e4, sinun tarvitsee vain ajaa demotila.     <\/p>\n\n<h2 class=\"wp-block-heading\">Pikapeli &#8211; Cash or Crash<\/h2>\n\n<figure class=\"wp-block-gallery has-nested-images columns-default is-cropped wp-block-gallery-6 is-layout-flex wp-block-gallery-is-layout-flex\">\n<figure class=\"wp-block-image size-large\"><span itemprop=\"image\" itemscope itemtype=\"https:\/\/schema.org\/ImageObject\"><img itemprop=\"url image\" loading=\"lazy\" decoding=\"async\" width=\"1024\" height=\"576\" data-id=\"457\" src=\"https:\/\/aviator-crash.org\/wp-content\/uploads\/2024\/01\/cash-or-crash-evolution-live-games-hollywoodbets-1024x576-1.jpg\" alt=\"\" class=\"wp-image-457\" srcset=\"https:\/\/aviator-crash.org\/wp-content\/uploads\/2024\/01\/cash-or-crash-evolution-live-games-hollywoodbets-1024x576-1.jpg 1024w, https:\/\/aviator-crash.org\/wp-content\/uploads\/2024\/01\/cash-or-crash-evolution-live-games-hollywoodbets-1024x576-1-300x169.jpg 300w, https:\/\/aviator-crash.org\/wp-content\/uploads\/2024\/01\/cash-or-crash-evolution-live-games-hollywoodbets-1024x576-1-768x432.jpg 768w\" sizes=\"(max-width: 1024px) 100vw, 1024px\" \/><meta itemprop=\"width\" content=\"1024\"><meta itemprop=\"height\" content=\"576\"><\/span><\/figure>\n<\/figure>\n\n<p>Pelaaja l\u00f6yt\u00e4\u00e4 itsens\u00e4 ilmalaivasta, joka liikkuu valtavan metropolin yll\u00e4.\nK\u00e4ytt\u00e4j\u00e4 n\u00e4kee laitteen, jossa palloja sekoitetaan.\nK\u00e4yt\u00f6ss\u00e4 on kahdeksan punaista, 19 vihre\u00e4\u00e4 ja yksi kultainen pallo.\nPelaajan t\u00e4ytyy liikkua portaita yl\u00f6sp\u00e4in.\nT\u00e4t\u00e4 varten h\u00e4nen on ker\u00e4tt\u00e4v\u00e4 vihreit\u00e4 palloja.\nJos punainen pallo putoaa, kierros on ohi.\nKultaista palloa voi k\u00e4ytt\u00e4\u00e4 puolustautumiseen, se antaa lis\u00e4el\u00e4m\u00e4n.      <\/p>\n\n<p>Kun kilpi on rikkoutunut tai vihre\u00e4 pallo on pudonnut, pelaaja voi jatkaa peli\u00e4 ja saada t\u00e4ydet voitot tai lopettaa kierroksen.\nH\u00e4nell\u00e4 on my\u00f6s mahdollisuus nostaa puolet rahoista, ja j\u00e4ljell\u00e4 olevalla summalla h\u00e4n voi jatkaa peli\u00e4.\nPelaaja joutuu k\u00e4ym\u00e4\u00e4n l\u00e4pi kaksikymment\u00e4 tasoa.\nNiist\u00e4 ensimm\u00e4isell\u00e4 kerroin on 1,2x, ja tikapuiden huipulla se on 18000x.\nPelaajalle riitt\u00e4\u00e4, ett\u00e4 h\u00e4n panostaa 5 dollaria saadakseen tulokseksi 90000.    <\/p>\n\n<p>Lataa peli, jossa on nopea nosto rahaa on saatavilla online-kasinot.\nOn v\u00e4ltt\u00e4m\u00e4t\u00f6nt\u00e4 valita luotettava palvelu, jolla on lisenssi, se takaa s\u00e4\u00e4ntelyviranomaisen s\u00e4\u00e4nt\u00f6jen noudattamisen.\nT\u00e4m\u00e4 tarkoittaa, ett\u00e4 kasinolla on rahaa maksaa voittajille suuria summia, se k\u00e4y jatkuvasti l\u00e4pi sis\u00e4isi\u00e4 tarkastuksia ja ohjelmistotarkastuksia.\nOn t\u00e4rke\u00e4\u00e4 tutkia arvosteluja ja laitoksen verkkosivustoa.\nJos k\u00e4ytt\u00e4j\u00e4 putoaa vilpilliselle sivustolle, h\u00e4n ei saa viihdett\u00e4 bonuksella ja voitoilla, vaan menett\u00e4\u00e4 henkil\u00f6kohtaisia tietoja tai tartuttaa laitteeseen viruksia.    <\/p>\n","protected":false},"excerpt":{"rendered":"<p>Crash-pelit ilmestyiv\u00e4t 2000-luvun alussa. Viime vuosina niist\u00e4 on kuitenkin tullut yh\u00e4 suositumpia. Nopeaan rahan ansaitsemiseen tarkoitettuja pelej\u00e4 esitell\u00e4\u00e4n l\u00e4hes kaikilla nettikasinoilla. Jokainen kierros on j\u00e4nnitt\u00e4v\u00e4 ja t\u00e4ynn\u00e4 adrenaliinia. Nopeille peleille on ominaista yksinkertainen pelattavuus: kerroin kasvaa, vastaavasti voitot kasvavat, sinun on onnistuttava ottamaan rahat ennen katastrofia. Crash peli rahaa peruuttaminen Nopeat voitot uhkapeleiss\u00e4 ovat eritt\u00e4in [&hellip;]<\/p>\n","protected":false},"author":2,"featured_media":0,"parent":0,"menu_order":0,"comment_status":"closed","ping_status":"closed","template":"","meta":{"footnotes":""},"yoast_head":"<!-- This site is optimized with the Yoast SEO plugin v21.7 - https:\/\/yoast.com\/wordpress\/plugins\/seo\/ -->\n<title>Crash Games for money (nopea online Crash Game rahan nostolla)<\/title>\n<meta name=\"description\" content=\"Crash-pelit ovat suosittuja, koska ne tarjoavat mahdollisuuden nopeaan rahan ansaitsemiseen. Rahapeleille, joissa on crash, ovat ominaisia yksinkertaiset s\u00e4\u00e4nn\u00f6t. Samalla ne ovat hyvin j\u00e4nnitt\u00e4vi\u00e4 ja uhkapelim\u00e4isi\u00e4.\" \/>\n<meta name=\"robots\" content=\"index, follow, max-snippet:-1, max-image-preview:large, max-video-preview:-1\" \/>\n<link rel=\"canonical\" href=\"https:\/\/aviator-crash.org\/fi\/nopeat-kateispelit-verkossa-peruuttamisen-kanssa\/\" \/>\n<meta property=\"og:locale\" content=\"fi_FI\" \/>\n<meta property=\"og:type\" content=\"article\" \/>\n<meta property=\"og:title\" content=\"Crash Games for money (nopea online Crash Game rahan nostolla)\" \/>\n<meta property=\"og:description\" content=\"Crash-pelit ovat suosittuja, koska ne tarjoavat mahdollisuuden nopeaan rahan ansaitsemiseen. Rahapeleille, joissa on crash, ovat ominaisia yksinkertaiset s\u00e4\u00e4nn\u00f6t. Samalla ne ovat hyvin j\u00e4nnitt\u00e4vi\u00e4 ja uhkapelim\u00e4isi\u00e4.\" \/>\n<meta property=\"og:url\" content=\"https:\/\/aviator-crash.org\/fi\/nopeat-kateispelit-verkossa-peruuttamisen-kanssa\/\" \/>\n<meta property=\"article:modified_time\" content=\"2024-02-02T19:41:02+00:00\" \/>\n<meta property=\"og:image\" content=\"https:\/\/aviator-crash.org\/wp-content\/uploads\/2024\/01\/aviator-minigame-logo-4.png\" \/>\n<meta name=\"twitter:card\" content=\"summary_large_image\" \/>\n<meta name=\"twitter:label1\" content=\"Est. reading time\" \/>\n\t<meta name=\"twitter:data1\" content=\"5 minuuttia\" \/>\n<script type=\"application\/ld+json\" class=\"yoast-schema-graph\">{\"@context\":\"https:\/\/schema.org\",\"@graph\":[{\"@type\":\"WebPage\",\"@id\":\"https:\/\/aviator-crash.org\/fi\/nopeat-kateispelit-verkossa-peruuttamisen-kanssa\/\",\"url\":\"https:\/\/aviator-crash.org\/fi\/nopeat-kateispelit-verkossa-peruuttamisen-kanssa\/\",\"name\":\"Crash Games for money (nopea online Crash Game rahan nostolla)\",\"isPartOf\":{\"@id\":\"https:\/\/aviator-crash.org\/fi\/#website\"},\"datePublished\":\"2023-12-27T19:12:26+00:00\",\"dateModified\":\"2024-02-02T19:41:02+00:00\",\"description\":\"Crash-pelit ovat suosittuja, koska ne tarjoavat mahdollisuuden nopeaan rahan ansaitsemiseen. Rahapeleille, joissa on crash, ovat ominaisia yksinkertaiset s\u00e4\u00e4nn\u00f6t. Samalla ne ovat hyvin j\u00e4nnitt\u00e4vi\u00e4 ja uhkapelim\u00e4isi\u00e4.\",\"breadcrumb\":{\"@id\":\"https:\/\/aviator-crash.org\/fi\/nopeat-kateispelit-verkossa-peruuttamisen-kanssa\/#breadcrumb\"},\"inLanguage\":\"fi\",\"potentialAction\":[{\"@type\":\"ReadAction\",\"target\":[\"https:\/\/aviator-crash.org\/fi\/nopeat-kateispelit-verkossa-peruuttamisen-kanssa\/\"]}]},{\"@type\":\"BreadcrumbList\",\"@id\":\"https:\/\/aviator-crash.org\/fi\/nopeat-kateispelit-verkossa-peruuttamisen-kanssa\/#breadcrumb\",\"itemListElement\":[{\"@type\":\"ListItem\",\"position\":1,\"name\":\"Home\",\"item\":\"https:\/\/aviator-crash.org\/fi\/aviator-peli-verkossa-oikealla-rahalla\/\"},{\"@type\":\"ListItem\",\"position\":2,\"name\":\"Nopeat k\u00e4teispelit verkossa peruuttamisen kanssa\"}]},{\"@type\":\"WebSite\",\"@id\":\"https:\/\/aviator-crash.org\/fi\/#website\",\"url\":\"https:\/\/aviator-crash.org\/fi\/\",\"name\":\"\",\"description\":\"\",\"potentialAction\":[{\"@type\":\"SearchAction\",\"target\":{\"@type\":\"EntryPoint\",\"urlTemplate\":\"https:\/\/aviator-crash.org\/fi\/?s={search_term_string}\"},\"query-input\":\"required name=search_term_string\"}],\"inLanguage\":\"fi\"}]}<\/script>\n<!-- \/ Yoast SEO plugin. -->","yoast_head_json":{"title":"Crash Games for money (nopea online Crash Game rahan nostolla)","description":"Crash-pelit ovat suosittuja, koska ne tarjoavat mahdollisuuden nopeaan rahan ansaitsemiseen. Rahapeleille, joissa on crash, ovat ominaisia yksinkertaiset s\u00e4\u00e4nn\u00f6t. Samalla ne ovat hyvin j\u00e4nnitt\u00e4vi\u00e4 ja uhkapelim\u00e4isi\u00e4.","robots":{"index":"index","follow":"follow","max-snippet":"max-snippet:-1","max-image-preview":"max-image-preview:large","max-video-preview":"max-video-preview:-1"},"canonical":"https:\/\/aviator-crash.org\/fi\/nopeat-kateispelit-verkossa-peruuttamisen-kanssa\/","og_locale":"fi_FI","og_type":"article","og_title":"Crash Games for money (nopea online Crash Game rahan nostolla)","og_description":"Crash-pelit ovat suosittuja, koska ne tarjoavat mahdollisuuden nopeaan rahan ansaitsemiseen. Rahapeleille, joissa on crash, ovat ominaisia yksinkertaiset s\u00e4\u00e4nn\u00f6t. Samalla ne ovat hyvin j\u00e4nnitt\u00e4vi\u00e4 ja uhkapelim\u00e4isi\u00e4.","og_url":"https:\/\/aviator-crash.org\/fi\/nopeat-kateispelit-verkossa-peruuttamisen-kanssa\/","article_modified_time":"2024-02-02T19:41:02+00:00","og_image":[{"url":"https:\/\/aviator-crash.org\/wp-content\/uploads\/2024\/01\/aviator-minigame-logo-4.png"}],"twitter_card":"summary_large_image","twitter_misc":{"Est. reading time":"5 minuuttia"},"schema":{"@context":"https:\/\/schema.org","@graph":[{"@type":"WebPage","@id":"https:\/\/aviator-crash.org\/fi\/nopeat-kateispelit-verkossa-peruuttamisen-kanssa\/","url":"https:\/\/aviator-crash.org\/fi\/nopeat-kateispelit-verkossa-peruuttamisen-kanssa\/","name":"Crash Games for money (nopea online Crash Game rahan nostolla)","isPartOf":{"@id":"https:\/\/aviator-crash.org\/fi\/#website"},"datePublished":"2023-12-27T19:12:26+00:00","dateModified":"2024-02-02T19:41:02+00:00","description":"Crash-pelit ovat suosittuja, koska ne tarjoavat mahdollisuuden nopeaan rahan ansaitsemiseen. Rahapeleille, joissa on crash, ovat ominaisia yksinkertaiset s\u00e4\u00e4nn\u00f6t. Samalla ne ovat hyvin j\u00e4nnitt\u00e4vi\u00e4 ja uhkapelim\u00e4isi\u00e4.","breadcrumb":{"@id":"https:\/\/aviator-crash.org\/fi\/nopeat-kateispelit-verkossa-peruuttamisen-kanssa\/#breadcrumb"},"inLanguage":"fi","potentialAction":[{"@type":"ReadAction","target":["https:\/\/aviator-crash.org\/fi\/nopeat-kateispelit-verkossa-peruuttamisen-kanssa\/"]}]},{"@type":"BreadcrumbList","@id":"https:\/\/aviator-crash.org\/fi\/nopeat-kateispelit-verkossa-peruuttamisen-kanssa\/#breadcrumb","itemListElement":[{"@type":"ListItem","position":1,"name":"Home","item":"https:\/\/aviator-crash.org\/fi\/aviator-peli-verkossa-oikealla-rahalla\/"},{"@type":"ListItem","position":2,"name":"Nopeat k\u00e4teispelit verkossa peruuttamisen kanssa"}]},{"@type":"WebSite","@id":"https:\/\/aviator-crash.org\/fi\/#website","url":"https:\/\/aviator-crash.org\/fi\/","name":"","description":"","potentialAction":[{"@type":"SearchAction","target":{"@type":"EntryPoint","urlTemplate":"https:\/\/aviator-crash.org\/fi\/?s={search_term_string}"},"query-input":"required name=search_term_string"}],"inLanguage":"fi"}]}},"_links":{"self":[{"href":"https:\/\/aviator-crash.org\/fi\/wp-json\/wp\/v2\/pages\/3102"}],"collection":[{"href":"https:\/\/aviator-crash.org\/fi\/wp-json\/wp\/v2\/pages"}],"about":[{"href":"https:\/\/aviator-crash.org\/fi\/wp-json\/wp\/v2\/types\/page"}],"author":[{"embeddable":true,"href":"https:\/\/aviator-crash.org\/fi\/wp-json\/wp\/v2\/users\/2"}],"replies":[{"embeddable":true,"href":"https:\/\/aviator-crash.org\/fi\/wp-json\/wp\/v2\/comments?post=3102"}],"version-history":[{"count":1,"href":"https:\/\/aviator-crash.org\/fi\/wp-json\/wp\/v2\/pages\/3102\/revisions"}],"predecessor-version":[{"id":3110,"href":"https:\/\/aviator-crash.org\/fi\/wp-json\/wp\/v2\/pages\/3102\/revisions\/3110"}],"wp:attachment":[{"href":"https:\/\/aviator-crash.org\/fi\/wp-json\/wp\/v2\/media?parent=3102"}],"curies":[{"name":"wp","href":"https:\/\/api.w.org\/{rel}","templated":true}]}}