{"id":3668,"date":"2023-12-27T19:26:44","date_gmt":"2023-12-27T19:26:44","guid":{"rendered":"https:\/\/aviator-crash.org\/lucky-jet-1win-lataa\/"},"modified":"2024-02-02T20:19:28","modified_gmt":"2024-02-02T20:19:28","slug":"lucky-jet-1win-lataa","status":"publish","type":"page","link":"https:\/\/aviator-crash.org\/fi\/lucky-jet-1win-lataa\/","title":{"rendered":"Lucky Jet 1win lataa"},"content":{"rendered":"\n<figure class=\"wp-block-gallery has-nested-images columns-default is-cropped wp-block-gallery-1 is-layout-flex wp-block-gallery-is-layout-flex\">\n<figure class=\"wp-block-image size-large\"><span itemprop=\"image\" itemscope itemtype=\"https:\/\/schema.org\/ImageObject\"><img itemprop=\"url image\" loading=\"lazy\" decoding=\"async\" width=\"880\" height=\"500\" data-id=\"478\" src=\"https:\/\/aviator-crash.org\/wp-content\/uploads\/2024\/01\/lucky_jet_game-casino_yl6vvw.webp\" alt=\"\" class=\"wp-image-478\" srcset=\"https:\/\/aviator-crash.org\/wp-content\/uploads\/2024\/01\/lucky_jet_game-casino_yl6vvw.webp 880w, https:\/\/aviator-crash.org\/wp-content\/uploads\/2024\/01\/lucky_jet_game-casino_yl6vvw-300x170.webp 300w, https:\/\/aviator-crash.org\/wp-content\/uploads\/2024\/01\/lucky_jet_game-casino_yl6vvw-768x436.webp 768w\" sizes=\"(max-width: 880px) 100vw, 880px\" \/><meta itemprop=\"width\" content=\"880\"><meta itemprop=\"height\" content=\"500\"><\/span><\/figure>\n<\/figure>\n\n<p>Virtuoosimainen lent\u00e4minen, uhkapelihetket ja rajaton avaruus kohtaavat j\u00e4nnitt\u00e4v\u00e4ss\u00e4 seikkailussa nimelt\u00e4 Lucky Jet 1win.\nT\u00e4m\u00e4 j\u00e4nnitt\u00e4v\u00e4 1win-peli vie pelaajat ainutlaatuiseen j\u00e4nnityksen ja seikkailun maailmaan, jossa jokainen liike voi osoittautua voiton avaimeksi. <\/p>\n\n<p>Lucky Jet 1win ei ole pelkk\u00e4 Android-peli, vaan se tarjoaa mahdollisuuden sukeltaa j\u00e4nnitt\u00e4v\u00e4\u00e4n uhkapelitaistelujen maailmaan, jossa jokainen hetki voi k\u00e4\u00e4nt\u00e4\u00e4 tilanteen.\nLataa virallinen sovellus Lucky Jet -peli voit ladata sivustolta Onewin.\nHenkil\u00f6kohtaisella tilill\u00e4si voit ker\u00e4t\u00e4 palkintoja, taistella ja kilpailla yst\u00e4viesi kanssa.\nLucky Jet 1win -sovelluksen voi ladata ilmaiseksi.   <\/p>\n\n<h2 class=\"wp-block-heading\">Lucky Jet -nettipelin etu<\/h2>\n\n<p>T\u00e4m\u00e4 sovellus on j\u00e4nnitt\u00e4v\u00e4 verkkopeli, jossa on monia etuja:<\/p>\n\n<ul>\n<li>Mielenkiintoinen pelattavuus.\nPelaajat voivat nauttia huipputeknisist\u00e4 taisteluista avaruudessa lent\u00e4vill\u00e4 koneillaan. <\/li>\n\n\n\n<li>Paljon j\u00e4nnitt\u00e4vi\u00e4 teht\u00e4vi\u00e4.<\/li>\n\n\n\n<li>Moninpelitila.\nYksi t\u00e4rkeimmist\u00e4 eduista on mahdollisuus pelata verkossa muiden pelaajien kanssa.\nLucky Jet 1win -arvostelut t\u00e4st\u00e4 tilasta ovat eritt\u00e4in my\u00f6nteisi\u00e4, sill\u00e4 pelaajat voivat taistella, kilpailla ja tehd\u00e4 yhteisty\u00f6t\u00e4 yst\u00e4vien tai muiden pelaajien kanssa, mik\u00e4 lis\u00e4\u00e4 sosiaalista n\u00e4k\u00f6kulmaa ja dynaamista pelikokemusta.  <\/li>\n\n\n\n<li>Lent\u00e4v\u00e4t koneet Mukauttaminen.\nPelaajat voivat muokata ja parantaa lentokoneitaan.\nT\u00e4m\u00e4 luo peliin yksil\u00f6llisen l\u00e4hestymistavan, jonka avulla jokainen pelaaja voi kehitt\u00e4\u00e4 oman tyylins\u00e4 ja strategiansa.  <\/li>\n\n\n\n<li>Visuaalisesti houkutteleva muotoilu.\n1win Lucky Jet -peliss\u00e4 on vaikuttava grafiikka ja design, jotka tekev\u00e4t pelimaailmasta v\u00e4rikk\u00e4\u00e4n ja visuaalisesti houkuttelevan. <\/li>\n\n\n\n<li>S\u00e4\u00e4nn\u00f6lliset p\u00e4ivitykset.<\/li>\n<\/ul>\n\n<p>Lucky Jet tarjoaa n\u00e4m\u00e4 edut mieless\u00e4 pit\u00e4en mukaansatempaavan pelikokemuksen, jossa yhdistyv\u00e4t dynaaminen toiminta, sosiaalinen vuorovaikutus ja strateginen ajattelu.<\/p>\n\n<h2 class=\"wp-block-heading\">Pelaaminen Lucky Jet<\/h2>\n\n<p>Pelaajat aloittavat luomalla tarvittaessa tilin ja valitsemalla lentokoneensa.\nPelaajille voidaan tarjota opetusohjelmia, joiden avulla he voivat tutustua ohjaimiin ja pelaamisen perusteisiin.\nPeliss\u00e4, jossa on tai ei ole 1win Lucky Jet -seteleit\u00e4 ilmaisiin vetoihin, voi olla erilaisia teht\u00e4vi\u00e4, teht\u00e4vi\u00e4 tai tavoitteita, jotka pelaajien on suoritettava edet\u00e4kseen ja ansaitakseen resursseja.  <\/p>\n\n<p>Korkean teknologian lentokoneen ohjauksessa taistelet vaarallisia kilpailijoita vastaan, kehit\u00e4t taitojasi ja ker\u00e4\u00e4t ainutlaatuisia palkintoja.\nKiehtovat teht\u00e4v\u00e4t, henke\u00e4salpaavat avaruusmaisemat ja arvaamattomat kohtaamiset odottavat sinua matkallasi voittoon. <\/p>\n\n<p>Lucky Jetiss\u00e4 taisteluissa k\u00e4ytet\u00e4\u00e4n yleens\u00e4 erilaisia man\u00f6\u00f6vereit\u00e4, aseita ja taktisia ratkaisuja vastustajien voittamiseksi.\nPelaajat voivat kohdata tietokonevastustajia tai osallistua moninpelitaisteluihin muiden pelaajien kanssa. <\/p>\n\n<p>Jos haluat pit\u00e4\u00e4 hauskaa, sinun kannattaa ehdottomasti ladata Lucky Jet 1win laitteeseesi.\nSen j\u00e4lkeen sinulle annetaan mahdollisuus nauttia dynaamisesta ja uhkapelim\u00e4isest\u00e4 kokemuksesta avaruustaisteluissa k\u00e4ytt\u00e4m\u00e4ll\u00e4 taitojasi, strategioitasi ja kykyj\u00e4si voiton saavuttamiseksi. <\/p>\n\n<h2 class=\"wp-block-heading\">Kuinka voittaa Lucky Jetiss\u00e4<\/h2>\n\n<p>Voittaminen voi riippua monista tekij\u00f6ist\u00e4, ja on t\u00e4rke\u00e4\u00e4 kehitt\u00e4\u00e4 Lucky Jet 1win -strategiaa ja taitoja, jotta voit menesty\u00e4 peliss\u00e4.\nT\u00e4ss\u00e4 on muutamia vinkkej\u00e4, jotka voivat auttaa sinua menestym\u00e4\u00e4n Lucky Jetiss\u00e4: <\/p>\n\n<ul>\n<li>Tutustu hallintalaitteisiin.\nOpi lent\u00e4v\u00e4n ajoneuvon hallintalaitteet.\nKaikkien k\u00e4ytett\u00e4viss\u00e4 olevien man\u00f6\u00f6verien ja komentojen ymm\u00e4rt\u00e4minen auttaa sinua hallitsemaan tehokkaasti taistelussa.  <\/li>\n\n\n\n<li>Osallistu One Win Lucky Jet -koulutukseen.\nT\u00e4m\u00e4 auttaa sinua oppimaan pelaamisen perusteet ja opit k\u00e4ytt\u00e4m\u00e4\u00e4n erilaisia taktiikoita. <\/li>\n\n\n\n<li>Valitse sopiva lentokone.\nToiset voivat olla parempia hy\u00f6kk\u00e4\u00e4m\u00e4\u00e4n, kun taas toiset voivat olla parempia v\u00e4istelem\u00e4\u00e4n. <\/li>\n\n\n\n<li>Kehit\u00e4 laitettasi.\nP\u00e4ivit\u00e4 lent\u00e4v\u00e4\u00e4 laitettasi k\u00e4ytt\u00e4m\u00e4ll\u00e4 peliss\u00e4 ansaittuja resursseja.\nT\u00e4m\u00e4 lis\u00e4\u00e4 mahdollisuuksiasi taisteluissa ja tekee sinusta kilpailukykyisemm\u00e4n.  <\/li>\n\n\n\n<li>Kehit\u00e4 Lucky Jet 1Win -strategia jokaista taistelua varten.<\/li>\n<\/ul>\n\n<p>K\u00e4yt\u00e4 ymp\u00e4rist\u00f6\u00e4 hyv\u00e4ksesi, v\u00e4ist\u00e4 hy\u00f6kk\u00e4yksi\u00e4 ja etsi vastustajiesi heikkouksia.\nOn parasta suosia strategiaa, jossa on pienet mahdollisuudet tehokkaampaan voittoon. <\/p>\n\n<p>Muista, ett\u00e4 jokaisella pelill\u00e4 voi olla oma ainutlaatuinen dynamiikkansa, joten kokeile, sopeudu ja nauti pelitaitojesi parantamisesta Lucky Jetiss\u00e4.<\/p>\n\n<h2 class=\"wp-block-heading\">Lucky Jet -pelin s\u00e4\u00e4nn\u00f6t<\/h2>\n\n<p>Toinen t\u00e4m\u00e4n pelin etu on s\u00e4\u00e4nt\u00f6jen yksinkertaisuus ja helppok\u00e4ytt\u00f6isyys.\nPeliss\u00e4 on useita kierroksia, joiden p\u00e4\u00e4tavoitteena on asettaa panoksesi ajoissa.\nLucky Jet 1win -arvostelut ovat todiste siit\u00e4, ett\u00e4 t\u00e4\u00e4ll\u00e4 kaikki ei ole niin helppoa kuin milt\u00e4 se n\u00e4ytt\u00e4\u00e4.\nOn t\u00e4rke\u00e4\u00e4 panostaa m\u00e4\u00e4r\u00e4 ajoissa, muuten se voi palaa.\nHaluatko ottaa riskin vai odottaa sopivampaa hetke\u00e4?\nKaikki riippuu vain sinusta.     <\/p>\n\n<h2 class=\"wp-block-heading\">Tositteet<\/h2>\n\n<p>Lucky Jet -setelit ovat erityisi\u00e4 koodeja, joita pelaajat voivat sy\u00f6tt\u00e4\u00e4 peliin saadakseen bonuksia, resursseja tai muita etuja.\nVoit tutustua niihin 1Winin verkkosivuilla.\nNe ilmestyv\u00e4t s\u00e4\u00e4nn\u00f6llisesti ja ilahduttavat pelaajia uusilla mahdollisuuksilla ja edullisemmilla tarjouksilla.  <\/p>\n\n<h2 class=\"wp-block-heading\">Suosittelut<\/h2>\n\n<p>T\u00e4ss\u00e4 on joitakin k\u00e4ytt\u00e4jien arvosteluja:<\/p>\n\n<p><\/p>\n","protected":false},"excerpt":{"rendered":"<p>Virtuoosimainen lent\u00e4minen, uhkapelihetket ja rajaton avaruus kohtaavat j\u00e4nnitt\u00e4v\u00e4ss\u00e4 seikkailussa nimelt\u00e4 Lucky Jet 1win. T\u00e4m\u00e4 j\u00e4nnitt\u00e4v\u00e4 1win-peli vie pelaajat ainutlaatuiseen j\u00e4nnityksen ja seikkailun maailmaan, jossa jokainen liike voi osoittautua voiton avaimeksi. Lucky Jet 1win ei ole pelkk\u00e4 Android-peli, vaan se tarjoaa mahdollisuuden sukeltaa j\u00e4nnitt\u00e4v\u00e4\u00e4n uhkapelitaistelujen maailmaan, jossa jokainen hetki voi k\u00e4\u00e4nt\u00e4\u00e4 tilanteen. Lataa virallinen sovellus Lucky [&hellip;]<\/p>\n","protected":false},"author":2,"featured_media":0,"parent":0,"menu_order":0,"comment_status":"open","ping_status":"closed","template":"","meta":{"footnotes":""},"yoast_head":"<!-- This site is optimized with the Yoast SEO plugin v21.7 - https:\/\/yoast.com\/wordpress\/plugins\/seo\/ -->\n<title>Lucky Jet peli 1win kasinolla, lataa<\/title>\n<meta name=\"description\" content=\"Katsaus 1win Casinon kansainv\u00e4lisesti suosittuun Lucky Jet -peliin, joka antaa sinulle todellisen mahdollisuuden tehd\u00e4 hyv\u00e4\u00e4 rahaa. Tutustu pelin t\u00e4rkeimpiin ominaisuuksiin, etuihin ja s\u00e4\u00e4nt\u00f6ihin. K\u00e4ynnist\u00e4 se ja l\u00e4hde tavoittelemaan voittojasi!\" \/>\n<meta name=\"robots\" content=\"index, follow, max-snippet:-1, max-image-preview:large, max-video-preview:-1\" \/>\n<link rel=\"canonical\" href=\"https:\/\/aviator-crash.org\/fi\/lucky-jet-1win-lataa\/\" \/>\n<meta property=\"og:locale\" content=\"fi_FI\" \/>\n<meta property=\"og:type\" content=\"article\" \/>\n<meta property=\"og:title\" content=\"Lucky Jet peli 1win kasinolla, lataa\" \/>\n<meta property=\"og:description\" content=\"Katsaus 1win Casinon kansainv\u00e4lisesti suosittuun Lucky Jet -peliin, joka antaa sinulle todellisen mahdollisuuden tehd\u00e4 hyv\u00e4\u00e4 rahaa. Tutustu pelin t\u00e4rkeimpiin ominaisuuksiin, etuihin ja s\u00e4\u00e4nt\u00f6ihin. K\u00e4ynnist\u00e4 se ja l\u00e4hde tavoittelemaan voittojasi!\" \/>\n<meta property=\"og:url\" content=\"https:\/\/aviator-crash.org\/fi\/lucky-jet-1win-lataa\/\" \/>\n<meta property=\"article:modified_time\" content=\"2024-02-02T20:19:28+00:00\" \/>\n<meta property=\"og:image\" content=\"https:\/\/aviator-crash.org\/wp-content\/uploads\/2024\/01\/lucky_jet_game-casino_yl6vvw.webp\" \/>\n<meta name=\"twitter:card\" content=\"summary_large_image\" \/>\n<meta name=\"twitter:label1\" content=\"Est. reading time\" \/>\n\t<meta name=\"twitter:data1\" content=\"3 minuuttia\" \/>\n<script type=\"application\/ld+json\" class=\"yoast-schema-graph\">{\"@context\":\"https:\/\/schema.org\",\"@graph\":[{\"@type\":\"WebPage\",\"@id\":\"https:\/\/aviator-crash.org\/fi\/lucky-jet-1win-lataa\/\",\"url\":\"https:\/\/aviator-crash.org\/fi\/lucky-jet-1win-lataa\/\",\"name\":\"Lucky Jet peli 1win kasinolla, lataa\",\"isPartOf\":{\"@id\":\"https:\/\/aviator-crash.org\/fi\/#website\"},\"datePublished\":\"2023-12-27T19:26:44+00:00\",\"dateModified\":\"2024-02-02T20:19:28+00:00\",\"description\":\"Katsaus 1win Casinon kansainv\u00e4lisesti suosittuun Lucky Jet -peliin, joka antaa sinulle todellisen mahdollisuuden tehd\u00e4 hyv\u00e4\u00e4 rahaa. Tutustu pelin t\u00e4rkeimpiin ominaisuuksiin, etuihin ja s\u00e4\u00e4nt\u00f6ihin. K\u00e4ynnist\u00e4 se ja l\u00e4hde tavoittelemaan voittojasi!\",\"breadcrumb\":{\"@id\":\"https:\/\/aviator-crash.org\/fi\/lucky-jet-1win-lataa\/#breadcrumb\"},\"inLanguage\":\"fi\",\"potentialAction\":[{\"@type\":\"ReadAction\",\"target\":[\"https:\/\/aviator-crash.org\/fi\/lucky-jet-1win-lataa\/\"]}]},{\"@type\":\"BreadcrumbList\",\"@id\":\"https:\/\/aviator-crash.org\/fi\/lucky-jet-1win-lataa\/#breadcrumb\",\"itemListElement\":[{\"@type\":\"ListItem\",\"position\":1,\"name\":\"Home\",\"item\":\"https:\/\/aviator-crash.org\/fi\/aviator-peli-verkossa-oikealla-rahalla\/\"},{\"@type\":\"ListItem\",\"position\":2,\"name\":\"Lucky Jet 1win lataa\"}]},{\"@type\":\"WebSite\",\"@id\":\"https:\/\/aviator-crash.org\/fi\/#website\",\"url\":\"https:\/\/aviator-crash.org\/fi\/\",\"name\":\"\",\"description\":\"\",\"potentialAction\":[{\"@type\":\"SearchAction\",\"target\":{\"@type\":\"EntryPoint\",\"urlTemplate\":\"https:\/\/aviator-crash.org\/fi\/?s={search_term_string}\"},\"query-input\":\"required name=search_term_string\"}],\"inLanguage\":\"fi\"}]}<\/script>\n<!-- \/ Yoast SEO plugin. -->","yoast_head_json":{"title":"Lucky Jet peli 1win kasinolla, lataa","description":"Katsaus 1win Casinon kansainv\u00e4lisesti suosittuun Lucky Jet -peliin, joka antaa sinulle todellisen mahdollisuuden tehd\u00e4 hyv\u00e4\u00e4 rahaa. Tutustu pelin t\u00e4rkeimpiin ominaisuuksiin, etuihin ja s\u00e4\u00e4nt\u00f6ihin. K\u00e4ynnist\u00e4 se ja l\u00e4hde tavoittelemaan voittojasi!","robots":{"index":"index","follow":"follow","max-snippet":"max-snippet:-1","max-image-preview":"max-image-preview:large","max-video-preview":"max-video-preview:-1"},"canonical":"https:\/\/aviator-crash.org\/fi\/lucky-jet-1win-lataa\/","og_locale":"fi_FI","og_type":"article","og_title":"Lucky Jet peli 1win kasinolla, lataa","og_description":"Katsaus 1win Casinon kansainv\u00e4lisesti suosittuun Lucky Jet -peliin, joka antaa sinulle todellisen mahdollisuuden tehd\u00e4 hyv\u00e4\u00e4 rahaa. Tutustu pelin t\u00e4rkeimpiin ominaisuuksiin, etuihin ja s\u00e4\u00e4nt\u00f6ihin. K\u00e4ynnist\u00e4 se ja l\u00e4hde tavoittelemaan voittojasi!","og_url":"https:\/\/aviator-crash.org\/fi\/lucky-jet-1win-lataa\/","article_modified_time":"2024-02-02T20:19:28+00:00","og_image":[{"url":"https:\/\/aviator-crash.org\/wp-content\/uploads\/2024\/01\/lucky_jet_game-casino_yl6vvw.webp"}],"twitter_card":"summary_large_image","twitter_misc":{"Est. reading time":"3 minuuttia"},"schema":{"@context":"https:\/\/schema.org","@graph":[{"@type":"WebPage","@id":"https:\/\/aviator-crash.org\/fi\/lucky-jet-1win-lataa\/","url":"https:\/\/aviator-crash.org\/fi\/lucky-jet-1win-lataa\/","name":"Lucky Jet peli 1win kasinolla, lataa","isPartOf":{"@id":"https:\/\/aviator-crash.org\/fi\/#website"},"datePublished":"2023-12-27T19:26:44+00:00","dateModified":"2024-02-02T20:19:28+00:00","description":"Katsaus 1win Casinon kansainv\u00e4lisesti suosittuun Lucky Jet -peliin, joka antaa sinulle todellisen mahdollisuuden tehd\u00e4 hyv\u00e4\u00e4 rahaa. Tutustu pelin t\u00e4rkeimpiin ominaisuuksiin, etuihin ja s\u00e4\u00e4nt\u00f6ihin. K\u00e4ynnist\u00e4 se ja l\u00e4hde tavoittelemaan voittojasi!","breadcrumb":{"@id":"https:\/\/aviator-crash.org\/fi\/lucky-jet-1win-lataa\/#breadcrumb"},"inLanguage":"fi","potentialAction":[{"@type":"ReadAction","target":["https:\/\/aviator-crash.org\/fi\/lucky-jet-1win-lataa\/"]}]},{"@type":"BreadcrumbList","@id":"https:\/\/aviator-crash.org\/fi\/lucky-jet-1win-lataa\/#breadcrumb","itemListElement":[{"@type":"ListItem","position":1,"name":"Home","item":"https:\/\/aviator-crash.org\/fi\/aviator-peli-verkossa-oikealla-rahalla\/"},{"@type":"ListItem","position":2,"name":"Lucky Jet 1win lataa"}]},{"@type":"WebSite","@id":"https:\/\/aviator-crash.org\/fi\/#website","url":"https:\/\/aviator-crash.org\/fi\/","name":"","description":"","potentialAction":[{"@type":"SearchAction","target":{"@type":"EntryPoint","urlTemplate":"https:\/\/aviator-crash.org\/fi\/?s={search_term_string}"},"query-input":"required name=search_term_string"}],"inLanguage":"fi"}]}},"_links":{"self":[{"href":"https:\/\/aviator-crash.org\/fi\/wp-json\/wp\/v2\/pages\/3668"}],"collection":[{"href":"https:\/\/aviator-crash.org\/fi\/wp-json\/wp\/v2\/pages"}],"about":[{"href":"https:\/\/aviator-crash.org\/fi\/wp-json\/wp\/v2\/types\/page"}],"author":[{"embeddable":true,"href":"https:\/\/aviator-crash.org\/fi\/wp-json\/wp\/v2\/users\/2"}],"replies":[{"embeddable":true,"href":"https:\/\/aviator-crash.org\/fi\/wp-json\/wp\/v2\/comments?post=3668"}],"version-history":[{"count":1,"href":"https:\/\/aviator-crash.org\/fi\/wp-json\/wp\/v2\/pages\/3668\/revisions"}],"predecessor-version":[{"id":3670,"href":"https:\/\/aviator-crash.org\/fi\/wp-json\/wp\/v2\/pages\/3668\/revisions\/3670"}],"wp:attachment":[{"href":"https:\/\/aviator-crash.org\/fi\/wp-json\/wp\/v2\/media?parent=3668"}],"curies":[{"name":"wp","href":"https:\/\/api.w.org\/{rel}","templated":true}]}}