{"id":3716,"date":"2023-12-27T19:33:16","date_gmt":"2023-12-27T19:33:16","guid":{"rendered":"https:\/\/aviator-crash.org\/jet-x\/"},"modified":"2024-02-02T20:23:44","modified_gmt":"2024-02-02T20:23:44","slug":"jet-x","status":"publish","type":"page","link":"https:\/\/aviator-crash.org\/fi\/jet-x\/","title":{"rendered":"Jet X"},"content":{"rendered":"\n<figure class=\"wp-block-gallery has-nested-images columns-default is-cropped wp-block-gallery-1 is-layout-flex wp-block-gallery-is-layout-flex\">\n<figure class=\"wp-block-image size-large\"><span itemprop=\"image\" itemscope itemtype=\"https:\/\/schema.org\/ImageObject\"><img itemprop=\"url image\" loading=\"lazy\" decoding=\"async\" width=\"1024\" height=\"576\" data-id=\"475\" src=\"https:\/\/aviator-crash.org\/wp-content\/uploads\/2024\/01\/how-to-play-jet-x-game-on-my-cell-phone-1200x675-1-1024x576-1.webp\" alt=\"\" class=\"wp-image-475\" srcset=\"https:\/\/aviator-crash.org\/wp-content\/uploads\/2024\/01\/how-to-play-jet-x-game-on-my-cell-phone-1200x675-1-1024x576-1.webp 1024w, https:\/\/aviator-crash.org\/wp-content\/uploads\/2024\/01\/how-to-play-jet-x-game-on-my-cell-phone-1200x675-1-1024x576-1-300x169.webp 300w, https:\/\/aviator-crash.org\/wp-content\/uploads\/2024\/01\/how-to-play-jet-x-game-on-my-cell-phone-1200x675-1-1024x576-1-768x432.webp 768w\" sizes=\"(max-width: 1024px) 100vw, 1024px\" \/><meta itemprop=\"width\" content=\"1024\"><meta itemprop=\"height\" content=\"576\"><\/span><\/figure>\n<\/figure>\n\n<p>Tervetuloa adrenaliinikilpailujen tulevaisuuteen Jet X -pelin maailmaan, jonka voit ladata ilmaiseksi!\nT\u00e4m\u00e4 on j\u00e4nnitt\u00e4v\u00e4 arcade-virallinen seikkailu Androidille, jossa nopeus, korkeus ja uskomattomat stuntit yhdistyv\u00e4t yhdeksi voimakkaaksi virraksi.\nAstu kehittyneen lentokoneen ohjaamoon ja valmistaudu takaa-ajoon, joka ylitt\u00e4\u00e4 kaikki odotuksesi.\n\u00c4l\u00e4 unohda Jet X -strategiaa!   <\/p>\n\n<p>Voit helposti ladata sovelluksen X Win &#8211; vedonly\u00f6ntiyhti\u00f6n verkkosivustolta, jota pidet\u00e4\u00e4n yhten\u00e4 suosituimmista.\nLuo henkil\u00f6kohtainen tili, k\u00e4ynnist\u00e4 peli ja aloita kilpaileminen pian. <\/p>\n\n<h2 class=\"wp-block-heading\">Jet X -verkkopelin etu<\/h2>\n\n<p>Jet X -nettipelill\u00e4 on useita etuja, jotka tekev\u00e4t siit\u00e4 houkuttelevan arcade-ajopelien ja tulevan adrenaliinin yst\u00e4ville:<\/p>\n\n<ul>\n<li>Nopeus ja dynaamisuus.\nPeli tarjoaa huippunopeaa kilpa-ajoa, jossa jokainen sekunti ratkaisee.\nDynaamisen pelattavuuden ja kolmiulotteisessa tilassa liikkumisen vapauden ansiosta X Jet -pelaajat tuntevat todella huippunopean kilpa-ajon adrenaliinin.  <\/li>\n\n\n\n<li>Ainutlaatuiset lentokoneet.\nPelaajat voivat valita erilaisia ja innovatiivisia lentokoneita, joilla on ainutlaatuiset ominaisuudet. <\/li>\n\n\n\n<li>Moninpelitilan saatavuus.\nMahdollisuus kilpailla muiden pelaajien kanssa verkossa lis\u00e4\u00e4 kilpailua ja sosiaalista vuorovaikutusta.\nVoit ladata Jet X:n ja nauttia pelist\u00e4 yst\u00e4viesi kanssa.  <\/li>\n\n\n\n<li>Laitteen parantaminen.\nPelaajat voivat muokata ja parantaa lentokoneitaan ja r\u00e4\u00e4t\u00e4l\u00f6id\u00e4 ne omaan ajotyyliins\u00e4 sopiviksi.\nT\u00e4m\u00e4 luo jokaiselle pelaajalle yksil\u00f6llisen kokemuksen ja antaa heille mahdollisuuden parantaa koneitaan edetess\u00e4\u00e4n.  <\/li>\n\n\n\n<li>S\u00e4\u00e4nn\u00f6lliset p\u00e4ivitykset.\nKehitt\u00e4j\u00e4t p\u00e4ivitt\u00e4v\u00e4t Jet X:\u00e4\u00e4 jatkuvasti ja lis\u00e4\u00e4v\u00e4t uusia ratoja, yksik\u00f6it\u00e4, toimintatiloja ja ominaisuuksia. <\/li>\n<\/ul>\n\n<p>N\u00e4m\u00e4 edut tekev\u00e4t Jet X -pelist\u00e4 houkuttelevan niille, jotka arvostavat dynaamista kilpaurheilua, innovatiivista lentokoneiden suunnittelua ja verkkopelien kilpailuhenke\u00e4.<\/p>\n\n<h2 class=\"wp-block-heading\">Pelaaminen Jet X<\/h2>\n\n<p>Jet X -peli tarjoaa j\u00e4nnitt\u00e4v\u00e4n kokemuksen huippunopeasta kilpa-ajosta tulevaisuudessa.\nSeuraavassa on yleisi\u00e4 ohjeita Jet X -pelin pelaamisen aloittamisesta: <\/p>\n\n<ol>\n<li>Asenna peli ensin laitteeseesi alustasi (tietokone, konsoli, mobiililaite) koskevien ohjeiden mukaisesti.\nK\u00e4ynnist\u00e4 peli ja odota, ett\u00e4 latausprosessi on valmis. <\/li>\n\n\n\n<li>Kun aloitat pelin, sinua pyydet\u00e4\u00e4n valitsemaan ensimm\u00e4inen lentokoneesi.\nEri ajoneuvoilla voi olla erilaisia ominaisuuksia ja kykyj\u00e4, joten voit kokeilla ja pelata Jet X:\u00e4\u00e4. <\/li>\n\n\n\n<li>Tutustu lentokoneesi hallintalaitteisiin.\nT\u00e4h\u00e4n kuuluu yleens\u00e4 n\u00e4pp\u00e4inten, ohjaussauvojen tai kosketusn\u00e4yt\u00f6n k\u00e4ytt\u00f6 alustasta riippuen. <\/li>\n\n\n\n<li>Jet X tarjoaa erilaisia pelitiloja, kuten kampanjan ja moninpelitaisteluita.<\/li>\n\n\n\n<li>Valitse rata ja aloita kilpaileminen.\nKiinnit\u00e4 huomiota kunkin kilpailun tavoitteisiin ja p\u00e4\u00e4m\u00e4\u00e4riin, sill\u00e4 ne voivat vaihdella pelitilasta riippuen.\nJet X -ohjelma voi vaihdella tason mukaan.  <\/li>\n\n\n\n<li>K\u00e4yt\u00e4 lentokoneesi ominaisuuksia taistellaksesi vastustajia vastaan ja tehdess\u00e4si temppuja.\nJoissakin pelitiloissa t\u00e4m\u00e4 voi tuoda lis\u00e4bonuksia tai kiihtyvyytt\u00e4. <\/li>\n\n\n\n<li>Kun olet suorittanut kilpailuja ja taisteluita, ansaitse peliss\u00e4 resursseja tai valuuttaa, jolla voit parantaa ja muokata lentokonettasi.<\/li>\n\n\n\n<li>Pid\u00e4 silm\u00e4ll\u00e4 pelin p\u00e4ivityksi\u00e4, sill\u00e4 kehitt\u00e4j\u00e4t saattavat lis\u00e4t\u00e4 uusia ratoja, ajoneuvoja ja tiloja.<\/li>\n<\/ol>\n\n<p>Erityisehdot ja -s\u00e4\u00e4nn\u00f6t voivat vaihdella versiosta toiseen.\nLue Jet X:n arvostelut ja suositukset, niin p\u00e4\u00e4set nopeasti pelin ytimeen ja voit aloittaa pelaamisen. <\/p>\n\n<h2 class=\"wp-block-heading\">Kuinka voittaa Jet X:ss\u00e4?<\/h2>\n\n<p>Jos haluat pelata Jet X:\u00e4\u00e4 menestyksekk\u00e4\u00e4sti, on t\u00e4rke\u00e4\u00e4 kehitt\u00e4\u00e4 taitoja ja soveltaa strategioita voittaaksesi kilpailuja ja taisteluita.\nSeuraavassa on muutamia vinkkej\u00e4, jotka voivat auttaa sinua menestym\u00e4\u00e4n peliss\u00e4.\nEnnen kaikkea hallitse lentokoneesi ohjaimet.\nYmm\u00e4rt\u00e4m\u00e4ll\u00e4 jokaisen liikkeen ja man\u00f6\u00f6verin voit ohjata tehokkaammin eri tilanteissa.\nTutki ratoja ja k\u00e4yt\u00e4 ymp\u00e4rist\u00f6\u00e4 hy\u00f6dyksesi.    <\/p>\n\n<p>Toinen kokeiltu ja testattu vinkki on k\u00e4ytt\u00e4\u00e4 Jet X promo koodit. Ne tarjoavat edulliset ehdot ja mahdollisuuden ansaita lis\u00e4pisteit\u00e4.\nPromokoodit l\u00f6yd\u00e4t erikoistuneilta pelisivustoilta tai X Winin erityisest\u00e4 osiosta. <\/p>\n\n<p>Jet X -strategia on toinen t\u00e4rke\u00e4 seikka, johon kannattaa kiinnitt\u00e4\u00e4 huomiota.\nTaisteluissa on k\u00e4ytett\u00e4v\u00e4 aktiivisesti aseita ja puolustusta.\nTehokas vuorovaikutus vihollisten kanssa voi lis\u00e4t\u00e4 merkitt\u00e4v\u00e4sti voittomahdollisuuksiasi.  <\/p>\n\n<p>\u00c4l\u00e4 unohda tehd\u00e4 temppuja kilpailujen ja taistelujen aikana.\nNe voivat tuoda lis\u00e4bonuksia ja kiihdytyksi\u00e4.\n\u00c4l\u00e4 unohda bonuksia ja viisaasti asetettuja vetoja.\nJet X:n kertoimien laskentaj\u00e4rjestelm\u00e4ss\u00e4 voit laskea kaikki riskit ja tehd\u00e4 p\u00e4tev\u00e4n vedon.\nK\u00e4yt\u00e4 my\u00f6s aktiivisesti mahdollisuuksia parantaa lentokonettasi.\nTutki radat huolellisesti ja suunnittele lentoratasi etuk\u00e4teen.\nOptimaalinen reitin valinta ja nopeuden hallinta auttavat sinua ohittamaan kilpailijasi.      <\/p>\n\n<p>Tarkkaile vastustajiesi toimia ja sopeudu muuttuviin rataolosuhteisiin.\nJoustavuus ja sopeutumiskyky voivat olla avain menestykseen nopeatempoisissa kilpailuissa.\nJos Jet X -peli tai demo tarjoaa tiimipelaamista, kommunikoi aktiivisesti tiimisi kanssa.  <\/p>\n\n<p>Jet X -peli antaa sinulle tilaa luovuudelle ja taktisille p\u00e4\u00e4t\u00f6ksille.\nSopeudu olosuhteisiin, tutustu Jet X:n kerroinj\u00e4rjestelm\u00e4\u00e4n ja nauti nopeista ja j\u00e4nnitt\u00e4vist\u00e4 kilpailuista tulevaisuudessa! <\/p>\n\n<h2 class=\"wp-block-heading\">Jet X -pelin s\u00e4\u00e4nn\u00f6t<\/h2>\n\n<p>P\u00e4\u00e4tavoite riippuu pelitilasta.\nSe voi olla radan l\u00e4p\u00e4iseminen mahdollisimman lyhyess\u00e4 ajassa, taistelujen voittaminen vastustajien kanssa, temppujen suorittaminen tai tiettyjen tulosten saavuttaminen moninpelitilassa.\nPeli tarjoaa yleens\u00e4 erilaisia ratoja ja tasoja, joista jokainen tarjoaa ainutlaatuisia haasteita.\nVoit tutustua niihin kaikkiin Jet X:n verkkosivuilla. Pelaajat voivat pumpata lentokoneitaan, jotta he voivat selviyty\u00e4 korkeamman tason radoista menestyksekk\u00e4\u00e4mmin.   <\/p>\n\n<p>Pelaajat ohjaavat lent\u00e4vi\u00e4 ajoneuvoja n\u00e4pp\u00e4imist\u00f6ll\u00e4, joystickill\u00e4, gamepadilla tai kosketusn\u00e4yt\u00f6ll\u00e4 alustasta riippuen.\nOhjaukseen kuuluu suunnan muuttaminen, nopeuden s\u00e4\u00e4t\u00e4minen ja temppujen suorittaminen.\nTemppujen suorittamisesta voi saada bonuksia, kuten kiihtyvyytt\u00e4 tai lis\u00e4pisteit\u00e4.  <\/p>\n\n<p>Joissakin pelitiloissa pelaajat voivat taistella vastustajia vastaan k\u00e4ytt\u00e4m\u00e4ll\u00e4 ajoneuvojensa aseita.\nAseisiin voi kuulua ohjuksia, lasereita ja muita hy\u00f6kk\u00e4ys- tai puolustusv\u00e4lineit\u00e4.\nTutustu Jet X:n strategiaan ja arvosteluihin ennen pelin aloittamista.  <\/p>\n\n<h2 class=\"wp-block-heading\">Promo-koodit<\/h2>\n\n<p>Promo-koodit ovat yleens\u00e4 pelin kehitt\u00e4jien tai sen alustan, jolla peli\u00e4 jaetaan, tarjoamia.\nNe ovat erityisi\u00e4 bonuksia tai pelimerkkej\u00e4, joilla pelaajat voivat lis\u00e4t\u00e4 voittomahdollisuuksiaan.\nPromo-koodeja l\u00f6ytyy useista l\u00e4hteist\u00e4:  <\/p>\n\n<ul>\n<li>Virallinen verkkosivusto.<\/li>\n\n\n\n<li>Sosiaalinen media.<\/li>\n\n\n\n<li>Foorumit ja yhteis\u00f6t.<\/li>\n\n\n\n<li>Uutiskirjeet.<\/li>\n\n\n\n<li>Yhteisty\u00f6kumppanit ja sponsorit.<\/li>\n<\/ul>\n\n<h2 class=\"wp-block-heading\">Suosittelut<\/h2>\n\n<p>T\u00e4ss\u00e4 on muutamia k\u00e4ytt\u00e4jien arvosteluja suositusta pelist\u00e4:<\/p>\n","protected":false},"excerpt":{"rendered":"<p>Tervetuloa adrenaliinikilpailujen tulevaisuuteen Jet X -pelin maailmaan, jonka voit ladata ilmaiseksi! T\u00e4m\u00e4 on j\u00e4nnitt\u00e4v\u00e4 arcade-virallinen seikkailu Androidille, jossa nopeus, korkeus ja uskomattomat stuntit yhdistyv\u00e4t yhdeksi voimakkaaksi virraksi. Astu kehittyneen lentokoneen ohjaamoon ja valmistaudu takaa-ajoon, joka ylitt\u00e4\u00e4 kaikki odotuksesi. \u00c4l\u00e4 unohda Jet X -strategiaa! Voit helposti ladata sovelluksen X Win &#8211; vedonly\u00f6ntiyhti\u00f6n verkkosivustolta, jota pidet\u00e4\u00e4n yhten\u00e4 [&hellip;]<\/p>\n","protected":false},"author":2,"featured_media":0,"parent":0,"menu_order":0,"comment_status":"open","ping_status":"closed","template":"","meta":{"footnotes":""},"yoast_head":"<!-- This site is optimized with the Yoast SEO plugin v21.7 - https:\/\/yoast.com\/wordpress\/plugins\/seo\/ -->\n<title>Jet X kasinopeli, lataa<\/title>\n<meta name=\"description\" content=\"Uppoudu huippunopeiden kilpa-ajojen j\u00e4nnitt\u00e4v\u00e4\u00e4n maailmaan Jet X -peliss\u00e4, joka on ainutlaatuinen ja j\u00e4nnitt\u00e4v\u00e4 arcade-kokemus tulevaisuutta varten. Lue s\u00e4\u00e4nn\u00f6t huolellisesti ja istu pian ratin taakse. Mielenkiintoiset seikkailut ja hauskanpito odottavat sinua.\" \/>\n<meta name=\"robots\" content=\"index, follow, max-snippet:-1, max-image-preview:large, max-video-preview:-1\" \/>\n<link rel=\"canonical\" href=\"https:\/\/aviator-crash.org\/fi\/jet-x\/\" \/>\n<meta property=\"og:locale\" content=\"fi_FI\" \/>\n<meta property=\"og:type\" content=\"article\" \/>\n<meta property=\"og:title\" content=\"Jet X kasinopeli, lataa\" \/>\n<meta property=\"og:description\" content=\"Uppoudu huippunopeiden kilpa-ajojen j\u00e4nnitt\u00e4v\u00e4\u00e4n maailmaan Jet X -peliss\u00e4, joka on ainutlaatuinen ja j\u00e4nnitt\u00e4v\u00e4 arcade-kokemus tulevaisuutta varten. Lue s\u00e4\u00e4nn\u00f6t huolellisesti ja istu pian ratin taakse. Mielenkiintoiset seikkailut ja hauskanpito odottavat sinua.\" \/>\n<meta property=\"og:url\" content=\"https:\/\/aviator-crash.org\/fi\/jet-x\/\" \/>\n<meta property=\"article:modified_time\" content=\"2024-02-02T20:23:44+00:00\" \/>\n<meta property=\"og:image\" content=\"https:\/\/aviator-crash.org\/wp-content\/uploads\/2024\/01\/how-to-play-jet-x-game-on-my-cell-phone-1200x675-1-1024x576-1.webp\" \/>\n<meta name=\"twitter:card\" content=\"summary_large_image\" \/>\n<meta name=\"twitter:label1\" content=\"Est. reading time\" \/>\n\t<meta name=\"twitter:data1\" content=\"4 minuuttia\" \/>\n<script type=\"application\/ld+json\" class=\"yoast-schema-graph\">{\"@context\":\"https:\/\/schema.org\",\"@graph\":[{\"@type\":\"WebPage\",\"@id\":\"https:\/\/aviator-crash.org\/fi\/jet-x\/\",\"url\":\"https:\/\/aviator-crash.org\/fi\/jet-x\/\",\"name\":\"Jet X kasinopeli, lataa\",\"isPartOf\":{\"@id\":\"https:\/\/aviator-crash.org\/fi\/#website\"},\"datePublished\":\"2023-12-27T19:33:16+00:00\",\"dateModified\":\"2024-02-02T20:23:44+00:00\",\"description\":\"Uppoudu huippunopeiden kilpa-ajojen j\u00e4nnitt\u00e4v\u00e4\u00e4n maailmaan Jet X -peliss\u00e4, joka on ainutlaatuinen ja j\u00e4nnitt\u00e4v\u00e4 arcade-kokemus tulevaisuutta varten. Lue s\u00e4\u00e4nn\u00f6t huolellisesti ja istu pian ratin taakse. Mielenkiintoiset seikkailut ja hauskanpito odottavat sinua.\",\"breadcrumb\":{\"@id\":\"https:\/\/aviator-crash.org\/fi\/jet-x\/#breadcrumb\"},\"inLanguage\":\"fi\",\"potentialAction\":[{\"@type\":\"ReadAction\",\"target\":[\"https:\/\/aviator-crash.org\/fi\/jet-x\/\"]}]},{\"@type\":\"BreadcrumbList\",\"@id\":\"https:\/\/aviator-crash.org\/fi\/jet-x\/#breadcrumb\",\"itemListElement\":[{\"@type\":\"ListItem\",\"position\":1,\"name\":\"Home\",\"item\":\"https:\/\/aviator-crash.org\/fi\/aviator-peli-verkossa-oikealla-rahalla\/\"},{\"@type\":\"ListItem\",\"position\":2,\"name\":\"Jet X\"}]},{\"@type\":\"WebSite\",\"@id\":\"https:\/\/aviator-crash.org\/fi\/#website\",\"url\":\"https:\/\/aviator-crash.org\/fi\/\",\"name\":\"\",\"description\":\"\",\"potentialAction\":[{\"@type\":\"SearchAction\",\"target\":{\"@type\":\"EntryPoint\",\"urlTemplate\":\"https:\/\/aviator-crash.org\/fi\/?s={search_term_string}\"},\"query-input\":\"required name=search_term_string\"}],\"inLanguage\":\"fi\"}]}<\/script>\n<!-- \/ Yoast SEO plugin. -->","yoast_head_json":{"title":"Jet X kasinopeli, lataa","description":"Uppoudu huippunopeiden kilpa-ajojen j\u00e4nnitt\u00e4v\u00e4\u00e4n maailmaan Jet X -peliss\u00e4, joka on ainutlaatuinen ja j\u00e4nnitt\u00e4v\u00e4 arcade-kokemus tulevaisuutta varten. Lue s\u00e4\u00e4nn\u00f6t huolellisesti ja istu pian ratin taakse. Mielenkiintoiset seikkailut ja hauskanpito odottavat sinua.","robots":{"index":"index","follow":"follow","max-snippet":"max-snippet:-1","max-image-preview":"max-image-preview:large","max-video-preview":"max-video-preview:-1"},"canonical":"https:\/\/aviator-crash.org\/fi\/jet-x\/","og_locale":"fi_FI","og_type":"article","og_title":"Jet X kasinopeli, lataa","og_description":"Uppoudu huippunopeiden kilpa-ajojen j\u00e4nnitt\u00e4v\u00e4\u00e4n maailmaan Jet X -peliss\u00e4, joka on ainutlaatuinen ja j\u00e4nnitt\u00e4v\u00e4 arcade-kokemus tulevaisuutta varten. Lue s\u00e4\u00e4nn\u00f6t huolellisesti ja istu pian ratin taakse. Mielenkiintoiset seikkailut ja hauskanpito odottavat sinua.","og_url":"https:\/\/aviator-crash.org\/fi\/jet-x\/","article_modified_time":"2024-02-02T20:23:44+00:00","og_image":[{"url":"https:\/\/aviator-crash.org\/wp-content\/uploads\/2024\/01\/how-to-play-jet-x-game-on-my-cell-phone-1200x675-1-1024x576-1.webp"}],"twitter_card":"summary_large_image","twitter_misc":{"Est. reading time":"4 minuuttia"},"schema":{"@context":"https:\/\/schema.org","@graph":[{"@type":"WebPage","@id":"https:\/\/aviator-crash.org\/fi\/jet-x\/","url":"https:\/\/aviator-crash.org\/fi\/jet-x\/","name":"Jet X kasinopeli, lataa","isPartOf":{"@id":"https:\/\/aviator-crash.org\/fi\/#website"},"datePublished":"2023-12-27T19:33:16+00:00","dateModified":"2024-02-02T20:23:44+00:00","description":"Uppoudu huippunopeiden kilpa-ajojen j\u00e4nnitt\u00e4v\u00e4\u00e4n maailmaan Jet X -peliss\u00e4, joka on ainutlaatuinen ja j\u00e4nnitt\u00e4v\u00e4 arcade-kokemus tulevaisuutta varten. Lue s\u00e4\u00e4nn\u00f6t huolellisesti ja istu pian ratin taakse. Mielenkiintoiset seikkailut ja hauskanpito odottavat sinua.","breadcrumb":{"@id":"https:\/\/aviator-crash.org\/fi\/jet-x\/#breadcrumb"},"inLanguage":"fi","potentialAction":[{"@type":"ReadAction","target":["https:\/\/aviator-crash.org\/fi\/jet-x\/"]}]},{"@type":"BreadcrumbList","@id":"https:\/\/aviator-crash.org\/fi\/jet-x\/#breadcrumb","itemListElement":[{"@type":"ListItem","position":1,"name":"Home","item":"https:\/\/aviator-crash.org\/fi\/aviator-peli-verkossa-oikealla-rahalla\/"},{"@type":"ListItem","position":2,"name":"Jet X"}]},{"@type":"WebSite","@id":"https:\/\/aviator-crash.org\/fi\/#website","url":"https:\/\/aviator-crash.org\/fi\/","name":"","description":"","potentialAction":[{"@type":"SearchAction","target":{"@type":"EntryPoint","urlTemplate":"https:\/\/aviator-crash.org\/fi\/?s={search_term_string}"},"query-input":"required name=search_term_string"}],"inLanguage":"fi"}]}},"_links":{"self":[{"href":"https:\/\/aviator-crash.org\/fi\/wp-json\/wp\/v2\/pages\/3716"}],"collection":[{"href":"https:\/\/aviator-crash.org\/fi\/wp-json\/wp\/v2\/pages"}],"about":[{"href":"https:\/\/aviator-crash.org\/fi\/wp-json\/wp\/v2\/types\/page"}],"author":[{"embeddable":true,"href":"https:\/\/aviator-crash.org\/fi\/wp-json\/wp\/v2\/users\/2"}],"replies":[{"embeddable":true,"href":"https:\/\/aviator-crash.org\/fi\/wp-json\/wp\/v2\/comments?post=3716"}],"version-history":[{"count":1,"href":"https:\/\/aviator-crash.org\/fi\/wp-json\/wp\/v2\/pages\/3716\/revisions"}],"predecessor-version":[{"id":3718,"href":"https:\/\/aviator-crash.org\/fi\/wp-json\/wp\/v2\/pages\/3716\/revisions\/3718"}],"wp:attachment":[{"href":"https:\/\/aviator-crash.org\/fi\/wp-json\/wp\/v2\/media?parent=3716"}],"curies":[{"name":"wp","href":"https:\/\/api.w.org\/{rel}","templated":true}]}}