{"id":1159,"date":"2023-12-22T18:32:01","date_gmt":"2023-12-22T18:32:01","guid":{"rendered":"https:\/\/aviator-crash.org\/aviator-game-reviews\/"},"modified":"2024-02-02T14:19:28","modified_gmt":"2024-02-02T14:19:28","slug":"aviator-game-reviews","status":"publish","type":"page","link":"https:\/\/aviator-crash.org\/fr\/aviator-game-reviews\/","title":{"rendered":"Aviator Game Reviews"},"content":{"rendered":"\n<p>Aviator est de loin l&rsquo;un des jeux en ligne les plus populaires. C&rsquo;est pourquoi les moteurs de recherche affichent de plus en plus souvent des demandes d&rsquo;avis sur le jeu Aviator pour de l&rsquo;argent de la part de ceux qui ont d\u00e9j\u00e0 pu l&rsquo;essayer et d\u00e9couvrir \u00e0 quel point les chances de gagner sont r\u00e9elles.  <\/p>\n\n<h2 class=\"wp-block-heading\">Notre avis sur le jeu Aviator<\/h2>\n\n<p>Le jeu Aviator crash est sans doute le meilleur d\u00e9veloppement de Spribe. Il est unique, int\u00e9ressant, excitant, capable de provoquer une vague de sentiments agr\u00e9ables chez les amateurs de jeux de hasard. Le grand avantage est que les tours sont de courte dur\u00e9e &#8211; quelques secondes de tension suffisent pour que le joueur devienne gagnant et multiplie sa mise (10, 20, voire 50 fois). L&rsquo;essentiel est de r\u00e9ussir \u00e0 retirer de l&rsquo;argent avant que l&rsquo;avion ne s&rsquo;\u00e9crase, mais vous devez le faire avec un maximum de chances.  <\/p>\n\n<p>Ce jeu garantit une vague d&rsquo;\u00e9motions, m\u00eame pour les amateurs de jeux de hasard les plus avertis. C&rsquo;est pourquoi de nombreux casinos en ligne proposent ce type de machine : 1win, Pin Up, 1Xbet. La machine \u00e0 sous pr\u00e9sente des graphismes, une clart\u00e9 et des effets sonores de premier ordre. Nous trouvons \u00e9galement ce jeu fascinant et, \u00e0 notre avis, il m\u00e9rite vraiment d&rsquo;\u00eatre jou\u00e9.  <\/p>\n\n<h2 class=\"wp-block-heading\">Critiques utilisateurs du jeu Aviator<\/h2>\n\n<p>Il existe diff\u00e9rents avis sur Aviator Crash Game r\u00e9dig\u00e9s par de vrais joueurs sur Internet. Certains l&rsquo;admirent, d&rsquo;autres le d\u00e9noncent pour son impr\u00e9visibilit\u00e9, ses risques et l&rsquo;impossibilit\u00e9 d&rsquo;\u00e9laborer une strat\u00e9gie gagnante \u00e0 100 %. Or, c&rsquo;est pr\u00e9cis\u00e9ment ce qui fait la beaut\u00e9 des jeux d&rsquo;argent.  <\/p>\n\n<p>Nous vous invitons \u00e0 tirer vos propres conclusions. Essayez ce jeu et partagez vos impressions en laissant un commentaire ci-dessous.  <\/p>\n","protected":false},"excerpt":{"rendered":"<p>Aviator est de loin l&rsquo;un des jeux en ligne les plus populaires. C&rsquo;est pourquoi les moteurs de recherche affichent de plus en plus souvent des demandes d&rsquo;avis sur le jeu Aviator pour de l&rsquo;argent de la part de ceux qui ont d\u00e9j\u00e0 pu l&rsquo;essayer et d\u00e9couvrir \u00e0 quel point les chances de gagner sont r\u00e9elles. [&hellip;]<\/p>\n","protected":false},"author":2,"featured_media":0,"parent":0,"menu_order":0,"comment_status":"open","ping_status":"closed","template":"","meta":{"footnotes":""},"yoast_head":"<!-- This site is optimized with the Yoast SEO plugin v21.7 - https:\/\/yoast.com\/wordpress\/plugins\/seo\/ -->\n<title>Aviator commentaires des joueurs sur le jeu<\/title>\n<meta name=\"description\" content=\"Les avis sur le jeu de crash Aviator des vrais joueurs vous permettront de conna\u00eetre tous les avantages et inconv\u00e9nients de l&#039;appareil. R\u00e8gles de base de l&#039;automate et nuances de gestion.\" \/>\n<meta name=\"robots\" content=\"index, follow, max-snippet:-1, max-image-preview:large, max-video-preview:-1\" \/>\n<link rel=\"canonical\" href=\"https:\/\/aviator-crash.org\/fr\/aviator-game-reviews\/\" \/>\n<meta property=\"og:locale\" content=\"fr_FR\" \/>\n<meta property=\"og:type\" content=\"article\" \/>\n<meta property=\"og:title\" content=\"Aviator commentaires des joueurs sur le jeu\" \/>\n<meta property=\"og:description\" content=\"Les avis sur le jeu de crash Aviator des vrais joueurs vous permettront de conna\u00eetre tous les avantages et inconv\u00e9nients de l&#039;appareil. R\u00e8gles de base de l&#039;automate et nuances de gestion.\" \/>\n<meta property=\"og:url\" content=\"https:\/\/aviator-crash.org\/fr\/aviator-game-reviews\/\" \/>\n<meta property=\"article:modified_time\" content=\"2024-02-02T14:19:28+00:00\" \/>\n<meta name=\"twitter:card\" content=\"summary_large_image\" \/>\n<meta name=\"twitter:label1\" content=\"Est. reading time\" \/>\n\t<meta name=\"twitter:data1\" content=\"1 minute\" \/>\n<script type=\"application\/ld+json\" class=\"yoast-schema-graph\">{\"@context\":\"https:\/\/schema.org\",\"@graph\":[{\"@type\":\"WebPage\",\"@id\":\"https:\/\/aviator-crash.org\/fr\/aviator-game-reviews\/\",\"url\":\"https:\/\/aviator-crash.org\/fr\/aviator-game-reviews\/\",\"name\":\"Aviator commentaires des joueurs sur le jeu\",\"isPartOf\":{\"@id\":\"https:\/\/aviator-crash.org\/fr\/#website\"},\"datePublished\":\"2023-12-22T18:32:01+00:00\",\"dateModified\":\"2024-02-02T14:19:28+00:00\",\"description\":\"Les avis sur le jeu de crash Aviator des vrais joueurs vous permettront de conna\u00eetre tous les avantages et inconv\u00e9nients de l'appareil. R\u00e8gles de base de l'automate et nuances de gestion.\",\"breadcrumb\":{\"@id\":\"https:\/\/aviator-crash.org\/fr\/aviator-game-reviews\/#breadcrumb\"},\"inLanguage\":\"fr-FR\",\"potentialAction\":[{\"@type\":\"ReadAction\",\"target\":[\"https:\/\/aviator-crash.org\/fr\/aviator-game-reviews\/\"]}]},{\"@type\":\"BreadcrumbList\",\"@id\":\"https:\/\/aviator-crash.org\/fr\/aviator-game-reviews\/#breadcrumb\",\"itemListElement\":[{\"@type\":\"ListItem\",\"position\":1,\"name\":\"Home\",\"item\":\"https:\/\/aviator-crash.org\/fr\/\"},{\"@type\":\"ListItem\",\"position\":2,\"name\":\"Aviator Game Reviews\"}]},{\"@type\":\"WebSite\",\"@id\":\"https:\/\/aviator-crash.org\/fr\/#website\",\"url\":\"https:\/\/aviator-crash.org\/fr\/\",\"name\":\"\",\"description\":\"\",\"potentialAction\":[{\"@type\":\"SearchAction\",\"target\":{\"@type\":\"EntryPoint\",\"urlTemplate\":\"https:\/\/aviator-crash.org\/fr\/?s={search_term_string}\"},\"query-input\":\"required name=search_term_string\"}],\"inLanguage\":\"fr-FR\"}]}<\/script>\n<!-- \/ Yoast SEO plugin. -->","yoast_head_json":{"title":"Aviator commentaires des joueurs sur le jeu","description":"Les avis sur le jeu de crash Aviator des vrais joueurs vous permettront de conna\u00eetre tous les avantages et inconv\u00e9nients de l'appareil. R\u00e8gles de base de l'automate et nuances de gestion.","robots":{"index":"index","follow":"follow","max-snippet":"max-snippet:-1","max-image-preview":"max-image-preview:large","max-video-preview":"max-video-preview:-1"},"canonical":"https:\/\/aviator-crash.org\/fr\/aviator-game-reviews\/","og_locale":"fr_FR","og_type":"article","og_title":"Aviator commentaires des joueurs sur le jeu","og_description":"Les avis sur le jeu de crash Aviator des vrais joueurs vous permettront de conna\u00eetre tous les avantages et inconv\u00e9nients de l'appareil. R\u00e8gles de base de l'automate et nuances de gestion.","og_url":"https:\/\/aviator-crash.org\/fr\/aviator-game-reviews\/","article_modified_time":"2024-02-02T14:19:28+00:00","twitter_card":"summary_large_image","twitter_misc":{"Est. reading time":"1 minute"},"schema":{"@context":"https:\/\/schema.org","@graph":[{"@type":"WebPage","@id":"https:\/\/aviator-crash.org\/fr\/aviator-game-reviews\/","url":"https:\/\/aviator-crash.org\/fr\/aviator-game-reviews\/","name":"Aviator commentaires des joueurs sur le jeu","isPartOf":{"@id":"https:\/\/aviator-crash.org\/fr\/#website"},"datePublished":"2023-12-22T18:32:01+00:00","dateModified":"2024-02-02T14:19:28+00:00","description":"Les avis sur le jeu de crash Aviator des vrais joueurs vous permettront de conna\u00eetre tous les avantages et inconv\u00e9nients de l'appareil. R\u00e8gles de base de l'automate et nuances de gestion.","breadcrumb":{"@id":"https:\/\/aviator-crash.org\/fr\/aviator-game-reviews\/#breadcrumb"},"inLanguage":"fr-FR","potentialAction":[{"@type":"ReadAction","target":["https:\/\/aviator-crash.org\/fr\/aviator-game-reviews\/"]}]},{"@type":"BreadcrumbList","@id":"https:\/\/aviator-crash.org\/fr\/aviator-game-reviews\/#breadcrumb","itemListElement":[{"@type":"ListItem","position":1,"name":"Home","item":"https:\/\/aviator-crash.org\/fr\/"},{"@type":"ListItem","position":2,"name":"Aviator Game Reviews"}]},{"@type":"WebSite","@id":"https:\/\/aviator-crash.org\/fr\/#website","url":"https:\/\/aviator-crash.org\/fr\/","name":"","description":"","potentialAction":[{"@type":"SearchAction","target":{"@type":"EntryPoint","urlTemplate":"https:\/\/aviator-crash.org\/fr\/?s={search_term_string}"},"query-input":"required name=search_term_string"}],"inLanguage":"fr-FR"}]}},"_links":{"self":[{"href":"https:\/\/aviator-crash.org\/fr\/wp-json\/wp\/v2\/pages\/1159"}],"collection":[{"href":"https:\/\/aviator-crash.org\/fr\/wp-json\/wp\/v2\/pages"}],"about":[{"href":"https:\/\/aviator-crash.org\/fr\/wp-json\/wp\/v2\/types\/page"}],"author":[{"embeddable":true,"href":"https:\/\/aviator-crash.org\/fr\/wp-json\/wp\/v2\/users\/2"}],"replies":[{"embeddable":true,"href":"https:\/\/aviator-crash.org\/fr\/wp-json\/wp\/v2\/comments?post=1159"}],"version-history":[{"count":3,"href":"https:\/\/aviator-crash.org\/fr\/wp-json\/wp\/v2\/pages\/1159\/revisions"}],"predecessor-version":[{"id":1162,"href":"https:\/\/aviator-crash.org\/fr\/wp-json\/wp\/v2\/pages\/1159\/revisions\/1162"}],"wp:attachment":[{"href":"https:\/\/aviator-crash.org\/fr\/wp-json\/wp\/v2\/media?parent=1159"}],"curies":[{"name":"wp","href":"https:\/\/api.w.org\/{rel}","templated":true}]}}