{"id":1201,"date":"2023-12-27T19:12:26","date_gmt":"2023-12-27T19:12:26","guid":{"rendered":"https:\/\/aviator-crash.org\/jeux-dargent-rapides-en-ligne-avec-retrait\/"},"modified":"2024-02-02T14:49:21","modified_gmt":"2024-02-02T14:49:21","slug":"jeux-dargent-rapides-en-ligne-avec-retrait","status":"publish","type":"page","link":"https:\/\/aviator-crash.org\/fr\/jeux-dargent-rapides-en-ligne-avec-retrait\/","title":{"rendered":"Jeux d&rsquo;argent rapides en ligne avec retrait"},"content":{"rendered":"\n<figure class=\"wp-block-gallery has-nested-images columns-default is-cropped wp-block-gallery-1 is-layout-flex wp-block-gallery-is-layout-flex\">\n<figure class=\"wp-block-image size-large\"><span itemprop=\"image\" itemscope itemtype=\"https:\/\/schema.org\/ImageObject\"><img itemprop=\"url image\" loading=\"lazy\" decoding=\"async\" width=\"683\" height=\"600\" data-id=\"460\" src=\"https:\/\/aviator-crash.org\/wp-content\/uploads\/2024\/01\/aviator-minigame-logo-4.png\" alt=\"\" class=\"wp-image-460\" srcset=\"https:\/\/aviator-crash.org\/wp-content\/uploads\/2024\/01\/aviator-minigame-logo-4.png 683w, https:\/\/aviator-crash.org\/wp-content\/uploads\/2024\/01\/aviator-minigame-logo-4-300x264.png 300w\" sizes=\"(max-width: 683px) 100vw, 683px\" \/><meta itemprop=\"width\" content=\"683\"><meta itemprop=\"height\" content=\"600\"><\/span><\/figure>\n<\/figure>\n\n<p>Le concept des jeux Crash est apparu au d\u00e9but des ann\u00e9es 2000.\nCependant, ces derni\u00e8res ann\u00e9es, ils sont devenus de plus en plus populaires.\nDes jeux permettant de gagner rapidement de l&rsquo;argent sont propos\u00e9s dans presque tous les casinos en ligne.\nChaque tour est passionnant et rempli d&rsquo;adr\u00e9naline.\nLes jeux rapides se caract\u00e9risent par un gameplay simple : le multiplicateur augmente, en cons\u00e9quence, les gains augmentent, vous devez r\u00e9ussir \u00e0 prendre l&rsquo;argent avant le d\u00e9sastre.    <\/p>\n\n<h2 class=\"wp-block-heading\">Jeu d&rsquo;argent avec retrait<\/h2>\n\n<p>Les gains rapides dans les jeux de hasard sont tr\u00e8s attrayants pour les joueurs.\nL&rsquo;utilisateur doit suivre attentivement le d\u00e9roulement du jeu et appuyer sur le bouton au moment o\u00f9 son intuition le pousse \u00e0 le faire.\nLe jeu avec retrait d&rsquo;argent rapide est r\u00e9el, il est confirm\u00e9 par des joueurs du monde entier.  <\/p>\n\n<p>Le principe est tr\u00e8s simple : le joueur fait une mise, \u00e0 la suite de laquelle le multiplicateur augmente.\nPersonne ne sait \u00e0 quel moment le tour se terminera.\nIl est possible de gagner rapidement de l&rsquo;argent aux jeux d&rsquo;argent si, gr\u00e2ce \u00e0 l&rsquo;intuition, on appuie sur le bouton avant la catastrophe.\nLe gain est le produit de la mise sur le coefficient auquel le jeu s&rsquo;est arr\u00eat\u00e9.\nSi l&rsquo;utilisateur n&rsquo;a pas eu le temps, c&rsquo;est le casino qui a gagn\u00e9.\nPlus le tour est long, plus le risque est grand.\nMais en m\u00eame temps, il y a plus de chances de gagner.      <\/p>\n\n<p>Le jeu Crash for money est bas\u00e9 sur le GSC, qui est impossible \u00e0 battre.\nDe m\u00eame, les divers programmes de piratage ou les stratag\u00e8mes frauduleux ne sont d&rsquo;aucune utilit\u00e9.\nL&rsquo;honn\u00eatet\u00e9 de crash games peut \u00eatre prouv\u00e9e, n&rsquo;importe quel utilisateur peut le v\u00e9rifier.  <\/p>\n\n<h2 class=\"wp-block-heading\">Jouer \u00e0 Aviator (avion volant) pour de l&rsquo;argent<\/h2>\n\n<p>Les jeux de retrait d&rsquo;argent mini sont extr\u00eamement populaires.\nL&rsquo;un des plus c\u00e9l\u00e8bres est Aviator.\nLe design est tr\u00e8s simple.\nSur un fond sombre, un avion prend de l&rsquo;altitude.\nPlus il est haut, plus le coefficient est \u00e9lev\u00e9.\nSi vous le souhaitez, il est possible de d\u00e9sactiver l&rsquo;animation.\nDans ce cas, l&rsquo;utilisateur ne verra devant lui que le coefficient de croissance.\nLe multiplicateur de comptage commence \u00e0 un, sa mont\u00e9e est irr\u00e9guli\u00e8re.\nQuelques secondes suffisent pour qu&rsquo;il soit multipli\u00e9 par cinq ou par cent.\nLa dur\u00e9e du tour peut \u00eatre diff\u00e9rente : une seconde enti\u00e8re ou une petite fraction.\nSi le joueur le souhaite, il peut lancer le jeu automatique, il lui suffit de fixer la mise et le coefficient pour terminer le tour.\nVous pouvez vous familiariser avec les paris pr\u00e9c\u00e9dents et les r\u00e9sultats des autres utilisateurs gr\u00e2ce aux statistiques en direct.           <\/p>\n\n<h2 class=\"wp-block-heading\">Jeu de collision &#8211; Lucky Jet<\/h2>\n\n<figure class=\"wp-block-gallery has-nested-images columns-default is-cropped wp-block-gallery-2 is-layout-flex wp-block-gallery-is-layout-flex\">\n<figure class=\"wp-block-image size-large\"><span itemprop=\"image\" itemscope itemtype=\"https:\/\/schema.org\/ImageObject\"><img itemprop=\"url image\" loading=\"lazy\" decoding=\"async\" width=\"1024\" height=\"509\" data-id=\"448\" src=\"https:\/\/aviator-crash.org\/wp-content\/uploads\/2024\/01\/lucky-jet_1-1024x509.jpg\" alt=\"\" class=\"wp-image-448\" srcset=\"https:\/\/aviator-crash.org\/wp-content\/uploads\/2024\/01\/lucky-jet_1-1024x509.jpg 1024w, https:\/\/aviator-crash.org\/wp-content\/uploads\/2024\/01\/lucky-jet_1-300x149.jpg 300w, https:\/\/aviator-crash.org\/wp-content\/uploads\/2024\/01\/lucky-jet_1-768x382.jpg 768w, https:\/\/aviator-crash.org\/wp-content\/uploads\/2024\/01\/lucky-jet_1.jpg 1093w\" sizes=\"(max-width: 1024px) 100vw, 1024px\" \/><meta itemprop=\"width\" content=\"1024\"><meta itemprop=\"height\" content=\"509\"><\/span><\/figure>\n<\/figure>\n\n<p>Les jeux de crash pour de l&rsquo;argent avec bonus ont une intrigue diff\u00e9rente.\nEn ligne, vous pouvez tenter votre chance dans Lucky Jet, o\u00f9 le personnage principal, Joe, essaie de s&rsquo;envoler avec une sacoche pleine d&rsquo;argent.\nLes r\u00e8gles du jeu Crash for money sont simples.\nVous devez choisir un pari et avoir le temps de l&rsquo;encaisser.\nSi vous ne le faites pas \u00e0 temps, l&rsquo;argent br\u00fblera.\nLes chances de gagner d\u00e9pendent du temps pendant lequel Joe restera en l&rsquo;air.     <\/p>\n\n<p>Le multiplicateur maximum est de 100, et dans certains \u00e9tablissements de jeu, il est doubl\u00e9.\nLe gain d\u00e9pend uniquement de l&rsquo;intuition du joueur, qui d\u00e9cide du moment o\u00f9 il appuie sur le bouton. <\/p>\n\n<h2 class=\"wp-block-heading\">Jeu de collision &#8211; Jet X<\/h2>\n\n<figure class=\"wp-block-gallery has-nested-images columns-default is-cropped wp-block-gallery-3 is-layout-flex wp-block-gallery-is-layout-flex\">\n<figure class=\"wp-block-image size-large\"><span itemprop=\"image\" itemscope itemtype=\"https:\/\/schema.org\/ImageObject\"><img itemprop=\"url image\" loading=\"lazy\" decoding=\"async\" width=\"1024\" height=\"621\" data-id=\"451\" src=\"https:\/\/aviator-crash.org\/wp-content\/uploads\/2024\/01\/jetx-game-9-1024x621-1.png\" alt=\"\" class=\"wp-image-451\" srcset=\"https:\/\/aviator-crash.org\/wp-content\/uploads\/2024\/01\/jetx-game-9-1024x621-1.png 1024w, https:\/\/aviator-crash.org\/wp-content\/uploads\/2024\/01\/jetx-game-9-1024x621-1-300x182.png 300w, https:\/\/aviator-crash.org\/wp-content\/uploads\/2024\/01\/jetx-game-9-1024x621-1-768x466.png 768w\" sizes=\"(max-width: 1024px) 100vw, 1024px\" \/><meta itemprop=\"width\" content=\"1024\"><meta itemprop=\"height\" content=\"621\"><\/span><\/figure>\n<\/figure>\n\n<p>Les jeux d&rsquo;argent rapide utilisent souvent un v\u00e9hicule comme protagoniste.\nDans Jet X, vous devez suivre les mouvements d&rsquo;un avion \u00e0 r\u00e9action.\nCependant, \u00e0 un moment donn\u00e9, il s&rsquo;\u00e9crasera et dispara\u00eetra du radar.\nEt c&rsquo;est avant cela que l&rsquo;utilisateur doit prudemment appuyer sur le bouton de retrait.\nSinon, c&rsquo;est le casino qui gagne.    <\/p>\n\n<p>Ce jeu est l&rsquo;un des meilleurs, il est pr\u00e9sent\u00e9 dans de nombreux casinos.\nL&rsquo;utilisateur voit un \u00e9cran radar devant lui, qui montre l&rsquo;avion et le coefficient.\nCe dernier augmente lorsque l&rsquo;avion d\u00e9colle.\nCe n&rsquo;est pas pour rien que Jet X est inclus dans la cat\u00e9gorie des \u00ab\u00a0jeux \u00e0 retrait rapide\u00a0\u00bb, le tour ne dure pas plus de quelques minutes.   <\/p>\n\n<p>Dans les champs lat\u00e9raux, l&rsquo;utilisateur peut voir les r\u00e9sultats obtenus lors des tours pr\u00e9c\u00e9dents.\nDe plus, les statistiques r\u00e9elles de tous les utilisateurs sont indiqu\u00e9es.\nLe joueur peut faire deux paris par tour, si n\u00e9cessaire, le retrait automatique est activ\u00e9.\nLe crash se produit \u00e0 tout moment, m\u00eame si le chasseur vient de commencer \u00e0 prendre de l&rsquo;altitude.\nLes sites d&rsquo;information font \u00e9tat d&rsquo;un coefficient maximal de x25000, mais il n&rsquo;a encore \u00e9t\u00e9 atteint par aucun joueur.    <\/p>\n\n<h2 class=\"wp-block-heading\">Crash du jeu &#8211; Rocket X<\/h2>\n\n<figure class=\"wp-block-gallery has-nested-images columns-default is-cropped wp-block-gallery-4 is-layout-flex wp-block-gallery-is-layout-flex\">\n<figure class=\"wp-block-image size-large\"><span itemprop=\"image\" itemscope itemtype=\"https:\/\/schema.org\/ImageObject\"><img itemprop=\"url image\" loading=\"lazy\" decoding=\"async\" width=\"1024\" height=\"448\" data-id=\"453\" src=\"https:\/\/aviator-crash.org\/wp-content\/uploads\/2024\/01\/screenshot-2022-11-29-at-12.55.42-1024x448.jpg\" alt=\"\" class=\"wp-image-453\" srcset=\"https:\/\/aviator-crash.org\/wp-content\/uploads\/2024\/01\/screenshot-2022-11-29-at-12.55.42-1024x448.jpg 1024w, https:\/\/aviator-crash.org\/wp-content\/uploads\/2024\/01\/screenshot-2022-11-29-at-12.55.42-300x131.jpg 300w, https:\/\/aviator-crash.org\/wp-content\/uploads\/2024\/01\/screenshot-2022-11-29-at-12.55.42-768x336.jpg 768w, https:\/\/aviator-crash.org\/wp-content\/uploads\/2024\/01\/screenshot-2022-11-29-at-12.55.42-1536x673.jpg 1536w, https:\/\/aviator-crash.org\/wp-content\/uploads\/2024\/01\/screenshot-2022-11-29-at-12.55.42-2048x897.jpg 2048w\" sizes=\"(max-width: 1024px) 100vw, 1024px\" \/><meta itemprop=\"width\" content=\"1024\"><meta itemprop=\"height\" content=\"448\"><\/span><\/figure>\n<\/figure>\n\n<p>L&rsquo;utilisateur regarde la fus\u00e9e d\u00e9coller.\nIl peut parier de 0,1 \u00e0 140.\nPlus le vol dure longtemps, plus le coefficient est \u00e9lev\u00e9.\nLe joueur peut personnaliser le jeu \u00e0 sa guise, utiliser les mises et les retraits automatiques.\nLe jeu de crash n\u00e9cessite un minimum de r\u00e9glages.\nApr\u00e8s cela, l&rsquo;utilisateur peut profiter d&rsquo;un processus spectaculaire : apr\u00e8s le lancement de la fus\u00e9e, il y a un panache lumineux, il y a aussi une augmentation du coefficient.\nEn l&rsquo;absence de retrait automatique, le moment de la fin du tour est choisi par le joueur.\nS&rsquo;il n&rsquo;a pas eu le temps de le faire avant l&rsquo;explosion, il reste en perte.\nIl est possible de devenir gagnant en utilisant diff\u00e9rentes strat\u00e9gies et tactiques.        <\/p>\n\n<h2 class=\"wp-block-heading\">Jeu de simulation &#8211; Space XY<\/h2>\n\n<figure class=\"wp-block-gallery has-nested-images columns-default is-cropped wp-block-gallery-5 is-layout-flex wp-block-gallery-is-layout-flex\">\n<figure class=\"wp-block-image size-large\"><span itemprop=\"image\" itemscope itemtype=\"https:\/\/schema.org\/ImageObject\"><img itemprop=\"url image\" loading=\"lazy\" decoding=\"async\" width=\"1024\" height=\"577\" data-id=\"455\" src=\"https:\/\/aviator-crash.org\/wp-content\/uploads\/2024\/01\/spacexy-gameplay-screen-1024x577-1.webp\" alt=\"\" class=\"wp-image-455\" srcset=\"https:\/\/aviator-crash.org\/wp-content\/uploads\/2024\/01\/spacexy-gameplay-screen-1024x577-1.webp 1024w, https:\/\/aviator-crash.org\/wp-content\/uploads\/2024\/01\/spacexy-gameplay-screen-1024x577-1-300x169.webp 300w, https:\/\/aviator-crash.org\/wp-content\/uploads\/2024\/01\/spacexy-gameplay-screen-1024x577-1-768x433.webp 768w\" sizes=\"(max-width: 1024px) 100vw, 1024px\" \/><meta itemprop=\"width\" content=\"1024\"><meta itemprop=\"height\" content=\"577\"><\/span><\/figure>\n<\/figure>\n\n<p>Le jeu Crash for money poss\u00e8de des caract\u00e9ristiques uniques.\nLe th\u00e8me de l&rsquo;espace le rend plus int\u00e9ressant et plus attrayant pour les joueurs.\nLes vaisseaux spatiaux, les galaxies, les cr\u00e9atures extraterrestres, tout cela combin\u00e9 avec des animations et des graphiques lumineux vous permet de vous immerger compl\u00e8tement dans le monde du jeu.\nSpace XY &#8211; le meilleur jeu avec un retrait rapide, des combinaisons gagnantes et des fonctions bonus.\nIl est disponible dans de nombreux casinos en ligne, de sorte que le jeu Crash est accessible \u00e0 un large public.\nVous pouvez jouer pour de l&rsquo;argent r\u00e9el ou des jetons virtuels, il vous suffit de lancer le mode d\u00e9mo.     <\/p>\n\n<h2 class=\"wp-block-heading\">Jeu rapide &#8211; Cash or Crash<\/h2>\n\n<figure class=\"wp-block-gallery has-nested-images columns-default is-cropped wp-block-gallery-6 is-layout-flex wp-block-gallery-is-layout-flex\">\n<figure class=\"wp-block-image size-large\"><span itemprop=\"image\" itemscope itemtype=\"https:\/\/schema.org\/ImageObject\"><img itemprop=\"url image\" loading=\"lazy\" decoding=\"async\" width=\"1024\" height=\"576\" data-id=\"457\" src=\"https:\/\/aviator-crash.org\/wp-content\/uploads\/2024\/01\/cash-or-crash-evolution-live-games-hollywoodbets-1024x576-1.jpg\" alt=\"\" class=\"wp-image-457\" srcset=\"https:\/\/aviator-crash.org\/wp-content\/uploads\/2024\/01\/cash-or-crash-evolution-live-games-hollywoodbets-1024x576-1.jpg 1024w, https:\/\/aviator-crash.org\/wp-content\/uploads\/2024\/01\/cash-or-crash-evolution-live-games-hollywoodbets-1024x576-1-300x169.jpg 300w, https:\/\/aviator-crash.org\/wp-content\/uploads\/2024\/01\/cash-or-crash-evolution-live-games-hollywoodbets-1024x576-1-768x432.jpg 768w\" sizes=\"(max-width: 1024px) 100vw, 1024px\" \/><meta itemprop=\"width\" content=\"1024\"><meta itemprop=\"height\" content=\"576\"><\/span><\/figure>\n<\/figure>\n\n<p>Le joueur se trouve dans un dirigeable qui se d\u00e9place au-dessus d&rsquo;une grande m\u00e9tropole.\nL&rsquo;utilisateur voit un appareil dans lequel des balles sont m\u00e9lang\u00e9es.\nHuit boules rouges, 19 boules vertes et une boule dor\u00e9e sont utilis\u00e9es.\nLe joueur doit monter les escaliers.\nPour ce faire, il doit collecter des boules de couleur verte.\nSi une boule rouge tombe, le tour est termin\u00e9.\nLa boule dor\u00e9e peut \u00eatre utilis\u00e9e pour la d\u00e9fense, elle donne une vie suppl\u00e9mentaire.      <\/p>\n\n<p>Lorsque le bouclier est bris\u00e9 ou que la boule verte tombe, le joueur peut rester dans le jeu avec l&rsquo;int\u00e9gralit\u00e9 de ses gains ou mettre fin \u00e0 la partie.\nIl a \u00e9galement la possibilit\u00e9 de retirer la moiti\u00e9 de l&rsquo;argent et de continuer le jeu avec la somme restante.\nLe joueur devra passer par vingt niveaux.\nAu premier d&rsquo;entre eux, le multiplicateur est de 1,2x, et au sommet de l&rsquo;\u00e9chelle, il est de 18000x.\nIl suffit au joueur de miser 5 $ pour obtenir 90000 $.    <\/p>\n\n<p>Le t\u00e9l\u00e9chargement du jeu avec un retrait rapide de l&rsquo;argent est disponible dans les casinos en ligne.\nIl est n\u00e9cessaire de choisir un service fiable disposant d&rsquo;une licence, qui garantit le respect des r\u00e8gles de l&rsquo;autorit\u00e9 de r\u00e9gulation.\nCela signifie que le casino a les moyens de verser des sommes importantes aux gagnants et qu&rsquo;il fait constamment l&rsquo;objet d&rsquo;audits internes et de v\u00e9rifications de son logiciel.\nIl est important d&rsquo;\u00e9tudier les critiques et le site web de l&rsquo;\u00e9tablissement.\nSi l&rsquo;utilisateur tombe sur un site frauduleux, il ne se divertira pas avec un bonus et des gains, mais perdra des donn\u00e9es personnelles ou infectera son appareil avec des virus.    <\/p>\n","protected":false},"excerpt":{"rendered":"<p>Le concept des jeux Crash est apparu au d\u00e9but des ann\u00e9es 2000. Cependant, ces derni\u00e8res ann\u00e9es, ils sont devenus de plus en plus populaires. Des jeux permettant de gagner rapidement de l&rsquo;argent sont propos\u00e9s dans presque tous les casinos en ligne. Chaque tour est passionnant et rempli d&rsquo;adr\u00e9naline. Les jeux rapides se caract\u00e9risent par un [&hellip;]<\/p>\n","protected":false},"author":2,"featured_media":0,"parent":0,"menu_order":0,"comment_status":"closed","ping_status":"closed","template":"","meta":{"footnotes":""},"yoast_head":"<!-- This site is optimized with the Yoast SEO plugin v21.7 - https:\/\/yoast.com\/wordpress\/plugins\/seo\/ -->\n<title>Crash Games for money (jeu de crash en ligne rapide avec retrait d&#039;argent)<\/title>\n<meta name=\"description\" content=\"Les jeux de crash sont populaires parce qu&#039;ils permettent de gagner rapidement de l&#039;argent. Les jeux d&#039;argent, o\u00f9 il y a un crash, se caract\u00e9risent par des r\u00e8gles simples. En m\u00eame temps, ils sont tr\u00e8s excitants et tr\u00e8s ludiques.\" \/>\n<meta name=\"robots\" content=\"index, follow, max-snippet:-1, max-image-preview:large, max-video-preview:-1\" \/>\n<link rel=\"canonical\" href=\"https:\/\/aviator-crash.org\/fr\/jeux-dargent-rapides-en-ligne-avec-retrait\/\" \/>\n<meta property=\"og:locale\" content=\"fr_FR\" \/>\n<meta property=\"og:type\" content=\"article\" \/>\n<meta property=\"og:title\" content=\"Crash Games for money (jeu de crash en ligne rapide avec retrait d&#039;argent)\" \/>\n<meta property=\"og:description\" content=\"Les jeux de crash sont populaires parce qu&#039;ils permettent de gagner rapidement de l&#039;argent. Les jeux d&#039;argent, o\u00f9 il y a un crash, se caract\u00e9risent par des r\u00e8gles simples. En m\u00eame temps, ils sont tr\u00e8s excitants et tr\u00e8s ludiques.\" \/>\n<meta property=\"og:url\" content=\"https:\/\/aviator-crash.org\/fr\/jeux-dargent-rapides-en-ligne-avec-retrait\/\" \/>\n<meta property=\"article:modified_time\" content=\"2024-02-02T14:49:21+00:00\" \/>\n<meta property=\"og:image\" content=\"https:\/\/aviator-crash.org\/wp-content\/uploads\/2024\/01\/aviator-minigame-logo-4.png\" \/>\n<meta name=\"twitter:card\" content=\"summary_large_image\" \/>\n<meta name=\"twitter:label1\" content=\"Est. reading time\" \/>\n\t<meta name=\"twitter:data1\" content=\"7 minutes\" \/>\n<script type=\"application\/ld+json\" class=\"yoast-schema-graph\">{\"@context\":\"https:\/\/schema.org\",\"@graph\":[{\"@type\":\"WebPage\",\"@id\":\"https:\/\/aviator-crash.org\/fr\/jeux-dargent-rapides-en-ligne-avec-retrait\/\",\"url\":\"https:\/\/aviator-crash.org\/fr\/jeux-dargent-rapides-en-ligne-avec-retrait\/\",\"name\":\"Crash Games for money (jeu de crash en ligne rapide avec retrait d'argent)\",\"isPartOf\":{\"@id\":\"https:\/\/aviator-crash.org\/fr\/#website\"},\"datePublished\":\"2023-12-27T19:12:26+00:00\",\"dateModified\":\"2024-02-02T14:49:21+00:00\",\"description\":\"Les jeux de crash sont populaires parce qu'ils permettent de gagner rapidement de l'argent. Les jeux d'argent, o\u00f9 il y a un crash, se caract\u00e9risent par des r\u00e8gles simples. En m\u00eame temps, ils sont tr\u00e8s excitants et tr\u00e8s ludiques.\",\"breadcrumb\":{\"@id\":\"https:\/\/aviator-crash.org\/fr\/jeux-dargent-rapides-en-ligne-avec-retrait\/#breadcrumb\"},\"inLanguage\":\"fr-FR\",\"potentialAction\":[{\"@type\":\"ReadAction\",\"target\":[\"https:\/\/aviator-crash.org\/fr\/jeux-dargent-rapides-en-ligne-avec-retrait\/\"]}]},{\"@type\":\"BreadcrumbList\",\"@id\":\"https:\/\/aviator-crash.org\/fr\/jeux-dargent-rapides-en-ligne-avec-retrait\/#breadcrumb\",\"itemListElement\":[{\"@type\":\"ListItem\",\"position\":1,\"name\":\"Home\",\"item\":\"https:\/\/aviator-crash.org\/fr\/\"},{\"@type\":\"ListItem\",\"position\":2,\"name\":\"Jeux d&rsquo;argent rapides en ligne avec retrait\"}]},{\"@type\":\"WebSite\",\"@id\":\"https:\/\/aviator-crash.org\/fr\/#website\",\"url\":\"https:\/\/aviator-crash.org\/fr\/\",\"name\":\"\",\"description\":\"\",\"potentialAction\":[{\"@type\":\"SearchAction\",\"target\":{\"@type\":\"EntryPoint\",\"urlTemplate\":\"https:\/\/aviator-crash.org\/fr\/?s={search_term_string}\"},\"query-input\":\"required name=search_term_string\"}],\"inLanguage\":\"fr-FR\"}]}<\/script>\n<!-- \/ Yoast SEO plugin. -->","yoast_head_json":{"title":"Crash Games for money (jeu de crash en ligne rapide avec retrait d'argent)","description":"Les jeux de crash sont populaires parce qu'ils permettent de gagner rapidement de l'argent. Les jeux d'argent, o\u00f9 il y a un crash, se caract\u00e9risent par des r\u00e8gles simples. En m\u00eame temps, ils sont tr\u00e8s excitants et tr\u00e8s ludiques.","robots":{"index":"index","follow":"follow","max-snippet":"max-snippet:-1","max-image-preview":"max-image-preview:large","max-video-preview":"max-video-preview:-1"},"canonical":"https:\/\/aviator-crash.org\/fr\/jeux-dargent-rapides-en-ligne-avec-retrait\/","og_locale":"fr_FR","og_type":"article","og_title":"Crash Games for money (jeu de crash en ligne rapide avec retrait d'argent)","og_description":"Les jeux de crash sont populaires parce qu'ils permettent de gagner rapidement de l'argent. Les jeux d'argent, o\u00f9 il y a un crash, se caract\u00e9risent par des r\u00e8gles simples. En m\u00eame temps, ils sont tr\u00e8s excitants et tr\u00e8s ludiques.","og_url":"https:\/\/aviator-crash.org\/fr\/jeux-dargent-rapides-en-ligne-avec-retrait\/","article_modified_time":"2024-02-02T14:49:21+00:00","og_image":[{"url":"https:\/\/aviator-crash.org\/wp-content\/uploads\/2024\/01\/aviator-minigame-logo-4.png"}],"twitter_card":"summary_large_image","twitter_misc":{"Est. reading time":"7 minutes"},"schema":{"@context":"https:\/\/schema.org","@graph":[{"@type":"WebPage","@id":"https:\/\/aviator-crash.org\/fr\/jeux-dargent-rapides-en-ligne-avec-retrait\/","url":"https:\/\/aviator-crash.org\/fr\/jeux-dargent-rapides-en-ligne-avec-retrait\/","name":"Crash Games for money (jeu de crash en ligne rapide avec retrait d'argent)","isPartOf":{"@id":"https:\/\/aviator-crash.org\/fr\/#website"},"datePublished":"2023-12-27T19:12:26+00:00","dateModified":"2024-02-02T14:49:21+00:00","description":"Les jeux de crash sont populaires parce qu'ils permettent de gagner rapidement de l'argent. Les jeux d'argent, o\u00f9 il y a un crash, se caract\u00e9risent par des r\u00e8gles simples. En m\u00eame temps, ils sont tr\u00e8s excitants et tr\u00e8s ludiques.","breadcrumb":{"@id":"https:\/\/aviator-crash.org\/fr\/jeux-dargent-rapides-en-ligne-avec-retrait\/#breadcrumb"},"inLanguage":"fr-FR","potentialAction":[{"@type":"ReadAction","target":["https:\/\/aviator-crash.org\/fr\/jeux-dargent-rapides-en-ligne-avec-retrait\/"]}]},{"@type":"BreadcrumbList","@id":"https:\/\/aviator-crash.org\/fr\/jeux-dargent-rapides-en-ligne-avec-retrait\/#breadcrumb","itemListElement":[{"@type":"ListItem","position":1,"name":"Home","item":"https:\/\/aviator-crash.org\/fr\/"},{"@type":"ListItem","position":2,"name":"Jeux d&rsquo;argent rapides en ligne avec retrait"}]},{"@type":"WebSite","@id":"https:\/\/aviator-crash.org\/fr\/#website","url":"https:\/\/aviator-crash.org\/fr\/","name":"","description":"","potentialAction":[{"@type":"SearchAction","target":{"@type":"EntryPoint","urlTemplate":"https:\/\/aviator-crash.org\/fr\/?s={search_term_string}"},"query-input":"required name=search_term_string"}],"inLanguage":"fr-FR"}]}},"_links":{"self":[{"href":"https:\/\/aviator-crash.org\/fr\/wp-json\/wp\/v2\/pages\/1201"}],"collection":[{"href":"https:\/\/aviator-crash.org\/fr\/wp-json\/wp\/v2\/pages"}],"about":[{"href":"https:\/\/aviator-crash.org\/fr\/wp-json\/wp\/v2\/types\/page"}],"author":[{"embeddable":true,"href":"https:\/\/aviator-crash.org\/fr\/wp-json\/wp\/v2\/users\/2"}],"replies":[{"embeddable":true,"href":"https:\/\/aviator-crash.org\/fr\/wp-json\/wp\/v2\/comments?post=1201"}],"version-history":[{"count":1,"href":"https:\/\/aviator-crash.org\/fr\/wp-json\/wp\/v2\/pages\/1201\/revisions"}],"predecessor-version":[{"id":1209,"href":"https:\/\/aviator-crash.org\/fr\/wp-json\/wp\/v2\/pages\/1201\/revisions\/1209"}],"wp:attachment":[{"href":"https:\/\/aviator-crash.org\/fr\/wp-json\/wp\/v2\/media?parent=1201"}],"curies":[{"name":"wp","href":"https:\/\/api.w.org\/{rel}","templated":true}]}}