{"id":1234,"date":"2023-12-27T19:58:01","date_gmt":"2023-12-27T19:58:01","guid":{"rendered":"https:\/\/aviator-crash.org\/jouer-a-cash-or-crash\/"},"modified":"2024-02-02T15:01:40","modified_gmt":"2024-02-02T15:01:40","slug":"jouer-a-cash-or-crash","status":"publish","type":"page","link":"https:\/\/aviator-crash.org\/fr\/jouer-a-cash-or-crash\/","title":{"rendered":"Jouer \u00e0 Cash or Crash"},"content":{"rendered":"\n<figure class=\"wp-block-gallery has-nested-images columns-default is-cropped wp-block-gallery-1 is-layout-flex wp-block-gallery-is-layout-flex\">\n<figure class=\"wp-block-image size-large\"><span itemprop=\"image\" itemscope itemtype=\"https:\/\/schema.org\/ImageObject\"><img itemprop=\"url image\" loading=\"lazy\" decoding=\"async\" width=\"1024\" height=\"498\" data-id=\"466\" src=\"https:\/\/aviator-crash.org\/wp-content\/uploads\/2024\/01\/cash-or-crash-live-1200x584-1-1024x498.jpeg\" alt=\"\" class=\"wp-image-466\" srcset=\"https:\/\/aviator-crash.org\/wp-content\/uploads\/2024\/01\/cash-or-crash-live-1200x584-1-1024x498.jpeg 1024w, https:\/\/aviator-crash.org\/wp-content\/uploads\/2024\/01\/cash-or-crash-live-1200x584-1-300x146.jpeg 300w, https:\/\/aviator-crash.org\/wp-content\/uploads\/2024\/01\/cash-or-crash-live-1200x584-1-768x374.jpeg 768w, https:\/\/aviator-crash.org\/wp-content\/uploads\/2024\/01\/cash-or-crash-live-1200x584-1.jpeg 1200w\" sizes=\"(max-width: 1024px) 100vw, 1024px\" \/><meta itemprop=\"width\" content=\"1024\"><meta itemprop=\"height\" content=\"498\"><\/span><\/figure>\n<\/figure>\n\n<p>Cash or Crash est un jeu tr\u00e8s demand\u00e9 par les amateurs d&rsquo;applications de jeux d&rsquo;argent, de mises \u00e9lev\u00e9es et de risques.\nC&rsquo;est une excellente option pour s&rsquo;amuser et tenter sa chance.\nCash or Crash est une application pour Android, o\u00f9 les joueurs peuvent parier sur divers \u00e9v\u00e9nements dont l&rsquo;issue est d\u00e9termin\u00e9e de mani\u00e8re al\u00e9atoire.\nPour commencer \u00e0 jouer, il vous suffit de t\u00e9l\u00e9charger l&rsquo;application sur le site de paris officiel de One Win, de vous inscrire ou de vous connecter \u00e0 votre compte personnel et de placer votre pari.\nT\u00e9l\u00e9charger Cash or Crash gratuitement est accessible \u00e0 tous.\nLancez le jeu et passez un bon moment.     <\/p>\n\n<h2 class=\"wp-block-heading\">Avantages du jeu en ligne Cash or Crash<\/h2>\n\n<p>Les jeux d&rsquo;argent sont consid\u00e9r\u00e9s comme l&rsquo;un des jeux les plus populaires aujourd&rsquo;hui.\nLa raison principale est que vous pouvez non seulement passer un moment int\u00e9ressant, mais aussi gagner de l&rsquo;argent r\u00e9el.\nEn g\u00e9n\u00e9ral, l&rsquo;aspect visuel de l&rsquo;application Cash or Crash est un vrai r\u00e9gal.\nD&rsquo;excellents graphismes, une interface claire, un contr\u00f4le simple et intuitif &#8211; tout cela se trouve ici.   <\/p>\n\n<p>Les principaux avantages du jeu de hasard populaire Cash or Crash sont les suivants :<\/p>\n\n<ul>\n<li>Un jeu int\u00e9ressant.\nIl offre un gameplay passionnant et addictif avec la possibilit\u00e9 de gagner ou de perdre rapidement. <\/li>\n\n\n\n<li>Mode multijoueur.\nLa possibilit\u00e9 de jouer avec des amis ou d&rsquo;autres joueurs peut ajouter un aspect social et amusant. <\/li>\n\n\n\n<li>Graphisme et son.\nDes graphismes et un son de haute qualit\u00e9 cr\u00e9ent l&rsquo;atmosph\u00e8re du jeu et le rendent plus attrayant pour les joueurs. <\/li>\n\n\n\n<li>Disponibilit\u00e9 de mises \u00e0 jour r\u00e9guli\u00e8res.\nGr\u00e2ce \u00e0 cela, vous pourrez profiter de votre jeu favori avec de meilleures performances.\nLes d\u00e9veloppeurs essaient d&rsquo;am\u00e9liorer le jeu r\u00e9guli\u00e8rement pour r\u00e9pondre aux tendances actuelles dans le monde du jeu en ligne.  <\/li>\n\n\n\n<li>La possibilit\u00e9 de jouer directement depuis votre t\u00e9l\u00e9phone, o\u00f9 que vous soyez.\nC&rsquo;est une excellente occasion de s&rsquo;amuser, de profiter du jeu et m\u00eame d&rsquo;essayer de gagner de l&rsquo;argent r\u00e9el. <\/li>\n\n\n\n<li>De nombreux modes de jeu diff\u00e9rents.\nUne strat\u00e9gie Cash ou Crash bien choisie augmentera les chances de gagner dans tous les modes. <\/li>\n<\/ul>\n\n<p>Dans l&rsquo;ensemble, le jeu Cash or Crash est un excellent exemple d&rsquo;application passionnante o\u00f9 vous pouvez gagner de l&rsquo;argent r\u00e9el.\nVous pouvez vous amuser et jouer avec vos amis ou d&rsquo;autres joueurs en ligne gr\u00e2ce au mode multijoueur. <\/p>\n\n<h2 class=\"wp-block-heading\">Comment jouer \u00e0 Cash or Crash<\/h2>\n\n<p>\u00ab\u00a0Cash or Crash\u00a0\u00bb est un jeu d&rsquo;argent virtuel souvent propos\u00e9 par les casinos en ligne.\nSi les r\u00e8gles peuvent varier l\u00e9g\u00e8rement d&rsquo;une version \u00e0 l&rsquo;autre du jeu, le concept de base reste g\u00e9n\u00e9ralement le m\u00eame.\nVoici un guide g\u00e9n\u00e9ral sur la fa\u00e7on de jouer \u00e0 Cash or Crash :  <\/p>\n\n<ul>\n<li>Inscription.\nVous devrez peut-\u00eatre vous inscrire dans un casino en ligne qui propose le jeu Cash or Crash.\nSuivez les instructions pour cr\u00e9er un compte.  <\/li>\n\n\n\n<li>Rechargement.\nAvant de commencer \u00e0 jouer, vous devez recharger votre compte de jeu avec de l&rsquo;argent r\u00e9el.\nDans la plupart des cas, vous pouvez le faire en utilisant diff\u00e9rentes m\u00e9thodes de paiement.  <\/li>\n\n\n\n<li>S\u00e9lection du montant de la mise.<\/li>\n\n\n\n<li>Commencez le tour.<\/li>\n\n\n\n<li>D\u00e9cision de mettre fin \u00e0 la partie.\nAu cours de la partie, vous avez la possibilit\u00e9 de mettre fin \u00e0 la partie \u00e0 tout moment, afin de r\u00e9cup\u00e9rer l&rsquo;argent que vous avez gagn\u00e9.\nCependant, si vous ne terminez pas le tour avant un certain temps, il y a un risque de \u00ab\u00a0crash\u00a0\u00bb et vous perdrez votre mise.  <\/li>\n\n\n\n<li>Crash ou fin du round.\n\u00c0 un moment donn\u00e9 du tour, un \u00ab\u00a0crash\u00a0\u00bb se produit.\nSi vous avez termin\u00e9 le tour avant ce moment, vous recevrez vos gains en fonction du multiplicateur actuel.\nSinon, vous perdez votre mise.   <\/li>\n<\/ul>\n\n<p>Le principe du jeu est assez simple et clair, vous comprendrez donc rapidement ce que vous devez faire ici.\nEn cas de probl\u00e8me, vous pouvez vous r\u00e9f\u00e9rer aux instructions. <\/p>\n\n<h2 class=\"wp-block-heading\">Comment gagner \u00e0 Cash or Crash<\/h2>\n\n<p>Gagner aux jeux de hasard tels que les machines \u00e0 sous, le poker, la roulette et le blackjack est souvent le fruit du hasard, et la plupart des jeux de hasard sont bas\u00e9s sur le hasard.\nCependant, il existe des strat\u00e9gies et des astuces qui peuvent vous aider \u00e0 g\u00e9rer votre bankroll et \u00e0 augmenter vos chances de gagner au jeu de casino Crash Cash : <\/p>\n\n<ul>\n<li>Gestion du bankroll.\nD\u00e9terminez la limite des pertes que vous pouvez vous permettre et ne la d\u00e9passez pas.\nDivisez votre bankroll en sessions de jeu et ne misez que ce que vous pouvez vous permettre de perdre.  <\/li>\n\n\n\n<li>Apprendre les strat\u00e9gies de base.\nComme nous l&rsquo;avons mentionn\u00e9 plus haut, la bonne strat\u00e9gie joue un r\u00f4le cl\u00e9 dans les jeux d&rsquo;argent.\nElle consiste \u00e0 \u00e9tudier les gains pr\u00e9c\u00e9dents, \u00e0 rechercher des mod\u00e8les et \u00e0 mettre en \u00e9vidence les principales combinaisons gagnantes.\nLa strat\u00e9gie Cash or Crash est le plus souvent individuelle, m\u00eame si vous pouvez suivre les conseils de joueurs plus exp\u00e9riment\u00e9s.   <\/li>\n\n\n\n<li>Profitez des bonus.\nProfitez des bonus et des promotions du casino.\nCependant, il est important de lire attentivement les termes et conditions associ\u00e9s aux bonus.  <\/li>\n\n\n\n<li>Lisez attentivement les r\u00e8gles du jeu et familiarisez-vous avec les instructions.<\/li>\n<\/ul>\n\n<p>En suivant les conseils ci-dessus, vous augmentez consid\u00e9rablement vos chances de gagner.<\/p>\n\n<h2 class=\"wp-block-heading\">R\u00e8gles du jeu Cash or Crash<\/h2>\n\n<p>Les r\u00e8gles du jeu sont simples et claires.\nTout d&rsquo;abord, le joueur choisit le montant \u00e0 miser et appuie sur le bouton pour commencer le tour.\nLe tour commence avec un multiplicateur initial (par exemple 1x).\nCe multiplicateur augmente au fil du temps.\nPendant le tour, le joueur dispose d&rsquo;un certain temps pour d\u00e9cider de mettre fin au tour et de prendre ses gains.\nIl peut le faire avant que le multiplicateur n&rsquo;atteigne une certaine valeur, ce qui provoque un \u00ab\u00a0crash\u00a0\u00bb.     <\/p>\n\n<p>Le \u00ab\u00a0crash\u00a0\u00bb se produit lorsque le multiplicateur atteint une certaine valeur.\nSi le joueur a termin\u00e9 le tour avant ce moment, il re\u00e7oit ses gains.\nSinon, la mise est br\u00fbl\u00e9e.\nSi le joueur a termin\u00e9 le tour avant le \u00ab\u00a0crash\u00a0\u00bb et a obtenu les gains, le montant des gains d\u00e9pend du multiplicateur actuel.\nSi le joueur n&rsquo;a pas termin\u00e9 le tour avant le crash, le pari est annul\u00e9 et il n&rsquo;y a pas de gains.    <\/p>\n\n<h2 class=\"wp-block-heading\">Codes promotionnels<\/h2>\n\n<p>Les codes promo Cash ou Crash sont des codes sp\u00e9ciaux que les joueurs peuvent saisir pour b\u00e9n\u00e9ficier de divers bonus, privil\u00e8ges et promotions.\nCes codes sont fournis par le casino ou les d\u00e9veloppeurs de jeux et peuvent \u00eatre utilis\u00e9s par les joueurs pour am\u00e9liorer leur exp\u00e9rience de jeu ou obtenir des fonctionnalit\u00e9s suppl\u00e9mentaires.\nDans le cas de Cash or Crash, les codes promo peuvent fournir :  <\/p>\n\n<ol>\n<li>D\u00e9p\u00f4ts bonus : fonds suppl\u00e9mentaires lorsque vous rechargez votre compte de jeu.<\/li>\n\n\n\n<li>Tours gratuits : tours gratuits dans le jeu avec des multiplicateurs.<\/li>\n\n\n\n<li>Multiplicateurs augment\u00e9s : multiplicateurs de bonus pendant le jeu.<\/li>\n\n\n\n<li>\u00c9v\u00e9nements sp\u00e9ciaux : participation \u00e0 des promotions sp\u00e9ciales et \u00e0 des tournois.<\/li>\n<\/ol>\n\n<p>Les statistiques de Cash or Crash indiquent qu&rsquo;avec l&rsquo;utilisation de bonus suppl\u00e9mentaires, les utilisateurs ont beaucoup plus de chances de gagner.\nPour utiliser un code promo dans le jeu \u00ab\u00a0Cash or Crash\u00a0\u00bb, vous devez g\u00e9n\u00e9ralement vous connecter \u00e0 votre compte dans le casino, aller dans la section \u00ab\u00a0Codes Promo\u00a0\u00bb ou \u00ab\u00a0Bonus\u00a0\u00bb et entrer le code appropri\u00e9.\nEnsuite, les bonus fournis par cette action seront automatiquement cr\u00e9dit\u00e9s sur votre compte.  <\/p>\n\n<p>Il est important de ne pas oublier que les codes promo peuvent avoir une dur\u00e9e de validit\u00e9 limit\u00e9e ou certaines conditions d&rsquo;utilisation.\nAvant de saisir un code promo, il est important de lire attentivement les termes et conditions afin d&rsquo;\u00e9viter tout malentendu et d&rsquo;utiliser pleinement les bonus offerts. <\/p>\n\n<h2 class=\"wp-block-heading\">T\u00e9moignages<\/h2>\n\n<p>Voici quelques commentaires d&rsquo;utilisateurs qui ont exp\u00e9riment\u00e9 les avantages de ce jeu de hasard populaire :<\/p>\n","protected":false},"excerpt":{"rendered":"<p>Cash or Crash est un jeu tr\u00e8s demand\u00e9 par les amateurs d&rsquo;applications de jeux d&rsquo;argent, de mises \u00e9lev\u00e9es et de risques. C&rsquo;est une excellente option pour s&rsquo;amuser et tenter sa chance. Cash or Crash est une application pour Android, o\u00f9 les joueurs peuvent parier sur divers \u00e9v\u00e9nements dont l&rsquo;issue est d\u00e9termin\u00e9e de mani\u00e8re al\u00e9atoire. Pour [&hellip;]<\/p>\n","protected":false},"author":2,"featured_media":0,"parent":0,"menu_order":0,"comment_status":"open","ping_status":"closed","template":"","meta":{"footnotes":""},"yoast_head":"<!-- This site is optimized with the Yoast SEO plugin v21.7 - https:\/\/yoast.com\/wordpress\/plugins\/seo\/ -->\n<title>Jeu de casino Cash or Crash, t\u00e9l\u00e9charger<\/title>\n<meta name=\"description\" content=\"Un aper\u00e7u de Cash or Crash, un jeu populaire dans le monde entier. D\u00e9couvrez les principales caract\u00e9ristiques, les avantages, les r\u00e8gles du jeu et les secrets pour gagner gros. T\u00e9l\u00e9chargez le jeu et passez un bon moment avec vos amis.\" \/>\n<meta name=\"robots\" content=\"index, follow, max-snippet:-1, max-image-preview:large, max-video-preview:-1\" \/>\n<link rel=\"canonical\" href=\"https:\/\/aviator-crash.org\/fr\/jouer-a-cash-or-crash\/\" \/>\n<meta property=\"og:locale\" content=\"fr_FR\" \/>\n<meta property=\"og:type\" content=\"article\" \/>\n<meta property=\"og:title\" content=\"Jeu de casino Cash or Crash, t\u00e9l\u00e9charger\" \/>\n<meta property=\"og:description\" content=\"Un aper\u00e7u de Cash or Crash, un jeu populaire dans le monde entier. D\u00e9couvrez les principales caract\u00e9ristiques, les avantages, les r\u00e8gles du jeu et les secrets pour gagner gros. T\u00e9l\u00e9chargez le jeu et passez un bon moment avec vos amis.\" \/>\n<meta property=\"og:url\" content=\"https:\/\/aviator-crash.org\/fr\/jouer-a-cash-or-crash\/\" \/>\n<meta property=\"article:modified_time\" content=\"2024-02-02T15:01:40+00:00\" \/>\n<meta property=\"og:image\" content=\"https:\/\/aviator-crash.org\/wp-content\/uploads\/2024\/01\/cash-or-crash-live-1200x584-1-1024x498.jpeg\" \/>\n<meta name=\"twitter:card\" content=\"summary_large_image\" \/>\n<meta name=\"twitter:label1\" content=\"Est. reading time\" \/>\n\t<meta name=\"twitter:data1\" content=\"7 minutes\" \/>\n<script type=\"application\/ld+json\" class=\"yoast-schema-graph\">{\"@context\":\"https:\/\/schema.org\",\"@graph\":[{\"@type\":\"WebPage\",\"@id\":\"https:\/\/aviator-crash.org\/fr\/jouer-a-cash-or-crash\/\",\"url\":\"https:\/\/aviator-crash.org\/fr\/jouer-a-cash-or-crash\/\",\"name\":\"Jeu de casino Cash or Crash, t\u00e9l\u00e9charger\",\"isPartOf\":{\"@id\":\"https:\/\/aviator-crash.org\/fr\/#website\"},\"datePublished\":\"2023-12-27T19:58:01+00:00\",\"dateModified\":\"2024-02-02T15:01:40+00:00\",\"description\":\"Un aper\u00e7u de Cash or Crash, un jeu populaire dans le monde entier. D\u00e9couvrez les principales caract\u00e9ristiques, les avantages, les r\u00e8gles du jeu et les secrets pour gagner gros. T\u00e9l\u00e9chargez le jeu et passez un bon moment avec vos amis.\",\"breadcrumb\":{\"@id\":\"https:\/\/aviator-crash.org\/fr\/jouer-a-cash-or-crash\/#breadcrumb\"},\"inLanguage\":\"fr-FR\",\"potentialAction\":[{\"@type\":\"ReadAction\",\"target\":[\"https:\/\/aviator-crash.org\/fr\/jouer-a-cash-or-crash\/\"]}]},{\"@type\":\"BreadcrumbList\",\"@id\":\"https:\/\/aviator-crash.org\/fr\/jouer-a-cash-or-crash\/#breadcrumb\",\"itemListElement\":[{\"@type\":\"ListItem\",\"position\":1,\"name\":\"Home\",\"item\":\"https:\/\/aviator-crash.org\/fr\/\"},{\"@type\":\"ListItem\",\"position\":2,\"name\":\"Jouer \u00e0 Cash or Crash\"}]},{\"@type\":\"WebSite\",\"@id\":\"https:\/\/aviator-crash.org\/fr\/#website\",\"url\":\"https:\/\/aviator-crash.org\/fr\/\",\"name\":\"\",\"description\":\"\",\"potentialAction\":[{\"@type\":\"SearchAction\",\"target\":{\"@type\":\"EntryPoint\",\"urlTemplate\":\"https:\/\/aviator-crash.org\/fr\/?s={search_term_string}\"},\"query-input\":\"required name=search_term_string\"}],\"inLanguage\":\"fr-FR\"}]}<\/script>\n<!-- \/ Yoast SEO plugin. -->","yoast_head_json":{"title":"Jeu de casino Cash or Crash, t\u00e9l\u00e9charger","description":"Un aper\u00e7u de Cash or Crash, un jeu populaire dans le monde entier. D\u00e9couvrez les principales caract\u00e9ristiques, les avantages, les r\u00e8gles du jeu et les secrets pour gagner gros. T\u00e9l\u00e9chargez le jeu et passez un bon moment avec vos amis.","robots":{"index":"index","follow":"follow","max-snippet":"max-snippet:-1","max-image-preview":"max-image-preview:large","max-video-preview":"max-video-preview:-1"},"canonical":"https:\/\/aviator-crash.org\/fr\/jouer-a-cash-or-crash\/","og_locale":"fr_FR","og_type":"article","og_title":"Jeu de casino Cash or Crash, t\u00e9l\u00e9charger","og_description":"Un aper\u00e7u de Cash or Crash, un jeu populaire dans le monde entier. D\u00e9couvrez les principales caract\u00e9ristiques, les avantages, les r\u00e8gles du jeu et les secrets pour gagner gros. T\u00e9l\u00e9chargez le jeu et passez un bon moment avec vos amis.","og_url":"https:\/\/aviator-crash.org\/fr\/jouer-a-cash-or-crash\/","article_modified_time":"2024-02-02T15:01:40+00:00","og_image":[{"url":"https:\/\/aviator-crash.org\/wp-content\/uploads\/2024\/01\/cash-or-crash-live-1200x584-1-1024x498.jpeg"}],"twitter_card":"summary_large_image","twitter_misc":{"Est. reading time":"7 minutes"},"schema":{"@context":"https:\/\/schema.org","@graph":[{"@type":"WebPage","@id":"https:\/\/aviator-crash.org\/fr\/jouer-a-cash-or-crash\/","url":"https:\/\/aviator-crash.org\/fr\/jouer-a-cash-or-crash\/","name":"Jeu de casino Cash or Crash, t\u00e9l\u00e9charger","isPartOf":{"@id":"https:\/\/aviator-crash.org\/fr\/#website"},"datePublished":"2023-12-27T19:58:01+00:00","dateModified":"2024-02-02T15:01:40+00:00","description":"Un aper\u00e7u de Cash or Crash, un jeu populaire dans le monde entier. D\u00e9couvrez les principales caract\u00e9ristiques, les avantages, les r\u00e8gles du jeu et les secrets pour gagner gros. T\u00e9l\u00e9chargez le jeu et passez un bon moment avec vos amis.","breadcrumb":{"@id":"https:\/\/aviator-crash.org\/fr\/jouer-a-cash-or-crash\/#breadcrumb"},"inLanguage":"fr-FR","potentialAction":[{"@type":"ReadAction","target":["https:\/\/aviator-crash.org\/fr\/jouer-a-cash-or-crash\/"]}]},{"@type":"BreadcrumbList","@id":"https:\/\/aviator-crash.org\/fr\/jouer-a-cash-or-crash\/#breadcrumb","itemListElement":[{"@type":"ListItem","position":1,"name":"Home","item":"https:\/\/aviator-crash.org\/fr\/"},{"@type":"ListItem","position":2,"name":"Jouer \u00e0 Cash or Crash"}]},{"@type":"WebSite","@id":"https:\/\/aviator-crash.org\/fr\/#website","url":"https:\/\/aviator-crash.org\/fr\/","name":"","description":"","potentialAction":[{"@type":"SearchAction","target":{"@type":"EntryPoint","urlTemplate":"https:\/\/aviator-crash.org\/fr\/?s={search_term_string}"},"query-input":"required name=search_term_string"}],"inLanguage":"fr-FR"}]}},"_links":{"self":[{"href":"https:\/\/aviator-crash.org\/fr\/wp-json\/wp\/v2\/pages\/1234"}],"collection":[{"href":"https:\/\/aviator-crash.org\/fr\/wp-json\/wp\/v2\/pages"}],"about":[{"href":"https:\/\/aviator-crash.org\/fr\/wp-json\/wp\/v2\/types\/page"}],"author":[{"embeddable":true,"href":"https:\/\/aviator-crash.org\/fr\/wp-json\/wp\/v2\/users\/2"}],"replies":[{"embeddable":true,"href":"https:\/\/aviator-crash.org\/fr\/wp-json\/wp\/v2\/comments?post=1234"}],"version-history":[{"count":1,"href":"https:\/\/aviator-crash.org\/fr\/wp-json\/wp\/v2\/pages\/1234\/revisions"}],"predecessor-version":[{"id":1236,"href":"https:\/\/aviator-crash.org\/fr\/wp-json\/wp\/v2\/pages\/1234\/revisions\/1236"}],"wp:attachment":[{"href":"https:\/\/aviator-crash.org\/fr\/wp-json\/wp\/v2\/media?parent=1234"}],"curies":[{"name":"wp","href":"https:\/\/api.w.org\/{rel}","templated":true}]}}