{"id":1243,"date":"2023-12-27T19:40:59","date_gmt":"2023-12-27T19:40:59","guid":{"rendered":"https:\/\/aviator-crash.org\/jouer-a-rocket-x\/"},"modified":"2024-02-02T15:03:21","modified_gmt":"2024-02-02T15:03:21","slug":"jouer-a-rocket-x","status":"publish","type":"page","link":"https:\/\/aviator-crash.org\/fr\/jouer-a-rocket-x\/","title":{"rendered":"Jouer \u00e0 Rocket X"},"content":{"rendered":"\n<figure class=\"wp-block-gallery has-nested-images columns-default is-cropped wp-block-gallery-1 is-layout-flex wp-block-gallery-is-layout-flex\">\n<figure class=\"wp-block-image size-large\"><span itemprop=\"image\" itemscope itemtype=\"https:\/\/schema.org\/ImageObject\"><img itemprop=\"url image\" loading=\"lazy\" decoding=\"async\" width=\"1024\" height=\"761\" data-id=\"472\" src=\"https:\/\/aviator-crash.org\/wp-content\/uploads\/2024\/01\/rocket-x-1024x761.webp\" alt=\"\" class=\"wp-image-472\" srcset=\"https:\/\/aviator-crash.org\/wp-content\/uploads\/2024\/01\/rocket-x-1024x761.webp 1024w, https:\/\/aviator-crash.org\/wp-content\/uploads\/2024\/01\/rocket-x-300x223.webp 300w, https:\/\/aviator-crash.org\/wp-content\/uploads\/2024\/01\/rocket-x-768x571.webp 768w, https:\/\/aviator-crash.org\/wp-content\/uploads\/2024\/01\/rocket-x.webp 1200w\" sizes=\"(max-width: 1024px) 100vw, 1024px\" \/><meta itemprop=\"width\" content=\"1024\"><meta itemprop=\"height\" content=\"761\"><\/span><\/figure>\n<\/figure>\n\n<p>Le jeu multijoueur Rocket X vous propose de plonger dans une aventure passionnante et de gagner de l&rsquo;argent r\u00e9el.\nVous pouvez le t\u00e9l\u00e9charger gratuitement sur n&rsquo;importe lequel de vos appareils et profiter d&rsquo;un grand jeu aussi bien seul qu&rsquo;avec vos amis et d&rsquo;autres joueurs.\nPour cela, il vous suffit de vous rendre sur le portail de paris officiel de One Win et de t\u00e9l\u00e9charger le jeu Rocket X gratuitement sur Android.\nPour commencer \u00e0 jouer, il vous suffit de vous rendre sur votre compte personnel en vous inscrivant ou en vous connectant.\nCela ne prendra que quelques minutes, mais vous pourrez imm\u00e9diatement commencer \u00e0 jouer et profiter du processus.    <\/p>\n\n<h2 class=\"wp-block-heading\"><strong>Avantages du jeu en ligne Rocket X<\/strong><\/h2>\n\n<p>Les jeux d&rsquo;argent sont tr\u00e8s demand\u00e9s dans le monde moderne.\nIls vous permettent de vous amuser et de gagner presque n&rsquo;importe quelle somme d&rsquo;argent sans sortir de chez vous.\nRocket X est consid\u00e9r\u00e9 comme l&rsquo;un des plus populaires de son genre.\nCe jeu pr\u00e9sente de nombreux avantages, dont les suivants :   <\/p>\n\n<ul>\n<li>Les commentaires exceptionnellement positifs sur Rocket X indiquent que cette application est extr\u00eamement populaire parmi les joueurs du monde entier.<\/li>\n\n\n\n<li>Mode multijoueur.\nLa possibilit\u00e9 de jouer en temps r\u00e9el, en profitant du processus avec vos amis ou d&rsquo;autres utilisateurs du monde entier en ligne. <\/li>\n\n\n\n<li>Course dynamique.\nLe gameplay se concentre sur des courses rapides et dynamiques avec une vari\u00e9t\u00e9 de pistes et d&rsquo;obstacles. <\/li>\n\n\n\n<li>Des lieux uniques.\nDes lieux de jeu divers et color\u00e9s qui offrent des conditions de course diff\u00e9rentes. <\/li>\n\n\n\n<li>Cascades et am\u00e9liorations.\nLa possibilit\u00e9 d&rsquo;effectuer des cascades et d&rsquo;am\u00e9liorer votre machine volante gr\u00e2ce \u00e0 diverses am\u00e9liorations.\nIl vous suffit de t\u00e9l\u00e9charger Rocket X sur votre appareil et de vous inscrire.  <\/li>\n\n\n\n<li>Syst\u00e8me de progression.\nUn syst\u00e8me de progression \u00e9labor\u00e9 avec de nouveaux niveaux, v\u00e9hicules et autres contenus d\u00e9bloqu\u00e9s au fur et \u00e0 mesure que vous progressez dans le jeu. <\/li>\n\n\n\n<li>Disponibilit\u00e9 d&rsquo;un grand nombre de bonus.\nPossibilit\u00e9 d&rsquo;obtenir des bonus, des succ\u00e8s et d&rsquo;autres r\u00e9compenses en cas de r\u00e9ussite des niveaux ou d&rsquo;accomplissement de t\u00e2ches sp\u00e9ciales. <\/li>\n\n\n\n<li>D&rsquo;excellents graphismes et une bande-son \u00e9poustouflante.\nDes graphismes et une bande sonore de qualit\u00e9 pour cr\u00e9er une atmosph\u00e8re visuelle et sonore impressionnante. <\/li>\n<\/ul>\n\n<p>De nombreux avantages rendent ce jeu tr\u00e8s populaire parmi les fans d&rsquo;applications de jeux d&rsquo;argent.\nLes commentaires sur le jeu Rocket X sont majoritairement positifs, ce qui confirme une fois de plus le fait pr\u00e9c\u00e9dent.\nSi vous voulez vous amuser, cette application est la meilleure option.  <\/p>\n\n<h2 class=\"wp-block-heading\">Comment jouer \u00e0 Rocket X<\/h2>\n\n<p>Un autre avantage de ce jeu est qu&rsquo;il a des r\u00e8gles simples et claires, qui peuvent \u00eatre rapidement comprises par tout le monde.\nLa premi\u00e8re chose \u00e0 faire est de vous inscrire ou de vous connecter \u00e0 votre espace personnel.\nCette option est extr\u00eamement pratique, car tous les progr\u00e8s sont automatiquement sauvegard\u00e9s.  <\/p>\n\n<p>La deuxi\u00e8me \u00e9tape consiste \u00e0 approvisionner votre compte de jeu.\nEnsuite, rendez-vous sur la page et d\u00e9marrez le simulateur.\nLe jeu commencera d\u00e8s que vous aurez fait un pari.\nLe montant est individuel et d\u00e9pend uniquement de vos pr\u00e9f\u00e9rences et de votre strat\u00e9gie.   <\/p>\n\n<p>Le site officiel de Rocket X vous offre de nombreuses possibilit\u00e9s de jouer au jeu.\nIl existe des modes individuels et multijoueurs, qui vous permettent de profiter du jeu en ligne avec des amis ou d&rsquo;autres joueurs sur le Web.\nToutes les r\u00e8gles de base sont indiqu\u00e9es sur le site.\nEn outre, vous pouvez suivre la formation avant de commencer pour mieux comprendre le jeu et commencer \u00e0 gagner d\u00e8s le d\u00e9but.   <\/p>\n\n<p>Une fois que vous avez plac\u00e9 votre pari, il ne vous reste plus qu&rsquo;\u00e0 attendre le r\u00e9sultat.\nLe processus est assez excitant, car les valeurs changent assez rapidement et il est presque impossible de pr\u00e9dire ce qu&rsquo;il en sera \u00e0 la fin. <\/p>\n\n<h2 class=\"wp-block-heading\">Comment gagner \u00e0 Rocket X<\/h2>\n\n<p>Comme on l&rsquo;a d\u00e9j\u00e0 vu, il est extr\u00eamement important de choisir le bon moment dans le jeu, afin que les paris ne soient pas br\u00fbl\u00e9s et que les cotes soient aussi favorables que possible.\nPour ce faire, une <em>strat\u00e9gie Rocket X<\/em> personnalis\u00e9e est parfaite.\nPour la d\u00e9velopper, il suffit d&rsquo;\u00e9tudier les jeux pr\u00e9c\u00e9dents, d&rsquo;analyser les r\u00e9sultats et de choisir la m\u00e9thodologie du jeu qui sera la plus rentable.  <\/p>\n\n<p>La strat\u00e9gie de Rocket X est gagnante, car elle est bas\u00e9e sur l&rsquo;exp\u00e9rience pass\u00e9e et aide \u00e0 comprendre comment le syst\u00e8me fonctionne et comment obtenir les taux de gains les plus \u00e9lev\u00e9s.\nCe jeu prouve que la chance ne suffit pas pour gagner.\nLe syst\u00e8me de calcul des cotes de Rocket X sera \u00e9galement n\u00e9cessaire.  <\/p>\n\n<h2 class=\"wp-block-heading\">R\u00e8gles du jeu Rocket X<\/h2>\n\n<p>Au centre de l&rsquo;histoire se trouve un homme c\u00e9l\u00e8bre, Ilon Musk, ou plut\u00f4t sa copie en dessin anim\u00e9, que les utilisateurs contr\u00f4leront tout au long du jeu.\nCe jeu est parfait pour ceux qui aiment l&rsquo;excitation et les risques.\nLes r\u00e8gles du jeu sont presque identiques \u00e0 celles d&rsquo;autres applications similaires.\nAvant de commencer le jeu Rocket X crash, vous devez placer vos paris, puis les regarder grandir.\nVous pouvez retirer votre mise \u00e0 tout moment, mais il est important de faire attention : si vous le faites trop t\u00f4t ou trop tard, vous perdrez.\nIl est essentiel de choisir le bon moment.     <\/p>\n\n<p>Si vous pensez que ce jeu est simple et monotone, vous vous trompez.\nDes risques \u00e9lev\u00e9s, des enjeux, du dynamisme &#8211; tout cela se trouve ici.\nPour en savoir plus sur les r\u00e8gles, consultez la page officielle.  <\/p>\n\n<h2 class=\"wp-block-heading\">Codes promotionnels<\/h2>\n\n<p>Les codes promo des jeux d&rsquo;argent peuvent \u00eatre fournis par les plateformes de jeux, les casinos ou les d\u00e9veloppeurs afin d&rsquo;attirer de nouveaux joueurs, de r\u00e9compenser la fid\u00e9lit\u00e9 ou d&rsquo;organiser des promotions sp\u00e9ciales.\nSi vous voulez vous amuser et augmenter vos chances de gagner \u00e0 Rocket X game 1win, vous pouvez facilement profiter des codes promo disponibles.\nVous pouvez les trouver dans plusieurs sources :  <\/p>\n\n<ul>\n<li>Le portail officiel de One Win.<\/li>\n\n\n\n<li>Listes de diffusion (c&rsquo;est pourquoi il est recommand\u00e9 de s&rsquo;inscrire aux listes de diffusion du site d\u00e8s que vous vous inscrivez).<\/li>\n\n\n\n<li>M\u00e9dias sociaux et forums sp\u00e9cialis\u00e9s.<\/li>\n\n\n\n<li>Programmes d&rsquo;affiliation.<\/li>\n<\/ul>\n\n<p>N&rsquo;oubliez pas qu&rsquo;il est important d&rsquo;\u00eatre attentif et d&rsquo;utiliser les codes promo en suivant les r\u00e8gles et les conditions du jeu afin d&rsquo;\u00e9viter les malentendus et les situations d\u00e9sagr\u00e9ables.<\/p>\n\n<h2 class=\"wp-block-heading\">T\u00e9moignages<\/h2>\n\n<p>Au vu des commentaires des utilisateurs, nous pouvons conclure que ce jeu est consid\u00e9r\u00e9 comme l&rsquo;un des plus populaires de son genre, avec de nombreux avantages et caract\u00e9ristiques.\nVoici quelques avis sur 1win Rocket X : <\/p>\n","protected":false},"excerpt":{"rendered":"<p>Le jeu multijoueur Rocket X vous propose de plonger dans une aventure passionnante et de gagner de l&rsquo;argent r\u00e9el. Vous pouvez le t\u00e9l\u00e9charger gratuitement sur n&rsquo;importe lequel de vos appareils et profiter d&rsquo;un grand jeu aussi bien seul qu&rsquo;avec vos amis et d&rsquo;autres joueurs. Pour cela, il vous suffit de vous rendre sur le portail [&hellip;]<\/p>\n","protected":false},"author":2,"featured_media":0,"parent":0,"menu_order":0,"comment_status":"open","ping_status":"closed","template":"","meta":{"footnotes":""},"yoast_head":"<!-- This site is optimized with the Yoast SEO plugin v21.7 - https:\/\/yoast.com\/wordpress\/plugins\/seo\/ -->\n<title>Jeu de casino Rocket X, t\u00e9l\u00e9charger<\/title>\n<meta name=\"description\" content=\"Le meilleur jeu de Rocket X avec une chance de gagner de l&#039;argent r\u00e9el. Consultez la description, \u00e9tudiez les caract\u00e9ristiques et les particularit\u00e9s du jeu, choisissez la meilleure strat\u00e9gie et partez pour des voyages inoubliables. Partez \u00e0 la conqu\u00eate de gros gains !\" \/>\n<meta name=\"robots\" content=\"index, follow, max-snippet:-1, max-image-preview:large, max-video-preview:-1\" \/>\n<link rel=\"canonical\" href=\"https:\/\/aviator-crash.org\/fr\/jouer-a-rocket-x\/\" \/>\n<meta property=\"og:locale\" content=\"fr_FR\" \/>\n<meta property=\"og:type\" content=\"article\" \/>\n<meta property=\"og:title\" content=\"Jeu de casino Rocket X, t\u00e9l\u00e9charger\" \/>\n<meta property=\"og:description\" content=\"Le meilleur jeu de Rocket X avec une chance de gagner de l&#039;argent r\u00e9el. Consultez la description, \u00e9tudiez les caract\u00e9ristiques et les particularit\u00e9s du jeu, choisissez la meilleure strat\u00e9gie et partez pour des voyages inoubliables. Partez \u00e0 la conqu\u00eate de gros gains !\" \/>\n<meta property=\"og:url\" content=\"https:\/\/aviator-crash.org\/fr\/jouer-a-rocket-x\/\" \/>\n<meta property=\"article:modified_time\" content=\"2024-02-02T15:03:21+00:00\" \/>\n<meta property=\"og:image\" content=\"https:\/\/aviator-crash.org\/wp-content\/uploads\/2024\/01\/rocket-x-1024x761.webp\" \/>\n<meta name=\"twitter:card\" content=\"summary_large_image\" \/>\n<meta name=\"twitter:label1\" content=\"Est. reading time\" \/>\n\t<meta name=\"twitter:data1\" content=\"6 minutes\" \/>\n<script type=\"application\/ld+json\" class=\"yoast-schema-graph\">{\"@context\":\"https:\/\/schema.org\",\"@graph\":[{\"@type\":\"WebPage\",\"@id\":\"https:\/\/aviator-crash.org\/fr\/jouer-a-rocket-x\/\",\"url\":\"https:\/\/aviator-crash.org\/fr\/jouer-a-rocket-x\/\",\"name\":\"Jeu de casino Rocket X, t\u00e9l\u00e9charger\",\"isPartOf\":{\"@id\":\"https:\/\/aviator-crash.org\/fr\/#website\"},\"datePublished\":\"2023-12-27T19:40:59+00:00\",\"dateModified\":\"2024-02-02T15:03:21+00:00\",\"description\":\"Le meilleur jeu de Rocket X avec une chance de gagner de l'argent r\u00e9el. Consultez la description, \u00e9tudiez les caract\u00e9ristiques et les particularit\u00e9s du jeu, choisissez la meilleure strat\u00e9gie et partez pour des voyages inoubliables. Partez \u00e0 la conqu\u00eate de gros gains !\",\"breadcrumb\":{\"@id\":\"https:\/\/aviator-crash.org\/fr\/jouer-a-rocket-x\/#breadcrumb\"},\"inLanguage\":\"fr-FR\",\"potentialAction\":[{\"@type\":\"ReadAction\",\"target\":[\"https:\/\/aviator-crash.org\/fr\/jouer-a-rocket-x\/\"]}]},{\"@type\":\"BreadcrumbList\",\"@id\":\"https:\/\/aviator-crash.org\/fr\/jouer-a-rocket-x\/#breadcrumb\",\"itemListElement\":[{\"@type\":\"ListItem\",\"position\":1,\"name\":\"Home\",\"item\":\"https:\/\/aviator-crash.org\/fr\/\"},{\"@type\":\"ListItem\",\"position\":2,\"name\":\"Jouer \u00e0 Rocket X\"}]},{\"@type\":\"WebSite\",\"@id\":\"https:\/\/aviator-crash.org\/fr\/#website\",\"url\":\"https:\/\/aviator-crash.org\/fr\/\",\"name\":\"\",\"description\":\"\",\"potentialAction\":[{\"@type\":\"SearchAction\",\"target\":{\"@type\":\"EntryPoint\",\"urlTemplate\":\"https:\/\/aviator-crash.org\/fr\/?s={search_term_string}\"},\"query-input\":\"required name=search_term_string\"}],\"inLanguage\":\"fr-FR\"}]}<\/script>\n<!-- \/ Yoast SEO plugin. -->","yoast_head_json":{"title":"Jeu de casino Rocket X, t\u00e9l\u00e9charger","description":"Le meilleur jeu de Rocket X avec une chance de gagner de l'argent r\u00e9el. Consultez la description, \u00e9tudiez les caract\u00e9ristiques et les particularit\u00e9s du jeu, choisissez la meilleure strat\u00e9gie et partez pour des voyages inoubliables. Partez \u00e0 la conqu\u00eate de gros gains !","robots":{"index":"index","follow":"follow","max-snippet":"max-snippet:-1","max-image-preview":"max-image-preview:large","max-video-preview":"max-video-preview:-1"},"canonical":"https:\/\/aviator-crash.org\/fr\/jouer-a-rocket-x\/","og_locale":"fr_FR","og_type":"article","og_title":"Jeu de casino Rocket X, t\u00e9l\u00e9charger","og_description":"Le meilleur jeu de Rocket X avec une chance de gagner de l'argent r\u00e9el. Consultez la description, \u00e9tudiez les caract\u00e9ristiques et les particularit\u00e9s du jeu, choisissez la meilleure strat\u00e9gie et partez pour des voyages inoubliables. Partez \u00e0 la conqu\u00eate de gros gains !","og_url":"https:\/\/aviator-crash.org\/fr\/jouer-a-rocket-x\/","article_modified_time":"2024-02-02T15:03:21+00:00","og_image":[{"url":"https:\/\/aviator-crash.org\/wp-content\/uploads\/2024\/01\/rocket-x-1024x761.webp"}],"twitter_card":"summary_large_image","twitter_misc":{"Est. reading time":"6 minutes"},"schema":{"@context":"https:\/\/schema.org","@graph":[{"@type":"WebPage","@id":"https:\/\/aviator-crash.org\/fr\/jouer-a-rocket-x\/","url":"https:\/\/aviator-crash.org\/fr\/jouer-a-rocket-x\/","name":"Jeu de casino Rocket X, t\u00e9l\u00e9charger","isPartOf":{"@id":"https:\/\/aviator-crash.org\/fr\/#website"},"datePublished":"2023-12-27T19:40:59+00:00","dateModified":"2024-02-02T15:03:21+00:00","description":"Le meilleur jeu de Rocket X avec une chance de gagner de l'argent r\u00e9el. Consultez la description, \u00e9tudiez les caract\u00e9ristiques et les particularit\u00e9s du jeu, choisissez la meilleure strat\u00e9gie et partez pour des voyages inoubliables. Partez \u00e0 la conqu\u00eate de gros gains !","breadcrumb":{"@id":"https:\/\/aviator-crash.org\/fr\/jouer-a-rocket-x\/#breadcrumb"},"inLanguage":"fr-FR","potentialAction":[{"@type":"ReadAction","target":["https:\/\/aviator-crash.org\/fr\/jouer-a-rocket-x\/"]}]},{"@type":"BreadcrumbList","@id":"https:\/\/aviator-crash.org\/fr\/jouer-a-rocket-x\/#breadcrumb","itemListElement":[{"@type":"ListItem","position":1,"name":"Home","item":"https:\/\/aviator-crash.org\/fr\/"},{"@type":"ListItem","position":2,"name":"Jouer \u00e0 Rocket X"}]},{"@type":"WebSite","@id":"https:\/\/aviator-crash.org\/fr\/#website","url":"https:\/\/aviator-crash.org\/fr\/","name":"","description":"","potentialAction":[{"@type":"SearchAction","target":{"@type":"EntryPoint","urlTemplate":"https:\/\/aviator-crash.org\/fr\/?s={search_term_string}"},"query-input":"required name=search_term_string"}],"inLanguage":"fr-FR"}]}},"_links":{"self":[{"href":"https:\/\/aviator-crash.org\/fr\/wp-json\/wp\/v2\/pages\/1243"}],"collection":[{"href":"https:\/\/aviator-crash.org\/fr\/wp-json\/wp\/v2\/pages"}],"about":[{"href":"https:\/\/aviator-crash.org\/fr\/wp-json\/wp\/v2\/types\/page"}],"author":[{"embeddable":true,"href":"https:\/\/aviator-crash.org\/fr\/wp-json\/wp\/v2\/users\/2"}],"replies":[{"embeddable":true,"href":"https:\/\/aviator-crash.org\/fr\/wp-json\/wp\/v2\/comments?post=1243"}],"version-history":[{"count":1,"href":"https:\/\/aviator-crash.org\/fr\/wp-json\/wp\/v2\/pages\/1243\/revisions"}],"predecessor-version":[{"id":1245,"href":"https:\/\/aviator-crash.org\/fr\/wp-json\/wp\/v2\/pages\/1243\/revisions\/1245"}],"wp:attachment":[{"href":"https:\/\/aviator-crash.org\/fr\/wp-json\/wp\/v2\/media?parent=1243"}],"curies":[{"name":"wp","href":"https:\/\/api.w.org\/{rel}","templated":true}]}}