{"id":1246,"date":"2023-12-27T19:48:01","date_gmt":"2023-12-27T19:48:01","guid":{"rendered":"https:\/\/aviator-crash.org\/machine-a-sous-space-xy\/"},"modified":"2024-02-02T15:04:15","modified_gmt":"2024-02-02T15:04:15","slug":"machine-a-sous-space-xy","status":"publish","type":"page","link":"https:\/\/aviator-crash.org\/fr\/machine-a-sous-space-xy\/","title":{"rendered":"Machine \u00e0 sous Space XY"},"content":{"rendered":"\n<figure class=\"wp-block-gallery has-nested-images columns-default is-cropped wp-block-gallery-1 is-layout-flex wp-block-gallery-is-layout-flex\">\n<figure class=\"wp-block-image size-large\"><span itemprop=\"image\" itemscope itemtype=\"https:\/\/schema.org\/ImageObject\"><img itemprop=\"url image\" loading=\"lazy\" decoding=\"async\" width=\"1024\" height=\"445\" data-id=\"469\" src=\"https:\/\/aviator-crash.org\/wp-content\/uploads\/2024\/01\/bgaming-game-release-1024x445.jpg\" alt=\"\" class=\"wp-image-469\" srcset=\"https:\/\/aviator-crash.org\/wp-content\/uploads\/2024\/01\/bgaming-game-release-1024x445.jpg 1024w, https:\/\/aviator-crash.org\/wp-content\/uploads\/2024\/01\/bgaming-game-release-300x131.jpg 300w, https:\/\/aviator-crash.org\/wp-content\/uploads\/2024\/01\/bgaming-game-release-768x334.jpg 768w, https:\/\/aviator-crash.org\/wp-content\/uploads\/2024\/01\/bgaming-game-release.jpg 1200w\" sizes=\"(max-width: 1024px) 100vw, 1024px\" \/><meta itemprop=\"width\" content=\"1024\"><meta itemprop=\"height\" content=\"445\"><\/span><\/figure>\n<\/figure>\n\n<p>Bienvenue dans le monde de Space XY, o\u00f9 chaque \u00e9toile est une nouvelle aventure et chaque galaxie un champ d&rsquo;exploration.\nCe jeu spatial passionnant offre aux joueurs non seulement la possibilit\u00e9 d&rsquo;explorer les vastes \u00e9tendues de l&rsquo;univers, mais aussi de devenir de v\u00e9ritables conqu\u00e9rants de l&rsquo;espace. <\/p>\n\n<p>Space XY est un jeu qui attire l&rsquo;attention d\u00e8s les premi\u00e8res secondes.\nVous pouvez t\u00e9l\u00e9charger l&rsquo;application sur Android sur le site officiel de One Win.\nIci, les meilleures aventures et un passe-temps inoubliable vous attendent.\nConnectez-vous \u00e0 votre compte personnel, placez des paris et gagnez \u00e0 Space XY.   <\/p>\n\n<h2 class=\"wp-block-heading\">Avantages du jeu en ligne Space XY<\/h2>\n\n<p>Space XY est un jeu qui propose des batailles spatiales passionnantes o\u00f9 vous pouvez tester vos talents de pilote.\nPersonnalisez votre vaisseau spatial, combattez les menaces extraterrestres et engagez-vous dans des batailles spatiales \u00e9piques qui d\u00e9termineront votre destin dans ce vaste espace. <\/p>\n\n<p>Les principaux avantages de ce jeu sont les suivants :<\/p>\n\n<ul>\n<li>Une intrigue profonde.\nSpace XY ne se limite pas aux aventures spatiales.\nUne intrigue riche, des \u00e9nigmes complexes et des d\u00e9cisions importantes cr\u00e9ent une exp\u00e9rience unique qui d\u00e9pend de vos choix.  <\/li>\n\n\n\n<li>Chaque d\u00e9cision influe sur le cours du jeu.\nC&rsquo;est pourquoi vous aurez besoin d&rsquo;une strat\u00e9gie dans Space XY pour gagner et gagner le plus de points possible. <\/li>\n\n\n\n<li>Option de personnalisation.\nL&rsquo;un des \u00e9l\u00e9ments cl\u00e9s de Space XY est la possibilit\u00e9 de personnaliser votre vaisseau spatial en fonction de vos pr\u00e9f\u00e9rences.\nChoisissez des modifications uniques, am\u00e9liorez la technologie et cr\u00e9ez un vaisseau qui refl\u00e8te votre style et votre strat\u00e9gie.  <\/li>\n\n\n\n<li>Galactic Journeys.\nSpace XY ouvre une multitude de galaxies, chacune remplie de mondes \u00e9tonnants, d&rsquo;artefacts myst\u00e9rieux et d&rsquo;aventures dangereuses.\nExplorez des plan\u00e8tes inexplor\u00e9es, rencontrez une vari\u00e9t\u00e9 de races et prenez part \u00e0 des histoires spatiales intrigantes.\nTout ce dont vous avez besoin pour commencer \u00e0 plonger dans l&rsquo;histoire, c&rsquo;est de savoir comment installer le jeu Space XY.   <\/li>\n\n\n\n<li>\u00c9v\u00e9nements et missions hebdomadaires.\nLe jeu en ligne est constamment mis \u00e0 jour avec de nouveaux \u00e9v\u00e9nements, missions et d\u00e9fis, ce qui vous permet de toujours trouver de nouveaux objectifs \u00e0 atteindre.\nParticipez aux \u00e9v\u00e9nements hebdomadaires, luttez pour des prix et admirez les opportunit\u00e9s uniques qui s&rsquo;offrent \u00e0 vous chaque semaine.  <\/li>\n<\/ul>\n\n<h2 class=\"wp-block-heading\">Comment jouer \u00e0 Space XY<\/h2>\n\n<p>Pour participer \u00e0 l&rsquo;aventure spatiale dans Space XY, la premi\u00e8re \u00e9tape consiste \u00e0 installer le jeu.\nVous devrez ensuite cr\u00e9er votre compte, ce qui vous permettra de conserver votre progression et vos capacit\u00e9s en ligne.\nUne fois inscrit, personnalisez votre vaisseau spatial en choisissant des designs et des am\u00e9liorations uniques.\nPlongez dans l&rsquo;univers de Space XY en explorant des galaxies, en interagissant avec diff\u00e9rents mondes et en accomplissant des missions en t\u00e9l\u00e9chargeant Space XY.   <\/p>\n\n<p>Les batailles spatiales sont un aspect essentiel du jeu.\nAffrontez les menaces extraterrestres et les autres joueurs en temps r\u00e9el gr\u00e2ce \u00e0 vos talents de strat\u00e8ge.\nParticipez \u00e0 des \u00e9v\u00e9nements et \u00e0 des missions pour obtenir des r\u00e9compenses et des am\u00e9liorations.\nLes relations sociales avec les autres joueurs sont \u00e9galement importantes : formez des alliances, partagez vos exp\u00e9riences et vos strat\u00e9gies.   <\/p>\n\n<p>Dans l&rsquo;ensemble, l&rsquo;immersion dans Space XY n\u00e9cessite d&rsquo;explorer, de combattre et d&rsquo;interagir avec un monde cosmique qui attend d&rsquo;\u00eatre d\u00e9couvert.<\/p>\n\n<h2 class=\"wp-block-heading\">Comment gagner \u00e0 Space XY<\/h2>\n\n<p>Dans le monde de Space XY, la cl\u00e9 du succ\u00e8s r\u00e9side dans l&rsquo;exploration approfondie de l&rsquo;univers et l&rsquo;adaptation flexible \u00e0 une vari\u00e9t\u00e9 de d\u00e9fis.\nD\u00e9veloppez votre vaisseau spatial, personnalisez-le en fonction de vos besoins uniques et des exigences de la situation actuelle.\nLes bonus de Space XY vous permettront d&rsquo;augmenter vos chances de gagner.  <\/p>\n\n<p>Adoptez une approche strat\u00e9gique des batailles spatiales, en pr\u00eatant attention \u00e0 la dynamique des combats et aux facteurs externes.\nObservez le comportement des autres joueurs et adaptez votre tactique en fonction de leurs actions.\nLa strat\u00e9gie de Space XY est un aspect essentiel pour r\u00e9ussir le jeu.  <\/p>\n\n<p>Participez activement aux \u00e9v\u00e9nements et aux missions qui vous permettent d&rsquo;obtenir des ressources pr\u00e9cieuses et des am\u00e9liorations pour votre vaisseau.\nCependant, n&rsquo;oubliez pas que vos actions et vos d\u00e9cisions peuvent affecter le jeu et vos interactions avec les autres joueurs. <\/p>\n\n<h2 class=\"wp-block-heading\">R\u00e8gles du jeu Space XY<\/h2>\n\n<p>Dans le monde de Space XY, il existe quelques r\u00e8gles de base qui vous aideront \u00e0 naviguer et \u00e0 r\u00e9ussir dans vos aventures spatiales.\nElles doivent \u00eatre apprises avant de commencer \u00e0 jouer \u00e0 Space XY : <\/p>\n\n<ol>\n<li>Explorez diff\u00e9rentes galaxies, plan\u00e8tes et ast\u00e9ro\u00efdes.<\/li>\n\n\n\n<li>Am\u00e9liorez votre vaisseau, d\u00e9veloppez des tactiques et engagez-vous dans des duels spatiaux pour prot\u00e9ger vos int\u00e9r\u00eats.<\/li>\n\n\n\n<li>Exploitez les ressources, traitez-les et utilisez-les pour am\u00e9liorer votre vaisseau, construire des bases, faire de la recherche et du commerce.<\/li>\n\n\n\n<li>Participez activement aux \u00e9v\u00e9nements et aux missions pour obtenir des r\u00e9compenses uniques et d\u00e9velopper vos capacit\u00e9s dans le jeu.<\/li>\n\n\n\n<li>Explorez de nouvelles technologies pour am\u00e9liorer la d\u00e9fense de votre navire et de votre base.<\/li>\n\n\n\n<li>Formez des alliances avec d&rsquo;autres joueurs afin d&rsquo;unir vos forces pour lutter pour des objectifs communs et d\u00e9veloppez des strat\u00e9gies dans le jeu Space XY pour gagner.<\/li>\n\n\n\n<li>Participez \u00e0 des comp\u00e9titions et suivez les classements pour mesurer votre progression et comparer vos r\u00e9sultats avec ceux des autres joueurs.<\/li>\n<\/ol>\n\n<p>Le respect de ces r\u00e8gles vous permettra de profiter pleinement de l&rsquo;exp\u00e9rience spatiale dans Space XY et de r\u00e9ussir dans l&rsquo;immensit\u00e9 de l&rsquo;espace.<\/p>\n\n<h2 class=\"wp-block-heading\">Codes promotionnels<\/h2>\n\n<p>La meilleure fa\u00e7on d&rsquo;obtenir des codes \u00e0 jour est de suivre les canaux de communication officiels du jeu.\nIl peut s&rsquo;agir du site Web officiel, des m\u00e9dias sociaux, des forums ou des bulletins d&rsquo;information par courriel.\nLes codes promotionnels d&rsquo;un jeu tel que Space XY sont utilis\u00e9s pour offrir aux joueurs divers bonus et avantages.  <\/p>\n\n<p>Les codes promotionnels peuvent fournir des ressources gratuites telles que des cr\u00e9dits, de l&rsquo;\u00e9nergie ou d&rsquo;autres devises du jeu.\nCertaines options donnent acc\u00e8s \u00e0 des am\u00e9liorations uniques ou \u00e0 des mises \u00e0 niveau de vaisseaux spatiaux, de bases et d&rsquo;autres \u00e9l\u00e9ments du jeu.\nLes commentaires sur Space XY offrent de nombreux conseils sur la fa\u00e7on d&rsquo;utiliser correctement ces bonus.  <\/p>\n\n<p>Les codes promotionnels peuvent \u00eatre distribu\u00e9s dans le cadre d&rsquo;\u00e9v\u00e9nements sp\u00e9ciaux, de concours ou de promotions, afin d&rsquo;inciter les joueurs \u00e0 participer \u00e0 diverses activit\u00e9s.<\/p>\n\n<h2 class=\"wp-block-heading\">T\u00e9moignages<\/h2>\n\n<p>Voici quelques avis d&rsquo;utilisateurs qui confirment la grande popularit\u00e9 de cette application :<\/p>\n","protected":false},"excerpt":{"rendered":"<p>Bienvenue dans le monde de Space XY, o\u00f9 chaque \u00e9toile est une nouvelle aventure et chaque galaxie un champ d&rsquo;exploration. Ce jeu spatial passionnant offre aux joueurs non seulement la possibilit\u00e9 d&rsquo;explorer les vastes \u00e9tendues de l&rsquo;univers, mais aussi de devenir de v\u00e9ritables conqu\u00e9rants de l&rsquo;espace. Space XY est un jeu qui attire l&rsquo;attention d\u00e8s [&hellip;]<\/p>\n","protected":false},"author":2,"featured_media":0,"parent":0,"menu_order":0,"comment_status":"open","ping_status":"closed","template":"","meta":{"footnotes":""},"yoast_head":"<!-- This site is optimized with the Yoast SEO plugin v21.7 - https:\/\/yoast.com\/wordpress\/plugins\/seo\/ -->\n<title>Jeu de casino Space XY, t\u00e9l\u00e9charger<\/title>\n<meta name=\"description\" content=\"Un jeu int\u00e9ressant pour ceux qui aiment l&#039;excitation et les risques \u00e9lev\u00e9s. T\u00e9l\u00e9chargez et profitez du jeu Space XY dans le casino. Plongez dans le monde du risque et des aventures inoubliables. \u00c9tudiez attentivement les r\u00e8gles et les caract\u00e9ristiques du jeu pour gagner.\" \/>\n<meta name=\"robots\" content=\"index, follow, max-snippet:-1, max-image-preview:large, max-video-preview:-1\" \/>\n<link rel=\"canonical\" href=\"https:\/\/aviator-crash.org\/fr\/machine-a-sous-space-xy\/\" \/>\n<meta property=\"og:locale\" content=\"fr_FR\" \/>\n<meta property=\"og:type\" content=\"article\" \/>\n<meta property=\"og:title\" content=\"Jeu de casino Space XY, t\u00e9l\u00e9charger\" \/>\n<meta property=\"og:description\" content=\"Un jeu int\u00e9ressant pour ceux qui aiment l&#039;excitation et les risques \u00e9lev\u00e9s. T\u00e9l\u00e9chargez et profitez du jeu Space XY dans le casino. Plongez dans le monde du risque et des aventures inoubliables. \u00c9tudiez attentivement les r\u00e8gles et les caract\u00e9ristiques du jeu pour gagner.\" \/>\n<meta property=\"og:url\" content=\"https:\/\/aviator-crash.org\/fr\/machine-a-sous-space-xy\/\" \/>\n<meta property=\"article:modified_time\" content=\"2024-02-02T15:04:15+00:00\" \/>\n<meta property=\"og:image\" content=\"https:\/\/aviator-crash.org\/wp-content\/uploads\/2024\/01\/bgaming-game-release-1024x445.jpg\" \/>\n<meta name=\"twitter:card\" content=\"summary_large_image\" \/>\n<meta name=\"twitter:label1\" content=\"Est. reading time\" \/>\n\t<meta name=\"twitter:data1\" content=\"5 minutes\" \/>\n<script type=\"application\/ld+json\" class=\"yoast-schema-graph\">{\"@context\":\"https:\/\/schema.org\",\"@graph\":[{\"@type\":\"WebPage\",\"@id\":\"https:\/\/aviator-crash.org\/fr\/machine-a-sous-space-xy\/\",\"url\":\"https:\/\/aviator-crash.org\/fr\/machine-a-sous-space-xy\/\",\"name\":\"Jeu de casino Space XY, t\u00e9l\u00e9charger\",\"isPartOf\":{\"@id\":\"https:\/\/aviator-crash.org\/fr\/#website\"},\"datePublished\":\"2023-12-27T19:48:01+00:00\",\"dateModified\":\"2024-02-02T15:04:15+00:00\",\"description\":\"Un jeu int\u00e9ressant pour ceux qui aiment l'excitation et les risques \u00e9lev\u00e9s. T\u00e9l\u00e9chargez et profitez du jeu Space XY dans le casino. Plongez dans le monde du risque et des aventures inoubliables. \u00c9tudiez attentivement les r\u00e8gles et les caract\u00e9ristiques du jeu pour gagner.\",\"breadcrumb\":{\"@id\":\"https:\/\/aviator-crash.org\/fr\/machine-a-sous-space-xy\/#breadcrumb\"},\"inLanguage\":\"fr-FR\",\"potentialAction\":[{\"@type\":\"ReadAction\",\"target\":[\"https:\/\/aviator-crash.org\/fr\/machine-a-sous-space-xy\/\"]}]},{\"@type\":\"BreadcrumbList\",\"@id\":\"https:\/\/aviator-crash.org\/fr\/machine-a-sous-space-xy\/#breadcrumb\",\"itemListElement\":[{\"@type\":\"ListItem\",\"position\":1,\"name\":\"Home\",\"item\":\"https:\/\/aviator-crash.org\/fr\/\"},{\"@type\":\"ListItem\",\"position\":2,\"name\":\"Machine \u00e0 sous Space XY\"}]},{\"@type\":\"WebSite\",\"@id\":\"https:\/\/aviator-crash.org\/fr\/#website\",\"url\":\"https:\/\/aviator-crash.org\/fr\/\",\"name\":\"\",\"description\":\"\",\"potentialAction\":[{\"@type\":\"SearchAction\",\"target\":{\"@type\":\"EntryPoint\",\"urlTemplate\":\"https:\/\/aviator-crash.org\/fr\/?s={search_term_string}\"},\"query-input\":\"required name=search_term_string\"}],\"inLanguage\":\"fr-FR\"}]}<\/script>\n<!-- \/ Yoast SEO plugin. -->","yoast_head_json":{"title":"Jeu de casino Space XY, t\u00e9l\u00e9charger","description":"Un jeu int\u00e9ressant pour ceux qui aiment l'excitation et les risques \u00e9lev\u00e9s. T\u00e9l\u00e9chargez et profitez du jeu Space XY dans le casino. Plongez dans le monde du risque et des aventures inoubliables. \u00c9tudiez attentivement les r\u00e8gles et les caract\u00e9ristiques du jeu pour gagner.","robots":{"index":"index","follow":"follow","max-snippet":"max-snippet:-1","max-image-preview":"max-image-preview:large","max-video-preview":"max-video-preview:-1"},"canonical":"https:\/\/aviator-crash.org\/fr\/machine-a-sous-space-xy\/","og_locale":"fr_FR","og_type":"article","og_title":"Jeu de casino Space XY, t\u00e9l\u00e9charger","og_description":"Un jeu int\u00e9ressant pour ceux qui aiment l'excitation et les risques \u00e9lev\u00e9s. T\u00e9l\u00e9chargez et profitez du jeu Space XY dans le casino. Plongez dans le monde du risque et des aventures inoubliables. \u00c9tudiez attentivement les r\u00e8gles et les caract\u00e9ristiques du jeu pour gagner.","og_url":"https:\/\/aviator-crash.org\/fr\/machine-a-sous-space-xy\/","article_modified_time":"2024-02-02T15:04:15+00:00","og_image":[{"url":"https:\/\/aviator-crash.org\/wp-content\/uploads\/2024\/01\/bgaming-game-release-1024x445.jpg"}],"twitter_card":"summary_large_image","twitter_misc":{"Est. reading time":"5 minutes"},"schema":{"@context":"https:\/\/schema.org","@graph":[{"@type":"WebPage","@id":"https:\/\/aviator-crash.org\/fr\/machine-a-sous-space-xy\/","url":"https:\/\/aviator-crash.org\/fr\/machine-a-sous-space-xy\/","name":"Jeu de casino Space XY, t\u00e9l\u00e9charger","isPartOf":{"@id":"https:\/\/aviator-crash.org\/fr\/#website"},"datePublished":"2023-12-27T19:48:01+00:00","dateModified":"2024-02-02T15:04:15+00:00","description":"Un jeu int\u00e9ressant pour ceux qui aiment l'excitation et les risques \u00e9lev\u00e9s. T\u00e9l\u00e9chargez et profitez du jeu Space XY dans le casino. Plongez dans le monde du risque et des aventures inoubliables. \u00c9tudiez attentivement les r\u00e8gles et les caract\u00e9ristiques du jeu pour gagner.","breadcrumb":{"@id":"https:\/\/aviator-crash.org\/fr\/machine-a-sous-space-xy\/#breadcrumb"},"inLanguage":"fr-FR","potentialAction":[{"@type":"ReadAction","target":["https:\/\/aviator-crash.org\/fr\/machine-a-sous-space-xy\/"]}]},{"@type":"BreadcrumbList","@id":"https:\/\/aviator-crash.org\/fr\/machine-a-sous-space-xy\/#breadcrumb","itemListElement":[{"@type":"ListItem","position":1,"name":"Home","item":"https:\/\/aviator-crash.org\/fr\/"},{"@type":"ListItem","position":2,"name":"Machine \u00e0 sous Space XY"}]},{"@type":"WebSite","@id":"https:\/\/aviator-crash.org\/fr\/#website","url":"https:\/\/aviator-crash.org\/fr\/","name":"","description":"","potentialAction":[{"@type":"SearchAction","target":{"@type":"EntryPoint","urlTemplate":"https:\/\/aviator-crash.org\/fr\/?s={search_term_string}"},"query-input":"required name=search_term_string"}],"inLanguage":"fr-FR"}]}},"_links":{"self":[{"href":"https:\/\/aviator-crash.org\/fr\/wp-json\/wp\/v2\/pages\/1246"}],"collection":[{"href":"https:\/\/aviator-crash.org\/fr\/wp-json\/wp\/v2\/pages"}],"about":[{"href":"https:\/\/aviator-crash.org\/fr\/wp-json\/wp\/v2\/types\/page"}],"author":[{"embeddable":true,"href":"https:\/\/aviator-crash.org\/fr\/wp-json\/wp\/v2\/users\/2"}],"replies":[{"embeddable":true,"href":"https:\/\/aviator-crash.org\/fr\/wp-json\/wp\/v2\/comments?post=1246"}],"version-history":[{"count":1,"href":"https:\/\/aviator-crash.org\/fr\/wp-json\/wp\/v2\/pages\/1246\/revisions"}],"predecessor-version":[{"id":1248,"href":"https:\/\/aviator-crash.org\/fr\/wp-json\/wp\/v2\/pages\/1246\/revisions\/1248"}],"wp:attachment":[{"href":"https:\/\/aviator-crash.org\/fr\/wp-json\/wp\/v2\/media?parent=1246"}],"curies":[{"name":"wp","href":"https:\/\/api.w.org\/{rel}","templated":true}]}}