{"id":1255,"date":"2023-12-27T19:09:40","date_gmt":"2023-12-27T19:09:40","guid":{"rendered":"https:\/\/aviator-crash.org\/jeux-de-type-aviateur-pour-de-largent\/"},"modified":"2024-02-02T15:05:44","modified_gmt":"2024-02-02T15:05:44","slug":"jeux-de-type-aviateur-pour-de-largent","status":"publish","type":"page","link":"https:\/\/aviator-crash.org\/fr\/jeux-de-type-aviateur-pour-de-largent\/","title":{"rendered":"Jeux de type aviateur pour de l&rsquo;argent"},"content":{"rendered":"\n<p>Aviator est un jeu unique, l&rsquo;un des premiers jeux vid\u00e9o pour de l&rsquo;argent dans le genre crash, dont l&rsquo;apparition a fait sensation dans les jeux d&rsquo;argent en ligne.\nC&rsquo;est un jeu dynamique, passionnant, avec des tours courts, qui suffisent largement \u00e0 provoquer une forte pouss\u00e9e d&rsquo;adr\u00e9naline et \u00e0 susciter de vives \u00e9motions.\nMais un joueur averti est toujours fascin\u00e9 par la vari\u00e9t\u00e9, c&rsquo;est pourquoi aujourd&rsquo;hui la demande d&rsquo;analogues du jeu Aviator a augment\u00e9 rapidement.\nC&rsquo;est pourquoi les principaux d\u00e9veloppeurs ont mis l&rsquo;accent sur la pr\u00e9sentation de produits similaires avec un gameplay innovant.   <\/p>\n\n<h2 class=\"wp-block-heading\">Lucky Jet est un analogue du jeu Aviator<\/h2>\n\n<p>Lucky Jet est un jeu d&rsquo;argent de type Aviator qui gagne rapidement en popularit\u00e9, pr\u00e9sent\u00e9 par le casino en ligne 1win et qui fait partie des jeux color\u00e9s.\nIl s&rsquo;agit d&rsquo;un jeu similaire \u00e0 Aviator, mais au lieu d&rsquo;un avion, c&rsquo;est Lucky Joe et son sac \u00e0 dos qu&rsquo;il faut surveiller.\nLes mises sont \u00e9galement plac\u00e9es avant le d\u00e9but du tour, puis un multiplicateur est activ\u00e9 et vous devez \u00eatre en mesure de collecter vos gains avant que Joe ne s&rsquo;envole.  <\/p>\n\n<p>Les chances de Lucky Jet sont diff\u00e9rentes.\nVous pouvez prendre la mise multipli\u00e9e par 3, ou vous pouvez attendre une augmentation de 50, 100 et m\u00eame 200 fois.\nComme le montrent les statistiques, les cotes \u00e9lev\u00e9es sont courantes.\nMais seul le joueur d\u00e9pend de sa patience et de sa capacit\u00e9 \u00e0 pr\u00e9dire correctement la dur\u00e9e du tour.   <\/p>\n\n<h2 class=\"wp-block-heading\">Jet X est un autre jeu de type Aviateur<\/h2>\n\n<p>Le jeu suivant, comme Aviator, qui gagne activement en popularit\u00e9 est Jet X, pr\u00e9sent\u00e9 par Smartsoft Gaming.\nIl s&rsquo;agit d&rsquo;un jeu multijoueur, similaire par essence \u00e0 Aviator, car.\ndans lequel vous devez \u00e9galement suivre l&rsquo;avion qui prend de l&rsquo;altitude.\nLa diff\u00e9rence r\u00e9side dans le fait que le point de d\u00e9collage est suivi, c&rsquo;est-\u00e0-dire que plus il est \u00e9lev\u00e9, plus l&rsquo;avion gagne en altitude.\nPlus il est \u00e9lev\u00e9, plus le joueur gagnera en augmentant ses chances.\nCependant, si le joueur ne parvient pas \u00e0 retirer l&rsquo;argent avant que l&rsquo;avion ne s&rsquo;envole, il perdra et perdra tout.     <\/p>\n\n<p>Le jeu est passionnant, il satisfait l&rsquo;\u00e9quilibre de l&rsquo;adr\u00e9naline et de l&rsquo;excitation, ainsi que les \u00ab\u00a0jetons\u00a0\u00bb sp\u00e9ciaux.\nPar exemple : <\/p>\n\n<ul>\n<li>Il y a une fonction bonus qui implique le tirage du jackpot.<\/li>\n\n\n\n<li>Un encaissement minimum avec une cote de 1,1 a \u00e9t\u00e9 fix\u00e9.<\/li>\n\n\n\n<li>Le multiplicateur fonctionne jusqu&rsquo;\u00e0 l&rsquo;infini.<\/li>\n<\/ul>\n\n<h2 class=\"wp-block-heading\">Rocket X.<\/h2>\n\n<p>Rocket X est \u00e9galement une variante du jeu Aviator-like pr\u00e9sent\u00e9 par Slotegrator.\nIl se distingue par une interface graphique rapide, des fonctionnalit\u00e9s uniques et la possibilit\u00e9 de faire vivre au joueur des \u00e9motions fortes.\nL&rsquo;intrigue repose sur le d\u00e9collage d&rsquo;une fus\u00e9e qui tente de retenir un jeune homme.\nAu cours de chaque tour, les paris sont multipli\u00e9s, ce qui vous permet d&rsquo;obtenir un montant multipli\u00e9 par 100 et m\u00eame plus.   <\/p>\n\n<p>Il y a des param\u00e8tres dans ce jeu :<\/p>\n\n<ul>\n<li>Autostraddle.<\/li>\n\n\n\n<li>Autopinions.<\/li>\n<\/ul>\n\n<p>Des strat\u00e9gies mod\u00e9r\u00e9es et agressives peuvent \u00eatre utilis\u00e9es.\nEn m\u00eame temps, il n&rsquo;y a pas de strat\u00e9gie gagnante garantie, tout est bas\u00e9 sur le syst\u00e8me al\u00e9atoire, c&rsquo;est-\u00e0-dire que c&rsquo;est la chance qui d\u00e9termine tout.\nC&rsquo;est la chance qui d\u00e9termine tout.  <\/p>\n\n<h2 class=\"wp-block-heading\">Espace XY.<\/h2>\n\n<p>Space XY est \u00e9galement une excellente option pour ceux qui sont int\u00e9ress\u00e9s par un jeu d&rsquo;argent similaire \u00e0 Aviator.\nDans ce jeu, les joueurs devront faire d\u00e9coller non pas un avion, mais une fus\u00e9e.\nL&rsquo;interface est sobre et laconique.\nLes paris sont faits sur le prochain tour, au cours duquel le joueur devra observer le vol de sa fus\u00e9e.\nCependant, celle-ci peut soudainement dispara\u00eetre du radar, d\u00e9vier de sa trajectoire et exploser, et dans ce cas, les paris sont perdus.\nLa t\u00e2che du joueur consiste \u00e0 \u00ab\u00a0sauter\u00a0\u00bb de la fus\u00e9e \u00e0 temps, c&rsquo;est-\u00e0-dire, comme dans d&rsquo;autres jeux similaires, \u00e0 prendre le contr\u00f4le de la fus\u00e9e.\ncomme dans d&rsquo;autres jeux similaires, de prendre l&rsquo;argent avant qu&rsquo;elle n&rsquo;explose.      <\/p>\n\n<h2 class=\"wp-block-heading\">L&rsquo;argent ou le krach.<\/h2>\n\n<p>Cash or Crash, bien qu&rsquo;analogue \u00e0 Aviator, s&rsquo;en distingue par le fait qu&rsquo;il s&rsquo;agit d&rsquo;un jeu t\u00e9l\u00e9vis\u00e9 complet et d&rsquo;un jeu en direct, auquel s&rsquo;ajoute la r\u00e9alit\u00e9.\nL&rsquo;intrigue se d\u00e9roule \u00e0 l&rsquo;int\u00e9rieur du dirigeable virtuel, o\u00f9 se trouve une \u00e9chelle de 20 marches.\nLe mouvement sur l&rsquo;\u00e9chelle permet de soulever le dirigeable et de l&rsquo;\u00e9loigner de plus en plus de la Terre.\nEn montant l&rsquo;\u00e9chelle, des boules vertes s&rsquo;allument, chacune menant \u00e0 la victoire et augmentant les gains, mais d\u00e8s que la boule rouge s&rsquo;allume, le joueur s&rsquo;\u00e9crase et perd tout.   <\/p>\n\n<p>Caract\u00e9ristiques :<\/p>\n\n<ul>\n<li>Il est possible de multiplier les mises jusqu&rsquo;\u00e0 50 000 fois.<\/li>\n\n\n\n<li>Il y a \u00e9galement un orbe d&rsquo;or qui accorde une vie suppl\u00e9mentaire.<\/li>\n<\/ul>\n\n<h2 class=\"wp-block-heading\">Tirer des conclusions<\/h2>\n\n<p>Aviator et les jeux similaires sont une excellente occasion de se d\u00e9tendre, de se reposer et de se d\u00e9barrasser de la n\u00e9gativit\u00e9 accumul\u00e9e au cours de la journ\u00e9e.\nEn m\u00eame temps, chaque joueur poursuit sa propre signification : <\/p>\n\n<ul>\n<li>S&rsquo;amuser et satisfaire l&rsquo;excitation.<\/li>\n\n\n\n<li>Gagner de l&rsquo;argent.<\/li>\n<\/ul>\n\n<p>Quel jeu d&rsquo;argent de type Aviateur choisir et dans quel but jouer &#8211; c&rsquo;est \u00e0 vous de d\u00e9cider, l&rsquo;essentiel \u00e9tant d&rsquo;\u00eatre capable de vous contr\u00f4ler et de vous en tenir \u00e0 la strat\u00e9gie choisie.\nUne large s\u00e9lection de machines \u00e0 sous est une excellente occasion de diversifier les loisirs, m\u00eame pour les joueurs les plus avertis. <\/p>\n","protected":false},"excerpt":{"rendered":"<p>Aviator est un jeu unique, l&rsquo;un des premiers jeux vid\u00e9o pour de l&rsquo;argent dans le genre crash, dont l&rsquo;apparition a fait sensation dans les jeux d&rsquo;argent en ligne. C&rsquo;est un jeu dynamique, passionnant, avec des tours courts, qui suffisent largement \u00e0 provoquer une forte pouss\u00e9e d&rsquo;adr\u00e9naline et \u00e0 susciter de vives \u00e9motions. Mais un joueur [&hellip;]<\/p>\n","protected":false},"author":2,"featured_media":0,"parent":0,"menu_order":0,"comment_status":"closed","ping_status":"closed","template":"","meta":{"footnotes":""},"yoast_head":"<!-- This site is optimized with the Yoast SEO plugin v21.7 - https:\/\/yoast.com\/wordpress\/plugins\/seo\/ -->\n<title>Jeux d&#039;argent similaires \u00e0 Aviator (jeux similaires et analogues \u00e0 Aviator)<\/title>\n<meta name=\"description\" content=\"Revue des jeux de crash comme le c\u00e9l\u00e8bre &quot;Aviator&quot; pour de l&#039;argent. Consultez les meilleures variantes et choisissez celle qui vous procurera de nouvelles \u00e9motions et de l&#039;excitation, et si la Fortune vous est favorable, alors un solide gain !\" \/>\n<meta name=\"robots\" content=\"index, follow, max-snippet:-1, max-image-preview:large, max-video-preview:-1\" \/>\n<link rel=\"canonical\" href=\"https:\/\/aviator-crash.org\/fr\/jeux-de-type-aviateur-pour-de-largent\/\" \/>\n<meta property=\"og:locale\" content=\"fr_FR\" \/>\n<meta property=\"og:type\" content=\"article\" \/>\n<meta property=\"og:title\" content=\"Jeux d&#039;argent similaires \u00e0 Aviator (jeux similaires et analogues \u00e0 Aviator)\" \/>\n<meta property=\"og:description\" content=\"Revue des jeux de crash comme le c\u00e9l\u00e8bre &quot;Aviator&quot; pour de l&#039;argent. Consultez les meilleures variantes et choisissez celle qui vous procurera de nouvelles \u00e9motions et de l&#039;excitation, et si la Fortune vous est favorable, alors un solide gain !\" \/>\n<meta property=\"og:url\" content=\"https:\/\/aviator-crash.org\/fr\/jeux-de-type-aviateur-pour-de-largent\/\" \/>\n<meta property=\"article:modified_time\" content=\"2024-02-02T15:05:44+00:00\" \/>\n<meta name=\"twitter:card\" content=\"summary_large_image\" \/>\n<meta name=\"twitter:label1\" content=\"Est. reading time\" \/>\n\t<meta name=\"twitter:data1\" content=\"5 minutes\" \/>\n<script type=\"application\/ld+json\" class=\"yoast-schema-graph\">{\"@context\":\"https:\/\/schema.org\",\"@graph\":[{\"@type\":\"WebPage\",\"@id\":\"https:\/\/aviator-crash.org\/fr\/jeux-de-type-aviateur-pour-de-largent\/\",\"url\":\"https:\/\/aviator-crash.org\/fr\/jeux-de-type-aviateur-pour-de-largent\/\",\"name\":\"Jeux d'argent similaires \u00e0 Aviator (jeux similaires et analogues \u00e0 Aviator)\",\"isPartOf\":{\"@id\":\"https:\/\/aviator-crash.org\/fr\/#website\"},\"datePublished\":\"2023-12-27T19:09:40+00:00\",\"dateModified\":\"2024-02-02T15:05:44+00:00\",\"description\":\"Revue des jeux de crash comme le c\u00e9l\u00e8bre \\\"Aviator\\\" pour de l'argent. Consultez les meilleures variantes et choisissez celle qui vous procurera de nouvelles \u00e9motions et de l'excitation, et si la Fortune vous est favorable, alors un solide gain !\",\"breadcrumb\":{\"@id\":\"https:\/\/aviator-crash.org\/fr\/jeux-de-type-aviateur-pour-de-largent\/#breadcrumb\"},\"inLanguage\":\"fr-FR\",\"potentialAction\":[{\"@type\":\"ReadAction\",\"target\":[\"https:\/\/aviator-crash.org\/fr\/jeux-de-type-aviateur-pour-de-largent\/\"]}]},{\"@type\":\"BreadcrumbList\",\"@id\":\"https:\/\/aviator-crash.org\/fr\/jeux-de-type-aviateur-pour-de-largent\/#breadcrumb\",\"itemListElement\":[{\"@type\":\"ListItem\",\"position\":1,\"name\":\"Home\",\"item\":\"https:\/\/aviator-crash.org\/fr\/\"},{\"@type\":\"ListItem\",\"position\":2,\"name\":\"Jeux de type aviateur pour de l&rsquo;argent\"}]},{\"@type\":\"WebSite\",\"@id\":\"https:\/\/aviator-crash.org\/fr\/#website\",\"url\":\"https:\/\/aviator-crash.org\/fr\/\",\"name\":\"\",\"description\":\"\",\"potentialAction\":[{\"@type\":\"SearchAction\",\"target\":{\"@type\":\"EntryPoint\",\"urlTemplate\":\"https:\/\/aviator-crash.org\/fr\/?s={search_term_string}\"},\"query-input\":\"required name=search_term_string\"}],\"inLanguage\":\"fr-FR\"}]}<\/script>\n<!-- \/ Yoast SEO plugin. -->","yoast_head_json":{"title":"Jeux d'argent similaires \u00e0 Aviator (jeux similaires et analogues \u00e0 Aviator)","description":"Revue des jeux de crash comme le c\u00e9l\u00e8bre \"Aviator\" pour de l'argent. Consultez les meilleures variantes et choisissez celle qui vous procurera de nouvelles \u00e9motions et de l'excitation, et si la Fortune vous est favorable, alors un solide gain !","robots":{"index":"index","follow":"follow","max-snippet":"max-snippet:-1","max-image-preview":"max-image-preview:large","max-video-preview":"max-video-preview:-1"},"canonical":"https:\/\/aviator-crash.org\/fr\/jeux-de-type-aviateur-pour-de-largent\/","og_locale":"fr_FR","og_type":"article","og_title":"Jeux d'argent similaires \u00e0 Aviator (jeux similaires et analogues \u00e0 Aviator)","og_description":"Revue des jeux de crash comme le c\u00e9l\u00e8bre \"Aviator\" pour de l'argent. Consultez les meilleures variantes et choisissez celle qui vous procurera de nouvelles \u00e9motions et de l'excitation, et si la Fortune vous est favorable, alors un solide gain !","og_url":"https:\/\/aviator-crash.org\/fr\/jeux-de-type-aviateur-pour-de-largent\/","article_modified_time":"2024-02-02T15:05:44+00:00","twitter_card":"summary_large_image","twitter_misc":{"Est. reading time":"5 minutes"},"schema":{"@context":"https:\/\/schema.org","@graph":[{"@type":"WebPage","@id":"https:\/\/aviator-crash.org\/fr\/jeux-de-type-aviateur-pour-de-largent\/","url":"https:\/\/aviator-crash.org\/fr\/jeux-de-type-aviateur-pour-de-largent\/","name":"Jeux d'argent similaires \u00e0 Aviator (jeux similaires et analogues \u00e0 Aviator)","isPartOf":{"@id":"https:\/\/aviator-crash.org\/fr\/#website"},"datePublished":"2023-12-27T19:09:40+00:00","dateModified":"2024-02-02T15:05:44+00:00","description":"Revue des jeux de crash comme le c\u00e9l\u00e8bre \"Aviator\" pour de l'argent. Consultez les meilleures variantes et choisissez celle qui vous procurera de nouvelles \u00e9motions et de l'excitation, et si la Fortune vous est favorable, alors un solide gain !","breadcrumb":{"@id":"https:\/\/aviator-crash.org\/fr\/jeux-de-type-aviateur-pour-de-largent\/#breadcrumb"},"inLanguage":"fr-FR","potentialAction":[{"@type":"ReadAction","target":["https:\/\/aviator-crash.org\/fr\/jeux-de-type-aviateur-pour-de-largent\/"]}]},{"@type":"BreadcrumbList","@id":"https:\/\/aviator-crash.org\/fr\/jeux-de-type-aviateur-pour-de-largent\/#breadcrumb","itemListElement":[{"@type":"ListItem","position":1,"name":"Home","item":"https:\/\/aviator-crash.org\/fr\/"},{"@type":"ListItem","position":2,"name":"Jeux de type aviateur pour de l&rsquo;argent"}]},{"@type":"WebSite","@id":"https:\/\/aviator-crash.org\/fr\/#website","url":"https:\/\/aviator-crash.org\/fr\/","name":"","description":"","potentialAction":[{"@type":"SearchAction","target":{"@type":"EntryPoint","urlTemplate":"https:\/\/aviator-crash.org\/fr\/?s={search_term_string}"},"query-input":"required name=search_term_string"}],"inLanguage":"fr-FR"}]}},"_links":{"self":[{"href":"https:\/\/aviator-crash.org\/fr\/wp-json\/wp\/v2\/pages\/1255"}],"collection":[{"href":"https:\/\/aviator-crash.org\/fr\/wp-json\/wp\/v2\/pages"}],"about":[{"href":"https:\/\/aviator-crash.org\/fr\/wp-json\/wp\/v2\/types\/page"}],"author":[{"embeddable":true,"href":"https:\/\/aviator-crash.org\/fr\/wp-json\/wp\/v2\/users\/2"}],"replies":[{"embeddable":true,"href":"https:\/\/aviator-crash.org\/fr\/wp-json\/wp\/v2\/comments?post=1255"}],"version-history":[{"count":1,"href":"https:\/\/aviator-crash.org\/fr\/wp-json\/wp\/v2\/pages\/1255\/revisions"}],"predecessor-version":[{"id":1256,"href":"https:\/\/aviator-crash.org\/fr\/wp-json\/wp\/v2\/pages\/1255\/revisions\/1256"}],"wp:attachment":[{"href":"https:\/\/aviator-crash.org\/fr\/wp-json\/wp\/v2\/media?parent=1255"}],"curies":[{"name":"wp","href":"https:\/\/api.w.org\/{rel}","templated":true}]}}