{"id":794,"date":"2023-12-27T19:33:16","date_gmt":"2023-12-27T19:33:16","guid":{"rendered":"https:\/\/aviator-crash.org\/jet-x\/"},"modified":"2024-01-25T20:55:20","modified_gmt":"2024-01-25T20:55:20","slug":"jet-x","status":"publish","type":"page","link":"https:\/\/aviator-crash.org\/fr\/jet-x\/","title":{"rendered":"Jet X"},"content":{"rendered":"\n<figure class=\"wp-block-gallery has-nested-images columns-default is-cropped wp-block-gallery-1 is-layout-flex wp-block-gallery-is-layout-flex\">\n<figure class=\"wp-block-image size-large\"><span itemprop=\"image\" itemscope itemtype=\"https:\/\/schema.org\/ImageObject\"><img itemprop=\"url image\" loading=\"lazy\" decoding=\"async\" width=\"1024\" height=\"576\" data-id=\"475\" src=\"https:\/\/aviator-crash.org\/wp-content\/uploads\/2024\/01\/how-to-play-jet-x-game-on-my-cell-phone-1200x675-1-1024x576-1.webp\" alt=\"\" class=\"wp-image-475\" srcset=\"https:\/\/aviator-crash.org\/wp-content\/uploads\/2024\/01\/how-to-play-jet-x-game-on-my-cell-phone-1200x675-1-1024x576-1.webp 1024w, https:\/\/aviator-crash.org\/wp-content\/uploads\/2024\/01\/how-to-play-jet-x-game-on-my-cell-phone-1200x675-1-1024x576-1-300x169.webp 300w, https:\/\/aviator-crash.org\/wp-content\/uploads\/2024\/01\/how-to-play-jet-x-game-on-my-cell-phone-1200x675-1-1024x576-1-768x432.webp 768w\" sizes=\"(max-width: 1024px) 100vw, 1024px\" \/><meta itemprop=\"width\" content=\"1024\"><meta itemprop=\"height\" content=\"576\"><\/span><\/figure>\n<\/figure>\n\n<p>Bienvenue dans le futur des courses d&rsquo;adr\u00e9naline, dans le monde du jeu Jet X, que vous pouvez t\u00e9l\u00e9charger gratuitement ! Il s&rsquo;agit d&rsquo;une aventure arcade officielle palpitante pour Android o\u00f9 vitesse, altitude et cascades incroyables se combinent en un flux puissant. Entrez dans le cockpit d&rsquo;une machine volante de pointe et pr\u00e9parez-vous \u00e0 une course-poursuite qui d\u00e9passera toutes vos esp\u00e9rances. N&rsquo;oubliez pas la strat\u00e9gie Jet X !   <\/p>\n\n<p>Vous pouvez facilement t\u00e9l\u00e9charger l&rsquo;application sur le site Web de X Win &#8211; une soci\u00e9t\u00e9 de paris, consid\u00e9r\u00e9e comme l&rsquo;une des plus populaires. Cr\u00e9ez un compte personnel, lancez le jeu et commencez bient\u00f4t \u00e0 courir. <\/p>\n\n<h2 class=\"wp-block-heading\">Avantages du jeu en ligne Jet X<\/h2>\n\n<p>Le jeu en ligne Jet X poss\u00e8de plusieurs avantages qui le rendent attractif pour les fans de courses d&rsquo;arcade et d&rsquo;adr\u00e9naline du futur :<\/p>\n\n<ul>\n<li>Vitesse et dynamisme. Le jeu propose des courses \u00e0 grande vitesse o\u00f9 chaque seconde compte. Avec un gameplay dynamique et une libert\u00e9 de mouvement dans un espace tridimensionnel, les joueurs de X Jet ressentent vraiment l&rsquo;adr\u00e9naline de la course \u00e0 grande vitesse.  <\/li>\n\n\n\n<li>Des machines volantes uniques. Les joueurs peuvent choisir parmi diverses machines volantes innovantes aux caract\u00e9ristiques uniques. <\/li>\n\n\n\n<li>Disponibilit\u00e9 d&rsquo;un mode multijoueur. La possibilit\u00e9 de se mesurer \u00e0 d&rsquo;autres joueurs en ligne ajoute un \u00e9l\u00e9ment de comp\u00e9tition et d&rsquo;interaction sociale. Vous pouvez t\u00e9l\u00e9charger Jet X et profiter du jeu avec vos amis.  <\/li>\n\n\n\n<li>Am\u00e9lioration des appareils. Les joueurs peuvent personnaliser et am\u00e9liorer leurs machines volantes, en les adaptant \u00e0 leur style de course. Cela cr\u00e9e une exp\u00e9rience personnalis\u00e9e pour chaque joueur et leur permet d&rsquo;am\u00e9liorer leurs machines au fur et \u00e0 mesure qu&rsquo;ils progressent.  <\/li>\n\n\n\n<li>Mises \u00e0 jour r\u00e9guli\u00e8res. Les d\u00e9veloppeurs mettent constamment \u00e0 jour Jet X, en ajoutant de nouvelles pistes, unit\u00e9s, modes et fonctionnalit\u00e9s. <\/li>\n<\/ul>\n\n<p>Ces avantages rendent le jeu Jet X attrayant pour ceux qui appr\u00e9cient les courses dynamiques, l&rsquo;innovation dans la conception des avions et l&rsquo;esprit de comp\u00e9tition des jeux en ligne.<\/p>\n\n<h2 class=\"wp-block-heading\">Comment jouer \u00e0 Jet X<\/h2>\n\n<p>Le jeu Jet X offre une exp\u00e9rience passionnante de course \u00e0 grande vitesse dans le futur. Voici des indications g\u00e9n\u00e9rales sur la fa\u00e7on de commencer \u00e0 jouer \u00e0 Jet X : <\/p>\n\n<ol>\n<li>Tout d&rsquo;abord, installez le jeu sur votre appareil en suivant les instructions relatives \u00e0 votre plateforme (PC, console, appareil mobile). Lancez le jeu et attendez la fin du processus de t\u00e9l\u00e9chargement. <\/li>\n\n\n\n<li>Lorsque vous d\u00e9marrez le jeu, il vous est demand\u00e9 de choisir votre premi\u00e8re machine volante. Les diff\u00e9rents v\u00e9hicules peuvent avoir des caract\u00e9ristiques et des capacit\u00e9s diff\u00e9rentes, vous pouvez donc exp\u00e9rimenter et jouer \u00e0 Jet X. <\/li>\n\n\n\n<li>Familiarisez-vous avec les commandes de votre machine volante. Il s&rsquo;agit g\u00e9n\u00e9ralement d&rsquo;utiliser les touches, les joysticks ou l&rsquo;\u00e9cran tactile en fonction de la plateforme. <\/li>\n\n\n\n<li>Jet X propose diff\u00e9rents modes de jeu tels que la campagne, les batailles multijoueurs.<\/li>\n\n\n\n<li>Choisissez un circuit et commencez \u00e0 courir. Faites attention aux buts et objectifs de chaque course, car ils peuvent varier en fonction du mode de jeu. Le programme Jet X peut varier en fonction du niveau.  <\/li>\n\n\n\n<li>Utilisez les capacit\u00e9s de votre machine volante pour combattre vos adversaires et r\u00e9aliser des cascades. Dans certains modes de jeu, cela peut apporter des bonus ou des acc\u00e9l\u00e9rations suppl\u00e9mentaires. <\/li>\n\n\n\n<li>Apr\u00e8s avoir termin\u00e9 les courses et les batailles, gagnez des ressources ou de la monnaie dans le jeu pour am\u00e9liorer et personnaliser votre machine volante.<\/li>\n\n\n\n<li>Gardez un \u0153il sur les mises \u00e0 jour du jeu, car les d\u00e9veloppeurs pourraient ajouter de nouveaux circuits, v\u00e9hicules et modes.<\/li>\n<\/ol>\n\n<p>Les termes et r\u00e8gles sp\u00e9cifiques peuvent varier d&rsquo;une version \u00e0 l&rsquo;autre. Lisez les avis et recommandations sur Jet X, cela vous permettra de vous impr\u00e9gner rapidement de l&rsquo;essence du jeu et de commencer \u00e0 jouer. <\/p>\n\n<h2 class=\"wp-block-heading\">Comment gagner \u00e0 Jet X ?<\/h2>\n\n<p>Pour r\u00e9ussir \u00e0 jouer \u00e0 Jet X, il est important de d\u00e9velopper des comp\u00e9tences et d&rsquo;appliquer des strat\u00e9gies pour gagner les courses et les batailles. Voici quelques conseils qui peuvent vous aider \u00e0 r\u00e9ussir dans le jeu. Tout d&rsquo;abord, ma\u00eetrisez les commandes de votre machine volante. Comprendre chaque mouvement et chaque man\u0153uvre vous permettra de vous diriger plus efficacement dans diff\u00e9rentes situations. Explorez les pistes et utilisez l&rsquo;environnement \u00e0 votre avantage.    <\/p>\n\n<p>Un autre conseil qui a fait ses preuves est d&rsquo;utiliser les codes promo Jet X. Ils offrent des conditions avantageuses et la possibilit\u00e9 de gagner des points suppl\u00e9mentaires. Vous pouvez trouver des codes promo sur des sites de jeux sp\u00e9cialis\u00e9s ou dans une section sp\u00e9cifique de X Win. <\/p>\n\n<p>La strat\u00e9gie de Jet X est un autre point important auquel il faut pr\u00eater attention. En cas de bataille, soyez actif dans l&rsquo;utilisation des armes et des d\u00e9fenses. Une interaction efficace avec les ennemis peut augmenter consid\u00e9rablement vos chances de victoire.  <\/p>\n\n<p>Pendant les courses et les batailles, n&rsquo;oubliez pas de faire des cascades. Elles peuvent apporter des bonus et des acc\u00e9l\u00e9rations suppl\u00e9mentaires. N&rsquo;oubliez pas les bonus et les paris judicieusement plac\u00e9s. Le syst\u00e8me de calcul des cotes de Jet X vous permet de calculer tous les risques et de faire des paris judicieux. Profitez aussi activement des opportunit\u00e9s pour am\u00e9liorer votre machine volante. \u00c9tudiez soigneusement les pistes et planifiez votre trajectoire \u00e0 l&rsquo;avance. Le choix optimal de la trajectoire et le contr\u00f4le de la vitesse vous aideront \u00e0 d\u00e9passer vos rivaux.      <\/p>\n\n<p>Gardez un \u0153il sur les actions de vos adversaires et adaptez-vous aux conditions changeantes de la piste. La flexibilit\u00e9 et l&rsquo;adaptabilit\u00e9 peuvent \u00eatre la cl\u00e9 du succ\u00e8s dans les courses rapides. Si le jeu ou la d\u00e9mo Jet X permet de jouer en \u00e9quipe, communiquez activement avec votre \u00e9quipe.  <\/p>\n\n<p>Le jeu Jet X vous permet de faire preuve de cr\u00e9ativit\u00e9 et de prendre des d\u00e9cisions tactiques. Adaptez-vous aux conditions, explorez le syst\u00e8me de cotes de Jet X et profitez de courses rapides et passionnantes \u00e0 l&rsquo;avenir ! <\/p>\n\n<h2 class=\"wp-block-heading\">R\u00e8gles du jeu Jet X<\/h2>\n\n<p>L&rsquo;objectif principal d\u00e9pend du mode de jeu. Il peut s&rsquo;agir de terminer la piste dans le temps le plus court, de remporter des batailles avec les adversaires, de r\u00e9aliser des cascades ou d&rsquo;atteindre certains r\u00e9sultats en mode multijoueur. Le jeu propose g\u00e9n\u00e9ralement une grande vari\u00e9t\u00e9 de circuits et de niveaux, chacun pr\u00e9sentant des d\u00e9fis uniques. Vous pouvez vous familiariser avec chacun d&rsquo;entre eux sur le site web de Jet X. Les joueurs peuvent gonfler leurs machines volantes pour mieux affronter les circuits de niveau sup\u00e9rieur.   <\/p>\n\n<p>Les joueurs contr\u00f4lent les v\u00e9hicules volants \u00e0 l&rsquo;aide du clavier, du joystick, de la manette de jeu ou de l&rsquo;\u00e9cran tactile, en fonction de la plateforme. Les commandes comprennent le changement de direction, l&rsquo;ajustement de la vitesse et l&rsquo;ex\u00e9cution de cascades. Les cascades permettent d&rsquo;obtenir des bonus tels que l&rsquo;acc\u00e9l\u00e9ration ou des points suppl\u00e9mentaires.  <\/p>\n\n<p>Dans certains modes de jeu, les joueurs peuvent combattre leurs adversaires \u00e0 l&rsquo;aide d&rsquo;armes install\u00e9es sur leurs v\u00e9hicules. Les armes peuvent \u00eatre des missiles, des lasers ou d&rsquo;autres moyens d&rsquo;attaque ou de d\u00e9fense. Consultez la strat\u00e9gie et les critiques de Jet X avant de commencer le jeu.  <\/p>\n\n<h2 class=\"wp-block-heading\">Codes promotionnels<\/h2>\n\n<p>Les codes promotionnels sont g\u00e9n\u00e9ralement fournis par les d\u00e9veloppeurs du jeu ou la plateforme sur laquelle il est distribu\u00e9. Il s&rsquo;agit de bonus ou de jetons sp\u00e9ciaux permettant aux joueurs d&rsquo;augmenter leurs chances de gagner. Les codes promotionnels peuvent \u00eatre trouv\u00e9s sur plusieurs ressources :  <\/p>\n\n<ul>\n<li>Site web officiel.<\/li>\n\n\n\n<li>M\u00e9dias sociaux.<\/li>\n\n\n\n<li>Forums et communaut\u00e9s.<\/li>\n\n\n\n<li>Bulletins d&rsquo;information.<\/li>\n\n\n\n<li>Partenaires et sponsors.<\/li>\n<\/ul>\n\n<h2 class=\"wp-block-heading\">T\u00e9moignages<\/h2>\n\n<p>Voici quelques avis d&rsquo;utilisateurs sur ce jeu populaire :<\/p>\n","protected":false},"excerpt":{"rendered":"<p>Bienvenue dans le futur des courses d&rsquo;adr\u00e9naline, dans le monde du jeu Jet X, que vous pouvez t\u00e9l\u00e9charger gratuitement ! Il s&rsquo;agit d&rsquo;une aventure arcade officielle palpitante pour Android o\u00f9 vitesse, altitude et cascades incroyables se combinent en un flux puissant. Entrez dans le cockpit d&rsquo;une machine volante de pointe et pr\u00e9parez-vous \u00e0 une course-poursuite [&hellip;]<\/p>\n","protected":false},"author":2,"featured_media":0,"parent":0,"menu_order":0,"comment_status":"open","ping_status":"closed","template":"","meta":{"footnotes":""},"yoast_head":"<!-- This site is optimized with the Yoast SEO plugin v21.7 - https:\/\/yoast.com\/wordpress\/plugins\/seo\/ -->\n<title>Jeu de casino Jet X, t\u00e9l\u00e9charger<\/title>\n<meta name=\"description\" content=\"Plongez dans le monde passionnant des courses \u00e0 grande vitesse avec Jet X, une exp\u00e9rience d&#039;arcade unique et palpitante pour le futur. Lisez attentivement les r\u00e8gles et prenez vite le volant. Des aventures int\u00e9ressantes et du bon temps vous attendent.\" \/>\n<meta name=\"robots\" content=\"index, follow, max-snippet:-1, max-image-preview:large, max-video-preview:-1\" \/>\n<link rel=\"canonical\" href=\"https:\/\/aviator-crash.org\/fr\/jet-x\/\" \/>\n<meta property=\"og:locale\" content=\"fr_FR\" \/>\n<meta property=\"og:type\" content=\"article\" \/>\n<meta property=\"og:title\" content=\"Jeu de casino Jet X, t\u00e9l\u00e9charger\" \/>\n<meta property=\"og:description\" content=\"Plongez dans le monde passionnant des courses \u00e0 grande vitesse avec Jet X, une exp\u00e9rience d&#039;arcade unique et palpitante pour le futur. Lisez attentivement les r\u00e8gles et prenez vite le volant. Des aventures int\u00e9ressantes et du bon temps vous attendent.\" \/>\n<meta property=\"og:url\" content=\"https:\/\/aviator-crash.org\/fr\/jet-x\/\" \/>\n<meta property=\"article:modified_time\" content=\"2024-01-25T20:55:20+00:00\" \/>\n<meta property=\"og:image\" content=\"https:\/\/aviator-crash.org\/wp-content\/uploads\/2024\/01\/how-to-play-jet-x-game-on-my-cell-phone-1200x675-1-1024x576-1.webp\" \/>\n<meta name=\"twitter:card\" content=\"summary_large_image\" \/>\n<meta name=\"twitter:label1\" content=\"Est. reading time\" \/>\n\t<meta name=\"twitter:data1\" content=\"6 minutes\" \/>\n<script type=\"application\/ld+json\" class=\"yoast-schema-graph\">{\"@context\":\"https:\/\/schema.org\",\"@graph\":[{\"@type\":\"WebPage\",\"@id\":\"https:\/\/aviator-crash.org\/fr\/jet-x\/\",\"url\":\"https:\/\/aviator-crash.org\/fr\/jet-x\/\",\"name\":\"Jeu de casino Jet X, t\u00e9l\u00e9charger\",\"isPartOf\":{\"@id\":\"https:\/\/aviator-crash.org\/fr\/#website\"},\"datePublished\":\"2023-12-27T19:33:16+00:00\",\"dateModified\":\"2024-01-25T20:55:20+00:00\",\"description\":\"Plongez dans le monde passionnant des courses \u00e0 grande vitesse avec Jet X, une exp\u00e9rience d'arcade unique et palpitante pour le futur. Lisez attentivement les r\u00e8gles et prenez vite le volant. Des aventures int\u00e9ressantes et du bon temps vous attendent.\",\"breadcrumb\":{\"@id\":\"https:\/\/aviator-crash.org\/fr\/jet-x\/#breadcrumb\"},\"inLanguage\":\"fr-FR\",\"potentialAction\":[{\"@type\":\"ReadAction\",\"target\":[\"https:\/\/aviator-crash.org\/fr\/jet-x\/\"]}]},{\"@type\":\"BreadcrumbList\",\"@id\":\"https:\/\/aviator-crash.org\/fr\/jet-x\/#breadcrumb\",\"itemListElement\":[{\"@type\":\"ListItem\",\"position\":1,\"name\":\"Home\",\"item\":\"https:\/\/aviator-crash.org\/fr\/\"},{\"@type\":\"ListItem\",\"position\":2,\"name\":\"Jet X\"}]},{\"@type\":\"WebSite\",\"@id\":\"https:\/\/aviator-crash.org\/fr\/#website\",\"url\":\"https:\/\/aviator-crash.org\/fr\/\",\"name\":\"\",\"description\":\"\",\"potentialAction\":[{\"@type\":\"SearchAction\",\"target\":{\"@type\":\"EntryPoint\",\"urlTemplate\":\"https:\/\/aviator-crash.org\/fr\/?s={search_term_string}\"},\"query-input\":\"required name=search_term_string\"}],\"inLanguage\":\"fr-FR\"}]}<\/script>\n<!-- \/ Yoast SEO plugin. -->","yoast_head_json":{"title":"Jeu de casino Jet X, t\u00e9l\u00e9charger","description":"Plongez dans le monde passionnant des courses \u00e0 grande vitesse avec Jet X, une exp\u00e9rience d'arcade unique et palpitante pour le futur. Lisez attentivement les r\u00e8gles et prenez vite le volant. Des aventures int\u00e9ressantes et du bon temps vous attendent.","robots":{"index":"index","follow":"follow","max-snippet":"max-snippet:-1","max-image-preview":"max-image-preview:large","max-video-preview":"max-video-preview:-1"},"canonical":"https:\/\/aviator-crash.org\/fr\/jet-x\/","og_locale":"fr_FR","og_type":"article","og_title":"Jeu de casino Jet X, t\u00e9l\u00e9charger","og_description":"Plongez dans le monde passionnant des courses \u00e0 grande vitesse avec Jet X, une exp\u00e9rience d'arcade unique et palpitante pour le futur. Lisez attentivement les r\u00e8gles et prenez vite le volant. Des aventures int\u00e9ressantes et du bon temps vous attendent.","og_url":"https:\/\/aviator-crash.org\/fr\/jet-x\/","article_modified_time":"2024-01-25T20:55:20+00:00","og_image":[{"url":"https:\/\/aviator-crash.org\/wp-content\/uploads\/2024\/01\/how-to-play-jet-x-game-on-my-cell-phone-1200x675-1-1024x576-1.webp"}],"twitter_card":"summary_large_image","twitter_misc":{"Est. reading time":"6 minutes"},"schema":{"@context":"https:\/\/schema.org","@graph":[{"@type":"WebPage","@id":"https:\/\/aviator-crash.org\/fr\/jet-x\/","url":"https:\/\/aviator-crash.org\/fr\/jet-x\/","name":"Jeu de casino Jet X, t\u00e9l\u00e9charger","isPartOf":{"@id":"https:\/\/aviator-crash.org\/fr\/#website"},"datePublished":"2023-12-27T19:33:16+00:00","dateModified":"2024-01-25T20:55:20+00:00","description":"Plongez dans le monde passionnant des courses \u00e0 grande vitesse avec Jet X, une exp\u00e9rience d'arcade unique et palpitante pour le futur. Lisez attentivement les r\u00e8gles et prenez vite le volant. Des aventures int\u00e9ressantes et du bon temps vous attendent.","breadcrumb":{"@id":"https:\/\/aviator-crash.org\/fr\/jet-x\/#breadcrumb"},"inLanguage":"fr-FR","potentialAction":[{"@type":"ReadAction","target":["https:\/\/aviator-crash.org\/fr\/jet-x\/"]}]},{"@type":"BreadcrumbList","@id":"https:\/\/aviator-crash.org\/fr\/jet-x\/#breadcrumb","itemListElement":[{"@type":"ListItem","position":1,"name":"Home","item":"https:\/\/aviator-crash.org\/fr\/"},{"@type":"ListItem","position":2,"name":"Jet X"}]},{"@type":"WebSite","@id":"https:\/\/aviator-crash.org\/fr\/#website","url":"https:\/\/aviator-crash.org\/fr\/","name":"","description":"","potentialAction":[{"@type":"SearchAction","target":{"@type":"EntryPoint","urlTemplate":"https:\/\/aviator-crash.org\/fr\/?s={search_term_string}"},"query-input":"required name=search_term_string"}],"inLanguage":"fr-FR"}]}},"_links":{"self":[{"href":"https:\/\/aviator-crash.org\/fr\/wp-json\/wp\/v2\/pages\/794"}],"collection":[{"href":"https:\/\/aviator-crash.org\/fr\/wp-json\/wp\/v2\/pages"}],"about":[{"href":"https:\/\/aviator-crash.org\/fr\/wp-json\/wp\/v2\/types\/page"}],"author":[{"embeddable":true,"href":"https:\/\/aviator-crash.org\/fr\/wp-json\/wp\/v2\/users\/2"}],"replies":[{"embeddable":true,"href":"https:\/\/aviator-crash.org\/fr\/wp-json\/wp\/v2\/comments?post=794"}],"version-history":[{"count":1,"href":"https:\/\/aviator-crash.org\/fr\/wp-json\/wp\/v2\/pages\/794\/revisions"}],"predecessor-version":[{"id":796,"href":"https:\/\/aviator-crash.org\/fr\/wp-json\/wp\/v2\/pages\/794\/revisions\/796"}],"wp:attachment":[{"href":"https:\/\/aviator-crash.org\/fr\/wp-json\/wp\/v2\/media?parent=794"}],"curies":[{"name":"wp","href":"https:\/\/api.w.org\/{rel}","templated":true}]}}