{"id":797,"date":"2023-12-27T19:26:44","date_gmt":"2023-12-27T19:26:44","guid":{"rendered":"https:\/\/aviator-crash.org\/telechargement-de-lucky-jet-1win\/"},"modified":"2024-01-25T20:56:03","modified_gmt":"2024-01-25T20:56:03","slug":"telechargement-de-lucky-jet-1win","status":"publish","type":"page","link":"https:\/\/aviator-crash.org\/fr\/telechargement-de-lucky-jet-1win\/","title":{"rendered":"T\u00e9l\u00e9chargement de Lucky Jet 1win"},"content":{"rendered":"\n<figure class=\"wp-block-gallery has-nested-images columns-default is-cropped wp-block-gallery-1 is-layout-flex wp-block-gallery-is-layout-flex\">\n<figure class=\"wp-block-image size-large\"><span itemprop=\"image\" itemscope itemtype=\"https:\/\/schema.org\/ImageObject\"><img itemprop=\"url image\" loading=\"lazy\" decoding=\"async\" width=\"880\" height=\"500\" data-id=\"478\" src=\"https:\/\/aviator-crash.org\/wp-content\/uploads\/2024\/01\/lucky_jet_game-casino_yl6vvw.webp\" alt=\"\" class=\"wp-image-478\" srcset=\"https:\/\/aviator-crash.org\/wp-content\/uploads\/2024\/01\/lucky_jet_game-casino_yl6vvw.webp 880w, https:\/\/aviator-crash.org\/wp-content\/uploads\/2024\/01\/lucky_jet_game-casino_yl6vvw-300x170.webp 300w, https:\/\/aviator-crash.org\/wp-content\/uploads\/2024\/01\/lucky_jet_game-casino_yl6vvw-768x436.webp 768w\" sizes=\"(max-width: 880px) 100vw, 880px\" \/><meta itemprop=\"width\" content=\"880\"><meta itemprop=\"height\" content=\"500\"><\/span><\/figure>\n<\/figure>\n\n<p>Des vols virtuoses, des moments de jeu et un espace illimit\u00e9 se rencontrent dans une aventure palpitante appel\u00e9e Lucky Jet 1win. Ce jeu 1win passionnant emm\u00e8ne les joueurs dans un monde unique d&rsquo;excitation et d&rsquo;aventure, o\u00f9 chaque man\u0153uvre peut s&rsquo;av\u00e9rer \u00eatre la cl\u00e9 de la victoire. <\/p>\n\n<p>Lucky Jet 1win n&rsquo;est pas seulement un jeu android, c&rsquo;est l&rsquo;occasion de plonger dans le monde passionnant des batailles de jeu, o\u00f9 chaque instant peut faire basculer le cours des choses. T\u00e9l\u00e9chargez l&rsquo;application officielle du jeu Lucky Jet sur le site Onewin. Dans votre compte personnel, vous pouvez collecter vos r\u00e9compenses, combattre et rivaliser avec vos amis. L&rsquo;application Lucky Jet 1win peut \u00eatre t\u00e9l\u00e9charg\u00e9e gratuitement.   <\/p>\n\n<h2 class=\"wp-block-heading\">Avantages du jeu en ligne Lucky Jet<\/h2>\n\n<p>Cette application est un jeu en ligne passionnant qui pr\u00e9sente de nombreux avantages :<\/p>\n\n<ul>\n<li>Un gameplay int\u00e9ressant. Les joueurs peuvent participer \u00e0 des batailles high-tech dans l&rsquo;espace, en s&rsquo;envolant \u00e0 bord de leurs machines volantes. <\/li>\n\n\n\n<li>De nombreuses missions passionnantes.<\/li>\n\n\n\n<li>Mode multijoueur. L&rsquo;un des principaux avantages est la possibilit\u00e9 de jouer en ligne avec d&rsquo;autres joueurs. Les commentaires sur Lucky Jet 1win concernant ce mode sont extr\u00eamement positifs, car les joueurs pourront se battre, s&rsquo;affronter et coop\u00e9rer avec des amis ou d&rsquo;autres joueurs, ce qui ajoute un aspect social et une exp\u00e9rience de jeu dynamique.  <\/li>\n\n\n\n<li>Personnalisation des machines volantes. Les joueurs ont la possibilit\u00e9 de personnaliser et d&rsquo;am\u00e9liorer leurs machines volantes. Cela cr\u00e9e une approche personnalis\u00e9e du jeu, permettant \u00e0 chaque joueur de d\u00e9velopper son propre style et sa propre strat\u00e9gie.  <\/li>\n\n\n\n<li>Un design visuellement attrayant. Le jeu 1win Lucky Jet poss\u00e8de des graphismes et un design impressionnants qui rendent l&rsquo;univers du jeu color\u00e9 et visuellement attrayant. <\/li>\n\n\n\n<li>Mises \u00e0 jour r\u00e9guli\u00e8res.<\/li>\n<\/ul>\n\n<p>En gardant ces avantages \u00e0 l&rsquo;esprit, Lucky Jet offre une exp\u00e9rience de jeu immersive, combinant des \u00e9l\u00e9ments d&rsquo;action dynamique, d&rsquo;interaction sociale et de r\u00e9flexion strat\u00e9gique.<\/p>\n\n<h2 class=\"wp-block-heading\">Comment jouer \u00e0 Lucky Jet<\/h2>\n\n<p>Les joueurs commencent par cr\u00e9er un compte, si n\u00e9cessaire, et par s\u00e9lectionner leur avion. Des tutoriels peuvent \u00eatre fournis pour familiariser les joueurs avec les commandes et les bases du jeu. Le jeu, avec ou sans bons Lucky Jet 1win pour paris gratuits, peut comporter diverses missions, t\u00e2ches ou objectifs que les joueurs doivent accomplir pour progresser et gagner des ressources.  <\/p>\n\n<p>Aux commandes d&rsquo;un avion de haute technologie, vous affrontez de dangereux adversaires, d\u00e9veloppez vos comp\u00e9tences et obtenez des r\u00e9compenses uniques. Des missions intrigantes, des paysages spatiaux \u00e0 couper le souffle et des rencontres impr\u00e9visibles vous attendent sur le chemin de la victoire. <\/p>\n\n<p>Les combats dans Lucky Jet impliquent g\u00e9n\u00e9ralement l&rsquo;utilisation d&rsquo;une vari\u00e9t\u00e9 de man\u0153uvres, d&rsquo;armes et de solutions tactiques pour vaincre les adversaires. Les joueurs peuvent affronter des adversaires informatiques ou participer \u00e0 des batailles multijoueurs avec d&rsquo;autres joueurs. <\/p>\n\n<p>Si vous voulez vous amuser, vous devez absolument t\u00e9l\u00e9charger Lucky Jet 1win sur votre appareil. Apr\u00e8s cela, vous aurez l&rsquo;opportunit\u00e9 de profiter d&rsquo;une exp\u00e9rience dynamique et de jeu dans des batailles spatiales, en utilisant vos comp\u00e9tences, vos strat\u00e9gies et vos capacit\u00e9s pour remporter la victoire. <\/p>\n\n<h2 class=\"wp-block-heading\">Comment gagner \u00e0 Lucky Jet<\/h2>\n\n<p>Gagner peut d\u00e9pendre de plusieurs facteurs, et il est important d&rsquo;\u00e9tablir une strat\u00e9gie avec Lucky Jet 1win et d&rsquo;am\u00e9liorer vos comp\u00e9tences pour r\u00e9ussir dans le jeu. Voici quelques conseils qui peuvent vous aider \u00e0 r\u00e9ussir \u00e0 Lucky Jet : <\/p>\n\n<ul>\n<li>Se familiariser avec les commandes. Apprenez \u00e0 ma\u00eetriser les commandes d&rsquo;un v\u00e9hicule volant. Comprendre toutes les man\u0153uvres et commandes disponibles vous aidera \u00e0 contr\u00f4ler efficacement le v\u00e9hicule en combat.  <\/li>\n\n\n\n<li>Suivez une formation \u00e0 One Win Lucky Jet. Cela vous permettra d&rsquo;apprendre les bases du jeu et d&rsquo;apprendre \u00e0 utiliser diff\u00e9rentes tactiques. <\/li>\n\n\n\n<li>Choisissez l&rsquo;avion appropri\u00e9. Certains sont plus aptes \u00e0 l&rsquo;attaque, d&rsquo;autres \u00e0 l&rsquo;esquive. <\/li>\n\n\n\n<li>D\u00e9veloppez votre appareil. Am\u00e9liorez votre appareil volant en utilisant les ressources gagn\u00e9es dans le jeu. Cela augmentera vos chances dans les batailles et vous rendra plus comp\u00e9titif.  <\/li>\n\n\n\n<li>D\u00e9veloppez une strat\u00e9gie Lucky Jet 1Win pour chaque combat.<\/li>\n<\/ul>\n\n<p>Utilisez l&rsquo;environnement \u00e0 votre avantage, esquivez les attaques, cherchez les faiblesses de vos adversaires. Il vaut mieux privil\u00e9gier une strat\u00e9gie avec peu de chances pour une victoire plus efficace. <\/p>\n\n<p>Gardez \u00e0 l&rsquo;esprit que chaque jeu peut avoir sa propre dynamique, alors exp\u00e9rimentez, adaptez-vous et profitez du processus d&rsquo;am\u00e9lioration de vos comp\u00e9tences de jeu chez Lucky Jet.<\/p>\n\n<h2 class=\"wp-block-heading\">R\u00e8gles du jeu Lucky Jet<\/h2>\n\n<p>Un autre avantage de ce jeu est la simplicit\u00e9 et l&rsquo;accessibilit\u00e9 des r\u00e8gles. Il y a plusieurs tours ici, dont l&rsquo;objectif principal est de placer vos paris \u00e0 temps. Les commentaires sur Lucky Jet 1win prouvent qu&rsquo;ici, tout n&rsquo;est pas aussi facile qu&rsquo;il n&rsquo;y para\u00eet. Il est important de miser le montant \u00e0 temps, sinon il peut br\u00fbler. Voulez-vous prendre un risque ou attendre un moment plus propice ? Cela ne d\u00e9pend que de vous.     <\/p>\n\n<h2 class=\"wp-block-heading\">Ch\u00e8ques<\/h2>\n\n<p>Les Lucky Jet vouchers sont des codes sp\u00e9ciaux que les joueurs peuvent entrer dans le jeu pour obtenir des bonus, des ressources ou d&rsquo;autres avantages. Vous pouvez vous familiariser avec ces codes sur le site Web de 1Win. Ils appara\u00eetront r\u00e9guli\u00e8rement, offrant aux joueurs de nouvelles opportunit\u00e9s et des offres plus avantageuses.  <\/p>\n\n<h2 class=\"wp-block-heading\">T\u00e9moignages<\/h2>\n\n<p>Voici quelques avis d&rsquo;utilisateurs :<\/p>\n\n<p><\/p>\n","protected":false},"excerpt":{"rendered":"<p>Des vols virtuoses, des moments de jeu et un espace illimit\u00e9 se rencontrent dans une aventure palpitante appel\u00e9e Lucky Jet 1win. Ce jeu 1win passionnant emm\u00e8ne les joueurs dans un monde unique d&rsquo;excitation et d&rsquo;aventure, o\u00f9 chaque man\u0153uvre peut s&rsquo;av\u00e9rer \u00eatre la cl\u00e9 de la victoire. Lucky Jet 1win n&rsquo;est pas seulement un jeu android, [&hellip;]<\/p>\n","protected":false},"author":2,"featured_media":0,"parent":0,"menu_order":0,"comment_status":"open","ping_status":"closed","template":"","meta":{"footnotes":""},"yoast_head":"<!-- This site is optimized with the Yoast SEO plugin v21.7 - https:\/\/yoast.com\/wordpress\/plugins\/seo\/ -->\n<title>Jeu Lucky Jet au casino 1win, t\u00e9l\u00e9charger<\/title>\n<meta name=\"description\" content=\"Une revue du jeu Lucky Jet, internationalement populaire sur 1win Casino, qui vous donne une r\u00e9elle opportunit\u00e9 de gagner de l&#039;argent. Familiarisez-vous avec les principales caract\u00e9ristiques, les avantages et les r\u00e8gles du jeu. Lancez-le et partez \u00e0 la conqu\u00eate de vos gains !\" \/>\n<meta name=\"robots\" content=\"index, follow, max-snippet:-1, max-image-preview:large, max-video-preview:-1\" \/>\n<link rel=\"canonical\" href=\"https:\/\/aviator-crash.org\/fr\/telechargement-de-lucky-jet-1win\/\" \/>\n<meta property=\"og:locale\" content=\"fr_FR\" \/>\n<meta property=\"og:type\" content=\"article\" \/>\n<meta property=\"og:title\" content=\"Jeu Lucky Jet au casino 1win, t\u00e9l\u00e9charger\" \/>\n<meta property=\"og:description\" content=\"Une revue du jeu Lucky Jet, internationalement populaire sur 1win Casino, qui vous donne une r\u00e9elle opportunit\u00e9 de gagner de l&#039;argent. Familiarisez-vous avec les principales caract\u00e9ristiques, les avantages et les r\u00e8gles du jeu. Lancez-le et partez \u00e0 la conqu\u00eate de vos gains !\" \/>\n<meta property=\"og:url\" content=\"https:\/\/aviator-crash.org\/fr\/telechargement-de-lucky-jet-1win\/\" \/>\n<meta property=\"article:modified_time\" content=\"2024-01-25T20:56:03+00:00\" \/>\n<meta property=\"og:image\" content=\"https:\/\/aviator-crash.org\/wp-content\/uploads\/2024\/01\/lucky_jet_game-casino_yl6vvw.webp\" \/>\n<meta name=\"twitter:card\" content=\"summary_large_image\" \/>\n<meta name=\"twitter:label1\" content=\"Est. reading time\" \/>\n\t<meta name=\"twitter:data1\" content=\"4 minutes\" \/>\n<script type=\"application\/ld+json\" class=\"yoast-schema-graph\">{\"@context\":\"https:\/\/schema.org\",\"@graph\":[{\"@type\":\"WebPage\",\"@id\":\"https:\/\/aviator-crash.org\/fr\/telechargement-de-lucky-jet-1win\/\",\"url\":\"https:\/\/aviator-crash.org\/fr\/telechargement-de-lucky-jet-1win\/\",\"name\":\"Jeu Lucky Jet au casino 1win, t\u00e9l\u00e9charger\",\"isPartOf\":{\"@id\":\"https:\/\/aviator-crash.org\/fr\/#website\"},\"datePublished\":\"2023-12-27T19:26:44+00:00\",\"dateModified\":\"2024-01-25T20:56:03+00:00\",\"description\":\"Une revue du jeu Lucky Jet, internationalement populaire sur 1win Casino, qui vous donne une r\u00e9elle opportunit\u00e9 de gagner de l'argent. Familiarisez-vous avec les principales caract\u00e9ristiques, les avantages et les r\u00e8gles du jeu. Lancez-le et partez \u00e0 la conqu\u00eate de vos gains !\",\"breadcrumb\":{\"@id\":\"https:\/\/aviator-crash.org\/fr\/telechargement-de-lucky-jet-1win\/#breadcrumb\"},\"inLanguage\":\"fr-FR\",\"potentialAction\":[{\"@type\":\"ReadAction\",\"target\":[\"https:\/\/aviator-crash.org\/fr\/telechargement-de-lucky-jet-1win\/\"]}]},{\"@type\":\"BreadcrumbList\",\"@id\":\"https:\/\/aviator-crash.org\/fr\/telechargement-de-lucky-jet-1win\/#breadcrumb\",\"itemListElement\":[{\"@type\":\"ListItem\",\"position\":1,\"name\":\"Home\",\"item\":\"https:\/\/aviator-crash.org\/fr\/\"},{\"@type\":\"ListItem\",\"position\":2,\"name\":\"T\u00e9l\u00e9chargement de Lucky Jet 1win\"}]},{\"@type\":\"WebSite\",\"@id\":\"https:\/\/aviator-crash.org\/fr\/#website\",\"url\":\"https:\/\/aviator-crash.org\/fr\/\",\"name\":\"\",\"description\":\"\",\"potentialAction\":[{\"@type\":\"SearchAction\",\"target\":{\"@type\":\"EntryPoint\",\"urlTemplate\":\"https:\/\/aviator-crash.org\/fr\/?s={search_term_string}\"},\"query-input\":\"required name=search_term_string\"}],\"inLanguage\":\"fr-FR\"}]}<\/script>\n<!-- \/ Yoast SEO plugin. -->","yoast_head_json":{"title":"Jeu Lucky Jet au casino 1win, t\u00e9l\u00e9charger","description":"Une revue du jeu Lucky Jet, internationalement populaire sur 1win Casino, qui vous donne une r\u00e9elle opportunit\u00e9 de gagner de l'argent. Familiarisez-vous avec les principales caract\u00e9ristiques, les avantages et les r\u00e8gles du jeu. Lancez-le et partez \u00e0 la conqu\u00eate de vos gains !","robots":{"index":"index","follow":"follow","max-snippet":"max-snippet:-1","max-image-preview":"max-image-preview:large","max-video-preview":"max-video-preview:-1"},"canonical":"https:\/\/aviator-crash.org\/fr\/telechargement-de-lucky-jet-1win\/","og_locale":"fr_FR","og_type":"article","og_title":"Jeu Lucky Jet au casino 1win, t\u00e9l\u00e9charger","og_description":"Une revue du jeu Lucky Jet, internationalement populaire sur 1win Casino, qui vous donne une r\u00e9elle opportunit\u00e9 de gagner de l'argent. Familiarisez-vous avec les principales caract\u00e9ristiques, les avantages et les r\u00e8gles du jeu. Lancez-le et partez \u00e0 la conqu\u00eate de vos gains !","og_url":"https:\/\/aviator-crash.org\/fr\/telechargement-de-lucky-jet-1win\/","article_modified_time":"2024-01-25T20:56:03+00:00","og_image":[{"url":"https:\/\/aviator-crash.org\/wp-content\/uploads\/2024\/01\/lucky_jet_game-casino_yl6vvw.webp"}],"twitter_card":"summary_large_image","twitter_misc":{"Est. reading time":"4 minutes"},"schema":{"@context":"https:\/\/schema.org","@graph":[{"@type":"WebPage","@id":"https:\/\/aviator-crash.org\/fr\/telechargement-de-lucky-jet-1win\/","url":"https:\/\/aviator-crash.org\/fr\/telechargement-de-lucky-jet-1win\/","name":"Jeu Lucky Jet au casino 1win, t\u00e9l\u00e9charger","isPartOf":{"@id":"https:\/\/aviator-crash.org\/fr\/#website"},"datePublished":"2023-12-27T19:26:44+00:00","dateModified":"2024-01-25T20:56:03+00:00","description":"Une revue du jeu Lucky Jet, internationalement populaire sur 1win Casino, qui vous donne une r\u00e9elle opportunit\u00e9 de gagner de l'argent. Familiarisez-vous avec les principales caract\u00e9ristiques, les avantages et les r\u00e8gles du jeu. Lancez-le et partez \u00e0 la conqu\u00eate de vos gains !","breadcrumb":{"@id":"https:\/\/aviator-crash.org\/fr\/telechargement-de-lucky-jet-1win\/#breadcrumb"},"inLanguage":"fr-FR","potentialAction":[{"@type":"ReadAction","target":["https:\/\/aviator-crash.org\/fr\/telechargement-de-lucky-jet-1win\/"]}]},{"@type":"BreadcrumbList","@id":"https:\/\/aviator-crash.org\/fr\/telechargement-de-lucky-jet-1win\/#breadcrumb","itemListElement":[{"@type":"ListItem","position":1,"name":"Home","item":"https:\/\/aviator-crash.org\/fr\/"},{"@type":"ListItem","position":2,"name":"T\u00e9l\u00e9chargement de Lucky Jet 1win"}]},{"@type":"WebSite","@id":"https:\/\/aviator-crash.org\/fr\/#website","url":"https:\/\/aviator-crash.org\/fr\/","name":"","description":"","potentialAction":[{"@type":"SearchAction","target":{"@type":"EntryPoint","urlTemplate":"https:\/\/aviator-crash.org\/fr\/?s={search_term_string}"},"query-input":"required name=search_term_string"}],"inLanguage":"fr-FR"}]}},"_links":{"self":[{"href":"https:\/\/aviator-crash.org\/fr\/wp-json\/wp\/v2\/pages\/797"}],"collection":[{"href":"https:\/\/aviator-crash.org\/fr\/wp-json\/wp\/v2\/pages"}],"about":[{"href":"https:\/\/aviator-crash.org\/fr\/wp-json\/wp\/v2\/types\/page"}],"author":[{"embeddable":true,"href":"https:\/\/aviator-crash.org\/fr\/wp-json\/wp\/v2\/users\/2"}],"replies":[{"embeddable":true,"href":"https:\/\/aviator-crash.org\/fr\/wp-json\/wp\/v2\/comments?post=797"}],"version-history":[{"count":1,"href":"https:\/\/aviator-crash.org\/fr\/wp-json\/wp\/v2\/pages\/797\/revisions"}],"predecessor-version":[{"id":799,"href":"https:\/\/aviator-crash.org\/fr\/wp-json\/wp\/v2\/pages\/797\/revisions\/799"}],"wp:attachment":[{"href":"https:\/\/aviator-crash.org\/fr\/wp-json\/wp\/v2\/media?parent=797"}],"curies":[{"name":"wp","href":"https:\/\/api.w.org\/{rel}","templated":true}]}}