{"id":4533,"date":"2023-12-22T18:32:01","date_gmt":"2023-12-22T18:32:01","guid":{"rendered":"https:\/\/aviator-crash.org\/comentarios-sobre-o-xogo-aviator\/"},"modified":"2024-02-02T20:50:10","modified_gmt":"2024-02-02T20:50:10","slug":"comentarios-sobre-o-xogo-aviator","status":"publish","type":"page","link":"https:\/\/aviator-crash.org\/gl\/comentarios-sobre-o-xogo-aviator\/","title":{"rendered":"Comentarios sobre o xogo Aviator"},"content":{"rendered":"\n<p>Aviator \u00e9 un dos xogos en li\u00f1a m\u00e1is populares na actualidade. \u00c9 por iso que, cada vez con m\u00e1is frecuencia, no buscador aparecen consultas sobre as cr\u00edticas do xogo Aviator utilizando os cartos dos que xa o probaron e descobren o realista das posibilidades de ga\u00f1ar nel. <\/p>\n\n<h2 class=\"wp-block-heading\">Os nosos pensamentos sobre o xogo Aviator<\/h2>\n\n<p>O xogo de choque Aviator \u00e9, sen d\u00fabida, o mellor desenvolvemento de Spribe. \u00c9 \u00fanico, interesante, emocionante e pode provocar un aumento de sensaci\u00f3ns agradables nos afeccionados \u00e1 emoci\u00f3n. A gran vantaxe \u00e9 a curta duraci\u00f3n das roldas: s\u00f3 uns segundos de tensi\u00f3n, e o xogador pode converterse nun ga\u00f1ador multiplicando a s\u00faa aposta (10, 20 ou quizais 50 veces). O principal \u00e9 ter tempo para retirar cartos antes de que se estrele o avi\u00f3n, pero isto debe facerse coa m\u00e1xima probabilidade.   <\/p>\n\n<p>Este xogo garante unha onda de emoci\u00f3ns incluso para os xogadores m\u00e1is experimentados. Entendendo isto, moitos casinos en li\u00f1a ofrecen tal m\u00e1quina: 1win, Pin Up, 1Xbet. O slot ten excelentes gr\u00e1ficos, claridade e efectos de son. Tam\u00e9n pensamos que este xogo \u00e9 divertido e definitivamente paga a pena xogar na nosa opini\u00f3n.   <\/p>\n\n<h2 class=\"wp-block-heading\">Comentarios dos usuarios sobre o xogo Aviator<\/h2>\n\n<p>Hai diferentes cr\u00edticas en Internet sobre o xogo de accidente Aviator de xogadores reais. Alg\u00fans adm\u00edrao, outros critican pola s\u00faa imprevisibilidade, riscos e a incapacidade de crear unha estratexia 100% ga\u00f1adora. Non obstante, esta \u00e9 a mi\u00fado precisamente a beleza dos xogos de azar.  <\/p>\n\n<p>Convid\u00e1moste a que saques as t\u00faas propias conclusi\u00f3ns. Proba este xogo e comparte os teus comentarios deix\u00e1ndoos na seguinte revisi\u00f3n. <\/p>\n","protected":false},"excerpt":{"rendered":"<p>Aviator \u00e9 un dos xogos en li\u00f1a m\u00e1is populares na actualidade. \u00c9 por iso que, cada vez con m\u00e1is frecuencia, no buscador aparecen consultas sobre as cr\u00edticas do xogo Aviator utilizando os cartos dos que xa o probaron e descobren o realista das posibilidades de ga\u00f1ar nel. Os nosos pensamentos sobre o xogo Aviator O [&hellip;]<\/p>\n","protected":false},"author":2,"featured_media":0,"parent":0,"menu_order":0,"comment_status":"closed","ping_status":"closed","template":"","meta":{"footnotes":""},"yoast_head":"<!-- This site is optimized with the Yoast SEO plugin v21.7 - https:\/\/yoast.com\/wordpress\/plugins\/seo\/ -->\n<title>Comentarios sobre o xogo Aviator dos xogadores<\/title>\n<meta name=\"description\" content=\"As opini\u00f3ns de xogadores reais sobre o xogo de accidente Aviator perm\u00edtenche descubrir todos os pros e contras do dispositivo. Regras b\u00e1sicas da m\u00e1quina e matices de control.\" \/>\n<meta name=\"robots\" content=\"index, follow, max-snippet:-1, max-image-preview:large, max-video-preview:-1\" \/>\n<link rel=\"canonical\" href=\"https:\/\/aviator-crash.org\/gl\/comentarios-sobre-o-xogo-aviator\/\" \/>\n<meta property=\"og:locale\" content=\"gl_ES\" \/>\n<meta property=\"og:type\" content=\"article\" \/>\n<meta property=\"og:title\" content=\"Comentarios sobre o xogo Aviator dos xogadores\" \/>\n<meta property=\"og:description\" content=\"As opini\u00f3ns de xogadores reais sobre o xogo de accidente Aviator perm\u00edtenche descubrir todos os pros e contras do dispositivo. Regras b\u00e1sicas da m\u00e1quina e matices de control.\" \/>\n<meta property=\"og:url\" content=\"https:\/\/aviator-crash.org\/gl\/comentarios-sobre-o-xogo-aviator\/\" \/>\n<meta property=\"article:modified_time\" content=\"2024-02-02T20:50:10+00:00\" \/>\n<meta name=\"twitter:card\" content=\"summary_large_image\" \/>\n<meta name=\"twitter:label1\" content=\"Est. reading time\" \/>\n\t<meta name=\"twitter:data1\" content=\"1 minuto\" \/>\n<script type=\"application\/ld+json\" class=\"yoast-schema-graph\">{\"@context\":\"https:\/\/schema.org\",\"@graph\":[{\"@type\":\"WebPage\",\"@id\":\"https:\/\/aviator-crash.org\/gl\/comentarios-sobre-o-xogo-aviator\/\",\"url\":\"https:\/\/aviator-crash.org\/gl\/comentarios-sobre-o-xogo-aviator\/\",\"name\":\"Comentarios sobre o xogo Aviator dos xogadores\",\"isPartOf\":{\"@id\":\"https:\/\/aviator-crash.org\/gl\/#website\"},\"datePublished\":\"2023-12-22T18:32:01+00:00\",\"dateModified\":\"2024-02-02T20:50:10+00:00\",\"description\":\"As opini\u00f3ns de xogadores reais sobre o xogo de accidente Aviator perm\u00edtenche descubrir todos os pros e contras do dispositivo. Regras b\u00e1sicas da m\u00e1quina e matices de control.\",\"breadcrumb\":{\"@id\":\"https:\/\/aviator-crash.org\/gl\/comentarios-sobre-o-xogo-aviator\/#breadcrumb\"},\"inLanguage\":\"gl-ES\",\"potentialAction\":[{\"@type\":\"ReadAction\",\"target\":[\"https:\/\/aviator-crash.org\/gl\/comentarios-sobre-o-xogo-aviator\/\"]}]},{\"@type\":\"BreadcrumbList\",\"@id\":\"https:\/\/aviator-crash.org\/gl\/comentarios-sobre-o-xogo-aviator\/#breadcrumb\",\"itemListElement\":[{\"@type\":\"ListItem\",\"position\":1,\"name\":\"Home\",\"item\":\"https:\/\/aviator-crash.org\/gl\/xogo-aviator-en-lina-por-dineiro-real\/\"},{\"@type\":\"ListItem\",\"position\":2,\"name\":\"Comentarios sobre o xogo Aviator\"}]},{\"@type\":\"WebSite\",\"@id\":\"https:\/\/aviator-crash.org\/gl\/#website\",\"url\":\"https:\/\/aviator-crash.org\/gl\/\",\"name\":\"\",\"description\":\"\",\"potentialAction\":[{\"@type\":\"SearchAction\",\"target\":{\"@type\":\"EntryPoint\",\"urlTemplate\":\"https:\/\/aviator-crash.org\/gl\/?s={search_term_string}\"},\"query-input\":\"required name=search_term_string\"}],\"inLanguage\":\"gl-ES\"}]}<\/script>\n<!-- \/ Yoast SEO plugin. -->","yoast_head_json":{"title":"Comentarios sobre o xogo Aviator dos xogadores","description":"As opini\u00f3ns de xogadores reais sobre o xogo de accidente Aviator perm\u00edtenche descubrir todos os pros e contras do dispositivo. Regras b\u00e1sicas da m\u00e1quina e matices de control.","robots":{"index":"index","follow":"follow","max-snippet":"max-snippet:-1","max-image-preview":"max-image-preview:large","max-video-preview":"max-video-preview:-1"},"canonical":"https:\/\/aviator-crash.org\/gl\/comentarios-sobre-o-xogo-aviator\/","og_locale":"gl_ES","og_type":"article","og_title":"Comentarios sobre o xogo Aviator dos xogadores","og_description":"As opini\u00f3ns de xogadores reais sobre o xogo de accidente Aviator perm\u00edtenche descubrir todos os pros e contras do dispositivo. Regras b\u00e1sicas da m\u00e1quina e matices de control.","og_url":"https:\/\/aviator-crash.org\/gl\/comentarios-sobre-o-xogo-aviator\/","article_modified_time":"2024-02-02T20:50:10+00:00","twitter_card":"summary_large_image","twitter_misc":{"Est. reading time":"1 minuto"},"schema":{"@context":"https:\/\/schema.org","@graph":[{"@type":"WebPage","@id":"https:\/\/aviator-crash.org\/gl\/comentarios-sobre-o-xogo-aviator\/","url":"https:\/\/aviator-crash.org\/gl\/comentarios-sobre-o-xogo-aviator\/","name":"Comentarios sobre o xogo Aviator dos xogadores","isPartOf":{"@id":"https:\/\/aviator-crash.org\/gl\/#website"},"datePublished":"2023-12-22T18:32:01+00:00","dateModified":"2024-02-02T20:50:10+00:00","description":"As opini\u00f3ns de xogadores reais sobre o xogo de accidente Aviator perm\u00edtenche descubrir todos os pros e contras do dispositivo. Regras b\u00e1sicas da m\u00e1quina e matices de control.","breadcrumb":{"@id":"https:\/\/aviator-crash.org\/gl\/comentarios-sobre-o-xogo-aviator\/#breadcrumb"},"inLanguage":"gl-ES","potentialAction":[{"@type":"ReadAction","target":["https:\/\/aviator-crash.org\/gl\/comentarios-sobre-o-xogo-aviator\/"]}]},{"@type":"BreadcrumbList","@id":"https:\/\/aviator-crash.org\/gl\/comentarios-sobre-o-xogo-aviator\/#breadcrumb","itemListElement":[{"@type":"ListItem","position":1,"name":"Home","item":"https:\/\/aviator-crash.org\/gl\/xogo-aviator-en-lina-por-dineiro-real\/"},{"@type":"ListItem","position":2,"name":"Comentarios sobre o xogo Aviator"}]},{"@type":"WebSite","@id":"https:\/\/aviator-crash.org\/gl\/#website","url":"https:\/\/aviator-crash.org\/gl\/","name":"","description":"","potentialAction":[{"@type":"SearchAction","target":{"@type":"EntryPoint","urlTemplate":"https:\/\/aviator-crash.org\/gl\/?s={search_term_string}"},"query-input":"required name=search_term_string"}],"inLanguage":"gl-ES"}]}},"_links":{"self":[{"href":"https:\/\/aviator-crash.org\/gl\/wp-json\/wp\/v2\/pages\/4533"}],"collection":[{"href":"https:\/\/aviator-crash.org\/gl\/wp-json\/wp\/v2\/pages"}],"about":[{"href":"https:\/\/aviator-crash.org\/gl\/wp-json\/wp\/v2\/types\/page"}],"author":[{"embeddable":true,"href":"https:\/\/aviator-crash.org\/gl\/wp-json\/wp\/v2\/users\/2"}],"replies":[{"embeddable":true,"href":"https:\/\/aviator-crash.org\/gl\/wp-json\/wp\/v2\/comments?post=4533"}],"version-history":[{"count":1,"href":"https:\/\/aviator-crash.org\/gl\/wp-json\/wp\/v2\/pages\/4533\/revisions"}],"predecessor-version":[{"id":4534,"href":"https:\/\/aviator-crash.org\/gl\/wp-json\/wp\/v2\/pages\/4533\/revisions\/4534"}],"wp:attachment":[{"href":"https:\/\/aviator-crash.org\/gl\/wp-json\/wp\/v2\/media?parent=4533"}],"curies":[{"name":"wp","href":"https:\/\/api.w.org\/{rel}","templated":true}]}}