{"id":4553,"date":"2023-12-27T19:09:40","date_gmt":"2023-12-27T19:09:40","guid":{"rendered":"https:\/\/aviator-crash.org\/xogos-como-aviator-por-dineiro\/"},"modified":"2024-02-02T20:52:00","modified_gmt":"2024-02-02T20:52:00","slug":"xogos-como-aviator-por-dineiro","status":"publish","type":"page","link":"https:\/\/aviator-crash.org\/gl\/xogos-como-aviator-por-dineiro\/","title":{"rendered":"Xogos como Aviator por di\u00f1eiro"},"content":{"rendered":"\n<p>Aviator \u00e9 un xogo \u00fanico, un dos primeiros videoxogos por di\u00f1eiro no x\u00e9nero de accidentes, cuxa aparici\u00f3n causou un gran impacto nos xogos de azar en li\u00f1a. \u00c9 din\u00e1mico, emocionante, con roldas curtas, que son suficientes para unha poderosa descarga de adrenalina e emoci\u00f3ns vivas. Pero un xogador sofisticado sempre est\u00e1 cativado pola variedade, polo que hoxe a demanda de an\u00e1logos do xogo Aviator aumentou rapidamente. Ao entender isto, os principais desenvolvedores centr\u00e1ronse en introducir produtos similares mediante un xogo innovador.   <\/p>\n\n<h2 class=\"wp-block-heading\">Lucky Jet \u00e9 un an\u00e1logo do xogo Aviator<\/h2>\n\n<p>Lucky Jet \u00e9 un xogo de tipo aviador por di\u00f1eiro que ga\u00f1a rapidamente popularidade, presentado polo casino en li\u00f1a 1win e \u00e9 un dos m\u00e1is fermosos. Est\u00e1 feito como o Aviator, pero en lugar dun avi\u00f3n hai que ver a Lucky Joe e a s\u00faa mochila. As apostas tam\u00e9n se realizan antes do comezo da rolda, e despois act\u00edvase o multiplicador e c\u00f3mpre ter tempo para recoller as t\u00faas ganancias antes de que Joe voe.  <\/p>\n\n<p>As probabilidades de Lucky Jet var\u00edan. Podes levar a aposta multiplicada por 3, ou podes esperar a un aumento de 50, 100 ou incluso 200 veces. As estat\u00edsticas mostran que as probabilidades altas son com\u00fans. Pero s\u00f3 depende do xogador canta paciencia te\u00f1a e se pode predecir correctamente a duraci\u00f3n da rolda.   <\/p>\n\n<h2 class=\"wp-block-heading\">Jet X \u00e9 outro xogo tipo Aviator<\/h2>\n\n<p>O seguinte xogo de tipo Aviator que est\u00e1 ga\u00f1ando popularidade activamente \u00e9 Jet X, presentado por Smartsoft Gaming. \u00c9 multixogador, esencialmente similar a Aviator, porque&#8230; Nel tam\u00e9n ter\u00e1s que supervisar o avi\u00f3n ga\u00f1ando altitude. A diferenza \u00e9 que se rastrexa o punto de engalaxe, \u00e9 dicir. Canto maior sexa, maiores ser\u00e1n as ganancias do xogador debido ao aumento das probabilidades. Non obstante, se o xogador non ten tempo para retirar o di\u00f1eiro antes de que o avi\u00f3n saia, perder\u00e1 e perder\u00e1 todo.     <\/p>\n\n<p>O xogo \u00e9 emocionante, agrada co equilibrio de adrenalina e emoci\u00f3n, as\u00ed como con &#8220;trucos&#8221; especiais. Por exemplo: <\/p>\n\n<ul>\n<li>Hai unha funci\u00f3n extra que implica un sorteo de jackpot.<\/li>\n\n\n\n<li>O cobro m\u00ednimo establ\u00e9cese cun coeficiente de 1,1.<\/li>\n\n\n\n<li>O multiplicador funciona ata m\u00e1is o infinito.<\/li>\n<\/ul>\n\n<h2 class=\"wp-block-heading\">Rocket X (semellante a Aviator)<\/h2>\n\n<p>Rocket X tam\u00e9n \u00e9 unha variante dun xogo como Aviator, presentado por Slotegrator. Atrae pola s\u00faa r\u00e1pida interface gr\u00e1fica, a s\u00faa funcionalidade \u00fanica e a capacidade de darlle ao xogador moitas emoci\u00f3ns vivas. Nela, a trama bas\u00e9ase no despegue dun foguete, ao que un mozo intenta aferrarse. Durante cada rolda hai un multiplicador de aposta, polo que podes obter unha cantidade multiplicada por 100 ou incluso m\u00e1is.   <\/p>\n\n<p>Este xogo ten axustes:<\/p>\n\n<ul>\n<li>Ofertas autom\u00e1ticas.<\/li>\n\n\n\n<li>Retiradas autom\u00e1ticas.<\/li>\n<\/ul>\n\n<p>Podes usar estratexias moderadas e agresivas. Ao mesmo tempo, non hai un \u00fanico ga\u00f1ador garantido; todo se basea na activaci\u00f3n dun sistema aleatorio, \u00e9 dicir. A fortuna determinar\u00e1 todo.  <\/p>\n\n<h2 class=\"wp-block-heading\">Space XY (semellante a Aviator)<\/h2>\n\n<p>Space XY tam\u00e9n \u00e9 unha excelente opci\u00f3n para aqueles que estean interesados \u200b\u200bnun xogo de di\u00f1eiro similar ao Aviator. Nela, os xogadores ter\u00e1n que lanzar non un avi\u00f3n, sen\u00f3n un foguete. A interface \u00e9 discreta e lac\u00f3nica. As apostas real\u00edzanse na seguinte rolda, na que o xogador ter\u00e1 que ver o voo do seu foguete. Non obstante, pode desaparecer de s\u00fapeto do radar, desviarse do rumbo e explotar e, cando isto ocorre, todas as apostas est\u00e1n desactivadas. A tarefa do xogador \u00e9 &#8220;saltar&#8221; desde o foguete a tempo, \u00e9 dicir. como noutros xogos similares, recolle o di\u00f1eiro antes de que estoupe.      <\/p>\n\n<h2 class=\"wp-block-heading\">Cash ou Crash (como Aviator)<\/h2>\n\n<p>Cash or Crash, a\u00ednda que \u00e9 un an\u00e1logo de Aviator, difer\u00e9nciase en que \u00e9 un xogo completo e \u00e9 un xogo en directo que se ve aumentado pola realidade. A trama desenv\u00f3lvese no interior dunha aeronave virtual, onde hai unha escaleira de 20 chanzos. O movemento ao longo dela axuda a levantar a aeronave e movela cada vez m\u00e1is lonxe da Terra. Ao subir as escaleiras acendense b\u00f3las verdes, cada unha leva \u00e1 vitoria e aumenta as ganancias, pero en canto se ilumine a vermella, o xogador chocar\u00e1 e perderase todo.   <\/p>\n\n<p>Peculiaridades:<\/p>\n\n<ul>\n<li>Os aumentos das apostas son posibles ata 50.000 veces.<\/li>\n\n\n\n<li>Tam\u00e9n hai unha bola de ouro que d\u00e1 unha vida extra.<\/li>\n<\/ul>\n\n<h2 class=\"wp-block-heading\">Extracci\u00f3n de conclusi\u00f3ns<\/h2>\n\n<p>Os xogos de aviador e similares son unha gran oportunidade para relaxarse, relaxarse \u200b\u200be desfacerse da negatividade acumulada durante o d\u00eda. Ao mesmo tempo, cada xogador busca o seu propio significado: <\/p>\n\n<ul>\n<li>Div\u00edrtete e satisface a emoci\u00f3n.<\/li>\n\n\n\n<li>Para ga\u00f1ar cartos.<\/li>\n<\/ul>\n\n<p>Que xogo como Aviator por di\u00f1eiro elixir e con que prop\u00f3sito xogar depende de ti, o principal \u00e9 poder controlarte e manter a estratexia elixida. Unha gran selecci\u00f3n de tragamonedas \u00e9 unha gran oportunidade para diversificar o tempo de lecer incluso do xogador m\u00e1is experimentado. <\/p>\n","protected":false},"excerpt":{"rendered":"<p>Aviator \u00e9 un xogo \u00fanico, un dos primeiros videoxogos por di\u00f1eiro no x\u00e9nero de accidentes, cuxa aparici\u00f3n causou un gran impacto nos xogos de azar en li\u00f1a. \u00c9 din\u00e1mico, emocionante, con roldas curtas, que son suficientes para unha poderosa descarga de adrenalina e emoci\u00f3ns vivas. Pero un xogador sofisticado sempre est\u00e1 cativado pola variedade, polo [&hellip;]<\/p>\n","protected":false},"author":2,"featured_media":0,"parent":0,"menu_order":0,"comment_status":"closed","ping_status":"closed","template":"","meta":{"footnotes":""},"yoast_head":"<!-- This site is optimized with the Yoast SEO plugin v21.7 - https:\/\/yoast.com\/wordpress\/plugins\/seo\/ -->\n<title>Xogos similares por di\u00f1eiro en Aviator (semellante en tipo e an\u00e1logos a Aviator)<\/title>\n<meta name=\"description\" content=\"Revisi\u00f3n de xogos de choque como o famoso &quot;Aviator&quot; por di\u00f1eiro. Consulta as opci\u00f3ns TOP e escolle a que che cargar\u00e1 con novas emoci\u00f3ns e emoci\u00f3n, e se Fortune \u00e9 favorable, \u00a1conseguir\u00e1 unha s\u00f3lida vitoria!\" \/>\n<meta name=\"robots\" content=\"index, follow, max-snippet:-1, max-image-preview:large, max-video-preview:-1\" \/>\n<link rel=\"canonical\" href=\"https:\/\/aviator-crash.org\/gl\/xogos-como-aviator-por-dineiro\/\" \/>\n<meta property=\"og:locale\" content=\"gl_ES\" \/>\n<meta property=\"og:type\" content=\"article\" \/>\n<meta property=\"og:title\" content=\"Xogos similares por di\u00f1eiro en Aviator (semellante en tipo e an\u00e1logos a Aviator)\" \/>\n<meta property=\"og:description\" content=\"Revisi\u00f3n de xogos de choque como o famoso &quot;Aviator&quot; por di\u00f1eiro. Consulta as opci\u00f3ns TOP e escolle a que che cargar\u00e1 con novas emoci\u00f3ns e emoci\u00f3n, e se Fortune \u00e9 favorable, \u00a1conseguir\u00e1 unha s\u00f3lida vitoria!\" \/>\n<meta property=\"og:url\" content=\"https:\/\/aviator-crash.org\/gl\/xogos-como-aviator-por-dineiro\/\" \/>\n<meta property=\"article:modified_time\" content=\"2024-02-02T20:52:00+00:00\" \/>\n<meta name=\"twitter:card\" content=\"summary_large_image\" \/>\n<meta name=\"twitter:label1\" content=\"Est. reading time\" \/>\n\t<meta name=\"twitter:data1\" content=\"4 minutos\" \/>\n<script type=\"application\/ld+json\" class=\"yoast-schema-graph\">{\"@context\":\"https:\/\/schema.org\",\"@graph\":[{\"@type\":\"WebPage\",\"@id\":\"https:\/\/aviator-crash.org\/gl\/xogos-como-aviator-por-dineiro\/\",\"url\":\"https:\/\/aviator-crash.org\/gl\/xogos-como-aviator-por-dineiro\/\",\"name\":\"Xogos similares por di\u00f1eiro en Aviator (semellante en tipo e an\u00e1logos a Aviator)\",\"isPartOf\":{\"@id\":\"https:\/\/aviator-crash.org\/gl\/#website\"},\"datePublished\":\"2023-12-27T19:09:40+00:00\",\"dateModified\":\"2024-02-02T20:52:00+00:00\",\"description\":\"Revisi\u00f3n de xogos de choque como o famoso \\\"Aviator\\\" por di\u00f1eiro. Consulta as opci\u00f3ns TOP e escolle a que che cargar\u00e1 con novas emoci\u00f3ns e emoci\u00f3n, e se Fortune \u00e9 favorable, \u00a1conseguir\u00e1 unha s\u00f3lida vitoria!\",\"breadcrumb\":{\"@id\":\"https:\/\/aviator-crash.org\/gl\/xogos-como-aviator-por-dineiro\/#breadcrumb\"},\"inLanguage\":\"gl-ES\",\"potentialAction\":[{\"@type\":\"ReadAction\",\"target\":[\"https:\/\/aviator-crash.org\/gl\/xogos-como-aviator-por-dineiro\/\"]}]},{\"@type\":\"BreadcrumbList\",\"@id\":\"https:\/\/aviator-crash.org\/gl\/xogos-como-aviator-por-dineiro\/#breadcrumb\",\"itemListElement\":[{\"@type\":\"ListItem\",\"position\":1,\"name\":\"Home\",\"item\":\"https:\/\/aviator-crash.org\/gl\/xogo-aviator-en-lina-por-dineiro-real\/\"},{\"@type\":\"ListItem\",\"position\":2,\"name\":\"Xogos como Aviator por di\u00f1eiro\"}]},{\"@type\":\"WebSite\",\"@id\":\"https:\/\/aviator-crash.org\/gl\/#website\",\"url\":\"https:\/\/aviator-crash.org\/gl\/\",\"name\":\"\",\"description\":\"\",\"potentialAction\":[{\"@type\":\"SearchAction\",\"target\":{\"@type\":\"EntryPoint\",\"urlTemplate\":\"https:\/\/aviator-crash.org\/gl\/?s={search_term_string}\"},\"query-input\":\"required name=search_term_string\"}],\"inLanguage\":\"gl-ES\"}]}<\/script>\n<!-- \/ Yoast SEO plugin. -->","yoast_head_json":{"title":"Xogos similares por di\u00f1eiro en Aviator (semellante en tipo e an\u00e1logos a Aviator)","description":"Revisi\u00f3n de xogos de choque como o famoso \"Aviator\" por di\u00f1eiro. Consulta as opci\u00f3ns TOP e escolle a que che cargar\u00e1 con novas emoci\u00f3ns e emoci\u00f3n, e se Fortune \u00e9 favorable, \u00a1conseguir\u00e1 unha s\u00f3lida vitoria!","robots":{"index":"index","follow":"follow","max-snippet":"max-snippet:-1","max-image-preview":"max-image-preview:large","max-video-preview":"max-video-preview:-1"},"canonical":"https:\/\/aviator-crash.org\/gl\/xogos-como-aviator-por-dineiro\/","og_locale":"gl_ES","og_type":"article","og_title":"Xogos similares por di\u00f1eiro en Aviator (semellante en tipo e an\u00e1logos a Aviator)","og_description":"Revisi\u00f3n de xogos de choque como o famoso \"Aviator\" por di\u00f1eiro. Consulta as opci\u00f3ns TOP e escolle a que che cargar\u00e1 con novas emoci\u00f3ns e emoci\u00f3n, e se Fortune \u00e9 favorable, \u00a1conseguir\u00e1 unha s\u00f3lida vitoria!","og_url":"https:\/\/aviator-crash.org\/gl\/xogos-como-aviator-por-dineiro\/","article_modified_time":"2024-02-02T20:52:00+00:00","twitter_card":"summary_large_image","twitter_misc":{"Est. reading time":"4 minutos"},"schema":{"@context":"https:\/\/schema.org","@graph":[{"@type":"WebPage","@id":"https:\/\/aviator-crash.org\/gl\/xogos-como-aviator-por-dineiro\/","url":"https:\/\/aviator-crash.org\/gl\/xogos-como-aviator-por-dineiro\/","name":"Xogos similares por di\u00f1eiro en Aviator (semellante en tipo e an\u00e1logos a Aviator)","isPartOf":{"@id":"https:\/\/aviator-crash.org\/gl\/#website"},"datePublished":"2023-12-27T19:09:40+00:00","dateModified":"2024-02-02T20:52:00+00:00","description":"Revisi\u00f3n de xogos de choque como o famoso \"Aviator\" por di\u00f1eiro. Consulta as opci\u00f3ns TOP e escolle a que che cargar\u00e1 con novas emoci\u00f3ns e emoci\u00f3n, e se Fortune \u00e9 favorable, \u00a1conseguir\u00e1 unha s\u00f3lida vitoria!","breadcrumb":{"@id":"https:\/\/aviator-crash.org\/gl\/xogos-como-aviator-por-dineiro\/#breadcrumb"},"inLanguage":"gl-ES","potentialAction":[{"@type":"ReadAction","target":["https:\/\/aviator-crash.org\/gl\/xogos-como-aviator-por-dineiro\/"]}]},{"@type":"BreadcrumbList","@id":"https:\/\/aviator-crash.org\/gl\/xogos-como-aviator-por-dineiro\/#breadcrumb","itemListElement":[{"@type":"ListItem","position":1,"name":"Home","item":"https:\/\/aviator-crash.org\/gl\/xogo-aviator-en-lina-por-dineiro-real\/"},{"@type":"ListItem","position":2,"name":"Xogos como Aviator por di\u00f1eiro"}]},{"@type":"WebSite","@id":"https:\/\/aviator-crash.org\/gl\/#website","url":"https:\/\/aviator-crash.org\/gl\/","name":"","description":"","potentialAction":[{"@type":"SearchAction","target":{"@type":"EntryPoint","urlTemplate":"https:\/\/aviator-crash.org\/gl\/?s={search_term_string}"},"query-input":"required name=search_term_string"}],"inLanguage":"gl-ES"}]}},"_links":{"self":[{"href":"https:\/\/aviator-crash.org\/gl\/wp-json\/wp\/v2\/pages\/4553"}],"collection":[{"href":"https:\/\/aviator-crash.org\/gl\/wp-json\/wp\/v2\/pages"}],"about":[{"href":"https:\/\/aviator-crash.org\/gl\/wp-json\/wp\/v2\/types\/page"}],"author":[{"embeddable":true,"href":"https:\/\/aviator-crash.org\/gl\/wp-json\/wp\/v2\/users\/2"}],"replies":[{"embeddable":true,"href":"https:\/\/aviator-crash.org\/gl\/wp-json\/wp\/v2\/comments?post=4553"}],"version-history":[{"count":1,"href":"https:\/\/aviator-crash.org\/gl\/wp-json\/wp\/v2\/pages\/4553\/revisions"}],"predecessor-version":[{"id":4554,"href":"https:\/\/aviator-crash.org\/gl\/wp-json\/wp\/v2\/pages\/4553\/revisions\/4554"}],"wp:attachment":[{"href":"https:\/\/aviator-crash.org\/gl\/wp-json\/wp\/v2\/media?parent=4553"}],"curies":[{"name":"wp","href":"https:\/\/api.w.org\/{rel}","templated":true}]}}