{"id":5176,"date":"2023-12-27T19:12:26","date_gmt":"2023-12-27T19:12:26","guid":{"rendered":"https:\/\/aviator-crash.org\/xogos-rapidos-por-dineiro-en-lina-con-retirada\/"},"modified":"2024-02-02T21:11:30","modified_gmt":"2024-02-02T21:11:30","slug":"xogos-rapidos-por-dineiro-en-lina-con-retirada","status":"publish","type":"page","link":"https:\/\/aviator-crash.org\/gl\/xogos-rapidos-por-dineiro-en-lina-con-retirada\/","title":{"rendered":"Xogos r\u00e1pidos por di\u00f1eiro en li\u00f1a con retirada"},"content":{"rendered":"\n<figure class=\"wp-block-gallery has-nested-images columns-default is-cropped wp-block-gallery-1 is-layout-flex wp-block-gallery-is-layout-flex\">\n<figure class=\"wp-block-image size-large\"><span itemprop=\"image\" itemscope itemtype=\"https:\/\/schema.org\/ImageObject\"><img itemprop=\"url image\" loading=\"lazy\" decoding=\"async\" width=\"683\" height=\"600\" data-id=\"460\" src=\"https:\/\/aviator-crash.org\/wp-content\/uploads\/2024\/01\/aviator-minigame-logo-4.png\" alt=\"\" class=\"wp-image-460\" srcset=\"https:\/\/aviator-crash.org\/wp-content\/uploads\/2024\/01\/aviator-minigame-logo-4.png 683w, https:\/\/aviator-crash.org\/wp-content\/uploads\/2024\/01\/aviator-minigame-logo-4-300x264.png 300w\" sizes=\"(max-width: 683px) 100vw, 683px\" \/><meta itemprop=\"width\" content=\"683\"><meta itemprop=\"height\" content=\"600\"><\/span><\/figure>\n<\/figure>\n\n<p>O concepto de xogo Crash apareceu a principios dos anos 2000. Non obstante, nos \u00faltimos anos fix\u00e9ronse cada vez m\u00e1is populares. Os xogos para ga\u00f1ar cartos rapidamente pres\u00e9ntanse en case todos os casinos en li\u00f1a. Cada rolda \u00e9 emocionante, chea de adrenalina. Os xogos r\u00e1pidos te\u00f1en un xogo sinxelo: o multiplicador aumenta e as ganancias aumentan en consecuencia; c\u00f3mpre ter tempo para recoller o di\u00f1eiro antes do desastre.    <\/p>\n\n<h2 class=\"wp-block-heading\">Xogo de choque por di\u00f1eiro con retirada<\/h2>\n\n<p>Ga\u00f1ar di\u00f1eiro r\u00e1pido en xogos de azar \u00e9 moi atractivo para os xogadores. O usuario debe supervisar coidadosamente o xogo e premer o bot\u00f3n no momento en que a s\u00faa intuici\u00f3n llo diga. O xogo con retirada r\u00e1pida de di\u00f1eiro \u00e9 real, as\u00ed o confirman os xogadores de todo o mundo.  <\/p>\n\n<p>O principio \u00e9 moi sinxelo: o xogador fai unha aposta, despois de que o multiplicador aumenta. Ningu\u00e9n sabe en que punto rematar\u00e1 a rolda. Ga\u00f1ar di\u00f1eiro rapidamente en xogos de azar \u00e9 posible se, grazas \u00e1 intuici\u00f3n, premes o bot\u00f3n antes do desastre. As ganancias son o produto da aposta e das probabilidades nas que se detivo o xogo. Se o usuario non ti\u00f1a tempo, o casino ga\u00f1aba. Canto m\u00e1is longa sexa a rolda, maior ser\u00e1 o risco. Pero ao mesmo tempo hai unha maior probabilidade de acadar o bote.      <\/p>\n\n<p>Os xogos de choque por di\u00f1eiro bas\u00e9anse en RNG, que \u00e9 imposible de superar. Varios programas de hackeo ou esquemas fraudulentos tampouco axudar\u00e1n. P\u00f3dese probar a xustiza dos xogos de choque; calquera usuario pode comprobalos.  <\/p>\n\n<h2 class=\"wp-block-heading\">Xogo Aviator (avi\u00f3n voador) por di\u00f1eiro<\/h2>\n\n<p>Os minixogos con retirada de di\u00f1eiro son moi populares. E un dos m\u00e1is famosos \u00e9 o Aviator. O dese\u00f1o \u00e9 moi sinxelo. Un avi\u00f3n ga\u00f1a altitude sobre un fondo escuro. Canto maior sexa, maior ser\u00e1 o coeficiente. Se o desexa, pode desactivar a animaci\u00f3n. Neste caso, o usuario s\u00f3 ver\u00e1 un coeficiente crecente diante del. O multiplicador parte dun e sobe de forma desigual. S\u00f3 uns segundos son suficientes para que medre cinco ou cen veces. A duraci\u00f3n da rolda pode variar, desde un segundo enteiro ata unha pequena fracci\u00f3n. Se o desexa, o xogador inicia a xogada autom\u00e1tica; todo o que ten que facer \u00e9 establecer a aposta e as probabilidades para rematar a rolda. Podes ver as apostas anteriores e os resultados doutros usuarios grazas a Live Statistics.           <\/p>\n\n<h2 class=\"wp-block-heading\">Xogo de choque &#8211; Lucky Jet<\/h2>\n\n<figure class=\"wp-block-gallery has-nested-images columns-default is-cropped wp-block-gallery-2 is-layout-flex wp-block-gallery-is-layout-flex\">\n<figure class=\"wp-block-image size-large\"><span itemprop=\"image\" itemscope itemtype=\"https:\/\/schema.org\/ImageObject\"><img itemprop=\"url image\" loading=\"lazy\" decoding=\"async\" width=\"1024\" height=\"509\" data-id=\"448\" src=\"https:\/\/aviator-crash.org\/wp-content\/uploads\/2024\/01\/lucky-jet_1-1024x509.jpg\" alt=\"\" class=\"wp-image-448\" srcset=\"https:\/\/aviator-crash.org\/wp-content\/uploads\/2024\/01\/lucky-jet_1-1024x509.jpg 1024w, https:\/\/aviator-crash.org\/wp-content\/uploads\/2024\/01\/lucky-jet_1-300x149.jpg 300w, https:\/\/aviator-crash.org\/wp-content\/uploads\/2024\/01\/lucky-jet_1-768x382.jpg 768w, https:\/\/aviator-crash.org\/wp-content\/uploads\/2024\/01\/lucky-jet_1.jpg 1093w\" sizes=\"(max-width: 1024px) 100vw, 1024px\" \/><meta itemprop=\"width\" content=\"1024\"><meta itemprop=\"height\" content=\"509\"><\/span><\/figure>\n<\/figure>\n\n<p>Os xogos de choque por di\u00f1eiro con bonificaci\u00f3n te\u00f1en unha trama diferente. En li\u00f1a podes probar sorte en Lucky Jet, onde o personaxe principal, Joe, tenta voar cunha mochila chea de cartos. Crash game for money ten regras simples. Debes escoller unha aposta e ter tempo para cobrala. Se non o fas a tempo, perderase o teu di\u00f1eiro. O coeficiente depende do tempo durante o que Joe permanece no aire.     <\/p>\n\n<p>O multiplicador m\u00e1ximo \u00e9 100; nalg\u00fans establecementos de xogo dupl\u00edcase. Ga\u00f1ar depende s\u00f3 da intuici\u00f3n do xogador, xa que este decide cando premer o bot\u00f3n. <\/p>\n\n<h2 class=\"wp-block-heading\">Xogo de choque &#8211; Jet X<\/h2>\n\n<figure class=\"wp-block-gallery has-nested-images columns-default is-cropped wp-block-gallery-3 is-layout-flex wp-block-gallery-is-layout-flex\">\n<figure class=\"wp-block-image size-large\"><span itemprop=\"image\" itemscope itemtype=\"https:\/\/schema.org\/ImageObject\"><img itemprop=\"url image\" loading=\"lazy\" decoding=\"async\" width=\"1024\" height=\"621\" data-id=\"451\" src=\"https:\/\/aviator-crash.org\/wp-content\/uploads\/2024\/01\/jetx-game-9-1024x621-1.png\" alt=\"\" class=\"wp-image-451\" srcset=\"https:\/\/aviator-crash.org\/wp-content\/uploads\/2024\/01\/jetx-game-9-1024x621-1.png 1024w, https:\/\/aviator-crash.org\/wp-content\/uploads\/2024\/01\/jetx-game-9-1024x621-1-300x182.png 300w, https:\/\/aviator-crash.org\/wp-content\/uploads\/2024\/01\/jetx-game-9-1024x621-1-768x466.png 768w\" sizes=\"(max-width: 1024px) 100vw, 1024px\" \/><meta itemprop=\"width\" content=\"1024\"><meta itemprop=\"height\" content=\"621\"><\/span><\/figure>\n<\/figure>\n\n<p>Os xogos r\u00e1pidos por di\u00f1eiro adoitan usar un veh\u00edculo como personaxe principal. En Jet X c\u00f3mpre supervisar o movemento do chorro. Non obstante, nun momento dado caer\u00e1 e desaparecer\u00e1 do radar. E \u00e9 antes que o usuario debe premer con prudencia o bot\u00f3n para retirar fondos. En caso contrario, o casino ga\u00f1a.    <\/p>\n\n<p>O xogo \u00e9 un dos mellores, pres\u00e9ntase en moitos casinos. O usuario ve unha pantalla de radar diante del, que mostra a aeronave e o coeficiente. Aumenta a medida que o avi\u00f3n despega. Non \u00e9 por nada que Jet X estea inclu\u00eddo na categor\u00eda &#8220;Xogos con retirada r\u00e1pida de di\u00f1eiro&#8221;; a rolda non dura m\u00e1is que un par de minutos.   <\/p>\n\n<p>Nos campos laterais, o usuario ve os resultados obtidos en roldas anteriores. Ademais, ind\u00edcanse estat\u00edsticas reais de todos os usuarios. O xogador pode facer d\u00faas apostas nunha rolda; se \u00e9 necesario, act\u00edvase a retirada autom\u00e1tica de di\u00f1eiro. Un accidente ocorre en calquera momento, a\u00ednda que o loitador acaba de comezar a ga\u00f1ar altitude. Os sitios de informaci\u00f3n informan dun coeficiente m\u00e1ximo de x25000, pero a\u00ednda non o alcanzou nin un s\u00f3 xogador.    <\/p>\n\n<h2 class=\"wp-block-heading\">Xogo de choque &#8211; Rocket X<\/h2>\n\n<figure class=\"wp-block-gallery has-nested-images columns-default is-cropped wp-block-gallery-4 is-layout-flex wp-block-gallery-is-layout-flex\">\n<figure class=\"wp-block-image size-large\"><span itemprop=\"image\" itemscope itemtype=\"https:\/\/schema.org\/ImageObject\"><img itemprop=\"url image\" loading=\"lazy\" decoding=\"async\" width=\"1024\" height=\"448\" data-id=\"453\" src=\"https:\/\/aviator-crash.org\/wp-content\/uploads\/2024\/01\/screenshot-2022-11-29-at-12.55.42-1024x448.jpg\" alt=\"\" class=\"wp-image-453\" srcset=\"https:\/\/aviator-crash.org\/wp-content\/uploads\/2024\/01\/screenshot-2022-11-29-at-12.55.42-1024x448.jpg 1024w, https:\/\/aviator-crash.org\/wp-content\/uploads\/2024\/01\/screenshot-2022-11-29-at-12.55.42-300x131.jpg 300w, https:\/\/aviator-crash.org\/wp-content\/uploads\/2024\/01\/screenshot-2022-11-29-at-12.55.42-768x336.jpg 768w, https:\/\/aviator-crash.org\/wp-content\/uploads\/2024\/01\/screenshot-2022-11-29-at-12.55.42-1536x673.jpg 1536w, https:\/\/aviator-crash.org\/wp-content\/uploads\/2024\/01\/screenshot-2022-11-29-at-12.55.42-2048x897.jpg 2048w\" sizes=\"(max-width: 1024px) 100vw, 1024px\" \/><meta itemprop=\"width\" content=\"1024\"><meta itemprop=\"height\" content=\"448\"><\/span><\/figure>\n<\/figure>\n\n<p>O usuario ve o foguete despegar. Pode facer unha aposta de 0,1 a 140. Canto m\u00e1is dure o voo, m\u00e1is altas son as probabilidades. Os xogadores poden personalizar o xogo por si mesmos, usar apostas autom\u00e1ticas e retiradas. O xogo de accidente require unha configuraci\u00f3n m\u00ednima. Despois diso, o usuario pode gozar do proceso espectacular: despois do lanzamento do foguete, aparece un penacho brillante e o coeficiente tam\u00e9n aumenta. Se non hai retirada autom\u00e1tica, o xogador elixe o final da rolda. Se non conseguiu facelo antes da explosi\u00f3n, segue sendo un perdedor. Podes converterte nun ga\u00f1ador se usas varias estratexias e t\u00e1cticas.        <\/p>\n\n<h2 class=\"wp-block-heading\">Xogo de choque &#8211; Space XY<\/h2>\n\n<figure class=\"wp-block-gallery has-nested-images columns-default is-cropped wp-block-gallery-5 is-layout-flex wp-block-gallery-is-layout-flex\">\n<figure class=\"wp-block-image size-large\"><span itemprop=\"image\" itemscope itemtype=\"https:\/\/schema.org\/ImageObject\"><img itemprop=\"url image\" loading=\"lazy\" decoding=\"async\" width=\"1024\" height=\"577\" data-id=\"455\" src=\"https:\/\/aviator-crash.org\/wp-content\/uploads\/2024\/01\/spacexy-gameplay-screen-1024x577-1.webp\" alt=\"\" class=\"wp-image-455\" srcset=\"https:\/\/aviator-crash.org\/wp-content\/uploads\/2024\/01\/spacexy-gameplay-screen-1024x577-1.webp 1024w, https:\/\/aviator-crash.org\/wp-content\/uploads\/2024\/01\/spacexy-gameplay-screen-1024x577-1-300x169.webp 300w, https:\/\/aviator-crash.org\/wp-content\/uploads\/2024\/01\/spacexy-gameplay-screen-1024x577-1-768x433.webp 768w\" sizes=\"(max-width: 1024px) 100vw, 1024px\" \/><meta itemprop=\"width\" content=\"1024\"><meta itemprop=\"height\" content=\"577\"><\/span><\/figure>\n<\/figure>\n\n<p>Crash xogo por di\u00f1eiro ten caracter\u00edsticas \u00fanicas. O tema espacial faino m\u00e1is interesante e atractivo para os xogadores. Naves espaciais, galaxias, criaturas alien\u00edxenas, todo iso combinado con animaci\u00f3ns e gr\u00e1ficos brillantes perm\u00edtenche mergullarche por completo no mundo dos xogos de azar. O espazo XY \u00e9 o mellor xogo de retirada r\u00e1pida, ten combinaci\u00f3ns ga\u00f1adoras e funci\u00f3ns extra. Podes atopalo en varios casinos en li\u00f1a, polo que o xogo Crash est\u00e1 dispo\u00f1ible para un amplo p\u00fablico. Podes xogar con di\u00f1eiro real ou con fichas virtuais; para facelo, s\u00f3 tes que iniciar o modo de demostraci\u00f3n.     <\/p>\n\n<h2 class=\"wp-block-heading\">Xogo r\u00e1pido: efectivo ou accidente<\/h2>\n\n<figure class=\"wp-block-gallery has-nested-images columns-default is-cropped wp-block-gallery-6 is-layout-flex wp-block-gallery-is-layout-flex\">\n<figure class=\"wp-block-image size-large\"><span itemprop=\"image\" itemscope itemtype=\"https:\/\/schema.org\/ImageObject\"><img itemprop=\"url image\" loading=\"lazy\" decoding=\"async\" width=\"1024\" height=\"576\" data-id=\"457\" src=\"https:\/\/aviator-crash.org\/wp-content\/uploads\/2024\/01\/cash-or-crash-evolution-live-games-hollywoodbets-1024x576-1.jpg\" alt=\"\" class=\"wp-image-457\" srcset=\"https:\/\/aviator-crash.org\/wp-content\/uploads\/2024\/01\/cash-or-crash-evolution-live-games-hollywoodbets-1024x576-1.jpg 1024w, https:\/\/aviator-crash.org\/wp-content\/uploads\/2024\/01\/cash-or-crash-evolution-live-games-hollywoodbets-1024x576-1-300x169.jpg 300w, https:\/\/aviator-crash.org\/wp-content\/uploads\/2024\/01\/cash-or-crash-evolution-live-games-hollywoodbets-1024x576-1-768x432.jpg 768w\" sizes=\"(max-width: 1024px) 100vw, 1024px\" \/><meta itemprop=\"width\" content=\"1024\"><meta itemprop=\"height\" content=\"576\"><\/span><\/figure>\n<\/figure>\n\n<p>O xogador at\u00f3pase nunha aeronave que se move sobre unha enorme metr\u00f3pole. O usuario ve unha m\u00e1quina na que se mesturan as b\u00f3las. Util\u00edzanse 8 vermellas, 19 verdes e unha de ouro. O xogador ten que subir as escaleiras. Para iso, debe recoller bolas verdes. Se o resultado \u00e9 vermello, a rolda rematou. A bola dourada p\u00f3dese usar para protecci\u00f3n, d\u00e1 vida extra.      <\/p>\n\n<p>Despois de romper o escudo ou deixar caer a bola verde, o xogador pode permanecer no xogo cunha vitoria total ou rematar a rolda. Tam\u00e9n ten a oportunidade de retirar a metade do di\u00f1eiro, e coa cantidade restante pode continuar o xogo. O xogador ten que pasar por vinte niveis. No primeiro deles o multiplicador \u00e9 1,2x, e na parte superior da escaleira \u00e9 18000x. O xogador s\u00f3 ten que apostar 5 d\u00f3lares para obter 90.000 como resultado.    <\/p>\n\n<p>Podes descargar o xogo cunha retirada r\u00e1pida de di\u00f1eiro nun casino en li\u00f1a. \u00c9 necesario escoller un servizo fiable con licenza, que garante o cumprimento das regras do regulador. Isto significa que o casino ten di\u00f1eiro para pagar incluso grandes cantidades aos ga\u00f1adores, e constantemente se somete a auditor\u00edas internas e verificaci\u00f3ns de software. \u00c9 importante estudar as cr\u00edticas e a p\u00e1xina web do establecemento. Se un usuario acaba nun sitio fraudulento, non recibir\u00e1 entretemento con bonos e ga\u00f1as, pero perder\u00e1 os seus datos persoais ou infectar\u00e1 o seu dispositivo con virus.    <\/p>\n","protected":false},"excerpt":{"rendered":"<p>O concepto de xogo Crash apareceu a principios dos anos 2000. Non obstante, nos \u00faltimos anos fix\u00e9ronse cada vez m\u00e1is populares. Os xogos para ga\u00f1ar cartos rapidamente pres\u00e9ntanse en case todos os casinos en li\u00f1a. Cada rolda \u00e9 emocionante, chea de adrenalina. Os xogos r\u00e1pidos te\u00f1en un xogo sinxelo: o multiplicador aumenta e as ganancias [&hellip;]<\/p>\n","protected":false},"author":2,"featured_media":0,"parent":0,"menu_order":0,"comment_status":"closed","ping_status":"closed","template":"","meta":{"footnotes":""},"yoast_head":"<!-- This site is optimized with the Yoast SEO plugin v21.7 - https:\/\/yoast.com\/wordpress\/plugins\/seo\/ -->\n<title>Xogos de choque por di\u00f1eiro (xogo de choque r\u00e1pido en li\u00f1a con retirada de di\u00f1eiro)<\/title>\n<meta name=\"description\" content=\"Os xogos de choque son populares porque ofrecen a oportunidade de ga\u00f1ar cartos r\u00e1pido. Os xogos por cartos con accidente te\u00f1en regras simples. Ao mesmo tempo, son moi emocionantes e xogan.\" \/>\n<meta name=\"robots\" content=\"index, follow, max-snippet:-1, max-image-preview:large, max-video-preview:-1\" \/>\n<link rel=\"canonical\" href=\"https:\/\/aviator-crash.org\/gl\/xogos-rapidos-por-dineiro-en-lina-con-retirada\/\" \/>\n<meta property=\"og:locale\" content=\"gl_ES\" \/>\n<meta property=\"og:type\" content=\"article\" \/>\n<meta property=\"og:title\" content=\"Xogos de choque por di\u00f1eiro (xogo de choque r\u00e1pido en li\u00f1a con retirada de di\u00f1eiro)\" \/>\n<meta property=\"og:description\" content=\"Os xogos de choque son populares porque ofrecen a oportunidade de ga\u00f1ar cartos r\u00e1pido. Os xogos por cartos con accidente te\u00f1en regras simples. Ao mesmo tempo, son moi emocionantes e xogan.\" \/>\n<meta property=\"og:url\" content=\"https:\/\/aviator-crash.org\/gl\/xogos-rapidos-por-dineiro-en-lina-con-retirada\/\" \/>\n<meta property=\"article:modified_time\" content=\"2024-02-02T21:11:30+00:00\" \/>\n<meta property=\"og:image\" content=\"https:\/\/aviator-crash.org\/wp-content\/uploads\/2024\/01\/aviator-minigame-logo-4.png\" \/>\n<meta name=\"twitter:card\" content=\"summary_large_image\" \/>\n<meta name=\"twitter:label1\" content=\"Est. reading time\" \/>\n\t<meta name=\"twitter:data1\" content=\"6 minutos\" \/>\n<script type=\"application\/ld+json\" class=\"yoast-schema-graph\">{\"@context\":\"https:\/\/schema.org\",\"@graph\":[{\"@type\":\"WebPage\",\"@id\":\"https:\/\/aviator-crash.org\/gl\/xogos-rapidos-por-dineiro-en-lina-con-retirada\/\",\"url\":\"https:\/\/aviator-crash.org\/gl\/xogos-rapidos-por-dineiro-en-lina-con-retirada\/\",\"name\":\"Xogos de choque por di\u00f1eiro (xogo de choque r\u00e1pido en li\u00f1a con retirada de di\u00f1eiro)\",\"isPartOf\":{\"@id\":\"https:\/\/aviator-crash.org\/gl\/#website\"},\"datePublished\":\"2023-12-27T19:12:26+00:00\",\"dateModified\":\"2024-02-02T21:11:30+00:00\",\"description\":\"Os xogos de choque son populares porque ofrecen a oportunidade de ga\u00f1ar cartos r\u00e1pido. Os xogos por cartos con accidente te\u00f1en regras simples. Ao mesmo tempo, son moi emocionantes e xogan.\",\"breadcrumb\":{\"@id\":\"https:\/\/aviator-crash.org\/gl\/xogos-rapidos-por-dineiro-en-lina-con-retirada\/#breadcrumb\"},\"inLanguage\":\"gl-ES\",\"potentialAction\":[{\"@type\":\"ReadAction\",\"target\":[\"https:\/\/aviator-crash.org\/gl\/xogos-rapidos-por-dineiro-en-lina-con-retirada\/\"]}]},{\"@type\":\"BreadcrumbList\",\"@id\":\"https:\/\/aviator-crash.org\/gl\/xogos-rapidos-por-dineiro-en-lina-con-retirada\/#breadcrumb\",\"itemListElement\":[{\"@type\":\"ListItem\",\"position\":1,\"name\":\"Home\",\"item\":\"https:\/\/aviator-crash.org\/gl\/xogo-aviator-en-lina-por-dineiro-real\/\"},{\"@type\":\"ListItem\",\"position\":2,\"name\":\"Xogos r\u00e1pidos por di\u00f1eiro en li\u00f1a con retirada\"}]},{\"@type\":\"WebSite\",\"@id\":\"https:\/\/aviator-crash.org\/gl\/#website\",\"url\":\"https:\/\/aviator-crash.org\/gl\/\",\"name\":\"\",\"description\":\"\",\"potentialAction\":[{\"@type\":\"SearchAction\",\"target\":{\"@type\":\"EntryPoint\",\"urlTemplate\":\"https:\/\/aviator-crash.org\/gl\/?s={search_term_string}\"},\"query-input\":\"required name=search_term_string\"}],\"inLanguage\":\"gl-ES\"}]}<\/script>\n<!-- \/ Yoast SEO plugin. -->","yoast_head_json":{"title":"Xogos de choque por di\u00f1eiro (xogo de choque r\u00e1pido en li\u00f1a con retirada de di\u00f1eiro)","description":"Os xogos de choque son populares porque ofrecen a oportunidade de ga\u00f1ar cartos r\u00e1pido. Os xogos por cartos con accidente te\u00f1en regras simples. Ao mesmo tempo, son moi emocionantes e xogan.","robots":{"index":"index","follow":"follow","max-snippet":"max-snippet:-1","max-image-preview":"max-image-preview:large","max-video-preview":"max-video-preview:-1"},"canonical":"https:\/\/aviator-crash.org\/gl\/xogos-rapidos-por-dineiro-en-lina-con-retirada\/","og_locale":"gl_ES","og_type":"article","og_title":"Xogos de choque por di\u00f1eiro (xogo de choque r\u00e1pido en li\u00f1a con retirada de di\u00f1eiro)","og_description":"Os xogos de choque son populares porque ofrecen a oportunidade de ga\u00f1ar cartos r\u00e1pido. Os xogos por cartos con accidente te\u00f1en regras simples. Ao mesmo tempo, son moi emocionantes e xogan.","og_url":"https:\/\/aviator-crash.org\/gl\/xogos-rapidos-por-dineiro-en-lina-con-retirada\/","article_modified_time":"2024-02-02T21:11:30+00:00","og_image":[{"url":"https:\/\/aviator-crash.org\/wp-content\/uploads\/2024\/01\/aviator-minigame-logo-4.png"}],"twitter_card":"summary_large_image","twitter_misc":{"Est. reading time":"6 minutos"},"schema":{"@context":"https:\/\/schema.org","@graph":[{"@type":"WebPage","@id":"https:\/\/aviator-crash.org\/gl\/xogos-rapidos-por-dineiro-en-lina-con-retirada\/","url":"https:\/\/aviator-crash.org\/gl\/xogos-rapidos-por-dineiro-en-lina-con-retirada\/","name":"Xogos de choque por di\u00f1eiro (xogo de choque r\u00e1pido en li\u00f1a con retirada de di\u00f1eiro)","isPartOf":{"@id":"https:\/\/aviator-crash.org\/gl\/#website"},"datePublished":"2023-12-27T19:12:26+00:00","dateModified":"2024-02-02T21:11:30+00:00","description":"Os xogos de choque son populares porque ofrecen a oportunidade de ga\u00f1ar cartos r\u00e1pido. Os xogos por cartos con accidente te\u00f1en regras simples. Ao mesmo tempo, son moi emocionantes e xogan.","breadcrumb":{"@id":"https:\/\/aviator-crash.org\/gl\/xogos-rapidos-por-dineiro-en-lina-con-retirada\/#breadcrumb"},"inLanguage":"gl-ES","potentialAction":[{"@type":"ReadAction","target":["https:\/\/aviator-crash.org\/gl\/xogos-rapidos-por-dineiro-en-lina-con-retirada\/"]}]},{"@type":"BreadcrumbList","@id":"https:\/\/aviator-crash.org\/gl\/xogos-rapidos-por-dineiro-en-lina-con-retirada\/#breadcrumb","itemListElement":[{"@type":"ListItem","position":1,"name":"Home","item":"https:\/\/aviator-crash.org\/gl\/xogo-aviator-en-lina-por-dineiro-real\/"},{"@type":"ListItem","position":2,"name":"Xogos r\u00e1pidos por di\u00f1eiro en li\u00f1a con retirada"}]},{"@type":"WebSite","@id":"https:\/\/aviator-crash.org\/gl\/#website","url":"https:\/\/aviator-crash.org\/gl\/","name":"","description":"","potentialAction":[{"@type":"SearchAction","target":{"@type":"EntryPoint","urlTemplate":"https:\/\/aviator-crash.org\/gl\/?s={search_term_string}"},"query-input":"required name=search_term_string"}],"inLanguage":"gl-ES"}]}},"_links":{"self":[{"href":"https:\/\/aviator-crash.org\/gl\/wp-json\/wp\/v2\/pages\/5176"}],"collection":[{"href":"https:\/\/aviator-crash.org\/gl\/wp-json\/wp\/v2\/pages"}],"about":[{"href":"https:\/\/aviator-crash.org\/gl\/wp-json\/wp\/v2\/types\/page"}],"author":[{"embeddable":true,"href":"https:\/\/aviator-crash.org\/gl\/wp-json\/wp\/v2\/users\/2"}],"replies":[{"embeddable":true,"href":"https:\/\/aviator-crash.org\/gl\/wp-json\/wp\/v2\/comments?post=5176"}],"version-history":[{"count":3,"href":"https:\/\/aviator-crash.org\/gl\/wp-json\/wp\/v2\/pages\/5176\/revisions"}],"predecessor-version":[{"id":5186,"href":"https:\/\/aviator-crash.org\/gl\/wp-json\/wp\/v2\/pages\/5176\/revisions\/5186"}],"wp:attachment":[{"href":"https:\/\/aviator-crash.org\/gl\/wp-json\/wp\/v2\/media?parent=5176"}],"curies":[{"name":"wp","href":"https:\/\/api.w.org\/{rel}","templated":true}]}}