{"id":5268,"date":"2023-12-27T19:48:01","date_gmt":"2023-12-27T19:48:01","guid":{"rendered":"https:\/\/aviator-crash.org\/maquina-tragamonedas-space-xy\/"},"modified":"2024-02-02T21:14:08","modified_gmt":"2024-02-02T21:14:08","slug":"maquina-tragamonedas-space-xy","status":"publish","type":"page","link":"https:\/\/aviator-crash.org\/gl\/maquina-tragamonedas-space-xy\/","title":{"rendered":"M\u00e1quina tragamonedas Space XY"},"content":{"rendered":"\n<figure class=\"wp-block-gallery has-nested-images columns-default is-cropped wp-block-gallery-1 is-layout-flex wp-block-gallery-is-layout-flex\">\n<figure class=\"wp-block-image size-large\"><span itemprop=\"image\" itemscope itemtype=\"https:\/\/schema.org\/ImageObject\"><img itemprop=\"url image\" loading=\"lazy\" decoding=\"async\" width=\"1024\" height=\"445\" data-id=\"469\" src=\"https:\/\/aviator-crash.org\/wp-content\/uploads\/2024\/01\/bgaming-game-release-1024x445.jpg\" alt=\"\" class=\"wp-image-469\" srcset=\"https:\/\/aviator-crash.org\/wp-content\/uploads\/2024\/01\/bgaming-game-release-1024x445.jpg 1024w, https:\/\/aviator-crash.org\/wp-content\/uploads\/2024\/01\/bgaming-game-release-300x131.jpg 300w, https:\/\/aviator-crash.org\/wp-content\/uploads\/2024\/01\/bgaming-game-release-768x334.jpg 768w, https:\/\/aviator-crash.org\/wp-content\/uploads\/2024\/01\/bgaming-game-release.jpg 1200w\" sizes=\"(max-width: 1024px) 100vw, 1024px\" \/><meta itemprop=\"width\" content=\"1024\"><meta itemprop=\"height\" content=\"445\"><\/span><\/figure>\n<\/figure>\n\n<p>Benvido ao mundo de Space XY, onde cada estrela \u00e9 unha nova aventura e cada galaxia \u00e9 un campo de exploraci\u00f3n. Este emocionante xogo espacial ofrece aos xogadores non s\u00f3 a oportunidade de explorar as vastas extensi\u00f3ns do universo, sen\u00f3n tam\u00e9n de converterse en aut\u00e9nticos exploradores do espazo. <\/p>\n\n<p>Space XY \u00e9 un xogo que chama a atenci\u00f3n desde os primeiros segundos. Podes descargar a aplicaci\u00f3n para Android no sitio web oficial da casa de apostas Odin Vin. Aqu\u00ed atopar\u00e1s as mellores aventuras e pasatempos inesquecibles. Inicia sesi\u00f3n na t\u00faa conta persoal, fai apostas e ga\u00f1a no Space XY.   <\/p>\n\n<h2 class=\"wp-block-heading\">Vantaxe do xogo en li\u00f1a Space XY<\/h2>\n\n<p>Space XY \u00e9 un xogo que ofrece emocionantes batallas espaciais onde podes probar as t\u00faas habilidades de pilotaxe. Personaliza a t\u00faa nave espacial, combate as ameazas alien\u00edxenas e participa en \u00e9picas batallas espaciais que determinar\u00e1n o teu destino nesta vasta extensi\u00f3n. <\/p>\n\n<p>Entre as principais vantaxes deste xogo, cabe destacar as seguintes:<\/p>\n\n<ul>\n<li>Trama profunda. Space XY non \u00e9 s\u00f3 aventuras espaciais. Unha trama rica, crebacabezas intrincados e decisi\u00f3ns importantes crean unha experiencia \u00fanica que depende das t\u00faas elecci\u00f3ns.  <\/li>\n\n\n\n<li>Cada decisi\u00f3n afecta o curso do xogo. \u00c9 por iso que necesitar\u00e1s unha estratexia en Space XY para ga\u00f1ar e ga\u00f1ar tantos puntos como sexa posible. <\/li>\n\n\n\n<li>Posibilidade de personalizaci\u00f3n individual. Un dos elementos clave de Space XY \u00e9 a posibilidade de personalizar a s\u00faa nave espacial para adaptala \u00e1s s\u00faas preferencias. Escolle modificaci\u00f3ns \u00fanicas, mellora a tecnolox\u00eda e crea un barco que reflicta o teu estilo e estratexia.  <\/li>\n\n\n\n<li>Viaxes gal\u00e1cticos. O espazo XY \u00e1breche moitas galaxias, cada unha delas chea de mundos sorprendentes, artefactos misteriosos e aventuras perigosas. Explora planetas inexplorados, co\u00f1ece razas diversas e participa en intrigantes historias espaciais. Todo o que precisas para comezar a mergullarte na historia \u00e9 entender como instalar o xogo en Space XY.   <\/li>\n\n\n\n<li>Eventos e misi\u00f3ns semanais. O xogo en li\u00f1a actual\u00edzase constantemente con novos eventos, misi\u00f3ns e desaf\u00edos, o que che permite atopar sempre novos obxectivos que acadar. Participa en eventos semanais, compite por premios e admira as oportunidades \u00fanicas que se che ofrecen cada semana.  <\/li>\n<\/ul>\n\n<h2 class=\"wp-block-heading\">Como xogar Space XY<\/h2>\n\n<p>Para comezar a t\u00faa aventura espacial no Space XY, o primeiro paso \u00e9 instalar o xogo. A continuaci\u00f3n, ter\u00e1s que crear a t\u00faa conta, o que asegurar\u00e1 que se garde o teu progreso e as t\u00faas capacidades en li\u00f1a. Despois do rexistro, personaliza a t\u00faa nave espacial con dese\u00f1os e melloras \u00fanicos. Merg\u00fallate no mundo do espazo XY, explorando galaxias, interactuando con mundos diferentes e completando misi\u00f3ns descargando o espazo XY.   <\/p>\n\n<p>As batallas espaciais son un aspecto clave do xogo. Desaf\u00eda ameazas alien\u00edxenas e outros xogadores en tempo real usando as t\u00faas habilidades estrat\u00e9xicas. Participa en eventos e misi\u00f3ns para recibir recompensas e melloras. A comunicaci\u00f3n con outros xogadores tam\u00e9n \u00e9 importante: crear alianzas, intercambiar experiencias e estratexias.   <\/p>\n\n<p>En xeral, mergullarse no Space XY require exploraci\u00f3n, combate e interacci\u00f3n co mundo c\u00f3smico que agarda o teu descubrimento.<\/p>\n\n<h2 class=\"wp-block-heading\">Como ga\u00f1ar no Space XY<\/h2>\n\n<p>No mundo de Space XY, a clave para un xogo exitoso reside na exploraci\u00f3n profunda do universo e na adaptaci\u00f3n flexible a varios desaf\u00edos. Evoluciona a t\u00faa nave espacial, personalizaa segundo as necesidades e requisitos \u00fanicos da situaci\u00f3n actual. E os bonos Space XY perm\u00edtenche aumentar as t\u00faas posibilidades de ga\u00f1ar.  <\/p>\n\n<p>Adopta un enfoque estrat\u00e9xico para as batallas espaciais, prestando atenci\u00f3n \u00e1 din\u00e1mica da batalla e aos factores externos. Observa o comportamento dos demais xogadores e adapta as t\u00faas t\u00e1cticas segundo as s\u00faas acci\u00f3ns. A estratexia Space XY \u00e9 un aspecto clave que se necesita para un xogo exitoso.  <\/p>\n\n<p>Participa activamente en eventos e misi\u00f3ns que ofrecen a oportunidade de obter recursos valiosos e melloras para o teu barco. Non obstante, recorda que as t\u00faas acci\u00f3ns e decisi\u00f3ns poden afectar o curso do xogo e as interacci\u00f3ns con outros xogadores. <\/p>\n\n<h2 class=\"wp-block-heading\">Regras do xogo no Space XY<\/h2>\n\n<p>No mundo de Space XY, hai algunhas regras b\u00e1sicas que che axudar\u00e1n a navegar e ter \u00e9xito nas t\u00faas aventuras espaciais. Debes aprendelos antes de comezar a xogar ao Space XY: <\/p>\n\n<ol>\n<li>Explora diferentes galaxias, planetas e asteroides.<\/li>\n\n\n\n<li>Actualiza a t\u00faa nave, desenvolve t\u00e1cticas e participa en duelos espaciais para protexer os teus intereses.<\/li>\n\n\n\n<li>Obt\u00e9n recursos, procesaos e util\u00edzaos para mellorar o teu barco, constru\u00edr bases, investigar e comerciar.<\/li>\n\n\n\n<li>Participa activamente en eventos e misi\u00f3ns para recibir recompensas \u00fanicas e ampliar as t\u00faas capacidades no xogo.<\/li>\n\n\n\n<li>Busca novas tecnolox\u00edas para mellorar o teu barco e a defensa da t\u00faa base.<\/li>\n\n\n\n<li>Crea alianzas con outros xogadores para unir forzas na loita por obxectivos com\u00fans e desenvolver estratexias no xogo Space XY como ga\u00f1ar.<\/li>\n\n\n\n<li>Participa en competici\u00f3ns e segue as clasificaci\u00f3ns para medir o teu progreso e comparar os teus logros con outros xogadores.<\/li>\n<\/ol>\n\n<p>Seguir estas regras axudarache a gozar plenamente da experiencia espacial no Space XY e a acadar o \u00e9xito na inmensidade do espazo.<\/p>\n\n<h2 class=\"wp-block-heading\">C\u00f3digos promocionais<\/h2>\n\n<p>A mellor forma de obter c\u00f3digos actualizados \u00e9 seguir as canles de comunicaci\u00f3n oficiais do xogo. Pode ser un sitio web oficial, redes sociais, foros ou unha lista de correo electr\u00f3nico. Os c\u00f3digos promocionais dun xogo como Space XY util\u00edzanse para ofrecer aos xogadores varias bonificaci\u00f3ns e beneficios.  <\/p>\n\n<p>Os c\u00f3digos promocionais poden proporcionar recursos gratu\u00edtos como cr\u00e9ditos, enerx\u00eda ou outras moedas do xogo. Algunhas opci\u00f3ns proporcionan acceso a melloras ou melloras \u00fanicas para naves espaciais, bases e outros elementos do xogo. Nas revisi\u00f3ns de Space XY podes atopar moitos consellos sobre como usar correctamente estes bonos.  <\/p>\n\n<p>Os c\u00f3digos promocionais p\u00f3dense distribu\u00edr como parte de eventos especiais, competici\u00f3ns ou promoci\u00f3ns, animando aos xogadores a participar en diversas actividades.<\/p>\n\n<h2 class=\"wp-block-heading\">Recensi\u00f3ns<\/h2>\n\n<p>Aqu\u00ed tes algunhas opini\u00f3ns dos usuarios que confirman a gran popularidade desta aplicaci\u00f3n:<\/p>\n","protected":false},"excerpt":{"rendered":"<p>Benvido ao mundo de Space XY, onde cada estrela \u00e9 unha nova aventura e cada galaxia \u00e9 un campo de exploraci\u00f3n. Este emocionante xogo espacial ofrece aos xogadores non s\u00f3 a oportunidade de explorar as vastas extensi\u00f3ns do universo, sen\u00f3n tam\u00e9n de converterse en aut\u00e9nticos exploradores do espazo. Space XY \u00e9 un xogo que chama [&hellip;]<\/p>\n","protected":false},"author":2,"featured_media":0,"parent":0,"menu_order":0,"comment_status":"open","ping_status":"closed","template":"","meta":{"footnotes":""},"yoast_head":"<!-- This site is optimized with the Yoast SEO plugin v21.7 - https:\/\/yoast.com\/wordpress\/plugins\/seo\/ -->\n<title>Xogo Space XY no casino, descargar<\/title>\n<meta name=\"description\" content=\"Un xogo interesante para os que aman a emoci\u00f3n e os altos riscos. Descarga e goza do proceso de xogo do xogo de casino Space XY. Merg\u00fallate no mundo do risco e aventuras inesquecibles. Estudar coidadosamente as regras e caracter\u00edsticas do xogo para ga\u00f1ar.\" \/>\n<meta name=\"robots\" content=\"index, follow, max-snippet:-1, max-image-preview:large, max-video-preview:-1\" \/>\n<link rel=\"canonical\" href=\"https:\/\/aviator-crash.org\/gl\/maquina-tragamonedas-space-xy\/\" \/>\n<meta property=\"og:locale\" content=\"gl_ES\" \/>\n<meta property=\"og:type\" content=\"article\" \/>\n<meta property=\"og:title\" content=\"Xogo Space XY no casino, descargar\" \/>\n<meta property=\"og:description\" content=\"Un xogo interesante para os que aman a emoci\u00f3n e os altos riscos. Descarga e goza do proceso de xogo do xogo de casino Space XY. Merg\u00fallate no mundo do risco e aventuras inesquecibles. Estudar coidadosamente as regras e caracter\u00edsticas do xogo para ga\u00f1ar.\" \/>\n<meta property=\"og:url\" content=\"https:\/\/aviator-crash.org\/gl\/maquina-tragamonedas-space-xy\/\" \/>\n<meta property=\"article:modified_time\" content=\"2024-02-02T21:14:08+00:00\" \/>\n<meta property=\"og:image\" content=\"https:\/\/aviator-crash.org\/wp-content\/uploads\/2024\/01\/bgaming-game-release-1024x445.jpg\" \/>\n<meta name=\"twitter:card\" content=\"summary_large_image\" \/>\n<meta name=\"twitter:label1\" content=\"Est. reading time\" \/>\n\t<meta name=\"twitter:data1\" content=\"5 minutos\" \/>\n<script type=\"application\/ld+json\" class=\"yoast-schema-graph\">{\"@context\":\"https:\/\/schema.org\",\"@graph\":[{\"@type\":\"WebPage\",\"@id\":\"https:\/\/aviator-crash.org\/gl\/maquina-tragamonedas-space-xy\/\",\"url\":\"https:\/\/aviator-crash.org\/gl\/maquina-tragamonedas-space-xy\/\",\"name\":\"Xogo Space XY no casino, descargar\",\"isPartOf\":{\"@id\":\"https:\/\/aviator-crash.org\/gl\/#website\"},\"datePublished\":\"2023-12-27T19:48:01+00:00\",\"dateModified\":\"2024-02-02T21:14:08+00:00\",\"description\":\"Un xogo interesante para os que aman a emoci\u00f3n e os altos riscos. Descarga e goza do proceso de xogo do xogo de casino Space XY. Merg\u00fallate no mundo do risco e aventuras inesquecibles. Estudar coidadosamente as regras e caracter\u00edsticas do xogo para ga\u00f1ar.\",\"breadcrumb\":{\"@id\":\"https:\/\/aviator-crash.org\/gl\/maquina-tragamonedas-space-xy\/#breadcrumb\"},\"inLanguage\":\"gl-ES\",\"potentialAction\":[{\"@type\":\"ReadAction\",\"target\":[\"https:\/\/aviator-crash.org\/gl\/maquina-tragamonedas-space-xy\/\"]}]},{\"@type\":\"BreadcrumbList\",\"@id\":\"https:\/\/aviator-crash.org\/gl\/maquina-tragamonedas-space-xy\/#breadcrumb\",\"itemListElement\":[{\"@type\":\"ListItem\",\"position\":1,\"name\":\"Home\",\"item\":\"https:\/\/aviator-crash.org\/gl\/xogo-aviator-en-lina-por-dineiro-real\/\"},{\"@type\":\"ListItem\",\"position\":2,\"name\":\"M\u00e1quina tragamonedas Space XY\"}]},{\"@type\":\"WebSite\",\"@id\":\"https:\/\/aviator-crash.org\/gl\/#website\",\"url\":\"https:\/\/aviator-crash.org\/gl\/\",\"name\":\"\",\"description\":\"\",\"potentialAction\":[{\"@type\":\"SearchAction\",\"target\":{\"@type\":\"EntryPoint\",\"urlTemplate\":\"https:\/\/aviator-crash.org\/gl\/?s={search_term_string}\"},\"query-input\":\"required name=search_term_string\"}],\"inLanguage\":\"gl-ES\"}]}<\/script>\n<!-- \/ Yoast SEO plugin. -->","yoast_head_json":{"title":"Xogo Space XY no casino, descargar","description":"Un xogo interesante para os que aman a emoci\u00f3n e os altos riscos. Descarga e goza do proceso de xogo do xogo de casino Space XY. Merg\u00fallate no mundo do risco e aventuras inesquecibles. Estudar coidadosamente as regras e caracter\u00edsticas do xogo para ga\u00f1ar.","robots":{"index":"index","follow":"follow","max-snippet":"max-snippet:-1","max-image-preview":"max-image-preview:large","max-video-preview":"max-video-preview:-1"},"canonical":"https:\/\/aviator-crash.org\/gl\/maquina-tragamonedas-space-xy\/","og_locale":"gl_ES","og_type":"article","og_title":"Xogo Space XY no casino, descargar","og_description":"Un xogo interesante para os que aman a emoci\u00f3n e os altos riscos. Descarga e goza do proceso de xogo do xogo de casino Space XY. Merg\u00fallate no mundo do risco e aventuras inesquecibles. Estudar coidadosamente as regras e caracter\u00edsticas do xogo para ga\u00f1ar.","og_url":"https:\/\/aviator-crash.org\/gl\/maquina-tragamonedas-space-xy\/","article_modified_time":"2024-02-02T21:14:08+00:00","og_image":[{"url":"https:\/\/aviator-crash.org\/wp-content\/uploads\/2024\/01\/bgaming-game-release-1024x445.jpg"}],"twitter_card":"summary_large_image","twitter_misc":{"Est. reading time":"5 minutos"},"schema":{"@context":"https:\/\/schema.org","@graph":[{"@type":"WebPage","@id":"https:\/\/aviator-crash.org\/gl\/maquina-tragamonedas-space-xy\/","url":"https:\/\/aviator-crash.org\/gl\/maquina-tragamonedas-space-xy\/","name":"Xogo Space XY no casino, descargar","isPartOf":{"@id":"https:\/\/aviator-crash.org\/gl\/#website"},"datePublished":"2023-12-27T19:48:01+00:00","dateModified":"2024-02-02T21:14:08+00:00","description":"Un xogo interesante para os que aman a emoci\u00f3n e os altos riscos. Descarga e goza do proceso de xogo do xogo de casino Space XY. Merg\u00fallate no mundo do risco e aventuras inesquecibles. Estudar coidadosamente as regras e caracter\u00edsticas do xogo para ga\u00f1ar.","breadcrumb":{"@id":"https:\/\/aviator-crash.org\/gl\/maquina-tragamonedas-space-xy\/#breadcrumb"},"inLanguage":"gl-ES","potentialAction":[{"@type":"ReadAction","target":["https:\/\/aviator-crash.org\/gl\/maquina-tragamonedas-space-xy\/"]}]},{"@type":"BreadcrumbList","@id":"https:\/\/aviator-crash.org\/gl\/maquina-tragamonedas-space-xy\/#breadcrumb","itemListElement":[{"@type":"ListItem","position":1,"name":"Home","item":"https:\/\/aviator-crash.org\/gl\/xogo-aviator-en-lina-por-dineiro-real\/"},{"@type":"ListItem","position":2,"name":"M\u00e1quina tragamonedas Space XY"}]},{"@type":"WebSite","@id":"https:\/\/aviator-crash.org\/gl\/#website","url":"https:\/\/aviator-crash.org\/gl\/","name":"","description":"","potentialAction":[{"@type":"SearchAction","target":{"@type":"EntryPoint","urlTemplate":"https:\/\/aviator-crash.org\/gl\/?s={search_term_string}"},"query-input":"required name=search_term_string"}],"inLanguage":"gl-ES"}]}},"_links":{"self":[{"href":"https:\/\/aviator-crash.org\/gl\/wp-json\/wp\/v2\/pages\/5268"}],"collection":[{"href":"https:\/\/aviator-crash.org\/gl\/wp-json\/wp\/v2\/pages"}],"about":[{"href":"https:\/\/aviator-crash.org\/gl\/wp-json\/wp\/v2\/types\/page"}],"author":[{"embeddable":true,"href":"https:\/\/aviator-crash.org\/gl\/wp-json\/wp\/v2\/users\/2"}],"replies":[{"embeddable":true,"href":"https:\/\/aviator-crash.org\/gl\/wp-json\/wp\/v2\/comments?post=5268"}],"version-history":[{"count":1,"href":"https:\/\/aviator-crash.org\/gl\/wp-json\/wp\/v2\/pages\/5268\/revisions"}],"predecessor-version":[{"id":5270,"href":"https:\/\/aviator-crash.org\/gl\/wp-json\/wp\/v2\/pages\/5268\/revisions\/5270"}],"wp:attachment":[{"href":"https:\/\/aviator-crash.org\/gl\/wp-json\/wp\/v2\/media?parent=5268"}],"curies":[{"name":"wp","href":"https:\/\/api.w.org\/{rel}","templated":true}]}}