{"id":5298,"date":"2023-12-27T19:40:59","date_gmt":"2023-12-27T19:40:59","guid":{"rendered":"https:\/\/aviator-crash.org\/xoga-a-rocket-x\/"},"modified":"2024-02-02T21:17:22","modified_gmt":"2024-02-02T21:17:22","slug":"xoga-a-rocket-x","status":"publish","type":"page","link":"https:\/\/aviator-crash.org\/gl\/xoga-a-rocket-x\/","title":{"rendered":"Xoga a Rocket X"},"content":{"rendered":"\n<figure class=\"wp-block-gallery has-nested-images columns-default is-cropped wp-block-gallery-1 is-layout-flex wp-block-gallery-is-layout-flex\">\n<figure class=\"wp-block-image size-large\"><span itemprop=\"image\" itemscope itemtype=\"https:\/\/schema.org\/ImageObject\"><img itemprop=\"url image\" loading=\"lazy\" decoding=\"async\" width=\"1024\" height=\"761\" data-id=\"472\" src=\"https:\/\/aviator-crash.org\/wp-content\/uploads\/2024\/01\/rocket-x-1024x761.webp\" alt=\"\" class=\"wp-image-472\" srcset=\"https:\/\/aviator-crash.org\/wp-content\/uploads\/2024\/01\/rocket-x-1024x761.webp 1024w, https:\/\/aviator-crash.org\/wp-content\/uploads\/2024\/01\/rocket-x-300x223.webp 300w, https:\/\/aviator-crash.org\/wp-content\/uploads\/2024\/01\/rocket-x-768x571.webp 768w, https:\/\/aviator-crash.org\/wp-content\/uploads\/2024\/01\/rocket-x.webp 1200w\" sizes=\"(max-width: 1024px) 100vw, 1024px\" \/><meta itemprop=\"width\" content=\"1024\"><meta itemprop=\"height\" content=\"761\"><\/span><\/figure>\n<\/figure>\n\n<p>O xogo multixogador Rocket X conv\u00eddache a mergullarte nunha emocionante aventura e ga\u00f1ar cartos reais. Podes descargalo de balde en calquera dos teus dispositivos e gozar dun gran xogo tanto s\u00f3 como xunto cos teus amigos e outros xogadores. Para iso, s\u00f3 tes que ir ao portal oficial da casa de apostas Odin Vin e descargar o xogo Rocket X para Android de balde. Para comezar o xogo, s\u00f3 tes que ir \u00e1 t\u00faa conta persoal rexistr\u00e1ndose ou iniciando sesi\u00f3n. S\u00f3 levar\u00e1 uns minutos, pero podes comezar a xogar inmediatamente e gozar do proceso.    <\/p>\n\n<h2 class=\"wp-block-heading\"><strong>Beneficios de xogar a Rocket X en li\u00f1a<\/strong><\/h2>\n\n<p>Os xogos de azar son moi demandados no mundo moderno. Perm\u00edtenche pasalo moi ben e tam\u00e9n ga\u00f1ar case calquera cantidade de di\u00f1eiro sen sa\u00edr da t\u00faa casa. Pola s\u00faa banda, Rocket X \u00e9 considerado un dos m\u00e1is populares deste tipo. Este xogo ten moitas vantaxes, inclu\u00edndo as seguintes:   <\/p>\n\n<ul>\n<li>As cr\u00edticas de Rocket X son moi positivas, o que indica que esta aplicaci\u00f3n \u00e9 moi popular entre os xogadores de todo o mundo.<\/li>\n\n\n\n<li>Modo multixogador. A posibilidade de xogar en tempo real, disfrutando do proceso cos teus amigos ou outros usuarios de todo o mundo en li\u00f1a. <\/li>\n\n\n\n<li>Carreira din\u00e1mica. O xogo c\u00e9ntrase en carreiras r\u00e1pidas e din\u00e1micas cunha variedade de pistas e obst\u00e1culos. <\/li>\n\n\n\n<li>Lugares \u00fanicos. Localizaci\u00f3ns de xogos diversas e coloridas que ofrecen diferentes condici\u00f3ns para as carreiras. <\/li>\n\n\n\n<li>Trucos e melloras. A capacidade de realizar trucos e mellorar a t\u00faa m\u00e1quina voadora con varias actualizaci\u00f3ns. Todo o que tes que facer \u00e9 descargar Rocket X no teu dispositivo e rexistrarte.  <\/li>\n\n\n\n<li>Sistema de progresi\u00f3n. Un sistema de progresi\u00f3n ben pensado que desbloquea novos niveis, veh\u00edculos e outro contido a medida que avanzas no xogo. <\/li>\n\n\n\n<li>Dispo\u00f1ibilidade dunha gran cantidade de bonos. A oportunidade de recibir bonos, logros e outras recompensas por completar con \u00e9xito niveis ou completar tarefas especiais. <\/li>\n\n\n\n<li>Excelentes gr\u00e1ficos e son incrible. Gr\u00e1ficos e son de alta calidade para crear unha atmosfera visual e sonora impresionante. <\/li>\n<\/ul>\n\n<p>Numerosas vantaxes fan que este xogo sexa moi popular entre os fan\u00e1ticos das aplicaci\u00f3ns de xogos de azar. As cr\u00edticas do xogo Rocket X son na s\u00faa maior\u00eda positivas, o que confirma unha vez m\u00e1is o feito anterior. Se queres pasalo ben, esta aplicaci\u00f3n \u00e9 a mellor opci\u00f3n.  <\/p>\n\n<h2 class=\"wp-block-heading\">Como xogar a Rocket X<\/h2>\n\n<p>Outra vantaxe deste xogo \u00e9 que ten regras simples e claras que absolutamente todos poden entender rapidamente. O primeiro que tes que facer \u00e9 rexistrarte ou iniciar sesi\u00f3n na t\u00faa conta persoal. Esta opci\u00f3n \u00e9 moi c\u00f3moda, xa que todo o progreso gardarase automaticamente.  <\/p>\n\n<p>O segundo paso que debes dar \u00e9 recargar a t\u00faa conta de xogos. A continuaci\u00f3n, vai \u00e1 p\u00e1xina e inicia o simulador. O xogo comezar\u00e1 despois de facer a s\u00faa aposta. A cantidade \u00e9 individual e depende unicamente das t\u00faas preferencias e estratexia.   <\/p>\n\n<p>O sitio web oficial de Rocket X ofr\u00e9celle moitas oportunidades para xogar. Hai modos individuais e multixogador, que che permiten gozar do xogo en li\u00f1a con amigos ou outros xogadores en Internet. Todas as normas b\u00e1sicas est\u00e1n indicadas na p\u00e1xina web. Ademais, podes adestrar antes de comezar a comprender mellor a esencia do xogo e comezar a ga\u00f1ar cartos desde o principio.   <\/p>\n\n<p>Despois de facer a s\u00faa aposta, s\u00f3 tes que esperar o resultado. O proceso \u00e9 bastante emocionante, xa que os valores cambian bastante r\u00e1pido e \u00e9 case imposible prever o que ser\u00e1 ao final. <\/p>\n\n<h2 class=\"wp-block-heading\">Como ga\u00f1ar no Rocket X<\/h2>\n\n<p>Como xa quedou claro, no xogo \u00e9 sumamente importante elixir o momento adecuado para que as apostas non se esgoten e as probabilidades sexan o m\u00e1is rendibles posible. Unha <em>estratexia Rocket X<\/em> desenvolvida individualmente \u00e9 perfecta para iso. Para desenvolvelo, abonda con estudar xogos anteriores, analizar os resultados e escoller o m\u00e9todo de xogo que resulte m\u00e1is rendible.  <\/p>\n\n<p>A estratexia en Rocket X \u00e9 unha opci\u00f3n ga\u00f1a-ga\u00f1ando, xa que se basea na experiencia previa e ax\u00fadache a comprender como funciona o sistema e como obter as taxas de vitoria m\u00e1is altas como resultado. Este xogo demostra que a sorte non \u00e9 suficiente para ga\u00f1ar. Tam\u00e9n necesitar\u00e1s o sistema de c\u00e1lculo de probabilidades Rocket X.  <\/p>\n\n<h2 class=\"wp-block-heading\">Regras do xogo en Rocket X<\/h2>\n\n<p>No centro da trama hai unha persoa famosa: Elon Musk, ou m\u00e1is ben a s\u00faa copia de debuxos animados, que os usuarios controlar\u00e1n durante todo o xogo. Este xogo \u00e9 perfecto para os que aman a emoci\u00f3n e os riscos. As regras do xogo aqu\u00ed son case id\u00e9nticas \u00e1s doutras aplicaci\u00f3ns similares. Antes de comezar o xogo de choque de Rocket X, c\u00f3mpre facer as s\u00faas apostas e despois velos crecer. Podes retirar a t\u00faa aposta en calquera momento, pero \u00e9 importante ter coidado: se o fas demasiado cedo ou demasiado tarde, perder\u00e1s. \u00c9 moi importante escoller o momento axeitado.     <\/p>\n\n<p>Se pensas que o xogo \u00e9 bastante sinxelo e mon\u00f3tono, est\u00e1s equivocado. Altos riscos, apostas, dinamismo &#8211; podes atopar todo isto aqu\u00ed. Podes ler m\u00e1is sobre as regras na p\u00e1xina oficial.  <\/p>\n\n<h2 class=\"wp-block-heading\">C\u00f3digos promocionais<\/h2>\n\n<p>Os c\u00f3digos promocionais en xogos de azar poden ser proporcionados por plataformas de xogos, casinos ou desenvolvedores para atraer novos xogadores, fomentar a fidelidade ou realizar promoci\u00f3ns especiais. Se queres pasalo ben e aumentar as t\u00faas posibilidades de ga\u00f1ar no xogo de Rocket X 1win, podes aproveitar facilmente os c\u00f3digos promocionais dispo\u00f1ibles. Podes atopalos en varias fontes:  <\/p>\n\n<ul>\n<li>Portal web oficial Odin Vin.<\/li>\n\n\n\n<li>Listas de correo (por iso recom\u00e9ndase subscribirse \u00e1s listas de correo desde o sitio inmediatamente despois do rexistro).<\/li>\n\n\n\n<li>Redes sociais e foros especiais.<\/li>\n\n\n\n<li>Programas de colaboraci\u00f3n.<\/li>\n<\/ul>\n\n<p>Lembra que \u00e9 importante ter coidado e utilizar c\u00f3digos promocionais, seguindo as regras e condici\u00f3ns do xogo, para evitar malentendidos e situaci\u00f3ns desagradables.<\/p>\n\n<h2 class=\"wp-block-heading\">Recensi\u00f3ns<\/h2>\n\n<p>Tendo en conta as opini\u00f3ns dos usuarios, podemos conclu\u00edr que este xogo \u00e9 considerado un dos m\u00e1is populares deste tipo, con numerosas vantaxes e caracter\u00edsticas. Aqu\u00ed tes algunhas cr\u00edticas de 1win Rocket X: <\/p>\n","protected":false},"excerpt":{"rendered":"<p>O xogo multixogador Rocket X conv\u00eddache a mergullarte nunha emocionante aventura e ga\u00f1ar cartos reais. Podes descargalo de balde en calquera dos teus dispositivos e gozar dun gran xogo tanto s\u00f3 como xunto cos teus amigos e outros xogadores. Para iso, s\u00f3 tes que ir ao portal oficial da casa de apostas Odin Vin e [&hellip;]<\/p>\n","protected":false},"author":2,"featured_media":0,"parent":0,"menu_order":0,"comment_status":"open","ping_status":"closed","template":"","meta":{"footnotes":""},"yoast_head":"<!-- This site is optimized with the Yoast SEO plugin v21.7 - https:\/\/yoast.com\/wordpress\/plugins\/seo\/ -->\n<title>Xogo de casino Rocket X, descargar<\/title>\n<meta name=\"description\" content=\"O mellor xogo de Rocket X coa oportunidade de ga\u00f1ar cartos reais. Consulta a descrici\u00f3n, estuda as caracter\u00edsticas e caracter\u00edsticas do xogo, escolle a mellor estratexia e fai unha viaxe inesquecible. Adiante a grandes vitorias!\" \/>\n<meta name=\"robots\" content=\"index, follow, max-snippet:-1, max-image-preview:large, max-video-preview:-1\" \/>\n<link rel=\"canonical\" href=\"https:\/\/aviator-crash.org\/gl\/xoga-a-rocket-x\/\" \/>\n<meta property=\"og:locale\" content=\"gl_ES\" \/>\n<meta property=\"og:type\" content=\"article\" \/>\n<meta property=\"og:title\" content=\"Xogo de casino Rocket X, descargar\" \/>\n<meta property=\"og:description\" content=\"O mellor xogo de Rocket X coa oportunidade de ga\u00f1ar cartos reais. Consulta a descrici\u00f3n, estuda as caracter\u00edsticas e caracter\u00edsticas do xogo, escolle a mellor estratexia e fai unha viaxe inesquecible. Adiante a grandes vitorias!\" \/>\n<meta property=\"og:url\" content=\"https:\/\/aviator-crash.org\/gl\/xoga-a-rocket-x\/\" \/>\n<meta property=\"article:modified_time\" content=\"2024-02-02T21:17:22+00:00\" \/>\n<meta property=\"og:image\" content=\"https:\/\/aviator-crash.org\/wp-content\/uploads\/2024\/01\/rocket-x-1024x761.webp\" \/>\n<meta name=\"twitter:card\" content=\"summary_large_image\" \/>\n<meta name=\"twitter:label1\" content=\"Est. reading time\" \/>\n\t<meta name=\"twitter:data1\" content=\"5 minutos\" \/>\n<script type=\"application\/ld+json\" class=\"yoast-schema-graph\">{\"@context\":\"https:\/\/schema.org\",\"@graph\":[{\"@type\":\"WebPage\",\"@id\":\"https:\/\/aviator-crash.org\/gl\/xoga-a-rocket-x\/\",\"url\":\"https:\/\/aviator-crash.org\/gl\/xoga-a-rocket-x\/\",\"name\":\"Xogo de casino Rocket X, descargar\",\"isPartOf\":{\"@id\":\"https:\/\/aviator-crash.org\/gl\/#website\"},\"datePublished\":\"2023-12-27T19:40:59+00:00\",\"dateModified\":\"2024-02-02T21:17:22+00:00\",\"description\":\"O mellor xogo de Rocket X coa oportunidade de ga\u00f1ar cartos reais. Consulta a descrici\u00f3n, estuda as caracter\u00edsticas e caracter\u00edsticas do xogo, escolle a mellor estratexia e fai unha viaxe inesquecible. Adiante a grandes vitorias!\",\"breadcrumb\":{\"@id\":\"https:\/\/aviator-crash.org\/gl\/xoga-a-rocket-x\/#breadcrumb\"},\"inLanguage\":\"gl-ES\",\"potentialAction\":[{\"@type\":\"ReadAction\",\"target\":[\"https:\/\/aviator-crash.org\/gl\/xoga-a-rocket-x\/\"]}]},{\"@type\":\"BreadcrumbList\",\"@id\":\"https:\/\/aviator-crash.org\/gl\/xoga-a-rocket-x\/#breadcrumb\",\"itemListElement\":[{\"@type\":\"ListItem\",\"position\":1,\"name\":\"Home\",\"item\":\"https:\/\/aviator-crash.org\/gl\/xogo-aviator-en-lina-por-dineiro-real\/\"},{\"@type\":\"ListItem\",\"position\":2,\"name\":\"Xoga a Rocket X\"}]},{\"@type\":\"WebSite\",\"@id\":\"https:\/\/aviator-crash.org\/gl\/#website\",\"url\":\"https:\/\/aviator-crash.org\/gl\/\",\"name\":\"\",\"description\":\"\",\"potentialAction\":[{\"@type\":\"SearchAction\",\"target\":{\"@type\":\"EntryPoint\",\"urlTemplate\":\"https:\/\/aviator-crash.org\/gl\/?s={search_term_string}\"},\"query-input\":\"required name=search_term_string\"}],\"inLanguage\":\"gl-ES\"}]}<\/script>\n<!-- \/ Yoast SEO plugin. -->","yoast_head_json":{"title":"Xogo de casino Rocket X, descargar","description":"O mellor xogo de Rocket X coa oportunidade de ga\u00f1ar cartos reais. Consulta a descrici\u00f3n, estuda as caracter\u00edsticas e caracter\u00edsticas do xogo, escolle a mellor estratexia e fai unha viaxe inesquecible. Adiante a grandes vitorias!","robots":{"index":"index","follow":"follow","max-snippet":"max-snippet:-1","max-image-preview":"max-image-preview:large","max-video-preview":"max-video-preview:-1"},"canonical":"https:\/\/aviator-crash.org\/gl\/xoga-a-rocket-x\/","og_locale":"gl_ES","og_type":"article","og_title":"Xogo de casino Rocket X, descargar","og_description":"O mellor xogo de Rocket X coa oportunidade de ga\u00f1ar cartos reais. Consulta a descrici\u00f3n, estuda as caracter\u00edsticas e caracter\u00edsticas do xogo, escolle a mellor estratexia e fai unha viaxe inesquecible. Adiante a grandes vitorias!","og_url":"https:\/\/aviator-crash.org\/gl\/xoga-a-rocket-x\/","article_modified_time":"2024-02-02T21:17:22+00:00","og_image":[{"url":"https:\/\/aviator-crash.org\/wp-content\/uploads\/2024\/01\/rocket-x-1024x761.webp"}],"twitter_card":"summary_large_image","twitter_misc":{"Est. reading time":"5 minutos"},"schema":{"@context":"https:\/\/schema.org","@graph":[{"@type":"WebPage","@id":"https:\/\/aviator-crash.org\/gl\/xoga-a-rocket-x\/","url":"https:\/\/aviator-crash.org\/gl\/xoga-a-rocket-x\/","name":"Xogo de casino Rocket X, descargar","isPartOf":{"@id":"https:\/\/aviator-crash.org\/gl\/#website"},"datePublished":"2023-12-27T19:40:59+00:00","dateModified":"2024-02-02T21:17:22+00:00","description":"O mellor xogo de Rocket X coa oportunidade de ga\u00f1ar cartos reais. Consulta a descrici\u00f3n, estuda as caracter\u00edsticas e caracter\u00edsticas do xogo, escolle a mellor estratexia e fai unha viaxe inesquecible. Adiante a grandes vitorias!","breadcrumb":{"@id":"https:\/\/aviator-crash.org\/gl\/xoga-a-rocket-x\/#breadcrumb"},"inLanguage":"gl-ES","potentialAction":[{"@type":"ReadAction","target":["https:\/\/aviator-crash.org\/gl\/xoga-a-rocket-x\/"]}]},{"@type":"BreadcrumbList","@id":"https:\/\/aviator-crash.org\/gl\/xoga-a-rocket-x\/#breadcrumb","itemListElement":[{"@type":"ListItem","position":1,"name":"Home","item":"https:\/\/aviator-crash.org\/gl\/xogo-aviator-en-lina-por-dineiro-real\/"},{"@type":"ListItem","position":2,"name":"Xoga a Rocket X"}]},{"@type":"WebSite","@id":"https:\/\/aviator-crash.org\/gl\/#website","url":"https:\/\/aviator-crash.org\/gl\/","name":"","description":"","potentialAction":[{"@type":"SearchAction","target":{"@type":"EntryPoint","urlTemplate":"https:\/\/aviator-crash.org\/gl\/?s={search_term_string}"},"query-input":"required name=search_term_string"}],"inLanguage":"gl-ES"}]}},"_links":{"self":[{"href":"https:\/\/aviator-crash.org\/gl\/wp-json\/wp\/v2\/pages\/5298"}],"collection":[{"href":"https:\/\/aviator-crash.org\/gl\/wp-json\/wp\/v2\/pages"}],"about":[{"href":"https:\/\/aviator-crash.org\/gl\/wp-json\/wp\/v2\/types\/page"}],"author":[{"embeddable":true,"href":"https:\/\/aviator-crash.org\/gl\/wp-json\/wp\/v2\/users\/2"}],"replies":[{"embeddable":true,"href":"https:\/\/aviator-crash.org\/gl\/wp-json\/wp\/v2\/comments?post=5298"}],"version-history":[{"count":1,"href":"https:\/\/aviator-crash.org\/gl\/wp-json\/wp\/v2\/pages\/5298\/revisions"}],"predecessor-version":[{"id":5300,"href":"https:\/\/aviator-crash.org\/gl\/wp-json\/wp\/v2\/pages\/5298\/revisions\/5300"}],"wp:attachment":[{"href":"https:\/\/aviator-crash.org\/gl\/wp-json\/wp\/v2\/media?parent=5298"}],"curies":[{"name":"wp","href":"https:\/\/api.w.org\/{rel}","templated":true}]}}