{"id":5335,"date":"2023-12-27T19:58:01","date_gmt":"2023-12-27T19:58:01","guid":{"rendered":"https:\/\/aviator-crash.org\/xoga-a-cash-or-crash\/"},"modified":"2024-02-02T21:19:37","modified_gmt":"2024-02-02T21:19:37","slug":"xoga-a-cash-or-crash","status":"publish","type":"page","link":"https:\/\/aviator-crash.org\/gl\/xoga-a-cash-or-crash\/","title":{"rendered":"Xoga a Cash or Crash"},"content":{"rendered":"\n<figure class=\"wp-block-gallery has-nested-images columns-default is-cropped wp-block-gallery-1 is-layout-flex wp-block-gallery-is-layout-flex\">\n<figure class=\"wp-block-image size-large\"><span itemprop=\"image\" itemscope itemtype=\"https:\/\/schema.org\/ImageObject\"><img itemprop=\"url image\" loading=\"lazy\" decoding=\"async\" width=\"1024\" height=\"498\" data-id=\"466\" src=\"https:\/\/aviator-crash.org\/wp-content\/uploads\/2024\/01\/cash-or-crash-live-1200x584-1-1024x498.jpeg\" alt=\"\" class=\"wp-image-466\" srcset=\"https:\/\/aviator-crash.org\/wp-content\/uploads\/2024\/01\/cash-or-crash-live-1200x584-1-1024x498.jpeg 1024w, https:\/\/aviator-crash.org\/wp-content\/uploads\/2024\/01\/cash-or-crash-live-1200x584-1-300x146.jpeg 300w, https:\/\/aviator-crash.org\/wp-content\/uploads\/2024\/01\/cash-or-crash-live-1200x584-1-768x374.jpeg 768w, https:\/\/aviator-crash.org\/wp-content\/uploads\/2024\/01\/cash-or-crash-live-1200x584-1.jpeg 1200w\" sizes=\"(max-width: 1024px) 100vw, 1024px\" \/><meta itemprop=\"width\" content=\"1024\"><meta itemprop=\"height\" content=\"498\"><\/span><\/figure>\n<\/figure>\n\n<p>Cash or Crash \u00e9 un xogo moi demandado entre os afeccionados \u00e1s aplicaci\u00f3ns de xogos de azar, apostas e riscos elevados. Esta \u00e9 unha excelente opci\u00f3n para pasalo ben e probar sorte. Cash or Crash \u00e9 unha aplicaci\u00f3n de Android onde os xogadores poden apostar en varios eventos, cuxo resultado se determina de forma aleatoria. Para comezar a xogar, s\u00f3 tes que descargar a aplicaci\u00f3n no sitio web oficial da casa de apostas Odin Vin, rexistrarte ou iniciar sesi\u00f3n na t\u00faa conta persoal e facer a t\u00faa aposta. Absolutamente calquera pode descargar Cash or Crash de balde. Inicia o xogo e pasa un bo momento.     <\/p>\n\n<h2 class=\"wp-block-heading\">A vantaxe de xogar a Cash ou Crash en li\u00f1a<\/h2>\n\n<p>O xogo \u00e9 considerado un dos xogos m\u00e1is populares na actualidade. A raz\u00f3n principal \u00e9 que aqu\u00ed non s\u00f3 podes divertirte, sen\u00f3n tam\u00e9n ga\u00f1ar cartos reais. En xeral, as imaxes da aplicaci\u00f3n Cash or Crash son unha verdadeira delicia. Excelentes gr\u00e1ficos, interface clara, controis intuitivamente sinxelos: podes atopar todo isto aqu\u00ed.   <\/p>\n\n<p>Entre as principais vantaxes do popular xogo de azar Cash or Crash, c\u00f3mpre destacar as seguintes:<\/p>\n\n<ul>\n<li>Jogabilidade interesante. Ofrece un xogo divertido e adictivo coa posibilidade de ga\u00f1ar ou perder rapidamente. <\/li>\n\n\n\n<li>Modo multixogador. A posibilidade de xogar con amigos ou outros xogadores pode engadir un aspecto social e divertido. <\/li>\n\n\n\n<li>Gr\u00e1ficos e son. Os gr\u00e1ficos e o son de alta calidade crean a atmosfera do xogo, fac\u00e9ndoo m\u00e1is atractivo para os xogadores. <\/li>\n\n\n\n<li>Dispo\u00f1ibilidade de actualizaci\u00f3ns peri\u00f3dicas. Grazas a isto, podes gozar do teu xogo favorito cun rendemento mellorado. Os desenvolvedores tentan mellorar regularmente o xogo para cumprir coas tendencias e tendencias modernas no mundo dos xogos de azar en li\u00f1a.  <\/li>\n\n\n\n<li>A posibilidade de xogar directamente desde o teu tel\u00e9fono, sen importar onde esteas. Esta \u00e9 unha gran oportunidade para pasalo ben, gozar do xogo e ata tentar ga\u00f1ar cartos reais. <\/li>\n\n\n\n<li>Moitos modos de xogo diferentes. Unha estratexia de Cash ou Crash ben escollida aumentar\u00e1 as t\u00faas posibilidades de ga\u00f1ar en calquera dos modos. <\/li>\n<\/ul>\n\n<p>En xeral, Cash or Crash \u00e9 un excelente exemplo dunha aplicaci\u00f3n divertida na que podes ga\u00f1ar cartos reais. Podes pasar un rato xenial e tam\u00e9n xogar cos teus amigos ou outros xogadores en li\u00f1a usando o modo multixogador. <\/p>\n\n<h2 class=\"wp-block-heading\">Como xogar a Cash ou Crash<\/h2>\n\n<p>&#8220;Cash or Crash&#8221; \u00e9 un xogo de azar virtual que moitas veces ofrecen os casinos en li\u00f1a. A\u00ednda que as regras poden variar lixeiramente entre as diferentes versi\u00f3ns do xogo, o concepto b\u00e1sico adoita ser o mesmo. Aqu\u00ed tes unha gu\u00eda xeral sobre como xogar a Cash ou Crash:  <\/p>\n\n<ul>\n<li>Inscrici\u00f3n. \u00c9 posible que te\u00f1as que rexistrarte nun casino en li\u00f1a que ofreza o xogo Cash or Crash. Siga as instruci\u00f3ns para crear unha conta.  <\/li>\n\n\n\n<li>Reposici\u00f3n do saldo. Antes de comezar o xogo, debes recargar a t\u00faa conta de xogo con di\u00f1eiro real. Na maior\u00eda dos casos, isto p\u00f3dese facer usando varios m\u00e9todos de pago.  <\/li>\n\n\n\n<li>Seleccionando o importe da aposta.<\/li>\n\n\n\n<li>Comeza a rolda.<\/li>\n\n\n\n<li>A decisi\u00f3n de rematar a rolda. Durante a rolda, tes a opci\u00f3n de finalizala en calquera momento e levar o di\u00f1eiro que ga\u00f1as. Non obstante, se non completas unha rolda antes dun determinado punto, existe o risco de que se produza un accidente e perder\u00e1s a t\u00faa aposta.  <\/li>\n\n\n\n<li>Choque ou fin da rolda. Nalg\u00fan momento da rolda, prod\u00facese un &#8220;accidente&#8221;. Se completaches a rolda ata este punto, recibir\u00e1s ganancias segundo o multiplicador actual. En caso contrario, perder\u00e1s a t\u00faa aposta.   <\/li>\n<\/ul>\n\n<p>O principio do xogo \u00e9 bastante sinxelo e claro, polo que podes descubrir rapidamente o que tes que facer aqu\u00ed. Se tes alg\u00fan problema, podes consultar as instruci\u00f3ns. <\/p>\n\n<h2 class=\"wp-block-heading\">Como ga\u00f1ar en Cash ou Crash<\/h2>\n\n<p>Ga\u00f1ar en xogos de azar como m\u00e1quinas tragamonedas, p\u00f3quer, ruleta e blackjack adoita depender do azar, e a maior\u00eda dos xogos de azar bas\u00e9anse no azar. Non obstante, hai algunhas estratexias e suxesti\u00f3ns que poden axudar a xestionar o teu di\u00f1eiro e aumentar as t\u00faas posibilidades de ga\u00f1ar no popular xogo de azar Crash Cash Casino: <\/p>\n\n<ul>\n<li>Xesti\u00f3n de fondos. Determine o l\u00edmite de perdas que est\u00e1 disposto a pagar e non o exceda. Divide o teu di\u00f1eiro entre sesi\u00f3ns de xogo e aposta s\u00f3 o que podes permitirte perder.  <\/li>\n\n\n\n<li>Aprender estratexias b\u00e1sicas. Como se mencionou anteriormente, nos xogos de azar, unha estratexia debidamente seleccionada xoga un papel fundamental. Implica estudar vitorias anteriores, buscar patr\u00f3ns e identificar combinaci\u00f3ns ga\u00f1adoras clave. A estratexia de Cash ou Crash adoita ser individual, a\u00ednda que podes recibir consellos de xogadores m\u00e1is experimentados.   <\/li>\n\n\n\n<li>Aproveita os bonos. Use bonos e promoci\u00f3ns dos casinos. Non obstante, \u00e9 importante ler atentamente os termos e condici\u00f3ns asociados aos bonos.  <\/li>\n\n\n\n<li>Le atentamente as regras do xogo e le as instruci\u00f3ns.<\/li>\n<\/ul>\n\n<p>Seguindo os consellos anteriores, podes aumentar significativamente as t\u00faas posibilidades de ga\u00f1ar.<\/p>\n\n<h2 class=\"wp-block-heading\">Regras para xogar a Cash ou Crash<\/h2>\n\n<p>As regras do xogo son sinxelas e claras. Primeiro de todo, o xogador selecciona a cantidade a apostar e fai clic no bot\u00f3n de inicio da rolda. A rolda comeza cun multiplicador inicial (por exemplo, 1x). Este multiplicador comeza a aumentar co paso do tempo. Durante a rolda, o xogador ten certo tempo para decidir se completa a rolda e recoller as ganancias. Isto p\u00f3dese facer antes de que o multiplicador alcance un determinado valor que cause un fallo.     <\/p>\n\n<p>Un &#8220;crash&#8221; ocorre cando o multiplicador alcanza un determinado valor. Se o xogador completou a rolda ata este punto, recibe as ganancias. En caso contrario, perderase a aposta. Se un xogador completa unha rolda antes do choque e recibe unha vitoria, a cantidade da vitoria depende do multiplicador actual. Se o xogador non completa a rolda antes do accidente, a aposta p\u00e9rdese e non hai ningunha vitoria.    <\/p>\n\n<h2 class=\"wp-block-heading\">C\u00f3digos promocionais<\/h2>\n\n<p>Os c\u00f3digos promocionais do xogo Cash or Crash son c\u00f3digos especiais que os xogadores poden introducir para recibir varios bonos, privilexios e promoci\u00f3ns. Estes c\u00f3digos son proporcionados polo casino ou os desenvolvedores de xogos e os xogadores poden usarlos para mellorar a s\u00faa experiencia de xogo ou obter funci\u00f3ns adicionais. No caso de &#8220;Cash or Crash&#8221; os c\u00f3digos promocionais p\u00f3dense proporcionar:  <\/p>\n\n<ol>\n<li>Dep\u00f3sitos extra: fondos adicionais ao reabastecer a t\u00faa conta no xogo.<\/li>\n\n\n\n<li>Xiros gratu\u00edtos: xiros gratu\u00edtos no xogo con multiplicadores.<\/li>\n\n\n\n<li>Multiplicadores aumentados: multiplicadores de bonificaci\u00f3n durante o xogo.<\/li>\n\n\n\n<li>Eventos especiais: participaci\u00f3n en promoci\u00f3ns e torneos especiais.<\/li>\n<\/ol>\n\n<p>As estat\u00edsticas de efectivo ou accidente indican que co uso de bonos adicionais, os usuarios te\u00f1en moito m\u00e1is probabilidades de ga\u00f1ar. Para usar un c\u00f3digo promocional no xogo &#8220;Cash or Crash&#8221;, normalmente c\u00f3mpre iniciar sesi\u00f3n na s\u00faa conta de casino, ir \u00e1 secci\u00f3n &#8220;C\u00f3digos promocionais&#8221; ou &#8220;Bonificaci\u00f3ns&#8221; e introducir o c\u00f3digo axeitado. Despois diso, as bonificaci\u00f3ns previstas por esta acci\u00f3n abonaranse automaticamente na t\u00faa conta.  <\/p>\n\n<p>\u00c9 importante lembrar que os c\u00f3digos promocionais poden ter un per\u00edodo de validez limitado ou determinadas condici\u00f3ns de uso. Antes de introducir un c\u00f3digo promocional, \u00e9 importante ler atentamente os termos e condici\u00f3ns para evitar malentendidos e aproveitar ao m\u00e1ximo os bonos ofrecidos. <\/p>\n\n<h2 class=\"wp-block-heading\">Recensi\u00f3ns<\/h2>\n\n<p>Aqu\u00ed tes alg\u00fans comentarios de usuarios que experimentaron todos os beneficios deste popular xogo de azar:<\/p>\n","protected":false},"excerpt":{"rendered":"<p>Cash or Crash \u00e9 un xogo moi demandado entre os afeccionados \u00e1s aplicaci\u00f3ns de xogos de azar, apostas e riscos elevados. Esta \u00e9 unha excelente opci\u00f3n para pasalo ben e probar sorte. Cash or Crash \u00e9 unha aplicaci\u00f3n de Android onde os xogadores poden apostar en varios eventos, cuxo resultado se determina de forma aleatoria. [&hellip;]<\/p>\n","protected":false},"author":2,"featured_media":0,"parent":0,"menu_order":0,"comment_status":"open","ping_status":"closed","template":"","meta":{"footnotes":""},"yoast_head":"<!-- This site is optimized with the Yoast SEO plugin v21.7 - https:\/\/yoast.com\/wordpress\/plugins\/seo\/ -->\n<title>Xogo Cash ou Crash no casino, descargar<\/title>\n<meta name=\"description\" content=\"Revisi\u00f3n do popular xogo mundial Cash or Crash. Aprende sobre as principais caracter\u00edsticas, vantaxes, regras do xogo e segredos para ga\u00f1ar ao grande. Descarga o xogo e pasa un bo momento cos teus amigos.\" \/>\n<meta name=\"robots\" content=\"index, follow, max-snippet:-1, max-image-preview:large, max-video-preview:-1\" \/>\n<link rel=\"canonical\" href=\"https:\/\/aviator-crash.org\/gl\/xoga-a-cash-or-crash\/\" \/>\n<meta property=\"og:locale\" content=\"gl_ES\" \/>\n<meta property=\"og:type\" content=\"article\" \/>\n<meta property=\"og:title\" content=\"Xogo Cash ou Crash no casino, descargar\" \/>\n<meta property=\"og:description\" content=\"Revisi\u00f3n do popular xogo mundial Cash or Crash. Aprende sobre as principais caracter\u00edsticas, vantaxes, regras do xogo e segredos para ga\u00f1ar ao grande. Descarga o xogo e pasa un bo momento cos teus amigos.\" \/>\n<meta property=\"og:url\" content=\"https:\/\/aviator-crash.org\/gl\/xoga-a-cash-or-crash\/\" \/>\n<meta property=\"article:modified_time\" content=\"2024-02-02T21:19:37+00:00\" \/>\n<meta property=\"og:image\" content=\"https:\/\/aviator-crash.org\/wp-content\/uploads\/2024\/01\/cash-or-crash-live-1200x584-1-1024x498.jpeg\" \/>\n<meta name=\"twitter:card\" content=\"summary_large_image\" \/>\n<meta name=\"twitter:label1\" content=\"Est. reading time\" \/>\n\t<meta name=\"twitter:data1\" content=\"6 minutos\" \/>\n<script type=\"application\/ld+json\" class=\"yoast-schema-graph\">{\"@context\":\"https:\/\/schema.org\",\"@graph\":[{\"@type\":\"WebPage\",\"@id\":\"https:\/\/aviator-crash.org\/gl\/xoga-a-cash-or-crash\/\",\"url\":\"https:\/\/aviator-crash.org\/gl\/xoga-a-cash-or-crash\/\",\"name\":\"Xogo Cash ou Crash no casino, descargar\",\"isPartOf\":{\"@id\":\"https:\/\/aviator-crash.org\/gl\/#website\"},\"datePublished\":\"2023-12-27T19:58:01+00:00\",\"dateModified\":\"2024-02-02T21:19:37+00:00\",\"description\":\"Revisi\u00f3n do popular xogo mundial Cash or Crash. Aprende sobre as principais caracter\u00edsticas, vantaxes, regras do xogo e segredos para ga\u00f1ar ao grande. Descarga o xogo e pasa un bo momento cos teus amigos.\",\"breadcrumb\":{\"@id\":\"https:\/\/aviator-crash.org\/gl\/xoga-a-cash-or-crash\/#breadcrumb\"},\"inLanguage\":\"gl-ES\",\"potentialAction\":[{\"@type\":\"ReadAction\",\"target\":[\"https:\/\/aviator-crash.org\/gl\/xoga-a-cash-or-crash\/\"]}]},{\"@type\":\"BreadcrumbList\",\"@id\":\"https:\/\/aviator-crash.org\/gl\/xoga-a-cash-or-crash\/#breadcrumb\",\"itemListElement\":[{\"@type\":\"ListItem\",\"position\":1,\"name\":\"Home\",\"item\":\"https:\/\/aviator-crash.org\/gl\/xogo-aviator-en-lina-por-dineiro-real\/\"},{\"@type\":\"ListItem\",\"position\":2,\"name\":\"Xoga a Cash or Crash\"}]},{\"@type\":\"WebSite\",\"@id\":\"https:\/\/aviator-crash.org\/gl\/#website\",\"url\":\"https:\/\/aviator-crash.org\/gl\/\",\"name\":\"\",\"description\":\"\",\"potentialAction\":[{\"@type\":\"SearchAction\",\"target\":{\"@type\":\"EntryPoint\",\"urlTemplate\":\"https:\/\/aviator-crash.org\/gl\/?s={search_term_string}\"},\"query-input\":\"required name=search_term_string\"}],\"inLanguage\":\"gl-ES\"}]}<\/script>\n<!-- \/ Yoast SEO plugin. -->","yoast_head_json":{"title":"Xogo Cash ou Crash no casino, descargar","description":"Revisi\u00f3n do popular xogo mundial Cash or Crash. Aprende sobre as principais caracter\u00edsticas, vantaxes, regras do xogo e segredos para ga\u00f1ar ao grande. Descarga o xogo e pasa un bo momento cos teus amigos.","robots":{"index":"index","follow":"follow","max-snippet":"max-snippet:-1","max-image-preview":"max-image-preview:large","max-video-preview":"max-video-preview:-1"},"canonical":"https:\/\/aviator-crash.org\/gl\/xoga-a-cash-or-crash\/","og_locale":"gl_ES","og_type":"article","og_title":"Xogo Cash ou Crash no casino, descargar","og_description":"Revisi\u00f3n do popular xogo mundial Cash or Crash. Aprende sobre as principais caracter\u00edsticas, vantaxes, regras do xogo e segredos para ga\u00f1ar ao grande. Descarga o xogo e pasa un bo momento cos teus amigos.","og_url":"https:\/\/aviator-crash.org\/gl\/xoga-a-cash-or-crash\/","article_modified_time":"2024-02-02T21:19:37+00:00","og_image":[{"url":"https:\/\/aviator-crash.org\/wp-content\/uploads\/2024\/01\/cash-or-crash-live-1200x584-1-1024x498.jpeg"}],"twitter_card":"summary_large_image","twitter_misc":{"Est. reading time":"6 minutos"},"schema":{"@context":"https:\/\/schema.org","@graph":[{"@type":"WebPage","@id":"https:\/\/aviator-crash.org\/gl\/xoga-a-cash-or-crash\/","url":"https:\/\/aviator-crash.org\/gl\/xoga-a-cash-or-crash\/","name":"Xogo Cash ou Crash no casino, descargar","isPartOf":{"@id":"https:\/\/aviator-crash.org\/gl\/#website"},"datePublished":"2023-12-27T19:58:01+00:00","dateModified":"2024-02-02T21:19:37+00:00","description":"Revisi\u00f3n do popular xogo mundial Cash or Crash. Aprende sobre as principais caracter\u00edsticas, vantaxes, regras do xogo e segredos para ga\u00f1ar ao grande. Descarga o xogo e pasa un bo momento cos teus amigos.","breadcrumb":{"@id":"https:\/\/aviator-crash.org\/gl\/xoga-a-cash-or-crash\/#breadcrumb"},"inLanguage":"gl-ES","potentialAction":[{"@type":"ReadAction","target":["https:\/\/aviator-crash.org\/gl\/xoga-a-cash-or-crash\/"]}]},{"@type":"BreadcrumbList","@id":"https:\/\/aviator-crash.org\/gl\/xoga-a-cash-or-crash\/#breadcrumb","itemListElement":[{"@type":"ListItem","position":1,"name":"Home","item":"https:\/\/aviator-crash.org\/gl\/xogo-aviator-en-lina-por-dineiro-real\/"},{"@type":"ListItem","position":2,"name":"Xoga a Cash or Crash"}]},{"@type":"WebSite","@id":"https:\/\/aviator-crash.org\/gl\/#website","url":"https:\/\/aviator-crash.org\/gl\/","name":"","description":"","potentialAction":[{"@type":"SearchAction","target":{"@type":"EntryPoint","urlTemplate":"https:\/\/aviator-crash.org\/gl\/?s={search_term_string}"},"query-input":"required name=search_term_string"}],"inLanguage":"gl-ES"}]}},"_links":{"self":[{"href":"https:\/\/aviator-crash.org\/gl\/wp-json\/wp\/v2\/pages\/5335"}],"collection":[{"href":"https:\/\/aviator-crash.org\/gl\/wp-json\/wp\/v2\/pages"}],"about":[{"href":"https:\/\/aviator-crash.org\/gl\/wp-json\/wp\/v2\/types\/page"}],"author":[{"embeddable":true,"href":"https:\/\/aviator-crash.org\/gl\/wp-json\/wp\/v2\/users\/2"}],"replies":[{"embeddable":true,"href":"https:\/\/aviator-crash.org\/gl\/wp-json\/wp\/v2\/comments?post=5335"}],"version-history":[{"count":1,"href":"https:\/\/aviator-crash.org\/gl\/wp-json\/wp\/v2\/pages\/5335\/revisions"}],"predecessor-version":[{"id":5337,"href":"https:\/\/aviator-crash.org\/gl\/wp-json\/wp\/v2\/pages\/5335\/revisions\/5337"}],"wp:attachment":[{"href":"https:\/\/aviator-crash.org\/gl\/wp-json\/wp\/v2\/media?parent=5335"}],"curies":[{"name":"wp","href":"https:\/\/api.w.org\/{rel}","templated":true}]}}