{"id":5428,"date":"2023-12-27T19:26:44","date_gmt":"2023-12-27T19:26:44","guid":{"rendered":"https:\/\/aviator-crash.org\/descargar-lucky-jet-1win\/"},"modified":"2024-02-02T21:24:05","modified_gmt":"2024-02-02T21:24:05","slug":"descargar-lucky-jet-1win","status":"publish","type":"page","link":"https:\/\/aviator-crash.org\/gl\/descargar-lucky-jet-1win\/","title":{"rendered":"Descargar Lucky Jet 1win"},"content":{"rendered":"\n<figure class=\"wp-block-gallery has-nested-images columns-default is-cropped wp-block-gallery-1 is-layout-flex wp-block-gallery-is-layout-flex\">\n<figure class=\"wp-block-image size-large\"><span itemprop=\"image\" itemscope itemtype=\"https:\/\/schema.org\/ImageObject\"><img itemprop=\"url image\" loading=\"lazy\" decoding=\"async\" width=\"880\" height=\"500\" data-id=\"478\" src=\"https:\/\/aviator-crash.org\/wp-content\/uploads\/2024\/01\/lucky_jet_game-casino_yl6vvw.webp\" alt=\"\" class=\"wp-image-478\" srcset=\"https:\/\/aviator-crash.org\/wp-content\/uploads\/2024\/01\/lucky_jet_game-casino_yl6vvw.webp 880w, https:\/\/aviator-crash.org\/wp-content\/uploads\/2024\/01\/lucky_jet_game-casino_yl6vvw-300x170.webp 300w, https:\/\/aviator-crash.org\/wp-content\/uploads\/2024\/01\/lucky_jet_game-casino_yl6vvw-768x436.webp 768w\" sizes=\"(max-width: 880px) 100vw, 880px\" \/><meta itemprop=\"width\" content=\"880\"><meta itemprop=\"height\" content=\"500\"><\/span><\/figure>\n<\/figure>\n\n<p>Voos maxistrales, momentos emocionantes e espazo infinito re\u00fanense nunha emocionante aventura chamada Lucky Jet 1win. Este emocionante xogo de 1 vitoria leva aos xogadores a un mundo \u00fanico de emoci\u00f3n e aventura, onde cada manobra pode ser a clave para a vitoria. <\/p>\n\n<p>Lucky Jet 1win non \u00e9 s\u00f3 un xogo de Android, \u00e9 unha oportunidade para mergullarse no apaixonante mundo das batallas de xogos de azar, onde cada momento pode cambiar o curso dos acontecementos. Podes descargar a aplicaci\u00f3n oficial do xogo Lucky Jet no sitio web de Odin VIN. Na t\u00faa conta persoal podes recoller as t\u00faas recompensas, loitar e competir cos teus amigos. A aplicaci\u00f3n Lucky Jet 1win p\u00f3dese descargar gratuitamente.   <\/p>\n\n<h2 class=\"wp-block-heading\">A vantaxe do xogo en li\u00f1a Lucky Jet<\/h2>\n\n<p>Esta aplicaci\u00f3n \u00e9 un emocionante xogo en li\u00f1a con moitas vantaxes:<\/p>\n\n<ul>\n<li>Jogabilidade interesante. Os xogadores poden gozar dun combate espacial de alta tecnolox\u00eda mentres despegan nos seus veh\u00edculos voadores. <\/li>\n\n\n\n<li>Moitas misi\u00f3ns emocionantes.<\/li>\n\n\n\n<li>Modo multixogador. Un dos principais beneficios \u00e9 a posibilidade de xogar en li\u00f1a con outros xogadores. As cr\u00edticas de Lucky Jet 1win sobre este modo son moi positivas, xa que os xogadores poder\u00e1n loitar, competir e cooperar con amigos ou outros xogadores, o que engade un aspecto social e dinamismo \u00e1 experiencia de xogo.  <\/li>\n\n\n\n<li>Montaxe de aeronaves. Os xogadores te\u00f1en a oportunidade de personalizar e mellorar as s\u00faas m\u00e1quinas voadoras. Isto crea unha experiencia de xogo personalizada, que permite a cada xogador desenvolver o seu propio estilo e estratexia.  <\/li>\n\n\n\n<li>Dese\u00f1o visualmente atractivo. O xogo 1win Lucky Jet ten gr\u00e1ficos e dese\u00f1o impresionantes, o que fai que o mundo do xogo sexa colorido e visualmente atractivo. <\/li>\n\n\n\n<li>Actualizaci\u00f3ns peri\u00f3dicas.<\/li>\n<\/ul>\n\n<p>Con estes beneficios en mente, Lucky Jet ofrece unha experiencia de xogo envolvente que combina elementos de acci\u00f3n r\u00e1pida, interacci\u00f3n social e pensamento estrat\u00e9xico.<\/p>\n\n<h2 class=\"wp-block-heading\">Como xogar a Lucky Jet<\/h2>\n\n<p>Os xogadores comezan creando unha conta, se \u00e9 necesario, e seleccionando o seu avi\u00f3n. P\u00f3dese proporcionar formaci\u00f3n para familiarizarte cos controis e o xogo b\u00e1sico. Nun xogo con ou sen vales de aposta gratu\u00edta Lucky Jet 1win, pode haber varias misi\u00f3ns, desaf\u00edos ou obxectivos que os xogadores deben completar para progresar e ga\u00f1ar recursos.  <\/p>\n\n<p>Baixo o control dunha aeronave de alta tecnolox\u00eda, loitas contra adversarios perigosos, desenvolves as t\u00faas habilidades e recolles recompensas \u00fanicas. No cami\u00f1o cara \u00e1 vitoria, agardan por ti misi\u00f3ns intrigantes, paisaxes espaciais impresionantes e encontros imprevisibles. <\/p>\n\n<p>O combate en Lucky Jet normalmente implica usar unha variedade de manobras, armas e decisi\u00f3ns t\u00e1cticas para vencer aos teus opo\u00f1entes. Os xogadores poden enfrontarse a opo\u00f1entes do ordenador ou participar en batallas multixogador con outros xogadores. <\/p>\n\n<p>Se queres pasalo ben, deber\u00edas descargar Lucky Jet 1win no teu dispositivo. Despois diso, tes a oportunidade de gozar dunha experiencia de batalla espacial din\u00e1mica e emocionante, utilizando as t\u00faas habilidades, estratexias e habilidades para lograr a vitoria. <\/p>\n\n<h2 class=\"wp-block-heading\">Como ga\u00f1ar en Lucky Jet<\/h2>\n\n<p>Ga\u00f1ar pode depender de varios factores e \u00e9 importante desenvolver unha estratexia con Lucky Jet 1win e mellorar as t\u00faas habilidades para acadar o \u00e9xito no xogo. Aqu\u00ed tes alg\u00fans consellos que poden axudarche a ter \u00e9xito en Lucky Jet: <\/p>\n\n<ul>\n<li>Familiarizarse cos controis. Aprende a controlar unha m\u00e1quina voadora. Comprender todas as manobras e comandos dispo\u00f1ibles axudarache a controlar con eficacia na batalla.  <\/li>\n\n\n\n<li>Adestra no One Wine Lucky Jet. Isto axudarache a dominar os conceptos b\u00e1sicos do xogo e aprender a usar diferentes t\u00e1cticas. <\/li>\n\n\n\n<li>Escolle un avi\u00f3n axeitado. Alg\u00fans poden ser mellores para atacar, mentres que outros poden ser mellores para esquivar. <\/li>\n\n\n\n<li>Fai crecer o teu dispositivo. Mellora o teu avi\u00f3n usando os recursos ga\u00f1ados no xogo. Isto mellorar\u00e1 as t\u00faas posibilidades nas batallas e facelo m\u00e1is competitivo.  <\/li>\n\n\n\n<li>Desenvolve unha estratexia Lucky Jet 1Win para cada batalla.<\/li>\n<\/ul>\n\n<p>Utiliza o ambiente ao teu favor, esquiva ataques, busca debilidades dos teus opo\u00f1entes. O mellor \u00e9 dar preferencia a unha estratexia cun pequeno coeficiente para unha vitoria m\u00e1is efectiva. <\/p>\n\n<p>Ten en conta que cada xogo pode ter as s\u00faas propias din\u00e1micas \u00fanicas, as\u00ed que experimenta, adapta e goza do proceso de mellora das t\u00faas habilidades de xogo en Lucky Jet.<\/p>\n\n<h2 class=\"wp-block-heading\">Regras do xogo en Lucky Jet<\/h2>\n\n<p>Outra vantaxe deste xogo \u00e9 a sinxeleza e accesibilidade das regras. Hai varias roldas, cuxo obxectivo principal \u00e9 facer as t\u00faas apostas a tempo. Os comentarios de Lucky Jet 1win son a proba de que non todo \u00e9 tan sinxelo como parece. \u00c9 importante apostar a cantidade a tempo, se non, pode queimarse. Queres arriscar ou esperar un momento m\u00e1is oportuno? Todo depende de ti.     <\/p>\n\n<h2 class=\"wp-block-heading\">Vales<\/h2>\n\n<p>Os vales de Lucky Jet son c\u00f3digos especiais que os xogadores poden introducir no xogo para recibir alg\u00fans bonos, recursos ou outros beneficios. Podes velos no sitio web de 1Win. Aparecer\u00e1n regularmente, deleitando aos xogadores con novas oportunidades e ofertas m\u00e1is vantaxosas.  <\/p>\n\n<h2 class=\"wp-block-heading\">Recensi\u00f3ns<\/h2>\n\n<p>Aqu\u00ed tes algunhas cr\u00edticas dos usuarios:<\/p>\n\n<p><\/p>\n","protected":false},"excerpt":{"rendered":"<p>Voos maxistrales, momentos emocionantes e espazo infinito re\u00fanense nunha emocionante aventura chamada Lucky Jet 1win. Este emocionante xogo de 1 vitoria leva aos xogadores a un mundo \u00fanico de emoci\u00f3n e aventura, onde cada manobra pode ser a clave para a vitoria. Lucky Jet 1win non \u00e9 s\u00f3 un xogo de Android, \u00e9 unha oportunidade [&hellip;]<\/p>\n","protected":false},"author":2,"featured_media":0,"parent":0,"menu_order":0,"comment_status":"open","ping_status":"closed","template":"","meta":{"footnotes":""},"yoast_head":"<!-- This site is optimized with the Yoast SEO plugin v21.7 - https:\/\/yoast.com\/wordpress\/plugins\/seo\/ -->\n<title>Xogo Lucky Jet no casino 1win, descargar<\/title>\n<meta name=\"description\" content=\"Revisi\u00f3n do popular xogo Lucky Jet en todo o mundo no casino 1win, que che d\u00e1 unha oportunidade real de ga\u00f1ar bos cartos. Consulta as principais caracter\u00edsticas, vantaxes e regras do xogo. Lanza e ga\u00f1a rapidamente!\" \/>\n<meta name=\"robots\" content=\"index, follow, max-snippet:-1, max-image-preview:large, max-video-preview:-1\" \/>\n<link rel=\"canonical\" href=\"https:\/\/aviator-crash.org\/gl\/descargar-lucky-jet-1win\/\" \/>\n<meta property=\"og:locale\" content=\"gl_ES\" \/>\n<meta property=\"og:type\" content=\"article\" \/>\n<meta property=\"og:title\" content=\"Xogo Lucky Jet no casino 1win, descargar\" \/>\n<meta property=\"og:description\" content=\"Revisi\u00f3n do popular xogo Lucky Jet en todo o mundo no casino 1win, que che d\u00e1 unha oportunidade real de ga\u00f1ar bos cartos. Consulta as principais caracter\u00edsticas, vantaxes e regras do xogo. Lanza e ga\u00f1a rapidamente!\" \/>\n<meta property=\"og:url\" content=\"https:\/\/aviator-crash.org\/gl\/descargar-lucky-jet-1win\/\" \/>\n<meta property=\"article:modified_time\" content=\"2024-02-02T21:24:05+00:00\" \/>\n<meta property=\"og:image\" content=\"https:\/\/aviator-crash.org\/wp-content\/uploads\/2024\/01\/lucky_jet_game-casino_yl6vvw.webp\" \/>\n<meta name=\"twitter:card\" content=\"summary_large_image\" \/>\n<meta name=\"twitter:label1\" content=\"Est. reading time\" \/>\n\t<meta name=\"twitter:data1\" content=\"4 minutos\" \/>\n<script type=\"application\/ld+json\" class=\"yoast-schema-graph\">{\"@context\":\"https:\/\/schema.org\",\"@graph\":[{\"@type\":\"WebPage\",\"@id\":\"https:\/\/aviator-crash.org\/gl\/descargar-lucky-jet-1win\/\",\"url\":\"https:\/\/aviator-crash.org\/gl\/descargar-lucky-jet-1win\/\",\"name\":\"Xogo Lucky Jet no casino 1win, descargar\",\"isPartOf\":{\"@id\":\"https:\/\/aviator-crash.org\/gl\/#website\"},\"datePublished\":\"2023-12-27T19:26:44+00:00\",\"dateModified\":\"2024-02-02T21:24:05+00:00\",\"description\":\"Revisi\u00f3n do popular xogo Lucky Jet en todo o mundo no casino 1win, que che d\u00e1 unha oportunidade real de ga\u00f1ar bos cartos. Consulta as principais caracter\u00edsticas, vantaxes e regras do xogo. Lanza e ga\u00f1a rapidamente!\",\"breadcrumb\":{\"@id\":\"https:\/\/aviator-crash.org\/gl\/descargar-lucky-jet-1win\/#breadcrumb\"},\"inLanguage\":\"gl-ES\",\"potentialAction\":[{\"@type\":\"ReadAction\",\"target\":[\"https:\/\/aviator-crash.org\/gl\/descargar-lucky-jet-1win\/\"]}]},{\"@type\":\"BreadcrumbList\",\"@id\":\"https:\/\/aviator-crash.org\/gl\/descargar-lucky-jet-1win\/#breadcrumb\",\"itemListElement\":[{\"@type\":\"ListItem\",\"position\":1,\"name\":\"Home\",\"item\":\"https:\/\/aviator-crash.org\/gl\/xogo-aviator-en-lina-por-dineiro-real\/\"},{\"@type\":\"ListItem\",\"position\":2,\"name\":\"Descargar Lucky Jet 1win\"}]},{\"@type\":\"WebSite\",\"@id\":\"https:\/\/aviator-crash.org\/gl\/#website\",\"url\":\"https:\/\/aviator-crash.org\/gl\/\",\"name\":\"\",\"description\":\"\",\"potentialAction\":[{\"@type\":\"SearchAction\",\"target\":{\"@type\":\"EntryPoint\",\"urlTemplate\":\"https:\/\/aviator-crash.org\/gl\/?s={search_term_string}\"},\"query-input\":\"required name=search_term_string\"}],\"inLanguage\":\"gl-ES\"}]}<\/script>\n<!-- \/ Yoast SEO plugin. -->","yoast_head_json":{"title":"Xogo Lucky Jet no casino 1win, descargar","description":"Revisi\u00f3n do popular xogo Lucky Jet en todo o mundo no casino 1win, que che d\u00e1 unha oportunidade real de ga\u00f1ar bos cartos. Consulta as principais caracter\u00edsticas, vantaxes e regras do xogo. Lanza e ga\u00f1a rapidamente!","robots":{"index":"index","follow":"follow","max-snippet":"max-snippet:-1","max-image-preview":"max-image-preview:large","max-video-preview":"max-video-preview:-1"},"canonical":"https:\/\/aviator-crash.org\/gl\/descargar-lucky-jet-1win\/","og_locale":"gl_ES","og_type":"article","og_title":"Xogo Lucky Jet no casino 1win, descargar","og_description":"Revisi\u00f3n do popular xogo Lucky Jet en todo o mundo no casino 1win, que che d\u00e1 unha oportunidade real de ga\u00f1ar bos cartos. Consulta as principais caracter\u00edsticas, vantaxes e regras do xogo. Lanza e ga\u00f1a rapidamente!","og_url":"https:\/\/aviator-crash.org\/gl\/descargar-lucky-jet-1win\/","article_modified_time":"2024-02-02T21:24:05+00:00","og_image":[{"url":"https:\/\/aviator-crash.org\/wp-content\/uploads\/2024\/01\/lucky_jet_game-casino_yl6vvw.webp"}],"twitter_card":"summary_large_image","twitter_misc":{"Est. reading time":"4 minutos"},"schema":{"@context":"https:\/\/schema.org","@graph":[{"@type":"WebPage","@id":"https:\/\/aviator-crash.org\/gl\/descargar-lucky-jet-1win\/","url":"https:\/\/aviator-crash.org\/gl\/descargar-lucky-jet-1win\/","name":"Xogo Lucky Jet no casino 1win, descargar","isPartOf":{"@id":"https:\/\/aviator-crash.org\/gl\/#website"},"datePublished":"2023-12-27T19:26:44+00:00","dateModified":"2024-02-02T21:24:05+00:00","description":"Revisi\u00f3n do popular xogo Lucky Jet en todo o mundo no casino 1win, que che d\u00e1 unha oportunidade real de ga\u00f1ar bos cartos. Consulta as principais caracter\u00edsticas, vantaxes e regras do xogo. Lanza e ga\u00f1a rapidamente!","breadcrumb":{"@id":"https:\/\/aviator-crash.org\/gl\/descargar-lucky-jet-1win\/#breadcrumb"},"inLanguage":"gl-ES","potentialAction":[{"@type":"ReadAction","target":["https:\/\/aviator-crash.org\/gl\/descargar-lucky-jet-1win\/"]}]},{"@type":"BreadcrumbList","@id":"https:\/\/aviator-crash.org\/gl\/descargar-lucky-jet-1win\/#breadcrumb","itemListElement":[{"@type":"ListItem","position":1,"name":"Home","item":"https:\/\/aviator-crash.org\/gl\/xogo-aviator-en-lina-por-dineiro-real\/"},{"@type":"ListItem","position":2,"name":"Descargar Lucky Jet 1win"}]},{"@type":"WebSite","@id":"https:\/\/aviator-crash.org\/gl\/#website","url":"https:\/\/aviator-crash.org\/gl\/","name":"","description":"","potentialAction":[{"@type":"SearchAction","target":{"@type":"EntryPoint","urlTemplate":"https:\/\/aviator-crash.org\/gl\/?s={search_term_string}"},"query-input":"required name=search_term_string"}],"inLanguage":"gl-ES"}]}},"_links":{"self":[{"href":"https:\/\/aviator-crash.org\/gl\/wp-json\/wp\/v2\/pages\/5428"}],"collection":[{"href":"https:\/\/aviator-crash.org\/gl\/wp-json\/wp\/v2\/pages"}],"about":[{"href":"https:\/\/aviator-crash.org\/gl\/wp-json\/wp\/v2\/types\/page"}],"author":[{"embeddable":true,"href":"https:\/\/aviator-crash.org\/gl\/wp-json\/wp\/v2\/users\/2"}],"replies":[{"embeddable":true,"href":"https:\/\/aviator-crash.org\/gl\/wp-json\/wp\/v2\/comments?post=5428"}],"version-history":[{"count":1,"href":"https:\/\/aviator-crash.org\/gl\/wp-json\/wp\/v2\/pages\/5428\/revisions"}],"predecessor-version":[{"id":5430,"href":"https:\/\/aviator-crash.org\/gl\/wp-json\/wp\/v2\/pages\/5428\/revisions\/5430"}],"wp:attachment":[{"href":"https:\/\/aviator-crash.org\/gl\/wp-json\/wp\/v2\/media?parent=5428"}],"curies":[{"name":"wp","href":"https:\/\/api.w.org\/{rel}","templated":true}]}}