{"id":5458,"date":"2023-12-27T19:33:16","date_gmt":"2023-12-27T19:33:16","guid":{"rendered":"https:\/\/aviator-crash.org\/jet-x\/"},"modified":"2024-02-02T21:26:13","modified_gmt":"2024-02-02T21:26:13","slug":"jet-x","status":"publish","type":"page","link":"https:\/\/aviator-crash.org\/gl\/jet-x\/","title":{"rendered":"Jet X"},"content":{"rendered":"\n<figure class=\"wp-block-gallery has-nested-images columns-default is-cropped wp-block-gallery-1 is-layout-flex wp-block-gallery-is-layout-flex\">\n<figure class=\"wp-block-image size-large\"><span itemprop=\"image\" itemscope itemtype=\"https:\/\/schema.org\/ImageObject\"><img itemprop=\"url image\" loading=\"lazy\" decoding=\"async\" width=\"1024\" height=\"576\" data-id=\"475\" src=\"https:\/\/aviator-crash.org\/wp-content\/uploads\/2024\/01\/how-to-play-jet-x-game-on-my-cell-phone-1200x675-1-1024x576-1.webp\" alt=\"\" class=\"wp-image-475\" srcset=\"https:\/\/aviator-crash.org\/wp-content\/uploads\/2024\/01\/how-to-play-jet-x-game-on-my-cell-phone-1200x675-1-1024x576-1.webp 1024w, https:\/\/aviator-crash.org\/wp-content\/uploads\/2024\/01\/how-to-play-jet-x-game-on-my-cell-phone-1200x675-1-1024x576-1-300x169.webp 300w, https:\/\/aviator-crash.org\/wp-content\/uploads\/2024\/01\/how-to-play-jet-x-game-on-my-cell-phone-1200x675-1-1024x576-1-768x432.webp 768w\" sizes=\"(max-width: 1024px) 100vw, 1024px\" \/><meta itemprop=\"width\" content=\"1024\"><meta itemprop=\"height\" content=\"576\"><\/span><\/figure>\n<\/figure>\n\n<p>Benvido ao futuro das carreiras de adrenalina, o mundo de Jet X, que podes descargar de balde! Esta \u00e9 unha emocionante aventura oficial de arcade para Android, onde a velocidade, a altura e as acrobacias incribles se combinan nun s\u00f3 fluxo poderoso. Entra na cabina dun avi\u00f3n de vangarda e prep\u00e1rate para unha persecuci\u00f3n que superar\u00e1 as t\u00faas expectativas. Non te esquezas da estratexia Jet X!   <\/p>\n\n<p>Podes descargar facilmente a aplicaci\u00f3n na p\u00e1xina web de XVIN, unha casa de apostas considerada unha das m\u00e1is populares. Crea unha conta persoal, inicia o xogo e comeza a correr canto antes. <\/p>\n\n<h2 class=\"wp-block-heading\">A vantaxe do xogo en li\u00f1a Jet X<\/h2>\n\n<p>O xogo en li\u00f1a Jet X ten varias vantaxes que o fan atractivo para os fan\u00e1ticos das carreiras arcade e da adrenalina futura:<\/p>\n\n<ul>\n<li>Velocidade e dinamismo. O xogo ofrece carreiras de alta velocidade onde cada segundo conta. Grazas ao xogo din\u00e1mico e \u00e1 liberdade de movementos no espazo tridimensional, os xogadores de X Jet realmente senten a adrenalina das carreiras de alta velocidade.  <\/li>\n\n\n\n<li>M\u00e1quinas voadoras \u00fanicas. Os xogadores poden escoller entre unha variedade de veh\u00edculos voadores innovadores con caracter\u00edsticas \u00fanicas. <\/li>\n\n\n\n<li>Dispo\u00f1ibilidade do modo multiusuario. A capacidade de competir con outros xogadores en li\u00f1a engade un elemento de competencia e interacci\u00f3n social. Podes descargar Jet X e gozar do xogo cos teus amigos.  <\/li>\n\n\n\n<li>Mellora dos dispositivos. Os xogadores poden personalizar e mellorar o seu avi\u00f3n para adaptalo ao seu estilo de carreira. Isto crea unha experiencia personalizada para cada xogador e perm\u00edtelles mellorar os seus coches a medida que avanza.  <\/li>\n\n\n\n<li>Actualizaci\u00f3ns peri\u00f3dicas. Os desenvolvedores est\u00e1n a actualizar constantemente Jet X, engadindo novas pistas, dispositivos, modos e funci\u00f3ns. <\/li>\n<\/ul>\n\n<p>Estas vantaxes fan que Jet X sexa un xogo atractivo para aqueles que valoran as carreiras aceleradas, a innovaci\u00f3n no dese\u00f1o de avi\u00f3ns e o esp\u00edrito competitivo dos xogos en li\u00f1a.<\/p>\n\n<h2 class=\"wp-block-heading\">Como xogar a Jet X<\/h2>\n\n<p>O xogo Jet X ofrece unha emocionante experiencia de carreiras de alta velocidade no futuro. Aqu\u00ed tes recomendaci\u00f3ns xerais sobre como comezar a xogar a Jet X: <\/p>\n\n<ol>\n<li>En primeiro lugar, instala o xogo no teu dispositivo segundo as instruci\u00f3ns da t\u00faa plataforma (ordenador, consola, dispositivo m\u00f3bil). Inicia o xogo e agarda ata que remate o proceso de descarga. <\/li>\n\n\n\n<li>Cando inicies o xogo, pedir\u00e1selle que elixas o teu primeiro avi\u00f3n. Os diferentes dispositivos poden ter diferentes caracter\u00edsticas e habilidades, polo que podes experimentar e xogar a Jet X. <\/li>\n\n\n\n<li>Familiarizarse cos controis da s\u00faa aeronave. Normalmente, isto implica o uso de teclas, joysticks ou unha pantalla t\u00e1ctil dependendo da plataforma. <\/li>\n\n\n\n<li>Jet X ofrece varios modos de xogo, como campa\u00f1a, batallas multixogador.<\/li>\n\n\n\n<li>Selecciona unha pista e comeza a correr. Presta atenci\u00f3n \u00e1s metas e obxectivos de cada carreira, xa que poden variar segundo o modo de xogo. O programa Jet X pode variar segundo o nivel.  <\/li>\n\n\n\n<li>Usa as capacidades da t\u00faa m\u00e1quina voadora para loitar contra opo\u00f1entes e realizar acrobacias. Nalg\u00fans modos de xogo, isto pode proporcionar bonos ou aceleraci\u00f3ns adicionais. <\/li>\n\n\n\n<li>Despois de completar carreiras e batallas, ga\u00f1a recursos no xogo ou moeda para mellorar e personalizar o teu avi\u00f3n.<\/li>\n\n\n\n<li>Estade atentos \u00e1s actualizaci\u00f3ns do xogo, xa que os desenvolvedores poden engadir novas pistas, dispositivos e modos.<\/li>\n<\/ol>\n\n<p>Os termos e condici\u00f3ns espec\u00edficos poden variar dependendo da versi\u00f3n. Le as opini\u00f3ns e recomendaci\u00f3ns de Jet X, isto permitirache comprender rapidamente a esencia do xogo e comezar a xogar. <\/p>\n\n<h2 class=\"wp-block-heading\">Como ga\u00f1ar no Jet X?<\/h2>\n\n<p>Para xogar con \u00e9xito a Jet X, \u00e9 importante desenvolver habilidades e aplicar estratexias para ga\u00f1ar carreiras e batallas. Aqu\u00ed tes alg\u00fans consellos que poden axudarche a acadar o \u00e9xito no xogo. Primeiro de todo, domina o control da t\u00faa m\u00e1quina voadora. A comprensi\u00f3n de cada movemento e manobra permitirache xestionar con maior eficacia as diferentes situaci\u00f3ns. Explora as pistas e utiliza o ambiente ao teu favor.    <\/p>\n\n<p>Outro consello comprobado \u00e9 usar c\u00f3digos promocionais Jet X. Ofrecen condici\u00f3ns favorables e a oportunidade de ga\u00f1ar puntos extra. Podes atopar c\u00f3digos promocionais en sitios de xogos especializados ou nunha secci\u00f3n espec\u00edfica de XVIN. <\/p>\n\n<p>A estratexia Jet X \u00e9 outro punto importante ao que prestar atenci\u00f3n. En caso de batallas, sexa proactivo no uso de armas e equipos de protecci\u00f3n. Interactuar eficazmente cos inimigos pode aumentar moito as t\u00faas posibilidades de ga\u00f1ar.  <\/p>\n\n<p>Durante carreiras e batallas, non esquezas facer trucos. Poden traer bonos adicionais e aceleraci\u00f3ns. Non te esquezas dos bonos e das apostas ben colocadas. No sistema de c\u00e1lculo de probabilidades Jet X, podes calcular todos os riscos e facer unha aposta intelixente. Tam\u00e9n aproveita activamente as oportunidades para mellorar a t\u00faa m\u00e1quina voadora. Estude atentamente as rutas e planifique a s\u00faa ruta con antelaci\u00f3n. A selecci\u00f3n \u00f3ptima do cami\u00f1o e o control da velocidade axudarache a superar aos teus opo\u00f1entes.      <\/p>\n\n<p>Monitoriza as acci\u00f3ns dos teus opo\u00f1entes e ad\u00e1ptate \u00e1 situaci\u00f3n cambiante na pista. A flexibilidade e a adaptabilidade poden ser a clave do \u00e9xito nas carreiras de ritmo r\u00e1pido. Se o teu xogo ou demo Jet X ofrece xogo en equipo, comun\u00edcate activamente co teu equipo.  <\/p>\n\n<p>Jet X d\u00e1lle espazo para a creatividade e as decisi\u00f3ns t\u00e1cticas. Ad\u00e1ptate \u00e1s condici\u00f3ns, explora o sistema de c\u00e1lculo de probabilidades Jet X e goza de carreiras r\u00e1pidas e emocionantes no futuro. <\/p>\n\n<h2 class=\"wp-block-heading\">Regras do xogo en Jet X<\/h2>\n\n<p>O obxectivo principal depende do modo de xogo. Isto poder\u00eda ser completar un curso no menor tempo posible, ga\u00f1ar batallas contra opo\u00f1entes, realizar acrobacias ou conseguir certos resultados no modo multixogador. O xogo adoita ofrecer unha variedade de pistas e niveis, cada un presentando desaf\u00edos \u00fanicos. Podes velos todos no sitio web de Jet X. Os xogadores poden actualizar os seus avi\u00f3ns para facer fronte con m\u00e1is \u00e9xito a pistas de nivel superior.   <\/p>\n\n<p>Os xogadores controlan a aeronave mediante un teclado, un joystick, un gamepad ou unha pantalla t\u00e1ctil, dependendo da plataforma. Os controis incl\u00faen cambiar de direcci\u00f3n, axustar a velocidade e realizar trucos. Realizar trucos pode ga\u00f1ar bonos como aumentos de velocidade ou puntos extra.  <\/p>\n\n<p>Nalg\u00fans modos de xogo, os xogadores poden loitar contra oponentes usando armas nos seus dispositivos. As armas poden inclu\u00edr m\u00edsiles, l\u00e1seres e outros medios de ataque ou defensa. Antes de comezar a xogar, consulta a estratexia e as recensi\u00f3ns de Jet X.  <\/p>\n\n<h2 class=\"wp-block-heading\">C\u00f3digos promocionais<\/h2>\n\n<p>Os c\u00f3digos promocionais adoitan ser proporcionados polos desenvolvedores do xogo ou pola plataforma na que se distrib\u00fae. Ofrecen bonos especiais ou fichas para que os xogadores aumenten as s\u00faas posibilidades de ga\u00f1ar. Podes atopar c\u00f3digos promocionais en varios recursos:  <\/p>\n\n<ul>\n<li>Sitio oficial.<\/li>\n\n\n\n<li>Redes sociais.<\/li>\n\n\n\n<li>Foros e comunidades.<\/li>\n\n\n\n<li>Bolet\u00edns.<\/li>\n\n\n\n<li>Socios e patrocinadores.<\/li>\n<\/ul>\n\n<h2 class=\"wp-block-heading\">Recensi\u00f3ns<\/h2>\n\n<p>Aqu\u00ed tes algunhas opini\u00f3ns dos usuarios sobre o popular xogo:<\/p>\n","protected":false},"excerpt":{"rendered":"<p>Benvido ao futuro das carreiras de adrenalina, o mundo de Jet X, que podes descargar de balde! Esta \u00e9 unha emocionante aventura oficial de arcade para Android, onde a velocidade, a altura e as acrobacias incribles se combinan nun s\u00f3 fluxo poderoso. Entra na cabina dun avi\u00f3n de vangarda e prep\u00e1rate para unha persecuci\u00f3n que [&hellip;]<\/p>\n","protected":false},"author":2,"featured_media":0,"parent":0,"menu_order":0,"comment_status":"open","ping_status":"closed","template":"","meta":{"footnotes":""},"yoast_head":"<!-- This site is optimized with the Yoast SEO plugin v21.7 - https:\/\/yoast.com\/wordpress\/plugins\/seo\/ -->\n<title>Xogo de casino Jet X, descargar<\/title>\n<meta name=\"description\" content=\"Merg\u00fallate no emocionante mundo das carreiras de alta velocidade con Jet X: unha experiencia arcade \u00fanica e emocionante no futuro. Lea atentamente as regras e toma o lem\u00f3n rapidamente. Esp\u00e9ranvos aventuras interesantes e un bo rato.\" \/>\n<meta name=\"robots\" content=\"index, follow, max-snippet:-1, max-image-preview:large, max-video-preview:-1\" \/>\n<link rel=\"canonical\" href=\"https:\/\/aviator-crash.org\/gl\/jet-x\/\" \/>\n<meta property=\"og:locale\" content=\"gl_ES\" \/>\n<meta property=\"og:type\" content=\"article\" \/>\n<meta property=\"og:title\" content=\"Xogo de casino Jet X, descargar\" \/>\n<meta property=\"og:description\" content=\"Merg\u00fallate no emocionante mundo das carreiras de alta velocidade con Jet X: unha experiencia arcade \u00fanica e emocionante no futuro. Lea atentamente as regras e toma o lem\u00f3n rapidamente. Esp\u00e9ranvos aventuras interesantes e un bo rato.\" \/>\n<meta property=\"og:url\" content=\"https:\/\/aviator-crash.org\/gl\/jet-x\/\" \/>\n<meta property=\"article:modified_time\" content=\"2024-02-02T21:26:13+00:00\" \/>\n<meta property=\"og:image\" content=\"https:\/\/aviator-crash.org\/wp-content\/uploads\/2024\/01\/how-to-play-jet-x-game-on-my-cell-phone-1200x675-1-1024x576-1.webp\" \/>\n<meta name=\"twitter:card\" content=\"summary_large_image\" \/>\n<meta name=\"twitter:label1\" content=\"Est. reading time\" \/>\n\t<meta name=\"twitter:data1\" content=\"6 minutos\" \/>\n<script type=\"application\/ld+json\" class=\"yoast-schema-graph\">{\"@context\":\"https:\/\/schema.org\",\"@graph\":[{\"@type\":\"WebPage\",\"@id\":\"https:\/\/aviator-crash.org\/gl\/jet-x\/\",\"url\":\"https:\/\/aviator-crash.org\/gl\/jet-x\/\",\"name\":\"Xogo de casino Jet X, descargar\",\"isPartOf\":{\"@id\":\"https:\/\/aviator-crash.org\/gl\/#website\"},\"datePublished\":\"2023-12-27T19:33:16+00:00\",\"dateModified\":\"2024-02-02T21:26:13+00:00\",\"description\":\"Merg\u00fallate no emocionante mundo das carreiras de alta velocidade con Jet X: unha experiencia arcade \u00fanica e emocionante no futuro. Lea atentamente as regras e toma o lem\u00f3n rapidamente. Esp\u00e9ranvos aventuras interesantes e un bo rato.\",\"breadcrumb\":{\"@id\":\"https:\/\/aviator-crash.org\/gl\/jet-x\/#breadcrumb\"},\"inLanguage\":\"gl-ES\",\"potentialAction\":[{\"@type\":\"ReadAction\",\"target\":[\"https:\/\/aviator-crash.org\/gl\/jet-x\/\"]}]},{\"@type\":\"BreadcrumbList\",\"@id\":\"https:\/\/aviator-crash.org\/gl\/jet-x\/#breadcrumb\",\"itemListElement\":[{\"@type\":\"ListItem\",\"position\":1,\"name\":\"Home\",\"item\":\"https:\/\/aviator-crash.org\/gl\/xogo-aviator-en-lina-por-dineiro-real\/\"},{\"@type\":\"ListItem\",\"position\":2,\"name\":\"Jet X\"}]},{\"@type\":\"WebSite\",\"@id\":\"https:\/\/aviator-crash.org\/gl\/#website\",\"url\":\"https:\/\/aviator-crash.org\/gl\/\",\"name\":\"\",\"description\":\"\",\"potentialAction\":[{\"@type\":\"SearchAction\",\"target\":{\"@type\":\"EntryPoint\",\"urlTemplate\":\"https:\/\/aviator-crash.org\/gl\/?s={search_term_string}\"},\"query-input\":\"required name=search_term_string\"}],\"inLanguage\":\"gl-ES\"}]}<\/script>\n<!-- \/ Yoast SEO plugin. -->","yoast_head_json":{"title":"Xogo de casino Jet X, descargar","description":"Merg\u00fallate no emocionante mundo das carreiras de alta velocidade con Jet X: unha experiencia arcade \u00fanica e emocionante no futuro. Lea atentamente as regras e toma o lem\u00f3n rapidamente. Esp\u00e9ranvos aventuras interesantes e un bo rato.","robots":{"index":"index","follow":"follow","max-snippet":"max-snippet:-1","max-image-preview":"max-image-preview:large","max-video-preview":"max-video-preview:-1"},"canonical":"https:\/\/aviator-crash.org\/gl\/jet-x\/","og_locale":"gl_ES","og_type":"article","og_title":"Xogo de casino Jet X, descargar","og_description":"Merg\u00fallate no emocionante mundo das carreiras de alta velocidade con Jet X: unha experiencia arcade \u00fanica e emocionante no futuro. Lea atentamente as regras e toma o lem\u00f3n rapidamente. Esp\u00e9ranvos aventuras interesantes e un bo rato.","og_url":"https:\/\/aviator-crash.org\/gl\/jet-x\/","article_modified_time":"2024-02-02T21:26:13+00:00","og_image":[{"url":"https:\/\/aviator-crash.org\/wp-content\/uploads\/2024\/01\/how-to-play-jet-x-game-on-my-cell-phone-1200x675-1-1024x576-1.webp"}],"twitter_card":"summary_large_image","twitter_misc":{"Est. reading time":"6 minutos"},"schema":{"@context":"https:\/\/schema.org","@graph":[{"@type":"WebPage","@id":"https:\/\/aviator-crash.org\/gl\/jet-x\/","url":"https:\/\/aviator-crash.org\/gl\/jet-x\/","name":"Xogo de casino Jet X, descargar","isPartOf":{"@id":"https:\/\/aviator-crash.org\/gl\/#website"},"datePublished":"2023-12-27T19:33:16+00:00","dateModified":"2024-02-02T21:26:13+00:00","description":"Merg\u00fallate no emocionante mundo das carreiras de alta velocidade con Jet X: unha experiencia arcade \u00fanica e emocionante no futuro. Lea atentamente as regras e toma o lem\u00f3n rapidamente. Esp\u00e9ranvos aventuras interesantes e un bo rato.","breadcrumb":{"@id":"https:\/\/aviator-crash.org\/gl\/jet-x\/#breadcrumb"},"inLanguage":"gl-ES","potentialAction":[{"@type":"ReadAction","target":["https:\/\/aviator-crash.org\/gl\/jet-x\/"]}]},{"@type":"BreadcrumbList","@id":"https:\/\/aviator-crash.org\/gl\/jet-x\/#breadcrumb","itemListElement":[{"@type":"ListItem","position":1,"name":"Home","item":"https:\/\/aviator-crash.org\/gl\/xogo-aviator-en-lina-por-dineiro-real\/"},{"@type":"ListItem","position":2,"name":"Jet X"}]},{"@type":"WebSite","@id":"https:\/\/aviator-crash.org\/gl\/#website","url":"https:\/\/aviator-crash.org\/gl\/","name":"","description":"","potentialAction":[{"@type":"SearchAction","target":{"@type":"EntryPoint","urlTemplate":"https:\/\/aviator-crash.org\/gl\/?s={search_term_string}"},"query-input":"required name=search_term_string"}],"inLanguage":"gl-ES"}]}},"_links":{"self":[{"href":"https:\/\/aviator-crash.org\/gl\/wp-json\/wp\/v2\/pages\/5458"}],"collection":[{"href":"https:\/\/aviator-crash.org\/gl\/wp-json\/wp\/v2\/pages"}],"about":[{"href":"https:\/\/aviator-crash.org\/gl\/wp-json\/wp\/v2\/types\/page"}],"author":[{"embeddable":true,"href":"https:\/\/aviator-crash.org\/gl\/wp-json\/wp\/v2\/users\/2"}],"replies":[{"embeddable":true,"href":"https:\/\/aviator-crash.org\/gl\/wp-json\/wp\/v2\/comments?post=5458"}],"version-history":[{"count":3,"href":"https:\/\/aviator-crash.org\/gl\/wp-json\/wp\/v2\/pages\/5458\/revisions"}],"predecessor-version":[{"id":5462,"href":"https:\/\/aviator-crash.org\/gl\/wp-json\/wp\/v2\/pages\/5458\/revisions\/5462"}],"wp:attachment":[{"href":"https:\/\/aviator-crash.org\/gl\/wp-json\/wp\/v2\/media?parent=5458"}],"curies":[{"name":"wp","href":"https:\/\/api.w.org\/{rel}","templated":true}]}}