{"id":2457,"date":"2023-12-22T18:32:01","date_gmt":"2023-12-22T18:32:01","guid":{"rendered":"https:\/\/aviator-crash.org\/aviator-jatek-velemenyek\/"},"modified":"2024-02-02T17:46:56","modified_gmt":"2024-02-02T17:46:56","slug":"aviator-jatek-velemenyek","status":"publish","type":"page","link":"https:\/\/aviator-crash.org\/hu\/aviator-jatek-velemenyek\/","title":{"rendered":"Aviator j\u00e1t\u00e9k v\u00e9lem\u00e9nyek"},"content":{"rendered":"\n<p>Az Aviator messze az egyik legn\u00e9pszer\u0171bb online j\u00e1t\u00e9k.\nEz\u00e9rt egyre gyakrabban jelennek meg a keres\u0151motorban az Aviator j\u00e1t\u00e9kr\u00f3l sz\u00f3l\u00f3 v\u00e9lem\u00e9nyekre vonatkoz\u00f3 k\u00e9r\u00e9sek azokt\u00f3l, akiknek m\u00e1r siker\u00fclt kipr\u00f3b\u00e1lniuk, \u00e9s megtudni, hogy mennyire val\u00f3sak a nyer\u00e9si es\u00e9lyek. <\/p>\n\n<h2 class=\"wp-block-heading\">Gondolataink az Aviator j\u00e1t\u00e9kr\u00f3l<\/h2>\n\n<p>Aviator Crash Game k\u00e9ts\u00e9gtelen\u00fcl a legjobb fejleszt\u00e9s Spribe.\nEgyedi, \u00e9rdekes, izgalmas, k\u00e9pes kellemes \u00e9rz\u00e9sek hull\u00e1mz\u00e1s\u00e1t kiv\u00e1ltani az izgalom szerelmeseiben.\nNagy el\u0151nye a fordul\u00f3k r\u00f6vid t\u00e1v\u00fa jellege &#8211; csak n\u00e9h\u00e1ny m\u00e1sodperc fesz\u00fclts\u00e9g, \u00e9s a j\u00e1t\u00e9kos gy\u0151ztess\u00e9 v\u00e1lhat, n\u00f6velve a t\u00e9tj\u00e9t (10, 20, esetleg 50-szeres\u00e9re).\nA l\u00e9nyeg, hogy siker\u00fclj\u00f6n kivenni a p\u00e9nzt, miel\u0151tt a g\u00e9p lezuhan, de ezt maxim\u00e1lis nyerem\u00e9nyszorz\u00f3val kell megtenni.   <\/p>\n\n<p>Ez a j\u00e1t\u00e9k m\u00e9g a legelvakultabb szerencsej\u00e1t\u00e9k-rajong\u00f3knak is garant\u00e1lja az \u00e9rzelmek kit\u00f6r\u00e9s\u00e9t.\nEzt felismerve ezt a g\u00e9pet sz\u00e1mos online kaszin\u00f3 k\u00edn\u00e1lja: 1win, Pin Up, 1Xbet.\nA nyer\u0151g\u00e9p cs\u00facsmin\u0151s\u00e9g\u0171 grafik\u00e1val, tisztas\u00e1ggal, hanghat\u00e1sokkal rendelkezik.\nMi is leny\u0171g\u00f6z\u0151nek tal\u00e1ljuk ezt a j\u00e1t\u00e9kot, \u00e9s v\u00e9lem\u00e9ny\u00fcnk szerint mindenk\u00e9ppen meg\u00e9rdemli, hogy j\u00e1tsszunk vele.   <\/p>\n\n<h2 class=\"wp-block-heading\">A Aviator j\u00e1t\u00e9k felhaszn\u00e1l\u00f3i \u00e9rt\u00e9kel\u00e9sei<\/h2>\n\n<p>Az Aviator Crash Game-r\u0151l k\u00fcl\u00f6nb\u00f6z\u0151 \u00e9rt\u00e9kel\u00e9sek vannak val\u00f3di j\u00e1t\u00e9kosokt\u00f3l az interneten.\nEgyesek &#8211; csod\u00e1lj\u00e1k, m\u00e1sok &#8211; szidj\u00e1k a kisz\u00e1m\u00edthatatlans\u00e1g, a kock\u00e1zatok \u00e9s a 100%-os nyer\u0151 strat\u00e9gia k\u00e9ptelens\u00e9ge miatt.\nAzonban gyakran \u00e9ppen ebben rejlik a szerencsej\u00e1t\u00e9k sz\u00e9ps\u00e9ge.  <\/p>\n\n<p>Javasoljuk, hogy vonja le saj\u00e1t k\u00f6vetkeztet\u00e9seit.\nPr\u00f3b\u00e1lja ki ezt a j\u00e1t\u00e9kot, \u00e9s ossza meg vel\u00fcnk visszajelz\u00e9seit az al\u00e1bbi \u00e9rt\u00e9kel\u00e9sben. <\/p>\n","protected":false},"excerpt":{"rendered":"<p>Az Aviator messze az egyik legn\u00e9pszer\u0171bb online j\u00e1t\u00e9k. Ez\u00e9rt egyre gyakrabban jelennek meg a keres\u0151motorban az Aviator j\u00e1t\u00e9kr\u00f3l sz\u00f3l\u00f3 v\u00e9lem\u00e9nyekre vonatkoz\u00f3 k\u00e9r\u00e9sek azokt\u00f3l, akiknek m\u00e1r siker\u00fclt kipr\u00f3b\u00e1lniuk, \u00e9s megtudni, hogy mennyire val\u00f3sak a nyer\u00e9si es\u00e9lyek. Gondolataink az Aviator j\u00e1t\u00e9kr\u00f3l Aviator Crash Game k\u00e9ts\u00e9gtelen\u00fcl a legjobb fejleszt\u00e9s Spribe. Egyedi, \u00e9rdekes, izgalmas, k\u00e9pes kellemes \u00e9rz\u00e9sek hull\u00e1mz\u00e1s\u00e1t kiv\u00e1ltani [&hellip;]<\/p>\n","protected":false},"author":2,"featured_media":0,"parent":0,"menu_order":0,"comment_status":"closed","ping_status":"closed","template":"","meta":{"footnotes":""},"yoast_head":"<!-- This site is optimized with the Yoast SEO plugin v21.7 - https:\/\/yoast.com\/wordpress\/plugins\/seo\/ -->\n<title>Aviator j\u00e1t\u00e9k v\u00e9lem\u00e9nye a j\u00e1t\u00e9kosokt\u00f3l<\/title>\n<meta name=\"description\" content=\"V\u00e9lem\u00e9nyek a crash j\u00e1t\u00e9k Aviator val\u00f3di j\u00e1t\u00e9kosok lehet\u0151v\u00e9 teszi, hogy megtanulj\u00e1k az \u00f6sszes el\u0151nye \u00e9s h\u00e1tr\u00e1nya a k\u00e9sz\u00fcl\u00e9k. A g\u00e9p alapvet\u0151 szab\u00e1lyait \u00e9s az ir\u00e1ny\u00edt\u00e1s \u00e1rnyalatait.\" \/>\n<meta name=\"robots\" content=\"index, follow, max-snippet:-1, max-image-preview:large, max-video-preview:-1\" \/>\n<link rel=\"canonical\" href=\"https:\/\/aviator-crash.org\/hu\/aviator-jatek-velemenyek\/\" \/>\n<meta property=\"og:locale\" content=\"hu_HU\" \/>\n<meta property=\"og:type\" content=\"article\" \/>\n<meta property=\"og:title\" content=\"Aviator j\u00e1t\u00e9k v\u00e9lem\u00e9nye a j\u00e1t\u00e9kosokt\u00f3l\" \/>\n<meta property=\"og:description\" content=\"V\u00e9lem\u00e9nyek a crash j\u00e1t\u00e9k Aviator val\u00f3di j\u00e1t\u00e9kosok lehet\u0151v\u00e9 teszi, hogy megtanulj\u00e1k az \u00f6sszes el\u0151nye \u00e9s h\u00e1tr\u00e1nya a k\u00e9sz\u00fcl\u00e9k. A g\u00e9p alapvet\u0151 szab\u00e1lyait \u00e9s az ir\u00e1ny\u00edt\u00e1s \u00e1rnyalatait.\" \/>\n<meta property=\"og:url\" content=\"https:\/\/aviator-crash.org\/hu\/aviator-jatek-velemenyek\/\" \/>\n<meta property=\"article:modified_time\" content=\"2024-02-02T17:46:56+00:00\" \/>\n<meta name=\"twitter:card\" content=\"summary_large_image\" \/>\n<meta name=\"twitter:label1\" content=\"Est. reading time\" \/>\n\t<meta name=\"twitter:data1\" content=\"2 perc\" \/>\n<script type=\"application\/ld+json\" class=\"yoast-schema-graph\">{\"@context\":\"https:\/\/schema.org\",\"@graph\":[{\"@type\":\"WebPage\",\"@id\":\"https:\/\/aviator-crash.org\/hu\/aviator-jatek-velemenyek\/\",\"url\":\"https:\/\/aviator-crash.org\/hu\/aviator-jatek-velemenyek\/\",\"name\":\"Aviator j\u00e1t\u00e9k v\u00e9lem\u00e9nye a j\u00e1t\u00e9kosokt\u00f3l\",\"isPartOf\":{\"@id\":\"https:\/\/aviator-crash.org\/hu\/#website\"},\"datePublished\":\"2023-12-22T18:32:01+00:00\",\"dateModified\":\"2024-02-02T17:46:56+00:00\",\"description\":\"V\u00e9lem\u00e9nyek a crash j\u00e1t\u00e9k Aviator val\u00f3di j\u00e1t\u00e9kosok lehet\u0151v\u00e9 teszi, hogy megtanulj\u00e1k az \u00f6sszes el\u0151nye \u00e9s h\u00e1tr\u00e1nya a k\u00e9sz\u00fcl\u00e9k. A g\u00e9p alapvet\u0151 szab\u00e1lyait \u00e9s az ir\u00e1ny\u00edt\u00e1s \u00e1rnyalatait.\",\"breadcrumb\":{\"@id\":\"https:\/\/aviator-crash.org\/hu\/aviator-jatek-velemenyek\/#breadcrumb\"},\"inLanguage\":\"hu\",\"potentialAction\":[{\"@type\":\"ReadAction\",\"target\":[\"https:\/\/aviator-crash.org\/hu\/aviator-jatek-velemenyek\/\"]}]},{\"@type\":\"BreadcrumbList\",\"@id\":\"https:\/\/aviator-crash.org\/hu\/aviator-jatek-velemenyek\/#breadcrumb\",\"itemListElement\":[{\"@type\":\"ListItem\",\"position\":1,\"name\":\"Home\",\"item\":\"https:\/\/aviator-crash.org\/hu\/aviator-jatek-online-valodi-penzert\/\"},{\"@type\":\"ListItem\",\"position\":2,\"name\":\"Aviator j\u00e1t\u00e9k v\u00e9lem\u00e9nyek\"}]},{\"@type\":\"WebSite\",\"@id\":\"https:\/\/aviator-crash.org\/hu\/#website\",\"url\":\"https:\/\/aviator-crash.org\/hu\/\",\"name\":\"\",\"description\":\"\",\"potentialAction\":[{\"@type\":\"SearchAction\",\"target\":{\"@type\":\"EntryPoint\",\"urlTemplate\":\"https:\/\/aviator-crash.org\/hu\/?s={search_term_string}\"},\"query-input\":\"required name=search_term_string\"}],\"inLanguage\":\"hu\"}]}<\/script>\n<!-- \/ Yoast SEO plugin. -->","yoast_head_json":{"title":"Aviator j\u00e1t\u00e9k v\u00e9lem\u00e9nye a j\u00e1t\u00e9kosokt\u00f3l","description":"V\u00e9lem\u00e9nyek a crash j\u00e1t\u00e9k Aviator val\u00f3di j\u00e1t\u00e9kosok lehet\u0151v\u00e9 teszi, hogy megtanulj\u00e1k az \u00f6sszes el\u0151nye \u00e9s h\u00e1tr\u00e1nya a k\u00e9sz\u00fcl\u00e9k. A g\u00e9p alapvet\u0151 szab\u00e1lyait \u00e9s az ir\u00e1ny\u00edt\u00e1s \u00e1rnyalatait.","robots":{"index":"index","follow":"follow","max-snippet":"max-snippet:-1","max-image-preview":"max-image-preview:large","max-video-preview":"max-video-preview:-1"},"canonical":"https:\/\/aviator-crash.org\/hu\/aviator-jatek-velemenyek\/","og_locale":"hu_HU","og_type":"article","og_title":"Aviator j\u00e1t\u00e9k v\u00e9lem\u00e9nye a j\u00e1t\u00e9kosokt\u00f3l","og_description":"V\u00e9lem\u00e9nyek a crash j\u00e1t\u00e9k Aviator val\u00f3di j\u00e1t\u00e9kosok lehet\u0151v\u00e9 teszi, hogy megtanulj\u00e1k az \u00f6sszes el\u0151nye \u00e9s h\u00e1tr\u00e1nya a k\u00e9sz\u00fcl\u00e9k. A g\u00e9p alapvet\u0151 szab\u00e1lyait \u00e9s az ir\u00e1ny\u00edt\u00e1s \u00e1rnyalatait.","og_url":"https:\/\/aviator-crash.org\/hu\/aviator-jatek-velemenyek\/","article_modified_time":"2024-02-02T17:46:56+00:00","twitter_card":"summary_large_image","twitter_misc":{"Est. reading time":"2 perc"},"schema":{"@context":"https:\/\/schema.org","@graph":[{"@type":"WebPage","@id":"https:\/\/aviator-crash.org\/hu\/aviator-jatek-velemenyek\/","url":"https:\/\/aviator-crash.org\/hu\/aviator-jatek-velemenyek\/","name":"Aviator j\u00e1t\u00e9k v\u00e9lem\u00e9nye a j\u00e1t\u00e9kosokt\u00f3l","isPartOf":{"@id":"https:\/\/aviator-crash.org\/hu\/#website"},"datePublished":"2023-12-22T18:32:01+00:00","dateModified":"2024-02-02T17:46:56+00:00","description":"V\u00e9lem\u00e9nyek a crash j\u00e1t\u00e9k Aviator val\u00f3di j\u00e1t\u00e9kosok lehet\u0151v\u00e9 teszi, hogy megtanulj\u00e1k az \u00f6sszes el\u0151nye \u00e9s h\u00e1tr\u00e1nya a k\u00e9sz\u00fcl\u00e9k. A g\u00e9p alapvet\u0151 szab\u00e1lyait \u00e9s az ir\u00e1ny\u00edt\u00e1s \u00e1rnyalatait.","breadcrumb":{"@id":"https:\/\/aviator-crash.org\/hu\/aviator-jatek-velemenyek\/#breadcrumb"},"inLanguage":"hu","potentialAction":[{"@type":"ReadAction","target":["https:\/\/aviator-crash.org\/hu\/aviator-jatek-velemenyek\/"]}]},{"@type":"BreadcrumbList","@id":"https:\/\/aviator-crash.org\/hu\/aviator-jatek-velemenyek\/#breadcrumb","itemListElement":[{"@type":"ListItem","position":1,"name":"Home","item":"https:\/\/aviator-crash.org\/hu\/aviator-jatek-online-valodi-penzert\/"},{"@type":"ListItem","position":2,"name":"Aviator j\u00e1t\u00e9k v\u00e9lem\u00e9nyek"}]},{"@type":"WebSite","@id":"https:\/\/aviator-crash.org\/hu\/#website","url":"https:\/\/aviator-crash.org\/hu\/","name":"","description":"","potentialAction":[{"@type":"SearchAction","target":{"@type":"EntryPoint","urlTemplate":"https:\/\/aviator-crash.org\/hu\/?s={search_term_string}"},"query-input":"required name=search_term_string"}],"inLanguage":"hu"}]}},"_links":{"self":[{"href":"https:\/\/aviator-crash.org\/hu\/wp-json\/wp\/v2\/pages\/2457"}],"collection":[{"href":"https:\/\/aviator-crash.org\/hu\/wp-json\/wp\/v2\/pages"}],"about":[{"href":"https:\/\/aviator-crash.org\/hu\/wp-json\/wp\/v2\/types\/page"}],"author":[{"embeddable":true,"href":"https:\/\/aviator-crash.org\/hu\/wp-json\/wp\/v2\/users\/2"}],"replies":[{"embeddable":true,"href":"https:\/\/aviator-crash.org\/hu\/wp-json\/wp\/v2\/comments?post=2457"}],"version-history":[{"count":1,"href":"https:\/\/aviator-crash.org\/hu\/wp-json\/wp\/v2\/pages\/2457\/revisions"}],"predecessor-version":[{"id":2458,"href":"https:\/\/aviator-crash.org\/hu\/wp-json\/wp\/v2\/pages\/2457\/revisions\/2458"}],"wp:attachment":[{"href":"https:\/\/aviator-crash.org\/hu\/wp-json\/wp\/v2\/media?parent=2457"}],"curies":[{"name":"wp","href":"https:\/\/api.w.org\/{rel}","templated":true}]}}