{"id":2489,"date":"2023-12-27T19:09:40","date_gmt":"2023-12-27T19:09:40","guid":{"rendered":"https:\/\/aviator-crash.org\/olyan-jatekok-mint-a-aviator-penzert\/"},"modified":"2024-02-02T17:54:26","modified_gmt":"2024-02-02T17:54:26","slug":"olyan-jatekok-mint-a-aviator-penzert","status":"publish","type":"page","link":"https:\/\/aviator-crash.org\/hu\/olyan-jatekok-mint-a-aviator-penzert\/","title":{"rendered":"Olyan j\u00e1t\u00e9kok, mint a Aviator p\u00e9nz\u00e9rt"},"content":{"rendered":"\n<p>Az Aviator egy egyed\u00fcl\u00e1ll\u00f3 j\u00e1t\u00e9k, az egyik els\u0151 p\u00e9nz\u00e9rt j\u00e1tszott videoj\u00e1t\u00e9k a zuhan\u00e1s m\u0171faj\u00e1ban, amelynek megjelen\u00e9se szenz\u00e1ci\u00f3t okozott az online szerencsej\u00e1t\u00e9kokban.\nEz dinamikus, izgalmas, r\u00f6vid fordul\u00f3kkal, amelyek el\u00e9g er\u0151s adrenalinl\u00f6kethez \u00e9s \u00e9l\u00e9nk \u00e9rzelmekhez jutnak.\nDe egy kifinomult j\u00e1t\u00e9kost mindig leny\u0171g\u00f6z a v\u00e1ltozatoss\u00e1g, \u00edgy ma a Aviator j\u00e1t\u00e9k anal\u00f3gjai ir\u00e1nti kereslet gyorsan n\u0151tt.\nEzt meg\u00e9rtve a vezet\u0151 fejleszt\u0151k hangs\u00falyt fektettek a hasonl\u00f3 term\u00e9kek bemutat\u00e1s\u00e1ra az innovat\u00edv j\u00e1t\u00e9kmenet alkalmaz\u00e1s\u00e1val.   <\/p>\n\n<h2 class=\"wp-block-heading\">A Lucky Jet az Aviator j\u00e1t\u00e9k anal\u00f3gja.<\/h2>\n\n<p>A Lucky Jet egy gyorsan n\u00f6vekv\u0151 n\u00e9pszer\u0171s\u00e9gnek \u00f6rvend\u0151 Aviator-szer\u0171 k\u00e9szp\u00e9nzes j\u00e1t\u00e9k, amelyet az 1win online kaszin\u00f3 mutat be, \u00e9s a sz\u00ednes j\u00e1t\u00e9kok k\u00f6z\u00e9 tartozik.\nAz Aviatorhoz hasonl\u00f3 j\u00e1t\u00e9kk\u00e9nt k\u00e9sz\u00fclt, de rep\u00fcl\u0151g\u00e9p helyett Lucky Joe \u00e9s h\u00e1tizs\u00e1kja a szem\u00fcnk el\u0151tt van.\nA t\u00e9teket szint\u00e9n a k\u00f6r kezdete el\u0151tt kell elhelyezni, majd aktiv\u00e1l\u00f3dik egy szorz\u00f3, \u00e9s a nyerem\u00e9nyt be kell tudni gy\u0171jteni, miel\u0151tt Joe elrep\u00fcl.  <\/p>\n\n<p>A Lucky Jetn\u00e9l m\u00e1s az es\u00e9ly.\nA t\u00e9tet 3-mal megszorozhatja, vagy v\u00e1rhatja az 50, 100 \u00e9s ak\u00e1r 200-szoros n\u00f6vel\u00e9st is.\nAhogy a statisztik\u00e1k mutatj\u00e1k, a magas oddsok gyakoriak.\nDe csak a j\u00e1t\u00e9koson m\u00falik, hogy mennyi t\u00fcrelme van, \u00e9s hogy helyesen tudja-e megj\u00f3solni a fordul\u00f3 id\u0151tartam\u00e1t.   <\/p>\n\n<h2 class=\"wp-block-heading\">A Jet X egy m\u00e1sik Aviator-t\u00edpus\u00fa j\u00e1t\u00e9k<\/h2>\n\n<p>A k\u00f6vetkez\u0151 Aviatorhoz hasonl\u00f3 j\u00e1t\u00e9k, amely egyre n\u00e9pszer\u0171bb\u00e9 v\u00e1lik, a Smartsoft Gaming \u00e1ltal bemutatott Jet X.\nEz egy t\u00f6bbj\u00e1t\u00e9kos j\u00e1t\u00e9k, l\u00e9nyeg\u00e9ben hasonl\u00f3 az Aviatorhoz, mert.\namelyben szint\u00e9n a magass\u00e1got nyer\u0151 rep\u00fcl\u0151g\u00e9pet kell k\u00f6vetni.\nA k\u00fcl\u00f6nbs\u00e9g annyi, hogy a felsz\u00e1ll\u00e1si pontot k\u00f6vetik, ill.\nmin\u00e9l magasabban van, ann\u00e1l t\u00f6bbet nyer a j\u00e1t\u00e9kos az es\u00e9lyek n\u00f6vel\u00e9s\u00e9vel.\nHa azonban a j\u00e1t\u00e9kosnak nem siker\u00fcl kivenni a p\u00e9nzt, miel\u0151tt a g\u00e9p elrep\u00fclne, akkor vesz\u00edt, \u00e9s mindent elvesz\u00edt.     <\/p>\n\n<p>A j\u00e1t\u00e9k izgalmas, tetszik az egyens\u00faly az adrenalin \u00e9s az izgalom, valamint a k\u00fcl\u00f6nleges &#8222;zsetonok&#8221;.\nP\u00e9ld\u00e1ul: <\/p>\n\n<ul>\n<li>Van egy b\u00f3nusz funkci\u00f3, amely egy jackpot sorsol\u00e1st foglal mag\u00e1ban.<\/li>\n\n\n\n<li>A minim\u00e1lis kifizet\u00e9s 1,1-es szorz\u00f3val ker\u00fclt meghat\u00e1roz\u00e1sra.<\/li>\n\n\n\n<li>A szorz\u00f3 a plusz v\u00e9gtelenig m\u0171k\u00f6dik.<\/li>\n<\/ul>\n\n<h2 class=\"wp-block-heading\">Rocket X.<\/h2>\n\n<p>A Rocket X szint\u00e9n a Slotegrator \u00e1ltal bemutatott Aviator-szer\u0171 j\u00e1t\u00e9k egyik v\u00e1ltozata.\nGyors grafikus fel\u00fclettel, egyedi funkcionalit\u00e1ssal, a j\u00e1t\u00e9kosnak sok f\u00e9nyes \u00e9rzelmet ad\u00f3 k\u00e9pess\u00e9ggel vonzza a j\u00e1t\u00e9kosokat.\nEbben a cselekm\u00e9ny a rak\u00e9ta felsz\u00e1ll\u00e1s\u00e1ra \u00e9p\u00fcl, amely egy fiatalembert pr\u00f3b\u00e1l megtartani.\nAz egyes fordul\u00f3k sor\u00e1n m\u0171k\u00f6dik a szorz\u00f3t\u00e9tek, \u00edgy az \u00f6sszeget 100-szoros\u00e1ra \u00e9s m\u00e9g t\u00f6bbre is megszorozhatja.   <\/p>\n\n<p>Vannak be\u00e1ll\u00edt\u00e1sok ebben a j\u00e1t\u00e9kban:<\/p>\n\n<ul>\n<li>Autostraddle.<\/li>\n\n\n\n<li>V\u00e9lem\u00e9nyek.<\/li>\n<\/ul>\n\n<p>M\u00e9rs\u00e9kelt \u00e9s agressz\u00edv strat\u00e9gi\u00e1k egyar\u00e1nt alkalmazhat\u00f3k.\nUgyanakkor nincs egyetlen garant\u00e1ltan nyer\u0151 strat\u00e9gia sem, minden a v\u00e9letlenszer\u0171 rendszeren alapul, azaz.\nFortuna mindent meghat\u00e1roz.  <\/p>\n\n<h2 class=\"wp-block-heading\">Space XY.<\/h2>\n\n<p>A Space XY szint\u00e9n remek v\u00e1laszt\u00e1s azoknak, akik az Aviatorhoz hasonl\u00f3 p\u00e9nzes j\u00e1t\u00e9kra v\u00e1gynak.\nEbben a j\u00e1t\u00e9kosoknak nem rep\u00fcl\u0151g\u00e9pet, hanem rak\u00e9t\u00e1t kell ind\u00edtaniuk.\nA kezel\u0151fel\u00fclet visszafogott, lakonikus.\nA fogad\u00e1sok a k\u00f6vetkez\u0151 k\u00f6rre sz\u00f3lnak, amelyben a j\u00e1t\u00e9kosnak v\u00e9gig kell n\u00e9znie a rak\u00e9t\u00e1ja rep\u00fcl\u00e9s\u00e9t.\nAz azonban hirtelen elt\u0171nhet a radarr\u00f3l, let\u00e9rhet a p\u00e1ly\u00e1r\u00f3l \u00e9s felrobbanhat, \u00e9s ha ez megt\u00f6rt\u00e9nik &#8211; a t\u00e9tek elvesznek.\nA j\u00e1t\u00e9kos feladata, hogy id\u0151ben &#8222;leugorjon&#8221; a rak\u00e9t\u00e1r\u00f3l, ill.\nmint m\u00e1s hasonl\u00f3 j\u00e1t\u00e9kokban, elvenni a p\u00e9nzt, miel\u0151tt az felrobban.      <\/p>\n\n<h2 class=\"wp-block-heading\">Cash or Crash.<\/h2>\n\n<p>A Cash or Crash, b\u00e1r az Aviator anal\u00f3gja, abban k\u00fcl\u00f6nb\u00f6zik, hogy egy eg\u00e9sz game show, \u00e9s egy \u00e9l\u0151 j\u00e1t\u00e9k, amelyet a val\u00f3s\u00e1ggal eg\u00e9sz\u00edtenek ki.\nA cselekm\u00e9ny a virtu\u00e1lis l\u00e9ghaj\u00f3 belsej\u00e9ben bontakozik ki, ahol egy 20 l\u00e9pcs\u0151fokb\u00f3l \u00e1ll\u00f3 l\u00e9tra tal\u00e1lhat\u00f3.\nA rajta val\u00f3 mozg\u00e1s seg\u00edt a l\u00e9ghaj\u00f3 felemel\u00e9s\u00e9ben \u00e9s a F\u00f6ldt\u0151l val\u00f3 egyre t\u00e1volabb ker\u00fcl\u00e9s\u00e9ben.\nA l\u00e9tra megm\u00e1sz\u00e1sakor z\u00f6ld goly\u00f3k vil\u00e1g\u00edtanak, mindegyik a gy\u0151zelemhez vezet \u00e9s n\u00f6veli a nyerem\u00e9nyt, de amint a piros kigyullad &#8211; a j\u00e1t\u00e9kos lezuhan \u00e9s mindent elvesz\u00edt.   <\/p>\n\n<p>Jellemz\u0151k:<\/p>\n\n<ul>\n<li>A t\u00e9tek ak\u00e1r 50 000-szeres\u00e9re is n\u00f6velhet\u0151k.<\/li>\n\n\n\n<li>Van egy arany g\u00f6mb is, amely extra \u00e9letet biztos\u00edt.<\/li>\n<\/ul>\n\n<h2 class=\"wp-block-heading\">K\u00f6vetkeztet\u00e9sek levon\u00e1sa<\/h2>\n\n<p>Az Aviator \u00e9s a hasonl\u00f3 j\u00e1t\u00e9kok nagyszer\u0171 lehet\u0151s\u00e9get ny\u00fajtanak a pihen\u00e9sre, a kikapcsol\u00f3d\u00e1sra, a nap felgy\u00fclemlett negativit\u00e1s\u00e1t\u00f3l val\u00f3 megszabadul\u00e1sra.\nUgyanakkor minden j\u00e1t\u00e9kos a saj\u00e1t \u00e9rtelm\u00e9t k\u00f6veti: <\/p>\n\n<ul>\n<li>\u00c9rezd j\u00f3l magad \u00e9s el\u00e9g\u00edtsd ki az izgalmat.<\/li>\n\n\n\n<li>P\u00e9nzt keresni.<\/li>\n<\/ul>\n\n<p>Hogy melyik Aviator t\u00edpus\u00fa j\u00e1t\u00e9kot v\u00e1lasztod, \u00e9s milyen c\u00e9llal j\u00e1tszol &#8211; csak rajtad m\u00falik, a l\u00e9nyeg, hogy k\u00e9pes legy\u00e9l kontroll\u00e1lni magad, \u00e9s tartsd magad a v\u00e1lasztott strat\u00e9gi\u00e1hoz.\nA nyer\u0151g\u00e9pek nagy v\u00e1laszt\u00e9ka remek lehet\u0151s\u00e9g arra, hogy m\u00e9g a legkifinomultabb j\u00e1t\u00e9kos szabadidej\u00e9t is v\u00e1ltozatoss\u00e1 tegye. <\/p>\n","protected":false},"excerpt":{"rendered":"<p>Az Aviator egy egyed\u00fcl\u00e1ll\u00f3 j\u00e1t\u00e9k, az egyik els\u0151 p\u00e9nz\u00e9rt j\u00e1tszott videoj\u00e1t\u00e9k a zuhan\u00e1s m\u0171faj\u00e1ban, amelynek megjelen\u00e9se szenz\u00e1ci\u00f3t okozott az online szerencsej\u00e1t\u00e9kokban. Ez dinamikus, izgalmas, r\u00f6vid fordul\u00f3kkal, amelyek el\u00e9g er\u0151s adrenalinl\u00f6kethez \u00e9s \u00e9l\u00e9nk \u00e9rzelmekhez jutnak. De egy kifinomult j\u00e1t\u00e9kost mindig leny\u0171g\u00f6z a v\u00e1ltozatoss\u00e1g, \u00edgy ma a Aviator j\u00e1t\u00e9k anal\u00f3gjai ir\u00e1nti kereslet gyorsan n\u0151tt. Ezt meg\u00e9rtve a [&hellip;]<\/p>\n","protected":false},"author":2,"featured_media":0,"parent":0,"menu_order":0,"comment_status":"closed","ping_status":"closed","template":"","meta":{"footnotes":""},"yoast_head":"<!-- This site is optimized with the Yoast SEO plugin v21.7 - https:\/\/yoast.com\/wordpress\/plugins\/seo\/ -->\n<title>Hasonl\u00f3 p\u00e9nz j\u00e1t\u00e9kok Aviator (hasonl\u00f3 j\u00e1t\u00e9kok \u00e9s Aviator anal\u00f3gok)<\/title>\n<meta name=\"description\" content=\"Fel\u00fclvizsg\u00e1lata \u00f6sszeoml\u00e1s j\u00e1t\u00e9kok, mint a h\u00edres &quot;Aviator&quot; p\u00e9nz\u00e9rt. N\u00e9zze meg a legjobb v\u00e1ltozatokat, \u00e9s v\u00e1lassza ki azt, amelyik \u00faj \u00e9rzelmekkel \u00e9s izgalommal t\u00f6lti fel \u00d6nt, \u00e9s ha Fortune kedvez\u0151 lesz, akkor egy szil\u00e1rd nyerem\u00e9nyt!\" \/>\n<meta name=\"robots\" content=\"index, follow, max-snippet:-1, max-image-preview:large, max-video-preview:-1\" \/>\n<link rel=\"canonical\" href=\"https:\/\/aviator-crash.org\/hu\/olyan-jatekok-mint-a-aviator-penzert\/\" \/>\n<meta property=\"og:locale\" content=\"hu_HU\" \/>\n<meta property=\"og:type\" content=\"article\" \/>\n<meta property=\"og:title\" content=\"Hasonl\u00f3 p\u00e9nz j\u00e1t\u00e9kok Aviator (hasonl\u00f3 j\u00e1t\u00e9kok \u00e9s Aviator anal\u00f3gok)\" \/>\n<meta property=\"og:description\" content=\"Fel\u00fclvizsg\u00e1lata \u00f6sszeoml\u00e1s j\u00e1t\u00e9kok, mint a h\u00edres &quot;Aviator&quot; p\u00e9nz\u00e9rt. N\u00e9zze meg a legjobb v\u00e1ltozatokat, \u00e9s v\u00e1lassza ki azt, amelyik \u00faj \u00e9rzelmekkel \u00e9s izgalommal t\u00f6lti fel \u00d6nt, \u00e9s ha Fortune kedvez\u0151 lesz, akkor egy szil\u00e1rd nyerem\u00e9nyt!\" \/>\n<meta property=\"og:url\" content=\"https:\/\/aviator-crash.org\/hu\/olyan-jatekok-mint-a-aviator-penzert\/\" \/>\n<meta property=\"article:modified_time\" content=\"2024-02-02T17:54:26+00:00\" \/>\n<meta name=\"twitter:card\" content=\"summary_large_image\" \/>\n<meta name=\"twitter:label1\" content=\"Est. reading time\" \/>\n\t<meta name=\"twitter:data1\" content=\"5 perc\" \/>\n<script type=\"application\/ld+json\" class=\"yoast-schema-graph\">{\"@context\":\"https:\/\/schema.org\",\"@graph\":[{\"@type\":\"WebPage\",\"@id\":\"https:\/\/aviator-crash.org\/hu\/olyan-jatekok-mint-a-aviator-penzert\/\",\"url\":\"https:\/\/aviator-crash.org\/hu\/olyan-jatekok-mint-a-aviator-penzert\/\",\"name\":\"Hasonl\u00f3 p\u00e9nz j\u00e1t\u00e9kok Aviator (hasonl\u00f3 j\u00e1t\u00e9kok \u00e9s Aviator anal\u00f3gok)\",\"isPartOf\":{\"@id\":\"https:\/\/aviator-crash.org\/hu\/#website\"},\"datePublished\":\"2023-12-27T19:09:40+00:00\",\"dateModified\":\"2024-02-02T17:54:26+00:00\",\"description\":\"Fel\u00fclvizsg\u00e1lata \u00f6sszeoml\u00e1s j\u00e1t\u00e9kok, mint a h\u00edres \\\"Aviator\\\" p\u00e9nz\u00e9rt. N\u00e9zze meg a legjobb v\u00e1ltozatokat, \u00e9s v\u00e1lassza ki azt, amelyik \u00faj \u00e9rzelmekkel \u00e9s izgalommal t\u00f6lti fel \u00d6nt, \u00e9s ha Fortune kedvez\u0151 lesz, akkor egy szil\u00e1rd nyerem\u00e9nyt!\",\"breadcrumb\":{\"@id\":\"https:\/\/aviator-crash.org\/hu\/olyan-jatekok-mint-a-aviator-penzert\/#breadcrumb\"},\"inLanguage\":\"hu\",\"potentialAction\":[{\"@type\":\"ReadAction\",\"target\":[\"https:\/\/aviator-crash.org\/hu\/olyan-jatekok-mint-a-aviator-penzert\/\"]}]},{\"@type\":\"BreadcrumbList\",\"@id\":\"https:\/\/aviator-crash.org\/hu\/olyan-jatekok-mint-a-aviator-penzert\/#breadcrumb\",\"itemListElement\":[{\"@type\":\"ListItem\",\"position\":1,\"name\":\"Home\",\"item\":\"https:\/\/aviator-crash.org\/hu\/aviator-jatek-online-valodi-penzert\/\"},{\"@type\":\"ListItem\",\"position\":2,\"name\":\"Olyan j\u00e1t\u00e9kok, mint a Aviator p\u00e9nz\u00e9rt\"}]},{\"@type\":\"WebSite\",\"@id\":\"https:\/\/aviator-crash.org\/hu\/#website\",\"url\":\"https:\/\/aviator-crash.org\/hu\/\",\"name\":\"\",\"description\":\"\",\"potentialAction\":[{\"@type\":\"SearchAction\",\"target\":{\"@type\":\"EntryPoint\",\"urlTemplate\":\"https:\/\/aviator-crash.org\/hu\/?s={search_term_string}\"},\"query-input\":\"required name=search_term_string\"}],\"inLanguage\":\"hu\"}]}<\/script>\n<!-- \/ Yoast SEO plugin. -->","yoast_head_json":{"title":"Hasonl\u00f3 p\u00e9nz j\u00e1t\u00e9kok Aviator (hasonl\u00f3 j\u00e1t\u00e9kok \u00e9s Aviator anal\u00f3gok)","description":"Fel\u00fclvizsg\u00e1lata \u00f6sszeoml\u00e1s j\u00e1t\u00e9kok, mint a h\u00edres \"Aviator\" p\u00e9nz\u00e9rt. N\u00e9zze meg a legjobb v\u00e1ltozatokat, \u00e9s v\u00e1lassza ki azt, amelyik \u00faj \u00e9rzelmekkel \u00e9s izgalommal t\u00f6lti fel \u00d6nt, \u00e9s ha Fortune kedvez\u0151 lesz, akkor egy szil\u00e1rd nyerem\u00e9nyt!","robots":{"index":"index","follow":"follow","max-snippet":"max-snippet:-1","max-image-preview":"max-image-preview:large","max-video-preview":"max-video-preview:-1"},"canonical":"https:\/\/aviator-crash.org\/hu\/olyan-jatekok-mint-a-aviator-penzert\/","og_locale":"hu_HU","og_type":"article","og_title":"Hasonl\u00f3 p\u00e9nz j\u00e1t\u00e9kok Aviator (hasonl\u00f3 j\u00e1t\u00e9kok \u00e9s Aviator anal\u00f3gok)","og_description":"Fel\u00fclvizsg\u00e1lata \u00f6sszeoml\u00e1s j\u00e1t\u00e9kok, mint a h\u00edres \"Aviator\" p\u00e9nz\u00e9rt. N\u00e9zze meg a legjobb v\u00e1ltozatokat, \u00e9s v\u00e1lassza ki azt, amelyik \u00faj \u00e9rzelmekkel \u00e9s izgalommal t\u00f6lti fel \u00d6nt, \u00e9s ha Fortune kedvez\u0151 lesz, akkor egy szil\u00e1rd nyerem\u00e9nyt!","og_url":"https:\/\/aviator-crash.org\/hu\/olyan-jatekok-mint-a-aviator-penzert\/","article_modified_time":"2024-02-02T17:54:26+00:00","twitter_card":"summary_large_image","twitter_misc":{"Est. reading time":"5 perc"},"schema":{"@context":"https:\/\/schema.org","@graph":[{"@type":"WebPage","@id":"https:\/\/aviator-crash.org\/hu\/olyan-jatekok-mint-a-aviator-penzert\/","url":"https:\/\/aviator-crash.org\/hu\/olyan-jatekok-mint-a-aviator-penzert\/","name":"Hasonl\u00f3 p\u00e9nz j\u00e1t\u00e9kok Aviator (hasonl\u00f3 j\u00e1t\u00e9kok \u00e9s Aviator anal\u00f3gok)","isPartOf":{"@id":"https:\/\/aviator-crash.org\/hu\/#website"},"datePublished":"2023-12-27T19:09:40+00:00","dateModified":"2024-02-02T17:54:26+00:00","description":"Fel\u00fclvizsg\u00e1lata \u00f6sszeoml\u00e1s j\u00e1t\u00e9kok, mint a h\u00edres \"Aviator\" p\u00e9nz\u00e9rt. N\u00e9zze meg a legjobb v\u00e1ltozatokat, \u00e9s v\u00e1lassza ki azt, amelyik \u00faj \u00e9rzelmekkel \u00e9s izgalommal t\u00f6lti fel \u00d6nt, \u00e9s ha Fortune kedvez\u0151 lesz, akkor egy szil\u00e1rd nyerem\u00e9nyt!","breadcrumb":{"@id":"https:\/\/aviator-crash.org\/hu\/olyan-jatekok-mint-a-aviator-penzert\/#breadcrumb"},"inLanguage":"hu","potentialAction":[{"@type":"ReadAction","target":["https:\/\/aviator-crash.org\/hu\/olyan-jatekok-mint-a-aviator-penzert\/"]}]},{"@type":"BreadcrumbList","@id":"https:\/\/aviator-crash.org\/hu\/olyan-jatekok-mint-a-aviator-penzert\/#breadcrumb","itemListElement":[{"@type":"ListItem","position":1,"name":"Home","item":"https:\/\/aviator-crash.org\/hu\/aviator-jatek-online-valodi-penzert\/"},{"@type":"ListItem","position":2,"name":"Olyan j\u00e1t\u00e9kok, mint a Aviator p\u00e9nz\u00e9rt"}]},{"@type":"WebSite","@id":"https:\/\/aviator-crash.org\/hu\/#website","url":"https:\/\/aviator-crash.org\/hu\/","name":"","description":"","potentialAction":[{"@type":"SearchAction","target":{"@type":"EntryPoint","urlTemplate":"https:\/\/aviator-crash.org\/hu\/?s={search_term_string}"},"query-input":"required name=search_term_string"}],"inLanguage":"hu"}]}},"_links":{"self":[{"href":"https:\/\/aviator-crash.org\/hu\/wp-json\/wp\/v2\/pages\/2489"}],"collection":[{"href":"https:\/\/aviator-crash.org\/hu\/wp-json\/wp\/v2\/pages"}],"about":[{"href":"https:\/\/aviator-crash.org\/hu\/wp-json\/wp\/v2\/types\/page"}],"author":[{"embeddable":true,"href":"https:\/\/aviator-crash.org\/hu\/wp-json\/wp\/v2\/users\/2"}],"replies":[{"embeddable":true,"href":"https:\/\/aviator-crash.org\/hu\/wp-json\/wp\/v2\/comments?post=2489"}],"version-history":[{"count":1,"href":"https:\/\/aviator-crash.org\/hu\/wp-json\/wp\/v2\/pages\/2489\/revisions"}],"predecessor-version":[{"id":2490,"href":"https:\/\/aviator-crash.org\/hu\/wp-json\/wp\/v2\/pages\/2489\/revisions\/2490"}],"wp:attachment":[{"href":"https:\/\/aviator-crash.org\/hu\/wp-json\/wp\/v2\/media?parent=2489"}],"curies":[{"name":"wp","href":"https:\/\/api.w.org\/{rel}","templated":true}]}}