{"id":2526,"date":"2023-12-27T19:48:01","date_gmt":"2023-12-27T19:48:01","guid":{"rendered":"https:\/\/aviator-crash.org\/space-xy-nyerogep\/"},"modified":"2024-02-02T17:58:13","modified_gmt":"2024-02-02T17:58:13","slug":"space-xy-nyerogep","status":"publish","type":"page","link":"https:\/\/aviator-crash.org\/hu\/space-xy-nyerogep\/","title":{"rendered":"Space XY nyer\u0151g\u00e9p"},"content":{"rendered":"\n<figure class=\"wp-block-gallery has-nested-images columns-default is-cropped wp-block-gallery-1 is-layout-flex wp-block-gallery-is-layout-flex\">\n<figure class=\"wp-block-image size-large\"><span itemprop=\"image\" itemscope itemtype=\"https:\/\/schema.org\/ImageObject\"><img itemprop=\"url image\" loading=\"lazy\" decoding=\"async\" width=\"1024\" height=\"445\" data-id=\"469\" src=\"https:\/\/aviator-crash.org\/wp-content\/uploads\/2024\/01\/bgaming-game-release-1024x445.jpg\" alt=\"\" class=\"wp-image-469\" srcset=\"https:\/\/aviator-crash.org\/wp-content\/uploads\/2024\/01\/bgaming-game-release-1024x445.jpg 1024w, https:\/\/aviator-crash.org\/wp-content\/uploads\/2024\/01\/bgaming-game-release-300x131.jpg 300w, https:\/\/aviator-crash.org\/wp-content\/uploads\/2024\/01\/bgaming-game-release-768x334.jpg 768w, https:\/\/aviator-crash.org\/wp-content\/uploads\/2024\/01\/bgaming-game-release.jpg 1200w\" sizes=\"(max-width: 1024px) 100vw, 1024px\" \/><meta itemprop=\"width\" content=\"1024\"><meta itemprop=\"height\" content=\"445\"><\/span><\/figure>\n<\/figure>\n\n<p>\u00dcdv\u00f6z\u00f6lj\u00fck a Space XY vil\u00e1g\u00e1ban, ahol minden csillag egy \u00faj kaland, \u00e9s minden galaxis egy felfedez\u00e9sre v\u00e1r\u00f3 ter\u00fclet.\nEz az izgalmas \u0171rj\u00e1t\u00e9k nem csup\u00e1n lehet\u0151s\u00e9get k\u00edn\u00e1l a j\u00e1t\u00e9kosoknak, hogy felfedezz\u00e9k az univerzum hatalmas kiterjed\u00e9s\u00e9t, hanem azt is, hogy igazi \u0171rh\u00f3d\u00edt\u00f3kk\u00e1 v\u00e1ljanak. <\/p>\n\n<p>A Space XY egy olyan j\u00e1t\u00e9k, amely m\u00e1r az els\u0151 m\u00e1sodpercekt\u0151l kezdve mag\u00e1ra vonzza a figyelmet.\nAz Android alkalmaz\u00e1s let\u00f6lthet\u0151 a One Win hivatalos fogad\u00e1si oldal\u00e1r\u00f3l.\nItt a legjobb kalandok \u00e9s felejthetetlen id\u0151t\u00f6lt\u00e9s v\u00e1r r\u00e1d.\nJelentkezz be szem\u00e9lyes fi\u00f3kodba, tegy\u00e9l fogad\u00e1sokat \u00e9s nyerj a Space XY j\u00e1t\u00e9kban.   <\/p>\n\n<h2 class=\"wp-block-heading\">El\u0151nye a Space XY online j\u00e1t\u00e9k<\/h2>\n\n<p>A Space XY egy olyan j\u00e1t\u00e9k, amely izgalmas \u0171rcsat\u00e1kat k\u00edn\u00e1l, ahol kipr\u00f3b\u00e1lhatod pil\u00f3tak\u00e9pess\u00e9geidet.\nSzabd testre \u0171rhaj\u00f3dat, k\u00fczdj meg az idegen fenyeget\u00e9sekkel, \u00e9s vegy\u00e9l r\u00e9szt epikus \u0171rcsat\u00e1kban, amelyek meghat\u00e1rozz\u00e1k sorsodat ebben a hatalmas \u0171rben. <\/p>\n\n<p>A j\u00e1t\u00e9k legfontosabb el\u0151nyei k\u00f6z\u00e9 tartozik a k\u00f6vetkez\u0151:<\/p>\n\n<ul>\n<li>M\u00e9lyensz\u00e1nt\u00f3.\nA Space XY nem csak az \u0171rkalandokra korl\u00e1toz\u00f3dik.\nA gazdag cselekm\u00e9ny, a bonyolult rejtv\u00e9nyek \u00e9s a fontos d\u00f6nt\u00e9sek egyedi \u00e9lm\u00e9nyt teremtenek, amely a d\u00f6nt\u00e9seidt\u0151l f\u00fcgg.  <\/li>\n\n\n\n<li>Minden d\u00f6nt\u00e9s befoly\u00e1solja a j\u00e1t\u00e9k menet\u00e9t.\nEz\u00e9rt lesz sz\u00fcks\u00e9ged strat\u00e9gi\u00e1ra a Space XY j\u00e1t\u00e9kban, hogy gy\u0151zz \u00e9s min\u00e9l t\u00f6bb pontot szerezz. <\/li>\n\n\n\n<li>Testreszab\u00e1si lehet\u0151s\u00e9g.\nA Space XY egyik legfontosabb eleme, hogy az \u0171rhaj\u00f3dat a saj\u00e1t \u00edzl\u00e9sed szerint alak\u00edthatod.\nV\u00e1lassz egyedi m\u00f3dos\u00edt\u00e1sokat, fejleszd a technol\u00f3gi\u00e1t, \u00e9s hozz l\u00e9tre egy olyan haj\u00f3t, amely t\u00fckr\u00f6zi a st\u00edlusodat \u00e9s strat\u00e9gi\u00e1dat.  <\/li>\n\n\n\n<li>Galaktikus utaz\u00e1sok.\nA Space XY galaxisok sokas\u00e1g\u00e1t nyitja meg, amelyek mindegyike tele van csod\u00e1latos vil\u00e1gokkal, titokzatos leletekkel \u00e9s vesz\u00e9lyes kalandokkal.\nFedezz fel felt\u00e9rk\u00e9pezetlen bolyg\u00f3kat, tal\u00e1lkozz k\u00fcl\u00f6nf\u00e9le fajokkal, \u00e9s vegy\u00e9l r\u00e9szt izgalmas \u0171rbeli t\u00f6rt\u00e9netekben.\nMind\u00f6ssze arra van sz\u00fcks\u00e9ged, hogy elkezdj elmer\u00fclni a t\u00f6rt\u00e9netben, hogy kital\u00e1ld, Space XY hogyan kell telep\u00edteni a j\u00e1t\u00e9kot.   <\/li>\n\n\n\n<li>Heti esem\u00e9nyek \u00e9s k\u00fcldet\u00e9sek.\nAz online j\u00e1t\u00e9k folyamatosan friss\u00fcl \u00faj esem\u00e9nyekkel, k\u00fcldet\u00e9sekkel \u00e9s kih\u00edv\u00e1sokkal, \u00edgy mindig tal\u00e1lsz \u00faj el\u00e9rend\u0151 c\u00e9lokat.\nVegy\u00e9l r\u00e9szt a heti esem\u00e9nyeken, k\u00fczdj a nyerem\u00e9nyek\u00e9rt, \u00e9s csod\u00e1lkozz r\u00e1 a minden h\u00e9ten el\u00e9d t\u00e1rul\u00f3 egyed\u00fcl\u00e1ll\u00f3 lehet\u0151s\u00e9gekre.  <\/li>\n<\/ul>\n\n<h2 class=\"wp-block-heading\">Hogyan kell j\u00e1tszani a Space XY<\/h2>\n\n<p>Ahhoz, hogy csatlakozhass a Space XY \u0171rkalandhoz, az els\u0151 l\u00e9p\u00e9s a j\u00e1t\u00e9k telep\u00edt\u00e9se.\nEzut\u00e1n l\u00e9tre kell hoznod a fi\u00f3kodat, ami biztos\u00edtja, hogy a fejl\u0151d\u00e9sed \u00e9s az online k\u00e9pess\u00e9geid megmaradjanak.\nMiut\u00e1n regisztr\u00e1lt\u00e1l, szem\u00e9lyre szabhatod \u0171rhaj\u00f3dat egyedi diz\u00e1jn \u00e9s fejleszt\u00e9sek felszed\u00e9s\u00e9vel.\nMer\u00fclj el a Space XY vil\u00e1g\u00e1ban a galaxisok felfedez\u00e9s\u00e9vel, a k\u00fcl\u00f6nb\u00f6z\u0151 vil\u00e1gokkal val\u00f3 interakci\u00f3val \u00e9s a k\u00fcldet\u00e9sek teljes\u00edt\u00e9s\u00e9vel a Space XY let\u00f6lt\u00e9s\u00e9vel.   <\/p>\n\n<p>Az \u0171rcsat\u00e1k a j\u00e1t\u00e9k egyik legfontosabb eleme.\nSz\u00e1llj szembe az idegen fenyeget\u00e9sekkel \u00e9s a t\u00f6bbi j\u00e1t\u00e9kossal val\u00f3s id\u0151ben, strat\u00e9giai k\u00e9pess\u00e9geid felhaszn\u00e1l\u00e1s\u00e1val.\nVegy\u00e9l r\u00e9szt esem\u00e9nyeken \u00e9s k\u00fcldet\u00e9seken, hogy jutalmakat \u00e9s fejleszt\u00e9seket szerezz.\nA t\u00f6bbi j\u00e1t\u00e9kossal val\u00f3 kapcsolatteremt\u00e9s is fontos &#8211; k\u00f6ss sz\u00f6vets\u00e9geket, ossz\u00e1tok meg tapasztalataitokat \u00e9s strat\u00e9gi\u00e1itokat.   <\/p>\n\n<p>\u00d6sszess\u00e9g\u00e9ben a Space XY-ban val\u00f3 elmer\u00fcl\u00e9shez felfedez\u00e9sre v\u00e1r\u00f3 kozmikus vil\u00e1g felfedez\u00e9s\u00e9re, harcra \u00e9s interakci\u00f3ra van sz\u00fcks\u00e9g.<\/p>\n\n<h2 class=\"wp-block-heading\">Hogyan nyerhetsz a Space XY-on<\/h2>\n\n<p>A Space XY vil\u00e1g\u00e1ban a sikeres j\u00e1t\u00e9k kulcsa az univerzum m\u00e9lyrehat\u00f3 felfedez\u00e9s\u00e9ben \u00e9s a k\u00fcl\u00f6nb\u00f6z\u0151 kih\u00edv\u00e1sokhoz val\u00f3 rugalmas alkalmazkod\u00e1sban rejlik.\nFejleszd az \u0171rhaj\u00f3dat, szabd az egyedi ig\u00e9nyeidhez \u00e9s az aktu\u00e1lis helyzet k\u00f6vetelm\u00e9nyeihez.\nA Space XY b\u00f3nuszokkal pedig n\u00f6velheted a gy\u0151zelmi es\u00e9lyeidet.  <\/p>\n\n<p>Strat\u00e9giai megk\u00f6zel\u00edt\u00e9sben vegy\u00e9l r\u00e9szt az \u0171rcsat\u00e1kban, figyelve a csata dinamik\u00e1j\u00e1ra \u00e9s a k\u00fcls\u0151 t\u00e9nyez\u0151kre.\nFigyeld meg a t\u00f6bbi j\u00e1t\u00e9kos viselked\u00e9s\u00e9t, \u00e9s taktik\u00e1dat az \u0151 tetteikhez igaz\u00edtsd.\nA Space XY strat\u00e9gia kulcsfontoss\u00e1g\u00fa szempont, amelyre sz\u00fcks\u00e9ged van a sikeres j\u00e1t\u00e9khoz.  <\/p>\n\n<p>Vegy\u00e9l r\u00e9szt akt\u00edvan az esem\u00e9nyekben \u00e9s k\u00fcldet\u00e9sekben, amelyek lehet\u0151s\u00e9get biztos\u00edtanak arra, hogy \u00e9rt\u00e9kes nyersanyagokat \u00e9s fejleszt\u00e9seket szerezz a haj\u00f3d sz\u00e1m\u00e1ra.\nNe feledd azonban, hogy tetteid \u00e9s d\u00f6nt\u00e9seid hat\u00e1ssal lehetnek a j\u00e1t\u00e9kra \u00e9s a t\u00f6bbi j\u00e1t\u00e9kossal val\u00f3 interakci\u00f3idra. <\/p>\n\n<h2 class=\"wp-block-heading\">Space XY j\u00e1t\u00e9kszab\u00e1lyok<\/h2>\n\n<p>A Space XY vil\u00e1g\u00e1ban van n\u00e9h\u00e1ny alapvet\u0151 szab\u00e1ly, amely seg\u00edt a sikeres navig\u00e1l\u00e1sban \u00e9s a sikeres \u0171rkalandokban.\nEzeket meg kell tanulnod, miel\u0151tt elkezdesz j\u00e1tszani a Space XY-val: <\/p>\n\n<ol>\n<li>Fedezd fel a k\u00fcl\u00f6nb\u00f6z\u0151 galaxisokat, bolyg\u00f3kat \u00e9s aszteroid\u00e1kat.<\/li>\n\n\n\n<li>Fejleszd a haj\u00f3dat, dolgozz ki taktik\u00e1kat, \u00e9s vegy\u00e9l r\u00e9szt \u0171rp\u00e1rbajokban, hogy megv\u00e9dd \u00e9rdekeidet.<\/li>\n\n\n\n<li>B\u00e1ny\u00e1ssz nyersanyagokat, dolgozd fel \u0151ket, \u00e9s haszn\u00e1ld fel a haj\u00f3d fejleszt\u00e9s\u00e9re, b\u00e1zisok \u00e9p\u00edt\u00e9s\u00e9re, kutat\u00e1sra \u00e9s kereskedelemre.<\/li>\n\n\n\n<li>Vegy\u00e9l r\u00e9szt akt\u00edvan esem\u00e9nyeken \u00e9s k\u00fcldet\u00e9seken, hogy egyedi jutalmakat szerezz \u00e9s b\u0151v\u00edtsd k\u00e9pess\u00e9geidet a j\u00e1t\u00e9kban.<\/li>\n\n\n\n<li>Fedezz fel \u00faj technol\u00f3gi\u00e1kat, hogy jav\u00edtsd a haj\u00f3d \u00e9s a b\u00e1zisod v\u00e9delm\u00e9t.<\/li>\n\n\n\n<li>Alak\u00edts sz\u00f6vets\u00e9geket m\u00e1s j\u00e1t\u00e9kosokkal, hogy egyes\u00edts\u00e9k er\u0151iket, hogy harcoljanak a k\u00f6z\u00f6s c\u00e9lok\u00e9rt, \u00e9s dolgozzon ki strat\u00e9gi\u00e1kat a j\u00e1t\u00e9kban Space XY hogyan lehet nyerni.<\/li>\n\n\n\n<li>Vegy\u00e9l r\u00e9szt versenyeken \u00e9s k\u00f6vess ranglist\u00e1kat, hogy m\u00e9rd a fejl\u0151d\u00e9sedet \u00e9s \u00f6sszehasonl\u00edtsd az eredm\u00e9nyeidet m\u00e1s j\u00e1t\u00e9kosokkal.<\/li>\n<\/ol>\n\n<p>Ha betartod ezeket a szab\u00e1lyokat, akkor a Space XY-ban teljes m\u00e9rt\u00e9kben \u00e9lvezheted az \u0171r\u00e9lm\u00e9nyt, \u00e9s sikerrel j\u00e1rhatsz a vil\u00e1g\u0171rben.<\/p>\n\n<h2 class=\"wp-block-heading\">Promo k\u00f3dok<\/h2>\n\n<p>A legjobb m\u00f3dja a naprak\u00e9sz k\u00f3dok megszerz\u00e9s\u00e9nek, ha k\u00f6veted a j\u00e1t\u00e9k hivatalos kommunik\u00e1ci\u00f3s csatorn\u00e1it.\nEz lehet a hivatalos weboldal, a k\u00f6z\u00f6ss\u00e9gi m\u00e9dia, a f\u00f3rumok vagy az e-mail h\u00edrlevelek.\nA prom\u00f3ci\u00f3s k\u00f3dok egy olyan j\u00e1t\u00e9kban, mint a Space XY, arra szolg\u00e1lnak, hogy a j\u00e1t\u00e9kosok k\u00fcl\u00f6nb\u00f6z\u0151 b\u00f3nuszokat \u00e9s el\u0151ny\u00f6ket kapjanak.  <\/p>\n\n<p>A prom\u00f3ci\u00f3s k\u00f3dok ingyenes er\u0151forr\u00e1sokat, p\u00e9ld\u00e1ul krediteket, energi\u00e1t vagy m\u00e1s j\u00e1t\u00e9kbeli valut\u00e1kat biztos\u00edthatnak.\nEgyes lehet\u0151s\u00e9gek hozz\u00e1f\u00e9r\u00e9st biztos\u00edtanak az \u0171rhaj\u00f3k, b\u00e1zisok \u00e9s egy\u00e9b j\u00e1t\u00e9kelemek egyedi fejleszt\u00e9seihez vagy friss\u00edt\u00e9seihez.\nA Space XY-\u00e9rt\u00e9kel\u00e9sek rengeteg tippet adnak az ilyen b\u00f3nuszok megfelel\u0151 felhaszn\u00e1l\u00e1s\u00e1hoz.  <\/p>\n\n<p>A prom\u00f3ci\u00f3s k\u00f3dokat k\u00fcl\u00f6nleges esem\u00e9nyek, versenyek vagy prom\u00f3ci\u00f3k r\u00e9szek\u00e9nt lehet kiosztani, \u00f6szt\u00f6n\u00f6zve a j\u00e1t\u00e9kosokat a k\u00fcl\u00f6nb\u00f6z\u0151 tev\u00e9kenys\u00e9gekben val\u00f3 r\u00e9szv\u00e9telre.<\/p>\n\n<h2 class=\"wp-block-heading\">Aj\u00e1nl\u00e1sok<\/h2>\n\n<p>\u00cdme n\u00e9h\u00e1ny felhaszn\u00e1l\u00f3i v\u00e9lem\u00e9ny, amely meger\u0151s\u00edti az alkalmaz\u00e1s sz\u00e9les k\u00f6r\u0171 n\u00e9pszer\u0171s\u00e9g\u00e9t:<\/p>\n","protected":false},"excerpt":{"rendered":"<p>\u00dcdv\u00f6z\u00f6lj\u00fck a Space XY vil\u00e1g\u00e1ban, ahol minden csillag egy \u00faj kaland, \u00e9s minden galaxis egy felfedez\u00e9sre v\u00e1r\u00f3 ter\u00fclet. Ez az izgalmas \u0171rj\u00e1t\u00e9k nem csup\u00e1n lehet\u0151s\u00e9get k\u00edn\u00e1l a j\u00e1t\u00e9kosoknak, hogy felfedezz\u00e9k az univerzum hatalmas kiterjed\u00e9s\u00e9t, hanem azt is, hogy igazi \u0171rh\u00f3d\u00edt\u00f3kk\u00e1 v\u00e1ljanak. A Space XY egy olyan j\u00e1t\u00e9k, amely m\u00e1r az els\u0151 m\u00e1sodpercekt\u0151l kezdve mag\u00e1ra vonzza [&hellip;]<\/p>\n","protected":false},"author":2,"featured_media":0,"parent":0,"menu_order":0,"comment_status":"open","ping_status":"closed","template":"","meta":{"footnotes":""},"yoast_head":"<!-- This site is optimized with the Yoast SEO plugin v21.7 - https:\/\/yoast.com\/wordpress\/plugins\/seo\/ -->\n<title>Space XY kaszin\u00f3 j\u00e1t\u00e9k, let\u00f6lt\u00e9s<\/title>\n<meta name=\"description\" content=\"\u00c9rdekes j\u00e1t\u00e9k azoknak, akik szeretik az izgalmakat \u00e9s a nagy kock\u00e1zatot. T\u00f6ltsd le \u00e9s \u00e9lvezd a j\u00e1t\u00e9kot a Space XY j\u00e1t\u00e9kban a kaszin\u00f3ban. Mer\u00fclj el a kock\u00e1zat \u00e9s a felejthetetlen kalandok vil\u00e1g\u00e1ba. Tanulm\u00e1nyozza gondosan a j\u00e1t\u00e9k szab\u00e1lyait \u00e9s jellemz\u0151it, hogy nyerjen.\" \/>\n<meta name=\"robots\" content=\"index, follow, max-snippet:-1, max-image-preview:large, max-video-preview:-1\" \/>\n<link rel=\"canonical\" href=\"https:\/\/aviator-crash.org\/hu\/space-xy-nyerogep\/\" \/>\n<meta property=\"og:locale\" content=\"hu_HU\" \/>\n<meta property=\"og:type\" content=\"article\" \/>\n<meta property=\"og:title\" content=\"Space XY kaszin\u00f3 j\u00e1t\u00e9k, let\u00f6lt\u00e9s\" \/>\n<meta property=\"og:description\" content=\"\u00c9rdekes j\u00e1t\u00e9k azoknak, akik szeretik az izgalmakat \u00e9s a nagy kock\u00e1zatot. T\u00f6ltsd le \u00e9s \u00e9lvezd a j\u00e1t\u00e9kot a Space XY j\u00e1t\u00e9kban a kaszin\u00f3ban. Mer\u00fclj el a kock\u00e1zat \u00e9s a felejthetetlen kalandok vil\u00e1g\u00e1ba. Tanulm\u00e1nyozza gondosan a j\u00e1t\u00e9k szab\u00e1lyait \u00e9s jellemz\u0151it, hogy nyerjen.\" \/>\n<meta property=\"og:url\" content=\"https:\/\/aviator-crash.org\/hu\/space-xy-nyerogep\/\" \/>\n<meta property=\"article:modified_time\" content=\"2024-02-02T17:58:13+00:00\" \/>\n<meta property=\"og:image\" content=\"https:\/\/aviator-crash.org\/wp-content\/uploads\/2024\/01\/bgaming-game-release-1024x445.jpg\" \/>\n<meta name=\"twitter:card\" content=\"summary_large_image\" \/>\n<meta name=\"twitter:label1\" content=\"Est. reading time\" \/>\n\t<meta name=\"twitter:data1\" content=\"7 perc\" \/>\n<script type=\"application\/ld+json\" class=\"yoast-schema-graph\">{\"@context\":\"https:\/\/schema.org\",\"@graph\":[{\"@type\":\"WebPage\",\"@id\":\"https:\/\/aviator-crash.org\/hu\/space-xy-nyerogep\/\",\"url\":\"https:\/\/aviator-crash.org\/hu\/space-xy-nyerogep\/\",\"name\":\"Space XY kaszin\u00f3 j\u00e1t\u00e9k, let\u00f6lt\u00e9s\",\"isPartOf\":{\"@id\":\"https:\/\/aviator-crash.org\/hu\/#website\"},\"datePublished\":\"2023-12-27T19:48:01+00:00\",\"dateModified\":\"2024-02-02T17:58:13+00:00\",\"description\":\"\u00c9rdekes j\u00e1t\u00e9k azoknak, akik szeretik az izgalmakat \u00e9s a nagy kock\u00e1zatot. T\u00f6ltsd le \u00e9s \u00e9lvezd a j\u00e1t\u00e9kot a Space XY j\u00e1t\u00e9kban a kaszin\u00f3ban. Mer\u00fclj el a kock\u00e1zat \u00e9s a felejthetetlen kalandok vil\u00e1g\u00e1ba. Tanulm\u00e1nyozza gondosan a j\u00e1t\u00e9k szab\u00e1lyait \u00e9s jellemz\u0151it, hogy nyerjen.\",\"breadcrumb\":{\"@id\":\"https:\/\/aviator-crash.org\/hu\/space-xy-nyerogep\/#breadcrumb\"},\"inLanguage\":\"hu\",\"potentialAction\":[{\"@type\":\"ReadAction\",\"target\":[\"https:\/\/aviator-crash.org\/hu\/space-xy-nyerogep\/\"]}]},{\"@type\":\"BreadcrumbList\",\"@id\":\"https:\/\/aviator-crash.org\/hu\/space-xy-nyerogep\/#breadcrumb\",\"itemListElement\":[{\"@type\":\"ListItem\",\"position\":1,\"name\":\"Home\",\"item\":\"https:\/\/aviator-crash.org\/hu\/aviator-jatek-online-valodi-penzert\/\"},{\"@type\":\"ListItem\",\"position\":2,\"name\":\"Space XY nyer\u0151g\u00e9p\"}]},{\"@type\":\"WebSite\",\"@id\":\"https:\/\/aviator-crash.org\/hu\/#website\",\"url\":\"https:\/\/aviator-crash.org\/hu\/\",\"name\":\"\",\"description\":\"\",\"potentialAction\":[{\"@type\":\"SearchAction\",\"target\":{\"@type\":\"EntryPoint\",\"urlTemplate\":\"https:\/\/aviator-crash.org\/hu\/?s={search_term_string}\"},\"query-input\":\"required name=search_term_string\"}],\"inLanguage\":\"hu\"}]}<\/script>\n<!-- \/ Yoast SEO plugin. -->","yoast_head_json":{"title":"Space XY kaszin\u00f3 j\u00e1t\u00e9k, let\u00f6lt\u00e9s","description":"\u00c9rdekes j\u00e1t\u00e9k azoknak, akik szeretik az izgalmakat \u00e9s a nagy kock\u00e1zatot. T\u00f6ltsd le \u00e9s \u00e9lvezd a j\u00e1t\u00e9kot a Space XY j\u00e1t\u00e9kban a kaszin\u00f3ban. Mer\u00fclj el a kock\u00e1zat \u00e9s a felejthetetlen kalandok vil\u00e1g\u00e1ba. Tanulm\u00e1nyozza gondosan a j\u00e1t\u00e9k szab\u00e1lyait \u00e9s jellemz\u0151it, hogy nyerjen.","robots":{"index":"index","follow":"follow","max-snippet":"max-snippet:-1","max-image-preview":"max-image-preview:large","max-video-preview":"max-video-preview:-1"},"canonical":"https:\/\/aviator-crash.org\/hu\/space-xy-nyerogep\/","og_locale":"hu_HU","og_type":"article","og_title":"Space XY kaszin\u00f3 j\u00e1t\u00e9k, let\u00f6lt\u00e9s","og_description":"\u00c9rdekes j\u00e1t\u00e9k azoknak, akik szeretik az izgalmakat \u00e9s a nagy kock\u00e1zatot. T\u00f6ltsd le \u00e9s \u00e9lvezd a j\u00e1t\u00e9kot a Space XY j\u00e1t\u00e9kban a kaszin\u00f3ban. Mer\u00fclj el a kock\u00e1zat \u00e9s a felejthetetlen kalandok vil\u00e1g\u00e1ba. Tanulm\u00e1nyozza gondosan a j\u00e1t\u00e9k szab\u00e1lyait \u00e9s jellemz\u0151it, hogy nyerjen.","og_url":"https:\/\/aviator-crash.org\/hu\/space-xy-nyerogep\/","article_modified_time":"2024-02-02T17:58:13+00:00","og_image":[{"url":"https:\/\/aviator-crash.org\/wp-content\/uploads\/2024\/01\/bgaming-game-release-1024x445.jpg"}],"twitter_card":"summary_large_image","twitter_misc":{"Est. reading time":"7 perc"},"schema":{"@context":"https:\/\/schema.org","@graph":[{"@type":"WebPage","@id":"https:\/\/aviator-crash.org\/hu\/space-xy-nyerogep\/","url":"https:\/\/aviator-crash.org\/hu\/space-xy-nyerogep\/","name":"Space XY kaszin\u00f3 j\u00e1t\u00e9k, let\u00f6lt\u00e9s","isPartOf":{"@id":"https:\/\/aviator-crash.org\/hu\/#website"},"datePublished":"2023-12-27T19:48:01+00:00","dateModified":"2024-02-02T17:58:13+00:00","description":"\u00c9rdekes j\u00e1t\u00e9k azoknak, akik szeretik az izgalmakat \u00e9s a nagy kock\u00e1zatot. T\u00f6ltsd le \u00e9s \u00e9lvezd a j\u00e1t\u00e9kot a Space XY j\u00e1t\u00e9kban a kaszin\u00f3ban. Mer\u00fclj el a kock\u00e1zat \u00e9s a felejthetetlen kalandok vil\u00e1g\u00e1ba. Tanulm\u00e1nyozza gondosan a j\u00e1t\u00e9k szab\u00e1lyait \u00e9s jellemz\u0151it, hogy nyerjen.","breadcrumb":{"@id":"https:\/\/aviator-crash.org\/hu\/space-xy-nyerogep\/#breadcrumb"},"inLanguage":"hu","potentialAction":[{"@type":"ReadAction","target":["https:\/\/aviator-crash.org\/hu\/space-xy-nyerogep\/"]}]},{"@type":"BreadcrumbList","@id":"https:\/\/aviator-crash.org\/hu\/space-xy-nyerogep\/#breadcrumb","itemListElement":[{"@type":"ListItem","position":1,"name":"Home","item":"https:\/\/aviator-crash.org\/hu\/aviator-jatek-online-valodi-penzert\/"},{"@type":"ListItem","position":2,"name":"Space XY nyer\u0151g\u00e9p"}]},{"@type":"WebSite","@id":"https:\/\/aviator-crash.org\/hu\/#website","url":"https:\/\/aviator-crash.org\/hu\/","name":"","description":"","potentialAction":[{"@type":"SearchAction","target":{"@type":"EntryPoint","urlTemplate":"https:\/\/aviator-crash.org\/hu\/?s={search_term_string}"},"query-input":"required name=search_term_string"}],"inLanguage":"hu"}]}},"_links":{"self":[{"href":"https:\/\/aviator-crash.org\/hu\/wp-json\/wp\/v2\/pages\/2526"}],"collection":[{"href":"https:\/\/aviator-crash.org\/hu\/wp-json\/wp\/v2\/pages"}],"about":[{"href":"https:\/\/aviator-crash.org\/hu\/wp-json\/wp\/v2\/types\/page"}],"author":[{"embeddable":true,"href":"https:\/\/aviator-crash.org\/hu\/wp-json\/wp\/v2\/users\/2"}],"replies":[{"embeddable":true,"href":"https:\/\/aviator-crash.org\/hu\/wp-json\/wp\/v2\/comments?post=2526"}],"version-history":[{"count":1,"href":"https:\/\/aviator-crash.org\/hu\/wp-json\/wp\/v2\/pages\/2526\/revisions"}],"predecessor-version":[{"id":2528,"href":"https:\/\/aviator-crash.org\/hu\/wp-json\/wp\/v2\/pages\/2526\/revisions\/2528"}],"wp:attachment":[{"href":"https:\/\/aviator-crash.org\/hu\/wp-json\/wp\/v2\/media?parent=2526"}],"curies":[{"name":"wp","href":"https:\/\/api.w.org\/{rel}","templated":true}]}}