{"id":2574,"date":"2023-12-27T19:40:59","date_gmt":"2023-12-27T19:40:59","guid":{"rendered":"https:\/\/aviator-crash.org\/jatssz-rocket-x-et\/"},"modified":"2024-02-02T18:05:06","modified_gmt":"2024-02-02T18:05:06","slug":"jatssz-rocket-x-et","status":"publish","type":"page","link":"https:\/\/aviator-crash.org\/hu\/jatssz-rocket-x-et\/","title":{"rendered":"J\u00e1tssz Rocket X-et"},"content":{"rendered":"\n<figure class=\"wp-block-gallery has-nested-images columns-default is-cropped wp-block-gallery-1 is-layout-flex wp-block-gallery-is-layout-flex\">\n<figure class=\"wp-block-image size-large\"><span itemprop=\"image\" itemscope itemtype=\"https:\/\/schema.org\/ImageObject\"><img itemprop=\"url image\" loading=\"lazy\" decoding=\"async\" width=\"1024\" height=\"761\" data-id=\"472\" src=\"https:\/\/aviator-crash.org\/wp-content\/uploads\/2024\/01\/rocket-x-1024x761.webp\" alt=\"\" class=\"wp-image-472\" srcset=\"https:\/\/aviator-crash.org\/wp-content\/uploads\/2024\/01\/rocket-x-1024x761.webp 1024w, https:\/\/aviator-crash.org\/wp-content\/uploads\/2024\/01\/rocket-x-300x223.webp 300w, https:\/\/aviator-crash.org\/wp-content\/uploads\/2024\/01\/rocket-x-768x571.webp 768w, https:\/\/aviator-crash.org\/wp-content\/uploads\/2024\/01\/rocket-x.webp 1200w\" sizes=\"(max-width: 1024px) 100vw, 1024px\" \/><meta itemprop=\"width\" content=\"1024\"><meta itemprop=\"height\" content=\"761\"><\/span><\/figure>\n<\/figure>\n\n<p>A t\u00f6bbj\u00e1t\u00e9kos Rocket X j\u00e1t\u00e9kban izgalmas kalandokba vetheted bele magad, \u00e9s val\u00f3di p\u00e9nzt kereshetsz.\nIngyenesen let\u00f6ltheted b\u00e1rmelyik eszk\u00f6z\u00f6dre, \u00e9s \u00e9lvezheted a nagyszer\u0171 j\u00e1t\u00e9kot egyed\u00fcl \u00e9s bar\u00e1taiddal \u00e9s m\u00e1s j\u00e1t\u00e9kosokkal egy\u00fctt is.\nEhhez nem kell m\u00e1st tenned, mint felkeresni a One Win hivatalos fogad\u00e1si port\u00e1lj\u00e1t, \u00e9s let\u00f6lteni a Rocket X j\u00e1t\u00e9kot ingyenesen Androidra.\nA j\u00e1t\u00e9k megkezd\u00e9s\u00e9hez csak a szem\u00e9lyes fi\u00f3kodba kell bel\u00e9pned regisztr\u00e1ci\u00f3val vagy bejelentkez\u00e9ssel.\nEz csak n\u00e9h\u00e1ny percet vesz ig\u00e9nybe, de azonnal elkezdhetsz j\u00e1tszani \u00e9s \u00e9lvezheted a folyamatot.    <\/p>\n\n<h2 class=\"wp-block-heading\"><strong>A Rocket X online j\u00e1t\u00e9k el\u0151nyei<\/strong><\/h2>\n\n<p>A szerencsej\u00e1t\u00e9kok nagy keresletnek \u00f6rvendenek a modern vil\u00e1gban.\nLehet\u0151v\u00e9 teszik, hogy j\u00f3l \u00e9rezd magad, valamint hogy szinte b\u00e1rmilyen \u00f6sszeget keress, an\u00e9lk\u00fcl, hogy elhagyn\u00e1d a h\u00e1zat.\nA Rocket X viszont az egyik legn\u00e9pszer\u0171bbnek sz\u00e1m\u00edt a maga nem\u00e9ben.\nEz a j\u00e1t\u00e9k sz\u00e1mos el\u0151nnyel rendelkezik, t\u00f6bbek k\u00f6z\u00f6tt a k\u00f6vetkez\u0151kkel:   <\/p>\n\n<ul>\n<li>Rendk\u00edv\u00fcl pozit\u00edv Rocket X v\u00e9lem\u00e9nyek, ami azt jelzi, hogy ez az alkalmaz\u00e1s rendk\u00edv\u00fcl n\u00e9pszer\u0171 a j\u00e1t\u00e9kosok k\u00f6r\u00e9ben a vil\u00e1g minden t\u00e1j\u00e1r\u00f3l.<\/li>\n\n\n\n<li>T\u00f6bbj\u00e1t\u00e9kos m\u00f3d.\nA lehet\u0151s\u00e9g, hogy val\u00f3s id\u0151ben j\u00e1tszhatsz, \u00e9lvezve a folyamatot bar\u00e1taiddal vagy m\u00e1s felhaszn\u00e1l\u00f3kkal a vil\u00e1g minden t\u00e1j\u00e1r\u00f3l online. <\/li>\n\n\n\n<li>Dinamikus versenyz\u00e9s.\nA j\u00e1t\u00e9kmenet a gyors \u00e9s dinamikus versenyz\u00e9sre \u00f6sszpontos\u00edt, k\u00fcl\u00f6nf\u00e9le p\u00e1ly\u00e1kkal \u00e9s akad\u00e1lyokkal. <\/li>\n\n\n\n<li>Egyedi helysz\u00ednek.\nV\u00e1ltozatos \u00e9s sz\u00ednes j\u00e1t\u00e9khelysz\u00ednek, amelyek k\u00fcl\u00f6nb\u00f6z\u0151 felt\u00e9teleket k\u00edn\u00e1lnak a versenyz\u00e9shez. <\/li>\n\n\n\n<li>Kaszkad\u0151rmutatv\u00e1nyok \u00e9s fejleszt\u00e9sek.\nA k\u00e9pess\u00e9g, hogy v\u00e9gre mutatv\u00e1nyokat \u00e9s jav\u00edtani a rep\u00fcl\u0151 g\u00e9p k\u00fcl\u00f6nb\u00f6z\u0151 fejleszt\u00e9sek.\nMind\u00f6ssze annyit kell tenned, hogy let\u00f6lt\u00f6d a Rocket X-et a k\u00e9sz\u00fcl\u00e9kedre \u00e9s regisztr\u00e1lsz.  <\/li>\n\n\n\n<li>Halad\u00e1si rendszer.\nA kidolgozott fejl\u0151d\u00e9si rendszer \u00faj szinteket, j\u00e1rm\u0171veket \u00e9s egy\u00e9b tartalmakat nyit meg, ahogy haladsz el\u0151re a j\u00e1t\u00e9kban. <\/li>\n\n\n\n<li>Nagysz\u00e1m\u00fa b\u00f3nusz rendelkez\u00e9sre \u00e1ll\u00e1sa.\nLehet\u0151s\u00e9g b\u00f3nuszok, eredm\u00e9nyek \u00e9s egy\u00e9b jutalmak megszerz\u00e9s\u00e9re a szintek sikeres teljes\u00edt\u00e9s\u00e9\u00e9rt vagy speci\u00e1lis feladatok teljes\u00edt\u00e9s\u00e9\u00e9rt. <\/li>\n\n\n\n<li>Kiv\u00e1l\u00f3 grafika \u00e9s leny\u0171g\u00f6z\u0151 hangs\u00e1v.\nMin\u0151s\u00e9gi grafika \u00e9s hangs\u00e1v a leny\u0171g\u00f6z\u0151 vizu\u00e1lis \u00e9s hangz\u00e1svil\u00e1g megteremt\u00e9s\u00e9hez. <\/li>\n<\/ul>\n\n<p>Sz\u00e1mos el\u0151nye teszi ezt a j\u00e1t\u00e9kot igen n\u00e9pszer\u0171v\u00e9 a szerencsej\u00e1t\u00e9k alkalmaz\u00e1sok rajong\u00f3i k\u00f6r\u00e9ben.\nA Rocket X j\u00e1t\u00e9k \u00e9rt\u00e9kel\u00e9sei t\u00f6bbnyire pozit\u00edvak, ami ism\u00e9t meger\u0151s\u00edti a fenti t\u00e9nyt.\nHa j\u00f3l akarja \u00e9rezni mag\u00e1t, akkor ez az alkalmaz\u00e1s a legjobb v\u00e1laszt\u00e1s.  <\/p>\n\n<h2 class=\"wp-block-heading\">Hogyan kell j\u00e1tszani a Rocket X<\/h2>\n\n<p>A j\u00e1t\u00e9k m\u00e1sik el\u0151nye, hogy egyszer\u0171 \u00e9s vil\u00e1gos szab\u00e1lyai vannak, amelyeket mindenki gyorsan meg\u00e9rthet.\nAz els\u0151 dolog, amit tenned kell, hogy regisztr\u00e1lsz vagy bejelentkezel a szem\u00e9lyes szekr\u00e9nyedbe.\nEz a lehet\u0151s\u00e9g rendk\u00edv\u00fcl k\u00e9nyelmes, mivel minden el\u0151rehalad\u00e1s automatikusan elment\u00e9sre ker\u00fcl.  <\/p>\n\n<p>A m\u00e1sodik l\u00e9p\u00e9s, amit meg kell tenned, hogy felt\u00f6ltsd a j\u00e1t\u00e9ksz\u00e1ml\u00e1dat.\nEzut\u00e1n menj az oldalra, \u00e9s ind\u00edtsd el a szimul\u00e1tort.\nA j\u00e1t\u00e9k a t\u00e9t megt\u00e9tele ut\u00e1n fog elindulni.\nAz \u00f6sszeg egy\u00e9ni, \u00e9s kiz\u00e1r\u00f3lag az \u00d6n preferenci\u00e1it\u00f3l \u00e9s strat\u00e9gi\u00e1j\u00e1t\u00f3l f\u00fcgg.   <\/p>\n\n<p>A Rocket X hivatalos honlapja b\u0151s\u00e9ges lehet\u0151s\u00e9geket k\u00edn\u00e1l a j\u00e1t\u00e9khoz.\nVannak egy\u00e9ni \u00e9s t\u00f6bbj\u00e1t\u00e9kos m\u00f3dok is, amelyek lehet\u0151v\u00e9 teszik, hogy online \u00e9lvezd a j\u00e1t\u00e9kot bar\u00e1taiddal vagy m\u00e1s j\u00e1t\u00e9kosokkal az interneten.\nA weboldalon minden alapvet\u0151 szab\u00e1ly fel van t\u00fcntetve.\nEzen k\u00edv\u00fcl, miel\u0151tt elkezden\u00e9d, v\u00e9gigmehetsz a k\u00e9pz\u00e9sen, hogy jobban meg\u00e9rtsd a j\u00e1t\u00e9kot, \u00e9s m\u00e1r a kezdetekt\u0151l fogva elkezdj keresni.   <\/p>\n\n<p>Miut\u00e1n megtette a t\u00e9tet, m\u00e1r csak az eredm\u00e9nyre kell v\u00e1rnia.\nA folyamat meglehet\u0151sen izgalmas, mivel az \u00e9rt\u00e9kek el\u00e9g gyorsan v\u00e1ltoznak, \u00e9s szinte lehetetlen megj\u00f3solni, hogy mi lesz a v\u00e9g\u00e9n. <\/p>\n\n<h2 class=\"wp-block-heading\">Hogyan nyerj a Rocket X-en<\/h2>\n\n<p>Mint az m\u00e1r vil\u00e1goss\u00e1 v\u00e1lt, rendk\u00edv\u00fcl fontos, hogy a megfelel\u0151 pillanatot v\u00e1lasszuk ki a j\u00e1t\u00e9kban, hogy a t\u00e9tek ne \u00e9gjenek el, \u00e9s az es\u00e9lyek a lehet\u0151 legkedvez\u0151bbek legyenek.\nErre a c\u00e9lra t\u00f6k\u00e9letes a szem\u00e9lyre szabott <em>Rocket X strat\u00e9gia<\/em>.\nEnnek kidolgoz\u00e1s\u00e1hoz elegend\u0151 a kor\u00e1bbi m\u00e9rk\u0151z\u00e9seket tanulm\u00e1nyozni, elemezni az eredm\u00e9nyeket, \u00e9s kiv\u00e1lasztani a j\u00e1t\u00e9k m\u00f3dszertan\u00e1t, amely a legnyeres\u00e9gesebb lesz.  <\/p>\n\n<p>A Rocket X strat\u00e9gi\u00e1ja mindenkinek el\u0151ny\u00f6s, mivel kor\u00e1bbi tapasztalatokon alapul, \u00e9s seg\u00edt meg\u00e9rteni, hogyan m\u0171k\u00f6dik a rendszer, \u00e9s hogyan lehet ennek eredm\u00e9nyek\u00e9nt a legmagasabb nyer\u00e9si ar\u00e1nyt el\u00e9rni.\nEz a j\u00e1t\u00e9k bizony\u00edtja, hogy a szerencse \u00f6nmag\u00e1ban nem el\u00e9g a gy\u0151zelemhez.\nA Rocket X es\u00e9lysz\u00e1m\u00edt\u00e1si rendszerre is sz\u00fcks\u00e9g lesz.  <\/p>\n\n<h2 class=\"wp-block-heading\">Rocket X j\u00e1t\u00e9kszab\u00e1lyok<\/h2>\n\n<p>A t\u00f6rt\u00e9net k\u00f6z\u00e9ppontj\u00e1ban egy h\u00edres ember \u00e1ll &#8211; Ilon Musk, vagy ink\u00e1bb az \u0151 rajzfilmm\u00e1solata, akit a felhaszn\u00e1l\u00f3k a j\u00e1t\u00e9k sor\u00e1n v\u00e9gig ir\u00e1ny\u00edtanak.\nEz a j\u00e1t\u00e9k t\u00f6k\u00e9letes azoknak, akik szeretik az izgalmakat \u00e9s a kock\u00e1zatokat.\nA j\u00e1t\u00e9k szab\u00e1lyai itt szinte teljesen megegyeznek azokkal, amelyek m\u00e1s hasonl\u00f3 alkalmaz\u00e1sokban is megtal\u00e1lhat\u00f3ak.\nA Rocket X crash j\u00e1t\u00e9k ind\u00edt\u00e1sa el\u0151tt meg kell tenned a t\u00e9teket, majd csak figyelned kell, ahogyan azok n\u00f6vekednek.\nA t\u00e9tet b\u00e1rmikor visszavonhatod, de fontos, hogy \u00f3vatos l\u00e9gy: ha t\u00fal kor\u00e1n vagy t\u00fal k\u00e9s\u0151n teszed meg, akkor vesz\u00edteni fogsz.\nNagyon fontos, hogy a megfelel\u0151 pillanatot v\u00e1laszd ki.     <\/p>\n\n<p>Ha azt hiszed, hogy a j\u00e1t\u00e9k el\u00e9g egyszer\u0171 \u00e9s monoton, akkor t\u00e9vedsz.\nNagy kock\u00e1zat, t\u00e9t, dinamizmus &#8211; mindezt itt tal\u00e1lod.\nA szab\u00e1lyokr\u00f3l b\u0151vebben a hivatalos oldalon olvashatsz.  <\/p>\n\n<h2 class=\"wp-block-heading\">Promo k\u00f3dok<\/h2>\n\n<p>A szerencsej\u00e1t\u00e9k prom\u00f3ci\u00f3s k\u00f3dokat a szerencsej\u00e1t\u00e9k platformok, kaszin\u00f3k vagy fejleszt\u0151k adhatj\u00e1k meg, hogy \u00faj j\u00e1t\u00e9kosokat vonzzanak, h\u0171s\u00e9get jutalmazzanak vagy k\u00fcl\u00f6nleges prom\u00f3ci\u00f3kat futtassanak.\nHa szeretn\u00e9d j\u00f3l \u00e9rezni magad \u00e9s n\u00f6velni a nyer\u00e9si es\u00e9lyeidet a Rocket X j\u00e1t\u00e9kban 1win, akkor k\u00f6nnyed\u00e9n kihaszn\u00e1lhatod a rendelkez\u00e9sre \u00e1ll\u00f3 prom\u00f3ci\u00f3s k\u00f3dokat.\nEzeket t\u00f6bb forr\u00e1sb\u00f3l is megtal\u00e1lhatod:  <\/p>\n\n<ul>\n<li>A One Win hivatalos webport\u00e1lja.<\/li>\n\n\n\n<li>Levelez\u0151list\u00e1k (ez\u00e9rt aj\u00e1nlott feliratkozni az oldal levelez\u0151list\u00e1ira, amint regisztr\u00e1lsz).<\/li>\n\n\n\n<li>K\u00f6z\u00f6ss\u00e9gi m\u00e9dia \u00e9s speci\u00e1lis f\u00f3rumok.<\/li>\n\n\n\n<li>Affiliate programok.<\/li>\n<\/ul>\n\n<p>Ne feledje, hogy a f\u00e9lre\u00e9rt\u00e9sek \u00e9s a kellemetlen helyzetek elker\u00fcl\u00e9se \u00e9rdek\u00e9ben fontos, hogy figyelmes legyen, \u00e9s a prom\u00f3ci\u00f3s k\u00f3dokat a j\u00e1t\u00e9k szab\u00e1lyai \u00e9s felt\u00e9telei szerint haszn\u00e1lja.<\/p>\n\n<h2 class=\"wp-block-heading\">Aj\u00e1nl\u00e1sok<\/h2>\n\n<p>A felhaszn\u00e1l\u00f3i v\u00e9lem\u00e9nyeket figyelembe v\u00e9ve meg\u00e1llap\u00edthatjuk, hogy ez a j\u00e1t\u00e9k az egyik legn\u00e9pszer\u0171bbnek sz\u00e1m\u00edt a maga nem\u00e9ben, sz\u00e1mos el\u0151nnyel \u00e9s funkci\u00f3val.\n\u00cdme n\u00e9h\u00e1ny 1win Rocket X \u00e9rt\u00e9kel\u00e9s: <\/p>\n","protected":false},"excerpt":{"rendered":"<p>A t\u00f6bbj\u00e1t\u00e9kos Rocket X j\u00e1t\u00e9kban izgalmas kalandokba vetheted bele magad, \u00e9s val\u00f3di p\u00e9nzt kereshetsz. Ingyenesen let\u00f6ltheted b\u00e1rmelyik eszk\u00f6z\u00f6dre, \u00e9s \u00e9lvezheted a nagyszer\u0171 j\u00e1t\u00e9kot egyed\u00fcl \u00e9s bar\u00e1taiddal \u00e9s m\u00e1s j\u00e1t\u00e9kosokkal egy\u00fctt is. Ehhez nem kell m\u00e1st tenned, mint felkeresni a One Win hivatalos fogad\u00e1si port\u00e1lj\u00e1t, \u00e9s let\u00f6lteni a Rocket X j\u00e1t\u00e9kot ingyenesen Androidra. A j\u00e1t\u00e9k megkezd\u00e9s\u00e9hez [&hellip;]<\/p>\n","protected":false},"author":2,"featured_media":0,"parent":0,"menu_order":0,"comment_status":"open","ping_status":"closed","template":"","meta":{"footnotes":""},"yoast_head":"<!-- This site is optimized with the Yoast SEO plugin v21.7 - https:\/\/yoast.com\/wordpress\/plugins\/seo\/ -->\n<title>Rocket X kaszin\u00f3 j\u00e1t\u00e9k, let\u00f6lt\u00e9s<\/title>\n<meta name=\"description\" content=\"A legjobb Rocket X j\u00e1t\u00e9k, ahol val\u00f3di p\u00e9nzt nyerhetsz. N\u00e9zd meg a le\u00edr\u00e1st, tanulm\u00e1nyozd a j\u00e1t\u00e9k jellemz\u0151it \u00e9s jellemz\u0151it, v\u00e1laszd ki a legjobb strat\u00e9gi\u00e1t \u00e9s indulj felejthetetlen utaz\u00e1sokra. Hajr\u00e1 a nagy nyerem\u00e9nyek\u00e9rt!\" \/>\n<meta name=\"robots\" content=\"index, follow, max-snippet:-1, max-image-preview:large, max-video-preview:-1\" \/>\n<link rel=\"canonical\" href=\"https:\/\/aviator-crash.org\/hu\/jatssz-rocket-x-et\/\" \/>\n<meta property=\"og:locale\" content=\"hu_HU\" \/>\n<meta property=\"og:type\" content=\"article\" \/>\n<meta property=\"og:title\" content=\"Rocket X kaszin\u00f3 j\u00e1t\u00e9k, let\u00f6lt\u00e9s\" \/>\n<meta property=\"og:description\" content=\"A legjobb Rocket X j\u00e1t\u00e9k, ahol val\u00f3di p\u00e9nzt nyerhetsz. N\u00e9zd meg a le\u00edr\u00e1st, tanulm\u00e1nyozd a j\u00e1t\u00e9k jellemz\u0151it \u00e9s jellemz\u0151it, v\u00e1laszd ki a legjobb strat\u00e9gi\u00e1t \u00e9s indulj felejthetetlen utaz\u00e1sokra. Hajr\u00e1 a nagy nyerem\u00e9nyek\u00e9rt!\" \/>\n<meta property=\"og:url\" content=\"https:\/\/aviator-crash.org\/hu\/jatssz-rocket-x-et\/\" \/>\n<meta property=\"article:modified_time\" content=\"2024-02-02T18:05:06+00:00\" \/>\n<meta property=\"og:image\" content=\"https:\/\/aviator-crash.org\/wp-content\/uploads\/2024\/01\/rocket-x-1024x761.webp\" \/>\n<meta name=\"twitter:card\" content=\"summary_large_image\" \/>\n<meta name=\"twitter:label1\" content=\"Est. reading time\" \/>\n\t<meta name=\"twitter:data1\" content=\"7 perc\" \/>\n<script type=\"application\/ld+json\" class=\"yoast-schema-graph\">{\"@context\":\"https:\/\/schema.org\",\"@graph\":[{\"@type\":\"WebPage\",\"@id\":\"https:\/\/aviator-crash.org\/hu\/jatssz-rocket-x-et\/\",\"url\":\"https:\/\/aviator-crash.org\/hu\/jatssz-rocket-x-et\/\",\"name\":\"Rocket X kaszin\u00f3 j\u00e1t\u00e9k, let\u00f6lt\u00e9s\",\"isPartOf\":{\"@id\":\"https:\/\/aviator-crash.org\/hu\/#website\"},\"datePublished\":\"2023-12-27T19:40:59+00:00\",\"dateModified\":\"2024-02-02T18:05:06+00:00\",\"description\":\"A legjobb Rocket X j\u00e1t\u00e9k, ahol val\u00f3di p\u00e9nzt nyerhetsz. N\u00e9zd meg a le\u00edr\u00e1st, tanulm\u00e1nyozd a j\u00e1t\u00e9k jellemz\u0151it \u00e9s jellemz\u0151it, v\u00e1laszd ki a legjobb strat\u00e9gi\u00e1t \u00e9s indulj felejthetetlen utaz\u00e1sokra. Hajr\u00e1 a nagy nyerem\u00e9nyek\u00e9rt!\",\"breadcrumb\":{\"@id\":\"https:\/\/aviator-crash.org\/hu\/jatssz-rocket-x-et\/#breadcrumb\"},\"inLanguage\":\"hu\",\"potentialAction\":[{\"@type\":\"ReadAction\",\"target\":[\"https:\/\/aviator-crash.org\/hu\/jatssz-rocket-x-et\/\"]}]},{\"@type\":\"BreadcrumbList\",\"@id\":\"https:\/\/aviator-crash.org\/hu\/jatssz-rocket-x-et\/#breadcrumb\",\"itemListElement\":[{\"@type\":\"ListItem\",\"position\":1,\"name\":\"Home\",\"item\":\"https:\/\/aviator-crash.org\/hu\/aviator-jatek-online-valodi-penzert\/\"},{\"@type\":\"ListItem\",\"position\":2,\"name\":\"J\u00e1tssz Rocket X-et\"}]},{\"@type\":\"WebSite\",\"@id\":\"https:\/\/aviator-crash.org\/hu\/#website\",\"url\":\"https:\/\/aviator-crash.org\/hu\/\",\"name\":\"\",\"description\":\"\",\"potentialAction\":[{\"@type\":\"SearchAction\",\"target\":{\"@type\":\"EntryPoint\",\"urlTemplate\":\"https:\/\/aviator-crash.org\/hu\/?s={search_term_string}\"},\"query-input\":\"required name=search_term_string\"}],\"inLanguage\":\"hu\"}]}<\/script>\n<!-- \/ Yoast SEO plugin. -->","yoast_head_json":{"title":"Rocket X kaszin\u00f3 j\u00e1t\u00e9k, let\u00f6lt\u00e9s","description":"A legjobb Rocket X j\u00e1t\u00e9k, ahol val\u00f3di p\u00e9nzt nyerhetsz. N\u00e9zd meg a le\u00edr\u00e1st, tanulm\u00e1nyozd a j\u00e1t\u00e9k jellemz\u0151it \u00e9s jellemz\u0151it, v\u00e1laszd ki a legjobb strat\u00e9gi\u00e1t \u00e9s indulj felejthetetlen utaz\u00e1sokra. Hajr\u00e1 a nagy nyerem\u00e9nyek\u00e9rt!","robots":{"index":"index","follow":"follow","max-snippet":"max-snippet:-1","max-image-preview":"max-image-preview:large","max-video-preview":"max-video-preview:-1"},"canonical":"https:\/\/aviator-crash.org\/hu\/jatssz-rocket-x-et\/","og_locale":"hu_HU","og_type":"article","og_title":"Rocket X kaszin\u00f3 j\u00e1t\u00e9k, let\u00f6lt\u00e9s","og_description":"A legjobb Rocket X j\u00e1t\u00e9k, ahol val\u00f3di p\u00e9nzt nyerhetsz. N\u00e9zd meg a le\u00edr\u00e1st, tanulm\u00e1nyozd a j\u00e1t\u00e9k jellemz\u0151it \u00e9s jellemz\u0151it, v\u00e1laszd ki a legjobb strat\u00e9gi\u00e1t \u00e9s indulj felejthetetlen utaz\u00e1sokra. Hajr\u00e1 a nagy nyerem\u00e9nyek\u00e9rt!","og_url":"https:\/\/aviator-crash.org\/hu\/jatssz-rocket-x-et\/","article_modified_time":"2024-02-02T18:05:06+00:00","og_image":[{"url":"https:\/\/aviator-crash.org\/wp-content\/uploads\/2024\/01\/rocket-x-1024x761.webp"}],"twitter_card":"summary_large_image","twitter_misc":{"Est. reading time":"7 perc"},"schema":{"@context":"https:\/\/schema.org","@graph":[{"@type":"WebPage","@id":"https:\/\/aviator-crash.org\/hu\/jatssz-rocket-x-et\/","url":"https:\/\/aviator-crash.org\/hu\/jatssz-rocket-x-et\/","name":"Rocket X kaszin\u00f3 j\u00e1t\u00e9k, let\u00f6lt\u00e9s","isPartOf":{"@id":"https:\/\/aviator-crash.org\/hu\/#website"},"datePublished":"2023-12-27T19:40:59+00:00","dateModified":"2024-02-02T18:05:06+00:00","description":"A legjobb Rocket X j\u00e1t\u00e9k, ahol val\u00f3di p\u00e9nzt nyerhetsz. N\u00e9zd meg a le\u00edr\u00e1st, tanulm\u00e1nyozd a j\u00e1t\u00e9k jellemz\u0151it \u00e9s jellemz\u0151it, v\u00e1laszd ki a legjobb strat\u00e9gi\u00e1t \u00e9s indulj felejthetetlen utaz\u00e1sokra. Hajr\u00e1 a nagy nyerem\u00e9nyek\u00e9rt!","breadcrumb":{"@id":"https:\/\/aviator-crash.org\/hu\/jatssz-rocket-x-et\/#breadcrumb"},"inLanguage":"hu","potentialAction":[{"@type":"ReadAction","target":["https:\/\/aviator-crash.org\/hu\/jatssz-rocket-x-et\/"]}]},{"@type":"BreadcrumbList","@id":"https:\/\/aviator-crash.org\/hu\/jatssz-rocket-x-et\/#breadcrumb","itemListElement":[{"@type":"ListItem","position":1,"name":"Home","item":"https:\/\/aviator-crash.org\/hu\/aviator-jatek-online-valodi-penzert\/"},{"@type":"ListItem","position":2,"name":"J\u00e1tssz Rocket X-et"}]},{"@type":"WebSite","@id":"https:\/\/aviator-crash.org\/hu\/#website","url":"https:\/\/aviator-crash.org\/hu\/","name":"","description":"","potentialAction":[{"@type":"SearchAction","target":{"@type":"EntryPoint","urlTemplate":"https:\/\/aviator-crash.org\/hu\/?s={search_term_string}"},"query-input":"required name=search_term_string"}],"inLanguage":"hu"}]}},"_links":{"self":[{"href":"https:\/\/aviator-crash.org\/hu\/wp-json\/wp\/v2\/pages\/2574"}],"collection":[{"href":"https:\/\/aviator-crash.org\/hu\/wp-json\/wp\/v2\/pages"}],"about":[{"href":"https:\/\/aviator-crash.org\/hu\/wp-json\/wp\/v2\/types\/page"}],"author":[{"embeddable":true,"href":"https:\/\/aviator-crash.org\/hu\/wp-json\/wp\/v2\/users\/2"}],"replies":[{"embeddable":true,"href":"https:\/\/aviator-crash.org\/hu\/wp-json\/wp\/v2\/comments?post=2574"}],"version-history":[{"count":1,"href":"https:\/\/aviator-crash.org\/hu\/wp-json\/wp\/v2\/pages\/2574\/revisions"}],"predecessor-version":[{"id":2576,"href":"https:\/\/aviator-crash.org\/hu\/wp-json\/wp\/v2\/pages\/2574\/revisions\/2576"}],"wp:attachment":[{"href":"https:\/\/aviator-crash.org\/hu\/wp-json\/wp\/v2\/media?parent=2574"}],"curies":[{"name":"wp","href":"https:\/\/api.w.org\/{rel}","templated":true}]}}