{"id":3120,"date":"2023-12-27T19:12:26","date_gmt":"2023-12-27T19:12:26","guid":{"rendered":"https:\/\/aviator-crash.org\/gyors-keszpenzes-online-jatekok-visszavonassal\/"},"modified":"2024-02-02T19:41:32","modified_gmt":"2024-02-02T19:41:32","slug":"gyors-keszpenzes-online-jatekok-visszavonassal","status":"publish","type":"page","link":"https:\/\/aviator-crash.org\/hu\/gyors-keszpenzes-online-jatekok-visszavonassal\/","title":{"rendered":"Gyors k\u00e9szp\u00e9nzes online j\u00e1t\u00e9kok visszavon\u00e1ssal"},"content":{"rendered":"\n<figure class=\"wp-block-gallery has-nested-images columns-default is-cropped wp-block-gallery-1 is-layout-flex wp-block-gallery-is-layout-flex\">\n<figure class=\"wp-block-image size-large\"><span itemprop=\"image\" itemscope itemtype=\"https:\/\/schema.org\/ImageObject\"><img itemprop=\"url image\" loading=\"lazy\" decoding=\"async\" width=\"683\" height=\"600\" data-id=\"460\" src=\"https:\/\/aviator-crash.org\/wp-content\/uploads\/2024\/01\/aviator-minigame-logo-4.png\" alt=\"\" class=\"wp-image-460\" srcset=\"https:\/\/aviator-crash.org\/wp-content\/uploads\/2024\/01\/aviator-minigame-logo-4.png 683w, https:\/\/aviator-crash.org\/wp-content\/uploads\/2024\/01\/aviator-minigame-logo-4-300x264.png 300w\" sizes=\"(max-width: 683px) 100vw, 683px\" \/><meta itemprop=\"width\" content=\"683\"><meta itemprop=\"height\" content=\"600\"><\/span><\/figure>\n<\/figure>\n\n<p>A Crash j\u00e1t\u00e9kok koncepci\u00f3ja a 2000-es \u00e9vek elej\u00e9n jelent meg.\nAz ut\u00f3bbi n\u00e9h\u00e1ny \u00e9vben azonban egyre n\u00e9pszer\u0171bb\u00e9 v\u00e1ltak.\nA gyors p\u00e9nzszerz\u00e9sre szolg\u00e1l\u00f3 j\u00e1t\u00e9kok szinte minden online kaszin\u00f3ban bemutatkoznak.\nMinden egyes fordul\u00f3 izgalmas \u00e9s adrenalinnal teli.\nA gyors j\u00e1t\u00e9kokat egyszer\u0171 j\u00e1t\u00e9kmenet jellemzi: a szorz\u00f3 n\u0151, ennek megfelel\u0151en a nyerem\u00e9ny is n\u0151, a p\u00e9nzt m\u00e9g a katasztr\u00f3fa el\u0151tt kell siker\u00fclnie elvinni.    <\/p>\n\n<h2 class=\"wp-block-heading\">Crash j\u00e1t\u00e9k p\u00e9nz\u00e9rt visszavon\u00e1ssal<\/h2>\n\n<p>A szerencsej\u00e1t\u00e9kban a gyors j\u00f6vedelem nagyon vonz\u00f3 a szerencsej\u00e1t\u00e9kosok sz\u00e1m\u00e1ra.\nA felhaszn\u00e1l\u00f3nak gondosan k\u00f6vetnie kell a j\u00e1t\u00e9kmenetet, \u00e9s abban a pillanatban kell megnyomnia a gombot, amikor az intu\u00edci\u00f3ja azt s\u00fagja.\nA j\u00e1t\u00e9k a gyors p\u00e9nzkiv\u00e9tellel val\u00f3di, ezt a vil\u00e1g minden t\u00e1j\u00e1r\u00f3l sz\u00e1rmaz\u00f3 j\u00e1t\u00e9kosok meger\u0151s\u00edtett\u00e9k.  <\/p>\n\n<p>Az elv nagyon egyszer\u0171: a j\u00e1t\u00e9kos t\u00e9tet tesz, ami ut\u00e1n a szorz\u00f3 n\u00f6vekszik.\nSenki sem tudja, hogy a k\u00f6r mikor \u00e9r v\u00e9get.\nGyors p\u00e9nzkeres\u00e9s a szerencsej\u00e1t\u00e9kban akkor lehets\u00e9ges, ha az intu\u00edci\u00f3nak k\u00f6sz\u00f6nhet\u0151en a katasztr\u00f3fa el\u0151tt megnyomja a gombot.\nA nyerem\u00e9ny a t\u00e9t \u00e9s az egy\u00fctthat\u00f3 szorzata, amelyn\u00e9l a j\u00e1t\u00e9k meg\u00e1llt.\nHa a felhaszn\u00e1l\u00f3nak nem volt ideje &#8211; a kaszin\u00f3 nyert.\nMin\u00e9l hosszabb a fordul\u00f3, ann\u00e1l nagyobb a kock\u00e1zat.\nDe ugyanakkor t\u00f6bb es\u00e9ly van a nyer\u00e9sre.      <\/p>\n\n<p>Crash j\u00e1t\u00e9k p\u00e9nz\u00e9rt alapul a GSC, amely lehetetlen legy\u0151zni.\nA k\u00fcl\u00f6nb\u00f6z\u0151 hackerprogramok vagy csal\u00e1rd rendszerek sem seg\u00edtenek.\nA crash j\u00e1t\u00e9kok becs\u00fcletess\u00e9ge bizony\u00edthat\u00f3, b\u00e1rmelyik felhaszn\u00e1l\u00f3 ellen\u0151rizheti.  <\/p>\n\n<h2 class=\"wp-block-heading\">J\u00e1tssz Aviator (rep\u00fcl\u0151 rep\u00fcl\u0151g\u00e9p) p\u00e9nz\u00e9rt<\/h2>\n\n<p>A mini p\u00e9nzkiv\u00e9teli j\u00e1t\u00e9kok rendk\u00edv\u00fcl n\u00e9pszer\u0171ek.\nAz egyik legh\u00edresebb az Aviator.\nA design nagyon egyszer\u0171.\nS\u00f6t\u00e9t h\u00e1tt\u00e9ren magass\u00e1got nyer\u0151 rep\u00fcl\u0151g\u00e9p.\nMin\u00e9l magasabb &#8211; ann\u00e1l nagyobb az egy\u00fctthat\u00f3.\nHa sz\u00fcks\u00e9ges, lehet\u0151s\u00e9g van az anim\u00e1ci\u00f3 kikapcsol\u00e1s\u00e1ra.\nEbben az esetben a felhaszn\u00e1l\u00f3 csak a n\u00f6vekv\u0151 egy\u00fctthat\u00f3t l\u00e1tja maga el\u0151tt.\nA szorz\u00f3 sz\u00e1mol\u00e1sa egyr\u0151l indul, emelked\u00e9se egyenetlen.\nEl\u00e9g n\u00e9h\u00e1ny m\u00e1sodperc ahhoz, hogy \u00f6t- vagy sz\u00e1zszoros\u00e1ra n\u0151j\u00f6n.\nA k\u00f6r id\u0151tartama elt\u00e9r\u0151 lehet, \u00e9s egy eg\u00e9sz m\u00e1sodperc, \u00e9s egy kis t\u00f6red\u00e9ke.\nHa a szerencsej\u00e1t\u00e9kos k\u00edv\u00e1nja, a szerencsej\u00e1t\u00e9kos automatikus lej\u00e1tsz\u00e1st futtat, el\u00e9g neki be\u00e1ll\u00edtani a t\u00e9tet \u00e9s az egy\u00fctthat\u00f3t a k\u00f6r befejez\u00e9s\u00e9hez.\nAz \u00e9l\u0151 statisztik\u00e1knak k\u00f6sz\u00f6nhet\u0151en megismerheti a t\u00f6bbi felhaszn\u00e1l\u00f3 kor\u00e1bbi fogad\u00e1sait \u00e9s eredm\u00e9nyeit.           <\/p>\n\n<h2 class=\"wp-block-heading\">Crash j\u00e1t\u00e9k &#8211; Lucky Jet<\/h2>\n\n<figure class=\"wp-block-gallery has-nested-images columns-default is-cropped wp-block-gallery-2 is-layout-flex wp-block-gallery-is-layout-flex\">\n<figure class=\"wp-block-image size-large\"><span itemprop=\"image\" itemscope itemtype=\"https:\/\/schema.org\/ImageObject\"><img itemprop=\"url image\" loading=\"lazy\" decoding=\"async\" width=\"1024\" height=\"509\" data-id=\"448\" src=\"https:\/\/aviator-crash.org\/wp-content\/uploads\/2024\/01\/lucky-jet_1-1024x509.jpg\" alt=\"\" class=\"wp-image-448\" srcset=\"https:\/\/aviator-crash.org\/wp-content\/uploads\/2024\/01\/lucky-jet_1-1024x509.jpg 1024w, https:\/\/aviator-crash.org\/wp-content\/uploads\/2024\/01\/lucky-jet_1-300x149.jpg 300w, https:\/\/aviator-crash.org\/wp-content\/uploads\/2024\/01\/lucky-jet_1-768x382.jpg 768w, https:\/\/aviator-crash.org\/wp-content\/uploads\/2024\/01\/lucky-jet_1.jpg 1093w\" sizes=\"(max-width: 1024px) 100vw, 1024px\" \/><meta itemprop=\"width\" content=\"1024\"><meta itemprop=\"height\" content=\"509\"><\/span><\/figure>\n<\/figure>\n\n<p>Crash j\u00e1t\u00e9kok p\u00e9nz\u00e9rt b\u00f3nusz van egy m\u00e1sik telek.\nOnline szerencs\u00e9t pr\u00f3b\u00e1lhatsz a Lucky Jet j\u00e1t\u00e9kban, ahol a f\u0151szerepl\u0151, Joe egy p\u00e9nzzel teli t\u00e1sk\u00e1val pr\u00f3b\u00e1l elrep\u00fclni.\nA Crash j\u00e1t\u00e9k p\u00e9nz\u00e9rt egyszer\u0171 szab\u00e1lyokkal rendelkezik.\nKi kell v\u00e1lasztanod egy t\u00e9tet \u00e9s van id\u0151d, hogy bev\u00e1ltsd.\nHa nem teszed meg id\u0151ben, a p\u00e9nz el\u00e9g.\nAz es\u00e9lyek att\u00f3l f\u00fcggnek, hogy Joe mennyi ideig marad a leveg\u0151ben.     <\/p>\n\n<p>A maxim\u00e1lis szorz\u00f3 m\u00e9rt\u00e9ke 100, egyes szerencsej\u00e1t\u00e9k-int\u00e9zm\u00e9nyekben ez megdupl\u00e1z\u00f3dik.\nA nyer\u00e9s csak a j\u00e1t\u00e9kos intu\u00edci\u00f3j\u00e1t\u00f3l f\u00fcgg, hiszen \u0151 d\u00f6nti el, hogy mikor nyomja meg a gombot. <\/p>\n\n<h2 class=\"wp-block-heading\">Crash j\u00e1t\u00e9k &#8211; Jet X<\/h2>\n\n<figure class=\"wp-block-gallery has-nested-images columns-default is-cropped wp-block-gallery-3 is-layout-flex wp-block-gallery-is-layout-flex\">\n<figure class=\"wp-block-image size-large\"><span itemprop=\"image\" itemscope itemtype=\"https:\/\/schema.org\/ImageObject\"><img itemprop=\"url image\" loading=\"lazy\" decoding=\"async\" width=\"1024\" height=\"621\" data-id=\"451\" src=\"https:\/\/aviator-crash.org\/wp-content\/uploads\/2024\/01\/jetx-game-9-1024x621-1.png\" alt=\"\" class=\"wp-image-451\" srcset=\"https:\/\/aviator-crash.org\/wp-content\/uploads\/2024\/01\/jetx-game-9-1024x621-1.png 1024w, https:\/\/aviator-crash.org\/wp-content\/uploads\/2024\/01\/jetx-game-9-1024x621-1-300x182.png 300w, https:\/\/aviator-crash.org\/wp-content\/uploads\/2024\/01\/jetx-game-9-1024x621-1-768x466.png 768w\" sizes=\"(max-width: 1024px) 100vw, 1024px\" \/><meta itemprop=\"width\" content=\"1024\"><meta itemprop=\"height\" content=\"621\"><\/span><\/figure>\n<\/figure>\n\n<p>A gyors p\u00e9nzes j\u00e1t\u00e9kok gyakran egy j\u00e1rm\u0171vet haszn\u00e1lnak f\u0151szerepl\u0151k\u00e9nt.\nA Jet X-ben egy sug\u00e1rhajt\u00e1s\u00fa rep\u00fcl\u0151g\u00e9p mozg\u00e1s\u00e1t kell k\u00f6vetned.\nEgyszer azonban lezuhan \u00e9s elt\u0171nik a radarr\u00f3l.\n\u00c9s ez el\u0151tt a felhaszn\u00e1l\u00f3nak \u00f3vatosan meg kell nyomnia a visszavon\u00e1s gombj\u00e1t.\nEllenkez\u0151 esetben a kaszin\u00f3 nyer.    <\/p>\n\n<p>A j\u00e1t\u00e9k a legjobbak k\u00f6z\u00e9 tartozik, sz\u00e1mos kaszin\u00f3ban megtal\u00e1lhat\u00f3.\nA felhaszn\u00e1l\u00f3 egy radark\u00e9perny\u0151t l\u00e1t maga el\u0151tt, amelyen a rep\u00fcl\u0151g\u00e9p \u00e9s az egy\u00fctthat\u00f3 l\u00e1that\u00f3.\nEz n\u00f6vekszik, amikor a rep\u00fcl\u0151g\u00e9p felsz\u00e1ll.\nNem v\u00e9letlen\u00fcl szerepel a Jet X a &#8222;Gyors kivon\u00e1ssal j\u00e1r\u00f3 j\u00e1t\u00e9kok&#8221; kateg\u00f3ri\u00e1j\u00e1ban, a k\u00f6r nem tart tov\u00e1bb p\u00e1r percn\u00e9l.   <\/p>\n\n<p>Az oldals\u00f3 mez\u0151k\u00f6n a felhaszn\u00e1l\u00f3 l\u00e1thatja a kor\u00e1bbi fordul\u00f3kban el\u00e9rt eredm\u00e9nyeket.\nEzenk\u00edv\u00fcl az \u00f6sszes felhaszn\u00e1l\u00f3 val\u00f3s statisztik\u00e1ja is l\u00e1that\u00f3.\nA j\u00e1t\u00e9kos k\u00f6r\u00f6nk\u00e9nt k\u00e9t t\u00e9tet tehet, sz\u00fcks\u00e9g eset\u00e9n az automatikus kifizet\u00e9s aktiv\u00e1l\u00f3dik.\nA kies\u00e9s b\u00e1rmelyik pillanatban bek\u00f6vetkezhet, m\u00e9g akkor is, ha a harcos \u00e9ppen csak elkezdett magass\u00e1got nyerni.\nAz inform\u00e1ci\u00f3s oldalak x25000-es maxim\u00e1lis egy\u00fctthat\u00f3r\u00f3l sz\u00e1molnak be, de ezt m\u00e9g egyetlen szerencsej\u00e1t\u00e9kos sem \u00e9rte el.    <\/p>\n\n<h2 class=\"wp-block-heading\">J\u00e1t\u00e9k\u00f6sszeoml\u00e1s &#8211; Rocket X<\/h2>\n\n<figure class=\"wp-block-gallery has-nested-images columns-default is-cropped wp-block-gallery-4 is-layout-flex wp-block-gallery-is-layout-flex\">\n<figure class=\"wp-block-image size-large\"><span itemprop=\"image\" itemscope itemtype=\"https:\/\/schema.org\/ImageObject\"><img itemprop=\"url image\" loading=\"lazy\" decoding=\"async\" width=\"1024\" height=\"448\" data-id=\"453\" src=\"https:\/\/aviator-crash.org\/wp-content\/uploads\/2024\/01\/screenshot-2022-11-29-at-12.55.42-1024x448.jpg\" alt=\"\" class=\"wp-image-453\" srcset=\"https:\/\/aviator-crash.org\/wp-content\/uploads\/2024\/01\/screenshot-2022-11-29-at-12.55.42-1024x448.jpg 1024w, https:\/\/aviator-crash.org\/wp-content\/uploads\/2024\/01\/screenshot-2022-11-29-at-12.55.42-300x131.jpg 300w, https:\/\/aviator-crash.org\/wp-content\/uploads\/2024\/01\/screenshot-2022-11-29-at-12.55.42-768x336.jpg 768w, https:\/\/aviator-crash.org\/wp-content\/uploads\/2024\/01\/screenshot-2022-11-29-at-12.55.42-1536x673.jpg 1536w, https:\/\/aviator-crash.org\/wp-content\/uploads\/2024\/01\/screenshot-2022-11-29-at-12.55.42-2048x897.jpg 2048w\" sizes=\"(max-width: 1024px) 100vw, 1024px\" \/><meta itemprop=\"width\" content=\"1024\"><meta itemprop=\"height\" content=\"448\"><\/span><\/figure>\n<\/figure>\n\n<p>A felhaszn\u00e1l\u00f3 figyeli a rak\u00e9ta felsz\u00e1ll\u00e1s\u00e1t.\nT\u00e9tet tehet 0,1 \u00e9s 140 k\u00f6z\u00f6tt.\nMin\u00e9l tov\u00e1bb tart a rep\u00fcl\u00e9s &#8211; ann\u00e1l magasabb az egy\u00fctthat\u00f3.\nA szerencsej\u00e1t\u00e9kos szem\u00e9lyre szabhatja a j\u00e1t\u00e9kot, haszn\u00e1lhatja az automatikus fogad\u00e1st \u00e9s a kifizet\u00e9st.\nA crash j\u00e1t\u00e9k minim\u00e1lis be\u00e1ll\u00edt\u00e1sokat ig\u00e9nyel.\nEzt k\u00f6vet\u0151en a felhaszn\u00e1l\u00f3 l\u00e1tv\u00e1nyos folyamatot \u00e9lvezhet: a rak\u00e9ta kil\u00f6v\u00e9se ut\u00e1n f\u00e9nyes f\u00fcstfelh\u0151 jelenik meg, az egy\u00fctthat\u00f3 is n\u00f6vekszik.\nAutomatikus kivon\u00e1s hi\u00e1ny\u00e1ban a k\u00f6r v\u00e9g\u00e9nek pillanat\u00e1t a j\u00e1t\u00e9kos v\u00e1lasztja ki.\nHa erre nem volt ideje a robban\u00e1s el\u0151tt, akkor vesztes\u00e9gben marad.\nLehet\u0151s\u00e9g van arra, hogy gy\u0151ztes legyen, ha k\u00fcl\u00f6nb\u00f6z\u0151 strat\u00e9gi\u00e1kat \u00e9s taktik\u00e1kat haszn\u00e1l.        <\/p>\n\n<h2 class=\"wp-block-heading\">Crash j\u00e1t\u00e9k &#8211; Space XY<\/h2>\n\n<figure class=\"wp-block-gallery has-nested-images columns-default is-cropped wp-block-gallery-5 is-layout-flex wp-block-gallery-is-layout-flex\">\n<figure class=\"wp-block-image size-large\"><span itemprop=\"image\" itemscope itemtype=\"https:\/\/schema.org\/ImageObject\"><img itemprop=\"url image\" loading=\"lazy\" decoding=\"async\" width=\"1024\" height=\"577\" data-id=\"455\" src=\"https:\/\/aviator-crash.org\/wp-content\/uploads\/2024\/01\/spacexy-gameplay-screen-1024x577-1.webp\" alt=\"\" class=\"wp-image-455\" srcset=\"https:\/\/aviator-crash.org\/wp-content\/uploads\/2024\/01\/spacexy-gameplay-screen-1024x577-1.webp 1024w, https:\/\/aviator-crash.org\/wp-content\/uploads\/2024\/01\/spacexy-gameplay-screen-1024x577-1-300x169.webp 300w, https:\/\/aviator-crash.org\/wp-content\/uploads\/2024\/01\/spacexy-gameplay-screen-1024x577-1-768x433.webp 768w\" sizes=\"(max-width: 1024px) 100vw, 1024px\" \/><meta itemprop=\"width\" content=\"1024\"><meta itemprop=\"height\" content=\"577\"><\/span><\/figure>\n<\/figure>\n\n<p>Crash j\u00e1t\u00e9k p\u00e9nz\u00e9rt egyedi jellemz\u0151kkel rendelkezik.\nAz \u0171r t\u00e9m\u00e1ja \u00e9rdekesebb\u00e9 \u00e9s vonz\u00f3bb\u00e1 teszi a j\u00e1t\u00e9kosok sz\u00e1m\u00e1ra.\n\u0170rhaj\u00f3k, galaxisok, idegen l\u00e9nyek, mindez a vil\u00e1gos anim\u00e1ci\u00f3val \u00e9s grafik\u00e1val kombin\u00e1lva lehet\u0151v\u00e9 teszi, hogy teljesen elmer\u00fclj a szerencsej\u00e1t\u00e9kok vil\u00e1g\u00e1ban.\nSpace XY &#8211; a legjobb j\u00e1t\u00e9k gyors kifizet\u00e9ssel, nyer\u0151 kombin\u00e1ci\u00f3kkal \u00e9s b\u00f3nusz funkci\u00f3kkal rendelkezik.\nMegtal\u00e1lhat\u00f3 k\u00fcl\u00f6nb\u00f6z\u0151 online kaszin\u00f3kban, \u00edgy a Crash j\u00e1t\u00e9k sz\u00e9les k\u00f6z\u00f6ns\u00e9g sz\u00e1m\u00e1ra el\u00e9rhet\u0151.\nJ\u00e1tszhatsz val\u00f3di p\u00e9nz\u00e9rt vagy virtu\u00e1lis zsetonok\u00e9rt, csak a dem\u00f3 m\u00f3dot kell futtatnod.     <\/p>\n\n<h2 class=\"wp-block-heading\">Gyors j\u00e1t\u00e9k &#8211; Cash or Crash<\/h2>\n\n<figure class=\"wp-block-gallery has-nested-images columns-default is-cropped wp-block-gallery-6 is-layout-flex wp-block-gallery-is-layout-flex\">\n<figure class=\"wp-block-image size-large\"><span itemprop=\"image\" itemscope itemtype=\"https:\/\/schema.org\/ImageObject\"><img itemprop=\"url image\" loading=\"lazy\" decoding=\"async\" width=\"1024\" height=\"576\" data-id=\"457\" src=\"https:\/\/aviator-crash.org\/wp-content\/uploads\/2024\/01\/cash-or-crash-evolution-live-games-hollywoodbets-1024x576-1.jpg\" alt=\"\" class=\"wp-image-457\" srcset=\"https:\/\/aviator-crash.org\/wp-content\/uploads\/2024\/01\/cash-or-crash-evolution-live-games-hollywoodbets-1024x576-1.jpg 1024w, https:\/\/aviator-crash.org\/wp-content\/uploads\/2024\/01\/cash-or-crash-evolution-live-games-hollywoodbets-1024x576-1-300x169.jpg 300w, https:\/\/aviator-crash.org\/wp-content\/uploads\/2024\/01\/cash-or-crash-evolution-live-games-hollywoodbets-1024x576-1-768x432.jpg 768w\" sizes=\"(max-width: 1024px) 100vw, 1024px\" \/><meta itemprop=\"width\" content=\"1024\"><meta itemprop=\"height\" content=\"576\"><\/span><\/figure>\n<\/figure>\n\n<p>A j\u00e1t\u00e9kos egy l\u00e9ghaj\u00f3ban tal\u00e1lja mag\u00e1t, amely egy hatalmas metropolisz felett mozog.\nA felhaszn\u00e1l\u00f3 egy olyan berendez\u00e9st l\u00e1t, amelyben goly\u00f3kat kevernek.\nNyolc piros, 19 z\u00f6ld \u00e9s egy aranysz\u00edn\u0171 goly\u00f3t haszn\u00e1lnak.\nA j\u00e1t\u00e9kosnak a l\u00e9pcs\u0151n kell felfel\u00e9 haladnia.\nEhhez z\u00f6ld sz\u00edn\u0171 goly\u00f3kat kell gy\u0171jtenie.\nHa egy piros goly\u00f3 kiesik, a k\u00f6rnek v\u00e9ge.\nAz arany goly\u00f3 v\u00e9dekez\u00e9sre haszn\u00e1lhat\u00f3, plusz \u00e9letet ad.      <\/p>\n\n<p>Miut\u00e1n a pajzs elt\u00f6rik vagy a z\u00f6ld goly\u00f3 kiesik, a j\u00e1t\u00e9kos teljes nyerem\u00e9ny\u00e9vel a j\u00e1t\u00e9kban maradhat, vagy befejezheti a k\u00f6rt.\nLehet\u0151s\u00e9ge van arra is, hogy a p\u00e9nz fel\u00e9t kivegye, \u00e9s a fennmarad\u00f3 \u00f6sszeggel folytassa a j\u00e1t\u00e9kot.\nA szerencsej\u00e1t\u00e9kosnak h\u00fasz szintet kell v\u00e9gigj\u00e1rnia.\nEzek k\u00f6z\u00fcl az els\u0151n a szorz\u00f3 1,2x, a l\u00e9tra tetej\u00e9n pedig 18000x.\nEl\u00e9g, ha a j\u00e1t\u00e9kos 5 doll\u00e1rt tesz fel, hogy 90000-at kapjon eredm\u00e9nyk\u00e9nt.    <\/p>\n\n<p>A j\u00e1t\u00e9k let\u00f6lt\u00e9se gyors p\u00e9nzkiv\u00e9tellel el\u00e9rhet\u0151 az online kaszin\u00f3kban.\nMegb\u00edzhat\u00f3, enged\u00e9llyel rendelkez\u0151 szolg\u00e1ltat\u00e1st kell v\u00e1lasztani, ez garant\u00e1lja a szab\u00e1lyoz\u00f3 hat\u00f3s\u00e1g szab\u00e1lyainak betart\u00e1s\u00e1t.\nEz azt jelenti, hogy a kaszin\u00f3nak van p\u00e9nze arra, hogy ak\u00e1r nagy \u00f6sszegeket is kifizessen a nyerteseknek, folyamatosan bels\u0151 auditokon \u00e9s szoftverellen\u0151rz\u00e9seken esik \u00e1t.\nFontos, hogy tanulm\u00e1nyozza a v\u00e9lem\u00e9nyeket \u00e9s az int\u00e9zm\u00e9ny weboldal\u00e1t.\nHa a felhaszn\u00e1l\u00f3 egy csal\u00e1rd webhelyre esik, akkor nem kap sz\u00f3rakoz\u00e1st b\u00f3nuszokkal \u00e9s nyerem\u00e9nyekkel, hanem elvesz\u00edti a szem\u00e9lyes adatokat, vagy v\u00edrusokkal fert\u0151zi az eszk\u00f6zt.    <\/p>\n","protected":false},"excerpt":{"rendered":"<p>A Crash j\u00e1t\u00e9kok koncepci\u00f3ja a 2000-es \u00e9vek elej\u00e9n jelent meg. Az ut\u00f3bbi n\u00e9h\u00e1ny \u00e9vben azonban egyre n\u00e9pszer\u0171bb\u00e9 v\u00e1ltak. A gyors p\u00e9nzszerz\u00e9sre szolg\u00e1l\u00f3 j\u00e1t\u00e9kok szinte minden online kaszin\u00f3ban bemutatkoznak. Minden egyes fordul\u00f3 izgalmas \u00e9s adrenalinnal teli. A gyors j\u00e1t\u00e9kokat egyszer\u0171 j\u00e1t\u00e9kmenet jellemzi: a szorz\u00f3 n\u0151, ennek megfelel\u0151en a nyerem\u00e9ny is n\u0151, a p\u00e9nzt m\u00e9g a katasztr\u00f3fa [&hellip;]<\/p>\n","protected":false},"author":2,"featured_media":0,"parent":0,"menu_order":0,"comment_status":"closed","ping_status":"closed","template":"","meta":{"footnotes":""},"yoast_head":"<!-- This site is optimized with the Yoast SEO plugin v21.7 - https:\/\/yoast.com\/wordpress\/plugins\/seo\/ -->\n<title>Crash j\u00e1t\u00e9kok p\u00e9nz\u00e9rt (gyors online Crash j\u00e1t\u00e9k p\u00e9nzkiv\u00e9tellel)<\/title>\n<meta name=\"description\" content=\"A crash j\u00e1t\u00e9kok az\u00e9rt n\u00e9pszer\u0171ek, mert lehet\u0151s\u00e9get ny\u00fajtanak a gyors p\u00e9nzszerz\u00e9sre. A p\u00e9nz\u00e9rt j\u00e1tszott j\u00e1t\u00e9kokat, ahol krach van, egyszer\u0171 szab\u00e1lyok jellemzik. Ugyanakkor nagyon izgalmasak \u00e9s szerencsej\u00e1t\u00e9kok.\" \/>\n<meta name=\"robots\" content=\"index, follow, max-snippet:-1, max-image-preview:large, max-video-preview:-1\" \/>\n<link rel=\"canonical\" href=\"https:\/\/aviator-crash.org\/hu\/gyors-keszpenzes-online-jatekok-visszavonassal\/\" \/>\n<meta property=\"og:locale\" content=\"hu_HU\" \/>\n<meta property=\"og:type\" content=\"article\" \/>\n<meta property=\"og:title\" content=\"Crash j\u00e1t\u00e9kok p\u00e9nz\u00e9rt (gyors online Crash j\u00e1t\u00e9k p\u00e9nzkiv\u00e9tellel)\" \/>\n<meta property=\"og:description\" content=\"A crash j\u00e1t\u00e9kok az\u00e9rt n\u00e9pszer\u0171ek, mert lehet\u0151s\u00e9get ny\u00fajtanak a gyors p\u00e9nzszerz\u00e9sre. A p\u00e9nz\u00e9rt j\u00e1tszott j\u00e1t\u00e9kokat, ahol krach van, egyszer\u0171 szab\u00e1lyok jellemzik. Ugyanakkor nagyon izgalmasak \u00e9s szerencsej\u00e1t\u00e9kok.\" \/>\n<meta property=\"og:url\" content=\"https:\/\/aviator-crash.org\/hu\/gyors-keszpenzes-online-jatekok-visszavonassal\/\" \/>\n<meta property=\"article:modified_time\" content=\"2024-02-02T19:41:32+00:00\" \/>\n<meta property=\"og:image\" content=\"https:\/\/aviator-crash.org\/wp-content\/uploads\/2024\/01\/aviator-minigame-logo-4.png\" \/>\n<meta name=\"twitter:card\" content=\"summary_large_image\" \/>\n<meta name=\"twitter:label1\" content=\"Est. reading time\" \/>\n\t<meta name=\"twitter:data1\" content=\"8 perc\" \/>\n<script type=\"application\/ld+json\" class=\"yoast-schema-graph\">{\"@context\":\"https:\/\/schema.org\",\"@graph\":[{\"@type\":\"WebPage\",\"@id\":\"https:\/\/aviator-crash.org\/hu\/gyors-keszpenzes-online-jatekok-visszavonassal\/\",\"url\":\"https:\/\/aviator-crash.org\/hu\/gyors-keszpenzes-online-jatekok-visszavonassal\/\",\"name\":\"Crash j\u00e1t\u00e9kok p\u00e9nz\u00e9rt (gyors online Crash j\u00e1t\u00e9k p\u00e9nzkiv\u00e9tellel)\",\"isPartOf\":{\"@id\":\"https:\/\/aviator-crash.org\/hu\/#website\"},\"datePublished\":\"2023-12-27T19:12:26+00:00\",\"dateModified\":\"2024-02-02T19:41:32+00:00\",\"description\":\"A crash j\u00e1t\u00e9kok az\u00e9rt n\u00e9pszer\u0171ek, mert lehet\u0151s\u00e9get ny\u00fajtanak a gyors p\u00e9nzszerz\u00e9sre. A p\u00e9nz\u00e9rt j\u00e1tszott j\u00e1t\u00e9kokat, ahol krach van, egyszer\u0171 szab\u00e1lyok jellemzik. Ugyanakkor nagyon izgalmasak \u00e9s szerencsej\u00e1t\u00e9kok.\",\"breadcrumb\":{\"@id\":\"https:\/\/aviator-crash.org\/hu\/gyors-keszpenzes-online-jatekok-visszavonassal\/#breadcrumb\"},\"inLanguage\":\"hu\",\"potentialAction\":[{\"@type\":\"ReadAction\",\"target\":[\"https:\/\/aviator-crash.org\/hu\/gyors-keszpenzes-online-jatekok-visszavonassal\/\"]}]},{\"@type\":\"BreadcrumbList\",\"@id\":\"https:\/\/aviator-crash.org\/hu\/gyors-keszpenzes-online-jatekok-visszavonassal\/#breadcrumb\",\"itemListElement\":[{\"@type\":\"ListItem\",\"position\":1,\"name\":\"Home\",\"item\":\"https:\/\/aviator-crash.org\/hu\/aviator-jatek-online-valodi-penzert\/\"},{\"@type\":\"ListItem\",\"position\":2,\"name\":\"Gyors k\u00e9szp\u00e9nzes online j\u00e1t\u00e9kok visszavon\u00e1ssal\"}]},{\"@type\":\"WebSite\",\"@id\":\"https:\/\/aviator-crash.org\/hu\/#website\",\"url\":\"https:\/\/aviator-crash.org\/hu\/\",\"name\":\"\",\"description\":\"\",\"potentialAction\":[{\"@type\":\"SearchAction\",\"target\":{\"@type\":\"EntryPoint\",\"urlTemplate\":\"https:\/\/aviator-crash.org\/hu\/?s={search_term_string}\"},\"query-input\":\"required name=search_term_string\"}],\"inLanguage\":\"hu\"}]}<\/script>\n<!-- \/ Yoast SEO plugin. -->","yoast_head_json":{"title":"Crash j\u00e1t\u00e9kok p\u00e9nz\u00e9rt (gyors online Crash j\u00e1t\u00e9k p\u00e9nzkiv\u00e9tellel)","description":"A crash j\u00e1t\u00e9kok az\u00e9rt n\u00e9pszer\u0171ek, mert lehet\u0151s\u00e9get ny\u00fajtanak a gyors p\u00e9nzszerz\u00e9sre. A p\u00e9nz\u00e9rt j\u00e1tszott j\u00e1t\u00e9kokat, ahol krach van, egyszer\u0171 szab\u00e1lyok jellemzik. Ugyanakkor nagyon izgalmasak \u00e9s szerencsej\u00e1t\u00e9kok.","robots":{"index":"index","follow":"follow","max-snippet":"max-snippet:-1","max-image-preview":"max-image-preview:large","max-video-preview":"max-video-preview:-1"},"canonical":"https:\/\/aviator-crash.org\/hu\/gyors-keszpenzes-online-jatekok-visszavonassal\/","og_locale":"hu_HU","og_type":"article","og_title":"Crash j\u00e1t\u00e9kok p\u00e9nz\u00e9rt (gyors online Crash j\u00e1t\u00e9k p\u00e9nzkiv\u00e9tellel)","og_description":"A crash j\u00e1t\u00e9kok az\u00e9rt n\u00e9pszer\u0171ek, mert lehet\u0151s\u00e9get ny\u00fajtanak a gyors p\u00e9nzszerz\u00e9sre. A p\u00e9nz\u00e9rt j\u00e1tszott j\u00e1t\u00e9kokat, ahol krach van, egyszer\u0171 szab\u00e1lyok jellemzik. Ugyanakkor nagyon izgalmasak \u00e9s szerencsej\u00e1t\u00e9kok.","og_url":"https:\/\/aviator-crash.org\/hu\/gyors-keszpenzes-online-jatekok-visszavonassal\/","article_modified_time":"2024-02-02T19:41:32+00:00","og_image":[{"url":"https:\/\/aviator-crash.org\/wp-content\/uploads\/2024\/01\/aviator-minigame-logo-4.png"}],"twitter_card":"summary_large_image","twitter_misc":{"Est. reading time":"8 perc"},"schema":{"@context":"https:\/\/schema.org","@graph":[{"@type":"WebPage","@id":"https:\/\/aviator-crash.org\/hu\/gyors-keszpenzes-online-jatekok-visszavonassal\/","url":"https:\/\/aviator-crash.org\/hu\/gyors-keszpenzes-online-jatekok-visszavonassal\/","name":"Crash j\u00e1t\u00e9kok p\u00e9nz\u00e9rt (gyors online Crash j\u00e1t\u00e9k p\u00e9nzkiv\u00e9tellel)","isPartOf":{"@id":"https:\/\/aviator-crash.org\/hu\/#website"},"datePublished":"2023-12-27T19:12:26+00:00","dateModified":"2024-02-02T19:41:32+00:00","description":"A crash j\u00e1t\u00e9kok az\u00e9rt n\u00e9pszer\u0171ek, mert lehet\u0151s\u00e9get ny\u00fajtanak a gyors p\u00e9nzszerz\u00e9sre. A p\u00e9nz\u00e9rt j\u00e1tszott j\u00e1t\u00e9kokat, ahol krach van, egyszer\u0171 szab\u00e1lyok jellemzik. Ugyanakkor nagyon izgalmasak \u00e9s szerencsej\u00e1t\u00e9kok.","breadcrumb":{"@id":"https:\/\/aviator-crash.org\/hu\/gyors-keszpenzes-online-jatekok-visszavonassal\/#breadcrumb"},"inLanguage":"hu","potentialAction":[{"@type":"ReadAction","target":["https:\/\/aviator-crash.org\/hu\/gyors-keszpenzes-online-jatekok-visszavonassal\/"]}]},{"@type":"BreadcrumbList","@id":"https:\/\/aviator-crash.org\/hu\/gyors-keszpenzes-online-jatekok-visszavonassal\/#breadcrumb","itemListElement":[{"@type":"ListItem","position":1,"name":"Home","item":"https:\/\/aviator-crash.org\/hu\/aviator-jatek-online-valodi-penzert\/"},{"@type":"ListItem","position":2,"name":"Gyors k\u00e9szp\u00e9nzes online j\u00e1t\u00e9kok visszavon\u00e1ssal"}]},{"@type":"WebSite","@id":"https:\/\/aviator-crash.org\/hu\/#website","url":"https:\/\/aviator-crash.org\/hu\/","name":"","description":"","potentialAction":[{"@type":"SearchAction","target":{"@type":"EntryPoint","urlTemplate":"https:\/\/aviator-crash.org\/hu\/?s={search_term_string}"},"query-input":"required name=search_term_string"}],"inLanguage":"hu"}]}},"_links":{"self":[{"href":"https:\/\/aviator-crash.org\/hu\/wp-json\/wp\/v2\/pages\/3120"}],"collection":[{"href":"https:\/\/aviator-crash.org\/hu\/wp-json\/wp\/v2\/pages"}],"about":[{"href":"https:\/\/aviator-crash.org\/hu\/wp-json\/wp\/v2\/types\/page"}],"author":[{"embeddable":true,"href":"https:\/\/aviator-crash.org\/hu\/wp-json\/wp\/v2\/users\/2"}],"replies":[{"embeddable":true,"href":"https:\/\/aviator-crash.org\/hu\/wp-json\/wp\/v2\/comments?post=3120"}],"version-history":[{"count":1,"href":"https:\/\/aviator-crash.org\/hu\/wp-json\/wp\/v2\/pages\/3120\/revisions"}],"predecessor-version":[{"id":3128,"href":"https:\/\/aviator-crash.org\/hu\/wp-json\/wp\/v2\/pages\/3120\/revisions\/3128"}],"wp:attachment":[{"href":"https:\/\/aviator-crash.org\/hu\/wp-json\/wp\/v2\/media?parent=3120"}],"curies":[{"name":"wp","href":"https:\/\/api.w.org\/{rel}","templated":true}]}}