{"id":3674,"date":"2023-12-27T19:26:44","date_gmt":"2023-12-27T19:26:44","guid":{"rendered":"https:\/\/aviator-crash.org\/lucky-jet-1win-letoltese\/"},"modified":"2024-02-02T20:19:58","modified_gmt":"2024-02-02T20:19:58","slug":"lucky-jet-1win-letoltese","status":"publish","type":"page","link":"https:\/\/aviator-crash.org\/hu\/lucky-jet-1win-letoltese\/","title":{"rendered":"Lucky Jet 1win let\u00f6lt\u00e9se"},"content":{"rendered":"\n<figure class=\"wp-block-gallery has-nested-images columns-default is-cropped wp-block-gallery-1 is-layout-flex wp-block-gallery-is-layout-flex\">\n<figure class=\"wp-block-image size-large\"><span itemprop=\"image\" itemscope itemtype=\"https:\/\/schema.org\/ImageObject\"><img itemprop=\"url image\" loading=\"lazy\" decoding=\"async\" width=\"880\" height=\"500\" data-id=\"478\" src=\"https:\/\/aviator-crash.org\/wp-content\/uploads\/2024\/01\/lucky_jet_game-casino_yl6vvw.webp\" alt=\"\" class=\"wp-image-478\" srcset=\"https:\/\/aviator-crash.org\/wp-content\/uploads\/2024\/01\/lucky_jet_game-casino_yl6vvw.webp 880w, https:\/\/aviator-crash.org\/wp-content\/uploads\/2024\/01\/lucky_jet_game-casino_yl6vvw-300x170.webp 300w, https:\/\/aviator-crash.org\/wp-content\/uploads\/2024\/01\/lucky_jet_game-casino_yl6vvw-768x436.webp 768w\" sizes=\"(max-width: 880px) 100vw, 880px\" \/><meta itemprop=\"width\" content=\"880\"><meta itemprop=\"height\" content=\"500\"><\/span><\/figure>\n<\/figure>\n\n<p>Virtu\u00f3z rep\u00fcl\u00e9s, szerencsej\u00e1t\u00e9kos pillanatok \u00e9s hat\u00e1rtalan t\u00e9r tal\u00e1lkozik a Lucky Jet 1win nev\u0171 izgalmas kalandban.\nEz az izgalmas 1win j\u00e1t\u00e9k az izgalmak \u00e9s kalandok egyed\u00fcl\u00e1ll\u00f3 vil\u00e1g\u00e1ba kalauzolja el a j\u00e1t\u00e9kosokat, ahol minden man\u0151ver a gy\u0151zelem kulcsa lehet. <\/p>\n\n<p>A Lucky Jet 1win nem csak egy androidos j\u00e1t\u00e9k, hanem egy lehet\u0151s\u00e9g arra, hogy belevess\u00fck magunkat a szerencsej\u00e1t\u00e9kok izgalmas vil\u00e1g\u00e1ba, ahol minden pillanat fordulatot hozhat.\nT\u00f6ltse le a hivatalos alkalmaz\u00e1s Lucky Jet j\u00e1t\u00e9k akkor a helysz\u00ednen Onewin.\nA szem\u00e9lyes fi\u00f3kodban \u00f6sszegy\u0171jtheted a jutalmakat, harcolhatsz \u00e9s versenyezhetsz a bar\u00e1taiddal.\nA Lucky Jet 1win alkalmaz\u00e1s ingyenesen let\u00f6lthet\u0151.   <\/p>\n\n<h2 class=\"wp-block-heading\">A Lucky Jet online j\u00e1t\u00e9k el\u0151nyei<\/h2>\n\n<p>Ez az alkalmaz\u00e1s egy izgalmas online j\u00e1t\u00e9k sz\u00e1mos el\u0151nnyel:<\/p>\n\n<ul>\n<li>\u00c9rdekes j\u00e1t\u00e9kmenet.\nA j\u00e1t\u00e9kosok \u00e9lvezhetik a high-tech csat\u00e1kat az \u0171rben, felsz\u00e1llva rep\u00fcl\u0151 g\u00e9peikkel. <\/li>\n\n\n\n<li>Rengeteg izgalmas k\u00fcldet\u00e9s.<\/li>\n\n\n\n<li>T\u00f6bbj\u00e1t\u00e9kos m\u00f3d.\nAz egyik legfontosabb el\u0151nye az online j\u00e1t\u00e9k lehet\u0151s\u00e9ge m\u00e1s j\u00e1t\u00e9kosokkal.\nA Lucky Jet 1win \u00e9rt\u00e9kel\u00e9sei ezt a m\u00f3dot tekintve rendk\u00edv\u00fcl pozit\u00edvak, mivel a j\u00e1t\u00e9kosok k\u00e9pesek lesznek harcolni, versenyezni \u00e9s egy\u00fcttm\u0171k\u00f6dni a bar\u00e1taikkal vagy m\u00e1s j\u00e1t\u00e9kosokkal, ami szoci\u00e1lis aspektust \u00e9s dinamikus j\u00e1t\u00e9k\u00e9lm\u00e9nyt ad.  <\/li>\n\n\n\n<li>Rep\u00fcl\u0151g\u00e9pek testreszab\u00e1sa.\nA j\u00e1t\u00e9kosok k\u00e9pesek testre szabni \u00e9s jav\u00edtani rep\u00fcl\u0151 g\u00e9peiket.\nEz szem\u00e9lyre szabott megk\u00f6zel\u00edt\u00e9st biztos\u00edt a j\u00e1t\u00e9khoz, lehet\u0151v\u00e9 t\u00e9ve minden j\u00e1t\u00e9kos sz\u00e1m\u00e1ra, hogy kialak\u00edtsa saj\u00e1t st\u00edlus\u00e1t \u00e9s strat\u00e9gi\u00e1j\u00e1t.  <\/li>\n\n\n\n<li>Vizu\u00e1lisan vonz\u00f3 design.\nAz 1win Lucky Jet j\u00e1t\u00e9k leny\u0171g\u00f6z\u0151 grafik\u00e1val \u00e9s diz\u00e1jnnal rendelkezik, ami a j\u00e1t\u00e9k vil\u00e1g\u00e1t sz\u00edness\u00e9 \u00e9s vizu\u00e1lisan vonz\u00f3v\u00e1 teszi. <\/li>\n\n\n\n<li>Rendszeres friss\u00edt\u00e9sek.<\/li>\n<\/ul>\n\n<p>Ezeket az el\u0151ny\u00f6ket szem el\u0151tt tartva a Lucky Jet mag\u00e1val ragad\u00f3 j\u00e1t\u00e9k\u00e9lm\u00e9nyt ny\u00fajt, \u00f6tv\u00f6zve a dinamikus akci\u00f3, a t\u00e1rsadalmi interakci\u00f3 \u00e9s a strat\u00e9giai gondolkod\u00e1s elemeit.<\/p>\n\n<h2 class=\"wp-block-heading\">Hogyan kell j\u00e1tszani a Lucky Jet<\/h2>\n\n<p>A j\u00e1t\u00e9kosok el\u0151sz\u00f6r l\u00e9trehoznak egy fi\u00f3kot, ha sz\u00fcks\u00e9ges, \u00e9s kiv\u00e1lasztj\u00e1k a rep\u00fcl\u0151g\u00e9p\u00fcket.\nA j\u00e1t\u00e9kosok megismerkedhetnek az ir\u00e1ny\u00edt\u00e1ssal \u00e9s a j\u00e1t\u00e9kmenet alapjaival.\nA j\u00e1t\u00e9k az 1win Lucky Jet utalv\u00e1nyokkal vagy an\u00e9lk\u00fcl az ingyenes fogad\u00e1sokhoz k\u00fcl\u00f6nb\u00f6z\u0151 k\u00fcldet\u00e9seket, feladatokat vagy c\u00e9lkit\u0171z\u00e9seket tartalmazhat, amelyeket a j\u00e1t\u00e9kosoknak teljes\u00edteni\u00fck kell a fejl\u0151d\u00e9s \u00e9s az er\u0151forr\u00e1sok megszerz\u00e9se \u00e9rdek\u00e9ben.  <\/p>\n\n<p>Egy cs\u00facstechnol\u00f3gi\u00e1s rep\u00fcl\u0151g\u00e9p ir\u00e1ny\u00edt\u00e1sa alatt vesz\u00e9lyes riv\u00e1lisokkal csat\u00e1zol, fejleszted k\u00e9pess\u00e9geidet \u00e9s egyedi jutalmakat gy\u0171jtesz.\n\u00c9rdekes k\u00fcldet\u00e9sek, l\u00e9legzetel\u00e1ll\u00edt\u00f3 \u0171rb\u00e9li t\u00e1jak \u00e9s kisz\u00e1m\u00edthatatlan tal\u00e1lkoz\u00e1sok v\u00e1rnak r\u00e1d a gy\u0151zelemhez vezet\u0151 \u00faton. <\/p>\n\n<p>A Lucky Jet csat\u00e1iban jellemz\u0151en k\u00fcl\u00f6nf\u00e9le man\u0151vereket, fegyvereket \u00e9s taktikai megold\u00e1sokat kell alkalmazni az ellenfelek legy\u0151z\u00e9s\u00e9re.\nA j\u00e1t\u00e9kosok szembesz\u00e1llhatnak sz\u00e1m\u00edt\u00f3g\u00e9pes ellenfelekkel, vagy t\u00f6bbj\u00e1t\u00e9kos csat\u00e1kban vehetnek r\u00e9szt m\u00e1s j\u00e1t\u00e9kosokkal. <\/p>\n\n<p>Ha j\u00f3l akarod \u00e9rezni magad, akkor mindenk\u00e9ppen le kell t\u00f6ltened a Lucky Jet 1win programot a k\u00e9sz\u00fcl\u00e9kedre.\nEzut\u00e1n lehet\u0151s\u00e9ged ny\u00edlik arra, hogy dinamikus \u00e9s szerencsej\u00e1t\u00e9kos \u00e9lm\u00e9nyt \u00e9lvezz az \u0171rcsat\u00e1kban, \u00e9s haszn\u00e1ld a k\u00e9pess\u00e9geidet, strat\u00e9gi\u00e1idat \u00e9s k\u00e9pess\u00e9geidet a gy\u0151zelem el\u00e9r\u00e9s\u00e9hez. <\/p>\n\n<h2 class=\"wp-block-heading\">Hogyan lehet nyerni a Lucky Jet j\u00e1t\u00e9kban<\/h2>\n\n<p>A gy\u0151zelem sz\u00e1mos t\u00e9nyez\u0151t\u0151l f\u00fcgghet, \u00e9s fontos, hogy a Lucky Jet 1win j\u00e1t\u00e9kban strat\u00e9gi\u00e1t dolgozz ki, \u00e9s fejleszd a k\u00e9pess\u00e9geidet, hogy sikeres legy\u00e9l a j\u00e1t\u00e9kban.\n\u00cdme n\u00e9h\u00e1ny tipp, amely seg\u00edthet abban, hogy sikeres legy\u00e9l a Lucky Jet j\u00e1t\u00e9kban: <\/p>\n\n<ul>\n<li>Ismerkedjen meg a kezel\u0151szervekkel.\nIsmerje meg a rep\u00fcl\u0151 j\u00e1rm\u0171 ir\u00e1ny\u00edt\u00e1s\u00e1t.\nAz \u00f6sszes rendelkez\u00e9sre \u00e1ll\u00f3 man\u0151ver \u00e9s parancs meg\u00e9rt\u00e9se seg\u00edt a hat\u00e9kony ir\u00e1ny\u00edt\u00e1sban a harcban.  <\/li>\n\n\n\n<li>Vegyen r\u00e9szt a One Win Lucky Jet k\u00e9pz\u00e9sen.\nEz seg\u00edt elsaj\u00e1t\u00edtani a j\u00e1t\u00e9kmenet alapjait, \u00e9s megtanulhatod, hogyan haszn\u00e1ld a k\u00fcl\u00f6nb\u00f6z\u0151 taktik\u00e1kat. <\/li>\n\n\n\n<li>V\u00e1lassza ki a megfelel\u0151 rep\u00fcl\u0151g\u00e9pet.\nEgyesek jobban tudnak t\u00e1madni, m\u00edg m\u00e1sok jobban tudnak kit\u00e9rni. <\/li>\n\n\n\n<li>Fejlessze a k\u00e9sz\u00fcl\u00e9k\u00e9t.\nFejleszd a rep\u00fcl\u0151 eszk\u00f6z\u00f6d a j\u00e1t\u00e9kban szerzett er\u0151forr\u00e1sok seg\u00edts\u00e9g\u00e9vel.\nEz n\u00f6veli az es\u00e9lyeidet a csat\u00e1kban, \u00e9s versenyk\u00e9pesebb\u00e9 tesz.  <\/li>\n\n\n\n<li>Fejlessz ki egy Lucky Jet 1Win strat\u00e9gi\u00e1t minden egyes k\u00fczdelemre.<\/li>\n<\/ul>\n\n<p>Haszn\u00e1ld ki a k\u00f6rnyezetet az el\u0151ny\u00f6dre, t\u00e9rj ki a t\u00e1mad\u00e1sok el\u0151l, keresd meg az ellenfelek gyenge pontjait.\nA legjobb, ha a kis es\u00e9ly\u0171 strat\u00e9gi\u00e1t r\u00e9szes\u00edted el\u0151nyben a hat\u00e9konyabb gy\u0151zelem \u00e9rdek\u00e9ben. <\/p>\n\n<p>Ne feledje, hogy minden j\u00e1t\u00e9knak saj\u00e1tos dinamik\u00e1ja lehet, ez\u00e9rt k\u00eds\u00e9rletezzen, alkalmazkodjon \u00e9s \u00e9lvezze a Lucky Jet j\u00e1t\u00e9ktud\u00e1s\u00e1nak fejleszt\u00e9s\u00e9t.<\/p>\n\n<h2 class=\"wp-block-heading\">Lucky Jet j\u00e1t\u00e9kszab\u00e1lyok<\/h2>\n\n<p>A j\u00e1t\u00e9k m\u00e1sik el\u0151nye a szab\u00e1lyok egyszer\u0171s\u00e9ge \u00e9s hozz\u00e1f\u00e9rhet\u0151s\u00e9ge.\nItt t\u00f6bb fordul\u00f3 van, amelynek f\u0151 c\u00e9lja, hogy id\u0151ben tegye meg t\u00e9tjeit.\nA Lucky Jet 1win v\u00e9lem\u00e9nyek azt bizony\u00edtj\u00e1k, hogy itt nem minden olyan egyszer\u0171, mint amilyennek l\u00e1tszik.\nFontos, hogy id\u0151ben tegye fel az \u00f6sszeget, k\u00fcl\u00f6nben el\u00e9getheti.\nKock\u00e1ztatni akarsz, vagy v\u00e1rsz egy alkalmasabb pillanatra?\nMinden csak \u00d6nt\u0151l f\u00fcgg.     <\/p>\n\n<h2 class=\"wp-block-heading\">Utalv\u00e1nyok<\/h2>\n\n<p>A Lucky Jet utalv\u00e1nyok olyan speci\u00e1lis k\u00f3dok, amelyeket a j\u00e1t\u00e9kosok a j\u00e1t\u00e9kban megadhatnak, hogy b\u00f3nuszokhoz, er\u0151forr\u00e1sokhoz vagy egy\u00e9b el\u0151ny\u00f6kh\u00f6z jussanak.\nEzekkel az 1Win weboldal\u00e1n ismerkedhetsz meg.\nRendszeresen megjelennek, \u00faj lehet\u0151s\u00e9gekkel \u00e9s kedvez\u0151bb aj\u00e1nlatokkal \u00f6rvendeztetve meg a j\u00e1t\u00e9kosokat.  <\/p>\n\n<h2 class=\"wp-block-heading\">Aj\u00e1nl\u00e1sok<\/h2>\n\n<p>\u00cdme n\u00e9h\u00e1ny felhaszn\u00e1l\u00f3i v\u00e9lem\u00e9ny:<\/p>\n\n<p><\/p>\n","protected":false},"excerpt":{"rendered":"<p>Virtu\u00f3z rep\u00fcl\u00e9s, szerencsej\u00e1t\u00e9kos pillanatok \u00e9s hat\u00e1rtalan t\u00e9r tal\u00e1lkozik a Lucky Jet 1win nev\u0171 izgalmas kalandban. Ez az izgalmas 1win j\u00e1t\u00e9k az izgalmak \u00e9s kalandok egyed\u00fcl\u00e1ll\u00f3 vil\u00e1g\u00e1ba kalauzolja el a j\u00e1t\u00e9kosokat, ahol minden man\u0151ver a gy\u0151zelem kulcsa lehet. A Lucky Jet 1win nem csak egy androidos j\u00e1t\u00e9k, hanem egy lehet\u0151s\u00e9g arra, hogy belevess\u00fck magunkat a szerencsej\u00e1t\u00e9kok [&hellip;]<\/p>\n","protected":false},"author":2,"featured_media":0,"parent":0,"menu_order":0,"comment_status":"open","ping_status":"closed","template":"","meta":{"footnotes":""},"yoast_head":"<!-- This site is optimized with the Yoast SEO plugin v21.7 - https:\/\/yoast.com\/wordpress\/plugins\/seo\/ -->\n<title>Lucky Jet j\u00e1t\u00e9k az 1win kaszin\u00f3ban, let\u00f6lt\u00e9s<\/title>\n<meta name=\"description\" content=\"Az 1win Casino nemzetk\u00f6zileg n\u00e9pszer\u0171 Lucky Jet j\u00e1t\u00e9k\u00e1nak \u00e1ttekint\u00e9se, amely val\u00f3di lehet\u0151s\u00e9get ad arra, hogy j\u00f3 p\u00e9nzt keress. Ismerkedjen meg a j\u00e1t\u00e9k legfontosabb jellemz\u0151ivel, el\u0151nyeivel \u00e9s szab\u00e1lyaival. Ind\u00edtsd el, \u00e9s indulj a nyerem\u00e9nyeid\u00e9rt!\" \/>\n<meta name=\"robots\" content=\"index, follow, max-snippet:-1, max-image-preview:large, max-video-preview:-1\" \/>\n<link rel=\"canonical\" href=\"https:\/\/aviator-crash.org\/hu\/lucky-jet-1win-letoltese\/\" \/>\n<meta property=\"og:locale\" content=\"hu_HU\" \/>\n<meta property=\"og:type\" content=\"article\" \/>\n<meta property=\"og:title\" content=\"Lucky Jet j\u00e1t\u00e9k az 1win kaszin\u00f3ban, let\u00f6lt\u00e9s\" \/>\n<meta property=\"og:description\" content=\"Az 1win Casino nemzetk\u00f6zileg n\u00e9pszer\u0171 Lucky Jet j\u00e1t\u00e9k\u00e1nak \u00e1ttekint\u00e9se, amely val\u00f3di lehet\u0151s\u00e9get ad arra, hogy j\u00f3 p\u00e9nzt keress. Ismerkedjen meg a j\u00e1t\u00e9k legfontosabb jellemz\u0151ivel, el\u0151nyeivel \u00e9s szab\u00e1lyaival. Ind\u00edtsd el, \u00e9s indulj a nyerem\u00e9nyeid\u00e9rt!\" \/>\n<meta property=\"og:url\" content=\"https:\/\/aviator-crash.org\/hu\/lucky-jet-1win-letoltese\/\" \/>\n<meta property=\"article:modified_time\" content=\"2024-02-02T20:19:58+00:00\" \/>\n<meta property=\"og:image\" content=\"https:\/\/aviator-crash.org\/wp-content\/uploads\/2024\/01\/lucky_jet_game-casino_yl6vvw.webp\" \/>\n<meta name=\"twitter:card\" content=\"summary_large_image\" \/>\n<meta name=\"twitter:label1\" content=\"Est. reading time\" \/>\n\t<meta name=\"twitter:data1\" content=\"6 perc\" \/>\n<script type=\"application\/ld+json\" class=\"yoast-schema-graph\">{\"@context\":\"https:\/\/schema.org\",\"@graph\":[{\"@type\":\"WebPage\",\"@id\":\"https:\/\/aviator-crash.org\/hu\/lucky-jet-1win-letoltese\/\",\"url\":\"https:\/\/aviator-crash.org\/hu\/lucky-jet-1win-letoltese\/\",\"name\":\"Lucky Jet j\u00e1t\u00e9k az 1win kaszin\u00f3ban, let\u00f6lt\u00e9s\",\"isPartOf\":{\"@id\":\"https:\/\/aviator-crash.org\/hu\/#website\"},\"datePublished\":\"2023-12-27T19:26:44+00:00\",\"dateModified\":\"2024-02-02T20:19:58+00:00\",\"description\":\"Az 1win Casino nemzetk\u00f6zileg n\u00e9pszer\u0171 Lucky Jet j\u00e1t\u00e9k\u00e1nak \u00e1ttekint\u00e9se, amely val\u00f3di lehet\u0151s\u00e9get ad arra, hogy j\u00f3 p\u00e9nzt keress. Ismerkedjen meg a j\u00e1t\u00e9k legfontosabb jellemz\u0151ivel, el\u0151nyeivel \u00e9s szab\u00e1lyaival. Ind\u00edtsd el, \u00e9s indulj a nyerem\u00e9nyeid\u00e9rt!\",\"breadcrumb\":{\"@id\":\"https:\/\/aviator-crash.org\/hu\/lucky-jet-1win-letoltese\/#breadcrumb\"},\"inLanguage\":\"hu\",\"potentialAction\":[{\"@type\":\"ReadAction\",\"target\":[\"https:\/\/aviator-crash.org\/hu\/lucky-jet-1win-letoltese\/\"]}]},{\"@type\":\"BreadcrumbList\",\"@id\":\"https:\/\/aviator-crash.org\/hu\/lucky-jet-1win-letoltese\/#breadcrumb\",\"itemListElement\":[{\"@type\":\"ListItem\",\"position\":1,\"name\":\"Home\",\"item\":\"https:\/\/aviator-crash.org\/hu\/aviator-jatek-online-valodi-penzert\/\"},{\"@type\":\"ListItem\",\"position\":2,\"name\":\"Lucky Jet 1win let\u00f6lt\u00e9se\"}]},{\"@type\":\"WebSite\",\"@id\":\"https:\/\/aviator-crash.org\/hu\/#website\",\"url\":\"https:\/\/aviator-crash.org\/hu\/\",\"name\":\"\",\"description\":\"\",\"potentialAction\":[{\"@type\":\"SearchAction\",\"target\":{\"@type\":\"EntryPoint\",\"urlTemplate\":\"https:\/\/aviator-crash.org\/hu\/?s={search_term_string}\"},\"query-input\":\"required name=search_term_string\"}],\"inLanguage\":\"hu\"}]}<\/script>\n<!-- \/ Yoast SEO plugin. -->","yoast_head_json":{"title":"Lucky Jet j\u00e1t\u00e9k az 1win kaszin\u00f3ban, let\u00f6lt\u00e9s","description":"Az 1win Casino nemzetk\u00f6zileg n\u00e9pszer\u0171 Lucky Jet j\u00e1t\u00e9k\u00e1nak \u00e1ttekint\u00e9se, amely val\u00f3di lehet\u0151s\u00e9get ad arra, hogy j\u00f3 p\u00e9nzt keress. Ismerkedjen meg a j\u00e1t\u00e9k legfontosabb jellemz\u0151ivel, el\u0151nyeivel \u00e9s szab\u00e1lyaival. Ind\u00edtsd el, \u00e9s indulj a nyerem\u00e9nyeid\u00e9rt!","robots":{"index":"index","follow":"follow","max-snippet":"max-snippet:-1","max-image-preview":"max-image-preview:large","max-video-preview":"max-video-preview:-1"},"canonical":"https:\/\/aviator-crash.org\/hu\/lucky-jet-1win-letoltese\/","og_locale":"hu_HU","og_type":"article","og_title":"Lucky Jet j\u00e1t\u00e9k az 1win kaszin\u00f3ban, let\u00f6lt\u00e9s","og_description":"Az 1win Casino nemzetk\u00f6zileg n\u00e9pszer\u0171 Lucky Jet j\u00e1t\u00e9k\u00e1nak \u00e1ttekint\u00e9se, amely val\u00f3di lehet\u0151s\u00e9get ad arra, hogy j\u00f3 p\u00e9nzt keress. Ismerkedjen meg a j\u00e1t\u00e9k legfontosabb jellemz\u0151ivel, el\u0151nyeivel \u00e9s szab\u00e1lyaival. Ind\u00edtsd el, \u00e9s indulj a nyerem\u00e9nyeid\u00e9rt!","og_url":"https:\/\/aviator-crash.org\/hu\/lucky-jet-1win-letoltese\/","article_modified_time":"2024-02-02T20:19:58+00:00","og_image":[{"url":"https:\/\/aviator-crash.org\/wp-content\/uploads\/2024\/01\/lucky_jet_game-casino_yl6vvw.webp"}],"twitter_card":"summary_large_image","twitter_misc":{"Est. reading time":"6 perc"},"schema":{"@context":"https:\/\/schema.org","@graph":[{"@type":"WebPage","@id":"https:\/\/aviator-crash.org\/hu\/lucky-jet-1win-letoltese\/","url":"https:\/\/aviator-crash.org\/hu\/lucky-jet-1win-letoltese\/","name":"Lucky Jet j\u00e1t\u00e9k az 1win kaszin\u00f3ban, let\u00f6lt\u00e9s","isPartOf":{"@id":"https:\/\/aviator-crash.org\/hu\/#website"},"datePublished":"2023-12-27T19:26:44+00:00","dateModified":"2024-02-02T20:19:58+00:00","description":"Az 1win Casino nemzetk\u00f6zileg n\u00e9pszer\u0171 Lucky Jet j\u00e1t\u00e9k\u00e1nak \u00e1ttekint\u00e9se, amely val\u00f3di lehet\u0151s\u00e9get ad arra, hogy j\u00f3 p\u00e9nzt keress. Ismerkedjen meg a j\u00e1t\u00e9k legfontosabb jellemz\u0151ivel, el\u0151nyeivel \u00e9s szab\u00e1lyaival. Ind\u00edtsd el, \u00e9s indulj a nyerem\u00e9nyeid\u00e9rt!","breadcrumb":{"@id":"https:\/\/aviator-crash.org\/hu\/lucky-jet-1win-letoltese\/#breadcrumb"},"inLanguage":"hu","potentialAction":[{"@type":"ReadAction","target":["https:\/\/aviator-crash.org\/hu\/lucky-jet-1win-letoltese\/"]}]},{"@type":"BreadcrumbList","@id":"https:\/\/aviator-crash.org\/hu\/lucky-jet-1win-letoltese\/#breadcrumb","itemListElement":[{"@type":"ListItem","position":1,"name":"Home","item":"https:\/\/aviator-crash.org\/hu\/aviator-jatek-online-valodi-penzert\/"},{"@type":"ListItem","position":2,"name":"Lucky Jet 1win let\u00f6lt\u00e9se"}]},{"@type":"WebSite","@id":"https:\/\/aviator-crash.org\/hu\/#website","url":"https:\/\/aviator-crash.org\/hu\/","name":"","description":"","potentialAction":[{"@type":"SearchAction","target":{"@type":"EntryPoint","urlTemplate":"https:\/\/aviator-crash.org\/hu\/?s={search_term_string}"},"query-input":"required name=search_term_string"}],"inLanguage":"hu"}]}},"_links":{"self":[{"href":"https:\/\/aviator-crash.org\/hu\/wp-json\/wp\/v2\/pages\/3674"}],"collection":[{"href":"https:\/\/aviator-crash.org\/hu\/wp-json\/wp\/v2\/pages"}],"about":[{"href":"https:\/\/aviator-crash.org\/hu\/wp-json\/wp\/v2\/types\/page"}],"author":[{"embeddable":true,"href":"https:\/\/aviator-crash.org\/hu\/wp-json\/wp\/v2\/users\/2"}],"replies":[{"embeddable":true,"href":"https:\/\/aviator-crash.org\/hu\/wp-json\/wp\/v2\/comments?post=3674"}],"version-history":[{"count":1,"href":"https:\/\/aviator-crash.org\/hu\/wp-json\/wp\/v2\/pages\/3674\/revisions"}],"predecessor-version":[{"id":3676,"href":"https:\/\/aviator-crash.org\/hu\/wp-json\/wp\/v2\/pages\/3674\/revisions\/3676"}],"wp:attachment":[{"href":"https:\/\/aviator-crash.org\/hu\/wp-json\/wp\/v2\/media?parent=3674"}],"curies":[{"name":"wp","href":"https:\/\/api.w.org\/{rel}","templated":true}]}}