{"id":4535,"date":"2023-12-22T18:32:01","date_gmt":"2023-12-22T18:32:01","guid":{"rendered":"https:\/\/aviator-crash.org\/umsagnir-um-leikinn-aviator\/"},"modified":"2024-02-02T20:50:20","modified_gmt":"2024-02-02T20:50:20","slug":"umsagnir-um-leikinn-aviator","status":"publish","type":"page","link":"https:\/\/aviator-crash.org\/is\/umsagnir-um-leikinn-aviator\/","title":{"rendered":"Umsagnir um leikinn Aviator"},"content":{"rendered":"\n<p>Aviator er einn vins\u00e6lasti netleikurinn \u00ed dag. \u00deess vegna birtast s\u00edfellt oftar fyrirspurnir \u00ed leitarv\u00e9linni um d\u00f3ma um Aviator leikinn me\u00f0 \u00fev\u00ed a\u00f0 nota peninga \u00feeirra sem \u00feegar hafa pr\u00f3fa\u00f0 hann og komast a\u00f0 \u00fev\u00ed hversu raunh\u00e6far l\u00edkurnar \u00e1 vinningi eru \u00ed honum. <\/p>\n\n<h2 class=\"wp-block-heading\">Hugsanir okkar um leikinn Aviator<\/h2>\n\n<p>Hrunleikurinn Aviator er \u00e1n efa besta \u00fer\u00f3un Spribe. \u00dea\u00f0 er einstakt, \u00e1hugavert, spennandi og getur valdi\u00f0 spennu a\u00f0d\u00e1endum. St\u00f3ri kosturinn er stuttur lengd umfer\u00f0anna &#8211; a\u00f0eins nokkrar sek\u00fandur af spennu, og spilarinn getur or\u00f0i\u00f0 sigurvegari me\u00f0 \u00fev\u00ed a\u00f0 margfalda ve\u00f0m\u00e1li\u00f0 sitt (10, 20 e\u00f0a kannski 50 sinnum). A\u00f0alatri\u00f0i\u00f0 er a\u00f0 hafa t\u00edma til a\u00f0 taka \u00fat peninga \u00e1\u00f0ur en flugv\u00e9lin hrapar, en \u00fea\u00f0 \u00fearf a\u00f0 gera me\u00f0 h\u00e1marksv\u00e6gum.   <\/p>\n\n<p>\u00deessi leikur tryggir tilfinningabylgju jafnvel fyrir reyndustu fj\u00e1rh\u00e6ttuspilara. A\u00f0 skilja \u00feetta, bj\u00f3\u00f0a m\u00f6rg spilav\u00edti \u00e1 netinu upp \u00e1 sl\u00edka v\u00e9l: 1win, Pin Up, 1Xbet. Raufurinn hefur fram\u00farskarandi graf\u00edk, sk\u00fdrleika og hlj\u00f3\u00f0brellur. Okkur finnst \u00feessi leikur l\u00edka skemmtilegur og \u00f6rugglega \u00feess vir\u00f0i a\u00f0 spila a\u00f0 okkar mati.   <\/p>\n\n<h2 class=\"wp-block-heading\">Umsagnir notenda um leikinn Aviator<\/h2>\n\n<p>\u00dea\u00f0 eru mismunandi umsagnir \u00e1 netinu um hrunleikinn Aviator fr\u00e1 alv\u00f6ru spilurum. Sumir d\u00e1ist a\u00f0 \u00fev\u00ed, a\u00f0rir gagnr\u00fdna \u00fea\u00f0 fyrir \u00f3fyrirsj\u00e1anleika, \u00e1h\u00e6ttu og vanh\u00e6fni til a\u00f0 b\u00faa til 100% vinningsstefnu. Hins vegar er \u00feetta oft einmitt fegur\u00f0in vi\u00f0 fj\u00e1rh\u00e6ttuspil.  <\/p>\n\n<p>Vi\u00f0 bj\u00f3\u00f0um \u00fe\u00e9r a\u00f0 draga \u00fe\u00ednar eigin \u00e1lyktanir. Pr\u00f3fa\u00f0u \u00feennan leik og deildu \u00e1liti \u00fe\u00ednu me\u00f0 \u00fev\u00ed a\u00f0 skilja \u00fea\u00f0 eftir \u00ed ums\u00f6gninni h\u00e9r a\u00f0 ne\u00f0an. <\/p>\n","protected":false},"excerpt":{"rendered":"<p>Aviator er einn vins\u00e6lasti netleikurinn \u00ed dag. \u00deess vegna birtast s\u00edfellt oftar fyrirspurnir \u00ed leitarv\u00e9linni um d\u00f3ma um Aviator leikinn me\u00f0 \u00fev\u00ed a\u00f0 nota peninga \u00feeirra sem \u00feegar hafa pr\u00f3fa\u00f0 hann og komast a\u00f0 \u00fev\u00ed hversu raunh\u00e6far l\u00edkurnar \u00e1 vinningi eru \u00ed honum. Hugsanir okkar um leikinn Aviator Hrunleikurinn Aviator er \u00e1n efa besta \u00fer\u00f3un [&hellip;]<\/p>\n","protected":false},"author":2,"featured_media":0,"parent":0,"menu_order":0,"comment_status":"closed","ping_status":"closed","template":"","meta":{"footnotes":""},"yoast_head":"<!-- This site is optimized with the Yoast SEO plugin v21.7 - https:\/\/yoast.com\/wordpress\/plugins\/seo\/ -->\n<title>Umsagnir um leikinn Aviator fr\u00e1 leikm\u00f6nnum<\/title>\n<meta name=\"description\" content=\"Umsagnir um hrunleikinn Aviator fr\u00e1 alv\u00f6ru leikm\u00f6nnum mun gera \u00fe\u00e9r kleift a\u00f0 komast a\u00f0 \u00f6llum kostum og g\u00f6llum t\u00e6kisins. Grunnreglur v\u00e9larinnar og bl\u00e6brig\u00f0i stj\u00f3rna.\" \/>\n<meta name=\"robots\" content=\"index, follow, max-snippet:-1, max-image-preview:large, max-video-preview:-1\" \/>\n<link rel=\"canonical\" href=\"https:\/\/aviator-crash.org\/is\/umsagnir-um-leikinn-aviator\/\" \/>\n<meta property=\"og:locale\" content=\"is_IS\" \/>\n<meta property=\"og:type\" content=\"article\" \/>\n<meta property=\"og:title\" content=\"Umsagnir um leikinn Aviator fr\u00e1 leikm\u00f6nnum\" \/>\n<meta property=\"og:description\" content=\"Umsagnir um hrunleikinn Aviator fr\u00e1 alv\u00f6ru leikm\u00f6nnum mun gera \u00fe\u00e9r kleift a\u00f0 komast a\u00f0 \u00f6llum kostum og g\u00f6llum t\u00e6kisins. Grunnreglur v\u00e9larinnar og bl\u00e6brig\u00f0i stj\u00f3rna.\" \/>\n<meta property=\"og:url\" content=\"https:\/\/aviator-crash.org\/is\/umsagnir-um-leikinn-aviator\/\" \/>\n<meta property=\"article:modified_time\" content=\"2024-02-02T20:50:20+00:00\" \/>\n<meta name=\"twitter:card\" content=\"summary_large_image\" \/>\n<meta name=\"twitter:label1\" content=\"Est. reading time\" \/>\n\t<meta name=\"twitter:data1\" content=\"1 minute\" \/>\n<script type=\"application\/ld+json\" class=\"yoast-schema-graph\">{\"@context\":\"https:\/\/schema.org\",\"@graph\":[{\"@type\":\"WebPage\",\"@id\":\"https:\/\/aviator-crash.org\/is\/umsagnir-um-leikinn-aviator\/\",\"url\":\"https:\/\/aviator-crash.org\/is\/umsagnir-um-leikinn-aviator\/\",\"name\":\"Umsagnir um leikinn Aviator fr\u00e1 leikm\u00f6nnum\",\"isPartOf\":{\"@id\":\"https:\/\/aviator-crash.org\/is\/#website\"},\"datePublished\":\"2023-12-22T18:32:01+00:00\",\"dateModified\":\"2024-02-02T20:50:20+00:00\",\"description\":\"Umsagnir um hrunleikinn Aviator fr\u00e1 alv\u00f6ru leikm\u00f6nnum mun gera \u00fe\u00e9r kleift a\u00f0 komast a\u00f0 \u00f6llum kostum og g\u00f6llum t\u00e6kisins. Grunnreglur v\u00e9larinnar og bl\u00e6brig\u00f0i stj\u00f3rna.\",\"breadcrumb\":{\"@id\":\"https:\/\/aviator-crash.org\/is\/umsagnir-um-leikinn-aviator\/#breadcrumb\"},\"inLanguage\":\"is\",\"potentialAction\":[{\"@type\":\"ReadAction\",\"target\":[\"https:\/\/aviator-crash.org\/is\/umsagnir-um-leikinn-aviator\/\"]}]},{\"@type\":\"BreadcrumbList\",\"@id\":\"https:\/\/aviator-crash.org\/is\/umsagnir-um-leikinn-aviator\/#breadcrumb\",\"itemListElement\":[{\"@type\":\"ListItem\",\"position\":1,\"name\":\"Home\",\"item\":\"https:\/\/aviator-crash.org\/is\/leikur-aviator-a-netinu-fyrir-alvoru-peninga\/\"},{\"@type\":\"ListItem\",\"position\":2,\"name\":\"Umsagnir um leikinn Aviator\"}]},{\"@type\":\"WebSite\",\"@id\":\"https:\/\/aviator-crash.org\/is\/#website\",\"url\":\"https:\/\/aviator-crash.org\/is\/\",\"name\":\"\",\"description\":\"\",\"potentialAction\":[{\"@type\":\"SearchAction\",\"target\":{\"@type\":\"EntryPoint\",\"urlTemplate\":\"https:\/\/aviator-crash.org\/is\/?s={search_term_string}\"},\"query-input\":\"required name=search_term_string\"}],\"inLanguage\":\"is\"}]}<\/script>\n<!-- \/ Yoast SEO plugin. -->","yoast_head_json":{"title":"Umsagnir um leikinn Aviator fr\u00e1 leikm\u00f6nnum","description":"Umsagnir um hrunleikinn Aviator fr\u00e1 alv\u00f6ru leikm\u00f6nnum mun gera \u00fe\u00e9r kleift a\u00f0 komast a\u00f0 \u00f6llum kostum og g\u00f6llum t\u00e6kisins. Grunnreglur v\u00e9larinnar og bl\u00e6brig\u00f0i stj\u00f3rna.","robots":{"index":"index","follow":"follow","max-snippet":"max-snippet:-1","max-image-preview":"max-image-preview:large","max-video-preview":"max-video-preview:-1"},"canonical":"https:\/\/aviator-crash.org\/is\/umsagnir-um-leikinn-aviator\/","og_locale":"is_IS","og_type":"article","og_title":"Umsagnir um leikinn Aviator fr\u00e1 leikm\u00f6nnum","og_description":"Umsagnir um hrunleikinn Aviator fr\u00e1 alv\u00f6ru leikm\u00f6nnum mun gera \u00fe\u00e9r kleift a\u00f0 komast a\u00f0 \u00f6llum kostum og g\u00f6llum t\u00e6kisins. Grunnreglur v\u00e9larinnar og bl\u00e6brig\u00f0i stj\u00f3rna.","og_url":"https:\/\/aviator-crash.org\/is\/umsagnir-um-leikinn-aviator\/","article_modified_time":"2024-02-02T20:50:20+00:00","twitter_card":"summary_large_image","twitter_misc":{"Est. reading time":"1 minute"},"schema":{"@context":"https:\/\/schema.org","@graph":[{"@type":"WebPage","@id":"https:\/\/aviator-crash.org\/is\/umsagnir-um-leikinn-aviator\/","url":"https:\/\/aviator-crash.org\/is\/umsagnir-um-leikinn-aviator\/","name":"Umsagnir um leikinn Aviator fr\u00e1 leikm\u00f6nnum","isPartOf":{"@id":"https:\/\/aviator-crash.org\/is\/#website"},"datePublished":"2023-12-22T18:32:01+00:00","dateModified":"2024-02-02T20:50:20+00:00","description":"Umsagnir um hrunleikinn Aviator fr\u00e1 alv\u00f6ru leikm\u00f6nnum mun gera \u00fe\u00e9r kleift a\u00f0 komast a\u00f0 \u00f6llum kostum og g\u00f6llum t\u00e6kisins. Grunnreglur v\u00e9larinnar og bl\u00e6brig\u00f0i stj\u00f3rna.","breadcrumb":{"@id":"https:\/\/aviator-crash.org\/is\/umsagnir-um-leikinn-aviator\/#breadcrumb"},"inLanguage":"is","potentialAction":[{"@type":"ReadAction","target":["https:\/\/aviator-crash.org\/is\/umsagnir-um-leikinn-aviator\/"]}]},{"@type":"BreadcrumbList","@id":"https:\/\/aviator-crash.org\/is\/umsagnir-um-leikinn-aviator\/#breadcrumb","itemListElement":[{"@type":"ListItem","position":1,"name":"Home","item":"https:\/\/aviator-crash.org\/is\/leikur-aviator-a-netinu-fyrir-alvoru-peninga\/"},{"@type":"ListItem","position":2,"name":"Umsagnir um leikinn Aviator"}]},{"@type":"WebSite","@id":"https:\/\/aviator-crash.org\/is\/#website","url":"https:\/\/aviator-crash.org\/is\/","name":"","description":"","potentialAction":[{"@type":"SearchAction","target":{"@type":"EntryPoint","urlTemplate":"https:\/\/aviator-crash.org\/is\/?s={search_term_string}"},"query-input":"required name=search_term_string"}],"inLanguage":"is"}]}},"_links":{"self":[{"href":"https:\/\/aviator-crash.org\/is\/wp-json\/wp\/v2\/pages\/4535"}],"collection":[{"href":"https:\/\/aviator-crash.org\/is\/wp-json\/wp\/v2\/pages"}],"about":[{"href":"https:\/\/aviator-crash.org\/is\/wp-json\/wp\/v2\/types\/page"}],"author":[{"embeddable":true,"href":"https:\/\/aviator-crash.org\/is\/wp-json\/wp\/v2\/users\/2"}],"replies":[{"embeddable":true,"href":"https:\/\/aviator-crash.org\/is\/wp-json\/wp\/v2\/comments?post=4535"}],"version-history":[{"count":1,"href":"https:\/\/aviator-crash.org\/is\/wp-json\/wp\/v2\/pages\/4535\/revisions"}],"predecessor-version":[{"id":4536,"href":"https:\/\/aviator-crash.org\/is\/wp-json\/wp\/v2\/pages\/4535\/revisions\/4536"}],"wp:attachment":[{"href":"https:\/\/aviator-crash.org\/is\/wp-json\/wp\/v2\/media?parent=4535"}],"curies":[{"name":"wp","href":"https:\/\/api.w.org\/{rel}","templated":true}]}}