{"id":4555,"date":"2023-12-27T19:09:40","date_gmt":"2023-12-27T19:09:40","guid":{"rendered":"https:\/\/aviator-crash.org\/leikir-eins-og-aviator-fyrir-peninga\/"},"modified":"2024-02-02T20:52:11","modified_gmt":"2024-02-02T20:52:11","slug":"leikir-eins-og-aviator-fyrir-peninga","status":"publish","type":"page","link":"https:\/\/aviator-crash.org\/is\/leikir-eins-og-aviator-fyrir-peninga\/","title":{"rendered":"Leikir eins og Aviator fyrir peninga"},"content":{"rendered":"\n<p>Aviator er einstakur leikur, einn af fyrstu t\u00f6lvuleikjunum fyrir peninga \u00ed hruntegundinni, en \u00fatlit hans sl\u00f3 \u00ed gegn \u00ed fj\u00e1rh\u00e6ttuspilum \u00e1 netinu. Hann er kraftmikill, spennandi, me\u00f0 stuttum hringjum, sem duga fyrir kr\u00f6ftugt adrenal\u00ednhlaup og l\u00edflegar tilfinningar. En h\u00e1\u00fer\u00f3a\u00f0ur leikur er alltaf hrifinn af fj\u00f6lbreytileika, svo \u00ed dag hefur eftirspurnin eftir hli\u00f0st\u00e6\u00f0um af Aviator leiknum hratt aukist. Me\u00f0 \u00fev\u00ed a\u00f0 \u00e1tta sig \u00e1 \u00feessu hafa lei\u00f0andi \u00fer\u00f3unara\u00f0ilar einbeitt s\u00e9r a\u00f0 \u00fev\u00ed a\u00f0 kynna svipa\u00f0ar v\u00f6rur me\u00f0 \u00fev\u00ed a\u00f0 nota n\u00fdst\u00e1rlega spilun.   <\/p>\n\n<h2 class=\"wp-block-heading\">Lucky Jet er hli\u00f0st\u00e6\u00f0a leiksins Aviator<\/h2>\n\n<p>Lucky Jet er \u00f6rt vaxandi vins\u00e6ldum Aviator-leikur fyrir peninga, kynntur af 1win netspilav\u00edtinu og er einn af \u00feeim fallegustu. Hann er ger\u00f0ur eins og Aviator, en \u00ed sta\u00f0 flugv\u00e9lar \u00fearftu a\u00f0 horfa \u00e1 Lucky Joe og bakpokann hans. Ve\u00f0m\u00e1l eru einnig sett \u00e1\u00f0ur en umfer\u00f0in hefst og \u00fe\u00e1 er margfaldarinn virkur og \u00fe\u00fa \u00fearft a\u00f0 hafa t\u00edma til a\u00f0 safna vinningnum \u00fe\u00ednum \u00e1\u00f0ur en Joe fl\u00fdgur \u00ed burtu.  <\/p>\n\n<p>Lucky Jet l\u00edkurnar eru mismunandi. \u00de\u00fa getur teki\u00f0 ve\u00f0m\u00e1li\u00f0 margfalda\u00f0 me\u00f0 3, e\u00f0a \u00fe\u00fa getur be\u00f0i\u00f0 eftir h\u00e6kkun upp \u00e1 50, 100 e\u00f0a jafnvel 200 sinnum. T\u00f6lfr\u00e6\u00f0i s\u00fdnir a\u00f0 miklar l\u00edkur eru algengar. En \u00fea\u00f0 fer bara eftir spilaranum hversu mikla \u00feolinm\u00e6\u00f0i hann hefur og hvort hann geti sp\u00e1\u00f0 r\u00e9tt fyrir um lengd umfer\u00f0arinnar.   <\/p>\n\n<h2 class=\"wp-block-heading\">Jet X er annar leikur af ger\u00f0inni Aviator<\/h2>\n\n<p>N\u00e6sti leikur af ger\u00f0inni Aviator sem n\u00fdtur virkan vins\u00e6lda er Jet X, kynntur af Smartsoft Gaming. \u00dea\u00f0 er fj\u00f6lspilun, \u00ed meginatri\u00f0um svipa\u00f0 og Aviator, vegna \u00feess a\u00f0&#8230; \u00cd henni ver\u00f0ur \u00fe\u00fa einnig a\u00f0 fylgjast me\u00f0 \u00fev\u00ed a\u00f0 flugv\u00e9lin n\u00e1i h\u00e6\u00f0. Munurinn er s\u00e1 a\u00f0 flugtakspunkturinn er rakinn, \u00fe.e. \u00dev\u00ed h\u00e6rra sem \u00fea\u00f0 er, \u00fev\u00ed meiri ver\u00f0a vinningar leikmannsins vegna aukinna l\u00edkur. Hins vegar, ef leikma\u00f0urinn hefur ekki t\u00edma til a\u00f0 taka peningana \u00fat \u00e1\u00f0ur en flugv\u00e9lin fer, mun hann tapa og tapa \u00f6llu.     <\/p>\n\n<p>Leikurinn er spennandi, gle\u00f0ur jafnv\u00e6gi adrenal\u00edns og spennu, auk s\u00e9rstakra \u201ebrag\u00f0a\u201c. Til d\u00e6mis: <\/p>\n\n<ul>\n<li>\u00dea\u00f0 er b\u00f3nuseiginleiki sem felur \u00ed s\u00e9r \u00fatdr\u00e1tt \u00ed gullpotti.<\/li>\n\n\n\n<li>L\u00e1gmarks\u00fatborgun er sett me\u00f0 stu\u00f0linum 1,1.<\/li>\n\n\n\n<li>Margfaldarinn virkar upp \u00ed pl\u00fas \u00f3endanlegt.<\/li>\n<\/ul>\n\n<h2 class=\"wp-block-heading\">Rocket X (svipa\u00f0 og Aviator)<\/h2>\n\n<p>Rocket X er l\u00edka afbrig\u00f0i af leik eins og Aviator, kynnt af Slotegrator. \u00dea\u00f0 la\u00f0ar a\u00f0 s\u00e9r me\u00f0 hr\u00f6\u00f0u graf\u00edsku vi\u00f0m\u00f3ti, einst\u00f6kum virkni og getu til a\u00f0 gefa spilaranum miki\u00f0 af sk\u00e6rum tilfinningum. \u00dear er s\u00f6gu\u00fer\u00e1\u00f0urinn bygg\u00f0ur \u00e1 flugtaki eldflaugar, sem ungur ma\u00f0ur er a\u00f0 reyna a\u00f0 halda \u00ed. \u00cd hverri umfer\u00f0 er ve\u00f0jamargfaldari, svo \u00fe\u00fa getur fengi\u00f0 upph\u00e6\u00f0 margfalda\u00f0a me\u00f0 100 e\u00f0a jafnvel meira.   <\/p>\n\n<p>\u00deessi leikur hefur stillingar:<\/p>\n\n<ul>\n<li>Sj\u00e1lfvirk tilbo\u00f0.<\/li>\n\n\n\n<li>Sj\u00e1lfvirkar \u00fattektir.<\/li>\n<\/ul>\n\n<p>\u00de\u00fa getur nota\u00f0 b\u00e6\u00f0i h\u00f3flegar og \u00e1r\u00e1sargjarnar a\u00f0fer\u00f0ir. \u00c1 sama t\u00edma er enginn einn trygg\u00f0ur vinningur, allt byggist \u00e1 \u00fev\u00ed a\u00f0 kveikja \u00e1 tilviljanakenndu kerfi, \u00fe.e. Fortune mun r\u00e1\u00f0a \u00f6llu.  <\/p>\n\n<h2 class=\"wp-block-heading\">Space XY (svipa\u00f0 og Aviator)<\/h2>\n\n<p>Space XY er l\u00edka fr\u00e1b\u00e6r kostur fyrir \u00fe\u00e1 sem hafa \u00e1huga \u00e1 peningaspili svipa\u00f0 og Aviator. \u00cd henni ver\u00f0a leikmenn a\u00f0 skj\u00f3ta ekki flugv\u00e9l, heldur eldflaug. Vi\u00f0m\u00f3ti\u00f0 er n\u00e6\u00f0i og lakon\u00edskt. Ve\u00f0m\u00e1l eru sett \u00ed n\u00e6stu umfer\u00f0, \u00fear sem leikma\u00f0urinn ver\u00f0ur a\u00f0 horfa \u00e1 flug eldflaugar sinnar. Hins vegar getur \u00fea\u00f0 skyndilega horfi\u00f0 af radarnum, fari\u00f0 \u00fat af brautinni og sprungi\u00f0 og \u00feegar \u00feetta gerist eru \u00f6ll ve\u00f0m\u00e1l sl\u00f6kkt. Verkefni leikmannsins er a\u00f0 \u201ehoppa\u201c fr\u00e1 eldflauginni \u00ed t\u00edma, \u00fe.e. eins og \u00ed \u00f6\u00f0rum svipu\u00f0um leikjum, safna peningunum \u00e1\u00f0ur en \u00feeir springa.      <\/p>\n\n<h2 class=\"wp-block-heading\">Rei\u00f0uf\u00e9 e\u00f0a hrun (eins og Aviator)<\/h2>\n\n<p>Cash or Crash, \u00fe\u00f3 hli\u00f0st\u00e6\u00f0a Aviator, er fr\u00e1brug\u00f0in \u00fev\u00ed a\u00f0 \u00feetta er heil leikjas\u00fdning og er lifandi leikur sem er aukinn af raunveruleikanum. S\u00f6gu\u00fer\u00e1\u00f0urinn \u00fer\u00f3ast inni \u00ed s\u00fdndarloftskipi, \u00fear sem er 20 \u00ferepa stigi. Hreyfing me\u00f0fram \u00fev\u00ed hj\u00e1lpar til vi\u00f0 a\u00f0 lyfta loftskipinu og f\u00e6ra \u00fea\u00f0 lengra og lengra fr\u00e1 j\u00f6r\u00f0inni. \u00deegar fari\u00f0 er upp stigann kviknar gr\u00e6nir k\u00falur, hver og einn lei\u00f0ir til sigurs og eykur vinninginn en um lei\u00f0 og s\u00e1 rau\u00f0i kviknar mun spilarinn hrynja og tapa \u00f6llu.   <\/p>\n\n<p>S\u00e9rkenni:<\/p>\n\n<ul>\n<li>H\u00e6gt er a\u00f0 h\u00e6kka ve\u00f0m\u00e1l allt a\u00f0 50.000 sinnum.<\/li>\n\n\n\n<li>\u00dea\u00f0 er l\u00edka gullbolti sem gefur auka l\u00edf.<\/li>\n<\/ul>\n\n<h2 class=\"wp-block-heading\">A\u00f0 draga \u00e1lyktanir<\/h2>\n\n<p>Aviator og \u00e1l\u00edka leikir eru fr\u00e1b\u00e6rt t\u00e6kif\u00e6ri til a\u00f0 slaka \u00e1, slaka \u00e1 og losna vi\u00f0 neikv\u00e6\u00f0ni sem safnast upp yfir daginn. \u00c1 sama t\u00edma stundar hver spilari s\u00edna eigin merkingu: <\/p>\n\n<ul>\n<li>Skemmtu \u00fe\u00e9r og nj\u00f3ttu spennunnar.<\/li>\n\n\n\n<li>Til a\u00f0 vinna s\u00e9r inn peninga.<\/li>\n<\/ul>\n\n<p>Hva\u00f0a leikur eins og Aviator fyrir peninga a\u00f0 velja og \u00ed hva\u00f0a tilgangi \u00e1 a\u00f0 spila er undir \u00fe\u00e9r komi\u00f0, a\u00f0alatri\u00f0i\u00f0 er a\u00f0 geta stj\u00f3rna\u00f0 \u00fe\u00e9r og haldi\u00f0 sig vi\u00f0 valda stefnu. Miki\u00f0 \u00farval af spilak\u00f6ssum er fr\u00e1b\u00e6rt t\u00e6kif\u00e6ri til a\u00f0 auka fj\u00f6lbreytni \u00ed fr\u00edt\u00edma jafnvel reyndasta leikmannsins. <\/p>\n","protected":false},"excerpt":{"rendered":"<p>Aviator er einstakur leikur, einn af fyrstu t\u00f6lvuleikjunum fyrir peninga \u00ed hruntegundinni, en \u00fatlit hans sl\u00f3 \u00ed gegn \u00ed fj\u00e1rh\u00e6ttuspilum \u00e1 netinu. Hann er kraftmikill, spennandi, me\u00f0 stuttum hringjum, sem duga fyrir kr\u00f6ftugt adrenal\u00ednhlaup og l\u00edflegar tilfinningar. En h\u00e1\u00fer\u00f3a\u00f0ur leikur er alltaf hrifinn af fj\u00f6lbreytileika, svo \u00ed dag hefur eftirspurnin eftir hli\u00f0st\u00e6\u00f0um af Aviator leiknum [&hellip;]<\/p>\n","protected":false},"author":2,"featured_media":0,"parent":0,"menu_order":0,"comment_status":"closed","ping_status":"closed","template":"","meta":{"footnotes":""},"yoast_head":"<!-- This site is optimized with the Yoast SEO plugin v21.7 - https:\/\/yoast.com\/wordpress\/plugins\/seo\/ -->\n<title>Svipa\u00f0ir leikir fyrir peninga \u00e1 Aviator (svipa\u00f0ir a\u00f0 ger\u00f0 og hli\u00f0st\u00e6\u00f0ur og Aviator)<\/title>\n<meta name=\"description\" content=\"Endursko\u00f0un \u00e1 hrunleikjum eins og hinum fr\u00e6ga \u201eAviator\u201c fyrir peninga. Sko\u00f0a\u00f0u TOP valkostina og veldu \u00feann sem mun hla\u00f0a \u00feig me\u00f0 n\u00fdjum tilfinningum og spennu, og ef Fortune er hagst\u00e6\u00f0, \u00fe\u00e1 me\u00f0 traustum vinningi!\" \/>\n<meta name=\"robots\" content=\"index, follow, max-snippet:-1, max-image-preview:large, max-video-preview:-1\" \/>\n<link rel=\"canonical\" href=\"https:\/\/aviator-crash.org\/is\/leikir-eins-og-aviator-fyrir-peninga\/\" \/>\n<meta property=\"og:locale\" content=\"is_IS\" \/>\n<meta property=\"og:type\" content=\"article\" \/>\n<meta property=\"og:title\" content=\"Svipa\u00f0ir leikir fyrir peninga \u00e1 Aviator (svipa\u00f0ir a\u00f0 ger\u00f0 og hli\u00f0st\u00e6\u00f0ur og Aviator)\" \/>\n<meta property=\"og:description\" content=\"Endursko\u00f0un \u00e1 hrunleikjum eins og hinum fr\u00e6ga \u201eAviator\u201c fyrir peninga. Sko\u00f0a\u00f0u TOP valkostina og veldu \u00feann sem mun hla\u00f0a \u00feig me\u00f0 n\u00fdjum tilfinningum og spennu, og ef Fortune er hagst\u00e6\u00f0, \u00fe\u00e1 me\u00f0 traustum vinningi!\" \/>\n<meta property=\"og:url\" content=\"https:\/\/aviator-crash.org\/is\/leikir-eins-og-aviator-fyrir-peninga\/\" \/>\n<meta property=\"article:modified_time\" content=\"2024-02-02T20:52:11+00:00\" \/>\n<meta name=\"twitter:card\" content=\"summary_large_image\" \/>\n<meta name=\"twitter:label1\" content=\"Est. reading time\" \/>\n\t<meta name=\"twitter:data1\" content=\"4 minutes\" \/>\n<script type=\"application\/ld+json\" class=\"yoast-schema-graph\">{\"@context\":\"https:\/\/schema.org\",\"@graph\":[{\"@type\":\"WebPage\",\"@id\":\"https:\/\/aviator-crash.org\/is\/leikir-eins-og-aviator-fyrir-peninga\/\",\"url\":\"https:\/\/aviator-crash.org\/is\/leikir-eins-og-aviator-fyrir-peninga\/\",\"name\":\"Svipa\u00f0ir leikir fyrir peninga \u00e1 Aviator (svipa\u00f0ir a\u00f0 ger\u00f0 og hli\u00f0st\u00e6\u00f0ur og Aviator)\",\"isPartOf\":{\"@id\":\"https:\/\/aviator-crash.org\/is\/#website\"},\"datePublished\":\"2023-12-27T19:09:40+00:00\",\"dateModified\":\"2024-02-02T20:52:11+00:00\",\"description\":\"Endursko\u00f0un \u00e1 hrunleikjum eins og hinum fr\u00e6ga \u201eAviator\u201c fyrir peninga. Sko\u00f0a\u00f0u TOP valkostina og veldu \u00feann sem mun hla\u00f0a \u00feig me\u00f0 n\u00fdjum tilfinningum og spennu, og ef Fortune er hagst\u00e6\u00f0, \u00fe\u00e1 me\u00f0 traustum vinningi!\",\"breadcrumb\":{\"@id\":\"https:\/\/aviator-crash.org\/is\/leikir-eins-og-aviator-fyrir-peninga\/#breadcrumb\"},\"inLanguage\":\"is\",\"potentialAction\":[{\"@type\":\"ReadAction\",\"target\":[\"https:\/\/aviator-crash.org\/is\/leikir-eins-og-aviator-fyrir-peninga\/\"]}]},{\"@type\":\"BreadcrumbList\",\"@id\":\"https:\/\/aviator-crash.org\/is\/leikir-eins-og-aviator-fyrir-peninga\/#breadcrumb\",\"itemListElement\":[{\"@type\":\"ListItem\",\"position\":1,\"name\":\"Home\",\"item\":\"https:\/\/aviator-crash.org\/is\/leikur-aviator-a-netinu-fyrir-alvoru-peninga\/\"},{\"@type\":\"ListItem\",\"position\":2,\"name\":\"Leikir eins og Aviator fyrir peninga\"}]},{\"@type\":\"WebSite\",\"@id\":\"https:\/\/aviator-crash.org\/is\/#website\",\"url\":\"https:\/\/aviator-crash.org\/is\/\",\"name\":\"\",\"description\":\"\",\"potentialAction\":[{\"@type\":\"SearchAction\",\"target\":{\"@type\":\"EntryPoint\",\"urlTemplate\":\"https:\/\/aviator-crash.org\/is\/?s={search_term_string}\"},\"query-input\":\"required name=search_term_string\"}],\"inLanguage\":\"is\"}]}<\/script>\n<!-- \/ Yoast SEO plugin. -->","yoast_head_json":{"title":"Svipa\u00f0ir leikir fyrir peninga \u00e1 Aviator (svipa\u00f0ir a\u00f0 ger\u00f0 og hli\u00f0st\u00e6\u00f0ur og Aviator)","description":"Endursko\u00f0un \u00e1 hrunleikjum eins og hinum fr\u00e6ga \u201eAviator\u201c fyrir peninga. Sko\u00f0a\u00f0u TOP valkostina og veldu \u00feann sem mun hla\u00f0a \u00feig me\u00f0 n\u00fdjum tilfinningum og spennu, og ef Fortune er hagst\u00e6\u00f0, \u00fe\u00e1 me\u00f0 traustum vinningi!","robots":{"index":"index","follow":"follow","max-snippet":"max-snippet:-1","max-image-preview":"max-image-preview:large","max-video-preview":"max-video-preview:-1"},"canonical":"https:\/\/aviator-crash.org\/is\/leikir-eins-og-aviator-fyrir-peninga\/","og_locale":"is_IS","og_type":"article","og_title":"Svipa\u00f0ir leikir fyrir peninga \u00e1 Aviator (svipa\u00f0ir a\u00f0 ger\u00f0 og hli\u00f0st\u00e6\u00f0ur og Aviator)","og_description":"Endursko\u00f0un \u00e1 hrunleikjum eins og hinum fr\u00e6ga \u201eAviator\u201c fyrir peninga. Sko\u00f0a\u00f0u TOP valkostina og veldu \u00feann sem mun hla\u00f0a \u00feig me\u00f0 n\u00fdjum tilfinningum og spennu, og ef Fortune er hagst\u00e6\u00f0, \u00fe\u00e1 me\u00f0 traustum vinningi!","og_url":"https:\/\/aviator-crash.org\/is\/leikir-eins-og-aviator-fyrir-peninga\/","article_modified_time":"2024-02-02T20:52:11+00:00","twitter_card":"summary_large_image","twitter_misc":{"Est. reading time":"4 minutes"},"schema":{"@context":"https:\/\/schema.org","@graph":[{"@type":"WebPage","@id":"https:\/\/aviator-crash.org\/is\/leikir-eins-og-aviator-fyrir-peninga\/","url":"https:\/\/aviator-crash.org\/is\/leikir-eins-og-aviator-fyrir-peninga\/","name":"Svipa\u00f0ir leikir fyrir peninga \u00e1 Aviator (svipa\u00f0ir a\u00f0 ger\u00f0 og hli\u00f0st\u00e6\u00f0ur og Aviator)","isPartOf":{"@id":"https:\/\/aviator-crash.org\/is\/#website"},"datePublished":"2023-12-27T19:09:40+00:00","dateModified":"2024-02-02T20:52:11+00:00","description":"Endursko\u00f0un \u00e1 hrunleikjum eins og hinum fr\u00e6ga \u201eAviator\u201c fyrir peninga. Sko\u00f0a\u00f0u TOP valkostina og veldu \u00feann sem mun hla\u00f0a \u00feig me\u00f0 n\u00fdjum tilfinningum og spennu, og ef Fortune er hagst\u00e6\u00f0, \u00fe\u00e1 me\u00f0 traustum vinningi!","breadcrumb":{"@id":"https:\/\/aviator-crash.org\/is\/leikir-eins-og-aviator-fyrir-peninga\/#breadcrumb"},"inLanguage":"is","potentialAction":[{"@type":"ReadAction","target":["https:\/\/aviator-crash.org\/is\/leikir-eins-og-aviator-fyrir-peninga\/"]}]},{"@type":"BreadcrumbList","@id":"https:\/\/aviator-crash.org\/is\/leikir-eins-og-aviator-fyrir-peninga\/#breadcrumb","itemListElement":[{"@type":"ListItem","position":1,"name":"Home","item":"https:\/\/aviator-crash.org\/is\/leikur-aviator-a-netinu-fyrir-alvoru-peninga\/"},{"@type":"ListItem","position":2,"name":"Leikir eins og Aviator fyrir peninga"}]},{"@type":"WebSite","@id":"https:\/\/aviator-crash.org\/is\/#website","url":"https:\/\/aviator-crash.org\/is\/","name":"","description":"","potentialAction":[{"@type":"SearchAction","target":{"@type":"EntryPoint","urlTemplate":"https:\/\/aviator-crash.org\/is\/?s={search_term_string}"},"query-input":"required name=search_term_string"}],"inLanguage":"is"}]}},"_links":{"self":[{"href":"https:\/\/aviator-crash.org\/is\/wp-json\/wp\/v2\/pages\/4555"}],"collection":[{"href":"https:\/\/aviator-crash.org\/is\/wp-json\/wp\/v2\/pages"}],"about":[{"href":"https:\/\/aviator-crash.org\/is\/wp-json\/wp\/v2\/types\/page"}],"author":[{"embeddable":true,"href":"https:\/\/aviator-crash.org\/is\/wp-json\/wp\/v2\/users\/2"}],"replies":[{"embeddable":true,"href":"https:\/\/aviator-crash.org\/is\/wp-json\/wp\/v2\/comments?post=4555"}],"version-history":[{"count":1,"href":"https:\/\/aviator-crash.org\/is\/wp-json\/wp\/v2\/pages\/4555\/revisions"}],"predecessor-version":[{"id":4556,"href":"https:\/\/aviator-crash.org\/is\/wp-json\/wp\/v2\/pages\/4555\/revisions\/4556"}],"wp:attachment":[{"href":"https:\/\/aviator-crash.org\/is\/wp-json\/wp\/v2\/media?parent=4555"}],"curies":[{"name":"wp","href":"https:\/\/api.w.org\/{rel}","templated":true}]}}