{"id":5187,"date":"2023-12-27T19:12:26","date_gmt":"2023-12-27T19:12:26","guid":{"rendered":"https:\/\/aviator-crash.org\/fljotur-leikur-fyrir-peninga-a-netinu-med-afturkollun\/"},"modified":"2024-02-02T21:11:41","modified_gmt":"2024-02-02T21:11:41","slug":"fljotur-leikur-fyrir-peninga-a-netinu-med-afturkollun","status":"publish","type":"page","link":"https:\/\/aviator-crash.org\/is\/fljotur-leikur-fyrir-peninga-a-netinu-med-afturkollun\/","title":{"rendered":"Flj\u00f3tur leikur fyrir peninga \u00e1 netinu me\u00f0 afturk\u00f6llun"},"content":{"rendered":"\n<figure class=\"wp-block-gallery has-nested-images columns-default is-cropped wp-block-gallery-1 is-layout-flex wp-block-gallery-is-layout-flex\">\n<figure class=\"wp-block-image size-large\"><span itemprop=\"image\" itemscope itemtype=\"https:\/\/schema.org\/ImageObject\"><img itemprop=\"url image\" loading=\"lazy\" decoding=\"async\" width=\"683\" height=\"600\" data-id=\"460\" src=\"https:\/\/aviator-crash.org\/wp-content\/uploads\/2024\/01\/aviator-minigame-logo-4.png\" alt=\"\" class=\"wp-image-460\" srcset=\"https:\/\/aviator-crash.org\/wp-content\/uploads\/2024\/01\/aviator-minigame-logo-4.png 683w, https:\/\/aviator-crash.org\/wp-content\/uploads\/2024\/01\/aviator-minigame-logo-4-300x264.png 300w\" sizes=\"(max-width: 683px) 100vw, 683px\" \/><meta itemprop=\"width\" content=\"683\"><meta itemprop=\"height\" content=\"600\"><\/span><\/figure>\n<\/figure>\n\n<p>Hugmyndin um Crash leikur birtist snemma \u00e1 2000. Hins vegar hafa \u00feeir or\u00f0i\u00f0 s\u00edfellt vins\u00e6lli \u00e1 s\u00ed\u00f0ustu \u00e1rum. Leikir til a\u00f0 gr\u00e6\u00f0a peninga flj\u00f3tt eru s\u00fdndir \u00ed n\u00e6stum \u00f6llum spilav\u00edtum \u00e1 netinu. Hver umfer\u00f0 er spennandi, full af adrenal\u00edni. Flj\u00f3tlegir leikir hafa einfalt spilun: margfaldarinn eykst og vinningarnir h\u00e6kka \u00ed samr\u00e6mi vi\u00f0 \u00fea\u00f0; \u00fe\u00fa \u00fearft a\u00f0 hafa t\u00edma til a\u00f0 safna peningunum fyrir h\u00f6rmungarnar.    <\/p>\n\n<h2 class=\"wp-block-heading\">Hrun leikur fyrir peninga me\u00f0 \u00fattekt<\/h2>\n\n<p>A\u00f0 gr\u00e6\u00f0a flj\u00f3tlega peninga \u00ed fj\u00e1rh\u00e6ttuspilum er mj\u00f6g a\u00f0la\u00f0andi fyrir fj\u00e1rh\u00e6ttuspilara. Notandinn \u00e6tti a\u00f0 fylgjast vel me\u00f0 spiluninni og \u00fdta \u00e1 hnappinn \u00e1 \u00fev\u00ed augnabliki sem inns\u00e6i hans segir honum. Leikurinn me\u00f0 hr\u00f6\u00f0um \u00fattektum er raunverulegur, \u00feetta er sta\u00f0fest af fj\u00e1rh\u00e6ttuspilurum fr\u00e1 \u00f6llum heimshornum.  <\/p>\n\n<p>Meginreglan er mj\u00f6g einf\u00f6ld: leikma\u00f0ur leggur ve\u00f0m\u00e1l, eftir \u00fea\u00f0 eykst margfaldarinn. Enginn veit \u00e1 hva\u00f0a t\u00edmapunkti lotunni l\u00fdkur. \u00dea\u00f0 er m\u00f6gulegt a\u00f0 gr\u00e6\u00f0a peninga flj\u00f3tt \u00ed fj\u00e1rh\u00e6ttuspilum ef \u00fe\u00fa, \u00fe\u00f6kk s\u00e9 inns\u00e6i, \u00fdtir \u00e1 hnappinn fyrir h\u00f6rmung. Vinningar eru afur\u00f0 ve\u00f0m\u00e1lsins og l\u00edkurnar \u00e1 \u00fev\u00ed a\u00f0 leikurinn h\u00e6tti. Ef notandinn haf\u00f0i ekki t\u00edma vann spilav\u00edti\u00f0. \u00dev\u00ed lengri sem umfer\u00f0in er, \u00fev\u00ed meiri \u00e1h\u00e6tta. En \u00e1 sama t\u00edma eru meiri m\u00f6guleikar \u00e1 a\u00f0 lenda \u00ed lukkupottinum.      <\/p>\n\n<p>Hrunaleikir fyrir peninga eru bygg\u00f0ir \u00e1 RNG, sem er \u00f3m\u00f6gulegt a\u00f0 vinna. \u00ddmis t\u00f6lvusn\u00e1pur e\u00f0a sviksamleg kerfi munu heldur ekki hj\u00e1lpa. \u00dea\u00f0 er h\u00e6gt a\u00f0 sanna sanngirni hrunleikja; allir notendur geta athuga\u00f0 \u00fe\u00e1.  <\/p>\n\n<h2 class=\"wp-block-heading\">Leikur Aviator (flj\u00fagandi flugv\u00e9l) fyrir peninga<\/h2>\n\n<p>L\u00edtil leikir me\u00f0 peninga\u00fattekt eru mj\u00f6g vins\u00e6lir. Og einn s\u00e1 fr\u00e6gasti er Aviator. H\u00f6nnunin er mj\u00f6g einf\u00f6ld. Flugv\u00e9l n\u00e6r h\u00e6\u00f0 \u00e1 m\u00f3ti d\u00f6kkum bakgrunni. \u00dev\u00ed h\u00e6rra sem \u00fea\u00f0 er, \u00fev\u00ed h\u00e6rri stu\u00f0ullinn. Ef \u00feess er \u00f3ska\u00f0 getur\u00f0u sl\u00f6kkt \u00e1 hreyfimyndum. \u00cd \u00feessu tilviki mun notandinn sj\u00e1 a\u00f0eins vaxandi stu\u00f0ul fyrir framan sig. Margfaldarinn byrjar \u00e1 einum og h\u00e6kkar \u00f3jafnt. A\u00f0eins nokkrar sek\u00fandur eru n\u00f3g til a\u00f0 \u00fea\u00f0 st\u00e6kki fimm e\u00f0a hundra\u00f0 sinnum. Lengd hringsins getur veri\u00f0 mismunandi, allt fr\u00e1 heilli sek\u00fandu upp \u00ed l\u00edti\u00f0 brot. Ef \u00feess er \u00f3ska\u00f0, byrjar fj\u00e1rh\u00e6ttuspilarinn sj\u00e1lfspilunina; allt sem hann \u00fearf a\u00f0 gera er a\u00f0 stilla ve\u00f0m\u00e1li\u00f0 og l\u00edkurnar til a\u00f0 lj\u00faka lotunni. \u00de\u00fa getur sko\u00f0a\u00f0 fyrri ve\u00f0m\u00e1l og ni\u00f0urst\u00f6\u00f0ur annarra notenda \u00fe\u00f6kk s\u00e9 lifandi t\u00f6lfr\u00e6\u00f0i.           <\/p>\n\n<h2 class=\"wp-block-heading\">Hrun leikur &#8211; Lucky Jet<\/h2>\n\n<figure class=\"wp-block-gallery has-nested-images columns-default is-cropped wp-block-gallery-2 is-layout-flex wp-block-gallery-is-layout-flex\">\n<figure class=\"wp-block-image size-large\"><span itemprop=\"image\" itemscope itemtype=\"https:\/\/schema.org\/ImageObject\"><img itemprop=\"url image\" loading=\"lazy\" decoding=\"async\" width=\"1024\" height=\"509\" data-id=\"448\" src=\"https:\/\/aviator-crash.org\/wp-content\/uploads\/2024\/01\/lucky-jet_1-1024x509.jpg\" alt=\"\" class=\"wp-image-448\" srcset=\"https:\/\/aviator-crash.org\/wp-content\/uploads\/2024\/01\/lucky-jet_1-1024x509.jpg 1024w, https:\/\/aviator-crash.org\/wp-content\/uploads\/2024\/01\/lucky-jet_1-300x149.jpg 300w, https:\/\/aviator-crash.org\/wp-content\/uploads\/2024\/01\/lucky-jet_1-768x382.jpg 768w, https:\/\/aviator-crash.org\/wp-content\/uploads\/2024\/01\/lucky-jet_1.jpg 1093w\" sizes=\"(max-width: 1024px) 100vw, 1024px\" \/><meta itemprop=\"width\" content=\"1024\"><meta itemprop=\"height\" content=\"509\"><\/span><\/figure>\n<\/figure>\n\n<p>Hrun leikir fyrir peninga me\u00f0 b\u00f3nus hafa a\u00f0ra s\u00f6gu\u00fer\u00e6\u00f0i. \u00c1 netinu getur\u00f0u reynt heppnina \u00ed Lucky Jet, \u00fear sem a\u00f0alpers\u00f3nan, Joe, reynir a\u00f0 flj\u00faga \u00ed burtu me\u00f0 fullan bakpoka af peningum. Hrun leikur fyrir peninga hefur einfaldar reglur. \u00de\u00fa \u00fearft a\u00f0 velja ve\u00f0m\u00e1l og hafa t\u00edma til a\u00f0 grei\u00f0a \u00fea\u00f0 \u00fat. Ef \u00fe\u00fa gerir \u00feetta ekki t\u00edmanlega ver\u00f0a peningarnir brenndir. Stu\u00f0ullinn fer eftir t\u00edmanum sem Joe dvelur \u00ed loftinu.     <\/p>\n\n<p>H\u00e1marksmargfaldarinn er 100; \u00ed sumum spilastofnunum er hann tv\u00f6falda\u00f0ur. A\u00f0 vinna veltur a\u00f0eins \u00e1 inns\u00e6i leikmannsins, \u00fear sem hann \u00e1kve\u00f0ur hven\u00e6r \u00e1 a\u00f0 \u00fdta \u00e1 hnappinn. <\/p>\n\n<h2 class=\"wp-block-heading\">Hrun leikur &#8211; Jet X<\/h2>\n\n<figure class=\"wp-block-gallery has-nested-images columns-default is-cropped wp-block-gallery-3 is-layout-flex wp-block-gallery-is-layout-flex\">\n<figure class=\"wp-block-image size-large\"><span itemprop=\"image\" itemscope itemtype=\"https:\/\/schema.org\/ImageObject\"><img itemprop=\"url image\" loading=\"lazy\" decoding=\"async\" width=\"1024\" height=\"621\" data-id=\"451\" src=\"https:\/\/aviator-crash.org\/wp-content\/uploads\/2024\/01\/jetx-game-9-1024x621-1.png\" alt=\"\" class=\"wp-image-451\" srcset=\"https:\/\/aviator-crash.org\/wp-content\/uploads\/2024\/01\/jetx-game-9-1024x621-1.png 1024w, https:\/\/aviator-crash.org\/wp-content\/uploads\/2024\/01\/jetx-game-9-1024x621-1-300x182.png 300w, https:\/\/aviator-crash.org\/wp-content\/uploads\/2024\/01\/jetx-game-9-1024x621-1-768x466.png 768w\" sizes=\"(max-width: 1024px) 100vw, 1024px\" \/><meta itemprop=\"width\" content=\"1024\"><meta itemprop=\"height\" content=\"621\"><\/span><\/figure>\n<\/figure>\n\n<p>Fl\u00fdtileikir fyrir peninga nota oft farart\u00e6ki sem a\u00f0alpers\u00f3nu. \u00cd Jet X \u00fearf a\u00f0 fylgjast me\u00f0 hreyfingu \u00feotunnar. Hins vegar mun \u00fea\u00f0 \u00e1 einum t\u00edmapunkti hrynja og hverfa af ratsj\u00e1. Og \u00fea\u00f0 er \u00e1\u00f0ur en notandinn ver\u00f0ur a\u00f0 \u00fdta skynsamlega \u00e1 hnappinn til a\u00f0 taka f\u00e9 \u00fat. Annars vinnur spilav\u00edti\u00f0.    <\/p>\n\n<p>Leikurinn er einn af \u00feeim bestu, hann er kynntur \u00ed m\u00f6rgum spilav\u00edtum. Notandinn s\u00e9r ratsj\u00e1rskj\u00e1 fyrir framan sig sem s\u00fdnir flugv\u00e9lina og stu\u00f0ulinn. \u00dea\u00f0 eykst eftir \u00fev\u00ed sem flugv\u00e9lin fer \u00ed lofti\u00f0. \u00dea\u00f0 er ekki fyrir ekkert sem Jet X er innifalinn \u00ed flokknum \u201eLeikir me\u00f0 hr\u00f6\u00f0um \u00fattektum\u201c; umfer\u00f0in tekur ekki meira en nokkrar m\u00edn\u00fatur.   <\/p>\n\n<p>\u00cd hli\u00f0arreitnum s\u00e9r notandinn ni\u00f0urst\u00f6\u00f0urnar sem fengust \u00ed fyrri umfer\u00f0um. \u00dear a\u00f0 auki er raunveruleg t\u00f6lfr\u00e6\u00f0i allra notenda s\u00fdnd. Spilarinn getur lagt tv\u00f6 ve\u00f0m\u00e1l \u00ed einni umfer\u00f0; ef nau\u00f0syn krefur er sj\u00e1lfvirk \u00fattekt \u00e1 peningum virkju\u00f0. Hrun \u00e1 s\u00e9r sta\u00f0 hven\u00e6r sem er, jafnvel \u00fe\u00f3tt bardagakappinn s\u00e9 n\u00fdbyrja\u00f0ur a\u00f0 n\u00e1 h\u00e6\u00f0. Uppl\u00fdsingas\u00ed\u00f0ur tilkynna um h\u00e1marksstu\u00f0ul upp \u00e1 x25000, en ekki einn fj\u00e1rh\u00e6ttuspilari hefur enn n\u00e1\u00f0 honum.    <\/p>\n\n<h2 class=\"wp-block-heading\">Hrun leikur &#8211; Rocket X<\/h2>\n\n<figure class=\"wp-block-gallery has-nested-images columns-default is-cropped wp-block-gallery-4 is-layout-flex wp-block-gallery-is-layout-flex\">\n<figure class=\"wp-block-image size-large\"><span itemprop=\"image\" itemscope itemtype=\"https:\/\/schema.org\/ImageObject\"><img itemprop=\"url image\" loading=\"lazy\" decoding=\"async\" width=\"1024\" height=\"448\" data-id=\"453\" src=\"https:\/\/aviator-crash.org\/wp-content\/uploads\/2024\/01\/screenshot-2022-11-29-at-12.55.42-1024x448.jpg\" alt=\"\" class=\"wp-image-453\" srcset=\"https:\/\/aviator-crash.org\/wp-content\/uploads\/2024\/01\/screenshot-2022-11-29-at-12.55.42-1024x448.jpg 1024w, https:\/\/aviator-crash.org\/wp-content\/uploads\/2024\/01\/screenshot-2022-11-29-at-12.55.42-300x131.jpg 300w, https:\/\/aviator-crash.org\/wp-content\/uploads\/2024\/01\/screenshot-2022-11-29-at-12.55.42-768x336.jpg 768w, https:\/\/aviator-crash.org\/wp-content\/uploads\/2024\/01\/screenshot-2022-11-29-at-12.55.42-1536x673.jpg 1536w, https:\/\/aviator-crash.org\/wp-content\/uploads\/2024\/01\/screenshot-2022-11-29-at-12.55.42-2048x897.jpg 2048w\" sizes=\"(max-width: 1024px) 100vw, 1024px\" \/><meta itemprop=\"width\" content=\"1024\"><meta itemprop=\"height\" content=\"448\"><\/span><\/figure>\n<\/figure>\n\n<p>Notandinn horfir \u00e1 eldflaugina taka \u00e1 loft. Hann getur lagt ve\u00f0m\u00e1l fr\u00e1 0,1 til 140. \u00dev\u00ed lengur sem flugi\u00f0 varir, \u00fev\u00ed meiri l\u00edkur. Fj\u00e1rh\u00e6ttuspilarar geta s\u00e9rsni\u00f0i\u00f0 leikinn fyrir sig, nota\u00f0 sj\u00e1lfvirk ve\u00f0m\u00e1l og \u00fattektir. Hrunleikurinn krefst l\u00e1gmarks stillinga. Eftir \u00feetta getur notandinn noti\u00f0 st\u00f3rbrotins ferlis: eftir a\u00f0 eldflauginni er skoti\u00f0 \u00e1 loft birtist bjartur st\u00f6kkur og stu\u00f0ullinn eykst einnig. Ef \u00fea\u00f0 er engin sj\u00e1lfvirk afturk\u00f6llun velur leikma\u00f0urinn lok umfer\u00f0arinnar. Ef hann n\u00e1\u00f0i ekki a\u00f0 gera \u00feetta fyrir sprenginguna er hann enn taps\u00e1r. \u00de\u00fa getur or\u00f0i\u00f0 sigurvegari ef \u00fe\u00fa notar \u00fdmsar a\u00f0fer\u00f0ir og t\u00e6kni.        <\/p>\n\n<h2 class=\"wp-block-heading\">Hrun leikur &#8211; Space XY<\/h2>\n\n<figure class=\"wp-block-gallery has-nested-images columns-default is-cropped wp-block-gallery-5 is-layout-flex wp-block-gallery-is-layout-flex\">\n<figure class=\"wp-block-image size-large\"><span itemprop=\"image\" itemscope itemtype=\"https:\/\/schema.org\/ImageObject\"><img itemprop=\"url image\" loading=\"lazy\" decoding=\"async\" width=\"1024\" height=\"577\" data-id=\"455\" src=\"https:\/\/aviator-crash.org\/wp-content\/uploads\/2024\/01\/spacexy-gameplay-screen-1024x577-1.webp\" alt=\"\" class=\"wp-image-455\" srcset=\"https:\/\/aviator-crash.org\/wp-content\/uploads\/2024\/01\/spacexy-gameplay-screen-1024x577-1.webp 1024w, https:\/\/aviator-crash.org\/wp-content\/uploads\/2024\/01\/spacexy-gameplay-screen-1024x577-1-300x169.webp 300w, https:\/\/aviator-crash.org\/wp-content\/uploads\/2024\/01\/spacexy-gameplay-screen-1024x577-1-768x433.webp 768w\" sizes=\"(max-width: 1024px) 100vw, 1024px\" \/><meta itemprop=\"width\" content=\"1024\"><meta itemprop=\"height\" content=\"577\"><\/span><\/figure>\n<\/figure>\n\n<p>Hrun leikur fyrir peninga hefur einstaka eiginleika. Geim\u00feema\u00f0 gerir \u00fea\u00f0 \u00e1hugaver\u00f0ara og a\u00f0la\u00f0andi fyrir leikmenn. Geimskip, vetrarbrautir, framandi verur, allt \u00feetta \u00e1samt bj\u00f6rtu fj\u00f6ri og graf\u00edk gerir \u00fe\u00e9r kleift a\u00f0 s\u00f6kkva \u00fe\u00e9r algj\u00f6rlega \u00ed heim fj\u00e1rh\u00e6ttuspilanna. Space XY er besti hra\u00f0grei\u00f0sluleikurinn, hann hefur vinningssamsetningar og b\u00f3nuseiginleika. \u00de\u00fa getur fundi\u00f0 hann \u00ed \u00fdmsum spilav\u00edtum \u00e1 netinu, svo Crash leikurinn er \u00ed bo\u00f0i fyrir brei\u00f0an markh\u00f3p. \u00de\u00fa getur spila\u00f0 fyrir alv\u00f6ru peninga e\u00f0a s\u00fdndarpeninga; til a\u00f0 gera \u00feetta skaltu bara byrja \u00e1 kynningarhamnum.     <\/p>\n\n<h2 class=\"wp-block-heading\">Hra\u00f0spilun \u2013 rei\u00f0uf\u00e9 e\u00f0a hrun<\/h2>\n\n<figure class=\"wp-block-gallery has-nested-images columns-default is-cropped wp-block-gallery-6 is-layout-flex wp-block-gallery-is-layout-flex\">\n<figure class=\"wp-block-image size-large\"><span itemprop=\"image\" itemscope itemtype=\"https:\/\/schema.org\/ImageObject\"><img itemprop=\"url image\" loading=\"lazy\" decoding=\"async\" width=\"1024\" height=\"576\" data-id=\"457\" src=\"https:\/\/aviator-crash.org\/wp-content\/uploads\/2024\/01\/cash-or-crash-evolution-live-games-hollywoodbets-1024x576-1.jpg\" alt=\"\" class=\"wp-image-457\" srcset=\"https:\/\/aviator-crash.org\/wp-content\/uploads\/2024\/01\/cash-or-crash-evolution-live-games-hollywoodbets-1024x576-1.jpg 1024w, https:\/\/aviator-crash.org\/wp-content\/uploads\/2024\/01\/cash-or-crash-evolution-live-games-hollywoodbets-1024x576-1-300x169.jpg 300w, https:\/\/aviator-crash.org\/wp-content\/uploads\/2024\/01\/cash-or-crash-evolution-live-games-hollywoodbets-1024x576-1-768x432.jpg 768w\" sizes=\"(max-width: 1024px) 100vw, 1024px\" \/><meta itemprop=\"width\" content=\"1024\"><meta itemprop=\"height\" content=\"576\"><\/span><\/figure>\n<\/figure>\n\n<p>Spilarinn lendir \u00ed loftskipi sem fer yfir risast\u00f3ra st\u00f3rborg. Notandinn s\u00e9r v\u00e9l \u00fear sem k\u00falunum er blanda\u00f0 \u00ed. Nota\u00f0ar eru 8 rau\u00f0ar, 19 gr\u00e6nar og ein gullk\u00fala. Spilarinn \u00fearf a\u00f0 fara upp stigann. Til a\u00f0 gera \u00feetta ver\u00f0ur hann a\u00f0 safna gr\u00e6num boltum. Ef \u00fatkoman er rau\u00f0 er umfer\u00f0in b\u00fain. H\u00e6gt er a\u00f0 nota gullna boltann til verndar, hann gefur auki\u00f0 l\u00edf.      <\/p>\n\n<p>Eftir a\u00f0 hafa broti\u00f0 skj\u00f6ldinn e\u00f0a sleppt gr\u00e6na boltanum getur leikma\u00f0urinn veri\u00f0 \u00e1fram \u00ed leiknum me\u00f0 fullan vinning e\u00f0a loki\u00f0 lotunni. Hann hefur l\u00edka t\u00e6kif\u00e6ri til a\u00f0 taka \u00fat helming peninganna og me\u00f0 \u00feeirri upph\u00e6\u00f0 sem eftir er getur\u00f0u haldi\u00f0 leiknum \u00e1fram. Fj\u00e1rh\u00e6ttuspilarinn \u00fearf a\u00f0 fara \u00ed gegnum tuttugu stig. \u00cd fyrsta \u00feeirra er margfaldarinn 1,2x og efst \u00e1 stiganum er hann 18000x. Spilarinn \u00fearf a\u00f0eins a\u00f0 ve\u00f0ja $5 til a\u00f0 f\u00e1 90.000 \u00ed kj\u00f6lfari\u00f0.    <\/p>\n\n<p>\u00de\u00fa getur hala\u00f0 ni\u00f0ur leiknum me\u00f0 skj\u00f3tri \u00fattekt \u00e1 peningum \u00ed spilav\u00edti \u00e1 netinu. Nau\u00f0synlegt er a\u00f0 velja \u00e1rei\u00f0anlega \u00fej\u00f3nustu me\u00f0 leyfi, h\u00fan tryggir a\u00f0 fari\u00f0 s\u00e9 a\u00f0 reglum eftirlitsins. \u00deetta \u00fe\u00fd\u00f0ir a\u00f0 spilav\u00edti\u00f0 hefur peninga til a\u00f0 grei\u00f0a jafnvel h\u00e1ar upph\u00e6\u00f0ir til sigurvegaranna, og \u00fea\u00f0 fer st\u00f6\u00f0ugt \u00ed innri endursko\u00f0un og hugb\u00fana\u00f0arathugun. Mikilv\u00e6gt er a\u00f0 kynna s\u00e9r umsagnir og heimas\u00ed\u00f0u stofnunarinnar. Ef notandi lendir \u00e1 svikas\u00ed\u00f0u f\u00e6r hann ekki af\u00fereyingu me\u00f0 b\u00f3nus og vinningum heldur tapar pers\u00f3nulegum g\u00f6gnum s\u00ednum e\u00f0a smitar t\u00e6ki\u00f0 sitt af v\u00edrusum.    <\/p>\n","protected":false},"excerpt":{"rendered":"<p>Hugmyndin um Crash leikur birtist snemma \u00e1 2000. Hins vegar hafa \u00feeir or\u00f0i\u00f0 s\u00edfellt vins\u00e6lli \u00e1 s\u00ed\u00f0ustu \u00e1rum. Leikir til a\u00f0 gr\u00e6\u00f0a peninga flj\u00f3tt eru s\u00fdndir \u00ed n\u00e6stum \u00f6llum spilav\u00edtum \u00e1 netinu. Hver umfer\u00f0 er spennandi, full af adrenal\u00edni. Flj\u00f3tlegir leikir hafa einfalt spilun: margfaldarinn eykst og vinningarnir h\u00e6kka \u00ed samr\u00e6mi vi\u00f0 \u00fea\u00f0; \u00fe\u00fa \u00fearft [&hellip;]<\/p>\n","protected":false},"author":2,"featured_media":0,"parent":0,"menu_order":0,"comment_status":"closed","ping_status":"closed","template":"","meta":{"footnotes":""},"yoast_head":"<!-- This site is optimized with the Yoast SEO plugin v21.7 - https:\/\/yoast.com\/wordpress\/plugins\/seo\/ -->\n<title>Hrunaleikir fyrir peninga (hratt hrunleikur \u00e1 netinu me\u00f0 peninga\u00fattekt)<\/title>\n<meta name=\"description\" content=\"Hrunaleikir eru vins\u00e6lir vegna \u00feess a\u00f0 \u00feeir gefa t\u00e6kif\u00e6ri til a\u00f0 gr\u00e6\u00f0a skj\u00f3tan pening. Leikir fyrir peninga me\u00f0 hrun hafa einfaldar reglur. \u00c1 sama t\u00edma eru \u00feeir mj\u00f6g spennandi og fj\u00e1rh\u00e6ttuspil.\" \/>\n<meta name=\"robots\" content=\"index, follow, max-snippet:-1, max-image-preview:large, max-video-preview:-1\" \/>\n<link rel=\"canonical\" href=\"https:\/\/aviator-crash.org\/is\/fljotur-leikur-fyrir-peninga-a-netinu-med-afturkollun\/\" \/>\n<meta property=\"og:locale\" content=\"is_IS\" \/>\n<meta property=\"og:type\" content=\"article\" \/>\n<meta property=\"og:title\" content=\"Hrunaleikir fyrir peninga (hratt hrunleikur \u00e1 netinu me\u00f0 peninga\u00fattekt)\" \/>\n<meta property=\"og:description\" content=\"Hrunaleikir eru vins\u00e6lir vegna \u00feess a\u00f0 \u00feeir gefa t\u00e6kif\u00e6ri til a\u00f0 gr\u00e6\u00f0a skj\u00f3tan pening. Leikir fyrir peninga me\u00f0 hrun hafa einfaldar reglur. \u00c1 sama t\u00edma eru \u00feeir mj\u00f6g spennandi og fj\u00e1rh\u00e6ttuspil.\" \/>\n<meta property=\"og:url\" content=\"https:\/\/aviator-crash.org\/is\/fljotur-leikur-fyrir-peninga-a-netinu-med-afturkollun\/\" \/>\n<meta property=\"article:modified_time\" content=\"2024-02-02T21:11:41+00:00\" \/>\n<meta property=\"og:image\" content=\"https:\/\/aviator-crash.org\/wp-content\/uploads\/2024\/01\/aviator-minigame-logo-4.png\" \/>\n<meta name=\"twitter:card\" content=\"summary_large_image\" \/>\n<meta name=\"twitter:label1\" content=\"Est. reading time\" \/>\n\t<meta name=\"twitter:data1\" content=\"6 minutes\" \/>\n<script type=\"application\/ld+json\" class=\"yoast-schema-graph\">{\"@context\":\"https:\/\/schema.org\",\"@graph\":[{\"@type\":\"WebPage\",\"@id\":\"https:\/\/aviator-crash.org\/is\/fljotur-leikur-fyrir-peninga-a-netinu-med-afturkollun\/\",\"url\":\"https:\/\/aviator-crash.org\/is\/fljotur-leikur-fyrir-peninga-a-netinu-med-afturkollun\/\",\"name\":\"Hrunaleikir fyrir peninga (hratt hrunleikur \u00e1 netinu me\u00f0 peninga\u00fattekt)\",\"isPartOf\":{\"@id\":\"https:\/\/aviator-crash.org\/is\/#website\"},\"datePublished\":\"2023-12-27T19:12:26+00:00\",\"dateModified\":\"2024-02-02T21:11:41+00:00\",\"description\":\"Hrunaleikir eru vins\u00e6lir vegna \u00feess a\u00f0 \u00feeir gefa t\u00e6kif\u00e6ri til a\u00f0 gr\u00e6\u00f0a skj\u00f3tan pening. Leikir fyrir peninga me\u00f0 hrun hafa einfaldar reglur. \u00c1 sama t\u00edma eru \u00feeir mj\u00f6g spennandi og fj\u00e1rh\u00e6ttuspil.\",\"breadcrumb\":{\"@id\":\"https:\/\/aviator-crash.org\/is\/fljotur-leikur-fyrir-peninga-a-netinu-med-afturkollun\/#breadcrumb\"},\"inLanguage\":\"is\",\"potentialAction\":[{\"@type\":\"ReadAction\",\"target\":[\"https:\/\/aviator-crash.org\/is\/fljotur-leikur-fyrir-peninga-a-netinu-med-afturkollun\/\"]}]},{\"@type\":\"BreadcrumbList\",\"@id\":\"https:\/\/aviator-crash.org\/is\/fljotur-leikur-fyrir-peninga-a-netinu-med-afturkollun\/#breadcrumb\",\"itemListElement\":[{\"@type\":\"ListItem\",\"position\":1,\"name\":\"Home\",\"item\":\"https:\/\/aviator-crash.org\/is\/leikur-aviator-a-netinu-fyrir-alvoru-peninga\/\"},{\"@type\":\"ListItem\",\"position\":2,\"name\":\"Flj\u00f3tur leikur fyrir peninga \u00e1 netinu me\u00f0 afturk\u00f6llun\"}]},{\"@type\":\"WebSite\",\"@id\":\"https:\/\/aviator-crash.org\/is\/#website\",\"url\":\"https:\/\/aviator-crash.org\/is\/\",\"name\":\"\",\"description\":\"\",\"potentialAction\":[{\"@type\":\"SearchAction\",\"target\":{\"@type\":\"EntryPoint\",\"urlTemplate\":\"https:\/\/aviator-crash.org\/is\/?s={search_term_string}\"},\"query-input\":\"required name=search_term_string\"}],\"inLanguage\":\"is\"}]}<\/script>\n<!-- \/ Yoast SEO plugin. -->","yoast_head_json":{"title":"Hrunaleikir fyrir peninga (hratt hrunleikur \u00e1 netinu me\u00f0 peninga\u00fattekt)","description":"Hrunaleikir eru vins\u00e6lir vegna \u00feess a\u00f0 \u00feeir gefa t\u00e6kif\u00e6ri til a\u00f0 gr\u00e6\u00f0a skj\u00f3tan pening. Leikir fyrir peninga me\u00f0 hrun hafa einfaldar reglur. \u00c1 sama t\u00edma eru \u00feeir mj\u00f6g spennandi og fj\u00e1rh\u00e6ttuspil.","robots":{"index":"index","follow":"follow","max-snippet":"max-snippet:-1","max-image-preview":"max-image-preview:large","max-video-preview":"max-video-preview:-1"},"canonical":"https:\/\/aviator-crash.org\/is\/fljotur-leikur-fyrir-peninga-a-netinu-med-afturkollun\/","og_locale":"is_IS","og_type":"article","og_title":"Hrunaleikir fyrir peninga (hratt hrunleikur \u00e1 netinu me\u00f0 peninga\u00fattekt)","og_description":"Hrunaleikir eru vins\u00e6lir vegna \u00feess a\u00f0 \u00feeir gefa t\u00e6kif\u00e6ri til a\u00f0 gr\u00e6\u00f0a skj\u00f3tan pening. Leikir fyrir peninga me\u00f0 hrun hafa einfaldar reglur. \u00c1 sama t\u00edma eru \u00feeir mj\u00f6g spennandi og fj\u00e1rh\u00e6ttuspil.","og_url":"https:\/\/aviator-crash.org\/is\/fljotur-leikur-fyrir-peninga-a-netinu-med-afturkollun\/","article_modified_time":"2024-02-02T21:11:41+00:00","og_image":[{"url":"https:\/\/aviator-crash.org\/wp-content\/uploads\/2024\/01\/aviator-minigame-logo-4.png"}],"twitter_card":"summary_large_image","twitter_misc":{"Est. reading time":"6 minutes"},"schema":{"@context":"https:\/\/schema.org","@graph":[{"@type":"WebPage","@id":"https:\/\/aviator-crash.org\/is\/fljotur-leikur-fyrir-peninga-a-netinu-med-afturkollun\/","url":"https:\/\/aviator-crash.org\/is\/fljotur-leikur-fyrir-peninga-a-netinu-med-afturkollun\/","name":"Hrunaleikir fyrir peninga (hratt hrunleikur \u00e1 netinu me\u00f0 peninga\u00fattekt)","isPartOf":{"@id":"https:\/\/aviator-crash.org\/is\/#website"},"datePublished":"2023-12-27T19:12:26+00:00","dateModified":"2024-02-02T21:11:41+00:00","description":"Hrunaleikir eru vins\u00e6lir vegna \u00feess a\u00f0 \u00feeir gefa t\u00e6kif\u00e6ri til a\u00f0 gr\u00e6\u00f0a skj\u00f3tan pening. Leikir fyrir peninga me\u00f0 hrun hafa einfaldar reglur. \u00c1 sama t\u00edma eru \u00feeir mj\u00f6g spennandi og fj\u00e1rh\u00e6ttuspil.","breadcrumb":{"@id":"https:\/\/aviator-crash.org\/is\/fljotur-leikur-fyrir-peninga-a-netinu-med-afturkollun\/#breadcrumb"},"inLanguage":"is","potentialAction":[{"@type":"ReadAction","target":["https:\/\/aviator-crash.org\/is\/fljotur-leikur-fyrir-peninga-a-netinu-med-afturkollun\/"]}]},{"@type":"BreadcrumbList","@id":"https:\/\/aviator-crash.org\/is\/fljotur-leikur-fyrir-peninga-a-netinu-med-afturkollun\/#breadcrumb","itemListElement":[{"@type":"ListItem","position":1,"name":"Home","item":"https:\/\/aviator-crash.org\/is\/leikur-aviator-a-netinu-fyrir-alvoru-peninga\/"},{"@type":"ListItem","position":2,"name":"Flj\u00f3tur leikur fyrir peninga \u00e1 netinu me\u00f0 afturk\u00f6llun"}]},{"@type":"WebSite","@id":"https:\/\/aviator-crash.org\/is\/#website","url":"https:\/\/aviator-crash.org\/is\/","name":"","description":"","potentialAction":[{"@type":"SearchAction","target":{"@type":"EntryPoint","urlTemplate":"https:\/\/aviator-crash.org\/is\/?s={search_term_string}"},"query-input":"required name=search_term_string"}],"inLanguage":"is"}]}},"_links":{"self":[{"href":"https:\/\/aviator-crash.org\/is\/wp-json\/wp\/v2\/pages\/5187"}],"collection":[{"href":"https:\/\/aviator-crash.org\/is\/wp-json\/wp\/v2\/pages"}],"about":[{"href":"https:\/\/aviator-crash.org\/is\/wp-json\/wp\/v2\/types\/page"}],"author":[{"embeddable":true,"href":"https:\/\/aviator-crash.org\/is\/wp-json\/wp\/v2\/users\/2"}],"replies":[{"embeddable":true,"href":"https:\/\/aviator-crash.org\/is\/wp-json\/wp\/v2\/comments?post=5187"}],"version-history":[{"count":3,"href":"https:\/\/aviator-crash.org\/is\/wp-json\/wp\/v2\/pages\/5187\/revisions"}],"predecessor-version":[{"id":5197,"href":"https:\/\/aviator-crash.org\/is\/wp-json\/wp\/v2\/pages\/5187\/revisions\/5197"}],"wp:attachment":[{"href":"https:\/\/aviator-crash.org\/is\/wp-json\/wp\/v2\/media?parent=5187"}],"curies":[{"name":"wp","href":"https:\/\/api.w.org\/{rel}","templated":true}]}}