{"id":5283,"date":"2023-12-27T19:48:01","date_gmt":"2023-12-27T19:48:01","guid":{"rendered":"https:\/\/aviator-crash.org\/space-xy-spilakassa\/"},"modified":"2024-02-02T21:16:20","modified_gmt":"2024-02-02T21:16:20","slug":"space-xy-spilakassa","status":"publish","type":"page","link":"https:\/\/aviator-crash.org\/is\/space-xy-spilakassa\/","title":{"rendered":"Space XY spilakassa"},"content":{"rendered":"\n<figure class=\"wp-block-gallery has-nested-images columns-default is-cropped wp-block-gallery-1 is-layout-flex wp-block-gallery-is-layout-flex\">\n<figure class=\"wp-block-image size-large\"><span itemprop=\"image\" itemscope itemtype=\"https:\/\/schema.org\/ImageObject\"><img itemprop=\"url image\" loading=\"lazy\" decoding=\"async\" width=\"1024\" height=\"445\" data-id=\"469\" src=\"https:\/\/aviator-crash.org\/wp-content\/uploads\/2024\/01\/bgaming-game-release-1024x445.jpg\" alt=\"\" class=\"wp-image-469\" srcset=\"https:\/\/aviator-crash.org\/wp-content\/uploads\/2024\/01\/bgaming-game-release-1024x445.jpg 1024w, https:\/\/aviator-crash.org\/wp-content\/uploads\/2024\/01\/bgaming-game-release-300x131.jpg 300w, https:\/\/aviator-crash.org\/wp-content\/uploads\/2024\/01\/bgaming-game-release-768x334.jpg 768w, https:\/\/aviator-crash.org\/wp-content\/uploads\/2024\/01\/bgaming-game-release.jpg 1200w\" sizes=\"(max-width: 1024px) 100vw, 1024px\" \/><meta itemprop=\"width\" content=\"1024\"><meta itemprop=\"height\" content=\"445\"><\/span><\/figure>\n<\/figure>\n\n<p>Velkomin \u00ed heim XY geimsins, \u00fear sem hver stjarna er n\u00fdtt \u00e6vint\u00fdri og s\u00e9rhver vetrarbraut er vettvangur til k\u00f6nnunar. \u00deessi spennandi geimleikur b\u00fd\u00f0ur leikm\u00f6nnum ekki a\u00f0eins t\u00e6kif\u00e6ri til a\u00f0 kanna v\u00ed\u00f0\u00e1ttumikil v\u00ed\u00f0\u00e1ttur alheimsins, heldur einnig til a\u00f0 ver\u00f0a raunverulegir geimk\u00f6nnu\u00f0ir. <\/p>\n\n<p>Space XY er leikur sem vekur athygli fr\u00e1 fyrstu sek\u00fandum. \u00de\u00fa getur hala\u00f0 ni\u00f0ur forritinu fyrir Android \u00e1 opinberu ve\u00f0mangaras\u00ed\u00f0unni Odin Vin. H\u00e9r finnur \u00fe\u00fa bestu \u00e6vint\u00fdrin og \u00f3gleymanlega d\u00e6gradv\u00f6l. Skr\u00e1\u00f0u \u00feig inn \u00e1 pers\u00f3nulega reikninginn \u00feinn, settu ve\u00f0m\u00e1l og vinn\u00f0u \u00e1 Space XY.   <\/p>\n\n<h2 class=\"wp-block-heading\">Kostur online leikur Space XY<\/h2>\n\n<p>Space XY er leikur sem b\u00fd\u00f0ur upp \u00e1 spennandi geimbardaga \u00fear sem \u00fe\u00fa getur pr\u00f3fa\u00f0 flugmannskunn\u00e1ttu \u00fe\u00edna. S\u00e9rsn\u00edddu geimskipi\u00f0 \u00feitt, bar\u00f0ist vi\u00f0 geimveru\u00f3gnir og taktu \u00fe\u00e1tt \u00ed ep\u00edskum geimbard\u00f6gum sem munu \u00e1kvar\u00f0a \u00f6rl\u00f6g \u00fe\u00edn \u00ed \u00feessu mikla v\u00ed\u00f0\u00e1ttu. <\/p>\n\n<p>Me\u00f0al helstu kosta \u00feessa leiks er \u00feess vir\u00f0i a\u00f0 draga fram eftirfarandi:<\/p>\n\n<ul>\n<li>Dj\u00fapur s\u00f6gu\u00fer\u00e1\u00f0ur. Space XY sn\u00fdst ekki bara um geim\u00e6vint\u00fdri. R\u00edkulegur s\u00f6gu\u00fer\u00e1\u00f0ur, fl\u00f3knar \u00ferautir og mikilv\u00e6gar \u00e1kvar\u00f0anir skapa einstaka upplifun sem fer eftir vali \u00fe\u00ednu.  <\/li>\n\n\n\n<li>S\u00e9rhver \u00e1kv\u00f6r\u00f0un hefur \u00e1hrif \u00e1 gang leiksins. \u00deess vegna \u00fearftu stefnu \u00ed Space XY til a\u00f0 vinna og vinna s\u00e9r inn eins m\u00f6rg stig og m\u00f6gulegt er. <\/li>\n\n\n\n<li>M\u00f6guleiki \u00e1 einstaklingsa\u00f0l\u00f6gun. Einn af lykil\u00fe\u00e1ttum Space XY er h\u00e6fileikinn til a\u00f0 s\u00e9rsn\u00ed\u00f0a geimfari\u00f0 \u00feitt a\u00f0 \u00fe\u00ednum \u00f3skum. Veldu einstaka breytingar, b\u00e6ttu t\u00e6knina og b\u00fa\u00f0u til skip sem mun endurspegla st\u00edl \u00feinn og stefnu.  <\/li>\n\n\n\n<li>Galactic fer\u00f0al\u00f6g. Space XY opnar \u00fe\u00e9r margar vetrarbrautir, sem hver um sig er full af \u00f3tr\u00falegum heimum, dularfullum gripum og h\u00e6ttulegum \u00e6vint\u00fdrum. Sko\u00f0a\u00f0u \u00f3\u00feekktar pl\u00e1netur, hittu fj\u00f6lbreytta kyn\u00fe\u00e6tti og taktu \u00fe\u00e1tt \u00ed forvitnilegum geims\u00f6gum. Allt sem \u00fe\u00fa \u00fearft til a\u00f0 byrja a\u00f0 s\u00f6kkva \u00fe\u00e9r ni\u00f0ur \u00ed s\u00f6guna er a\u00f0 skilja Space XY hvernig \u00e1 a\u00f0 setja leikinn upp.   <\/li>\n\n\n\n<li>Vikulegir atbur\u00f0ir og verkefni. Netleikurinn er st\u00f6\u00f0ugt uppf\u00e6r\u00f0ur me\u00f0 n\u00fdjum vi\u00f0bur\u00f0um, verkefnum og \u00e1skorunum, sem gerir \u00fe\u00e9r kleift a\u00f0 finna alltaf n\u00fd markmi\u00f0 til a\u00f0 n\u00e1. Taktu \u00fe\u00e1tt \u00ed vikulegum vi\u00f0bur\u00f0um, kepptu um ver\u00f0laun og d\u00e1\u00f0ust a\u00f0 einst\u00f6ku t\u00e6kif\u00e6rum sem \u00fe\u00e9r eru veittar \u00ed hverri viku.  <\/li>\n<\/ul>\n\n<h2 class=\"wp-block-heading\">Hvernig \u00e1 a\u00f0 spila Space XY<\/h2>\n\n<p>Til a\u00f0 hefja geim\u00e6vint\u00fdri\u00f0 \u00feitt \u00ed Space XY er fyrsta skrefi\u00f0 a\u00f0 setja leikinn upp. \u00de\u00fa \u00fearft \u00fe\u00e1 a\u00f0 b\u00faa til reikninginn \u00feinn, sem mun tryggja a\u00f0 framfarir \u00fe\u00ednar og netm\u00f6guleikar s\u00e9u vista\u00f0ir. Eftir skr\u00e1ningu skaltu s\u00e9rsn\u00ed\u00f0a geimskipi\u00f0 \u00feitt me\u00f0 einstakri h\u00f6nnun og uppf\u00e6rslu. S\u00f6kkva \u00fe\u00e9r ni\u00f0ur \u00ed heimi Space XY, kanna vetrarbrautir, hafa samskipti vi\u00f0 mismunandi heima og kl\u00e1ra verkefni me\u00f0 \u00fev\u00ed a\u00f0 hla\u00f0a ni\u00f0ur Space XY.   <\/p>\n\n<p>Geimbardagar eru lykilatri\u00f0i leiksins. Skora\u00f0u \u00e1 geimveru\u00f3gnir og a\u00f0ra leikmenn \u00ed raunt\u00edma me\u00f0 \u00fev\u00ed a\u00f0 nota stefnum\u00f3tandi h\u00e6fileika \u00fe\u00edna. Taktu \u00fe\u00e1tt \u00ed vi\u00f0bur\u00f0um og verkefnum til a\u00f0 f\u00e1 ver\u00f0laun og uppf\u00e6rslur. Samskipti vi\u00f0 a\u00f0ra leikmenn eru l\u00edka mikilv\u00e6g &#8211; b\u00fa\u00f0u til bandal\u00f6g, skiptu \u00e1 reynslu og a\u00f0fer\u00f0um.   <\/p>\n\n<p>\u00c1 heildina liti\u00f0, a\u00f0 s\u00f6kkva \u00fe\u00e9r ni\u00f0ur \u00ed Space XY krefst k\u00f6nnunar, bardaga og samskipta vi\u00f0 alheimsheiminn sem b\u00ed\u00f0ur uppg\u00f6tvunar \u00feinnar.<\/p>\n\n<h2 class=\"wp-block-heading\">Hvernig \u00e1 a\u00f0 vinna \u00e1 Space XY<\/h2>\n\n<p>\u00cd heimi Space XY liggur lykillinn a\u00f0 fars\u00e6lum leik \u00ed dj\u00fapri k\u00f6nnun \u00e1 alheiminum og sveigjanlegri a\u00f0l\u00f6gun a\u00f0 \u00fdmsum \u00e1skorunum. \u00der\u00f3a\u00f0u geimskipi\u00f0 \u00feitt, a\u00f0laga\u00f0u \u00fea\u00f0 \u00ed samr\u00e6mi vi\u00f0 einstaka \u00fearfir og kr\u00f6fur n\u00faverandi \u00e1stands. Og Space XY b\u00f3nus gerir \u00fe\u00e9r kleift a\u00f0 auka vinningsl\u00edkur \u00fe\u00ednar.  <\/p>\n\n<p>Taktu stefnum\u00f3tandi n\u00e1lgun vi\u00f0 geimbardaga, gef\u00f0u gaum a\u00f0 gangverki bardaga og ytri \u00fe\u00e1ttum. Fylgstu me\u00f0 heg\u00f0un annarra leikmanna og a\u00f0laga\u00f0u takt\u00edk \u00fe\u00edna \u00ed samr\u00e6mi vi\u00f0 gj\u00f6r\u00f0ir \u00feeirra. Space XY stefna er lykilatri\u00f0i sem er nau\u00f0synlegt fyrir \u00e1rangursr\u00edkan leik.  <\/p>\n\n<p>Taktu virkan \u00fe\u00e1tt \u00ed vi\u00f0bur\u00f0um og verkefnum sem gefa \u00fe\u00e9r t\u00e6kif\u00e6ri til a\u00f0 f\u00e1 d\u00fdrm\u00e6tar au\u00f0lindir og uppf\u00e6rslur fyrir skipi\u00f0 \u00feitt. Mundu samt a\u00f0 a\u00f0ger\u00f0ir \u00fe\u00ednar og \u00e1kvar\u00f0anir geta haft \u00e1hrif \u00e1 gang leiksins og samskipti vi\u00f0 a\u00f0ra leikmenn. <\/p>\n\n<h2 class=\"wp-block-heading\">Leikreglur \u00ed Space XY<\/h2>\n\n<p>\u00cd heimi Space XY eru nokkrar grunnreglur sem hj\u00e1lpa \u00fe\u00e9r a\u00f0 sigla og n\u00e1 \u00e1rangri \u00ed geim\u00e6vint\u00fdrum \u00fe\u00ednum. \u00de\u00fa \u00fearft a\u00f0 l\u00e6ra \u00feau \u00e1\u00f0ur en \u00fe\u00fa byrjar a\u00f0 spila Space XY: <\/p>\n\n<ol>\n<li>Sko\u00f0a\u00f0u mismunandi vetrarbrautir, pl\u00e1netur og sm\u00e1stirni.<\/li>\n\n\n\n<li>Uppf\u00e6r\u00f0u skipi\u00f0 \u00feitt, \u00fer\u00f3a\u00f0u t\u00e6kni og taktu \u00fe\u00e1tt \u00ed geimeinv\u00edgum til a\u00f0 vernda hagsmuni \u00fe\u00edna.<\/li>\n\n\n\n<li>F\u00e1\u00f0u au\u00f0lindir, vinndu \u00fe\u00e6r og nota\u00f0u \u00fe\u00e6r til a\u00f0 b\u00e6ta skipi\u00f0 \u00feitt, byggja b\u00e6kist\u00f6\u00f0var, rannsaka og versla.<\/li>\n\n\n\n<li>Taktu virkan \u00fe\u00e1tt \u00ed vi\u00f0bur\u00f0um og verkefnum til a\u00f0 f\u00e1 einst\u00f6k ver\u00f0laun og auka getu \u00fe\u00edna \u00ed leiknum.<\/li>\n\n\n\n<li>Rannsaka\u00f0u n\u00fdja t\u00e6kni til a\u00f0 b\u00e6ta skips- og grunnv\u00f6rnina.<\/li>\n\n\n\n<li>B\u00fa\u00f0u til bandal\u00f6g me\u00f0 \u00f6\u00f0rum spilurum til a\u00f0 sameina krafta \u00ed bar\u00e1ttunni fyrir sameiginlegum markmi\u00f0um og \u00fer\u00f3a a\u00f0fer\u00f0ir \u00ed leiknum Space XY hvernig \u00e1 a\u00f0 vinna.<\/li>\n\n\n\n<li>Taktu \u00fe\u00e1tt \u00ed keppnum og fylgdu st\u00f6\u00f0unum til a\u00f0 m\u00e6la framfarir \u00fe\u00ednar og bera saman \u00e1rangur \u00feinn vi\u00f0 a\u00f0ra leikmenn.<\/li>\n<\/ol>\n\n<p>A\u00f0 fylgja \u00feessum reglum mun hj\u00e1lpa \u00fe\u00e9r a\u00f0 nj\u00f3ta fullkomlega geimupplifunarinnar \u00ed Space XY og n\u00e1 \u00e1rangri \u00ed v\u00ed\u00f0\u00e1ttumiklu geimnum.<\/p>\n\n<h2 class=\"wp-block-heading\">Kynningark\u00f3\u00f0ar<\/h2>\n\n<p>Besta lei\u00f0in til a\u00f0 f\u00e1 uppf\u00e6r\u00f0a k\u00f3\u00f0a er a\u00f0 fylgja opinberum samskiptar\u00e1sum leiksins. \u00deetta g\u00e6ti veri\u00f0 opinber vefs\u00ed\u00f0a, samf\u00e9lagsmi\u00f0lar, spjallbor\u00f0 e\u00f0a t\u00f6lvup\u00f3stlisti. Kynningark\u00f3\u00f0ar \u00ed leik eins og Space XY eru nota\u00f0ir til a\u00f0 veita leikm\u00f6nnum \u00fdmsa b\u00f3nusa og fr\u00ed\u00f0indi.  <\/p>\n\n<p>Kynningark\u00f3\u00f0ar geta veitt \u00f3keypis au\u00f0lindir eins og inneign, orku e\u00f0a a\u00f0ra gjaldmi\u00f0la \u00ed leiknum. Sumir valkostir veita a\u00f0gang a\u00f0 einst\u00f6kum uppf\u00e6rslum e\u00f0a uppf\u00e6rslum fyrir geimskip, b\u00e6kist\u00f6\u00f0var og a\u00f0ra leikja\u00fe\u00e6tti. \u00cd Space XY ums\u00f6gnum getur\u00f0u fundi\u00f0 fullt af r\u00e1\u00f0um um hvernig \u00e1 a\u00f0 nota sl\u00edka b\u00f3nusa r\u00e9tt.  <\/p>\n\n<p>H\u00e6gt er a\u00f0 dreifa kynningark\u00f3\u00f0um sem hluta af s\u00e9rst\u00f6kum vi\u00f0bur\u00f0um, keppnum e\u00f0a kynningum, sem hvetur leikmenn til a\u00f0 taka \u00fe\u00e1tt \u00ed \u00fdmsum ath\u00f6fnum.<\/p>\n\n<h2 class=\"wp-block-heading\">Umsagnir<\/h2>\n\n<p>H\u00e9r eru nokkrar umsagnir notenda sem sta\u00f0festa miklar vins\u00e6ldir \u00feessa forrits:<\/p>\n","protected":false},"excerpt":{"rendered":"<p>Velkomin \u00ed heim XY geimsins, \u00fear sem hver stjarna er n\u00fdtt \u00e6vint\u00fdri og s\u00e9rhver vetrarbraut er vettvangur til k\u00f6nnunar. \u00deessi spennandi geimleikur b\u00fd\u00f0ur leikm\u00f6nnum ekki a\u00f0eins t\u00e6kif\u00e6ri til a\u00f0 kanna v\u00ed\u00f0\u00e1ttumikil v\u00ed\u00f0\u00e1ttur alheimsins, heldur einnig til a\u00f0 ver\u00f0a raunverulegir geimk\u00f6nnu\u00f0ir. Space XY er leikur sem vekur athygli fr\u00e1 fyrstu sek\u00fandum. \u00de\u00fa getur hala\u00f0 ni\u00f0ur forritinu [&hellip;]<\/p>\n","protected":false},"author":2,"featured_media":0,"parent":0,"menu_order":0,"comment_status":"open","ping_status":"closed","template":"","meta":{"footnotes":""},"yoast_head":"<!-- This site is optimized with the Yoast SEO plugin v21.7 - https:\/\/yoast.com\/wordpress\/plugins\/seo\/ -->\n<title>Space XY leikur \u00ed spilav\u00edti, ni\u00f0urhal<\/title>\n<meta name=\"description\" content=\"\u00c1hugaver\u00f0ur leikur fyrir \u00fe\u00e1 sem elska spennu og mikla \u00e1h\u00e6ttu. S\u00e6ktu og nj\u00f3ttu leikjaferlisins \u00ed Space XY spilav\u00edti leiksins. Skelltu \u00fe\u00e9r inn \u00ed heim \u00e1h\u00e6ttunnar og \u00f3gleymanlegra \u00e6vint\u00fdra. Kynntu \u00fe\u00e9r vandlega reglur og eiginleika leiksins til a\u00f0 vinna.\" \/>\n<meta name=\"robots\" content=\"index, follow, max-snippet:-1, max-image-preview:large, max-video-preview:-1\" \/>\n<link rel=\"canonical\" href=\"https:\/\/aviator-crash.org\/is\/space-xy-spilakassa\/\" \/>\n<meta property=\"og:locale\" content=\"is_IS\" \/>\n<meta property=\"og:type\" content=\"article\" \/>\n<meta property=\"og:title\" content=\"Space XY leikur \u00ed spilav\u00edti, ni\u00f0urhal\" \/>\n<meta property=\"og:description\" content=\"\u00c1hugaver\u00f0ur leikur fyrir \u00fe\u00e1 sem elska spennu og mikla \u00e1h\u00e6ttu. S\u00e6ktu og nj\u00f3ttu leikjaferlisins \u00ed Space XY spilav\u00edti leiksins. Skelltu \u00fe\u00e9r inn \u00ed heim \u00e1h\u00e6ttunnar og \u00f3gleymanlegra \u00e6vint\u00fdra. Kynntu \u00fe\u00e9r vandlega reglur og eiginleika leiksins til a\u00f0 vinna.\" \/>\n<meta property=\"og:url\" content=\"https:\/\/aviator-crash.org\/is\/space-xy-spilakassa\/\" \/>\n<meta property=\"article:modified_time\" content=\"2024-02-02T21:16:20+00:00\" \/>\n<meta property=\"og:image\" content=\"https:\/\/aviator-crash.org\/wp-content\/uploads\/2024\/01\/bgaming-game-release-1024x445.jpg\" \/>\n<meta name=\"twitter:card\" content=\"summary_large_image\" \/>\n<meta name=\"twitter:label1\" content=\"Est. reading time\" \/>\n\t<meta name=\"twitter:data1\" content=\"5 minutes\" \/>\n<script type=\"application\/ld+json\" class=\"yoast-schema-graph\">{\"@context\":\"https:\/\/schema.org\",\"@graph\":[{\"@type\":\"WebPage\",\"@id\":\"https:\/\/aviator-crash.org\/is\/space-xy-spilakassa\/\",\"url\":\"https:\/\/aviator-crash.org\/is\/space-xy-spilakassa\/\",\"name\":\"Space XY leikur \u00ed spilav\u00edti, ni\u00f0urhal\",\"isPartOf\":{\"@id\":\"https:\/\/aviator-crash.org\/is\/#website\"},\"datePublished\":\"2023-12-27T19:48:01+00:00\",\"dateModified\":\"2024-02-02T21:16:20+00:00\",\"description\":\"\u00c1hugaver\u00f0ur leikur fyrir \u00fe\u00e1 sem elska spennu og mikla \u00e1h\u00e6ttu. S\u00e6ktu og nj\u00f3ttu leikjaferlisins \u00ed Space XY spilav\u00edti leiksins. Skelltu \u00fe\u00e9r inn \u00ed heim \u00e1h\u00e6ttunnar og \u00f3gleymanlegra \u00e6vint\u00fdra. Kynntu \u00fe\u00e9r vandlega reglur og eiginleika leiksins til a\u00f0 vinna.\",\"breadcrumb\":{\"@id\":\"https:\/\/aviator-crash.org\/is\/space-xy-spilakassa\/#breadcrumb\"},\"inLanguage\":\"is\",\"potentialAction\":[{\"@type\":\"ReadAction\",\"target\":[\"https:\/\/aviator-crash.org\/is\/space-xy-spilakassa\/\"]}]},{\"@type\":\"BreadcrumbList\",\"@id\":\"https:\/\/aviator-crash.org\/is\/space-xy-spilakassa\/#breadcrumb\",\"itemListElement\":[{\"@type\":\"ListItem\",\"position\":1,\"name\":\"Home\",\"item\":\"https:\/\/aviator-crash.org\/is\/leikur-aviator-a-netinu-fyrir-alvoru-peninga\/\"},{\"@type\":\"ListItem\",\"position\":2,\"name\":\"Space XY spilakassa\"}]},{\"@type\":\"WebSite\",\"@id\":\"https:\/\/aviator-crash.org\/is\/#website\",\"url\":\"https:\/\/aviator-crash.org\/is\/\",\"name\":\"\",\"description\":\"\",\"potentialAction\":[{\"@type\":\"SearchAction\",\"target\":{\"@type\":\"EntryPoint\",\"urlTemplate\":\"https:\/\/aviator-crash.org\/is\/?s={search_term_string}\"},\"query-input\":\"required name=search_term_string\"}],\"inLanguage\":\"is\"}]}<\/script>\n<!-- \/ Yoast SEO plugin. -->","yoast_head_json":{"title":"Space XY leikur \u00ed spilav\u00edti, ni\u00f0urhal","description":"\u00c1hugaver\u00f0ur leikur fyrir \u00fe\u00e1 sem elska spennu og mikla \u00e1h\u00e6ttu. S\u00e6ktu og nj\u00f3ttu leikjaferlisins \u00ed Space XY spilav\u00edti leiksins. Skelltu \u00fe\u00e9r inn \u00ed heim \u00e1h\u00e6ttunnar og \u00f3gleymanlegra \u00e6vint\u00fdra. Kynntu \u00fe\u00e9r vandlega reglur og eiginleika leiksins til a\u00f0 vinna.","robots":{"index":"index","follow":"follow","max-snippet":"max-snippet:-1","max-image-preview":"max-image-preview:large","max-video-preview":"max-video-preview:-1"},"canonical":"https:\/\/aviator-crash.org\/is\/space-xy-spilakassa\/","og_locale":"is_IS","og_type":"article","og_title":"Space XY leikur \u00ed spilav\u00edti, ni\u00f0urhal","og_description":"\u00c1hugaver\u00f0ur leikur fyrir \u00fe\u00e1 sem elska spennu og mikla \u00e1h\u00e6ttu. S\u00e6ktu og nj\u00f3ttu leikjaferlisins \u00ed Space XY spilav\u00edti leiksins. Skelltu \u00fe\u00e9r inn \u00ed heim \u00e1h\u00e6ttunnar og \u00f3gleymanlegra \u00e6vint\u00fdra. Kynntu \u00fe\u00e9r vandlega reglur og eiginleika leiksins til a\u00f0 vinna.","og_url":"https:\/\/aviator-crash.org\/is\/space-xy-spilakassa\/","article_modified_time":"2024-02-02T21:16:20+00:00","og_image":[{"url":"https:\/\/aviator-crash.org\/wp-content\/uploads\/2024\/01\/bgaming-game-release-1024x445.jpg"}],"twitter_card":"summary_large_image","twitter_misc":{"Est. reading time":"5 minutes"},"schema":{"@context":"https:\/\/schema.org","@graph":[{"@type":"WebPage","@id":"https:\/\/aviator-crash.org\/is\/space-xy-spilakassa\/","url":"https:\/\/aviator-crash.org\/is\/space-xy-spilakassa\/","name":"Space XY leikur \u00ed spilav\u00edti, ni\u00f0urhal","isPartOf":{"@id":"https:\/\/aviator-crash.org\/is\/#website"},"datePublished":"2023-12-27T19:48:01+00:00","dateModified":"2024-02-02T21:16:20+00:00","description":"\u00c1hugaver\u00f0ur leikur fyrir \u00fe\u00e1 sem elska spennu og mikla \u00e1h\u00e6ttu. S\u00e6ktu og nj\u00f3ttu leikjaferlisins \u00ed Space XY spilav\u00edti leiksins. Skelltu \u00fe\u00e9r inn \u00ed heim \u00e1h\u00e6ttunnar og \u00f3gleymanlegra \u00e6vint\u00fdra. Kynntu \u00fe\u00e9r vandlega reglur og eiginleika leiksins til a\u00f0 vinna.","breadcrumb":{"@id":"https:\/\/aviator-crash.org\/is\/space-xy-spilakassa\/#breadcrumb"},"inLanguage":"is","potentialAction":[{"@type":"ReadAction","target":["https:\/\/aviator-crash.org\/is\/space-xy-spilakassa\/"]}]},{"@type":"BreadcrumbList","@id":"https:\/\/aviator-crash.org\/is\/space-xy-spilakassa\/#breadcrumb","itemListElement":[{"@type":"ListItem","position":1,"name":"Home","item":"https:\/\/aviator-crash.org\/is\/leikur-aviator-a-netinu-fyrir-alvoru-peninga\/"},{"@type":"ListItem","position":2,"name":"Space XY spilakassa"}]},{"@type":"WebSite","@id":"https:\/\/aviator-crash.org\/is\/#website","url":"https:\/\/aviator-crash.org\/is\/","name":"","description":"","potentialAction":[{"@type":"SearchAction","target":{"@type":"EntryPoint","urlTemplate":"https:\/\/aviator-crash.org\/is\/?s={search_term_string}"},"query-input":"required name=search_term_string"}],"inLanguage":"is"}]}},"_links":{"self":[{"href":"https:\/\/aviator-crash.org\/is\/wp-json\/wp\/v2\/pages\/5283"}],"collection":[{"href":"https:\/\/aviator-crash.org\/is\/wp-json\/wp\/v2\/pages"}],"about":[{"href":"https:\/\/aviator-crash.org\/is\/wp-json\/wp\/v2\/types\/page"}],"author":[{"embeddable":true,"href":"https:\/\/aviator-crash.org\/is\/wp-json\/wp\/v2\/users\/2"}],"replies":[{"embeddable":true,"href":"https:\/\/aviator-crash.org\/is\/wp-json\/wp\/v2\/comments?post=5283"}],"version-history":[{"count":1,"href":"https:\/\/aviator-crash.org\/is\/wp-json\/wp\/v2\/pages\/5283\/revisions"}],"predecessor-version":[{"id":5285,"href":"https:\/\/aviator-crash.org\/is\/wp-json\/wp\/v2\/pages\/5283\/revisions\/5285"}],"wp:attachment":[{"href":"https:\/\/aviator-crash.org\/is\/wp-json\/wp\/v2\/media?parent=5283"}],"curies":[{"name":"wp","href":"https:\/\/api.w.org\/{rel}","templated":true}]}}