{"id":5301,"date":"2023-12-27T19:40:59","date_gmt":"2023-12-27T19:40:59","guid":{"rendered":"https:\/\/aviator-crash.org\/spila-rocket-x\/"},"modified":"2024-02-02T21:17:34","modified_gmt":"2024-02-02T21:17:34","slug":"spila-rocket-x","status":"publish","type":"page","link":"https:\/\/aviator-crash.org\/is\/spila-rocket-x\/","title":{"rendered":"Spila Rocket X"},"content":{"rendered":"\n<figure class=\"wp-block-gallery has-nested-images columns-default is-cropped wp-block-gallery-1 is-layout-flex wp-block-gallery-is-layout-flex\">\n<figure class=\"wp-block-image size-large\"><span itemprop=\"image\" itemscope itemtype=\"https:\/\/schema.org\/ImageObject\"><img itemprop=\"url image\" loading=\"lazy\" decoding=\"async\" width=\"1024\" height=\"761\" data-id=\"472\" src=\"https:\/\/aviator-crash.org\/wp-content\/uploads\/2024\/01\/rocket-x-1024x761.webp\" alt=\"\" class=\"wp-image-472\" srcset=\"https:\/\/aviator-crash.org\/wp-content\/uploads\/2024\/01\/rocket-x-1024x761.webp 1024w, https:\/\/aviator-crash.org\/wp-content\/uploads\/2024\/01\/rocket-x-300x223.webp 300w, https:\/\/aviator-crash.org\/wp-content\/uploads\/2024\/01\/rocket-x-768x571.webp 768w, https:\/\/aviator-crash.org\/wp-content\/uploads\/2024\/01\/rocket-x.webp 1200w\" sizes=\"(max-width: 1024px) 100vw, 1024px\" \/><meta itemprop=\"width\" content=\"1024\"><meta itemprop=\"height\" content=\"761\"><\/span><\/figure>\n<\/figure>\n\n<p>Fj\u00f6lspilunarleikurinn Rocket X b\u00fd\u00f0ur \u00fe\u00e9r a\u00f0 s\u00f6kkva \u00fe\u00e9r \u00fat \u00ed spennandi \u00e6vint\u00fdri og vinna \u00fe\u00e9r inn alv\u00f6ru peninga. \u00de\u00fa getur hla\u00f0i\u00f0 \u00fev\u00ed ni\u00f0ur \u00f3keypis \u00e1 hva\u00f0a t\u00e6ki sem er og noti\u00f0 fr\u00e1b\u00e6rs leiks b\u00e6\u00f0i einn og me\u00f0 vinum \u00fe\u00ednum og \u00f6\u00f0rum spilurum. Til a\u00f0 gera \u00feetta skaltu bara fara \u00e1 opinberu ve\u00f0mangarg\u00e1ttina Odin Vin og hla\u00f0a ni\u00f0ur Rocket X leiknum fyrir Android \u00f3keypis. Til a\u00f0 hefja leikinn, far\u00f0u bara \u00e1 pers\u00f3nulega reikninginn \u00feinn me\u00f0 \u00fev\u00ed a\u00f0 skr\u00e1 \u00feig e\u00f0a skr\u00e1 \u00feig inn. \u00dea\u00f0 mun a\u00f0eins taka nokkrar m\u00edn\u00fatur, en \u00fe\u00fa getur strax byrja\u00f0 a\u00f0 spila og noti\u00f0 ferlisins.    <\/p>\n\n<h2 class=\"wp-block-heading\"><strong>Kostir \u00feess a\u00f0 spila Rocket X \u00e1 netinu<\/strong><\/h2>\n\n<p>Fj\u00e1rh\u00e6ttuspil er mj\u00f6g eftirs\u00f3tt \u00ed n\u00fat\u00edma heimi. \u00deeir gera \u00fe\u00e9r kleift a\u00f0 skemmta \u00fe\u00e9r vel og vinna \u00fe\u00e9r l\u00edka inn n\u00e1nast hva\u00f0a upph\u00e6\u00f0 sem er \u00e1n \u00feess a\u00f0 yfirgefa heimili \u00feitt. Aftur \u00e1 m\u00f3ti er Rocket X talinn einn s\u00e1 vins\u00e6lasti sinnar tegundar. \u00deessi leikur hefur marga kosti, \u00fear \u00e1 me\u00f0al eftirfarandi:   <\/p>\n\n<ul>\n<li>Umsagnir um Rocket X eru afar j\u00e1kv\u00e6\u00f0ar, sem gefur til kynna a\u00f0 \u00feetta forrit s\u00e9 mj\u00f6g vins\u00e6lt me\u00f0al leikja fr\u00e1 \u00f6llum heimshornum.<\/li>\n\n\n\n<li>Fj\u00f6lspilunarstilling. H\u00e6fni til a\u00f0 spila \u00ed raunt\u00edma, nj\u00f3ta ferlisins me\u00f0 vinum \u00fe\u00ednum e\u00f0a \u00f6\u00f0rum notendum alls sta\u00f0ar a\u00f0 \u00far heiminum \u00e1 netinu. <\/li>\n\n\n\n<li>Dynamic kapprei\u00f0ar. Spilamennska einbeitti s\u00e9r a\u00f0 hr\u00f6\u00f0um og kraftmiklum kappakstri me\u00f0 \u00fdmsum brautum og hindrunum. <\/li>\n\n\n\n<li>Einstakir sta\u00f0ir. Fj\u00f6lbreyttir og litr\u00edkir leikjasta\u00f0ir sem bj\u00f3\u00f0a upp \u00e1 mismunandi a\u00f0st\u00e6\u00f0ur til kappaksturs. <\/li>\n\n\n\n<li>Brag\u00f0arefur og endurb\u00e6tur. H\u00e6fni til a\u00f0 framkv\u00e6ma brellur og b\u00e6ta flugv\u00e9lina \u00fe\u00edna me\u00f0 \u00fdmsum uppf\u00e6rslum. Allt sem \u00fe\u00fa \u00fearft a\u00f0 gera er einfaldlega a\u00f0 hla\u00f0a ni\u00f0ur Rocket X \u00ed t\u00e6ki\u00f0 \u00feitt og skr\u00e1 \u00feig.  <\/li>\n\n\n\n<li>Framfarakerfi. Vel \u00edgrunda\u00f0 framvindukerfi me\u00f0 \u00fev\u00ed a\u00f0 opna n\u00fd bor\u00f0, farart\u00e6ki og anna\u00f0 efni eftir \u00fev\u00ed sem \u00fe\u00fa framfarir \u00ed leiknum. <\/li>\n\n\n\n<li>Frambo\u00f0 \u00e1 miklum fj\u00f6lda b\u00f3nusa. T\u00e6kif\u00e6ri\u00f0 til a\u00f0 f\u00e1 b\u00f3nusa, afrek og \u00f6nnur ver\u00f0laun fyrir a\u00f0 lj\u00faka stigum e\u00f0a lj\u00faka s\u00e9rst\u00f6kum verkefnum. <\/li>\n\n\n\n<li>Fr\u00e1b\u00e6r graf\u00edk og \u00f3tr\u00falegt hlj\u00f3\u00f0. H\u00e1g\u00e6\u00f0a graf\u00edk og hlj\u00f3\u00f0 til a\u00f0 skapa \u00e1hrifamiki\u00f0 sj\u00f3n- og hlj\u00f3\u00f0andr\u00famsloft. <\/li>\n<\/ul>\n\n<p>Fj\u00f6lmargir kostir gera \u00feennan leik mj\u00f6g vins\u00e6lan me\u00f0al a\u00f0d\u00e1enda fj\u00e1rh\u00e6ttuspila. Umsagnir um Rocket X leikina eru a\u00f0 mestu leyti j\u00e1kv\u00e6\u00f0ar, sem enn og aftur sta\u00f0festir ofangreinda sta\u00f0reynd. Ef \u00fe\u00fa vilt skemmta \u00fe\u00e9r vel, \u00fe\u00e1 er \u00feetta forrit besti kosturinn.  <\/p>\n\n<h2 class=\"wp-block-heading\">Hvernig \u00e1 a\u00f0 spila Rocket X<\/h2>\n\n<p>Annar kostur vi\u00f0 \u00feennan leik er a\u00f0 hann hefur einfaldar og sk\u00fdrar reglur sem allir geta flj\u00f3tt skili\u00f0. \u00dea\u00f0 fyrsta sem \u00fe\u00fa \u00fearft a\u00f0 gera er a\u00f0 skr\u00e1 \u00feig e\u00f0a skr\u00e1 \u00feig inn \u00e1 pers\u00f3nulega reikninginn \u00feinn. \u00deessi valkostur er mj\u00f6g \u00fe\u00e6gilegur \u00fear sem allar framfarir ver\u00f0a vista\u00f0ar sj\u00e1lfkrafa.  <\/p>\n\n<p>Anna\u00f0 skrefi\u00f0 sem \u00fe\u00fa \u00fearft a\u00f0 taka er a\u00f0 fylla \u00e1 spilareikninginn \u00feinn. N\u00e6st skaltu fara \u00e1 s\u00ed\u00f0una og r\u00e6sa herminn. Leikurinn hefst eftir a\u00f0 \u00fe\u00fa hefur lagt ve\u00f0m\u00e1li\u00f0 \u00feitt. Upph\u00e6\u00f0in er einstaklingsbundin og fer eing\u00f6ngu eftir \u00f3skum \u00fe\u00ednum og stefnu.   <\/p>\n\n<p>Opinber vefs\u00ed\u00f0a Rocket X b\u00fd\u00f0ur \u00fe\u00e9r n\u00e6g t\u00e6kif\u00e6ri til a\u00f0 spila. \u00dea\u00f0 eru b\u00e6\u00f0i einstaklings- og fj\u00f6lspilunarstillingar sem gera \u00fe\u00e9r kleift a\u00f0 nj\u00f3ta leiksins \u00e1 netinu me\u00f0 vinum e\u00f0a \u00f6\u00f0rum spilurum \u00e1 netinu. Allar grunnreglur eru tilgreindar \u00e1 vefs\u00ed\u00f0unni. A\u00f0 auki getur\u00f0u teki\u00f0 \u00fej\u00e1lfun \u00e1\u00f0ur en \u00fe\u00fa byrjar a\u00f0 skilja betur kjarna leiksins og byrja a\u00f0 vinna s\u00e9r inn peninga strax \u00ed upphafi.   <\/p>\n\n<p>Eftir a\u00f0 \u00fe\u00fa hefur lagt ve\u00f0m\u00e1l \u00feitt \u00fearftu bara a\u00f0 b\u00ed\u00f0a eftir ni\u00f0urst\u00f6\u00f0unni. Ferli\u00f0 er nokku\u00f0 spennandi, \u00fear sem gildin breytast nokku\u00f0 hratt og \u00fea\u00f0 er n\u00e1nast \u00f3m\u00f6gulegt a\u00f0 sp\u00e1 fyrir um hva\u00f0 \u00fea\u00f0 ver\u00f0ur \u00e1 endanum. <\/p>\n\n<h2 class=\"wp-block-heading\">Hvernig \u00e1 a\u00f0 vinna \u00e1 Rocket X<\/h2>\n\n<p>Eins og \u00feegar hefur komi\u00f0 \u00ed lj\u00f3s er afar mikilv\u00e6gt \u00ed leiknum a\u00f0 velja r\u00e9tta augnabliki\u00f0 svo ve\u00f0m\u00e1lin brenni ekki \u00fat og l\u00edkurnar s\u00e9u eins ar\u00f0b\u00e6rar og m\u00f6gulegt er. S\u00e9rstaklega \u00fer\u00f3u\u00f0 <em>Rocket X stefna<\/em> er fullkomin fyrir \u00feetta. Til a\u00f0 \u00fer\u00f3a \u00fea\u00f0 er n\u00f3g a\u00f0 rannsaka fyrri leiki, greina ni\u00f0urst\u00f6\u00f0urnar og velja leika\u00f0fer\u00f0ina sem mun skila mestum ar\u00f0i.  <\/p>\n\n<p>Stefnan \u00e1 Rocket X er win-win valkostur, \u00fear sem h\u00fan er bygg\u00f0 \u00e1 fyrri reynslu og hj\u00e1lpar \u00fe\u00e9r a\u00f0 skilja hvernig kerfi\u00f0 virkar og hvernig \u00e1 a\u00f0 f\u00e1 h\u00e6stu vinningshlutf\u00f6llin fyrir viki\u00f0. \u00deessi leikur sannar a\u00f0 heppnin ein er ekki n\u00f3g til a\u00f0 vinna. \u00de\u00fa \u00fearft l\u00edka Rocket X reiknikerfi l\u00edkurnar.  <\/p>\n\n<h2 class=\"wp-block-heading\">Leikreglur \u00ed Rocket X<\/h2>\n\n<p>\u00cd mi\u00f0ju s\u00f6gu\u00fer\u00e6\u00f0isins er fr\u00e6g manneskja &#8211; Elon Musk, e\u00f0a \u00f6llu heldur teiknimyndaeintak hans, sem notendur munu stj\u00f3rna allan leikinn. \u00deessi leikur er fullkominn fyrir \u00fe\u00e1 sem elska spennu og \u00e1h\u00e6ttu. Leikreglurnar h\u00e9r eru n\u00e1nast eins og \u00ed \u00f6\u00f0rum svipu\u00f0um forritum. \u00c1\u00f0ur en \u00fe\u00fa byrjar Rocket X hrunleikinn \u00fearftu a\u00f0 leggja ve\u00f0m\u00e1lin \u00fe\u00edn og svo bara horfa \u00e1 \u00feau vaxa. \u00de\u00fa getur afturkalla\u00f0 ve\u00f0m\u00e1li\u00f0 \u00feitt hven\u00e6r sem er, en \u00fea\u00f0 er mikilv\u00e6gt a\u00f0 vera vark\u00e1r: ef \u00fe\u00fa gerir \u00fea\u00f0 of snemma e\u00f0a of seint muntu tapa. \u00dea\u00f0 er gr\u00ed\u00f0arlega mikilv\u00e6gt a\u00f0 velja r\u00e9tta stundina.     <\/p>\n\n<p>Ef \u00fe\u00fa heldur a\u00f0 leikurinn s\u00e9 frekar einfaldur og einh\u00e6fur, \u00fe\u00e1 hefur\u00f0u rangt fyrir \u00fe\u00e9r. Mikil \u00e1h\u00e6tta, h\u00fafi, kraftur &#8211; \u00fe\u00fa getur fundi\u00f0 allt \u00feetta h\u00e9r. \u00de\u00fa getur lesi\u00f0 meira um reglurnar \u00e1 opinberu s\u00ed\u00f0unni.  <\/p>\n\n<h2 class=\"wp-block-heading\">Kynningark\u00f3\u00f0ar<\/h2>\n\n<p>Kynningark\u00f3\u00f0ar \u00ed fj\u00e1rh\u00e6ttuspilum geta veri\u00f0 veittir af leikjap\u00f6llum, spilav\u00edtum e\u00f0a \u00fer\u00f3unara\u00f0ilum til a\u00f0 la\u00f0a a\u00f0 n\u00fdja leikmenn, hvetja til hollustu e\u00f0a framkv\u00e6ma s\u00e9rstakar kynningar. Ef \u00fe\u00fa vilt skemmta \u00fe\u00e9r vel og auka vinningsl\u00edkur \u00fe\u00ednar \u00ed Rocket X leiknum 1win, \u00fe\u00e1 getur\u00f0u au\u00f0veldlega n\u00fdtt \u00fe\u00e9r tilt\u00e6ka kynningark\u00f3\u00f0a. \u00de\u00fa getur fundi\u00f0 \u00fe\u00e6r \u00ed nokkrum heimildum:  <\/p>\n\n<ul>\n<li>Opinber vefg\u00e1tt \u00d3\u00f0inn Vin.<\/li>\n\n\n\n<li>P\u00f3stlistar (\u00feess vegna er m\u00e6lt me\u00f0 \u00fev\u00ed a\u00f0 skr\u00e1 sig \u00e1 p\u00f3stlista af s\u00ed\u00f0unni strax eftir skr\u00e1ningu).<\/li>\n\n\n\n<li>Samf\u00e9lagsnet og s\u00e9rst\u00f6k m\u00e1l\u00feing.<\/li>\n\n\n\n<li>Samstarfs\u00e1\u00e6tlanir.<\/li>\n<\/ul>\n\n<p>Mundu a\u00f0 \u00fea\u00f0 er mikilv\u00e6gt a\u00f0 fara varlega og nota kynningark\u00f3\u00f0a, fara eftir reglum og skilyr\u00f0um leiksins, til a\u00f0 for\u00f0ast misskilning og \u00f3\u00fe\u00e6gilegar a\u00f0st\u00e6\u00f0ur.<\/p>\n\n<h2 class=\"wp-block-heading\">Umsagnir<\/h2>\n\n<p>A\u00f0 teknu tilliti til umsagna notenda getum vi\u00f0 \u00e1lykta\u00f0 a\u00f0 \u00feessi leikur s\u00e9 talinn einn s\u00e1 vins\u00e6lasti sinnar tegundar og hefur marga kosti og eiginleika. H\u00e9r eru nokkrar umsagnir um 1win Rocket X: <\/p>\n","protected":false},"excerpt":{"rendered":"<p>Fj\u00f6lspilunarleikurinn Rocket X b\u00fd\u00f0ur \u00fe\u00e9r a\u00f0 s\u00f6kkva \u00fe\u00e9r \u00fat \u00ed spennandi \u00e6vint\u00fdri og vinna \u00fe\u00e9r inn alv\u00f6ru peninga. \u00de\u00fa getur hla\u00f0i\u00f0 \u00fev\u00ed ni\u00f0ur \u00f3keypis \u00e1 hva\u00f0a t\u00e6ki sem er og noti\u00f0 fr\u00e1b\u00e6rs leiks b\u00e6\u00f0i einn og me\u00f0 vinum \u00fe\u00ednum og \u00f6\u00f0rum spilurum. Til a\u00f0 gera \u00feetta skaltu bara fara \u00e1 opinberu ve\u00f0mangarg\u00e1ttina Odin Vin og [&hellip;]<\/p>\n","protected":false},"author":2,"featured_media":0,"parent":0,"menu_order":0,"comment_status":"open","ping_status":"closed","template":"","meta":{"footnotes":""},"yoast_head":"<!-- This site is optimized with the Yoast SEO plugin v21.7 - https:\/\/yoast.com\/wordpress\/plugins\/seo\/ -->\n<title>Rocket X spilav\u00edti leikur, ni\u00f0urhal<\/title>\n<meta name=\"description\" content=\"Besti Rocket X leikurinn me\u00f0 m\u00f6guleika \u00e1 a\u00f0 vinna alv\u00f6ru peninga. Sj\u00e1\u00f0u l\u00fdsinguna, kynntu \u00fe\u00e9r eiginleika og eiginleika leiksins, veldu bestu stefnuna og far\u00f0u \u00ed \u00f3gleymanlega fer\u00f0. \u00c1fram til st\u00f3rra vinninga!\" \/>\n<meta name=\"robots\" content=\"index, follow, max-snippet:-1, max-image-preview:large, max-video-preview:-1\" \/>\n<link rel=\"canonical\" href=\"https:\/\/aviator-crash.org\/is\/spila-rocket-x\/\" \/>\n<meta property=\"og:locale\" content=\"is_IS\" \/>\n<meta property=\"og:type\" content=\"article\" \/>\n<meta property=\"og:title\" content=\"Rocket X spilav\u00edti leikur, ni\u00f0urhal\" \/>\n<meta property=\"og:description\" content=\"Besti Rocket X leikurinn me\u00f0 m\u00f6guleika \u00e1 a\u00f0 vinna alv\u00f6ru peninga. Sj\u00e1\u00f0u l\u00fdsinguna, kynntu \u00fe\u00e9r eiginleika og eiginleika leiksins, veldu bestu stefnuna og far\u00f0u \u00ed \u00f3gleymanlega fer\u00f0. \u00c1fram til st\u00f3rra vinninga!\" \/>\n<meta property=\"og:url\" content=\"https:\/\/aviator-crash.org\/is\/spila-rocket-x\/\" \/>\n<meta property=\"article:modified_time\" content=\"2024-02-02T21:17:34+00:00\" \/>\n<meta property=\"og:image\" content=\"https:\/\/aviator-crash.org\/wp-content\/uploads\/2024\/01\/rocket-x-1024x761.webp\" \/>\n<meta name=\"twitter:card\" content=\"summary_large_image\" \/>\n<meta name=\"twitter:label1\" content=\"Est. reading time\" \/>\n\t<meta name=\"twitter:data1\" content=\"6 minutes\" \/>\n<script type=\"application\/ld+json\" class=\"yoast-schema-graph\">{\"@context\":\"https:\/\/schema.org\",\"@graph\":[{\"@type\":\"WebPage\",\"@id\":\"https:\/\/aviator-crash.org\/is\/spila-rocket-x\/\",\"url\":\"https:\/\/aviator-crash.org\/is\/spila-rocket-x\/\",\"name\":\"Rocket X spilav\u00edti leikur, ni\u00f0urhal\",\"isPartOf\":{\"@id\":\"https:\/\/aviator-crash.org\/is\/#website\"},\"datePublished\":\"2023-12-27T19:40:59+00:00\",\"dateModified\":\"2024-02-02T21:17:34+00:00\",\"description\":\"Besti Rocket X leikurinn me\u00f0 m\u00f6guleika \u00e1 a\u00f0 vinna alv\u00f6ru peninga. Sj\u00e1\u00f0u l\u00fdsinguna, kynntu \u00fe\u00e9r eiginleika og eiginleika leiksins, veldu bestu stefnuna og far\u00f0u \u00ed \u00f3gleymanlega fer\u00f0. \u00c1fram til st\u00f3rra vinninga!\",\"breadcrumb\":{\"@id\":\"https:\/\/aviator-crash.org\/is\/spila-rocket-x\/#breadcrumb\"},\"inLanguage\":\"is\",\"potentialAction\":[{\"@type\":\"ReadAction\",\"target\":[\"https:\/\/aviator-crash.org\/is\/spila-rocket-x\/\"]}]},{\"@type\":\"BreadcrumbList\",\"@id\":\"https:\/\/aviator-crash.org\/is\/spila-rocket-x\/#breadcrumb\",\"itemListElement\":[{\"@type\":\"ListItem\",\"position\":1,\"name\":\"Home\",\"item\":\"https:\/\/aviator-crash.org\/is\/leikur-aviator-a-netinu-fyrir-alvoru-peninga\/\"},{\"@type\":\"ListItem\",\"position\":2,\"name\":\"Spila Rocket X\"}]},{\"@type\":\"WebSite\",\"@id\":\"https:\/\/aviator-crash.org\/is\/#website\",\"url\":\"https:\/\/aviator-crash.org\/is\/\",\"name\":\"\",\"description\":\"\",\"potentialAction\":[{\"@type\":\"SearchAction\",\"target\":{\"@type\":\"EntryPoint\",\"urlTemplate\":\"https:\/\/aviator-crash.org\/is\/?s={search_term_string}\"},\"query-input\":\"required name=search_term_string\"}],\"inLanguage\":\"is\"}]}<\/script>\n<!-- \/ Yoast SEO plugin. -->","yoast_head_json":{"title":"Rocket X spilav\u00edti leikur, ni\u00f0urhal","description":"Besti Rocket X leikurinn me\u00f0 m\u00f6guleika \u00e1 a\u00f0 vinna alv\u00f6ru peninga. Sj\u00e1\u00f0u l\u00fdsinguna, kynntu \u00fe\u00e9r eiginleika og eiginleika leiksins, veldu bestu stefnuna og far\u00f0u \u00ed \u00f3gleymanlega fer\u00f0. \u00c1fram til st\u00f3rra vinninga!","robots":{"index":"index","follow":"follow","max-snippet":"max-snippet:-1","max-image-preview":"max-image-preview:large","max-video-preview":"max-video-preview:-1"},"canonical":"https:\/\/aviator-crash.org\/is\/spila-rocket-x\/","og_locale":"is_IS","og_type":"article","og_title":"Rocket X spilav\u00edti leikur, ni\u00f0urhal","og_description":"Besti Rocket X leikurinn me\u00f0 m\u00f6guleika \u00e1 a\u00f0 vinna alv\u00f6ru peninga. Sj\u00e1\u00f0u l\u00fdsinguna, kynntu \u00fe\u00e9r eiginleika og eiginleika leiksins, veldu bestu stefnuna og far\u00f0u \u00ed \u00f3gleymanlega fer\u00f0. \u00c1fram til st\u00f3rra vinninga!","og_url":"https:\/\/aviator-crash.org\/is\/spila-rocket-x\/","article_modified_time":"2024-02-02T21:17:34+00:00","og_image":[{"url":"https:\/\/aviator-crash.org\/wp-content\/uploads\/2024\/01\/rocket-x-1024x761.webp"}],"twitter_card":"summary_large_image","twitter_misc":{"Est. reading time":"6 minutes"},"schema":{"@context":"https:\/\/schema.org","@graph":[{"@type":"WebPage","@id":"https:\/\/aviator-crash.org\/is\/spila-rocket-x\/","url":"https:\/\/aviator-crash.org\/is\/spila-rocket-x\/","name":"Rocket X spilav\u00edti leikur, ni\u00f0urhal","isPartOf":{"@id":"https:\/\/aviator-crash.org\/is\/#website"},"datePublished":"2023-12-27T19:40:59+00:00","dateModified":"2024-02-02T21:17:34+00:00","description":"Besti Rocket X leikurinn me\u00f0 m\u00f6guleika \u00e1 a\u00f0 vinna alv\u00f6ru peninga. Sj\u00e1\u00f0u l\u00fdsinguna, kynntu \u00fe\u00e9r eiginleika og eiginleika leiksins, veldu bestu stefnuna og far\u00f0u \u00ed \u00f3gleymanlega fer\u00f0. \u00c1fram til st\u00f3rra vinninga!","breadcrumb":{"@id":"https:\/\/aviator-crash.org\/is\/spila-rocket-x\/#breadcrumb"},"inLanguage":"is","potentialAction":[{"@type":"ReadAction","target":["https:\/\/aviator-crash.org\/is\/spila-rocket-x\/"]}]},{"@type":"BreadcrumbList","@id":"https:\/\/aviator-crash.org\/is\/spila-rocket-x\/#breadcrumb","itemListElement":[{"@type":"ListItem","position":1,"name":"Home","item":"https:\/\/aviator-crash.org\/is\/leikur-aviator-a-netinu-fyrir-alvoru-peninga\/"},{"@type":"ListItem","position":2,"name":"Spila Rocket X"}]},{"@type":"WebSite","@id":"https:\/\/aviator-crash.org\/is\/#website","url":"https:\/\/aviator-crash.org\/is\/","name":"","description":"","potentialAction":[{"@type":"SearchAction","target":{"@type":"EntryPoint","urlTemplate":"https:\/\/aviator-crash.org\/is\/?s={search_term_string}"},"query-input":"required name=search_term_string"}],"inLanguage":"is"}]}},"_links":{"self":[{"href":"https:\/\/aviator-crash.org\/is\/wp-json\/wp\/v2\/pages\/5301"}],"collection":[{"href":"https:\/\/aviator-crash.org\/is\/wp-json\/wp\/v2\/pages"}],"about":[{"href":"https:\/\/aviator-crash.org\/is\/wp-json\/wp\/v2\/types\/page"}],"author":[{"embeddable":true,"href":"https:\/\/aviator-crash.org\/is\/wp-json\/wp\/v2\/users\/2"}],"replies":[{"embeddable":true,"href":"https:\/\/aviator-crash.org\/is\/wp-json\/wp\/v2\/comments?post=5301"}],"version-history":[{"count":1,"href":"https:\/\/aviator-crash.org\/is\/wp-json\/wp\/v2\/pages\/5301\/revisions"}],"predecessor-version":[{"id":5303,"href":"https:\/\/aviator-crash.org\/is\/wp-json\/wp\/v2\/pages\/5301\/revisions\/5303"}],"wp:attachment":[{"href":"https:\/\/aviator-crash.org\/is\/wp-json\/wp\/v2\/media?parent=5301"}],"curies":[{"name":"wp","href":"https:\/\/api.w.org\/{rel}","templated":true}]}}