{"id":5338,"date":"2023-12-27T19:58:01","date_gmt":"2023-12-27T19:58:01","guid":{"rendered":"https:\/\/aviator-crash.org\/spiladu-cash-eda-crash\/"},"modified":"2024-02-02T21:19:54","modified_gmt":"2024-02-02T21:19:54","slug":"spiladu-cash-eda-crash","status":"publish","type":"page","link":"https:\/\/aviator-crash.org\/is\/spiladu-cash-eda-crash\/","title":{"rendered":"Spila\u00f0u Cash e\u00f0a Crash"},"content":{"rendered":"\n<figure class=\"wp-block-gallery has-nested-images columns-default is-cropped wp-block-gallery-1 is-layout-flex wp-block-gallery-is-layout-flex\">\n<figure class=\"wp-block-image size-large\"><span itemprop=\"image\" itemscope itemtype=\"https:\/\/schema.org\/ImageObject\"><img itemprop=\"url image\" loading=\"lazy\" decoding=\"async\" width=\"1024\" height=\"498\" data-id=\"466\" src=\"https:\/\/aviator-crash.org\/wp-content\/uploads\/2024\/01\/cash-or-crash-live-1200x584-1-1024x498.jpeg\" alt=\"\" class=\"wp-image-466\" srcset=\"https:\/\/aviator-crash.org\/wp-content\/uploads\/2024\/01\/cash-or-crash-live-1200x584-1-1024x498.jpeg 1024w, https:\/\/aviator-crash.org\/wp-content\/uploads\/2024\/01\/cash-or-crash-live-1200x584-1-300x146.jpeg 300w, https:\/\/aviator-crash.org\/wp-content\/uploads\/2024\/01\/cash-or-crash-live-1200x584-1-768x374.jpeg 768w, https:\/\/aviator-crash.org\/wp-content\/uploads\/2024\/01\/cash-or-crash-live-1200x584-1.jpeg 1200w\" sizes=\"(max-width: 1024px) 100vw, 1024px\" \/><meta itemprop=\"width\" content=\"1024\"><meta itemprop=\"height\" content=\"498\"><\/span><\/figure>\n<\/figure>\n\n<p>Cash or Crash er leikur sem er mj\u00f6g eftirs\u00f3ttur me\u00f0al a\u00f0d\u00e1enda fj\u00e1rh\u00e6ttuspilaforrita, h\u00e1um h\u00fafi og \u00e1h\u00e6ttu. \u00deetta er fr\u00e1b\u00e6r kostur til a\u00f0 skemmta s\u00e9r vel og reyna heppnina. Cash or Crash er Android forrit \u00fear sem leikmenn geta lagt ve\u00f0m\u00e1l \u00e1 \u00fdmsa vi\u00f0bur\u00f0i, ni\u00f0ursta\u00f0a \u00feeirra er \u00e1kv\u00f6r\u00f0u\u00f0 af handah\u00f3fi. Til a\u00f0 byrja a\u00f0 spila skaltu bara hla\u00f0a ni\u00f0ur forritinu \u00e1 opinberu ve\u00f0mangarvefs\u00ed\u00f0unni Odin Vin, skr\u00e1 \u00feig e\u00f0a skr\u00e1\u00f0u \u00feig inn \u00e1 pers\u00f3nulega reikninginn \u00feinn og ve\u00f0ja\u00f0u. Algj\u00f6rlega hver sem er getur hala\u00f0 ni\u00f0ur Cash or Crash \u00f3keypis. R\u00e6stu leikinn og nj\u00f3ttu fr\u00e1b\u00e6rrar stundar.     <\/p>\n\n<h2 class=\"wp-block-heading\">Kosturinn vi\u00f0 a\u00f0 spila Cash e\u00f0a Crash \u00e1 netinu<\/h2>\n\n<p>Fj\u00e1rh\u00e6ttuspil er tali\u00f0 einn vins\u00e6lasti leikurinn \u00ed dag. A\u00f0al\u00e1st\u00e6\u00f0an er s\u00fa a\u00f0 h\u00e9r getur\u00f0u ekki a\u00f0eins skemmt \u00fe\u00e9r heldur einnig fengi\u00f0 alv\u00f6ru peninga. \u00c1 heildina liti\u00f0 er myndefni Cash or Crash appsins algj\u00f6rt \u00e6\u00f0i. Fr\u00e1b\u00e6r graf\u00edk, sk\u00fdrt vi\u00f0m\u00f3t, inns\u00e6i einfaldar st\u00fdringar &#8211; \u00fe\u00fa getur fundi\u00f0 allt \u00feetta h\u00e9r.   <\/p>\n\n<p>Me\u00f0al helstu kosta hins vins\u00e6la fj\u00e1rh\u00e6ttuspils Cash or Crash er \u00feess vir\u00f0i a\u00f0 draga fram eftirfarandi:<\/p>\n\n<ul>\n<li>\u00c1hugavert spilun. \u00dea\u00f0 b\u00fd\u00f0ur upp \u00e1 skemmtilega og \u00e1vanabindandi spilun me\u00f0 getu til a\u00f0 vinna e\u00f0a tapa flj\u00f3tt. <\/li>\n\n\n\n<li>Fj\u00f6lspilunarstilling. H\u00e6fni til a\u00f0 spila me\u00f0 vinum e\u00f0a \u00f6\u00f0rum spilurum getur b\u00e6tt f\u00e9lagslegum \u00fe\u00e6tti og skemmtun. <\/li>\n\n\n\n<li>Graf\u00edk og hlj\u00f3\u00f0. H\u00e1g\u00e6\u00f0a graf\u00edk og hlj\u00f3\u00f0 skapa andr\u00famsloft leiksins, sem gerir hann meira a\u00f0la\u00f0andi fyrir leikmenn. <\/li>\n\n\n\n<li>Frambo\u00f0 \u00e1 reglulegum uppf\u00e6rslum. \u00de\u00f6kk s\u00e9 \u00feessu getur\u00f0u noti\u00f0 upp\u00e1haldsleiksins \u00fe\u00edns me\u00f0 b\u00e6ttri frammist\u00f6\u00f0u. H\u00f6nnu\u00f0ir reyna a\u00f0 b\u00e6ta leikinn reglulega til a\u00f0 uppfylla n\u00fat\u00edma strauma og tilhneigingar \u00ed heimi fj\u00e1rh\u00e6ttuspila \u00e1 netinu.  <\/li>\n\n\n\n<li>H\u00e6fni til a\u00f0 spila beint \u00far s\u00edmanum \u00fe\u00ednum, sama hvar \u00fe\u00fa ert. \u00deetta er fr\u00e1b\u00e6rt t\u00e6kif\u00e6ri til a\u00f0 skemmta s\u00e9r vel, nj\u00f3ta leiksins og jafnvel reyna a\u00f0 vinna s\u00e9r inn alv\u00f6ru peninga. <\/li>\n\n\n\n<li>Margar mismunandi leikjastillingar. Vel valin Cash e\u00f0a Crash stefna mun auka vinningsl\u00edkur \u00fe\u00ednar \u00ed hva\u00f0a stillingum sem er. <\/li>\n<\/ul>\n\n<p>\u00c1 heildina liti\u00f0 er Cash or Crash fr\u00e1b\u00e6rt d\u00e6mi um skemmtilegt app \u00fear sem \u00fe\u00fa getur unni\u00f0 alv\u00f6ru peninga. \u00de\u00fa getur noti\u00f0 fr\u00e1b\u00e6rrar stundar og l\u00edka spila\u00f0 me\u00f0 vinum \u00fe\u00ednum e\u00f0a \u00f6\u00f0rum spilurum \u00e1 netinu me\u00f0 \u00fev\u00ed a\u00f0 nota fj\u00f6lspilunarstillinguna. <\/p>\n\n<h2 class=\"wp-block-heading\">Hvernig \u00e1 a\u00f0 spila Cash e\u00f0a Crash<\/h2>\n\n<p>\u201eCash or Crash\u201c er s\u00fdndarfj\u00e1rh\u00e6ttuspil sem oft er veitt af spilav\u00edtum \u00e1 netinu. \u00de\u00f3 a\u00f0 reglurnar geti veri\u00f0 \u00f6rl\u00edti\u00f0 breytilegar \u00e1 milli mismunandi \u00fatg\u00e1fur af leiknum, er grunnhugtaki\u00f0 venjulega \u00fea\u00f0 sama. H\u00e9r er almenn lei\u00f0beining um hvernig \u00e1 a\u00f0 spila Cash e\u00f0a Crash:  <\/p>\n\n<ul>\n<li>Skr\u00e1ning. \u00de\u00fa g\u00e6tir \u00feurft a\u00f0 skr\u00e1 \u00feig hj\u00e1 spilav\u00edti \u00e1 netinu sem b\u00fd\u00f0ur upp \u00e1 Cash or Crash leikinn. Fylgdu lei\u00f0beiningunum til a\u00f0 b\u00faa til reikning.  <\/li>\n\n\n\n<li>Endurn\u00fdjun jafnv\u00e6gis. \u00c1\u00f0ur en \u00fe\u00fa byrjar leikinn \u00fearftu a\u00f0 fylla \u00e1 leikreikninginn \u00feinn me\u00f0 alv\u00f6ru peningum. \u00cd flestum tilfellum er h\u00e6gt a\u00f0 gera \u00feetta me\u00f0 \u00fdmsum grei\u00f0slum\u00e1tum.  <\/li>\n\n\n\n<li>Val \u00e1 ve\u00f0m\u00e1lsupph\u00e6\u00f0.<\/li>\n\n\n\n<li>Byrja\u00f0u hringinn.<\/li>\n\n\n\n<li>\u00c1kv\u00f6r\u00f0un um a\u00f0 lj\u00faka umfer\u00f0inni. \u00c1 me\u00f0an \u00e1 umfer\u00f0 stendur hefur\u00f0u m\u00f6guleika \u00e1 a\u00f0 h\u00e6tta henni hven\u00e6r sem er og taka peningana sem \u00fe\u00fa vinnur. Hins vegar, ef \u00fe\u00fa kl\u00e1rar ekki umfer\u00f0 fyrir \u00e1kve\u00f0inn punkt, er h\u00e6tta \u00e1 hruni og \u00fe\u00fa tapar ve\u00f0m\u00e1linu \u00fe\u00ednu.  <\/li>\n\n\n\n<li>Hrun e\u00f0a lok umfer\u00f0ar. Einhvern t\u00edma \u00ed lotunni ver\u00f0ur \u201ehrun\u201c. Ef \u00fe\u00fa hefur loki\u00f0 umfer\u00f0inni fram a\u00f0 \u00feessum t\u00edmapunkti f\u00e6r\u00f0u vinninga samkv\u00e6mt n\u00faverandi margfaldara. Annars tapar\u00f0u ve\u00f0m\u00e1linu \u00fe\u00ednu.   <\/li>\n<\/ul>\n\n<p>Meginreglan \u00ed leiknum er frekar einf\u00f6ld og sk\u00fdr, svo \u00fe\u00fa getur flj\u00f3tt fundi\u00f0 \u00fat hva\u00f0 \u00fe\u00fa \u00fearft a\u00f0 gera h\u00e9r. Ef \u00fe\u00fa lendir \u00ed vandr\u00e6\u00f0um getur\u00f0u sko\u00f0a\u00f0 lei\u00f0beiningarnar. <\/p>\n\n<h2 class=\"wp-block-heading\">Hvernig \u00e1 a\u00f0 vinna \u00e1 Cash e\u00f0a Crash<\/h2>\n\n<p>Vinningar \u00ed fj\u00e1rh\u00e6ttuspilum eins og spilak\u00f6ssum, p\u00f3ker, r\u00falletta og blackjack fer oft eftir tilviljun og flestir fj\u00e1rh\u00e6ttuspil eru bygg\u00f0ir \u00e1 tilviljun. Hins vegar eru nokkrar a\u00f0fer\u00f0ir og r\u00e1\u00f0 sem geta hj\u00e1lpa\u00f0 til vi\u00f0 a\u00f0 stj\u00f3rna se\u00f0labankanum \u00fe\u00ednum og auka vinningsl\u00edkur \u00fe\u00ednar \u00ed vins\u00e6la fj\u00e1rh\u00e6ttuspilinu Crash Cash spilav\u00edtinu: <\/p>\n\n<ul>\n<li>Bankastj\u00f3rnun. \u00c1kvar\u00f0u takm\u00f6rk taps sem \u00fe\u00fa ert tilb\u00fainn a\u00f0 hafa efni \u00e1 og far\u00f0u ekki yfir \u00feau. Skiptu se\u00f0labankanum \u00fe\u00ednum \u00e1 milli spilalota og ve\u00f0ja\u00f0u a\u00f0eins \u00fev\u00ed sem \u00fe\u00fa hefur efni \u00e1 a\u00f0 tapa.  <\/li>\n\n\n\n<li>L\u00e6r\u00f0u grunna\u00f0fer\u00f0ir. Eins og geti\u00f0 er h\u00e9r a\u00f0 ofan, \u00ed fj\u00e1rh\u00e6ttuspilum, gegnir r\u00e9tt valin stefna lykilhlutverki. \u00dea\u00f0 felur \u00ed s\u00e9r a\u00f0 rannsaka fyrri vinninga, leita a\u00f0 mynstrum og bera kennsl \u00e1 vinningssamsetningar. Cash e\u00f0a Crash stefna er oftast einstaklingsbundin, \u00fe\u00f3 \u00fe\u00fa getir fengi\u00f0 r\u00e1\u00f0 fr\u00e1 reyndari leikm\u00f6nnum.   <\/li>\n\n\n\n<li>N\u00fdttu \u00fe\u00e9r b\u00f3nusa. Nota\u00f0u b\u00f3nusa og kynningar fr\u00e1 spilav\u00edtum. Hins vegar er mikilv\u00e6gt a\u00f0 lesa skilm\u00e1la og skilyr\u00f0i sem tengjast b\u00f3nusum vandlega.  <\/li>\n\n\n\n<li>Lestu vandlega leikreglurnar og lestu lei\u00f0beiningarnar.<\/li>\n<\/ul>\n\n<p>Me\u00f0 \u00fev\u00ed a\u00f0 fylgja ofangreindum r\u00e1\u00f0um getur\u00f0u auki\u00f0 vinningsl\u00edkur \u00fe\u00ednar verulega.<\/p>\n\n<h2 class=\"wp-block-heading\">Reglur um a\u00f0 spila Cash e\u00f0a Crash<\/h2>\n\n<p>Leikreglurnar eru einfaldar og sk\u00fdrar. \u00cd fyrsta lagi velur leikma\u00f0urinn upph\u00e6\u00f0ina sem \u00e1 a\u00f0 ve\u00f0ja og smellir \u00e1 byrjunarhnappinn fyrir umfer\u00f0ina. Umfer\u00f0in byrjar me\u00f0 upphafsmargfaldara (td 1x). \u00deessi margfaldari byrjar a\u00f0 aukast me\u00f0 t\u00edmanum. \u00c1 me\u00f0an \u00e1 umfer\u00f0 stendur hefur spilarinn \u00e1kve\u00f0inn t\u00edma til a\u00f0 \u00e1kve\u00f0a hvort hann lj\u00faki hringnum og innheimtir vinninginn. \u00deetta er h\u00e6gt a\u00f0 gera \u00e1\u00f0ur en margfaldarinn n\u00e6r \u00e1kve\u00f0nu gildi sem veldur hruni.     <\/p>\n\n<p>\u201eHrun\u201c ver\u00f0ur \u00feegar margfaldarinn n\u00e6r \u00e1kve\u00f0nu gildi. Ef leikma\u00f0urinn hefur loki\u00f0 umfer\u00f0inni fram a\u00f0 \u00feessum t\u00edmapunkti f\u00e6r hann vinninginn. Annars tapast ve\u00f0m\u00e1li\u00f0. Ef leikma\u00f0ur kl\u00e1rar umfer\u00f0 fyrir hrun og f\u00e6r vinning fer upph\u00e6\u00f0 vinningsins eftir n\u00faverandi margfaldara. Ef leikma\u00f0urinn kl\u00e1rar ekki umfer\u00f0ina fyrir hrun tapast ve\u00f0m\u00e1li\u00f0 og enginn vinningur.    <\/p>\n\n<h2 class=\"wp-block-heading\">Kynningark\u00f3\u00f0ar<\/h2>\n\n<p>Kynningark\u00f3\u00f0ar \u00ed Cash e\u00f0a Crash leiknum eru s\u00e9rk\u00f3\u00f0ar sem spilarar geta slegi\u00f0 inn til a\u00f0 f\u00e1 \u00fdmsa b\u00f3nusa, forr\u00e9ttindi og kynningar. \u00deessir k\u00f3\u00f0ar eru veittir af spilav\u00edtinu e\u00f0a leikjaframlei\u00f0endum og geta veri\u00f0 nota\u00f0ir af spilurum til a\u00f0 b\u00e6ta leikjaupplifun s\u00edna e\u00f0a \u00f6\u00f0last vi\u00f0b\u00f3tareiginleika. Ef um er a\u00f0 r\u00e6\u00f0a &#8222;Cash or Crash&#8220; er h\u00e6gt a\u00f0 \u00fatvega kynningark\u00f3\u00f0a af:  <\/p>\n\n<ol>\n<li>B\u00f3nusinnl\u00e1n: vi\u00f0b\u00f3tarf\u00e9 \u00feegar \u00fe\u00fa fyllir \u00e1 reikninginn \u00feinn \u00ed leiknum.<\/li>\n\n\n\n<li>\u00d3keypis sn\u00faningar: \u00d3keypis sn\u00faningar \u00ed leiknum me\u00f0 margfaldara.<\/li>\n\n\n\n<li>Auknir margfaldarar: B\u00f3nusmargfaldarar me\u00f0an \u00e1 leiknum stendur.<\/li>\n\n\n\n<li>S\u00e9rstakir vi\u00f0bur\u00f0ir: \u00fe\u00e1tttaka \u00ed s\u00e9rst\u00f6kum kynningum og m\u00f3tum.<\/li>\n<\/ol>\n\n<p>T\u00f6lfr\u00e6\u00f0i um rei\u00f0uf\u00e9 e\u00f0a hrun gefur til kynna a\u00f0 me\u00f0 \u00fev\u00ed a\u00f0 nota vi\u00f0b\u00f3tarb\u00f3nusa s\u00e9u notendur mun l\u00edklegri til a\u00f0 vinna. Til a\u00f0 nota kynningark\u00f3\u00f0a \u00ed leiknum &#8222;Cash or Crash&#8220; \u00fearftu venjulega a\u00f0 skr\u00e1 \u00feig inn \u00e1 spilav\u00edtisreikninginn \u00feinn, fara \u00ed hlutann &#8222;Kynningark\u00f3\u00f0ar&#8220; e\u00f0a &#8222;B\u00f3nusar&#8220; og sl\u00e1 inn vi\u00f0eigandi k\u00f3\u00f0a. Eftir \u00feetta ver\u00f0a b\u00f3nusarnir sem kve\u00f0i\u00f0 er \u00e1 um \u00ed \u00feessari a\u00f0ger\u00f0 sj\u00e1lfkrafa lag\u00f0ir inn \u00e1 reikninginn \u00feinn.  <\/p>\n\n<p>Mikilv\u00e6gt er a\u00f0 muna a\u00f0 kynningark\u00f3\u00f0ar geta haft takmarka\u00f0an gildist\u00edma e\u00f0a tiltekin notkunarskilyr\u00f0i. \u00c1\u00f0ur en kynningark\u00f3\u00f0i er sleginn inn er mikilv\u00e6gt a\u00f0 lesa vandlega skilm\u00e1lana til a\u00f0 for\u00f0ast misskilning og n\u00fdta b\u00f3nusana sem \u00ed bo\u00f0i eru til fulls. <\/p>\n\n<h2 class=\"wp-block-heading\">Umsagnir<\/h2>\n\n<p>H\u00e9r eru nokkrar umsagnir fr\u00e1 notendum sem hafa upplifa\u00f0 alla kosti \u00feessa vins\u00e6la fj\u00e1rh\u00e6ttuspils:<\/p>\n","protected":false},"excerpt":{"rendered":"<p>Cash or Crash er leikur sem er mj\u00f6g eftirs\u00f3ttur me\u00f0al a\u00f0d\u00e1enda fj\u00e1rh\u00e6ttuspilaforrita, h\u00e1um h\u00fafi og \u00e1h\u00e6ttu. \u00deetta er fr\u00e1b\u00e6r kostur til a\u00f0 skemmta s\u00e9r vel og reyna heppnina. Cash or Crash er Android forrit \u00fear sem leikmenn geta lagt ve\u00f0m\u00e1l \u00e1 \u00fdmsa vi\u00f0bur\u00f0i, ni\u00f0ursta\u00f0a \u00feeirra er \u00e1kv\u00f6r\u00f0u\u00f0 af handah\u00f3fi. Til a\u00f0 byrja a\u00f0 spila skaltu [&hellip;]<\/p>\n","protected":false},"author":2,"featured_media":0,"parent":0,"menu_order":0,"comment_status":"open","ping_status":"closed","template":"","meta":{"footnotes":""},"yoast_head":"<!-- This site is optimized with the Yoast SEO plugin v21.7 - https:\/\/yoast.com\/wordpress\/plugins\/seo\/ -->\n<title>Cash e\u00f0a Crash leikur \u00ed spilav\u00edti, ni\u00f0urhal<\/title>\n<meta name=\"description\" content=\"Ums\u00f6gn um vins\u00e6la leikinn Cash or Crash um allan heim. L\u00e6r\u00f0u um helstu eiginleika, kosti, leikreglur og leyndarm\u00e1l \u00feess a\u00f0 vinna st\u00f3rt. S\u00e6ktu leikinn og nj\u00f3ttu fr\u00e1b\u00e6rrar stundar me\u00f0 vinum \u00fe\u00ednum.\" \/>\n<meta name=\"robots\" content=\"index, follow, max-snippet:-1, max-image-preview:large, max-video-preview:-1\" \/>\n<link rel=\"canonical\" href=\"https:\/\/aviator-crash.org\/is\/spiladu-cash-eda-crash\/\" \/>\n<meta property=\"og:locale\" content=\"is_IS\" \/>\n<meta property=\"og:type\" content=\"article\" \/>\n<meta property=\"og:title\" content=\"Cash e\u00f0a Crash leikur \u00ed spilav\u00edti, ni\u00f0urhal\" \/>\n<meta property=\"og:description\" content=\"Ums\u00f6gn um vins\u00e6la leikinn Cash or Crash um allan heim. L\u00e6r\u00f0u um helstu eiginleika, kosti, leikreglur og leyndarm\u00e1l \u00feess a\u00f0 vinna st\u00f3rt. S\u00e6ktu leikinn og nj\u00f3ttu fr\u00e1b\u00e6rrar stundar me\u00f0 vinum \u00fe\u00ednum.\" \/>\n<meta property=\"og:url\" content=\"https:\/\/aviator-crash.org\/is\/spiladu-cash-eda-crash\/\" \/>\n<meta property=\"article:modified_time\" content=\"2024-02-02T21:19:54+00:00\" \/>\n<meta property=\"og:image\" content=\"https:\/\/aviator-crash.org\/wp-content\/uploads\/2024\/01\/cash-or-crash-live-1200x584-1-1024x498.jpeg\" \/>\n<meta name=\"twitter:card\" content=\"summary_large_image\" \/>\n<meta name=\"twitter:label1\" content=\"Est. reading time\" \/>\n\t<meta name=\"twitter:data1\" content=\"7 minutes\" \/>\n<script type=\"application\/ld+json\" class=\"yoast-schema-graph\">{\"@context\":\"https:\/\/schema.org\",\"@graph\":[{\"@type\":\"WebPage\",\"@id\":\"https:\/\/aviator-crash.org\/is\/spiladu-cash-eda-crash\/\",\"url\":\"https:\/\/aviator-crash.org\/is\/spiladu-cash-eda-crash\/\",\"name\":\"Cash e\u00f0a Crash leikur \u00ed spilav\u00edti, ni\u00f0urhal\",\"isPartOf\":{\"@id\":\"https:\/\/aviator-crash.org\/is\/#website\"},\"datePublished\":\"2023-12-27T19:58:01+00:00\",\"dateModified\":\"2024-02-02T21:19:54+00:00\",\"description\":\"Ums\u00f6gn um vins\u00e6la leikinn Cash or Crash um allan heim. L\u00e6r\u00f0u um helstu eiginleika, kosti, leikreglur og leyndarm\u00e1l \u00feess a\u00f0 vinna st\u00f3rt. S\u00e6ktu leikinn og nj\u00f3ttu fr\u00e1b\u00e6rrar stundar me\u00f0 vinum \u00fe\u00ednum.\",\"breadcrumb\":{\"@id\":\"https:\/\/aviator-crash.org\/is\/spiladu-cash-eda-crash\/#breadcrumb\"},\"inLanguage\":\"is\",\"potentialAction\":[{\"@type\":\"ReadAction\",\"target\":[\"https:\/\/aviator-crash.org\/is\/spiladu-cash-eda-crash\/\"]}]},{\"@type\":\"BreadcrumbList\",\"@id\":\"https:\/\/aviator-crash.org\/is\/spiladu-cash-eda-crash\/#breadcrumb\",\"itemListElement\":[{\"@type\":\"ListItem\",\"position\":1,\"name\":\"Home\",\"item\":\"https:\/\/aviator-crash.org\/is\/leikur-aviator-a-netinu-fyrir-alvoru-peninga\/\"},{\"@type\":\"ListItem\",\"position\":2,\"name\":\"Spila\u00f0u Cash e\u00f0a Crash\"}]},{\"@type\":\"WebSite\",\"@id\":\"https:\/\/aviator-crash.org\/is\/#website\",\"url\":\"https:\/\/aviator-crash.org\/is\/\",\"name\":\"\",\"description\":\"\",\"potentialAction\":[{\"@type\":\"SearchAction\",\"target\":{\"@type\":\"EntryPoint\",\"urlTemplate\":\"https:\/\/aviator-crash.org\/is\/?s={search_term_string}\"},\"query-input\":\"required name=search_term_string\"}],\"inLanguage\":\"is\"}]}<\/script>\n<!-- \/ Yoast SEO plugin. -->","yoast_head_json":{"title":"Cash e\u00f0a Crash leikur \u00ed spilav\u00edti, ni\u00f0urhal","description":"Ums\u00f6gn um vins\u00e6la leikinn Cash or Crash um allan heim. L\u00e6r\u00f0u um helstu eiginleika, kosti, leikreglur og leyndarm\u00e1l \u00feess a\u00f0 vinna st\u00f3rt. S\u00e6ktu leikinn og nj\u00f3ttu fr\u00e1b\u00e6rrar stundar me\u00f0 vinum \u00fe\u00ednum.","robots":{"index":"index","follow":"follow","max-snippet":"max-snippet:-1","max-image-preview":"max-image-preview:large","max-video-preview":"max-video-preview:-1"},"canonical":"https:\/\/aviator-crash.org\/is\/spiladu-cash-eda-crash\/","og_locale":"is_IS","og_type":"article","og_title":"Cash e\u00f0a Crash leikur \u00ed spilav\u00edti, ni\u00f0urhal","og_description":"Ums\u00f6gn um vins\u00e6la leikinn Cash or Crash um allan heim. L\u00e6r\u00f0u um helstu eiginleika, kosti, leikreglur og leyndarm\u00e1l \u00feess a\u00f0 vinna st\u00f3rt. S\u00e6ktu leikinn og nj\u00f3ttu fr\u00e1b\u00e6rrar stundar me\u00f0 vinum \u00fe\u00ednum.","og_url":"https:\/\/aviator-crash.org\/is\/spiladu-cash-eda-crash\/","article_modified_time":"2024-02-02T21:19:54+00:00","og_image":[{"url":"https:\/\/aviator-crash.org\/wp-content\/uploads\/2024\/01\/cash-or-crash-live-1200x584-1-1024x498.jpeg"}],"twitter_card":"summary_large_image","twitter_misc":{"Est. reading time":"7 minutes"},"schema":{"@context":"https:\/\/schema.org","@graph":[{"@type":"WebPage","@id":"https:\/\/aviator-crash.org\/is\/spiladu-cash-eda-crash\/","url":"https:\/\/aviator-crash.org\/is\/spiladu-cash-eda-crash\/","name":"Cash e\u00f0a Crash leikur \u00ed spilav\u00edti, ni\u00f0urhal","isPartOf":{"@id":"https:\/\/aviator-crash.org\/is\/#website"},"datePublished":"2023-12-27T19:58:01+00:00","dateModified":"2024-02-02T21:19:54+00:00","description":"Ums\u00f6gn um vins\u00e6la leikinn Cash or Crash um allan heim. L\u00e6r\u00f0u um helstu eiginleika, kosti, leikreglur og leyndarm\u00e1l \u00feess a\u00f0 vinna st\u00f3rt. S\u00e6ktu leikinn og nj\u00f3ttu fr\u00e1b\u00e6rrar stundar me\u00f0 vinum \u00fe\u00ednum.","breadcrumb":{"@id":"https:\/\/aviator-crash.org\/is\/spiladu-cash-eda-crash\/#breadcrumb"},"inLanguage":"is","potentialAction":[{"@type":"ReadAction","target":["https:\/\/aviator-crash.org\/is\/spiladu-cash-eda-crash\/"]}]},{"@type":"BreadcrumbList","@id":"https:\/\/aviator-crash.org\/is\/spiladu-cash-eda-crash\/#breadcrumb","itemListElement":[{"@type":"ListItem","position":1,"name":"Home","item":"https:\/\/aviator-crash.org\/is\/leikur-aviator-a-netinu-fyrir-alvoru-peninga\/"},{"@type":"ListItem","position":2,"name":"Spila\u00f0u Cash e\u00f0a Crash"}]},{"@type":"WebSite","@id":"https:\/\/aviator-crash.org\/is\/#website","url":"https:\/\/aviator-crash.org\/is\/","name":"","description":"","potentialAction":[{"@type":"SearchAction","target":{"@type":"EntryPoint","urlTemplate":"https:\/\/aviator-crash.org\/is\/?s={search_term_string}"},"query-input":"required name=search_term_string"}],"inLanguage":"is"}]}},"_links":{"self":[{"href":"https:\/\/aviator-crash.org\/is\/wp-json\/wp\/v2\/pages\/5338"}],"collection":[{"href":"https:\/\/aviator-crash.org\/is\/wp-json\/wp\/v2\/pages"}],"about":[{"href":"https:\/\/aviator-crash.org\/is\/wp-json\/wp\/v2\/types\/page"}],"author":[{"embeddable":true,"href":"https:\/\/aviator-crash.org\/is\/wp-json\/wp\/v2\/users\/2"}],"replies":[{"embeddable":true,"href":"https:\/\/aviator-crash.org\/is\/wp-json\/wp\/v2\/comments?post=5338"}],"version-history":[{"count":3,"href":"https:\/\/aviator-crash.org\/is\/wp-json\/wp\/v2\/pages\/5338\/revisions"}],"predecessor-version":[{"id":5342,"href":"https:\/\/aviator-crash.org\/is\/wp-json\/wp\/v2\/pages\/5338\/revisions\/5342"}],"wp:attachment":[{"href":"https:\/\/aviator-crash.org\/is\/wp-json\/wp\/v2\/media?parent=5338"}],"curies":[{"name":"wp","href":"https:\/\/api.w.org\/{rel}","templated":true}]}}