{"id":5431,"date":"2023-12-27T19:26:44","date_gmt":"2023-12-27T19:26:44","guid":{"rendered":"https:\/\/aviator-crash.org\/lucky-jet-1win-til-ad-saekja\/"},"modified":"2024-02-02T21:24:31","modified_gmt":"2024-02-02T21:24:31","slug":"lucky-jet-1win-til-ad-saekja","status":"publish","type":"page","link":"https:\/\/aviator-crash.org\/is\/lucky-jet-1win-til-ad-saekja\/","title":{"rendered":"Lucky Jet 1win til a\u00f0 s\u00e6kja"},"content":{"rendered":"\n<figure class=\"wp-block-gallery has-nested-images columns-default is-cropped wp-block-gallery-1 is-layout-flex wp-block-gallery-is-layout-flex\">\n<figure class=\"wp-block-image size-large\"><span itemprop=\"image\" itemscope itemtype=\"https:\/\/schema.org\/ImageObject\"><img itemprop=\"url image\" loading=\"lazy\" decoding=\"async\" width=\"880\" height=\"500\" data-id=\"478\" src=\"https:\/\/aviator-crash.org\/wp-content\/uploads\/2024\/01\/lucky_jet_game-casino_yl6vvw.webp\" alt=\"\" class=\"wp-image-478\" srcset=\"https:\/\/aviator-crash.org\/wp-content\/uploads\/2024\/01\/lucky_jet_game-casino_yl6vvw.webp 880w, https:\/\/aviator-crash.org\/wp-content\/uploads\/2024\/01\/lucky_jet_game-casino_yl6vvw-300x170.webp 300w, https:\/\/aviator-crash.org\/wp-content\/uploads\/2024\/01\/lucky_jet_game-casino_yl6vvw-768x436.webp 768w\" sizes=\"(max-width: 880px) 100vw, 880px\" \/><meta itemprop=\"width\" content=\"880\"><meta itemprop=\"height\" content=\"500\"><\/span><\/figure>\n<\/figure>\n\n<p>Meistaraflug, spennandi augnablik og endalaust r\u00fdmi m\u00e6tast \u00ed spennandi \u00e6vint\u00fdri sem kallast Lucky Jet 1win. \u00deessi spennandi 1win leikur tekur leikmenn inn \u00ed einstakan heim spennu og \u00e6vint\u00fdra, \u00fear sem hvert einasta maneuver getur veri\u00f0 lykillinn a\u00f0 sigri. <\/p>\n\n<p>Lucky Jet 1win er ekki bara Android leikur, \u00fea\u00f0 er t\u00e6kif\u00e6ri til a\u00f0 s\u00f6kkva s\u00e9r inn \u00ed spennandi heim fj\u00e1rh\u00e6ttuspilabardaga, \u00fear sem hvert augnablik getur breytt atbur\u00f0ar\u00e1sinni. \u00de\u00fa getur hala\u00f0 ni\u00f0ur opinberu Lucky Jet leikjaforritinu \u00e1 Odin VIN vefs\u00ed\u00f0unni. \u00c1 pers\u00f3nulega reikningnum \u00fe\u00ednum getur\u00f0u safna\u00f0 ver\u00f0launum \u00fe\u00ednum, barist og keppt vi\u00f0 vini \u00fe\u00edna. H\u00e6gt er a\u00f0 hla\u00f0a ni\u00f0ur Lucky Jet 1win forritinu \u00f3keypis.   <\/p>\n\n<h2 class=\"wp-block-heading\">Kosturinn vi\u00f0 online leikur Lucky Jet<\/h2>\n\n<p>\u00deetta forrit er spennandi netleikur me\u00f0 marga kosti:<\/p>\n\n<ul>\n<li>\u00c1hugavert spilun. Spilarar geta noti\u00f0 h\u00e1t\u00e6kni geimbardaga \u00feegar \u00feeir taka \u00e1 loft \u00ed flj\u00fagandi farart\u00e6kjum s\u00ednum. <\/li>\n\n\n\n<li>Fullt af spennandi verkefnum.<\/li>\n\n\n\n<li>Fj\u00f6lspilunarstilling. Einn af helstu kostunum er h\u00e6fileikinn til a\u00f0 spila \u00e1 netinu me\u00f0 \u00f6\u00f0rum spilurum. Umsagnir um Lucky Jet 1win var\u00f0andi \u00feennan ham eru \u00e1kaflega j\u00e1kv\u00e6\u00f0ar, \u00fear sem leikmenn geta barist, keppt og unni\u00f0 me\u00f0 vinum e\u00f0a \u00f6\u00f0rum spilurum, sem b\u00e6tir f\u00e9lagslegum \u00fe\u00e6tti og krafti vi\u00f0 leikjaupplifunina.  <\/li>\n\n\n\n<li>Uppsetning flugv\u00e9la. Spilarar hafa t\u00e6kif\u00e6ri til a\u00f0 s\u00e9rsn\u00ed\u00f0a og b\u00e6ta flugv\u00e9larnar s\u00ednar. \u00deetta skapar pers\u00f3nulega leikjaupplifun, sem gerir hverjum leikmanni kleift a\u00f0 \u00fer\u00f3a sinn eigin st\u00edl og stefnu.  <\/li>\n\n\n\n<li>Sj\u00f3nr\u00e6nt a\u00f0la\u00f0andi h\u00f6nnun. 1win Lucky Jet leikurinn er me\u00f0 gl\u00e6silegri graf\u00edk og h\u00f6nnun, sem gerir leikjaheiminn litr\u00edkan og sj\u00f3nr\u00e6nt a\u00f0la\u00f0andi. <\/li>\n\n\n\n<li>Reglulegar uppf\u00e6rslur.<\/li>\n<\/ul>\n\n<p>Me\u00f0 \u00feessa kosti \u00ed huga, b\u00fd\u00f0ur Lucky Jet upp \u00e1 yfirgripsmikla leikjaupplifun sem sameinar \u00fe\u00e6tti af hr\u00f6\u00f0um a\u00f0ger\u00f0um, f\u00e9lagslegum samskiptum og stefnum\u00f3tandi hugsun.<\/p>\n\n<h2 class=\"wp-block-heading\">Hvernig \u00e1 a\u00f0 spila Lucky Jet<\/h2>\n\n<p>Spilarar byrja \u00e1 \u00fev\u00ed a\u00f0 b\u00faa til reikning, ef \u00fe\u00f6rf krefur, og velja flugv\u00e9l s\u00edna. \u00dej\u00e1lfun g\u00e6ti veri\u00f0 veitt til a\u00f0 kynna \u00fe\u00e9r stj\u00f3rnt\u00e6kin og grunnspilunina. \u00cd leik me\u00f0 e\u00f0a \u00e1n 1vinnings Lucky Jet Free Bet Vouchers geta veri\u00f0 \u00fdmis verkefni, verkefni e\u00f0a markmi\u00f0 sem leikmenn ver\u00f0a a\u00f0 kl\u00e1ra til a\u00f0 komast \u00e1fram og vinna s\u00e9r inn fj\u00e1rmagn.  <\/p>\n\n<p>Undir stj\u00f3rn h\u00e1t\u00e6kniflugv\u00e9lar tekur \u00fe\u00fa \u00fe\u00e1tt \u00ed bardaga vi\u00f0 h\u00e6ttulega andst\u00e6\u00f0inga, \u00fer\u00f3ar f\u00e6rni \u00fe\u00edna og safnar einst\u00f6kum ver\u00f0launum. \u00c1 lei\u00f0inni til sigurs b\u00ed\u00f0a \u00fe\u00edn forvitnileg verkefni, st\u00f3rkostlegt geimlandslag og \u00f3fyrirsj\u00e1anleg kynni. <\/p>\n\n<p>Bardagi \u00ed Lucky Jet felur venjulega \u00ed s\u00e9r a\u00f0 nota margs konar handt\u00f6k, vopn og takt\u00edskar \u00e1kvar\u00f0anir til a\u00f0 sigrast \u00e1 andst\u00e6\u00f0ingum \u00fe\u00ednum. Spilarar geta horfst \u00ed augu vi\u00f0 t\u00f6lvuandst\u00e6\u00f0inga e\u00f0a teki\u00f0 \u00fe\u00e1tt \u00ed fj\u00f6lspilunarbard\u00f6gum vi\u00f0 a\u00f0ra leikmenn. <\/p>\n\n<p>Ef \u00fe\u00fa vilt skemmta \u00fe\u00e9r vel, \u00fe\u00e1 \u00e6ttir \u00fe\u00fa \u00f6rugglega a\u00f0 hla\u00f0a ni\u00f0ur Lucky Jet 1win \u00ed t\u00e6ki\u00f0 \u00feitt. Eftir \u00fea\u00f0 gefst \u00fe\u00e9r t\u00e6kif\u00e6ri til a\u00f0 nj\u00f3ta kraftmikillar og spennandi geimbardagaupplifunar me\u00f0 \u00fev\u00ed a\u00f0 nota f\u00e6rni \u00fe\u00edna, a\u00f0fer\u00f0ir og h\u00e6fileika til a\u00f0 n\u00e1 sigri. <\/p>\n\n<h2 class=\"wp-block-heading\">Hvernig \u00e1 a\u00f0 vinna \u00e1 Lucky Jet<\/h2>\n\n<p>A\u00f0 vinna getur veri\u00f0 h\u00e1\u00f0 nokkrum \u00fe\u00e1ttum og \u00fea\u00f0 er mikilv\u00e6gt a\u00f0 \u00fer\u00f3a stefnu me\u00f0 Lucky Jet 1win og b\u00e6ta f\u00e6rni \u00fe\u00edna til a\u00f0 n\u00e1 \u00e1rangri \u00ed leiknum. H\u00e9r eru nokkur r\u00e1\u00f0 sem geta hj\u00e1lpa\u00f0 \u00fe\u00e9r a\u00f0 n\u00e1 \u00e1rangri hj\u00e1 Lucky Jet: <\/p>\n\n<ul>\n<li>Kynntu \u00fe\u00e9r st\u00fdringarnar. L\u00e6r\u00f0u hvernig \u00e1 a\u00f0 stj\u00f3rna flugv\u00e9l. A\u00f0 skilja allar tilt\u00e6kar hreyfingar og skipanir mun hj\u00e1lpa \u00fe\u00e9r a\u00f0 stj\u00f3rna \u00e1 \u00e1hrifar\u00edkan h\u00e1tt \u00ed bardaga.  <\/li>\n\n\n\n<li>Taktu \u00fej\u00e1lfun hj\u00e1 One Wine Lucky Jet. \u00deetta mun hj\u00e1lpa \u00fe\u00e9r a\u00f0 n\u00e1 t\u00f6kum \u00e1 grunnatri\u00f0um leiksins og l\u00e6ra hvernig \u00e1 a\u00f0 nota mismunandi t\u00e6kni. <\/li>\n\n\n\n<li>Veldu vi\u00f0eigandi flugv\u00e9l. Sumir geta veri\u00f0 betri \u00ed a\u00f0 s\u00e6kja \u00e1 me\u00f0an a\u00f0rir eru betri \u00ed a\u00f0 for\u00f0ast. <\/li>\n\n\n\n<li>R\u00e6kta\u00f0u t\u00e6ki\u00f0 \u00feitt. B\u00e6ttu flugv\u00e9lina \u00fe\u00edna me\u00f0 \u00fev\u00ed a\u00f0 nota au\u00f0lindir sem \u00fe\u00fa f\u00e6r\u00f0 \u00ed leiknum. \u00deetta mun b\u00e6ta m\u00f6guleika \u00fe\u00edna \u00ed bard\u00f6gum og gera \u00feig samkeppnish\u00e6fari.  <\/li>\n\n\n\n<li>\u00der\u00f3a\u00f0u Lucky Jet 1Win stefnu fyrir hvern bardaga.<\/li>\n<\/ul>\n\n<p>Nota\u00f0u umhverfi\u00f0 \u00fe\u00e9r \u00ed hag, for\u00f0astu \u00e1r\u00e1sir, leita\u00f0u a\u00f0 veikleikum hj\u00e1 andst\u00e6\u00f0ingum \u00fe\u00ednum. \u00dea\u00f0 er best a\u00f0 gefa val \u00e1 stefnu me\u00f0 litlum stu\u00f0li fyrir skilvirkari vinning. <\/p>\n\n<p>Haf\u00f0u \u00ed huga a\u00f0 hver leikur getur haft s\u00edna einst\u00f6ku krafta, svo ger\u00f0u tilraunir, a\u00f0laga\u00f0u \u00feig og nj\u00f3ttu \u00feess a\u00f0 b\u00e6ta leikh\u00e6fileika \u00fe\u00edna \u00ed Lucky Jet.<\/p>\n\n<h2 class=\"wp-block-heading\">Leikreglur \u00ed Lucky Jet<\/h2>\n\n<p>Annar kostur \u00feessa leiks er einfaldleiki og a\u00f0gengi reglnanna. \u00dea\u00f0 eru nokkrar umfer\u00f0ir, a\u00f0almarkmi\u00f0 \u00feeirra er a\u00f0 setja ve\u00f0m\u00e1l \u00fe\u00edn \u00e1 r\u00e9ttum t\u00edma. Umsagnir um Lucky Jet 1win eru s\u00f6nnun \u00feess a\u00f0 ekki er allt eins einfalt og \u00fea\u00f0 vir\u00f0ist. Mikilv\u00e6gt er a\u00f0 ve\u00f0ja upph\u00e6\u00f0inni \u00ed t\u00edma, annars g\u00e6ti \u00fea\u00f0 brunni\u00f0 \u00fat. Viltu taka \u00e1h\u00e6ttu e\u00f0a b\u00ed\u00f0a eftir hentugra augnabliki? Allt veltur \u00e1 \u00fe\u00e9r.     <\/p>\n\n<h2 class=\"wp-block-heading\">Sk\u00edrteini<\/h2>\n\n<p>Sk\u00edrteini fr\u00e1 Lucky Jet eru s\u00e9rstakir k\u00f3\u00f0ar sem leikmenn geta slegi\u00f0 inn \u00ed leiknum til a\u00f0 f\u00e1 b\u00f3nusa, \u00farr\u00e6\u00f0i e\u00f0a \u00f6nnur fr\u00ed\u00f0indi. \u00de\u00fa getur sko\u00f0a\u00f0 \u00fe\u00e6r \u00e1 1Win vefs\u00ed\u00f0unni. \u00deeir munu birtast reglulega og gle\u00f0ja leikmenn me\u00f0 n\u00fdjum t\u00e6kif\u00e6rum og hagst\u00e6\u00f0ari tilbo\u00f0um.  <\/p>\n\n<h2 class=\"wp-block-heading\">Umsagnir<\/h2>\n\n<p>H\u00e9r eru nokkrar umsagnir notenda:<\/p>\n\n<p><\/p>\n","protected":false},"excerpt":{"rendered":"<p>Meistaraflug, spennandi augnablik og endalaust r\u00fdmi m\u00e6tast \u00ed spennandi \u00e6vint\u00fdri sem kallast Lucky Jet 1win. \u00deessi spennandi 1win leikur tekur leikmenn inn \u00ed einstakan heim spennu og \u00e6vint\u00fdra, \u00fear sem hvert einasta maneuver getur veri\u00f0 lykillinn a\u00f0 sigri. Lucky Jet 1win er ekki bara Android leikur, \u00fea\u00f0 er t\u00e6kif\u00e6ri til a\u00f0 s\u00f6kkva s\u00e9r inn \u00ed [&hellip;]<\/p>\n","protected":false},"author":2,"featured_media":0,"parent":0,"menu_order":0,"comment_status":"open","ping_status":"closed","template":"","meta":{"footnotes":""},"yoast_head":"<!-- This site is optimized with the Yoast SEO plugin v21.7 - https:\/\/yoast.com\/wordpress\/plugins\/seo\/ -->\n<title>Lucky Jet leikur \u00ed 1win spilav\u00edti, ni\u00f0urhal<\/title>\n<meta name=\"description\" content=\"Endursko\u00f0un \u00e1 hinum vins\u00e6la Lucky Jet leik um allan heim \u00ed 1win spilav\u00edtinu, sem gefur \u00fe\u00e9r raunverulegt t\u00e6kif\u00e6ri til a\u00f0 vinna \u00fe\u00e9r inn g\u00f3\u00f0a peninga. Sko\u00f0a\u00f0u helstu eiginleika, kosti og leikreglur. R\u00e6stu og vinndu flj\u00f3tt!\" \/>\n<meta name=\"robots\" content=\"index, follow, max-snippet:-1, max-image-preview:large, max-video-preview:-1\" \/>\n<link rel=\"canonical\" href=\"https:\/\/aviator-crash.org\/is\/lucky-jet-1win-til-ad-saekja\/\" \/>\n<meta property=\"og:locale\" content=\"is_IS\" \/>\n<meta property=\"og:type\" content=\"article\" \/>\n<meta property=\"og:title\" content=\"Lucky Jet leikur \u00ed 1win spilav\u00edti, ni\u00f0urhal\" \/>\n<meta property=\"og:description\" content=\"Endursko\u00f0un \u00e1 hinum vins\u00e6la Lucky Jet leik um allan heim \u00ed 1win spilav\u00edtinu, sem gefur \u00fe\u00e9r raunverulegt t\u00e6kif\u00e6ri til a\u00f0 vinna \u00fe\u00e9r inn g\u00f3\u00f0a peninga. Sko\u00f0a\u00f0u helstu eiginleika, kosti og leikreglur. R\u00e6stu og vinndu flj\u00f3tt!\" \/>\n<meta property=\"og:url\" content=\"https:\/\/aviator-crash.org\/is\/lucky-jet-1win-til-ad-saekja\/\" \/>\n<meta property=\"article:modified_time\" content=\"2024-02-02T21:24:31+00:00\" \/>\n<meta property=\"og:image\" content=\"https:\/\/aviator-crash.org\/wp-content\/uploads\/2024\/01\/lucky_jet_game-casino_yl6vvw.webp\" \/>\n<meta name=\"twitter:card\" content=\"summary_large_image\" \/>\n<meta name=\"twitter:label1\" content=\"Est. reading time\" \/>\n\t<meta name=\"twitter:data1\" content=\"5 minutes\" \/>\n<script type=\"application\/ld+json\" class=\"yoast-schema-graph\">{\"@context\":\"https:\/\/schema.org\",\"@graph\":[{\"@type\":\"WebPage\",\"@id\":\"https:\/\/aviator-crash.org\/is\/lucky-jet-1win-til-ad-saekja\/\",\"url\":\"https:\/\/aviator-crash.org\/is\/lucky-jet-1win-til-ad-saekja\/\",\"name\":\"Lucky Jet leikur \u00ed 1win spilav\u00edti, ni\u00f0urhal\",\"isPartOf\":{\"@id\":\"https:\/\/aviator-crash.org\/is\/#website\"},\"datePublished\":\"2023-12-27T19:26:44+00:00\",\"dateModified\":\"2024-02-02T21:24:31+00:00\",\"description\":\"Endursko\u00f0un \u00e1 hinum vins\u00e6la Lucky Jet leik um allan heim \u00ed 1win spilav\u00edtinu, sem gefur \u00fe\u00e9r raunverulegt t\u00e6kif\u00e6ri til a\u00f0 vinna \u00fe\u00e9r inn g\u00f3\u00f0a peninga. Sko\u00f0a\u00f0u helstu eiginleika, kosti og leikreglur. R\u00e6stu og vinndu flj\u00f3tt!\",\"breadcrumb\":{\"@id\":\"https:\/\/aviator-crash.org\/is\/lucky-jet-1win-til-ad-saekja\/#breadcrumb\"},\"inLanguage\":\"is\",\"potentialAction\":[{\"@type\":\"ReadAction\",\"target\":[\"https:\/\/aviator-crash.org\/is\/lucky-jet-1win-til-ad-saekja\/\"]}]},{\"@type\":\"BreadcrumbList\",\"@id\":\"https:\/\/aviator-crash.org\/is\/lucky-jet-1win-til-ad-saekja\/#breadcrumb\",\"itemListElement\":[{\"@type\":\"ListItem\",\"position\":1,\"name\":\"Home\",\"item\":\"https:\/\/aviator-crash.org\/is\/leikur-aviator-a-netinu-fyrir-alvoru-peninga\/\"},{\"@type\":\"ListItem\",\"position\":2,\"name\":\"Lucky Jet 1win til a\u00f0 s\u00e6kja\"}]},{\"@type\":\"WebSite\",\"@id\":\"https:\/\/aviator-crash.org\/is\/#website\",\"url\":\"https:\/\/aviator-crash.org\/is\/\",\"name\":\"\",\"description\":\"\",\"potentialAction\":[{\"@type\":\"SearchAction\",\"target\":{\"@type\":\"EntryPoint\",\"urlTemplate\":\"https:\/\/aviator-crash.org\/is\/?s={search_term_string}\"},\"query-input\":\"required name=search_term_string\"}],\"inLanguage\":\"is\"}]}<\/script>\n<!-- \/ Yoast SEO plugin. -->","yoast_head_json":{"title":"Lucky Jet leikur \u00ed 1win spilav\u00edti, ni\u00f0urhal","description":"Endursko\u00f0un \u00e1 hinum vins\u00e6la Lucky Jet leik um allan heim \u00ed 1win spilav\u00edtinu, sem gefur \u00fe\u00e9r raunverulegt t\u00e6kif\u00e6ri til a\u00f0 vinna \u00fe\u00e9r inn g\u00f3\u00f0a peninga. Sko\u00f0a\u00f0u helstu eiginleika, kosti og leikreglur. R\u00e6stu og vinndu flj\u00f3tt!","robots":{"index":"index","follow":"follow","max-snippet":"max-snippet:-1","max-image-preview":"max-image-preview:large","max-video-preview":"max-video-preview:-1"},"canonical":"https:\/\/aviator-crash.org\/is\/lucky-jet-1win-til-ad-saekja\/","og_locale":"is_IS","og_type":"article","og_title":"Lucky Jet leikur \u00ed 1win spilav\u00edti, ni\u00f0urhal","og_description":"Endursko\u00f0un \u00e1 hinum vins\u00e6la Lucky Jet leik um allan heim \u00ed 1win spilav\u00edtinu, sem gefur \u00fe\u00e9r raunverulegt t\u00e6kif\u00e6ri til a\u00f0 vinna \u00fe\u00e9r inn g\u00f3\u00f0a peninga. Sko\u00f0a\u00f0u helstu eiginleika, kosti og leikreglur. R\u00e6stu og vinndu flj\u00f3tt!","og_url":"https:\/\/aviator-crash.org\/is\/lucky-jet-1win-til-ad-saekja\/","article_modified_time":"2024-02-02T21:24:31+00:00","og_image":[{"url":"https:\/\/aviator-crash.org\/wp-content\/uploads\/2024\/01\/lucky_jet_game-casino_yl6vvw.webp"}],"twitter_card":"summary_large_image","twitter_misc":{"Est. reading time":"5 minutes"},"schema":{"@context":"https:\/\/schema.org","@graph":[{"@type":"WebPage","@id":"https:\/\/aviator-crash.org\/is\/lucky-jet-1win-til-ad-saekja\/","url":"https:\/\/aviator-crash.org\/is\/lucky-jet-1win-til-ad-saekja\/","name":"Lucky Jet leikur \u00ed 1win spilav\u00edti, ni\u00f0urhal","isPartOf":{"@id":"https:\/\/aviator-crash.org\/is\/#website"},"datePublished":"2023-12-27T19:26:44+00:00","dateModified":"2024-02-02T21:24:31+00:00","description":"Endursko\u00f0un \u00e1 hinum vins\u00e6la Lucky Jet leik um allan heim \u00ed 1win spilav\u00edtinu, sem gefur \u00fe\u00e9r raunverulegt t\u00e6kif\u00e6ri til a\u00f0 vinna \u00fe\u00e9r inn g\u00f3\u00f0a peninga. Sko\u00f0a\u00f0u helstu eiginleika, kosti og leikreglur. R\u00e6stu og vinndu flj\u00f3tt!","breadcrumb":{"@id":"https:\/\/aviator-crash.org\/is\/lucky-jet-1win-til-ad-saekja\/#breadcrumb"},"inLanguage":"is","potentialAction":[{"@type":"ReadAction","target":["https:\/\/aviator-crash.org\/is\/lucky-jet-1win-til-ad-saekja\/"]}]},{"@type":"BreadcrumbList","@id":"https:\/\/aviator-crash.org\/is\/lucky-jet-1win-til-ad-saekja\/#breadcrumb","itemListElement":[{"@type":"ListItem","position":1,"name":"Home","item":"https:\/\/aviator-crash.org\/is\/leikur-aviator-a-netinu-fyrir-alvoru-peninga\/"},{"@type":"ListItem","position":2,"name":"Lucky Jet 1win til a\u00f0 s\u00e6kja"}]},{"@type":"WebSite","@id":"https:\/\/aviator-crash.org\/is\/#website","url":"https:\/\/aviator-crash.org\/is\/","name":"","description":"","potentialAction":[{"@type":"SearchAction","target":{"@type":"EntryPoint","urlTemplate":"https:\/\/aviator-crash.org\/is\/?s={search_term_string}"},"query-input":"required name=search_term_string"}],"inLanguage":"is"}]}},"_links":{"self":[{"href":"https:\/\/aviator-crash.org\/is\/wp-json\/wp\/v2\/pages\/5431"}],"collection":[{"href":"https:\/\/aviator-crash.org\/is\/wp-json\/wp\/v2\/pages"}],"about":[{"href":"https:\/\/aviator-crash.org\/is\/wp-json\/wp\/v2\/types\/page"}],"author":[{"embeddable":true,"href":"https:\/\/aviator-crash.org\/is\/wp-json\/wp\/v2\/users\/2"}],"replies":[{"embeddable":true,"href":"https:\/\/aviator-crash.org\/is\/wp-json\/wp\/v2\/comments?post=5431"}],"version-history":[{"count":1,"href":"https:\/\/aviator-crash.org\/is\/wp-json\/wp\/v2\/pages\/5431\/revisions"}],"predecessor-version":[{"id":5433,"href":"https:\/\/aviator-crash.org\/is\/wp-json\/wp\/v2\/pages\/5431\/revisions\/5433"}],"wp:attachment":[{"href":"https:\/\/aviator-crash.org\/is\/wp-json\/wp\/v2\/media?parent=5431"}],"curies":[{"name":"wp","href":"https:\/\/api.w.org\/{rel}","templated":true}]}}