{"id":5463,"date":"2023-12-27T19:33:16","date_gmt":"2023-12-27T19:33:16","guid":{"rendered":"https:\/\/aviator-crash.org\/thota-x\/"},"modified":"2024-02-02T21:26:23","modified_gmt":"2024-02-02T21:26:23","slug":"thota-x","status":"publish","type":"page","link":"https:\/\/aviator-crash.org\/is\/thota-x\/","title":{"rendered":"\u00deota X"},"content":{"rendered":"\n<figure class=\"wp-block-gallery has-nested-images columns-default is-cropped wp-block-gallery-1 is-layout-flex wp-block-gallery-is-layout-flex\">\n<figure class=\"wp-block-image size-large\"><span itemprop=\"image\" itemscope itemtype=\"https:\/\/schema.org\/ImageObject\"><img itemprop=\"url image\" loading=\"lazy\" decoding=\"async\" width=\"1024\" height=\"576\" data-id=\"475\" src=\"https:\/\/aviator-crash.org\/wp-content\/uploads\/2024\/01\/how-to-play-jet-x-game-on-my-cell-phone-1200x675-1-1024x576-1.webp\" alt=\"\" class=\"wp-image-475\" srcset=\"https:\/\/aviator-crash.org\/wp-content\/uploads\/2024\/01\/how-to-play-jet-x-game-on-my-cell-phone-1200x675-1-1024x576-1.webp 1024w, https:\/\/aviator-crash.org\/wp-content\/uploads\/2024\/01\/how-to-play-jet-x-game-on-my-cell-phone-1200x675-1-1024x576-1-300x169.webp 300w, https:\/\/aviator-crash.org\/wp-content\/uploads\/2024\/01\/how-to-play-jet-x-game-on-my-cell-phone-1200x675-1-1024x576-1-768x432.webp 768w\" sizes=\"(max-width: 1024px) 100vw, 1024px\" \/><meta itemprop=\"width\" content=\"1024\"><meta itemprop=\"height\" content=\"576\"><\/span><\/figure>\n<\/figure>\n\n<p>Velkomin \u00ed framt\u00ed\u00f0 adrenal\u00ednkappaksturs, heim Jet X, sem \u00fe\u00fa getur hala\u00f0 ni\u00f0ur \u00f3keypis! \u00deetta er spennandi opinbert spilakassa\u00e6vint\u00fdri fyrir Android, \u00fear sem hra\u00f0i, h\u00e6\u00f0 og \u00f3tr\u00faleg gl\u00e6frabrag\u00f0 eru sameinu\u00f0 \u00ed einum \u00f6flugum straumi. St\u00edg\u00f0u inn \u00ed stj\u00f3rnklefa h\u00e1\u00fer\u00f3a\u00f0rar flugv\u00e9lar og b\u00fa\u00f0u \u00feig undir eltingaleik sem mun fara umfram v\u00e6ntingar \u00fe\u00ednar. Ekki gleyma Jet X stefnunni!   <\/p>\n\n<p>\u00de\u00fa getur au\u00f0veldlega hala\u00f0 ni\u00f0ur forritinu \u00e1 vefs\u00ed\u00f0u XVIN, ve\u00f0mangarafyrirt\u00e6kis sem er tali\u00f0 eitt \u00fea\u00f0 vins\u00e6lasta. B\u00fa\u00f0u til pers\u00f3nulegan reikning, r\u00e6stu leikinn og byrja\u00f0u a\u00f0 keppa eins flj\u00f3tt og au\u00f0i\u00f0 er. <\/p>\n\n<h2 class=\"wp-block-heading\">Kosturinn vi\u00f0 netleikinn Jet X<\/h2>\n\n<p>Netleikurinn Jet X hefur nokkra kosti sem gera hann a\u00f0la\u00f0andi fyrir a\u00f0d\u00e1endur spilakassa og adrenal\u00edns \u00ed framt\u00ed\u00f0inni:<\/p>\n\n<ul>\n<li>Hra\u00f0i og kraftur. Leikurinn b\u00fd\u00f0ur upp \u00e1 h\u00e1hra\u00f0a kappakstur \u00fear sem hver sek\u00fanda skiptir m\u00e1li. \u00de\u00f6kk s\u00e9 kraftmikilli spilamennsku og hreyfifrelsi \u00ed \u00fer\u00edv\u00ed\u00f0u r\u00fdmi, finna X Jet leikmenn sannarlega fyrir adrenal\u00edni h\u00e1hra\u00f0akappaksturs.  <\/li>\n\n\n\n<li>Einstakar flugv\u00e9lar. Spilarar geta vali\u00f0 \u00far \u00fdmsum n\u00fdst\u00e1rlegum flj\u00fagandi farart\u00e6kjum me\u00f0 einstaka eiginleika. <\/li>\n\n\n\n<li>Frambo\u00f0 \u00e1 fj\u00f6lnotendaham. H\u00e6fni til a\u00f0 keppa vi\u00f0 a\u00f0ra leikmenn \u00e1 netinu b\u00e6tir \u00fe\u00e1tt \u00ed samkeppni og f\u00e9lagslegum samskiptum. \u00de\u00fa getur hala\u00f0 ni\u00f0ur Jet X og noti\u00f0 leiksins me\u00f0 vinum \u00fe\u00ednum.  <\/li>\n\n\n\n<li>Endurb\u00e6tur \u00e1 t\u00e6kjum. Spilarar geta s\u00e9rsni\u00f0i\u00f0 og endurb\u00e6tt flugv\u00e9lar s\u00ednar \u00ed samr\u00e6mi vi\u00f0 kappakstursst\u00edl \u00feeirra. \u00deetta skapar pers\u00f3nulega upplifun fyrir hvern leikmann og gerir \u00feeim kleift a\u00f0 b\u00e6ta b\u00edlana s\u00edna eftir \u00fev\u00ed sem \u00feeir \u00fer\u00f3ast.  <\/li>\n\n\n\n<li>Reglulegar uppf\u00e6rslur. H\u00f6nnu\u00f0ir eru st\u00f6\u00f0ugt a\u00f0 uppf\u00e6ra Jet X, b\u00e6ta vi\u00f0 n\u00fdjum l\u00f6gum, t\u00e6kjum, stillingum og a\u00f0ger\u00f0um. <\/li>\n<\/ul>\n\n<p>\u00deessir kostir gera Jet X a\u00f0 a\u00f0la\u00f0andi leik fyrir \u00fe\u00e1 sem meta hr\u00f6\u00f0 kappakstur, n\u00fdsk\u00f6pun \u00ed flugv\u00e9lah\u00f6nnun og samkeppnisanda netleikja.<\/p>\n\n<h2 class=\"wp-block-heading\">Hvernig \u00e1 a\u00f0 spila Jet X<\/h2>\n\n<p>Jet X leikur veitir spennandi h\u00e1hra\u00f0a kappakstursupplifun \u00ed framt\u00ed\u00f0inni. H\u00e9r eru almennar r\u00e1\u00f0leggingar um hvernig \u00e1 a\u00f0 byrja a\u00f0 spila Jet X: <\/p>\n\n<ol>\n<li>Fyrst skaltu setja leikinn upp \u00e1 t\u00e6kinu \u00fe\u00ednu \u00ed samr\u00e6mi vi\u00f0 lei\u00f0beiningar fyrir vettvang \u00feinn (t\u00f6lva, leikjat\u00f6lva, fart\u00e6ki). R\u00e6stu leikinn og b\u00edddu \u00fear til ni\u00f0urhalsferlinu l\u00fdkur. <\/li>\n\n\n\n<li>\u00deegar \u00fe\u00fa byrjar leikinn ver\u00f0ur \u00fe\u00fa be\u00f0inn um a\u00f0 velja fyrstu flugv\u00e9lina \u00fe\u00edna. Mismunandi t\u00e6ki geta haft mismunandi eiginleika og h\u00e6fileika, svo \u00fe\u00fa getur gert tilraunir og spila\u00f0 Jet X. <\/li>\n\n\n\n<li>Kynntu \u00fe\u00e9r stj\u00f3rnt\u00e6ki flugv\u00e9larinnar. \u00deetta felur venjulega \u00ed s\u00e9r a\u00f0 nota lykla, st\u00fdripinna e\u00f0a snertiskj\u00e1, allt eftir vettvangi. <\/li>\n\n\n\n<li>Jet X b\u00fd\u00f0ur upp \u00e1 \u00fdmsar leikjastillingar eins og herfer\u00f0, fj\u00f6lspilunarbardaga.<\/li>\n\n\n\n<li>Veldu braut og byrja\u00f0u a\u00f0 keppa. Gef\u00f0u gaum a\u00f0 markmi\u00f0um og markmi\u00f0um hverrar keppni, \u00fear sem \u00feau geta veri\u00f0 mismunandi eftir leikstillingu. Jet X forriti\u00f0 getur veri\u00f0 mismunandi eftir stigi.  <\/li>\n\n\n\n<li>Nota\u00f0u h\u00e6fileika flugv\u00e9larinnar \u00feinnar til a\u00f0 berjast vi\u00f0 andst\u00e6\u00f0inga og framkv\u00e6ma gl\u00e6frabrag\u00f0. \u00cd sumum leikjastillingum getur \u00feetta veitt vi\u00f0b\u00f3tarb\u00f3nusa e\u00f0a hra\u00f0aupphlaup. <\/li>\n\n\n\n<li>Eftir a\u00f0 hafa loki\u00f0 keppnum og bard\u00f6gum skaltu vinna \u00fe\u00e9r inn au\u00f0lindir \u00ed leiknum e\u00f0a gjaldeyri til a\u00f0 b\u00e6ta og s\u00e9rsn\u00ed\u00f0a flugv\u00e9lina \u00fe\u00edna.<\/li>\n\n\n\n<li>Fylgstu me\u00f0 leikjauppf\u00e6rslum \u00fear sem forritarar geta b\u00e6tt vi\u00f0 n\u00fdjum l\u00f6gum, t\u00e6kjum og stillingum.<\/li>\n<\/ol>\n\n<p>S\u00e9rstakir skilm\u00e1lar og skilyr\u00f0i geta veri\u00f0 mismunandi eftir \u00fatg\u00e1fu. Lestu Jet X d\u00f3ma og r\u00e1\u00f0leggingar, \u00feetta gerir \u00fe\u00e9r kleift a\u00f0 skilja kjarna leiksins flj\u00f3tt og byrja a\u00f0 spila. <\/p>\n\n<h2 class=\"wp-block-heading\">Hvernig \u00e1 a\u00f0 vinna \u00e1 Jet X?<\/h2>\n\n<p>Til a\u00f0 spila Jet X me\u00f0 g\u00f3\u00f0um \u00e1rangri er mikilv\u00e6gt a\u00f0 \u00fer\u00f3a f\u00e6rni og beita a\u00f0fer\u00f0um til a\u00f0 vinna keppnir og bardaga. H\u00e9r eru nokkur r\u00e1\u00f0 sem geta hj\u00e1lpa\u00f0 \u00fe\u00e9r a\u00f0 n\u00e1 \u00e1rangri \u00ed leiknum. Fyrst af \u00f6llu skaltu n\u00e1 t\u00f6kum \u00e1 stj\u00f3rn flugv\u00e9larinnar \u00feinnar. A\u00f0 skilja hverja hreyfingu og hreyfingu mun gera \u00fe\u00e9r kleift a\u00f0 stj\u00f3rna \u00e1 skilvirkari h\u00e1tt vi\u00f0 mismunandi a\u00f0st\u00e6\u00f0ur. Kanna\u00f0u brautirnar og nota\u00f0u umhverfi\u00f0 \u00fe\u00e9r \u00ed hag.    <\/p>\n\n<p>Anna\u00f0 sanna\u00f0 r\u00e1\u00f0 er a\u00f0 nota Jet X kynningark\u00f3\u00f0a. \u00deeir bj\u00f3\u00f0a upp \u00e1 hagst\u00e6\u00f0 skilyr\u00f0i og m\u00f6guleika \u00e1 a\u00f0 vinna s\u00e9r inn aukastig. \u00de\u00fa getur fundi\u00f0 kynningark\u00f3\u00f0a \u00e1 s\u00e9rh\u00e6f\u00f0um leikjas\u00ed\u00f0um e\u00f0a \u00ed tilteknum hluta \u00e1 XVIN. <\/p>\n\n<p>Jet X stefna er annar mikilv\u00e6gur punktur til a\u00f0 borga eftirtekt til. Ef til bardaga kemur, vertu fyrirbyggjandi \u00ed notkun vopna og hl\u00edf\u00f0arb\u00fana\u00f0ar. Virk samskipti vi\u00f0 \u00f3vini geta auki\u00f0 vinningsl\u00edkur \u00fe\u00ednar til muna.  <\/p>\n\n<p>Me\u00f0an \u00e1 kyn\u00fe\u00e1ttum og bard\u00f6gum stendur, ekki gleyma a\u00f0 framkv\u00e6ma brellur. \u00deeir geta komi\u00f0 me\u00f0 vi\u00f0b\u00f3tarb\u00f3nusa og hra\u00f0aupphlaup. Ekki gleyma b\u00f3nusum og vel settum ve\u00f0m\u00e1lum. \u00cd Jet X-l\u00edkindareikningskerfinu getur\u00f0u reikna\u00f0 \u00fat alla \u00e1h\u00e6ttuna og gert snjallt ve\u00f0m\u00e1l. Nota\u00f0u einnig virkan t\u00e6kif\u00e6rin til a\u00f0 b\u00e6ta flugv\u00e9lina \u00fe\u00edna. Kynntu \u00fe\u00e9r lei\u00f0irnar vandlega og skipulegg\u00f0u lei\u00f0ina fyrirfram. Besta lei\u00f0aval og hra\u00f0ast\u00fdring mun hj\u00e1lpa \u00fe\u00e9r a\u00f0 n\u00e1 andst\u00e6\u00f0ingum \u00fe\u00ednum.      <\/p>\n\n<p>Fylgstu me\u00f0 a\u00f0ger\u00f0um andst\u00e6\u00f0inga \u00feinna og laga\u00f0u \u00feig a\u00f0 breyttum a\u00f0st\u00e6\u00f0um \u00e1 brautinni. Sveigjanleiki og a\u00f0l\u00f6gunarh\u00e6fni getur veri\u00f0 lykillinn a\u00f0 \u00e1rangri \u00ed hr\u00f6\u00f0um kappakstri. Ef Jet X leikurinn \u00feinn e\u00f0a kynningin b\u00fd\u00f0ur upp \u00e1 li\u00f0sleik skaltu hafa virkan samskipti vi\u00f0 li\u00f0i\u00f0 \u00feitt.  <\/p>\n\n<p>Jet X gefur \u00fe\u00e9r pl\u00e1ss fyrir sk\u00f6punarg\u00e1fu og takt\u00edskar \u00e1kvar\u00f0anir. Laga\u00f0u \u00feig a\u00f0 a\u00f0st\u00e6\u00f0um, sko\u00f0a\u00f0u Jet X-l\u00edkindareikningskerfi\u00f0 og nj\u00f3ttu hra\u00f0virkra og spennandi kappaksturs \u00ed framt\u00ed\u00f0inni! <\/p>\n\n<h2 class=\"wp-block-heading\">Leikreglur \u00ed Jet X<\/h2>\n\n<p>A\u00f0almarkmi\u00f0i\u00f0 fer eftir leikstillingunni. \u00deetta g\u00e6ti veri\u00f0 a\u00f0 kl\u00e1ra n\u00e1mskei\u00f0 \u00e1 sem skemmstum t\u00edma, vinna bardaga gegn andst\u00e6\u00f0ingum, framkv\u00e6ma gl\u00e6frabrag\u00f0 e\u00f0a n\u00e1 \u00e1kve\u00f0num \u00e1rangri \u00ed fj\u00f6lspilunarham. Leikurinn b\u00fd\u00f0ur venjulega upp \u00e1 margs konar l\u00f6g og stig, sem hvert um sig b\u00fd\u00f0ur upp \u00e1 einstaka \u00e1skoranir. \u00de\u00fa getur sko\u00f0a\u00f0 \u00fe\u00e6r allar \u00e1 vefs\u00ed\u00f0u Jet X. Spilarar geta uppf\u00e6rt flugv\u00e9lar s\u00ednar til a\u00f0 takast betur \u00e1 vi\u00f0 brautir \u00e1 h\u00e6rra stigi.   <\/p>\n\n<p>Spilarar stj\u00f3rna flugv\u00e9linni me\u00f0 \u00fev\u00ed a\u00f0 nota lyklabor\u00f0, st\u00fdripinna, spilabor\u00f0 e\u00f0a snertiskj\u00e1, allt eftir vettvangi. Stj\u00f3rnt\u00e6ki fela \u00ed s\u00e9r a\u00f0 breyta stefnu, stilla hra\u00f0a og framkv\u00e6ma brellur. A\u00f0 framkv\u00e6ma brellur getur fengi\u00f0 b\u00f3nusa eins og hra\u00f0aupphlaup e\u00f0a aukastig.  <\/p>\n\n<p>\u00cd sumum leikjastillingum geta leikmenn barist vi\u00f0 andst\u00e6\u00f0inga me\u00f0 \u00fev\u00ed a\u00f0 nota vopn \u00e1 t\u00e6kjum s\u00ednum. Vopn geta fali\u00f0 \u00ed s\u00e9r eldflaugar, leysir og a\u00f0rar \u00e1r\u00e1sar- e\u00f0a varnara\u00f0fer\u00f0ir. \u00c1\u00f0ur en \u00fe\u00fa byrjar a\u00f0 spila skaltu sko\u00f0a Jet X stefnuna og d\u00f3ma.  <\/p>\n\n<h2 class=\"wp-block-heading\">Kynningark\u00f3\u00f0ar<\/h2>\n\n<p>Kynningark\u00f3\u00f0ar eru venjulega veittir af forriturum leiksins e\u00f0a vettvanginum sem leiknum er dreift \u00e1. \u00deeir veita s\u00e9rstaka b\u00f3nus e\u00f0a spilapeninga fyrir leikmenn til a\u00f0 auka vinningsl\u00edkur s\u00ednar. \u00de\u00fa getur fundi\u00f0 kynningark\u00f3\u00f0a \u00e1 nokkrum au\u00f0lindum:  <\/p>\n\n<ul>\n<li>Opinber s\u00ed\u00f0a.<\/li>\n\n\n\n<li>Samf\u00e9lagsmi\u00f0lar.<\/li>\n\n\n\n<li>M\u00e1l\u00feing og samf\u00e9l\u00f6g.<\/li>\n\n\n\n<li>Fr\u00e9ttabr\u00e9f.<\/li>\n\n\n\n<li>Samstarfsa\u00f0ilar og styrktara\u00f0ilar.<\/li>\n<\/ul>\n\n<h2 class=\"wp-block-heading\">Umsagnir<\/h2>\n\n<p>H\u00e9r eru nokkrar umsagnir notenda um vins\u00e6la leikinn:<\/p>\n","protected":false},"excerpt":{"rendered":"<p>Velkomin \u00ed framt\u00ed\u00f0 adrenal\u00ednkappaksturs, heim Jet X, sem \u00fe\u00fa getur hala\u00f0 ni\u00f0ur \u00f3keypis! \u00deetta er spennandi opinbert spilakassa\u00e6vint\u00fdri fyrir Android, \u00fear sem hra\u00f0i, h\u00e6\u00f0 og \u00f3tr\u00faleg gl\u00e6frabrag\u00f0 eru sameinu\u00f0 \u00ed einum \u00f6flugum straumi. St\u00edg\u00f0u inn \u00ed stj\u00f3rnklefa h\u00e1\u00fer\u00f3a\u00f0rar flugv\u00e9lar og b\u00fa\u00f0u \u00feig undir eltingaleik sem mun fara umfram v\u00e6ntingar \u00fe\u00ednar. Ekki gleyma Jet X stefnunni! [&hellip;]<\/p>\n","protected":false},"author":2,"featured_media":0,"parent":0,"menu_order":0,"comment_status":"open","ping_status":"closed","template":"","meta":{"footnotes":""},"yoast_head":"<!-- This site is optimized with the Yoast SEO plugin v21.7 - https:\/\/yoast.com\/wordpress\/plugins\/seo\/ -->\n<title>Jet X spilav\u00edti leikur, ni\u00f0urhal<\/title>\n<meta name=\"description\" content=\"S\u00f6kkva \u00fe\u00e9r ni\u00f0ur \u00ed spennandi heim h\u00e1hra\u00f0akappaksturs me\u00f0 Jet X - einst\u00f6k og spennandi spilakassaupplifun \u00ed framt\u00ed\u00f0inni. Lestu reglurnar vandlega og taktu stj\u00f3rnina flj\u00f3tt. \u00c1hugaver\u00f0 \u00e6vint\u00fdri og g\u00f3\u00f0 stund b\u00ed\u00f0a \u00fe\u00edn.\" \/>\n<meta name=\"robots\" content=\"index, follow, max-snippet:-1, max-image-preview:large, max-video-preview:-1\" \/>\n<link rel=\"canonical\" href=\"https:\/\/aviator-crash.org\/is\/thota-x\/\" \/>\n<meta property=\"og:locale\" content=\"is_IS\" \/>\n<meta property=\"og:type\" content=\"article\" \/>\n<meta property=\"og:title\" content=\"Jet X spilav\u00edti leikur, ni\u00f0urhal\" \/>\n<meta property=\"og:description\" content=\"S\u00f6kkva \u00fe\u00e9r ni\u00f0ur \u00ed spennandi heim h\u00e1hra\u00f0akappaksturs me\u00f0 Jet X - einst\u00f6k og spennandi spilakassaupplifun \u00ed framt\u00ed\u00f0inni. Lestu reglurnar vandlega og taktu stj\u00f3rnina flj\u00f3tt. \u00c1hugaver\u00f0 \u00e6vint\u00fdri og g\u00f3\u00f0 stund b\u00ed\u00f0a \u00fe\u00edn.\" \/>\n<meta property=\"og:url\" content=\"https:\/\/aviator-crash.org\/is\/thota-x\/\" \/>\n<meta property=\"article:modified_time\" content=\"2024-02-02T21:26:23+00:00\" \/>\n<meta property=\"og:image\" content=\"https:\/\/aviator-crash.org\/wp-content\/uploads\/2024\/01\/how-to-play-jet-x-game-on-my-cell-phone-1200x675-1-1024x576-1.webp\" \/>\n<meta name=\"twitter:card\" content=\"summary_large_image\" \/>\n<meta name=\"twitter:label1\" content=\"Est. reading time\" \/>\n\t<meta name=\"twitter:data1\" content=\"6 minutes\" \/>\n<script type=\"application\/ld+json\" class=\"yoast-schema-graph\">{\"@context\":\"https:\/\/schema.org\",\"@graph\":[{\"@type\":\"WebPage\",\"@id\":\"https:\/\/aviator-crash.org\/is\/thota-x\/\",\"url\":\"https:\/\/aviator-crash.org\/is\/thota-x\/\",\"name\":\"Jet X spilav\u00edti leikur, ni\u00f0urhal\",\"isPartOf\":{\"@id\":\"https:\/\/aviator-crash.org\/is\/#website\"},\"datePublished\":\"2023-12-27T19:33:16+00:00\",\"dateModified\":\"2024-02-02T21:26:23+00:00\",\"description\":\"S\u00f6kkva \u00fe\u00e9r ni\u00f0ur \u00ed spennandi heim h\u00e1hra\u00f0akappaksturs me\u00f0 Jet X - einst\u00f6k og spennandi spilakassaupplifun \u00ed framt\u00ed\u00f0inni. Lestu reglurnar vandlega og taktu stj\u00f3rnina flj\u00f3tt. \u00c1hugaver\u00f0 \u00e6vint\u00fdri og g\u00f3\u00f0 stund b\u00ed\u00f0a \u00fe\u00edn.\",\"breadcrumb\":{\"@id\":\"https:\/\/aviator-crash.org\/is\/thota-x\/#breadcrumb\"},\"inLanguage\":\"is\",\"potentialAction\":[{\"@type\":\"ReadAction\",\"target\":[\"https:\/\/aviator-crash.org\/is\/thota-x\/\"]}]},{\"@type\":\"BreadcrumbList\",\"@id\":\"https:\/\/aviator-crash.org\/is\/thota-x\/#breadcrumb\",\"itemListElement\":[{\"@type\":\"ListItem\",\"position\":1,\"name\":\"Home\",\"item\":\"https:\/\/aviator-crash.org\/is\/leikur-aviator-a-netinu-fyrir-alvoru-peninga\/\"},{\"@type\":\"ListItem\",\"position\":2,\"name\":\"\u00deota X\"}]},{\"@type\":\"WebSite\",\"@id\":\"https:\/\/aviator-crash.org\/is\/#website\",\"url\":\"https:\/\/aviator-crash.org\/is\/\",\"name\":\"\",\"description\":\"\",\"potentialAction\":[{\"@type\":\"SearchAction\",\"target\":{\"@type\":\"EntryPoint\",\"urlTemplate\":\"https:\/\/aviator-crash.org\/is\/?s={search_term_string}\"},\"query-input\":\"required name=search_term_string\"}],\"inLanguage\":\"is\"}]}<\/script>\n<!-- \/ Yoast SEO plugin. -->","yoast_head_json":{"title":"Jet X spilav\u00edti leikur, ni\u00f0urhal","description":"S\u00f6kkva \u00fe\u00e9r ni\u00f0ur \u00ed spennandi heim h\u00e1hra\u00f0akappaksturs me\u00f0 Jet X - einst\u00f6k og spennandi spilakassaupplifun \u00ed framt\u00ed\u00f0inni. Lestu reglurnar vandlega og taktu stj\u00f3rnina flj\u00f3tt. \u00c1hugaver\u00f0 \u00e6vint\u00fdri og g\u00f3\u00f0 stund b\u00ed\u00f0a \u00fe\u00edn.","robots":{"index":"index","follow":"follow","max-snippet":"max-snippet:-1","max-image-preview":"max-image-preview:large","max-video-preview":"max-video-preview:-1"},"canonical":"https:\/\/aviator-crash.org\/is\/thota-x\/","og_locale":"is_IS","og_type":"article","og_title":"Jet X spilav\u00edti leikur, ni\u00f0urhal","og_description":"S\u00f6kkva \u00fe\u00e9r ni\u00f0ur \u00ed spennandi heim h\u00e1hra\u00f0akappaksturs me\u00f0 Jet X - einst\u00f6k og spennandi spilakassaupplifun \u00ed framt\u00ed\u00f0inni. Lestu reglurnar vandlega og taktu stj\u00f3rnina flj\u00f3tt. \u00c1hugaver\u00f0 \u00e6vint\u00fdri og g\u00f3\u00f0 stund b\u00ed\u00f0a \u00fe\u00edn.","og_url":"https:\/\/aviator-crash.org\/is\/thota-x\/","article_modified_time":"2024-02-02T21:26:23+00:00","og_image":[{"url":"https:\/\/aviator-crash.org\/wp-content\/uploads\/2024\/01\/how-to-play-jet-x-game-on-my-cell-phone-1200x675-1-1024x576-1.webp"}],"twitter_card":"summary_large_image","twitter_misc":{"Est. reading time":"6 minutes"},"schema":{"@context":"https:\/\/schema.org","@graph":[{"@type":"WebPage","@id":"https:\/\/aviator-crash.org\/is\/thota-x\/","url":"https:\/\/aviator-crash.org\/is\/thota-x\/","name":"Jet X spilav\u00edti leikur, ni\u00f0urhal","isPartOf":{"@id":"https:\/\/aviator-crash.org\/is\/#website"},"datePublished":"2023-12-27T19:33:16+00:00","dateModified":"2024-02-02T21:26:23+00:00","description":"S\u00f6kkva \u00fe\u00e9r ni\u00f0ur \u00ed spennandi heim h\u00e1hra\u00f0akappaksturs me\u00f0 Jet X - einst\u00f6k og spennandi spilakassaupplifun \u00ed framt\u00ed\u00f0inni. Lestu reglurnar vandlega og taktu stj\u00f3rnina flj\u00f3tt. \u00c1hugaver\u00f0 \u00e6vint\u00fdri og g\u00f3\u00f0 stund b\u00ed\u00f0a \u00fe\u00edn.","breadcrumb":{"@id":"https:\/\/aviator-crash.org\/is\/thota-x\/#breadcrumb"},"inLanguage":"is","potentialAction":[{"@type":"ReadAction","target":["https:\/\/aviator-crash.org\/is\/thota-x\/"]}]},{"@type":"BreadcrumbList","@id":"https:\/\/aviator-crash.org\/is\/thota-x\/#breadcrumb","itemListElement":[{"@type":"ListItem","position":1,"name":"Home","item":"https:\/\/aviator-crash.org\/is\/leikur-aviator-a-netinu-fyrir-alvoru-peninga\/"},{"@type":"ListItem","position":2,"name":"\u00deota X"}]},{"@type":"WebSite","@id":"https:\/\/aviator-crash.org\/is\/#website","url":"https:\/\/aviator-crash.org\/is\/","name":"","description":"","potentialAction":[{"@type":"SearchAction","target":{"@type":"EntryPoint","urlTemplate":"https:\/\/aviator-crash.org\/is\/?s={search_term_string}"},"query-input":"required name=search_term_string"}],"inLanguage":"is"}]}},"_links":{"self":[{"href":"https:\/\/aviator-crash.org\/is\/wp-json\/wp\/v2\/pages\/5463"}],"collection":[{"href":"https:\/\/aviator-crash.org\/is\/wp-json\/wp\/v2\/pages"}],"about":[{"href":"https:\/\/aviator-crash.org\/is\/wp-json\/wp\/v2\/types\/page"}],"author":[{"embeddable":true,"href":"https:\/\/aviator-crash.org\/is\/wp-json\/wp\/v2\/users\/2"}],"replies":[{"embeddable":true,"href":"https:\/\/aviator-crash.org\/is\/wp-json\/wp\/v2\/comments?post=5463"}],"version-history":[{"count":1,"href":"https:\/\/aviator-crash.org\/is\/wp-json\/wp\/v2\/pages\/5463\/revisions"}],"predecessor-version":[{"id":5465,"href":"https:\/\/aviator-crash.org\/is\/wp-json\/wp\/v2\/pages\/5463\/revisions\/5465"}],"wp:attachment":[{"href":"https:\/\/aviator-crash.org\/is\/wp-json\/wp\/v2\/media?parent=5463"}],"curies":[{"name":"wp","href":"https:\/\/api.w.org\/{rel}","templated":true}]}}