{"id":2461,"date":"2023-12-22T18:32:01","date_gmt":"2023-12-22T18:32:01","guid":{"rendered":"https:\/\/aviator-crash.org\/recensioni-del-gioco-aviator\/"},"modified":"2024-02-02T17:47:22","modified_gmt":"2024-02-02T17:47:22","slug":"recensioni-del-gioco-aviator","status":"publish","type":"page","link":"https:\/\/aviator-crash.org\/it\/recensioni-del-gioco-aviator\/","title":{"rendered":"Recensioni del gioco Aviator"},"content":{"rendered":"\n<p>Aviator \u00e8 di gran lunga uno dei giochi online pi\u00f9 popolari.\nEcco perch\u00e9 sempre pi\u00f9 spesso nei motori di ricerca compaiono richieste di recensioni sul gioco Aviator a pagamento da parte di chi \u00e8 gi\u00e0 riuscito a provarlo e a scoprire quanto siano reali le possibilit\u00e0 di vincita. <\/p>\n\n<h2 class=\"wp-block-heading\">Il nostro pensiero sul gioco Aviator<\/h2>\n\n<p>Aviator Crash Game \u00e8 senza dubbio il miglior sviluppo di Spribe.\n\u00c8 unico, interessante, emozionante, capace di provocare un&#8217;ondata di sensazioni piacevoli negli amanti dell&#8217;eccitazione.\nUn grande vantaggio \u00e8 la natura a breve termine dei round: bastano pochi secondi di tensione e il giocatore pu\u00f2 diventare un vincitore, aumentando la sua puntata (10, 20 e forse 50 volte).\nL&#8217;importante \u00e8 riuscire a prelevare il denaro prima che l&#8217;aereo si schianti, ma \u00e8 necessario farlo al massimo delle probabilit\u00e0.   <\/p>\n\n<p>Questo gioco garantisce un&#8217;esplosione di emozioni anche agli appassionati di gioco pi\u00f9 sofisticati.\nPer questo motivo, questa macchina \u00e8 offerta da molti casin\u00f2 online: 1win, Pin Up, 1Xbet.\nLa slot presenta una grafica, una nitidezza e degli effetti sonori di prim&#8217;ordine.\nAnche noi troviamo questo gioco affascinante e, a nostro avviso, merita assolutamente di essere giocato.   <\/p>\n\n<h2 class=\"wp-block-heading\">Recensioni degli utenti sul gioco Aviator<\/h2>\n\n<p>Ci sono diverse recensioni di Aviator Crash Game da parte di giocatori reali su Internet.\nAlcuni lo ammirano, altri lo rimproverano per l&#8217;imprevedibilit\u00e0, i rischi e l&#8217;incapacit\u00e0 di realizzare una strategia vincente al 100%.\nTuttavia, spesso proprio in questo sta il bello del gioco d&#8217;azzardo.  <\/p>\n\n<p>Vi suggeriamo di trarre le vostre conclusioni.\nProvate questo gioco e condividete il vostro feedback lasciando una recensione qui sotto. <\/p>\n","protected":false},"excerpt":{"rendered":"<p>Aviator \u00e8 di gran lunga uno dei giochi online pi\u00f9 popolari. Ecco perch\u00e9 sempre pi\u00f9 spesso nei motori di ricerca compaiono richieste di recensioni sul gioco Aviator a pagamento da parte di chi \u00e8 gi\u00e0 riuscito a provarlo e a scoprire quanto siano reali le possibilit\u00e0 di vincita. Il nostro pensiero sul gioco Aviator Aviator [&hellip;]<\/p>\n","protected":false},"author":2,"featured_media":0,"parent":0,"menu_order":0,"comment_status":"closed","ping_status":"closed","template":"","meta":{"footnotes":""},"yoast_head":"<!-- This site is optimized with the Yoast SEO plugin v21.7 - https:\/\/yoast.com\/wordpress\/plugins\/seo\/ -->\n<title>Recensioni dei giocatori sul gioco Aviator<\/title>\n<meta name=\"description\" content=\"Le recensioni sul gioco d&#039;urto Aviator di giocatori reali vi permetteranno di conoscere tutti i pro e i contro dell&#039;apparecchio. Le regole di base della macchina e le sfumature della gestione.\" \/>\n<meta name=\"robots\" content=\"index, follow, max-snippet:-1, max-image-preview:large, max-video-preview:-1\" \/>\n<link rel=\"canonical\" href=\"https:\/\/aviator-crash.org\/it\/recensioni-del-gioco-aviator\/\" \/>\n<meta property=\"og:locale\" content=\"it_IT\" \/>\n<meta property=\"og:type\" content=\"article\" \/>\n<meta property=\"og:title\" content=\"Recensioni dei giocatori sul gioco Aviator\" \/>\n<meta property=\"og:description\" content=\"Le recensioni sul gioco d&#039;urto Aviator di giocatori reali vi permetteranno di conoscere tutti i pro e i contro dell&#039;apparecchio. Le regole di base della macchina e le sfumature della gestione.\" \/>\n<meta property=\"og:url\" content=\"https:\/\/aviator-crash.org\/it\/recensioni-del-gioco-aviator\/\" \/>\n<meta property=\"article:modified_time\" content=\"2024-02-02T17:47:22+00:00\" \/>\n<meta name=\"twitter:card\" content=\"summary_large_image\" \/>\n<meta name=\"twitter:label1\" content=\"Est. reading time\" \/>\n\t<meta name=\"twitter:data1\" content=\"1 minuto\" \/>\n<script type=\"application\/ld+json\" class=\"yoast-schema-graph\">{\"@context\":\"https:\/\/schema.org\",\"@graph\":[{\"@type\":\"WebPage\",\"@id\":\"https:\/\/aviator-crash.org\/it\/recensioni-del-gioco-aviator\/\",\"url\":\"https:\/\/aviator-crash.org\/it\/recensioni-del-gioco-aviator\/\",\"name\":\"Recensioni dei giocatori sul gioco Aviator\",\"isPartOf\":{\"@id\":\"https:\/\/aviator-crash.org\/it\/#website\"},\"datePublished\":\"2023-12-22T18:32:01+00:00\",\"dateModified\":\"2024-02-02T17:47:22+00:00\",\"description\":\"Le recensioni sul gioco d'urto Aviator di giocatori reali vi permetteranno di conoscere tutti i pro e i contro dell'apparecchio. Le regole di base della macchina e le sfumature della gestione.\",\"breadcrumb\":{\"@id\":\"https:\/\/aviator-crash.org\/it\/recensioni-del-gioco-aviator\/#breadcrumb\"},\"inLanguage\":\"it-IT\",\"potentialAction\":[{\"@type\":\"ReadAction\",\"target\":[\"https:\/\/aviator-crash.org\/it\/recensioni-del-gioco-aviator\/\"]}]},{\"@type\":\"BreadcrumbList\",\"@id\":\"https:\/\/aviator-crash.org\/it\/recensioni-del-gioco-aviator\/#breadcrumb\",\"itemListElement\":[{\"@type\":\"ListItem\",\"position\":1,\"name\":\"Home\",\"item\":\"https:\/\/aviator-crash.org\/it\/aviator-gioco-online-per-soldi-veri\/\"},{\"@type\":\"ListItem\",\"position\":2,\"name\":\"Recensioni del gioco Aviator\"}]},{\"@type\":\"WebSite\",\"@id\":\"https:\/\/aviator-crash.org\/it\/#website\",\"url\":\"https:\/\/aviator-crash.org\/it\/\",\"name\":\"\",\"description\":\"\",\"potentialAction\":[{\"@type\":\"SearchAction\",\"target\":{\"@type\":\"EntryPoint\",\"urlTemplate\":\"https:\/\/aviator-crash.org\/it\/?s={search_term_string}\"},\"query-input\":\"required name=search_term_string\"}],\"inLanguage\":\"it-IT\"}]}<\/script>\n<!-- \/ Yoast SEO plugin. -->","yoast_head_json":{"title":"Recensioni dei giocatori sul gioco Aviator","description":"Le recensioni sul gioco d'urto Aviator di giocatori reali vi permetteranno di conoscere tutti i pro e i contro dell'apparecchio. Le regole di base della macchina e le sfumature della gestione.","robots":{"index":"index","follow":"follow","max-snippet":"max-snippet:-1","max-image-preview":"max-image-preview:large","max-video-preview":"max-video-preview:-1"},"canonical":"https:\/\/aviator-crash.org\/it\/recensioni-del-gioco-aviator\/","og_locale":"it_IT","og_type":"article","og_title":"Recensioni dei giocatori sul gioco Aviator","og_description":"Le recensioni sul gioco d'urto Aviator di giocatori reali vi permetteranno di conoscere tutti i pro e i contro dell'apparecchio. Le regole di base della macchina e le sfumature della gestione.","og_url":"https:\/\/aviator-crash.org\/it\/recensioni-del-gioco-aviator\/","article_modified_time":"2024-02-02T17:47:22+00:00","twitter_card":"summary_large_image","twitter_misc":{"Est. reading time":"1 minuto"},"schema":{"@context":"https:\/\/schema.org","@graph":[{"@type":"WebPage","@id":"https:\/\/aviator-crash.org\/it\/recensioni-del-gioco-aviator\/","url":"https:\/\/aviator-crash.org\/it\/recensioni-del-gioco-aviator\/","name":"Recensioni dei giocatori sul gioco Aviator","isPartOf":{"@id":"https:\/\/aviator-crash.org\/it\/#website"},"datePublished":"2023-12-22T18:32:01+00:00","dateModified":"2024-02-02T17:47:22+00:00","description":"Le recensioni sul gioco d'urto Aviator di giocatori reali vi permetteranno di conoscere tutti i pro e i contro dell'apparecchio. Le regole di base della macchina e le sfumature della gestione.","breadcrumb":{"@id":"https:\/\/aviator-crash.org\/it\/recensioni-del-gioco-aviator\/#breadcrumb"},"inLanguage":"it-IT","potentialAction":[{"@type":"ReadAction","target":["https:\/\/aviator-crash.org\/it\/recensioni-del-gioco-aviator\/"]}]},{"@type":"BreadcrumbList","@id":"https:\/\/aviator-crash.org\/it\/recensioni-del-gioco-aviator\/#breadcrumb","itemListElement":[{"@type":"ListItem","position":1,"name":"Home","item":"https:\/\/aviator-crash.org\/it\/aviator-gioco-online-per-soldi-veri\/"},{"@type":"ListItem","position":2,"name":"Recensioni del gioco Aviator"}]},{"@type":"WebSite","@id":"https:\/\/aviator-crash.org\/it\/#website","url":"https:\/\/aviator-crash.org\/it\/","name":"","description":"","potentialAction":[{"@type":"SearchAction","target":{"@type":"EntryPoint","urlTemplate":"https:\/\/aviator-crash.org\/it\/?s={search_term_string}"},"query-input":"required name=search_term_string"}],"inLanguage":"it-IT"}]}},"_links":{"self":[{"href":"https:\/\/aviator-crash.org\/it\/wp-json\/wp\/v2\/pages\/2461"}],"collection":[{"href":"https:\/\/aviator-crash.org\/it\/wp-json\/wp\/v2\/pages"}],"about":[{"href":"https:\/\/aviator-crash.org\/it\/wp-json\/wp\/v2\/types\/page"}],"author":[{"embeddable":true,"href":"https:\/\/aviator-crash.org\/it\/wp-json\/wp\/v2\/users\/2"}],"replies":[{"embeddable":true,"href":"https:\/\/aviator-crash.org\/it\/wp-json\/wp\/v2\/comments?post=2461"}],"version-history":[{"count":1,"href":"https:\/\/aviator-crash.org\/it\/wp-json\/wp\/v2\/pages\/2461\/revisions"}],"predecessor-version":[{"id":2462,"href":"https:\/\/aviator-crash.org\/it\/wp-json\/wp\/v2\/pages\/2461\/revisions\/2462"}],"wp:attachment":[{"href":"https:\/\/aviator-crash.org\/it\/wp-json\/wp\/v2\/media?parent=2461"}],"curies":[{"name":"wp","href":"https:\/\/api.w.org\/{rel}","templated":true}]}}