{"id":2493,"date":"2023-12-27T19:09:40","date_gmt":"2023-12-27T19:09:40","guid":{"rendered":"https:\/\/aviator-crash.org\/giochi-come-aviator-per-soldi\/"},"modified":"2024-02-02T17:54:52","modified_gmt":"2024-02-02T17:54:52","slug":"giochi-come-aviator-per-soldi","status":"publish","type":"page","link":"https:\/\/aviator-crash.org\/it\/giochi-come-aviator-per-soldi\/","title":{"rendered":"Giochi come Aviator per soldi"},"content":{"rendered":"\n<p>Aviator \u00e8 un gioco unico, uno dei primi videogiochi a pagamento del genere &#8220;crash&#8221;, la cui comparsa ha fatto scalpore nel gioco d&#8217;azzardo online.\n\u00c8 dinamico, eccitante, con turni brevi, che sono abbastanza per una potente scarica di adrenalina e per ottenere emozioni vivaci.\nMa un giocatore sofisticato \u00e8 sempre affascinato dalla variet\u00e0, quindi oggi la richiesta di analoghi del gioco Aviator \u00e8 aumentata rapidamente.\nComprendendo ci\u00f2, i principali sviluppatori hanno enfatizzato la presentazione di prodotti simili con l&#8217;uso di un gameplay innovativo.   <\/p>\n\n<h2 class=\"wp-block-heading\">Lucky Jet \u00e8 un analogo del gioco Aviator.<\/h2>\n\n<p>Lucky Jet \u00e8 un gioco in denaro simile ad Aviator che sta guadagnando rapidamente popolarit\u00e0, presentato dal casin\u00f2 online 1win e appartenente a quelli colorati.\nSi tratta di un gioco simile ad Aviator, ma al posto dell&#8217;aereo c&#8217;\u00e8 Lucky Joe e il suo zaino da tenere d&#8217;occhio.\nAnche in questo caso le puntate vengono piazzate prima dell&#8217;inizio del giro, poi viene attivato un moltiplicatore e bisogna riuscire a riscuotere le vincite prima che Joe voli via.  <\/p>\n\n<p>Le quote di Lucky Jet sono diverse.\n\u00c8 possibile accettare la scommessa moltiplicata per 3, oppure attendere un aumento di 50, 100 e persino 200 volte.\nCome dimostrano le statistiche, le quote elevate sono comuni.\nMa solo il giocatore dipende da quanta pazienza ha e se riesce a prevedere correttamente la durata del giro.   <\/p>\n\n<h2 class=\"wp-block-heading\">Jet X \u00e8 un altro gioco di tipo Aviator<\/h2>\n\n<p>Il prossimo gioco come Aviator che sta guadagnando attivamente popolarit\u00e0 \u00e8 Jet X, presentato da Smartsoft Gaming.\nSi tratta di un gioco multiplayer, simile nella sostanza ad Aviator, perch\u00e9.\nin cui bisogna anche seguire l&#8217;aereo che guadagna quota.\nLa differenza sta nel fatto che il punto di decollo viene monitorato, ossia.\npi\u00f9 \u00e8 alto, pi\u00f9 il giocatore vincer\u00e0 aumentando le probabilit\u00e0.\nTuttavia, se il giocatore non riesce a ritirare il denaro prima che l&#8217;aereo voli via, perder\u00e0 e perder\u00e0 tutto.     <\/p>\n\n<p>Il gioco \u00e8 emozionante, soddisfa l&#8217;equilibrio di adrenalina ed eccitazione, cos\u00ec come i &#8220;gettoni&#8221; speciali.\nAd esempio: <\/p>\n\n<ul>\n<li>C&#8217;\u00e8 una funzione bonus che prevede l&#8217;estrazione di un jackpot.<\/li>\n\n\n\n<li>\u00c8 stato fissato un incasso minimo con quota 1,1.<\/li>\n\n\n\n<li>Il moltiplicatore funziona fino a pi\u00f9 infinito.<\/li>\n<\/ul>\n\n<h2 class=\"wp-block-heading\">Rocket X.<\/h2>\n\n<p>Anche Rocket X \u00e8 una variante del gioco simile ad Aviator presentato da Slotegrator.\nAttrae un&#8217;interfaccia grafica veloce, una funzionalit\u00e0 unica, la capacit\u00e0 di dare al giocatore un sacco di emozioni brillanti.\nIn esso, la trama \u00e8 costruita sul decollo del razzo, che sta cercando di trattenere un giovane uomo.\nNel corso di ogni turno funzionano scommesse moltiplicatrici, per cui \u00e8 possibile ottenere l&#8217;importo moltiplicato per 100 e anche di pi\u00f9.   <\/p>\n\n<p>In questo gioco ci sono delle impostazioni:<\/p>\n\n<ul>\n<li>Autostraddle.<\/li>\n\n\n\n<li>Autopinions.<\/li>\n<\/ul>\n\n<p>\u00c8 possibile utilizzare sia strategie moderate che aggressive.\nAllo stesso tempo, non esiste una singola strategia di vincita garantita, tutto si basa sul sistema casuale, cio\u00e8 sulla fortuna.\nLa fortuna determiner\u00e0 tutto.  <\/p>\n\n<h2 class=\"wp-block-heading\">Spazio XY.<\/h2>\n\n<p>Space XY \u00e8 anche un&#8217;ottima opzione per chi \u00e8 interessato a un gioco in denaro simile ad Aviator.\nIn questo gioco, i giocatori dovranno lanciare non un aereo, ma un razzo.\nL&#8217;interfaccia \u00e8 sobria, laconica.\nLe scommesse vengono fatte sul prossimo giro, durante il quale il giocatore dovr\u00e0 assistere al volo del suo razzo.\nTuttavia, il razzo pu\u00f2 improvvisamente scomparire dal radar, andare fuori rotta ed esplodere, e quando ci\u00f2 accade le scommesse sono perse.\nIl compito del giocatore \u00e8 quello di &#8220;saltare&#8221; gi\u00f9 dal razzo in tempo, cio\u00e8 di prendere la palla al balzo.\ncome in altri giochi simili, prendere i soldi prima che esploda.      <\/p>\n\n<h2 class=\"wp-block-heading\">Contanti o incidenti.<\/h2>\n\n<p>Cash or Crash, pur essendo un analogo di Aviator, si differenzia per il fatto di essere un intero game show e di essere un gioco dal vivo, integrato con la realt\u00e0.\nLa trama si sviluppa all&#8217;interno del dirigibile virtuale, dove \u00e8 presente una scala di 20 gradini.\nIl movimento su di essa aiuta a sollevare il dirigibile e ad allontanarlo sempre di pi\u00f9 dalla Terra.\nQuando si sale sulla scala si accendono delle palline verdi, ognuna delle quali porta alla vittoria e aumenta le vincite, ma non appena si accende quella rossa il giocatore si schianta e perde tutto.   <\/p>\n\n<p>Caratteristiche:<\/p>\n\n<ul>\n<li>\u00c8 possibile aumentare le scommesse fino a 50.000 volte.<\/li>\n\n\n\n<li>C&#8217;\u00e8 anche una sfera d&#8217;oro che garantisce una vita extra.<\/li>\n<\/ul>\n\n<h2 class=\"wp-block-heading\">Tracciare le conclusioni<\/h2>\n\n<p>Aviator e giochi simili sono una grande opportunit\u00e0 per rilassarsi, riposare, liberarsi della negativit\u00e0 accumulata nella giornata.\nAllo stesso tempo, ogni giocatore persegue il proprio significato: <\/p>\n\n<ul>\n<li>Divertitevi e soddisfate l&#8217;eccitazione.<\/li>\n\n\n\n<li>Guadagnare denaro.<\/li>\n<\/ul>\n\n<p>Quale gioco di tipo Aviator per soldi scegliere e con quale scopo giocare &#8211; dipende da voi, l&#8217;importante \u00e8 essere in grado di controllarsi e attenersi alla strategia scelta.\nUn&#8217;ampia selezione di slot \u00e8 una grande opportunit\u00e0 per diversificare il tempo libero anche del giocatore pi\u00f9 sofisticato. <\/p>\n","protected":false},"excerpt":{"rendered":"<p>Aviator \u00e8 un gioco unico, uno dei primi videogiochi a pagamento del genere &#8220;crash&#8221;, la cui comparsa ha fatto scalpore nel gioco d&#8217;azzardo online. \u00c8 dinamico, eccitante, con turni brevi, che sono abbastanza per una potente scarica di adrenalina e per ottenere emozioni vivaci. Ma un giocatore sofisticato \u00e8 sempre affascinato dalla variet\u00e0, quindi oggi [&hellip;]<\/p>\n","protected":false},"author":2,"featured_media":0,"parent":0,"menu_order":0,"comment_status":"closed","ping_status":"closed","template":"","meta":{"footnotes":""},"yoast_head":"<!-- This site is optimized with the Yoast SEO plugin v21.7 - https:\/\/yoast.com\/wordpress\/plugins\/seo\/ -->\n<title>Giochi di soldi simili a Aviator (giochi simili e analoghi a Aviator)<\/title>\n<meta name=\"description\" content=\"Recensione di giochi d&#039;urto come il famoso &quot;Aviator&quot; a pagamento. Date un&#039;occhiata alle varianti pi\u00f9 importanti e scegliete quella che vi caricher\u00e0 di nuove emozioni ed eccitazioni e, se la fortuna vi sar\u00e0 favorevole, di una solida vincita!\" \/>\n<meta name=\"robots\" content=\"index, follow, max-snippet:-1, max-image-preview:large, max-video-preview:-1\" \/>\n<link rel=\"canonical\" href=\"https:\/\/aviator-crash.org\/it\/giochi-come-aviator-per-soldi\/\" \/>\n<meta property=\"og:locale\" content=\"it_IT\" \/>\n<meta property=\"og:type\" content=\"article\" \/>\n<meta property=\"og:title\" content=\"Giochi di soldi simili a Aviator (giochi simili e analoghi a Aviator)\" \/>\n<meta property=\"og:description\" content=\"Recensione di giochi d&#039;urto come il famoso &quot;Aviator&quot; a pagamento. Date un&#039;occhiata alle varianti pi\u00f9 importanti e scegliete quella che vi caricher\u00e0 di nuove emozioni ed eccitazioni e, se la fortuna vi sar\u00e0 favorevole, di una solida vincita!\" \/>\n<meta property=\"og:url\" content=\"https:\/\/aviator-crash.org\/it\/giochi-come-aviator-per-soldi\/\" \/>\n<meta property=\"article:modified_time\" content=\"2024-02-02T17:54:52+00:00\" \/>\n<meta name=\"twitter:card\" content=\"summary_large_image\" \/>\n<meta name=\"twitter:label1\" content=\"Est. reading time\" \/>\n\t<meta name=\"twitter:data1\" content=\"4 minuti\" \/>\n<script type=\"application\/ld+json\" class=\"yoast-schema-graph\">{\"@context\":\"https:\/\/schema.org\",\"@graph\":[{\"@type\":\"WebPage\",\"@id\":\"https:\/\/aviator-crash.org\/it\/giochi-come-aviator-per-soldi\/\",\"url\":\"https:\/\/aviator-crash.org\/it\/giochi-come-aviator-per-soldi\/\",\"name\":\"Giochi di soldi simili a Aviator (giochi simili e analoghi a Aviator)\",\"isPartOf\":{\"@id\":\"https:\/\/aviator-crash.org\/it\/#website\"},\"datePublished\":\"2023-12-27T19:09:40+00:00\",\"dateModified\":\"2024-02-02T17:54:52+00:00\",\"description\":\"Recensione di giochi d'urto come il famoso \\\"Aviator\\\" a pagamento. Date un'occhiata alle varianti pi\u00f9 importanti e scegliete quella che vi caricher\u00e0 di nuove emozioni ed eccitazioni e, se la fortuna vi sar\u00e0 favorevole, di una solida vincita!\",\"breadcrumb\":{\"@id\":\"https:\/\/aviator-crash.org\/it\/giochi-come-aviator-per-soldi\/#breadcrumb\"},\"inLanguage\":\"it-IT\",\"potentialAction\":[{\"@type\":\"ReadAction\",\"target\":[\"https:\/\/aviator-crash.org\/it\/giochi-come-aviator-per-soldi\/\"]}]},{\"@type\":\"BreadcrumbList\",\"@id\":\"https:\/\/aviator-crash.org\/it\/giochi-come-aviator-per-soldi\/#breadcrumb\",\"itemListElement\":[{\"@type\":\"ListItem\",\"position\":1,\"name\":\"Home\",\"item\":\"https:\/\/aviator-crash.org\/it\/aviator-gioco-online-per-soldi-veri\/\"},{\"@type\":\"ListItem\",\"position\":2,\"name\":\"Giochi come Aviator per soldi\"}]},{\"@type\":\"WebSite\",\"@id\":\"https:\/\/aviator-crash.org\/it\/#website\",\"url\":\"https:\/\/aviator-crash.org\/it\/\",\"name\":\"\",\"description\":\"\",\"potentialAction\":[{\"@type\":\"SearchAction\",\"target\":{\"@type\":\"EntryPoint\",\"urlTemplate\":\"https:\/\/aviator-crash.org\/it\/?s={search_term_string}\"},\"query-input\":\"required name=search_term_string\"}],\"inLanguage\":\"it-IT\"}]}<\/script>\n<!-- \/ Yoast SEO plugin. -->","yoast_head_json":{"title":"Giochi di soldi simili a Aviator (giochi simili e analoghi a Aviator)","description":"Recensione di giochi d'urto come il famoso \"Aviator\" a pagamento. Date un'occhiata alle varianti pi\u00f9 importanti e scegliete quella che vi caricher\u00e0 di nuove emozioni ed eccitazioni e, se la fortuna vi sar\u00e0 favorevole, di una solida vincita!","robots":{"index":"index","follow":"follow","max-snippet":"max-snippet:-1","max-image-preview":"max-image-preview:large","max-video-preview":"max-video-preview:-1"},"canonical":"https:\/\/aviator-crash.org\/it\/giochi-come-aviator-per-soldi\/","og_locale":"it_IT","og_type":"article","og_title":"Giochi di soldi simili a Aviator (giochi simili e analoghi a Aviator)","og_description":"Recensione di giochi d'urto come il famoso \"Aviator\" a pagamento. Date un'occhiata alle varianti pi\u00f9 importanti e scegliete quella che vi caricher\u00e0 di nuove emozioni ed eccitazioni e, se la fortuna vi sar\u00e0 favorevole, di una solida vincita!","og_url":"https:\/\/aviator-crash.org\/it\/giochi-come-aviator-per-soldi\/","article_modified_time":"2024-02-02T17:54:52+00:00","twitter_card":"summary_large_image","twitter_misc":{"Est. reading time":"4 minuti"},"schema":{"@context":"https:\/\/schema.org","@graph":[{"@type":"WebPage","@id":"https:\/\/aviator-crash.org\/it\/giochi-come-aviator-per-soldi\/","url":"https:\/\/aviator-crash.org\/it\/giochi-come-aviator-per-soldi\/","name":"Giochi di soldi simili a Aviator (giochi simili e analoghi a Aviator)","isPartOf":{"@id":"https:\/\/aviator-crash.org\/it\/#website"},"datePublished":"2023-12-27T19:09:40+00:00","dateModified":"2024-02-02T17:54:52+00:00","description":"Recensione di giochi d'urto come il famoso \"Aviator\" a pagamento. Date un'occhiata alle varianti pi\u00f9 importanti e scegliete quella che vi caricher\u00e0 di nuove emozioni ed eccitazioni e, se la fortuna vi sar\u00e0 favorevole, di una solida vincita!","breadcrumb":{"@id":"https:\/\/aviator-crash.org\/it\/giochi-come-aviator-per-soldi\/#breadcrumb"},"inLanguage":"it-IT","potentialAction":[{"@type":"ReadAction","target":["https:\/\/aviator-crash.org\/it\/giochi-come-aviator-per-soldi\/"]}]},{"@type":"BreadcrumbList","@id":"https:\/\/aviator-crash.org\/it\/giochi-come-aviator-per-soldi\/#breadcrumb","itemListElement":[{"@type":"ListItem","position":1,"name":"Home","item":"https:\/\/aviator-crash.org\/it\/aviator-gioco-online-per-soldi-veri\/"},{"@type":"ListItem","position":2,"name":"Giochi come Aviator per soldi"}]},{"@type":"WebSite","@id":"https:\/\/aviator-crash.org\/it\/#website","url":"https:\/\/aviator-crash.org\/it\/","name":"","description":"","potentialAction":[{"@type":"SearchAction","target":{"@type":"EntryPoint","urlTemplate":"https:\/\/aviator-crash.org\/it\/?s={search_term_string}"},"query-input":"required name=search_term_string"}],"inLanguage":"it-IT"}]}},"_links":{"self":[{"href":"https:\/\/aviator-crash.org\/it\/wp-json\/wp\/v2\/pages\/2493"}],"collection":[{"href":"https:\/\/aviator-crash.org\/it\/wp-json\/wp\/v2\/pages"}],"about":[{"href":"https:\/\/aviator-crash.org\/it\/wp-json\/wp\/v2\/types\/page"}],"author":[{"embeddable":true,"href":"https:\/\/aviator-crash.org\/it\/wp-json\/wp\/v2\/users\/2"}],"replies":[{"embeddable":true,"href":"https:\/\/aviator-crash.org\/it\/wp-json\/wp\/v2\/comments?post=2493"}],"version-history":[{"count":1,"href":"https:\/\/aviator-crash.org\/it\/wp-json\/wp\/v2\/pages\/2493\/revisions"}],"predecessor-version":[{"id":2494,"href":"https:\/\/aviator-crash.org\/it\/wp-json\/wp\/v2\/pages\/2493\/revisions\/2494"}],"wp:attachment":[{"href":"https:\/\/aviator-crash.org\/it\/wp-json\/wp\/v2\/media?parent=2493"}],"curies":[{"name":"wp","href":"https:\/\/api.w.org\/{rel}","templated":true}]}}