{"id":2580,"date":"2023-12-27T19:40:59","date_gmt":"2023-12-27T19:40:59","guid":{"rendered":"https:\/\/aviator-crash.org\/gioca-a-rocket-x\/"},"modified":"2024-02-02T18:05:35","modified_gmt":"2024-02-02T18:05:35","slug":"gioca-a-rocket-x","status":"publish","type":"page","link":"https:\/\/aviator-crash.org\/it\/gioca-a-rocket-x\/","title":{"rendered":"Gioca a Rocket X"},"content":{"rendered":"\n<figure class=\"wp-block-gallery has-nested-images columns-default is-cropped wp-block-gallery-1 is-layout-flex wp-block-gallery-is-layout-flex\">\n<figure class=\"wp-block-image size-large\"><span itemprop=\"image\" itemscope itemtype=\"https:\/\/schema.org\/ImageObject\"><img itemprop=\"url image\" loading=\"lazy\" decoding=\"async\" width=\"1024\" height=\"761\" data-id=\"472\" src=\"https:\/\/aviator-crash.org\/wp-content\/uploads\/2024\/01\/rocket-x-1024x761.webp\" alt=\"\" class=\"wp-image-472\" srcset=\"https:\/\/aviator-crash.org\/wp-content\/uploads\/2024\/01\/rocket-x-1024x761.webp 1024w, https:\/\/aviator-crash.org\/wp-content\/uploads\/2024\/01\/rocket-x-300x223.webp 300w, https:\/\/aviator-crash.org\/wp-content\/uploads\/2024\/01\/rocket-x-768x571.webp 768w, https:\/\/aviator-crash.org\/wp-content\/uploads\/2024\/01\/rocket-x.webp 1200w\" sizes=\"(max-width: 1024px) 100vw, 1024px\" \/><meta itemprop=\"width\" content=\"1024\"><meta itemprop=\"height\" content=\"761\"><\/span><\/figure>\n<\/figure>\n\n<p>Il gioco multiplayer Rocket X vi offre la possibilit\u00e0 di immergervi in un&#8217;avventura emozionante e di guadagnare denaro reale.\nPotete scaricarlo gratuitamente su qualsiasi dispositivo e divertirvi con un grande gioco sia da soli che insieme ai vostri amici e ad altri giocatori.\nPer farlo, basta andare sul portale ufficiale delle scommesse di One Win e scaricare gratuitamente il gioco Rocket X su Android.\nPer iniziare a giocare, basta accedere al proprio account personale registrandosi o effettuando il login.\nCi vorranno solo pochi minuti, ma potrete subito iniziare a giocare e divertirvi.    <\/p>\n\n<h2 class=\"wp-block-heading\"><strong>Vantaggi del gioco online Rocket X<\/strong><\/h2>\n\n<p>I giochi d&#8217;azzardo sono molto richiesti nel mondo moderno.\nPermettono di divertirsi e di guadagnare quasi tutte le somme di denaro senza uscire di casa.\nRocket X \u00e8 considerato uno dei pi\u00f9 popolari nel suo genere.\nQuesto gioco presenta numerosi vantaggi, tra cui i seguenti:   <\/p>\n\n<ul>\n<li>Le recensioni di Rocket X sono eccezionalmente positive, il che indica che questa applicazione \u00e8 estremamente popolare tra i giocatori di tutto il mondo.<\/li>\n\n\n\n<li>Modalit\u00e0 multigiocatore.\nLa possibilit\u00e0 di giocare in tempo reale, divertendosi con i propri amici o con altri utenti di tutto il mondo online. <\/li>\n\n\n\n<li>Corse dinamiche.\nIl gioco \u00e8 incentrato su corse veloci e dinamiche con una variet\u00e0 di tracciati e ostacoli. <\/li>\n\n\n\n<li>Luoghi unici.\nLuoghi di gioco diversi e colorati che offrono diverse condizioni di gara. <\/li>\n\n\n\n<li>Acrobazie e potenziamenti.\nLa possibilit\u00e0 di eseguire acrobazie e di migliorare la propria macchina volante con vari miglioramenti.\nTutto ci\u00f2 che dovete fare \u00e8 scaricare Rocket X sul vostro dispositivo e registrarvi.  <\/li>\n\n\n\n<li>Sistema di progressione.\nUn elaborato sistema di progressione con nuovi livelli, veicoli e altri contenuti sbloccati man mano che si procede nel gioco. <\/li>\n\n\n\n<li>Disponibilit\u00e0 di un gran numero di bonus.\nPossibilit\u00e0 di ottenere bonus, risultati e altre ricompense per il completamento dei livelli o per l&#8217;esecuzione di compiti speciali. <\/li>\n\n\n\n<li>Grafica eccellente e colonna sonora mozzafiato.\nGrafica e colonna sonora di qualit\u00e0 per creare un&#8217;atmosfera visiva e sonora di grande effetto. <\/li>\n<\/ul>\n\n<p>I numerosi vantaggi rendono questo gioco molto popolare tra gli appassionati di applicazioni di gioco d&#8217;azzardo.\nLe recensioni del gioco Rocket X sono per lo pi\u00f9 positive, il che conferma ancora una volta quanto detto sopra.\nSe volete divertirvi, questa applicazione \u00e8 la scelta migliore.  <\/p>\n\n<h2 class=\"wp-block-heading\">Come giocare a Rocket X<\/h2>\n\n<p>Un altro vantaggio di questo gioco \u00e8 che ha regole semplici e chiare, che possono essere comprese rapidamente da tutti.\nLa prima cosa da fare \u00e8 registrarsi o accedere al proprio armadietto personale.\nQuesta opzione \u00e8 estremamente comoda, poich\u00e9 tutti i progressi saranno salvati automaticamente.  <\/p>\n\n<p>Il secondo passo da compiere \u00e8 quello di finanziare il conto di gioco.\nQuindi, andare alla pagina e avviare il simulatore.\nIl gioco inizier\u00e0 dopo aver effettuato una scommessa.\nL&#8217;importo \u00e8 individuale e dipende esclusivamente dalle vostre preferenze e dalla vostra strategia.   <\/p>\n\n<p>Il sito ufficiale di Rocket X offre ampie possibilit\u00e0 di giocare.\nCi sono sia la modalit\u00e0 individuale che quella multigiocatore, che permettono di giocare online con gli amici o con altri giocatori sul Web.\nTutte le regole di base sono indicate sul sito.\nInoltre, \u00e8 possibile seguire la formazione prima di iniziare per comprendere meglio il gioco e iniziare a guadagnare fin dall&#8217;inizio.   <\/p>\n\n<p>Una volta piazzata la scommessa, non resta che attendere il risultato.\nIl processo \u00e8 piuttosto emozionante, poich\u00e9 i valori cambiano abbastanza rapidamente ed \u00e8 quasi impossibile prevedere quale sar\u00e0 il risultato finale. <\/p>\n\n<h2 class=\"wp-block-heading\">Come vincere a Rocket X<\/h2>\n\n<p>Come \u00e8 gi\u00e0 chiaro, \u00e8 estremamente importante scegliere il momento giusto del gioco, in modo da non bruciare le scommesse e ottenere quote il pi\u00f9 possibile favorevoli.\nA questo scopo, una <em>strategia<\/em> personalizzata per <em>Rocket X<\/em> \u00e8 perfetta.\nPer svilupparla, \u00e8 sufficiente studiare le partite precedenti, analizzare i risultati e scegliere la metodologia di gioco pi\u00f9 redditizia.  <\/p>\n\n<p>La strategia di Rocket X \u00e8 vincente, poich\u00e9 si basa sull&#8217;esperienza precedente e aiuta a capire come funziona il sistema e come ottenere di conseguenza le percentuali di vincita pi\u00f9 alte.\nQuesto gioco dimostra che la fortuna da sola non basta per vincere.\nAnche il sistema di calcolo delle quote di Rocket X sar\u00e0 necessario.  <\/p>\n\n<h2 class=\"wp-block-heading\">Regole del gioco Rocket X<\/h2>\n\n<p>Al centro della storia c&#8217;\u00e8 un uomo famoso, Ilon Musk, o meglio la sua copia in cartone animato, che gli utenti controlleranno nel corso del gioco.\nQuesto gioco \u00e8 perfetto per chi ama le emozioni e i rischi.\nLe regole del gioco sono quasi identiche a quelle di altre applicazioni simili.\nPrima di iniziare il gioco Rocket X crash \u00e8 necessario piazzare le proprie scommesse e poi guardarle crescere.\n\u00c8 possibile ritirare la scommessa in qualsiasi momento, ma \u00e8 importante fare attenzione: se lo si fa troppo presto o troppo tardi, si perde.\n\u00c8 fondamentale scegliere il momento giusto.     <\/p>\n\n<p>Se pensate che il gioco sia piuttosto semplice e monotono, vi sbagliate.\nRischi elevati, puntate, dinamismo: tutto questo si pu\u00f2 trovare qui.\nPer maggiori informazioni sulle regole, consultare la pagina ufficiale.  <\/p>\n\n<h2 class=\"wp-block-heading\">Codici promozionali<\/h2>\n\n<p>I codici promozionali per il gioco d&#8217;azzardo possono essere forniti da piattaforme di gioco, casin\u00f2 o sviluppatori per attirare nuovi giocatori, premiare la fedelt\u00e0 o effettuare promozioni speciali.\nSe volete divertirvi e aumentare le vostre possibilit\u00e0 di vincita al gioco Rocket X 1win, potete facilmente approfittare dei codici promozionali disponibili.\nLi potete trovare in diverse fonti:  <\/p>\n\n<ul>\n<li>Il portale web ufficiale di One Win.<\/li>\n\n\n\n<li>Mailing list (per questo si consiglia di iscriversi alle mailing list dal sito non appena ci si iscrive).<\/li>\n\n\n\n<li>Social media e forum dedicati.<\/li>\n\n\n\n<li>Programmi di affiliazione.<\/li>\n<\/ul>\n\n<p>Ricordate che \u00e8 importante essere attenti e utilizzare i codici promozionali seguendo le regole e le condizioni del gioco per evitare malintesi e situazioni spiacevoli.<\/p>\n\n<h2 class=\"wp-block-heading\">Testimonianze<\/h2>\n\n<p>Considerando le recensioni degli utenti, possiamo concludere che questo gioco \u00e8 considerato uno dei pi\u00f9 popolari del suo genere con numerosi vantaggi e caratteristiche.\nEcco alcune recensioni di 1win Rocket X: <\/p>\n","protected":false},"excerpt":{"rendered":"<p>Il gioco multiplayer Rocket X vi offre la possibilit\u00e0 di immergervi in un&#8217;avventura emozionante e di guadagnare denaro reale. Potete scaricarlo gratuitamente su qualsiasi dispositivo e divertirvi con un grande gioco sia da soli che insieme ai vostri amici e ad altri giocatori. Per farlo, basta andare sul portale ufficiale delle scommesse di One Win [&hellip;]<\/p>\n","protected":false},"author":2,"featured_media":0,"parent":0,"menu_order":0,"comment_status":"open","ping_status":"closed","template":"","meta":{"footnotes":""},"yoast_head":"<!-- This site is optimized with the Yoast SEO plugin v21.7 - https:\/\/yoast.com\/wordpress\/plugins\/seo\/ -->\n<title>Gioco del casin\u00f2 Rocket X, download<\/title>\n<meta name=\"description\" content=\"Il miglior gioco di Rocket X con la possibilit\u00e0 di vincere denaro reale. Consultate la descrizione, studiate le caratteristiche e le funzionalit\u00e0 del gioco, scegliete la strategia migliore e partite per viaggi indimenticabili. Puntate alle grandi vincite!\" \/>\n<meta name=\"robots\" content=\"index, follow, max-snippet:-1, max-image-preview:large, max-video-preview:-1\" \/>\n<link rel=\"canonical\" href=\"https:\/\/aviator-crash.org\/it\/gioca-a-rocket-x\/\" \/>\n<meta property=\"og:locale\" content=\"it_IT\" \/>\n<meta property=\"og:type\" content=\"article\" \/>\n<meta property=\"og:title\" content=\"Gioco del casin\u00f2 Rocket X, download\" \/>\n<meta property=\"og:description\" content=\"Il miglior gioco di Rocket X con la possibilit\u00e0 di vincere denaro reale. Consultate la descrizione, studiate le caratteristiche e le funzionalit\u00e0 del gioco, scegliete la strategia migliore e partite per viaggi indimenticabili. Puntate alle grandi vincite!\" \/>\n<meta property=\"og:url\" content=\"https:\/\/aviator-crash.org\/it\/gioca-a-rocket-x\/\" \/>\n<meta property=\"article:modified_time\" content=\"2024-02-02T18:05:35+00:00\" \/>\n<meta property=\"og:image\" content=\"https:\/\/aviator-crash.org\/wp-content\/uploads\/2024\/01\/rocket-x-1024x761.webp\" \/>\n<meta name=\"twitter:card\" content=\"summary_large_image\" \/>\n<meta name=\"twitter:label1\" content=\"Est. reading time\" \/>\n\t<meta name=\"twitter:data1\" content=\"5 minuti\" \/>\n<script type=\"application\/ld+json\" class=\"yoast-schema-graph\">{\"@context\":\"https:\/\/schema.org\",\"@graph\":[{\"@type\":\"WebPage\",\"@id\":\"https:\/\/aviator-crash.org\/it\/gioca-a-rocket-x\/\",\"url\":\"https:\/\/aviator-crash.org\/it\/gioca-a-rocket-x\/\",\"name\":\"Gioco del casin\u00f2 Rocket X, download\",\"isPartOf\":{\"@id\":\"https:\/\/aviator-crash.org\/it\/#website\"},\"datePublished\":\"2023-12-27T19:40:59+00:00\",\"dateModified\":\"2024-02-02T18:05:35+00:00\",\"description\":\"Il miglior gioco di Rocket X con la possibilit\u00e0 di vincere denaro reale. Consultate la descrizione, studiate le caratteristiche e le funzionalit\u00e0 del gioco, scegliete la strategia migliore e partite per viaggi indimenticabili. Puntate alle grandi vincite!\",\"breadcrumb\":{\"@id\":\"https:\/\/aviator-crash.org\/it\/gioca-a-rocket-x\/#breadcrumb\"},\"inLanguage\":\"it-IT\",\"potentialAction\":[{\"@type\":\"ReadAction\",\"target\":[\"https:\/\/aviator-crash.org\/it\/gioca-a-rocket-x\/\"]}]},{\"@type\":\"BreadcrumbList\",\"@id\":\"https:\/\/aviator-crash.org\/it\/gioca-a-rocket-x\/#breadcrumb\",\"itemListElement\":[{\"@type\":\"ListItem\",\"position\":1,\"name\":\"Home\",\"item\":\"https:\/\/aviator-crash.org\/it\/aviator-gioco-online-per-soldi-veri\/\"},{\"@type\":\"ListItem\",\"position\":2,\"name\":\"Gioca a Rocket X\"}]},{\"@type\":\"WebSite\",\"@id\":\"https:\/\/aviator-crash.org\/it\/#website\",\"url\":\"https:\/\/aviator-crash.org\/it\/\",\"name\":\"\",\"description\":\"\",\"potentialAction\":[{\"@type\":\"SearchAction\",\"target\":{\"@type\":\"EntryPoint\",\"urlTemplate\":\"https:\/\/aviator-crash.org\/it\/?s={search_term_string}\"},\"query-input\":\"required name=search_term_string\"}],\"inLanguage\":\"it-IT\"}]}<\/script>\n<!-- \/ Yoast SEO plugin. -->","yoast_head_json":{"title":"Gioco del casin\u00f2 Rocket X, download","description":"Il miglior gioco di Rocket X con la possibilit\u00e0 di vincere denaro reale. Consultate la descrizione, studiate le caratteristiche e le funzionalit\u00e0 del gioco, scegliete la strategia migliore e partite per viaggi indimenticabili. Puntate alle grandi vincite!","robots":{"index":"index","follow":"follow","max-snippet":"max-snippet:-1","max-image-preview":"max-image-preview:large","max-video-preview":"max-video-preview:-1"},"canonical":"https:\/\/aviator-crash.org\/it\/gioca-a-rocket-x\/","og_locale":"it_IT","og_type":"article","og_title":"Gioco del casin\u00f2 Rocket X, download","og_description":"Il miglior gioco di Rocket X con la possibilit\u00e0 di vincere denaro reale. Consultate la descrizione, studiate le caratteristiche e le funzionalit\u00e0 del gioco, scegliete la strategia migliore e partite per viaggi indimenticabili. Puntate alle grandi vincite!","og_url":"https:\/\/aviator-crash.org\/it\/gioca-a-rocket-x\/","article_modified_time":"2024-02-02T18:05:35+00:00","og_image":[{"url":"https:\/\/aviator-crash.org\/wp-content\/uploads\/2024\/01\/rocket-x-1024x761.webp"}],"twitter_card":"summary_large_image","twitter_misc":{"Est. reading time":"5 minuti"},"schema":{"@context":"https:\/\/schema.org","@graph":[{"@type":"WebPage","@id":"https:\/\/aviator-crash.org\/it\/gioca-a-rocket-x\/","url":"https:\/\/aviator-crash.org\/it\/gioca-a-rocket-x\/","name":"Gioco del casin\u00f2 Rocket X, download","isPartOf":{"@id":"https:\/\/aviator-crash.org\/it\/#website"},"datePublished":"2023-12-27T19:40:59+00:00","dateModified":"2024-02-02T18:05:35+00:00","description":"Il miglior gioco di Rocket X con la possibilit\u00e0 di vincere denaro reale. Consultate la descrizione, studiate le caratteristiche e le funzionalit\u00e0 del gioco, scegliete la strategia migliore e partite per viaggi indimenticabili. Puntate alle grandi vincite!","breadcrumb":{"@id":"https:\/\/aviator-crash.org\/it\/gioca-a-rocket-x\/#breadcrumb"},"inLanguage":"it-IT","potentialAction":[{"@type":"ReadAction","target":["https:\/\/aviator-crash.org\/it\/gioca-a-rocket-x\/"]}]},{"@type":"BreadcrumbList","@id":"https:\/\/aviator-crash.org\/it\/gioca-a-rocket-x\/#breadcrumb","itemListElement":[{"@type":"ListItem","position":1,"name":"Home","item":"https:\/\/aviator-crash.org\/it\/aviator-gioco-online-per-soldi-veri\/"},{"@type":"ListItem","position":2,"name":"Gioca a Rocket X"}]},{"@type":"WebSite","@id":"https:\/\/aviator-crash.org\/it\/#website","url":"https:\/\/aviator-crash.org\/it\/","name":"","description":"","potentialAction":[{"@type":"SearchAction","target":{"@type":"EntryPoint","urlTemplate":"https:\/\/aviator-crash.org\/it\/?s={search_term_string}"},"query-input":"required name=search_term_string"}],"inLanguage":"it-IT"}]}},"_links":{"self":[{"href":"https:\/\/aviator-crash.org\/it\/wp-json\/wp\/v2\/pages\/2580"}],"collection":[{"href":"https:\/\/aviator-crash.org\/it\/wp-json\/wp\/v2\/pages"}],"about":[{"href":"https:\/\/aviator-crash.org\/it\/wp-json\/wp\/v2\/types\/page"}],"author":[{"embeddable":true,"href":"https:\/\/aviator-crash.org\/it\/wp-json\/wp\/v2\/users\/2"}],"replies":[{"embeddable":true,"href":"https:\/\/aviator-crash.org\/it\/wp-json\/wp\/v2\/comments?post=2580"}],"version-history":[{"count":1,"href":"https:\/\/aviator-crash.org\/it\/wp-json\/wp\/v2\/pages\/2580\/revisions"}],"predecessor-version":[{"id":2582,"href":"https:\/\/aviator-crash.org\/it\/wp-json\/wp\/v2\/pages\/2580\/revisions\/2582"}],"wp:attachment":[{"href":"https:\/\/aviator-crash.org\/it\/wp-json\/wp\/v2\/media?parent=2580"}],"curies":[{"name":"wp","href":"https:\/\/api.w.org\/{rel}","templated":true}]}}