{"id":3048,"date":"2023-12-27T19:58:01","date_gmt":"2023-12-27T19:58:01","guid":{"rendered":"https:\/\/aviator-crash.org\/gioca-a-cash-or-crash\/"},"modified":"2024-02-02T19:35:22","modified_gmt":"2024-02-02T19:35:22","slug":"gioca-a-cash-or-crash","status":"publish","type":"page","link":"https:\/\/aviator-crash.org\/it\/gioca-a-cash-or-crash\/","title":{"rendered":"Gioca a Cash or Crash"},"content":{"rendered":"\n<figure class=\"wp-block-gallery has-nested-images columns-default is-cropped wp-block-gallery-1 is-layout-flex wp-block-gallery-is-layout-flex\">\n<figure class=\"wp-block-image size-large\"><span itemprop=\"image\" itemscope itemtype=\"https:\/\/schema.org\/ImageObject\"><img itemprop=\"url image\" loading=\"lazy\" decoding=\"async\" width=\"1024\" height=\"498\" data-id=\"466\" src=\"https:\/\/aviator-crash.org\/wp-content\/uploads\/2024\/01\/cash-or-crash-live-1200x584-1-1024x498.jpeg\" alt=\"\" class=\"wp-image-466\" srcset=\"https:\/\/aviator-crash.org\/wp-content\/uploads\/2024\/01\/cash-or-crash-live-1200x584-1-1024x498.jpeg 1024w, https:\/\/aviator-crash.org\/wp-content\/uploads\/2024\/01\/cash-or-crash-live-1200x584-1-300x146.jpeg 300w, https:\/\/aviator-crash.org\/wp-content\/uploads\/2024\/01\/cash-or-crash-live-1200x584-1-768x374.jpeg 768w, https:\/\/aviator-crash.org\/wp-content\/uploads\/2024\/01\/cash-or-crash-live-1200x584-1.jpeg 1200w\" sizes=\"(max-width: 1024px) 100vw, 1024px\" \/><meta itemprop=\"width\" content=\"1024\"><meta itemprop=\"height\" content=\"498\"><\/span><\/figure>\n<\/figure>\n\n<p>Cash or Crash \u00e8 un gioco molto richiesto dagli appassionati di applicazioni di gioco d&#8217;azzardo, puntate alte e rischi.\n\u00c8 un&#8217;ottima opzione per divertirsi e tentare la fortuna.\nCash or Crash \u00e8 un&#8217;applicazione su Android, in cui i giocatori possono scommettere su vari eventi, il cui esito \u00e8 determinato in modo casuale.\nPer iniziare a giocare, basta scaricare l&#8217;applicazione sul sito ufficiale di One Win, registrarsi o accedere al proprio account personale e scommettere.\nScaricare Cash or Crash gratuitamente \u00e8 possibile per tutti.\nLanciate il gioco e divertitevi.     <\/p>\n\n<h2 class=\"wp-block-heading\">Vantaggi del gioco online Cash or Crash<\/h2>\n\n<p>Il gioco d&#8217;azzardo \u00e8 considerato oggi uno dei giochi pi\u00f9 popolari.\nIl motivo principale \u00e8 che qui \u00e8 possibile non solo divertirsi, ma anche guadagnare denaro reale.\nIn generale, la grafica dell&#8217;applicazione Cash or Crash \u00e8 una vera delizia.\nGrafica eccellente, interfaccia chiara, controlli semplici e intuitivi: tutto questo si pu\u00f2 trovare qui.   <\/p>\n\n<p>Tra i principali vantaggi del popolare gioco d&#8217;azzardo Cash or Crash vi sono i seguenti:<\/p>\n\n<ul>\n<li>Un gameplay interessante.\nOffre un gioco emozionante e coinvolgente con la possibilit\u00e0 di vincere o perdere rapidamente. <\/li>\n\n\n\n<li>Modalit\u00e0 multigiocatore.\nLa possibilit\u00e0 di giocare con amici o altri giocatori pu\u00f2 aggiungere un aspetto sociale e divertente. <\/li>\n\n\n\n<li>Grafica e suono.\nLa grafica e il suono di alta qualit\u00e0 creano l&#8217;atmosfera del gioco, rendendolo pi\u00f9 attraente per i giocatori. <\/li>\n\n\n\n<li>Disponibilit\u00e0 di aggiornamenti regolari.\nGrazie a ci\u00f2, potrete godervi il vostro gioco preferito con prestazioni migliori.\nGli sviluppatori cercano di migliorare il gioco su base regolare per soddisfare le tendenze attuali nel mondo del gioco d&#8217;azzardo online.  <\/li>\n\n\n\n<li>La possibilit\u00e0 di giocare direttamente dal proprio telefono, ovunque ci si trovi.\nQuesta \u00e8 una grande opportunit\u00e0 per divertirsi, godersi il gioco e provare a guadagnare denaro reale. <\/li>\n\n\n\n<li>Molte modalit\u00e0 di gioco diverse.\nLa strategia Cash o Crash scelta correttamente aumenter\u00e0 le possibilit\u00e0 di vittoria in qualsiasi modalit\u00e0. <\/li>\n<\/ul>\n\n<p>Nel complesso, il gioco Cash or Crash \u00e8 un ottimo esempio di applicazione emozionante in cui \u00e8 possibile vincere denaro reale.\nPotete divertirvi e giocare con i vostri amici o con altri giocatori online utilizzando la modalit\u00e0 multigiocatore. <\/p>\n\n<h2 class=\"wp-block-heading\">Come giocare a Cash or Crash<\/h2>\n\n<p>&#8220;Cash or Crash&#8221; \u00e8 un gioco d&#8217;azzardo virtuale spesso offerto dai casin\u00f2 online.\nAnche se le regole possono variare leggermente da una versione all&#8217;altra del gioco, il concetto di base rimane generalmente lo stesso.\nEcco una guida generale su come giocare a Cash or Crash:  <\/p>\n\n<ul>\n<li>Registrazione.\nPotrebbe essere necessario registrarsi presso un casin\u00f2 online che offre il gioco Cash or Crash.\nSeguire le istruzioni per creare un conto.  <\/li>\n\n\n\n<li>Ricarica.\nPrima di iniziare a giocare \u00e8 necessario ricaricare il conto di gioco con denaro reale.\nNella maggior parte dei casi questo pu\u00f2 essere fatto utilizzando diversi metodi di pagamento.  <\/li>\n\n\n\n<li>Selezione dell&#8217;importo della puntata.<\/li>\n\n\n\n<li>Iniziare il giro.<\/li>\n\n\n\n<li>Decisione di terminare il round.\nDurante il round, si ha la possibilit\u00e0 di terminarlo in qualsiasi momento, per riscuotere il denaro vinto.\nTuttavia, se non si completa il giro entro un certo punto, c&#8217;\u00e8 il rischio di un &#8220;crash&#8221; e si perde la scommessa.  <\/li>\n\n\n\n<li>Scontro o fine del round.\nA un certo punto del giro, si verifica un &#8220;crash&#8221;.\nSe avete completato il giro prima di questo momento, riceverete le vincite in base al moltiplicatore corrente.\nIn caso contrario, si perde la puntata.   <\/li>\n<\/ul>\n\n<p>Il principio del gioco \u00e8 piuttosto semplice e chiaro, quindi sarete in grado di capire rapidamente cosa dovete fare.\nIn caso di problemi, potete fare riferimento alle istruzioni. <\/p>\n\n<h2 class=\"wp-block-heading\">Come vincere a Cash or Crash<\/h2>\n\n<p>Vincere ai giochi d&#8217;azzardo come le slot, il poker, la roulette e il blackjack \u00e8 spesso una questione di fortuna, e la maggior parte dei giochi d&#8217;azzardo si basa sul caso.\nTuttavia, esistono alcune strategie e suggerimenti che possono aiutare a gestire il proprio bankroll e ad aumentare le possibilit\u00e0 di vincita al popolare gioco d&#8217;azzardo Crash Cash: <\/p>\n\n<ul>\n<li>Gestione del bankroll.\nStabilite il limite di perdite che potete permettervi e non superatelo.\nDividete il vostro bankroll in sessioni di gioco e puntate solo quello che potete permettervi di perdere.  <\/li>\n\n\n\n<li>Imparare le strategie di base.\nCome gi\u00e0 detto, la giusta strategia gioca un ruolo fondamentale nel gioco d&#8217;azzardo.\nEssa comporta lo studio delle vincite precedenti, la ricerca di schemi e l&#8217;evidenziazione delle combinazioni vincenti chiave.\nLa strategia Cash o Crash \u00e8 per lo pi\u00f9 individuale, anche se si possono seguire i consigli di giocatori pi\u00f9 esperti.   <\/li>\n\n\n\n<li>Approfittate dei bonus.\nApprofittate dei bonus e delle promozioni del casin\u00f2.\nTuttavia, \u00e8 importante leggere attentamente i termini e le condizioni associati ai bonus.  <\/li>\n\n\n\n<li>Leggere attentamente le regole del gioco e familiarizzare con le istruzioni.<\/li>\n<\/ul>\n\n<p>Seguendo i consigli sopra descritti, potrete aumentare notevolmente le vostre possibilit\u00e0 di vincita.<\/p>\n\n<h2 class=\"wp-block-heading\">Regole del gioco Cash or Crash<\/h2>\n\n<p>Le regole del gioco sono semplici e chiare.\nInnanzitutto, il giocatore sceglie l&#8217;importo da scommettere e preme il pulsante per avviare il giro.\nIl giro inizia con un moltiplicatore iniziale (ad esempio, 1x).\nQuesto moltiplicatore inizia ad aumentare nel tempo.\nDurante il giro, il giocatore ha un certo lasso di tempo per decidere se terminare il giro e prendere le vincite.\nQuesto pu\u00f2 essere fatto prima che il moltiplicatore raggiunga un certo valore, il che provoca un &#8220;crash&#8221;.     <\/p>\n\n<p>Il &#8220;crash&#8221; si verifica quando il moltiplicatore raggiunge un certo valore.\nSe il giocatore ha completato il giro prima di questo momento, ottiene la vincita.\nIn caso contrario, la puntata viene bruciata.\nSe il giocatore ha completato il giro prima del &#8220;crash&#8221; e ha ottenuto la vincita, l&#8217;importo della vincita dipende dal moltiplicatore corrente.\nSe il giocatore non ha completato il giro prima dell&#8217;incidente, la puntata viene annullata e non si ottiene alcuna vincita.    <\/p>\n\n<h2 class=\"wp-block-heading\">Codici promozionali<\/h2>\n\n<p>I codici promozionali Cash o Crash sono codici speciali che i giocatori possono inserire per ricevere vari bonus, privilegi e promozioni.\nQuesti codici sono forniti dal casin\u00f2 o dagli sviluppatori del gioco e possono essere utilizzati dai giocatori per migliorare la loro esperienza di gioco o per ottenere funzionalit\u00e0 aggiuntive.\nNel caso di Cash or Crash, i codici promozionali possono fornire:  <\/p>\n\n<ol>\n<li>Depositi bonus: fondi aggiuntivi quando si ricarica il conto di gioco.<\/li>\n\n\n\n<li>Giri gratuiti: giri gratuiti nel gioco con moltiplicatori.<\/li>\n\n\n\n<li>Moltiplicatori aumentati: moltiplicatori bonus durante il gioco.<\/li>\n\n\n\n<li>Eventi speciali: partecipazione a promozioni e tornei speciali.<\/li>\n<\/ol>\n\n<p>Le statistiche di Cash or Crash indicano che con l&#8217;uso di bonus aggiuntivi gli utenti hanno maggiori possibilit\u00e0 di vincere.\nPer utilizzare un codice promozionale nel gioco &#8220;Cash or Crash&#8221;, di solito \u00e8 necessario accedere al proprio conto nel casin\u00f2, andare alla sezione &#8220;Codici promozionali&#8221; o &#8220;Bonus&#8221; e inserire il codice appropriato.\nDopodich\u00e9, i bonus forniti da questa azione verranno automaticamente accreditati sul conto.  <\/p>\n\n<p>\u00c8 importante non dimenticare che i codici promozionali possono avere un periodo di validit\u00e0 limitato o determinate condizioni di utilizzo.\nPrima di inserire un codice promozionale, \u00e8 importante leggere attentamente i termini e le condizioni per evitare malintesi e sfruttare appieno i bonus offerti. <\/p>\n\n<h2 class=\"wp-block-heading\">Testimonianze<\/h2>\n\n<p>Ecco alcune recensioni di utenti che hanno sperimentato i vantaggi di questo popolare gioco d&#8217;azzardo:<\/p>\n","protected":false},"excerpt":{"rendered":"<p>Cash or Crash \u00e8 un gioco molto richiesto dagli appassionati di applicazioni di gioco d&#8217;azzardo, puntate alte e rischi. \u00c8 un&#8217;ottima opzione per divertirsi e tentare la fortuna. Cash or Crash \u00e8 un&#8217;applicazione su Android, in cui i giocatori possono scommettere su vari eventi, il cui esito \u00e8 determinato in modo casuale. Per iniziare a [&hellip;]<\/p>\n","protected":false},"author":2,"featured_media":0,"parent":0,"menu_order":0,"comment_status":"open","ping_status":"closed","template":"","meta":{"footnotes":""},"yoast_head":"<!-- This site is optimized with the Yoast SEO plugin v21.7 - https:\/\/yoast.com\/wordpress\/plugins\/seo\/ -->\n<title>Gioco del casin\u00f2 Cash or Crash, scarica<\/title>\n<meta name=\"description\" content=\"Una panoramica di Cash or Crash, un gioco popolare in tutto il mondo. Scoprite le caratteristiche principali, i vantaggi, le regole del gioco e i segreti per vincere alla grande. Scaricate il gioco e divertitevi con i vostri amici.\" \/>\n<meta name=\"robots\" content=\"index, follow, max-snippet:-1, max-image-preview:large, max-video-preview:-1\" \/>\n<link rel=\"canonical\" href=\"https:\/\/aviator-crash.org\/it\/gioca-a-cash-or-crash\/\" \/>\n<meta property=\"og:locale\" content=\"it_IT\" \/>\n<meta property=\"og:type\" content=\"article\" \/>\n<meta property=\"og:title\" content=\"Gioco del casin\u00f2 Cash or Crash, scarica\" \/>\n<meta property=\"og:description\" content=\"Una panoramica di Cash or Crash, un gioco popolare in tutto il mondo. Scoprite le caratteristiche principali, i vantaggi, le regole del gioco e i segreti per vincere alla grande. Scaricate il gioco e divertitevi con i vostri amici.\" \/>\n<meta property=\"og:url\" content=\"https:\/\/aviator-crash.org\/it\/gioca-a-cash-or-crash\/\" \/>\n<meta property=\"article:modified_time\" content=\"2024-02-02T19:35:22+00:00\" \/>\n<meta property=\"og:image\" content=\"https:\/\/aviator-crash.org\/wp-content\/uploads\/2024\/01\/cash-or-crash-live-1200x584-1-1024x498.jpeg\" \/>\n<meta name=\"twitter:card\" content=\"summary_large_image\" \/>\n<meta name=\"twitter:label1\" content=\"Est. reading time\" \/>\n\t<meta name=\"twitter:data1\" content=\"6 minuti\" \/>\n<script type=\"application\/ld+json\" class=\"yoast-schema-graph\">{\"@context\":\"https:\/\/schema.org\",\"@graph\":[{\"@type\":\"WebPage\",\"@id\":\"https:\/\/aviator-crash.org\/it\/gioca-a-cash-or-crash\/\",\"url\":\"https:\/\/aviator-crash.org\/it\/gioca-a-cash-or-crash\/\",\"name\":\"Gioco del casin\u00f2 Cash or Crash, scarica\",\"isPartOf\":{\"@id\":\"https:\/\/aviator-crash.org\/it\/#website\"},\"datePublished\":\"2023-12-27T19:58:01+00:00\",\"dateModified\":\"2024-02-02T19:35:22+00:00\",\"description\":\"Una panoramica di Cash or Crash, un gioco popolare in tutto il mondo. Scoprite le caratteristiche principali, i vantaggi, le regole del gioco e i segreti per vincere alla grande. Scaricate il gioco e divertitevi con i vostri amici.\",\"breadcrumb\":{\"@id\":\"https:\/\/aviator-crash.org\/it\/gioca-a-cash-or-crash\/#breadcrumb\"},\"inLanguage\":\"it-IT\",\"potentialAction\":[{\"@type\":\"ReadAction\",\"target\":[\"https:\/\/aviator-crash.org\/it\/gioca-a-cash-or-crash\/\"]}]},{\"@type\":\"BreadcrumbList\",\"@id\":\"https:\/\/aviator-crash.org\/it\/gioca-a-cash-or-crash\/#breadcrumb\",\"itemListElement\":[{\"@type\":\"ListItem\",\"position\":1,\"name\":\"Home\",\"item\":\"https:\/\/aviator-crash.org\/it\/aviator-gioco-online-per-soldi-veri\/\"},{\"@type\":\"ListItem\",\"position\":2,\"name\":\"Gioca a Cash or Crash\"}]},{\"@type\":\"WebSite\",\"@id\":\"https:\/\/aviator-crash.org\/it\/#website\",\"url\":\"https:\/\/aviator-crash.org\/it\/\",\"name\":\"\",\"description\":\"\",\"potentialAction\":[{\"@type\":\"SearchAction\",\"target\":{\"@type\":\"EntryPoint\",\"urlTemplate\":\"https:\/\/aviator-crash.org\/it\/?s={search_term_string}\"},\"query-input\":\"required name=search_term_string\"}],\"inLanguage\":\"it-IT\"}]}<\/script>\n<!-- \/ Yoast SEO plugin. -->","yoast_head_json":{"title":"Gioco del casin\u00f2 Cash or Crash, scarica","description":"Una panoramica di Cash or Crash, un gioco popolare in tutto il mondo. Scoprite le caratteristiche principali, i vantaggi, le regole del gioco e i segreti per vincere alla grande. Scaricate il gioco e divertitevi con i vostri amici.","robots":{"index":"index","follow":"follow","max-snippet":"max-snippet:-1","max-image-preview":"max-image-preview:large","max-video-preview":"max-video-preview:-1"},"canonical":"https:\/\/aviator-crash.org\/it\/gioca-a-cash-or-crash\/","og_locale":"it_IT","og_type":"article","og_title":"Gioco del casin\u00f2 Cash or Crash, scarica","og_description":"Una panoramica di Cash or Crash, un gioco popolare in tutto il mondo. Scoprite le caratteristiche principali, i vantaggi, le regole del gioco e i segreti per vincere alla grande. Scaricate il gioco e divertitevi con i vostri amici.","og_url":"https:\/\/aviator-crash.org\/it\/gioca-a-cash-or-crash\/","article_modified_time":"2024-02-02T19:35:22+00:00","og_image":[{"url":"https:\/\/aviator-crash.org\/wp-content\/uploads\/2024\/01\/cash-or-crash-live-1200x584-1-1024x498.jpeg"}],"twitter_card":"summary_large_image","twitter_misc":{"Est. reading time":"6 minuti"},"schema":{"@context":"https:\/\/schema.org","@graph":[{"@type":"WebPage","@id":"https:\/\/aviator-crash.org\/it\/gioca-a-cash-or-crash\/","url":"https:\/\/aviator-crash.org\/it\/gioca-a-cash-or-crash\/","name":"Gioco del casin\u00f2 Cash or Crash, scarica","isPartOf":{"@id":"https:\/\/aviator-crash.org\/it\/#website"},"datePublished":"2023-12-27T19:58:01+00:00","dateModified":"2024-02-02T19:35:22+00:00","description":"Una panoramica di Cash or Crash, un gioco popolare in tutto il mondo. Scoprite le caratteristiche principali, i vantaggi, le regole del gioco e i segreti per vincere alla grande. Scaricate il gioco e divertitevi con i vostri amici.","breadcrumb":{"@id":"https:\/\/aviator-crash.org\/it\/gioca-a-cash-or-crash\/#breadcrumb"},"inLanguage":"it-IT","potentialAction":[{"@type":"ReadAction","target":["https:\/\/aviator-crash.org\/it\/gioca-a-cash-or-crash\/"]}]},{"@type":"BreadcrumbList","@id":"https:\/\/aviator-crash.org\/it\/gioca-a-cash-or-crash\/#breadcrumb","itemListElement":[{"@type":"ListItem","position":1,"name":"Home","item":"https:\/\/aviator-crash.org\/it\/aviator-gioco-online-per-soldi-veri\/"},{"@type":"ListItem","position":2,"name":"Gioca a Cash or Crash"}]},{"@type":"WebSite","@id":"https:\/\/aviator-crash.org\/it\/#website","url":"https:\/\/aviator-crash.org\/it\/","name":"","description":"","potentialAction":[{"@type":"SearchAction","target":{"@type":"EntryPoint","urlTemplate":"https:\/\/aviator-crash.org\/it\/?s={search_term_string}"},"query-input":"required name=search_term_string"}],"inLanguage":"it-IT"}]}},"_links":{"self":[{"href":"https:\/\/aviator-crash.org\/it\/wp-json\/wp\/v2\/pages\/3048"}],"collection":[{"href":"https:\/\/aviator-crash.org\/it\/wp-json\/wp\/v2\/pages"}],"about":[{"href":"https:\/\/aviator-crash.org\/it\/wp-json\/wp\/v2\/types\/page"}],"author":[{"embeddable":true,"href":"https:\/\/aviator-crash.org\/it\/wp-json\/wp\/v2\/users\/2"}],"replies":[{"embeddable":true,"href":"https:\/\/aviator-crash.org\/it\/wp-json\/wp\/v2\/comments?post=3048"}],"version-history":[{"count":1,"href":"https:\/\/aviator-crash.org\/it\/wp-json\/wp\/v2\/pages\/3048\/revisions"}],"predecessor-version":[{"id":3050,"href":"https:\/\/aviator-crash.org\/it\/wp-json\/wp\/v2\/pages\/3048\/revisions\/3050"}],"wp:attachment":[{"href":"https:\/\/aviator-crash.org\/it\/wp-json\/wp\/v2\/media?parent=3048"}],"curies":[{"name":"wp","href":"https:\/\/api.w.org\/{rel}","templated":true}]}}