{"id":3138,"date":"2023-12-27T19:12:26","date_gmt":"2023-12-27T19:12:26","guid":{"rendered":"https:\/\/aviator-crash.org\/giochi-in-contanti-veloci-online-con-prelievo\/"},"modified":"2024-02-02T19:42:12","modified_gmt":"2024-02-02T19:42:12","slug":"giochi-in-contanti-veloci-online-con-prelievo","status":"publish","type":"page","link":"https:\/\/aviator-crash.org\/it\/giochi-in-contanti-veloci-online-con-prelievo\/","title":{"rendered":"Giochi in contanti veloci online con prelievo"},"content":{"rendered":"\n<figure class=\"wp-block-gallery has-nested-images columns-default is-cropped wp-block-gallery-1 is-layout-flex wp-block-gallery-is-layout-flex\">\n<figure class=\"wp-block-image size-large\"><span itemprop=\"image\" itemscope itemtype=\"https:\/\/schema.org\/ImageObject\"><img itemprop=\"url image\" loading=\"lazy\" decoding=\"async\" width=\"683\" height=\"600\" data-id=\"460\" src=\"https:\/\/aviator-crash.org\/wp-content\/uploads\/2024\/01\/aviator-minigame-logo-4.png\" alt=\"\" class=\"wp-image-460\" srcset=\"https:\/\/aviator-crash.org\/wp-content\/uploads\/2024\/01\/aviator-minigame-logo-4.png 683w, https:\/\/aviator-crash.org\/wp-content\/uploads\/2024\/01\/aviator-minigame-logo-4-300x264.png 300w\" sizes=\"(max-width: 683px) 100vw, 683px\" \/><meta itemprop=\"width\" content=\"683\"><meta itemprop=\"height\" content=\"600\"><\/span><\/figure>\n<\/figure>\n\n<p>Il concetto di Crash game \u00e8 apparso nei primi anni 2000.\nTuttavia, negli ultimi anni sono diventati sempre pi\u00f9 popolari.\nI giochi per fare soldi velocemente sono presenti in quasi tutti i casin\u00f2 online.\nOgni giro \u00e8 emozionante e pieno di adrenalina.\nI giochi veloci sono caratterizzati da un gameplay semplice: il moltiplicatore aumenta, di conseguenza le vincite crescono, bisogna riuscire a prendere i soldi prima del disastro.    <\/p>\n\n<h2 class=\"wp-block-heading\">Crash game per denaro con prelievo<\/h2>\n\n<p>I guadagni rapidi nel gioco d&#8217;azzardo sono molto attraenti per i giocatori.\nL&#8217;utente deve seguire attentamente il gioco e premere il pulsante nel momento in cui il suo intuito glielo suggerisce.\nIl gioco con prelievo veloce di denaro \u00e8 reale, lo confermano i giocatori di tutto il mondo.  <\/p>\n\n<p>Il principio \u00e8 molto semplice: il giocatore effettua una puntata, dopodich\u00e9 il moltiplicatore cresce.\nNessuno sa in quale momento il giro finir\u00e0.\n\u00c8 possibile guadagnare rapidamente nel gioco d&#8217;azzardo se, grazie all&#8217;intuizione, si preme il pulsante prima del disastro.\nLa vincita \u00e8 il prodotto della puntata sul coefficiente al quale il gioco si \u00e8 fermato.\nSe l&#8217;utente non ha avuto tempo &#8211; il casin\u00f2 ha vinto.\nPi\u00f9 lungo \u00e8 il giro, maggiore \u00e8 il rischio.\nMa allo stesso tempo, ci sono pi\u00f9 possibilit\u00e0 di vincere.      <\/p>\n\n<p>Il gioco Crash for money si basa sul GSC, che \u00e8 impossibile da battere.\nInoltre, vari programmi di hacking o schemi fraudolenti non saranno d&#8217;aiuto.\nL&#8217;onest\u00e0 di crash game pu\u00f2 essere dimostrata, qualsiasi utente pu\u00f2 verificarla.  <\/p>\n\n<h2 class=\"wp-block-heading\">Gioca a Aviator (aereo volante) per denaro<\/h2>\n\n<p>I giochi di prelievo con mini denaro sono estremamente popolari.\nUno dei pi\u00f9 famosi \u00e8 Aviator.\nIl design \u00e8 molto semplice.\nSu uno sfondo scuro sta guadagnando quota l&#8217;aereo.\nPi\u00f9 alto \u00e8 &#8211; maggiore \u00e8 il coefficiente.\nSe lo si desidera, \u00e8 possibile disattivare l&#8217;animazione.\nIn questo caso, l&#8217;utente vedr\u00e0 davanti a s\u00e9 solo il coefficiente crescente.\nIl moltiplicatore parte da uno e il suo aumento \u00e8 irregolare.\nBastano pochi secondi perch\u00e9 cresca di cinque o cento volte.\nLa durata del giro pu\u00f2 essere diversa: un secondo intero o una piccola frazione.\nSe lo desidera, lo scommettitore esegue il gioco automatico, \u00e8 sufficiente che imposti la puntata e il coefficiente per terminare il giro.\n\u00c8 possibile conoscere le scommesse precedenti e i risultati degli altri utenti grazie alle Statistiche Live.           <\/p>\n\n<h2 class=\"wp-block-heading\">Gioco Crash &#8211; Lucky Jet<\/h2>\n\n<figure class=\"wp-block-gallery has-nested-images columns-default is-cropped wp-block-gallery-2 is-layout-flex wp-block-gallery-is-layout-flex\">\n<figure class=\"wp-block-image size-large\"><span itemprop=\"image\" itemscope itemtype=\"https:\/\/schema.org\/ImageObject\"><img itemprop=\"url image\" loading=\"lazy\" decoding=\"async\" width=\"1024\" height=\"509\" data-id=\"448\" src=\"https:\/\/aviator-crash.org\/wp-content\/uploads\/2024\/01\/lucky-jet_1-1024x509.jpg\" alt=\"\" class=\"wp-image-448\" srcset=\"https:\/\/aviator-crash.org\/wp-content\/uploads\/2024\/01\/lucky-jet_1-1024x509.jpg 1024w, https:\/\/aviator-crash.org\/wp-content\/uploads\/2024\/01\/lucky-jet_1-300x149.jpg 300w, https:\/\/aviator-crash.org\/wp-content\/uploads\/2024\/01\/lucky-jet_1-768x382.jpg 768w, https:\/\/aviator-crash.org\/wp-content\/uploads\/2024\/01\/lucky-jet_1.jpg 1093w\" sizes=\"(max-width: 1024px) 100vw, 1024px\" \/><meta itemprop=\"width\" content=\"1024\"><meta itemprop=\"height\" content=\"509\"><\/span><\/figure>\n<\/figure>\n\n<p>I giochi Crash per soldi con bonus hanno una trama diversa.\nOnline potete tentare la fortuna in Lucky Jet, dove il protagonista, Joe, cerca di volare via con una borsa piena di soldi.\nIl gioco Crash per soldi ha regole semplici.\n\u00c8 necessario scegliere una scommessa e avere il tempo di incassarla.\nSe non si fa in tempo, il denaro si brucia.\nLe quote dipendono dal tempo in cui Joe rester\u00e0 in aria.     <\/p>\n\n<p>Il moltiplicatore massimo \u00e8 di 100, in alcune sale da gioco viene raddoppiato.\nLa vincita dipende solo dall&#8217;intuizione del giocatore, che decide quando premere il pulsante. <\/p>\n\n<h2 class=\"wp-block-heading\">Gioco Crash &#8211; Jet X<\/h2>\n\n<figure class=\"wp-block-gallery has-nested-images columns-default is-cropped wp-block-gallery-3 is-layout-flex wp-block-gallery-is-layout-flex\">\n<figure class=\"wp-block-image size-large\"><span itemprop=\"image\" itemscope itemtype=\"https:\/\/schema.org\/ImageObject\"><img itemprop=\"url image\" loading=\"lazy\" decoding=\"async\" width=\"1024\" height=\"621\" data-id=\"451\" src=\"https:\/\/aviator-crash.org\/wp-content\/uploads\/2024\/01\/jetx-game-9-1024x621-1.png\" alt=\"\" class=\"wp-image-451\" srcset=\"https:\/\/aviator-crash.org\/wp-content\/uploads\/2024\/01\/jetx-game-9-1024x621-1.png 1024w, https:\/\/aviator-crash.org\/wp-content\/uploads\/2024\/01\/jetx-game-9-1024x621-1-300x182.png 300w, https:\/\/aviator-crash.org\/wp-content\/uploads\/2024\/01\/jetx-game-9-1024x621-1-768x466.png 768w\" sizes=\"(max-width: 1024px) 100vw, 1024px\" \/><meta itemprop=\"width\" content=\"1024\"><meta itemprop=\"height\" content=\"621\"><\/span><\/figure>\n<\/figure>\n\n<p>I giochi di soldi veloci utilizzano spesso un veicolo come protagonista.\nIn Jet X \u00e8 necessario seguire il movimento di un aereo a reazione.\nTuttavia, a un certo punto si schianter\u00e0 e scomparir\u00e0 dal radar.\nEd \u00e8 prima che l&#8217;utente debba prudentemente premere il pulsante per il prelievo.\nAltrimenti, il casin\u00f2 vince.    <\/p>\n\n<p>Il gioco \u00e8 tra i migliori e viene presentato in molti casin\u00f2.\nL&#8217;utente vede uno schermo radar davanti a s\u00e9, che mostra l&#8217;aereo e il coefficiente.\nIl coefficiente aumenta quando l&#8217;aereo decolla.\nNon per niente Jet X \u00e8 incluso nella categoria dei &#8220;Giochi con prelievo veloce&#8221;, il giro dura non pi\u00f9 di un paio di minuti.   <\/p>\n\n<p>Nei campi laterali l&#8217;utente pu\u00f2 vedere i risultati ottenuti nei turni precedenti.\nInoltre, sono indicate le statistiche reali di tutti gli utenti.\nIl giocatore pu\u00f2 effettuare due scommesse per round; se necessario, si attiva il ritiro automatico.\nLo schianto avviene in qualsiasi momento, anche se il caccia ha appena iniziato a guadagnare quota.\nI siti di informazione riportano un coefficiente massimo di x25000, ma non \u00e8 ancora stato raggiunto da nessuno scommettitore.    <\/p>\n\n<h2 class=\"wp-block-heading\">Arresto anomalo del gioco &#8211; Rocket X<\/h2>\n\n<figure class=\"wp-block-gallery has-nested-images columns-default is-cropped wp-block-gallery-4 is-layout-flex wp-block-gallery-is-layout-flex\">\n<figure class=\"wp-block-image size-large\"><span itemprop=\"image\" itemscope itemtype=\"https:\/\/schema.org\/ImageObject\"><img itemprop=\"url image\" loading=\"lazy\" decoding=\"async\" width=\"1024\" height=\"448\" data-id=\"453\" src=\"https:\/\/aviator-crash.org\/wp-content\/uploads\/2024\/01\/screenshot-2022-11-29-at-12.55.42-1024x448.jpg\" alt=\"\" class=\"wp-image-453\" srcset=\"https:\/\/aviator-crash.org\/wp-content\/uploads\/2024\/01\/screenshot-2022-11-29-at-12.55.42-1024x448.jpg 1024w, https:\/\/aviator-crash.org\/wp-content\/uploads\/2024\/01\/screenshot-2022-11-29-at-12.55.42-300x131.jpg 300w, https:\/\/aviator-crash.org\/wp-content\/uploads\/2024\/01\/screenshot-2022-11-29-at-12.55.42-768x336.jpg 768w, https:\/\/aviator-crash.org\/wp-content\/uploads\/2024\/01\/screenshot-2022-11-29-at-12.55.42-1536x673.jpg 1536w, https:\/\/aviator-crash.org\/wp-content\/uploads\/2024\/01\/screenshot-2022-11-29-at-12.55.42-2048x897.jpg 2048w\" sizes=\"(max-width: 1024px) 100vw, 1024px\" \/><meta itemprop=\"width\" content=\"1024\"><meta itemprop=\"height\" content=\"448\"><\/span><\/figure>\n<\/figure>\n\n<p>L&#8217;utente guarda il razzo decollare.\nPu\u00f2 piazzare una puntata da 0,1 a 140.\nPi\u00f9 a lungo dura il volo, pi\u00f9 alto \u00e8 il coefficiente.\nLo scommettitore pu\u00f2 personalizzare il gioco in base alle proprie esigenze, utilizzare scommesse e prelievi automatici.\nIl crash game richiede impostazioni minime.\nDopo di che, l&#8217;utente pu\u00f2 godersi un processo spettacolare: dopo il lancio del razzo c&#8217;\u00e8 un pennacchio luminoso, e c&#8217;\u00e8 anche un aumento del coefficiente.\nIn assenza di prelievo automatico, il momento della fine del turno \u00e8 scelto dal giocatore.\nSe non ha avuto il tempo di farlo prima dell&#8217;esplosione, rimane in perdita.\n\u00c8 possibile diventare un vincitore se si utilizzano strategie e tattiche diverse.        <\/p>\n\n<h2 class=\"wp-block-heading\">Gioco Crash &#8211; Spazio XY<\/h2>\n\n<figure class=\"wp-block-gallery has-nested-images columns-default is-cropped wp-block-gallery-5 is-layout-flex wp-block-gallery-is-layout-flex\">\n<figure class=\"wp-block-image size-large\"><span itemprop=\"image\" itemscope itemtype=\"https:\/\/schema.org\/ImageObject\"><img itemprop=\"url image\" loading=\"lazy\" decoding=\"async\" width=\"1024\" height=\"577\" data-id=\"455\" src=\"https:\/\/aviator-crash.org\/wp-content\/uploads\/2024\/01\/spacexy-gameplay-screen-1024x577-1.webp\" alt=\"\" class=\"wp-image-455\" srcset=\"https:\/\/aviator-crash.org\/wp-content\/uploads\/2024\/01\/spacexy-gameplay-screen-1024x577-1.webp 1024w, https:\/\/aviator-crash.org\/wp-content\/uploads\/2024\/01\/spacexy-gameplay-screen-1024x577-1-300x169.webp 300w, https:\/\/aviator-crash.org\/wp-content\/uploads\/2024\/01\/spacexy-gameplay-screen-1024x577-1-768x433.webp 768w\" sizes=\"(max-width: 1024px) 100vw, 1024px\" \/><meta itemprop=\"width\" content=\"1024\"><meta itemprop=\"height\" content=\"577\"><\/span><\/figure>\n<\/figure>\n\n<p>Il gioco Crash per soldi ha caratteristiche uniche.\nIl tema spaziale lo rende pi\u00f9 interessante e attraente per i giocatori.\nAstronavi, galassie, creature aliene, tutto questo combinato con animazioni e grafiche brillanti permette di immergersi completamente nel mondo del gioco d&#8217;azzardo.\nSpace XY &#8211; il gioco pi\u00f9 bello con prelievo veloce, ha combinazioni vincenti e funzioni bonus.\nSi trova in diversi casin\u00f2 online, quindi il gioco Crash \u00e8 disponibile per un vasto pubblico.\n\u00c8 possibile giocare con denaro reale o con gettoni virtuali, basta eseguire la modalit\u00e0 demo.     <\/p>\n\n<h2 class=\"wp-block-heading\">Gioco rapido &#8211; Cash or Crash<\/h2>\n\n<figure class=\"wp-block-gallery has-nested-images columns-default is-cropped wp-block-gallery-6 is-layout-flex wp-block-gallery-is-layout-flex\">\n<figure class=\"wp-block-image size-large\"><span itemprop=\"image\" itemscope itemtype=\"https:\/\/schema.org\/ImageObject\"><img itemprop=\"url image\" loading=\"lazy\" decoding=\"async\" width=\"1024\" height=\"576\" data-id=\"457\" src=\"https:\/\/aviator-crash.org\/wp-content\/uploads\/2024\/01\/cash-or-crash-evolution-live-games-hollywoodbets-1024x576-1.jpg\" alt=\"\" class=\"wp-image-457\" srcset=\"https:\/\/aviator-crash.org\/wp-content\/uploads\/2024\/01\/cash-or-crash-evolution-live-games-hollywoodbets-1024x576-1.jpg 1024w, https:\/\/aviator-crash.org\/wp-content\/uploads\/2024\/01\/cash-or-crash-evolution-live-games-hollywoodbets-1024x576-1-300x169.jpg 300w, https:\/\/aviator-crash.org\/wp-content\/uploads\/2024\/01\/cash-or-crash-evolution-live-games-hollywoodbets-1024x576-1-768x432.jpg 768w\" sizes=\"(max-width: 1024px) 100vw, 1024px\" \/><meta itemprop=\"width\" content=\"1024\"><meta itemprop=\"height\" content=\"576\"><\/span><\/figure>\n<\/figure>\n\n<p>Il giocatore si trova in un dirigibile che si muove sopra un&#8217;enorme metropoli.\nL&#8217;utente vede un apparecchio in cui vengono mescolate delle palline.\nVengono utilizzate otto palline rosse, 19 verdi e una dorata.\nIl giocatore deve salire le scale.\nPer farlo, deve raccogliere le palline di colore verde.\nSe una pallina rossa cade, il round \u00e8 finito.\nLa palla d&#8217;oro pu\u00f2 essere usata per difendersi e d\u00e0 una vita in pi\u00f9.      <\/p>\n\n<p>Dopo la rottura dello scudo o la caduta della pallina verde, il giocatore pu\u00f2 rimanere in gioco con l&#8217;intera vincita o terminare il giro.\nHa anche la possibilit\u00e0 di ritirare met\u00e0 del denaro e con l&#8217;importo rimanente pu\u00f2 continuare il gioco.\nIl giocatore dovr\u00e0 superare venti livelli.\nAl primo di essi il moltiplicatore \u00e8 di 1,2x, mentre in cima alla scala \u00e8 di 18000x.\n\u00c8 sufficiente che il giocatore scommetta 5 dollari per ottenere 90000 come risultato.    <\/p>\n\n<p>Il download del gioco con un prelievo rapido di denaro \u00e8 disponibile nei casin\u00f2 online.\n\u00c8 necessario scegliere un servizio affidabile con licenza, che garantisca il rispetto delle regole dell&#8217;ente regolatore.\nQuesto significa che il casin\u00f2 ha i fondi per pagare anche somme ingenti ai vincitori, \u00e8 costantemente sottoposto a verifiche interne e controlli del software.\n\u00c8 importante studiare le recensioni e il sito web dell&#8217;istituto.\nSe l&#8217;utente cade su un sito fraudolento, non si divertir\u00e0 con un bonus e delle vincite, ma perder\u00e0 i dati personali o infetter\u00e0 il dispositivo con dei virus.    <\/p>\n","protected":false},"excerpt":{"rendered":"<p>Il concetto di Crash game \u00e8 apparso nei primi anni 2000. Tuttavia, negli ultimi anni sono diventati sempre pi\u00f9 popolari. I giochi per fare soldi velocemente sono presenti in quasi tutti i casin\u00f2 online. Ogni giro \u00e8 emozionante e pieno di adrenalina. I giochi veloci sono caratterizzati da un gameplay semplice: il moltiplicatore aumenta, di [&hellip;]<\/p>\n","protected":false},"author":2,"featured_media":0,"parent":0,"menu_order":0,"comment_status":"closed","ping_status":"closed","template":"","meta":{"footnotes":""},"yoast_head":"<!-- This site is optimized with the Yoast SEO plugin v21.7 - https:\/\/yoast.com\/wordpress\/plugins\/seo\/ -->\n<title>Giochi Crash per soldi (gioco Crash online veloce con prelievo di denaro)<\/title>\n<meta name=\"description\" content=\"I giochi di crash sono popolari perch\u00e9 offrono l&#039;opportunit\u00e0 di ottenere un guadagno rapido. I giochi in denaro, in cui si verifica un crash, sono caratterizzati da regole semplici. Allo stesso tempo, per\u00f2, sono molto eccitanti e stimolanti.\" \/>\n<meta name=\"robots\" content=\"index, follow, max-snippet:-1, max-image-preview:large, max-video-preview:-1\" \/>\n<link rel=\"canonical\" href=\"https:\/\/aviator-crash.org\/it\/giochi-in-contanti-veloci-online-con-prelievo\/\" \/>\n<meta property=\"og:locale\" content=\"it_IT\" \/>\n<meta property=\"og:type\" content=\"article\" \/>\n<meta property=\"og:title\" content=\"Giochi Crash per soldi (gioco Crash online veloce con prelievo di denaro)\" \/>\n<meta property=\"og:description\" content=\"I giochi di crash sono popolari perch\u00e9 offrono l&#039;opportunit\u00e0 di ottenere un guadagno rapido. I giochi in denaro, in cui si verifica un crash, sono caratterizzati da regole semplici. Allo stesso tempo, per\u00f2, sono molto eccitanti e stimolanti.\" \/>\n<meta property=\"og:url\" content=\"https:\/\/aviator-crash.org\/it\/giochi-in-contanti-veloci-online-con-prelievo\/\" \/>\n<meta property=\"article:modified_time\" content=\"2024-02-02T19:42:12+00:00\" \/>\n<meta property=\"og:image\" content=\"https:\/\/aviator-crash.org\/wp-content\/uploads\/2024\/01\/aviator-minigame-logo-4.png\" \/>\n<meta name=\"twitter:card\" content=\"summary_large_image\" \/>\n<meta name=\"twitter:label1\" content=\"Est. reading time\" \/>\n\t<meta name=\"twitter:data1\" content=\"5 minuti\" \/>\n<script type=\"application\/ld+json\" class=\"yoast-schema-graph\">{\"@context\":\"https:\/\/schema.org\",\"@graph\":[{\"@type\":\"WebPage\",\"@id\":\"https:\/\/aviator-crash.org\/it\/giochi-in-contanti-veloci-online-con-prelievo\/\",\"url\":\"https:\/\/aviator-crash.org\/it\/giochi-in-contanti-veloci-online-con-prelievo\/\",\"name\":\"Giochi Crash per soldi (gioco Crash online veloce con prelievo di denaro)\",\"isPartOf\":{\"@id\":\"https:\/\/aviator-crash.org\/it\/#website\"},\"datePublished\":\"2023-12-27T19:12:26+00:00\",\"dateModified\":\"2024-02-02T19:42:12+00:00\",\"description\":\"I giochi di crash sono popolari perch\u00e9 offrono l'opportunit\u00e0 di ottenere un guadagno rapido. I giochi in denaro, in cui si verifica un crash, sono caratterizzati da regole semplici. Allo stesso tempo, per\u00f2, sono molto eccitanti e stimolanti.\",\"breadcrumb\":{\"@id\":\"https:\/\/aviator-crash.org\/it\/giochi-in-contanti-veloci-online-con-prelievo\/#breadcrumb\"},\"inLanguage\":\"it-IT\",\"potentialAction\":[{\"@type\":\"ReadAction\",\"target\":[\"https:\/\/aviator-crash.org\/it\/giochi-in-contanti-veloci-online-con-prelievo\/\"]}]},{\"@type\":\"BreadcrumbList\",\"@id\":\"https:\/\/aviator-crash.org\/it\/giochi-in-contanti-veloci-online-con-prelievo\/#breadcrumb\",\"itemListElement\":[{\"@type\":\"ListItem\",\"position\":1,\"name\":\"Home\",\"item\":\"https:\/\/aviator-crash.org\/it\/aviator-gioco-online-per-soldi-veri\/\"},{\"@type\":\"ListItem\",\"position\":2,\"name\":\"Giochi in contanti veloci online con prelievo\"}]},{\"@type\":\"WebSite\",\"@id\":\"https:\/\/aviator-crash.org\/it\/#website\",\"url\":\"https:\/\/aviator-crash.org\/it\/\",\"name\":\"\",\"description\":\"\",\"potentialAction\":[{\"@type\":\"SearchAction\",\"target\":{\"@type\":\"EntryPoint\",\"urlTemplate\":\"https:\/\/aviator-crash.org\/it\/?s={search_term_string}\"},\"query-input\":\"required name=search_term_string\"}],\"inLanguage\":\"it-IT\"}]}<\/script>\n<!-- \/ Yoast SEO plugin. -->","yoast_head_json":{"title":"Giochi Crash per soldi (gioco Crash online veloce con prelievo di denaro)","description":"I giochi di crash sono popolari perch\u00e9 offrono l'opportunit\u00e0 di ottenere un guadagno rapido. I giochi in denaro, in cui si verifica un crash, sono caratterizzati da regole semplici. Allo stesso tempo, per\u00f2, sono molto eccitanti e stimolanti.","robots":{"index":"index","follow":"follow","max-snippet":"max-snippet:-1","max-image-preview":"max-image-preview:large","max-video-preview":"max-video-preview:-1"},"canonical":"https:\/\/aviator-crash.org\/it\/giochi-in-contanti-veloci-online-con-prelievo\/","og_locale":"it_IT","og_type":"article","og_title":"Giochi Crash per soldi (gioco Crash online veloce con prelievo di denaro)","og_description":"I giochi di crash sono popolari perch\u00e9 offrono l'opportunit\u00e0 di ottenere un guadagno rapido. I giochi in denaro, in cui si verifica un crash, sono caratterizzati da regole semplici. Allo stesso tempo, per\u00f2, sono molto eccitanti e stimolanti.","og_url":"https:\/\/aviator-crash.org\/it\/giochi-in-contanti-veloci-online-con-prelievo\/","article_modified_time":"2024-02-02T19:42:12+00:00","og_image":[{"url":"https:\/\/aviator-crash.org\/wp-content\/uploads\/2024\/01\/aviator-minigame-logo-4.png"}],"twitter_card":"summary_large_image","twitter_misc":{"Est. reading time":"5 minuti"},"schema":{"@context":"https:\/\/schema.org","@graph":[{"@type":"WebPage","@id":"https:\/\/aviator-crash.org\/it\/giochi-in-contanti-veloci-online-con-prelievo\/","url":"https:\/\/aviator-crash.org\/it\/giochi-in-contanti-veloci-online-con-prelievo\/","name":"Giochi Crash per soldi (gioco Crash online veloce con prelievo di denaro)","isPartOf":{"@id":"https:\/\/aviator-crash.org\/it\/#website"},"datePublished":"2023-12-27T19:12:26+00:00","dateModified":"2024-02-02T19:42:12+00:00","description":"I giochi di crash sono popolari perch\u00e9 offrono l'opportunit\u00e0 di ottenere un guadagno rapido. I giochi in denaro, in cui si verifica un crash, sono caratterizzati da regole semplici. Allo stesso tempo, per\u00f2, sono molto eccitanti e stimolanti.","breadcrumb":{"@id":"https:\/\/aviator-crash.org\/it\/giochi-in-contanti-veloci-online-con-prelievo\/#breadcrumb"},"inLanguage":"it-IT","potentialAction":[{"@type":"ReadAction","target":["https:\/\/aviator-crash.org\/it\/giochi-in-contanti-veloci-online-con-prelievo\/"]}]},{"@type":"BreadcrumbList","@id":"https:\/\/aviator-crash.org\/it\/giochi-in-contanti-veloci-online-con-prelievo\/#breadcrumb","itemListElement":[{"@type":"ListItem","position":1,"name":"Home","item":"https:\/\/aviator-crash.org\/it\/aviator-gioco-online-per-soldi-veri\/"},{"@type":"ListItem","position":2,"name":"Giochi in contanti veloci online con prelievo"}]},{"@type":"WebSite","@id":"https:\/\/aviator-crash.org\/it\/#website","url":"https:\/\/aviator-crash.org\/it\/","name":"","description":"","potentialAction":[{"@type":"SearchAction","target":{"@type":"EntryPoint","urlTemplate":"https:\/\/aviator-crash.org\/it\/?s={search_term_string}"},"query-input":"required name=search_term_string"}],"inLanguage":"it-IT"}]}},"_links":{"self":[{"href":"https:\/\/aviator-crash.org\/it\/wp-json\/wp\/v2\/pages\/3138"}],"collection":[{"href":"https:\/\/aviator-crash.org\/it\/wp-json\/wp\/v2\/pages"}],"about":[{"href":"https:\/\/aviator-crash.org\/it\/wp-json\/wp\/v2\/types\/page"}],"author":[{"embeddable":true,"href":"https:\/\/aviator-crash.org\/it\/wp-json\/wp\/v2\/users\/2"}],"replies":[{"embeddable":true,"href":"https:\/\/aviator-crash.org\/it\/wp-json\/wp\/v2\/comments?post=3138"}],"version-history":[{"count":1,"href":"https:\/\/aviator-crash.org\/it\/wp-json\/wp\/v2\/pages\/3138\/revisions"}],"predecessor-version":[{"id":3146,"href":"https:\/\/aviator-crash.org\/it\/wp-json\/wp\/v2\/pages\/3138\/revisions\/3146"}],"wp:attachment":[{"href":"https:\/\/aviator-crash.org\/it\/wp-json\/wp\/v2\/media?parent=3138"}],"curies":[{"name":"wp","href":"https:\/\/api.w.org\/{rel}","templated":true}]}}