{"id":3680,"date":"2023-12-27T19:26:44","date_gmt":"2023-12-27T19:26:44","guid":{"rendered":"https:\/\/aviator-crash.org\/lucky-jet-1win-scaricare\/"},"modified":"2024-02-02T20:20:52","modified_gmt":"2024-02-02T20:20:52","slug":"lucky-jet-1win-scaricare","status":"publish","type":"page","link":"https:\/\/aviator-crash.org\/it\/lucky-jet-1win-scaricare\/","title":{"rendered":"Lucky Jet 1win scaricare"},"content":{"rendered":"\n<figure class=\"wp-block-gallery has-nested-images columns-default is-cropped wp-block-gallery-1 is-layout-flex wp-block-gallery-is-layout-flex\">\n<figure class=\"wp-block-image size-large\"><span itemprop=\"image\" itemscope itemtype=\"https:\/\/schema.org\/ImageObject\"><img itemprop=\"url image\" loading=\"lazy\" decoding=\"async\" width=\"880\" height=\"500\" data-id=\"478\" src=\"https:\/\/aviator-crash.org\/wp-content\/uploads\/2024\/01\/lucky_jet_game-casino_yl6vvw.webp\" alt=\"\" class=\"wp-image-478\" srcset=\"https:\/\/aviator-crash.org\/wp-content\/uploads\/2024\/01\/lucky_jet_game-casino_yl6vvw.webp 880w, https:\/\/aviator-crash.org\/wp-content\/uploads\/2024\/01\/lucky_jet_game-casino_yl6vvw-300x170.webp 300w, https:\/\/aviator-crash.org\/wp-content\/uploads\/2024\/01\/lucky_jet_game-casino_yl6vvw-768x436.webp 768w\" sizes=\"(max-width: 880px) 100vw, 880px\" \/><meta itemprop=\"width\" content=\"880\"><meta itemprop=\"height\" content=\"500\"><\/span><\/figure>\n<\/figure>\n\n<p>Voli virtuosi, momenti di gioco e spazio sconfinato si incontrano in un&#8217;emozionante avventura chiamata Lucky Jet 1win.\nQuesto emozionante gioco 1win porta i giocatori in un mondo unico di emozioni e avventure, dove ogni manovra pu\u00f2 rivelarsi la chiave della vittoria. <\/p>\n\n<p>Lucky Jet 1win non \u00e8 solo un gioco per Android, ma un&#8217;opportunit\u00e0 per immergersi nell&#8217;eccitante mondo delle battaglie di gioco, dove ogni momento pu\u00f2 cambiare le sorti del gioco.\nScaricare l&#8217;applicazione ufficiale del gioco Lucky Jet \u00e8 possibile sul sito Onewin.\nNel tuo account personale puoi raccogliere i tuoi premi, combattere e competere con i tuoi amici.\nL&#8217;applicazione Lucky Jet 1win pu\u00f2 essere scaricata gratuitamente.   <\/p>\n\n<h2 class=\"wp-block-heading\">Il vantaggio del gioco online Lucky Jet<\/h2>\n\n<p>Questa applicazione \u00e8 un emozionante gioco online con molti vantaggi:<\/p>\n\n<ul>\n<li>Un gameplay interessante.\nI giocatori possono godersi battaglie high-tech nello spazio, decollando con le loro macchine volanti. <\/li>\n\n\n\n<li>Tante missioni emozionanti.<\/li>\n\n\n\n<li>Modalit\u00e0 multigiocatore.\nUno dei vantaggi principali \u00e8 la possibilit\u00e0 di giocare online con altri giocatori.\nLe recensioni di Lucky Jet 1win su questa modalit\u00e0 sono estremamente positive, poich\u00e9 i giocatori potranno combattere, competere e cooperare con amici o altri giocatori, aggiungendo un aspetto sociale e un&#8217;esperienza di gioco dinamica.  <\/li>\n\n\n\n<li>Personalizzazione delle macchine volanti.\nI giocatori hanno la possibilit\u00e0 di personalizzare e migliorare le proprie macchine volanti.\nQuesto crea un approccio personalizzato al gioco, permettendo a ogni giocatore di sviluppare il proprio stile e la propria strategia.  <\/li>\n\n\n\n<li>Design visivamente accattivante.\nIl gioco 1win Lucky Jet ha una grafica e un design impressionanti, che rendono il mondo di gioco colorato e visivamente accattivante. <\/li>\n\n\n\n<li>Aggiornamenti regolari.<\/li>\n<\/ul>\n\n<p>Tenendo conto di questi vantaggi, Lucky Jet offre un&#8217;esperienza di gioco coinvolgente, combinando elementi di azione dinamica, interazione sociale e pensiero strategico.<\/p>\n\n<h2 class=\"wp-block-heading\">Come giocare a Lucky Jet<\/h2>\n\n<p>I giocatori iniziano creando un account, se necessario, e selezionando il proprio aereo.\nPossono essere fornite esercitazioni per familiarizzare i giocatori con i comandi e le basi del gioco.\nIl gioco, con o senza voucher 1win Lucky Jet per le scommesse gratuite, pu\u00f2 presentare varie missioni, compiti o obiettivi che i giocatori devono completare per progredire e guadagnare risorse.  <\/p>\n\n<p>Sotto il controllo di un velivolo altamente tecnologico, si combatte contro pericolosi rivali, si sviluppano le proprie abilit\u00e0 e si raccolgono ricompense uniche.\nMissioni intriganti, paesaggi spaziali mozzafiato e incontri imprevedibili vi attendono sulla strada della vittoria. <\/p>\n\n<p>Le battaglie in Lucky Jet prevedono l&#8217;uso di una variet\u00e0 di manovre, armi e soluzioni tattiche per superare gli avversari.\nI giocatori possono affrontare gli avversari del computer o ingaggiare battaglie multigiocatore con altri giocatori. <\/p>\n\n<p>Se volete divertirvi, allora dovete assolutamente scaricare Lucky Jet 1win sul vostro dispositivo.\nDopo di che, avrete l&#8217;opportunit\u00e0 di vivere un&#8217;esperienza dinamica e di gioco nelle battaglie spaziali, utilizzando le vostre abilit\u00e0, strategie e capacit\u00e0 per raggiungere la vittoria. <\/p>\n\n<h2 class=\"wp-block-heading\">Come vincere a Lucky Jet<\/h2>\n\n<p>La vincita pu\u00f2 dipendere da diversi fattori, ed \u00e8 importante studiare una strategia con Lucky Jet 1win e migliorare le proprie abilit\u00e0 per avere successo nel gioco.\nEcco alcuni suggerimenti che possono aiutarvi ad avere successo a Lucky Jet: <\/p>\n\n<ul>\n<li>Familiarizzare con i comandi.\nImparate i comandi di un veicolo volante.\nComprendere tutte le manovre e i comandi disponibili vi aiuter\u00e0 a controllarli efficacemente in combattimento.  <\/li>\n\n\n\n<li>Seguite un corso di formazione in One Win Lucky Jet.\nQuesto vi aiuter\u00e0 ad apprendere le basi del gioco e a capire come utilizzare le diverse tattiche. <\/li>\n\n\n\n<li>Scegliere l&#8217;aereo appropriato.\nAlcuni sono pi\u00f9 adatti ad attaccare, mentre altri sono pi\u00f9 adatti a schivare. <\/li>\n\n\n\n<li>Sviluppa il tuo dispositivo.\nPotenziate il vostro dispositivo di volo utilizzando le risorse guadagnate nel gioco.\nQuesto aumenter\u00e0 le vostre possibilit\u00e0 nelle battaglie e vi render\u00e0 pi\u00f9 competitivi.  <\/li>\n\n\n\n<li>Sviluppare una strategia Lucky Jet 1Win per ogni combattimento.<\/li>\n<\/ul>\n\n<p>Sfruttate l&#8217;ambiente a vostro vantaggio, schivate gli attacchi, cercate i punti deboli degli avversari.\n\u00c8 meglio privilegiare una strategia con probabilit\u00e0 ridotte per una vittoria pi\u00f9 efficace. <\/p>\n\n<p>Tenete presente che ogni gioco pu\u00f2 avere dinamiche uniche, quindi sperimentate, adattatevi e godetevi il processo di miglioramento delle vostre abilit\u00e0 di gioco su Lucky Jet.<\/p>\n\n<h2 class=\"wp-block-heading\">Regole del gioco Lucky Jet<\/h2>\n\n<p>Un altro vantaggio di questo gioco \u00e8 la semplicit\u00e0 e l&#8217;accessibilit\u00e0 delle regole.\nCi sono diversi round, il cui obiettivo principale \u00e8 quello di piazzare le proprie scommesse in tempo.\nLe recensioni di Lucky Jet 1win dimostrano che qui non tutto \u00e8 facile come sembra.\n\u00c8 importante puntare l&#8217;importo in tempo, altrimenti si rischia di bruciare.\nVolete rischiare o aspettare un momento pi\u00f9 adatto?\nTutto dipende solo da voi.     <\/p>\n\n<h2 class=\"wp-block-heading\">Buoni<\/h2>\n\n<p>I voucher Lucky Jet sono codici speciali che i giocatori possono inserire nel gioco per ottenere bonus, risorse o altri vantaggi.\n\u00c8 possibile conoscerli sul sito web di 1Win.\nAppariranno regolarmente, offrendo ai giocatori nuove opportunit\u00e0 e offerte pi\u00f9 vantaggiose.  <\/p>\n\n<h2 class=\"wp-block-heading\">Testimonianze<\/h2>\n\n<p>Ecco alcune recensioni degli utenti:<\/p>\n\n<p><\/p>\n","protected":false},"excerpt":{"rendered":"<p>Voli virtuosi, momenti di gioco e spazio sconfinato si incontrano in un&#8217;emozionante avventura chiamata Lucky Jet 1win. Questo emozionante gioco 1win porta i giocatori in un mondo unico di emozioni e avventure, dove ogni manovra pu\u00f2 rivelarsi la chiave della vittoria. Lucky Jet 1win non \u00e8 solo un gioco per Android, ma un&#8217;opportunit\u00e0 per immergersi [&hellip;]<\/p>\n","protected":false},"author":2,"featured_media":0,"parent":0,"menu_order":0,"comment_status":"open","ping_status":"closed","template":"","meta":{"footnotes":""},"yoast_head":"<!-- This site is optimized with the Yoast SEO plugin v21.7 - https:\/\/yoast.com\/wordpress\/plugins\/seo\/ -->\n<title>Gioco Lucky Jet al casin\u00f2 1win, scarica<\/title>\n<meta name=\"description\" content=\"Una recensione del gioco Lucky Jet di 1win Casino, popolare a livello internazionale, che offre una reale opportunit\u00e0 di guadagnare bene. Familiarizzate con le caratteristiche principali, i vantaggi e le regole del gioco. Avviatelo e andate alla ricerca delle vostre vincite!\" \/>\n<meta name=\"robots\" content=\"index, follow, max-snippet:-1, max-image-preview:large, max-video-preview:-1\" \/>\n<link rel=\"canonical\" href=\"https:\/\/aviator-crash.org\/it\/lucky-jet-1win-scaricare\/\" \/>\n<meta property=\"og:locale\" content=\"it_IT\" \/>\n<meta property=\"og:type\" content=\"article\" \/>\n<meta property=\"og:title\" content=\"Gioco Lucky Jet al casin\u00f2 1win, scarica\" \/>\n<meta property=\"og:description\" content=\"Una recensione del gioco Lucky Jet di 1win Casino, popolare a livello internazionale, che offre una reale opportunit\u00e0 di guadagnare bene. Familiarizzate con le caratteristiche principali, i vantaggi e le regole del gioco. Avviatelo e andate alla ricerca delle vostre vincite!\" \/>\n<meta property=\"og:url\" content=\"https:\/\/aviator-crash.org\/it\/lucky-jet-1win-scaricare\/\" \/>\n<meta property=\"article:modified_time\" content=\"2024-02-02T20:20:52+00:00\" \/>\n<meta property=\"og:image\" content=\"https:\/\/aviator-crash.org\/wp-content\/uploads\/2024\/01\/lucky_jet_game-casino_yl6vvw.webp\" \/>\n<meta name=\"twitter:card\" content=\"summary_large_image\" \/>\n<meta name=\"twitter:label1\" content=\"Est. reading time\" \/>\n\t<meta name=\"twitter:data1\" content=\"4 minuti\" \/>\n<script type=\"application\/ld+json\" class=\"yoast-schema-graph\">{\"@context\":\"https:\/\/schema.org\",\"@graph\":[{\"@type\":\"WebPage\",\"@id\":\"https:\/\/aviator-crash.org\/it\/lucky-jet-1win-scaricare\/\",\"url\":\"https:\/\/aviator-crash.org\/it\/lucky-jet-1win-scaricare\/\",\"name\":\"Gioco Lucky Jet al casin\u00f2 1win, scarica\",\"isPartOf\":{\"@id\":\"https:\/\/aviator-crash.org\/it\/#website\"},\"datePublished\":\"2023-12-27T19:26:44+00:00\",\"dateModified\":\"2024-02-02T20:20:52+00:00\",\"description\":\"Una recensione del gioco Lucky Jet di 1win Casino, popolare a livello internazionale, che offre una reale opportunit\u00e0 di guadagnare bene. Familiarizzate con le caratteristiche principali, i vantaggi e le regole del gioco. Avviatelo e andate alla ricerca delle vostre vincite!\",\"breadcrumb\":{\"@id\":\"https:\/\/aviator-crash.org\/it\/lucky-jet-1win-scaricare\/#breadcrumb\"},\"inLanguage\":\"it-IT\",\"potentialAction\":[{\"@type\":\"ReadAction\",\"target\":[\"https:\/\/aviator-crash.org\/it\/lucky-jet-1win-scaricare\/\"]}]},{\"@type\":\"BreadcrumbList\",\"@id\":\"https:\/\/aviator-crash.org\/it\/lucky-jet-1win-scaricare\/#breadcrumb\",\"itemListElement\":[{\"@type\":\"ListItem\",\"position\":1,\"name\":\"Home\",\"item\":\"https:\/\/aviator-crash.org\/it\/aviator-gioco-online-per-soldi-veri\/\"},{\"@type\":\"ListItem\",\"position\":2,\"name\":\"Lucky Jet 1win scaricare\"}]},{\"@type\":\"WebSite\",\"@id\":\"https:\/\/aviator-crash.org\/it\/#website\",\"url\":\"https:\/\/aviator-crash.org\/it\/\",\"name\":\"\",\"description\":\"\",\"potentialAction\":[{\"@type\":\"SearchAction\",\"target\":{\"@type\":\"EntryPoint\",\"urlTemplate\":\"https:\/\/aviator-crash.org\/it\/?s={search_term_string}\"},\"query-input\":\"required name=search_term_string\"}],\"inLanguage\":\"it-IT\"}]}<\/script>\n<!-- \/ Yoast SEO plugin. -->","yoast_head_json":{"title":"Gioco Lucky Jet al casin\u00f2 1win, scarica","description":"Una recensione del gioco Lucky Jet di 1win Casino, popolare a livello internazionale, che offre una reale opportunit\u00e0 di guadagnare bene. Familiarizzate con le caratteristiche principali, i vantaggi e le regole del gioco. Avviatelo e andate alla ricerca delle vostre vincite!","robots":{"index":"index","follow":"follow","max-snippet":"max-snippet:-1","max-image-preview":"max-image-preview:large","max-video-preview":"max-video-preview:-1"},"canonical":"https:\/\/aviator-crash.org\/it\/lucky-jet-1win-scaricare\/","og_locale":"it_IT","og_type":"article","og_title":"Gioco Lucky Jet al casin\u00f2 1win, scarica","og_description":"Una recensione del gioco Lucky Jet di 1win Casino, popolare a livello internazionale, che offre una reale opportunit\u00e0 di guadagnare bene. Familiarizzate con le caratteristiche principali, i vantaggi e le regole del gioco. Avviatelo e andate alla ricerca delle vostre vincite!","og_url":"https:\/\/aviator-crash.org\/it\/lucky-jet-1win-scaricare\/","article_modified_time":"2024-02-02T20:20:52+00:00","og_image":[{"url":"https:\/\/aviator-crash.org\/wp-content\/uploads\/2024\/01\/lucky_jet_game-casino_yl6vvw.webp"}],"twitter_card":"summary_large_image","twitter_misc":{"Est. reading time":"4 minuti"},"schema":{"@context":"https:\/\/schema.org","@graph":[{"@type":"WebPage","@id":"https:\/\/aviator-crash.org\/it\/lucky-jet-1win-scaricare\/","url":"https:\/\/aviator-crash.org\/it\/lucky-jet-1win-scaricare\/","name":"Gioco Lucky Jet al casin\u00f2 1win, scarica","isPartOf":{"@id":"https:\/\/aviator-crash.org\/it\/#website"},"datePublished":"2023-12-27T19:26:44+00:00","dateModified":"2024-02-02T20:20:52+00:00","description":"Una recensione del gioco Lucky Jet di 1win Casino, popolare a livello internazionale, che offre una reale opportunit\u00e0 di guadagnare bene. Familiarizzate con le caratteristiche principali, i vantaggi e le regole del gioco. Avviatelo e andate alla ricerca delle vostre vincite!","breadcrumb":{"@id":"https:\/\/aviator-crash.org\/it\/lucky-jet-1win-scaricare\/#breadcrumb"},"inLanguage":"it-IT","potentialAction":[{"@type":"ReadAction","target":["https:\/\/aviator-crash.org\/it\/lucky-jet-1win-scaricare\/"]}]},{"@type":"BreadcrumbList","@id":"https:\/\/aviator-crash.org\/it\/lucky-jet-1win-scaricare\/#breadcrumb","itemListElement":[{"@type":"ListItem","position":1,"name":"Home","item":"https:\/\/aviator-crash.org\/it\/aviator-gioco-online-per-soldi-veri\/"},{"@type":"ListItem","position":2,"name":"Lucky Jet 1win scaricare"}]},{"@type":"WebSite","@id":"https:\/\/aviator-crash.org\/it\/#website","url":"https:\/\/aviator-crash.org\/it\/","name":"","description":"","potentialAction":[{"@type":"SearchAction","target":{"@type":"EntryPoint","urlTemplate":"https:\/\/aviator-crash.org\/it\/?s={search_term_string}"},"query-input":"required name=search_term_string"}],"inLanguage":"it-IT"}]}},"_links":{"self":[{"href":"https:\/\/aviator-crash.org\/it\/wp-json\/wp\/v2\/pages\/3680"}],"collection":[{"href":"https:\/\/aviator-crash.org\/it\/wp-json\/wp\/v2\/pages"}],"about":[{"href":"https:\/\/aviator-crash.org\/it\/wp-json\/wp\/v2\/types\/page"}],"author":[{"embeddable":true,"href":"https:\/\/aviator-crash.org\/it\/wp-json\/wp\/v2\/users\/2"}],"replies":[{"embeddable":true,"href":"https:\/\/aviator-crash.org\/it\/wp-json\/wp\/v2\/comments?post=3680"}],"version-history":[{"count":1,"href":"https:\/\/aviator-crash.org\/it\/wp-json\/wp\/v2\/pages\/3680\/revisions"}],"predecessor-version":[{"id":3682,"href":"https:\/\/aviator-crash.org\/it\/wp-json\/wp\/v2\/pages\/3680\/revisions\/3682"}],"wp:attachment":[{"href":"https:\/\/aviator-crash.org\/it\/wp-json\/wp\/v2\/media?parent=3680"}],"curies":[{"name":"wp","href":"https:\/\/api.w.org\/{rel}","templated":true}]}}