{"id":3728,"date":"2023-12-27T19:33:16","date_gmt":"2023-12-27T19:33:16","guid":{"rendered":"https:\/\/aviator-crash.org\/jet-x\/"},"modified":"2024-02-02T20:24:52","modified_gmt":"2024-02-02T20:24:52","slug":"jet-x","status":"publish","type":"page","link":"https:\/\/aviator-crash.org\/it\/jet-x\/","title":{"rendered":"Jet X"},"content":{"rendered":"\n<figure class=\"wp-block-gallery has-nested-images columns-default is-cropped wp-block-gallery-1 is-layout-flex wp-block-gallery-is-layout-flex\">\n<figure class=\"wp-block-image size-large\"><span itemprop=\"image\" itemscope itemtype=\"https:\/\/schema.org\/ImageObject\"><img itemprop=\"url image\" loading=\"lazy\" decoding=\"async\" width=\"1024\" height=\"576\" data-id=\"475\" src=\"https:\/\/aviator-crash.org\/wp-content\/uploads\/2024\/01\/how-to-play-jet-x-game-on-my-cell-phone-1200x675-1-1024x576-1.webp\" alt=\"\" class=\"wp-image-475\" srcset=\"https:\/\/aviator-crash.org\/wp-content\/uploads\/2024\/01\/how-to-play-jet-x-game-on-my-cell-phone-1200x675-1-1024x576-1.webp 1024w, https:\/\/aviator-crash.org\/wp-content\/uploads\/2024\/01\/how-to-play-jet-x-game-on-my-cell-phone-1200x675-1-1024x576-1-300x169.webp 300w, https:\/\/aviator-crash.org\/wp-content\/uploads\/2024\/01\/how-to-play-jet-x-game-on-my-cell-phone-1200x675-1-1024x576-1-768x432.webp 768w\" sizes=\"(max-width: 1024px) 100vw, 1024px\" \/><meta itemprop=\"width\" content=\"1024\"><meta itemprop=\"height\" content=\"576\"><\/span><\/figure>\n<\/figure>\n\n<p>Benvenuti nel futuro delle corse adrenaliniche, nel mondo del gioco Jet X, che potete scaricare gratuitamente!\nSi tratta di un&#8217;emozionante avventura arcade ufficiale per Android in cui velocit\u00e0, altitudine e incredibili acrobazie si combinano in un unico potente flusso.\nEntrate nell&#8217;abitacolo di una macchina volante avanzata e preparatevi a un inseguimento che andr\u00e0 oltre ogni vostra aspettativa.\nNon dimenticate la strategia Jet X!   <\/p>\n\n<p>\u00c8 possibile scaricare facilmente l&#8217;applicazione sul sito web di X Win &#8211; una societ\u00e0 di scommesse, considerata una delle pi\u00f9 popolari.\nCreate un account personale, lanciate il gioco e iniziate subito a gareggiare. <\/p>\n\n<h2 class=\"wp-block-heading\">Vantaggi del gioco online Jet X<\/h2>\n\n<p>Il gioco online Jet X presenta diversi vantaggi che lo rendono interessante per gli appassionati di corse arcade e di adrenalina futura:<\/p>\n\n<ul>\n<li>Velocit\u00e0 e dinamismo.\nIl gioco offre corse ad alta velocit\u00e0 in cui ogni secondo \u00e8 importante.\nGrazie al gameplay dinamico e alla libert\u00e0 di movimento nello spazio tridimensionale, i giocatori di X Jet provano davvero l&#8217;adrenalina delle corse ad alta velocit\u00e0.  <\/li>\n\n\n\n<li>Macchine volanti uniche.\nI giocatori possono scegliere tra macchine volanti diverse e innovative con caratteristiche uniche. <\/li>\n\n\n\n<li>Disponibilit\u00e0 della modalit\u00e0 multigiocatore.\nLa possibilit\u00e0 di competere con altri giocatori online aggiunge un elemento di competizione e interazione sociale.\nPotete scaricare Jet X e divertirvi con i vostri amici.  <\/li>\n\n\n\n<li>Potenziamento dei dispositivi.\nI giocatori possono personalizzare e migliorare le loro macchine volanti, adattandole al loro stile di gara.\nQuesto crea un&#8217;esperienza personalizzata per ogni giocatore e permette di migliorare le proprie macchine man mano che si procede.  <\/li>\n\n\n\n<li>Aggiornamenti regolari.\nGli sviluppatori aggiornano costantemente Jet X, aggiungendo nuovi tracciati, unit\u00e0, modalit\u00e0 e caratteristiche. <\/li>\n<\/ul>\n\n<p>Questi vantaggi rendono il gioco Jet X interessante per coloro che apprezzano le corse dinamiche, l&#8217;innovazione nel design degli aerei e lo spirito competitivo del gioco online.<\/p>\n\n<h2 class=\"wp-block-heading\">Come giocare a Jet X<\/h2>\n\n<p>Il gioco Jet X offre un&#8217;esperienza emozionante di corse ad alta velocit\u00e0 nel futuro.\nEcco le linee guida generali su come iniziare a giocare a Jet X: <\/p>\n\n<ol>\n<li>Innanzitutto, installate il gioco sul vostro dispositivo seguendo le istruzioni relative alla vostra piattaforma (PC, console, dispositivo mobile).\nAvviare il gioco e attendere il completamento del processo di download. <\/li>\n\n\n\n<li>All&#8217;inizio del gioco, vi verr\u00e0 chiesto di scegliere la vostra prima macchina volante.\nI diversi veicoli possono avere caratteristiche e abilit\u00e0 diverse, quindi potete sperimentare e giocare a Jet X. <\/li>\n\n\n\n<li>Familiarizzate con i comandi della vostra macchina volante.\nDi solito si tratta di usare i tasti, i joystick o il touch screen, a seconda della piattaforma. <\/li>\n\n\n\n<li>Jet X offre diverse modalit\u00e0 di gioco come la campagna e le battaglie multigiocatore.<\/li>\n\n\n\n<li>Scegliete un tracciato e iniziate a gareggiare.\nPrestate attenzione agli obiettivi di ogni gara, che possono variare a seconda della modalit\u00e0 di gioco.\nIl programma Jet X pu\u00f2 variare a seconda del livello.  <\/li>\n\n\n\n<li>Sfruttate le capacit\u00e0 della vostra macchina volante per combattere gli avversari ed eseguire acrobazie.\nIn alcune modalit\u00e0 di gioco, questo pu\u00f2 portare bonus o accelerazioni aggiuntive. <\/li>\n\n\n\n<li>Dopo aver completato gare e battaglie, si possono guadagnare risorse di gioco o valuta per migliorare e personalizzare la propria macchina volante.<\/li>\n\n\n\n<li>Tenete d&#8217;occhio gli aggiornamenti del gioco, perch\u00e9 gli sviluppatori potrebbero aggiungere nuovi tracciati, veicoli e modalit\u00e0.<\/li>\n<\/ol>\n\n<p>I termini e le regole specifiche possono variare da versione a versione.\nLeggere le recensioni e i consigli di Jet X vi permetter\u00e0 di entrare rapidamente nell&#8217;essenza del gioco e di iniziare a giocare. <\/p>\n\n<h2 class=\"wp-block-heading\">Come vincere a Jet X?<\/h2>\n\n<p>Per giocare con successo a Jet X, \u00e8 importante sviluppare abilit\u00e0 e applicare strategie per vincere gare e battaglie.\nEcco alcuni consigli che possono aiutarvi ad avere successo nel gioco.\nInnanzitutto, padroneggiate i comandi della vostra macchina volante.\nCapire ogni mossa e manovra vi permetter\u00e0 di governare in modo pi\u00f9 efficace in diverse situazioni.\nEsplorate i tracciati e sfruttate l&#8217;ambiente a vostro vantaggio.    <\/p>\n\n<p>Un altro consiglio collaudato \u00e8 quello di utilizzare i codici promozionali di Jet X. Essi offrono condizioni favorevoli e la possibilit\u00e0 di guadagnare punti extra.\n\u00c8 possibile trovare i codici promozionali su siti di gioco specializzati o in una sezione specifica di X Win. <\/p>\n\n<p>La strategia di Jet X \u00e8 un altro punto importante a cui prestare attenzione.\nIn caso di battaglie, siate attivi nell&#8217;uso delle armi e delle difese.\nUn&#8217;interazione efficace con i nemici pu\u00f2 aumentare notevolmente le possibilit\u00e0 di vittoria.  <\/p>\n\n<p>Durante le gare e le battaglie, non dimenticate di eseguire acrobazie.\nPossono portare ulteriori bonus e accelerazioni.\nNon dimenticatevi dei bonus e delle scommesse fatte con saggezza.\nCon il sistema di calcolo delle quote di Jet X \u00e8 possibile calcolare tutti i rischi e fare una scommessa competente.\nSfruttate attivamente anche le opportunit\u00e0 di migliorare la vostra macchina volante.\nStudiate attentamente le piste e pianificate in anticipo la vostra traiettoria.\nLa scelta ottimale del percorso e il controllo della velocit\u00e0 vi aiuteranno a superare i vostri avversari.      <\/p>\n\n<p>Tenete d&#8217;occhio le azioni dei vostri avversari e adattatevi alle mutevoli condizioni della pista.\nLa flessibilit\u00e0 e l&#8217;adattabilit\u00e0 possono essere la chiave del successo nelle corse veloci.\nSe il gioco o la demo di Jet X prevede il gioco di squadra, comunicate attivamente con la vostra squadra.  <\/p>\n\n<p>Il gioco Jet X lascia spazio alla creativit\u00e0 e alle decisioni tattiche.\nAdattatevi alle condizioni, esplorate il sistema di quote di Jet X e godetevi gare veloci ed emozionanti in futuro! <\/p>\n\n<h2 class=\"wp-block-heading\">Regole del gioco Jet X<\/h2>\n\n<p>L&#8217;obiettivo principale dipende dalla modalit\u00e0 di gioco.\nPu\u00f2 essere completare il tracciato nel minor tempo possibile, vincere le battaglie con gli avversari, eseguire acrobazie o raggiungere determinati risultati in modalit\u00e0 multigiocatore.\nIl gioco offre di solito una variet\u00e0 di tracciati e livelli, ognuno dei quali presenta sfide uniche.\n\u00c8 possibile familiarizzare con tutti i tracciati sul sito web di Jet X. I giocatori possono potenziare le loro macchine volanti per affrontare con maggior successo i tracciati di livello superiore.   <\/p>\n\n<p>I giocatori controllano i veicoli volanti usando la tastiera, il joystick, il gamepad o il touch screen a seconda della piattaforma.\nI controlli comprendono il cambio di direzione, la regolazione della velocit\u00e0 e l&#8217;esecuzione di acrobazie.\nL&#8217;esecuzione di acrobazie pu\u00f2 far guadagnare bonus come l&#8217;accelerazione o punti extra.  <\/p>\n\n<p>In alcune modalit\u00e0 di gioco, i giocatori possono combattere gli avversari utilizzando le armi presenti sui loro veicoli.\nLe armi possono includere missili, laser e altri mezzi di attacco o difesa.\nPrima di iniziare il gioco, controllate la strategia e le recensioni di Jet X.  <\/p>\n\n<h2 class=\"wp-block-heading\">Codici promozionali<\/h2>\n\n<p>I codici promozionali sono solitamente forniti dagli sviluppatori del gioco o dalla piattaforma su cui viene distribuito.\nSi tratta di bonus o gettoni speciali che permettono ai giocatori di aumentare le loro possibilit\u00e0 di vincita.\nI codici promozionali possono essere trovati su diverse risorse:  <\/p>\n\n<ul>\n<li>Sito web ufficiale.<\/li>\n\n\n\n<li>I social media.<\/li>\n\n\n\n<li>Forum e comunit\u00e0.<\/li>\n\n\n\n<li>Newsletter.<\/li>\n\n\n\n<li>Partner e sponsor.<\/li>\n<\/ul>\n\n<h2 class=\"wp-block-heading\">Testimonianze<\/h2>\n\n<p>Ecco alcune recensioni degli utenti sul popolare gioco:<\/p>\n","protected":false},"excerpt":{"rendered":"<p>Benvenuti nel futuro delle corse adrenaliniche, nel mondo del gioco Jet X, che potete scaricare gratuitamente! Si tratta di un&#8217;emozionante avventura arcade ufficiale per Android in cui velocit\u00e0, altitudine e incredibili acrobazie si combinano in un unico potente flusso. Entrate nell&#8217;abitacolo di una macchina volante avanzata e preparatevi a un inseguimento che andr\u00e0 oltre ogni [&hellip;]<\/p>\n","protected":false},"author":2,"featured_media":0,"parent":0,"menu_order":0,"comment_status":"open","ping_status":"closed","template":"","meta":{"footnotes":""},"yoast_head":"<!-- This site is optimized with the Yoast SEO plugin v21.7 - https:\/\/yoast.com\/wordpress\/plugins\/seo\/ -->\n<title>Gioco del casin\u00f2 Jet X, download<\/title>\n<meta name=\"description\" content=\"Immergetevi nell&#039;emozionante mondo delle corse ad alta velocit\u00e0 con Jet X, un&#039;esperienza arcade unica ed emozionante per il futuro. Leggete attentamente le regole e mettetevi subito al volante. Vi aspettano avventure interessanti e divertimento.\" \/>\n<meta name=\"robots\" content=\"index, follow, max-snippet:-1, max-image-preview:large, max-video-preview:-1\" \/>\n<link rel=\"canonical\" href=\"https:\/\/aviator-crash.org\/it\/jet-x\/\" \/>\n<meta property=\"og:locale\" content=\"it_IT\" \/>\n<meta property=\"og:type\" content=\"article\" \/>\n<meta property=\"og:title\" content=\"Gioco del casin\u00f2 Jet X, download\" \/>\n<meta property=\"og:description\" content=\"Immergetevi nell&#039;emozionante mondo delle corse ad alta velocit\u00e0 con Jet X, un&#039;esperienza arcade unica ed emozionante per il futuro. Leggete attentamente le regole e mettetevi subito al volante. Vi aspettano avventure interessanti e divertimento.\" \/>\n<meta property=\"og:url\" content=\"https:\/\/aviator-crash.org\/it\/jet-x\/\" \/>\n<meta property=\"article:modified_time\" content=\"2024-02-02T20:24:52+00:00\" \/>\n<meta property=\"og:image\" content=\"https:\/\/aviator-crash.org\/wp-content\/uploads\/2024\/01\/how-to-play-jet-x-game-on-my-cell-phone-1200x675-1-1024x576-1.webp\" \/>\n<meta name=\"twitter:card\" content=\"summary_large_image\" \/>\n<meta name=\"twitter:label1\" content=\"Est. reading time\" \/>\n\t<meta name=\"twitter:data1\" content=\"6 minuti\" \/>\n<script type=\"application\/ld+json\" class=\"yoast-schema-graph\">{\"@context\":\"https:\/\/schema.org\",\"@graph\":[{\"@type\":\"WebPage\",\"@id\":\"https:\/\/aviator-crash.org\/it\/jet-x\/\",\"url\":\"https:\/\/aviator-crash.org\/it\/jet-x\/\",\"name\":\"Gioco del casin\u00f2 Jet X, download\",\"isPartOf\":{\"@id\":\"https:\/\/aviator-crash.org\/it\/#website\"},\"datePublished\":\"2023-12-27T19:33:16+00:00\",\"dateModified\":\"2024-02-02T20:24:52+00:00\",\"description\":\"Immergetevi nell'emozionante mondo delle corse ad alta velocit\u00e0 con Jet X, un'esperienza arcade unica ed emozionante per il futuro. Leggete attentamente le regole e mettetevi subito al volante. Vi aspettano avventure interessanti e divertimento.\",\"breadcrumb\":{\"@id\":\"https:\/\/aviator-crash.org\/it\/jet-x\/#breadcrumb\"},\"inLanguage\":\"it-IT\",\"potentialAction\":[{\"@type\":\"ReadAction\",\"target\":[\"https:\/\/aviator-crash.org\/it\/jet-x\/\"]}]},{\"@type\":\"BreadcrumbList\",\"@id\":\"https:\/\/aviator-crash.org\/it\/jet-x\/#breadcrumb\",\"itemListElement\":[{\"@type\":\"ListItem\",\"position\":1,\"name\":\"Home\",\"item\":\"https:\/\/aviator-crash.org\/it\/aviator-gioco-online-per-soldi-veri\/\"},{\"@type\":\"ListItem\",\"position\":2,\"name\":\"Jet X\"}]},{\"@type\":\"WebSite\",\"@id\":\"https:\/\/aviator-crash.org\/it\/#website\",\"url\":\"https:\/\/aviator-crash.org\/it\/\",\"name\":\"\",\"description\":\"\",\"potentialAction\":[{\"@type\":\"SearchAction\",\"target\":{\"@type\":\"EntryPoint\",\"urlTemplate\":\"https:\/\/aviator-crash.org\/it\/?s={search_term_string}\"},\"query-input\":\"required name=search_term_string\"}],\"inLanguage\":\"it-IT\"}]}<\/script>\n<!-- \/ Yoast SEO plugin. -->","yoast_head_json":{"title":"Gioco del casin\u00f2 Jet X, download","description":"Immergetevi nell'emozionante mondo delle corse ad alta velocit\u00e0 con Jet X, un'esperienza arcade unica ed emozionante per il futuro. Leggete attentamente le regole e mettetevi subito al volante. Vi aspettano avventure interessanti e divertimento.","robots":{"index":"index","follow":"follow","max-snippet":"max-snippet:-1","max-image-preview":"max-image-preview:large","max-video-preview":"max-video-preview:-1"},"canonical":"https:\/\/aviator-crash.org\/it\/jet-x\/","og_locale":"it_IT","og_type":"article","og_title":"Gioco del casin\u00f2 Jet X, download","og_description":"Immergetevi nell'emozionante mondo delle corse ad alta velocit\u00e0 con Jet X, un'esperienza arcade unica ed emozionante per il futuro. Leggete attentamente le regole e mettetevi subito al volante. Vi aspettano avventure interessanti e divertimento.","og_url":"https:\/\/aviator-crash.org\/it\/jet-x\/","article_modified_time":"2024-02-02T20:24:52+00:00","og_image":[{"url":"https:\/\/aviator-crash.org\/wp-content\/uploads\/2024\/01\/how-to-play-jet-x-game-on-my-cell-phone-1200x675-1-1024x576-1.webp"}],"twitter_card":"summary_large_image","twitter_misc":{"Est. reading time":"6 minuti"},"schema":{"@context":"https:\/\/schema.org","@graph":[{"@type":"WebPage","@id":"https:\/\/aviator-crash.org\/it\/jet-x\/","url":"https:\/\/aviator-crash.org\/it\/jet-x\/","name":"Gioco del casin\u00f2 Jet X, download","isPartOf":{"@id":"https:\/\/aviator-crash.org\/it\/#website"},"datePublished":"2023-12-27T19:33:16+00:00","dateModified":"2024-02-02T20:24:52+00:00","description":"Immergetevi nell'emozionante mondo delle corse ad alta velocit\u00e0 con Jet X, un'esperienza arcade unica ed emozionante per il futuro. Leggete attentamente le regole e mettetevi subito al volante. Vi aspettano avventure interessanti e divertimento.","breadcrumb":{"@id":"https:\/\/aviator-crash.org\/it\/jet-x\/#breadcrumb"},"inLanguage":"it-IT","potentialAction":[{"@type":"ReadAction","target":["https:\/\/aviator-crash.org\/it\/jet-x\/"]}]},{"@type":"BreadcrumbList","@id":"https:\/\/aviator-crash.org\/it\/jet-x\/#breadcrumb","itemListElement":[{"@type":"ListItem","position":1,"name":"Home","item":"https:\/\/aviator-crash.org\/it\/aviator-gioco-online-per-soldi-veri\/"},{"@type":"ListItem","position":2,"name":"Jet X"}]},{"@type":"WebSite","@id":"https:\/\/aviator-crash.org\/it\/#website","url":"https:\/\/aviator-crash.org\/it\/","name":"","description":"","potentialAction":[{"@type":"SearchAction","target":{"@type":"EntryPoint","urlTemplate":"https:\/\/aviator-crash.org\/it\/?s={search_term_string}"},"query-input":"required name=search_term_string"}],"inLanguage":"it-IT"}]}},"_links":{"self":[{"href":"https:\/\/aviator-crash.org\/it\/wp-json\/wp\/v2\/pages\/3728"}],"collection":[{"href":"https:\/\/aviator-crash.org\/it\/wp-json\/wp\/v2\/pages"}],"about":[{"href":"https:\/\/aviator-crash.org\/it\/wp-json\/wp\/v2\/types\/page"}],"author":[{"embeddable":true,"href":"https:\/\/aviator-crash.org\/it\/wp-json\/wp\/v2\/users\/2"}],"replies":[{"embeddable":true,"href":"https:\/\/aviator-crash.org\/it\/wp-json\/wp\/v2\/comments?post=3728"}],"version-history":[{"count":1,"href":"https:\/\/aviator-crash.org\/it\/wp-json\/wp\/v2\/pages\/3728\/revisions"}],"predecessor-version":[{"id":3730,"href":"https:\/\/aviator-crash.org\/it\/wp-json\/wp\/v2\/pages\/3728\/revisions\/3730"}],"wp:attachment":[{"href":"https:\/\/aviator-crash.org\/it\/wp-json\/wp\/v2\/media?parent=3728"}],"curies":[{"name":"wp","href":"https:\/\/api.w.org\/{rel}","templated":true}]}}