{"id":4537,"date":"2023-12-22T18:32:01","date_gmt":"2023-12-22T18:32:01","guid":{"rendered":"https:\/\/aviator-crash.org\/reviews-of-the-game-aviator\/"},"modified":"2024-02-02T20:50:30","modified_gmt":"2024-02-02T20:50:30","slug":"reviews-of-the-game-aviator","status":"publish","type":"page","link":"https:\/\/aviator-crash.org\/ku\/reviews-of-the-game-aviator\/","title":{"rendered":"Reviews of the game Aviator"},"content":{"rendered":"\n<p>Aviator \u00eero yek ji l\u00eestik\u00ean serh\u00eal \u00ean her\u00ee populer e. Ji ber v\u00ea yek\u00ea, her ku di\u00e7e, pirs di motora l\u00eager\u00een\u00ea de di derheq\u00ea nirxandin\u00ean l\u00eestika Aviator de bi karan\u00eena drav\u00ea y\u00ean ku ber\u00ea w\u00ea ceriband\u00ee xuya dikin \u00fb f\u00ear dibin ka \u015fans\u00ean serketin\u00ea di w\u00ea de \u00e7iqas\u00ee real\u00eest in. <\/p>\n\n<h2 class=\"wp-block-heading\">Fikr\u00ean me li ser l\u00eestika Aviator<\/h2>\n\n<p>L\u00eestika t\u00eak\u00e7\u00fbn\u00ea Aviator b\u00ea guman p\u00ea\u015fkeftina \u00e7\u00eatir\u00een a Spribe ye. Ew b\u00eahempa, balk\u00ea\u015f, heyecan e \u00fb dikare di tema\u015fevan\u00ean heyecan\u00ea de bibe sedema z\u00eadeb\u00fbna hest\u00ean xwe\u015f. Awantajiya mezin dir\u00eajahiya geryan\u00ean kurt e &#8211; ten\u00ea \u00e7end saniye tansiyon\u00ea, \u00fb l\u00eestikvan dikare bi z\u00eadekirina beh\u00eesa xwe (10, 20, an belk\u00ee 50 car\u00ee) bibe serket\u00ee. Ya sereke ev e ku meriv ber\u00ee ketina balafir\u00ea wext hebe ku meriv drav biki\u015f\u00eene, l\u00ea div\u00ea ev bi \u015fans\u00ea her\u00ee z\u00eade were kirin.   <\/p>\n\n<p>Ev l\u00eestik ji bo l\u00eestikvan\u00ean her\u00ee bi tecrube tewra z\u00eadeb\u00fbna hestan garant\u00ee dike. F\u00eamkirina v\u00ea yek\u00ea, gelek online casino mak\u00eeneyek weha p\u00ea\u015fk\u00ea\u015f dikin: 1win, Pin Up, 1Xbet. Slot xwedan grafik\u00ean h\u00eaja, zelal\u00ee \u00fb bandor\u00ean deng e. Di heman dem\u00ea de em difikirin ku ev l\u00eestik k\u00eafxwe\u015f e \u00fb b\u00ea guman h\u00eajay\u00ee l\u00eestina li gor\u00ee me ye.   <\/p>\n\n<h2 class=\"wp-block-heading\">Nirx\u00ean bikarh\u00eaner di derbar\u00ea l\u00eestika Aviator de<\/h2>\n\n<p>Li ser \u00centernet\u00ea di derbar\u00ea l\u00eestika qezay\u00ea Aviator de ji l\u00eestikvan\u00ean rast nirxandin\u00ean cih\u00eareng hene. Hin j\u00ea heyran in, hin\u00ean din j\u00ee w\u00ea ji ber nep\u00ea\u015fb\u00eeniya w\u00ea, xetere \u00fb neb\u00fbna afirandina stratejiyek serket\u00ee ya 100% rexne dikin. L\u00eabel\u00ea, ev pir caran bi rast\u00ee bedewiya qumar\u00ea ye.  <\/p>\n\n<p>Em we vedixw\u00eenin ku h\u00fbn encam\u00ean xwe derx\u00eenin. V\u00ea l\u00eestik\u00ea bicerib\u00eenin \u00fb bi hi\u015ftina w\u00ea di nirxandina j\u00ear\u00een de ner\u00een\u00ean xwe parve bikin. <\/p>\n","protected":false},"excerpt":{"rendered":"<p>Aviator \u00eero yek ji l\u00eestik\u00ean serh\u00eal \u00ean her\u00ee populer e. Ji ber v\u00ea yek\u00ea, her ku di\u00e7e, pirs di motora l\u00eager\u00een\u00ea de di derheq\u00ea nirxandin\u00ean l\u00eestika Aviator de bi karan\u00eena drav\u00ea y\u00ean ku ber\u00ea w\u00ea ceriband\u00ee xuya dikin \u00fb f\u00ear dibin ka \u015fans\u00ean serketin\u00ea di w\u00ea de \u00e7iqas\u00ee real\u00eest in. Fikr\u00ean me li ser l\u00eestika [&hellip;]<\/p>\n","protected":false},"author":2,"featured_media":0,"parent":0,"menu_order":0,"comment_status":"closed","ping_status":"closed","template":"","meta":{"footnotes":""},"yoast_head":"<!-- This site is optimized with the Yoast SEO plugin v21.7 - https:\/\/yoast.com\/wordpress\/plugins\/seo\/ -->\n<title>Reviews of the game Aviator ji l\u00eestikvan\u00ean<\/title>\n<meta name=\"description\" content=\"Nirx\u00ean l\u00eestika t\u00eak\u00e7\u00fbn\u00ea Aviator ji l\u00eestikvan\u00ean rast\u00een d\u00ea bih\u00eale ku h\u00fbn hem\u00ee er\u00ean\u00ee \u00fb ney\u00een\u00eey\u00ean c\u00eehaz\u00ea f\u00ear bibin. Qa\u00eedey\u00ean bingeh\u00een \u00ean mak\u00eeney\u00ea \u00fb nuwazey\u00ean kontrol\u00ea.\" \/>\n<meta name=\"robots\" content=\"index, follow, max-snippet:-1, max-image-preview:large, max-video-preview:-1\" \/>\n<link rel=\"canonical\" href=\"https:\/\/aviator-crash.org\/ku\/reviews-of-the-game-aviator\/\" \/>\n<meta property=\"og:locale\" content=\"en_US\" \/>\n<meta property=\"og:type\" content=\"article\" \/>\n<meta property=\"og:title\" content=\"Reviews of the game Aviator ji l\u00eestikvan\u00ean\" \/>\n<meta property=\"og:description\" content=\"Nirx\u00ean l\u00eestika t\u00eak\u00e7\u00fbn\u00ea Aviator ji l\u00eestikvan\u00ean rast\u00een d\u00ea bih\u00eale ku h\u00fbn hem\u00ee er\u00ean\u00ee \u00fb ney\u00een\u00eey\u00ean c\u00eehaz\u00ea f\u00ear bibin. Qa\u00eedey\u00ean bingeh\u00een \u00ean mak\u00eeney\u00ea \u00fb nuwazey\u00ean kontrol\u00ea.\" \/>\n<meta property=\"og:url\" content=\"https:\/\/aviator-crash.org\/ku\/reviews-of-the-game-aviator\/\" \/>\n<meta property=\"article:modified_time\" content=\"2024-02-02T20:50:30+00:00\" \/>\n<meta name=\"twitter:card\" content=\"summary_large_image\" \/>\n<meta name=\"twitter:label1\" content=\"Est. reading time\" \/>\n\t<meta name=\"twitter:data1\" content=\"2 \u062e\u0648\u0644\u06d5\u06a9\" \/>\n<script type=\"application\/ld+json\" class=\"yoast-schema-graph\">{\"@context\":\"https:\/\/schema.org\",\"@graph\":[{\"@type\":\"WebPage\",\"@id\":\"https:\/\/aviator-crash.org\/ku\/reviews-of-the-game-aviator\/\",\"url\":\"https:\/\/aviator-crash.org\/ku\/reviews-of-the-game-aviator\/\",\"name\":\"Reviews of the game Aviator ji l\u00eestikvan\u00ean\",\"isPartOf\":{\"@id\":\"https:\/\/aviator-crash.org\/ku\/#website\"},\"datePublished\":\"2023-12-22T18:32:01+00:00\",\"dateModified\":\"2024-02-02T20:50:30+00:00\",\"description\":\"Nirx\u00ean l\u00eestika t\u00eak\u00e7\u00fbn\u00ea Aviator ji l\u00eestikvan\u00ean rast\u00een d\u00ea bih\u00eale ku h\u00fbn hem\u00ee er\u00ean\u00ee \u00fb ney\u00een\u00eey\u00ean c\u00eehaz\u00ea f\u00ear bibin. Qa\u00eedey\u00ean bingeh\u00een \u00ean mak\u00eeney\u00ea \u00fb nuwazey\u00ean kontrol\u00ea.\",\"breadcrumb\":{\"@id\":\"https:\/\/aviator-crash.org\/ku\/reviews-of-the-game-aviator\/#breadcrumb\"},\"inLanguage\":\"ckb\",\"potentialAction\":[{\"@type\":\"ReadAction\",\"target\":[\"https:\/\/aviator-crash.org\/ku\/reviews-of-the-game-aviator\/\"]}]},{\"@type\":\"BreadcrumbList\",\"@id\":\"https:\/\/aviator-crash.org\/ku\/reviews-of-the-game-aviator\/#breadcrumb\",\"itemListElement\":[{\"@type\":\"ListItem\",\"position\":1,\"name\":\"Home\",\"item\":\"https:\/\/aviator-crash.org\/ku\/listika-aviator-liserxete-ji-bo-peran-rast\/\"},{\"@type\":\"ListItem\",\"position\":2,\"name\":\"Reviews of the game Aviator\"}]},{\"@type\":\"WebSite\",\"@id\":\"https:\/\/aviator-crash.org\/ku\/#website\",\"url\":\"https:\/\/aviator-crash.org\/ku\/\",\"name\":\"\",\"description\":\"\",\"potentialAction\":[{\"@type\":\"SearchAction\",\"target\":{\"@type\":\"EntryPoint\",\"urlTemplate\":\"https:\/\/aviator-crash.org\/ku\/?s={search_term_string}\"},\"query-input\":\"required name=search_term_string\"}],\"inLanguage\":\"ckb\"}]}<\/script>\n<!-- \/ Yoast SEO plugin. -->","yoast_head_json":{"title":"Reviews of the game Aviator ji l\u00eestikvan\u00ean","description":"Nirx\u00ean l\u00eestika t\u00eak\u00e7\u00fbn\u00ea Aviator ji l\u00eestikvan\u00ean rast\u00een d\u00ea bih\u00eale ku h\u00fbn hem\u00ee er\u00ean\u00ee \u00fb ney\u00een\u00eey\u00ean c\u00eehaz\u00ea f\u00ear bibin. Qa\u00eedey\u00ean bingeh\u00een \u00ean mak\u00eeney\u00ea \u00fb nuwazey\u00ean kontrol\u00ea.","robots":{"index":"index","follow":"follow","max-snippet":"max-snippet:-1","max-image-preview":"max-image-preview:large","max-video-preview":"max-video-preview:-1"},"canonical":"https:\/\/aviator-crash.org\/ku\/reviews-of-the-game-aviator\/","og_locale":"en_US","og_type":"article","og_title":"Reviews of the game Aviator ji l\u00eestikvan\u00ean","og_description":"Nirx\u00ean l\u00eestika t\u00eak\u00e7\u00fbn\u00ea Aviator ji l\u00eestikvan\u00ean rast\u00een d\u00ea bih\u00eale ku h\u00fbn hem\u00ee er\u00ean\u00ee \u00fb ney\u00een\u00eey\u00ean c\u00eehaz\u00ea f\u00ear bibin. Qa\u00eedey\u00ean bingeh\u00een \u00ean mak\u00eeney\u00ea \u00fb nuwazey\u00ean kontrol\u00ea.","og_url":"https:\/\/aviator-crash.org\/ku\/reviews-of-the-game-aviator\/","article_modified_time":"2024-02-02T20:50:30+00:00","twitter_card":"summary_large_image","twitter_misc":{"Est. reading time":"2 \u062e\u0648\u0644\u06d5\u06a9"},"schema":{"@context":"https:\/\/schema.org","@graph":[{"@type":"WebPage","@id":"https:\/\/aviator-crash.org\/ku\/reviews-of-the-game-aviator\/","url":"https:\/\/aviator-crash.org\/ku\/reviews-of-the-game-aviator\/","name":"Reviews of the game Aviator ji l\u00eestikvan\u00ean","isPartOf":{"@id":"https:\/\/aviator-crash.org\/ku\/#website"},"datePublished":"2023-12-22T18:32:01+00:00","dateModified":"2024-02-02T20:50:30+00:00","description":"Nirx\u00ean l\u00eestika t\u00eak\u00e7\u00fbn\u00ea Aviator ji l\u00eestikvan\u00ean rast\u00een d\u00ea bih\u00eale ku h\u00fbn hem\u00ee er\u00ean\u00ee \u00fb ney\u00een\u00eey\u00ean c\u00eehaz\u00ea f\u00ear bibin. Qa\u00eedey\u00ean bingeh\u00een \u00ean mak\u00eeney\u00ea \u00fb nuwazey\u00ean kontrol\u00ea.","breadcrumb":{"@id":"https:\/\/aviator-crash.org\/ku\/reviews-of-the-game-aviator\/#breadcrumb"},"inLanguage":"ckb","potentialAction":[{"@type":"ReadAction","target":["https:\/\/aviator-crash.org\/ku\/reviews-of-the-game-aviator\/"]}]},{"@type":"BreadcrumbList","@id":"https:\/\/aviator-crash.org\/ku\/reviews-of-the-game-aviator\/#breadcrumb","itemListElement":[{"@type":"ListItem","position":1,"name":"Home","item":"https:\/\/aviator-crash.org\/ku\/listika-aviator-liserxete-ji-bo-peran-rast\/"},{"@type":"ListItem","position":2,"name":"Reviews of the game Aviator"}]},{"@type":"WebSite","@id":"https:\/\/aviator-crash.org\/ku\/#website","url":"https:\/\/aviator-crash.org\/ku\/","name":"","description":"","potentialAction":[{"@type":"SearchAction","target":{"@type":"EntryPoint","urlTemplate":"https:\/\/aviator-crash.org\/ku\/?s={search_term_string}"},"query-input":"required name=search_term_string"}],"inLanguage":"ckb"}]}},"_links":{"self":[{"href":"https:\/\/aviator-crash.org\/ku\/wp-json\/wp\/v2\/pages\/4537"}],"collection":[{"href":"https:\/\/aviator-crash.org\/ku\/wp-json\/wp\/v2\/pages"}],"about":[{"href":"https:\/\/aviator-crash.org\/ku\/wp-json\/wp\/v2\/types\/page"}],"author":[{"embeddable":true,"href":"https:\/\/aviator-crash.org\/ku\/wp-json\/wp\/v2\/users\/2"}],"replies":[{"embeddable":true,"href":"https:\/\/aviator-crash.org\/ku\/wp-json\/wp\/v2\/comments?post=4537"}],"version-history":[{"count":1,"href":"https:\/\/aviator-crash.org\/ku\/wp-json\/wp\/v2\/pages\/4537\/revisions"}],"predecessor-version":[{"id":4538,"href":"https:\/\/aviator-crash.org\/ku\/wp-json\/wp\/v2\/pages\/4537\/revisions\/4538"}],"wp:attachment":[{"href":"https:\/\/aviator-crash.org\/ku\/wp-json\/wp\/v2\/media?parent=4537"}],"curies":[{"name":"wp","href":"https:\/\/api.w.org\/{rel}","templated":true}]}}