{"id":4557,"date":"2023-12-27T19:09:40","date_gmt":"2023-12-27T19:09:40","guid":{"rendered":"https:\/\/aviator-crash.org\/games-wek-aviator-ji-bo-pere\/"},"modified":"2024-02-02T20:52:20","modified_gmt":"2024-02-02T20:52:20","slug":"games-wek-aviator-ji-bo-pere","status":"publish","type":"page","link":"https:\/\/aviator-crash.org\/ku\/games-wek-aviator-ji-bo-pere\/","title":{"rendered":"Games wek Aviator ji bo pere"},"content":{"rendered":"\n<p>Aviator l\u00eestikek b\u00eahempa ye, yek ji yekem l\u00eestik\u00ean v\u00eedyoy\u00ea y\u00ean ji bo drav\u00ea di \u015f\u00eawaza qezay\u00ea de ye, xuyangiya w\u00ea di qumara serh\u00eal de dengek \u00e7\u00eakir. Ew d\u00eenam\u00eek e, heyecan e, bi gerok\u00ean kurt, ku ji bo leza adrenal\u00eenek h\u00eazdar \u00fb hest\u00ean zind\u00ee bes in. L\u00ea l\u00eestikvanek sof\u00eest\u00eeke her gav ji h\u00eala c\u00fbrbec\u00fbr ve t\u00ea d\u00eelgirtin, ji ber v\u00ea yek\u00ea \u00eero daxwaza analog\u00ean l\u00eestika Aviator bi lez z\u00eade b\u00fbye. F\u00eamkirina v\u00ea yek\u00ea, p\u00ea\u015fdebir\u00ean p\u00ea\u015feng bala xwe dane ser danas\u00eena hilber\u00ean wekhev bi karan\u00eena l\u00eestika n\u00fbjen.   <\/p>\n\n<h2 class=\"wp-block-heading\">Lucky Jet analogek l\u00eestika Aviator e<\/h2>\n\n<p>Lucky Jet l\u00eestikek bi pereyan a celeb\u00ea Aviator-\u00ea ku z\u00fb populer dibe, ji h\u00eala online casino 1win ve hat\u00ee p\u00ea\u015fk\u00ea\u015f kirin \u00fb yek ji wan \u00ean her\u00ee xwe\u015fik e. Ew m\u00eena Aviator\u00ea hat\u00ee \u00e7\u00eakirin, l\u00ea li \u015f\u00fbna balafir\u00ea div\u00ea h\u00fbn Lucky Joe \u00fb \u00e7enteya w\u00ee bi\u015fop\u00eenin. Beh\u00ees j\u00ee ber\u00ee destp\u00eakirina gerr\u00ea t\u00eane dan\u00een, \u00fb d\u00fbv re pirjimar t\u00ea \u00e7alak kirin, \u00fb h\u00fbn hewce ne ku wext\u00ea we hebe ku h\u00fbn destkeftiy\u00ean xwe berhev bikin ber\u00ee ku Joe bifire.  <\/p>\n\n<p>Derfet\u00ean Lucky Jet diguhere. H\u00fbn dikarin beh\u00ees\u00ea bi 3-an z\u00eade bikin, an j\u00ee h\u00fbn dikarin li benda z\u00eadeb\u00fbna 50, 100 an j\u00ee 200 car\u00ee bisekinin. Stat\u00eest\u00eek n\u00ee\u015fan dide ku \u015fans\u00ean bilind hevpar in. L\u00ea ew ten\u00ea bi l\u00eestikvan ve gir\u00eaday\u00ee ye ka \u00e7iqas b\u00eehnfirehiya w\u00ee heye \u00fb gelo ew dikare bi rast dir\u00eajahiya dora p\u00ea\u015fb\u00een bike.   <\/p>\n\n<h2 class=\"wp-block-heading\">Jet X l\u00eestikek din a celeb\u00ea Aviator e<\/h2>\n\n<p>L\u00eestika din a celeb\u00ea Aviator ku bi rengek \u00e7alak populer\u00eete bi dest dixe Jet X e, ku ji h\u00eala Smartsoft Gaming ve hat\u00ee p\u00ea\u015fk\u00ea\u015f kirin. Ew piral\u00eeker e, bi bingeh\u00een m\u00eena Aviator-\u00ea, ji ber ku &#8230; Di w\u00ea de h\u00fbn \u00ea her weha p\u00eadiv\u00ee ye ku balefira bilindb\u00fbn\u00ea bi\u015fop\u00eenin. C\u00fbdah\u00ee ew e ku xala hilgirtin\u00ea t\u00ea \u015fopandin, yan\u00ee. \u00c7iqas bilind be, d\u00ea qezenc\u00ean l\u00eestikvan ji ber z\u00eadeb\u00fbna \u015fans\u00ea mezintir be. L\u00eabel\u00ea, heke l\u00eestikvan nekare ber\u00ee ku balafir derkeve drav biki\u015f\u00eene, ew \u00ea her ti\u015ft\u00ee winda bike \u00fb winda bike.     <\/p>\n\n<p>L\u00eestik heyecan e, bi balansa adrenal\u00een \u00fb heyecan\u00ea, \u00fb her weha &#8220;xuley\u00ean&#8221; taybet\u00ee k\u00eafxwe\u015f dibe. Bo nim\u00fbne: <\/p>\n\n<ul>\n<li>Taybetmendiyek bonus heye ku bi ki\u015fandina Jackpot\u00ea ve gir\u00eaday\u00ee ye.<\/li>\n\n\n\n<li>Drav\u00ea her\u00ee k\u00eam bi r\u00eajeya 1.1 t\u00ea dan\u00een.<\/li>\n\n\n\n<li>Pirrjimar heya plus b\u00eadaw\u00ee dixebite.<\/li>\n<\/ul>\n\n<h2 class=\"wp-block-heading\">Rocket X (wek Aviator)<\/h2>\n\n<p>Rocket X di heman dem\u00ea de guhertoyek l\u00eestikek m\u00eena Aviator e, ku ji h\u00eala Slotegrator ve hat\u00ee p\u00ea\u015fk\u00ea\u015f kirin. Ew bi navg\u00eeniya xweya graf\u00eek\u00ee ya bilez, fonksiyonek b\u00eahempa, \u00fb j\u00eahat\u00eeb\u00fbna ku l\u00eestikvan gelek hest\u00ean zind\u00ee bide bal\u00ea diki\u015f\u00eene. Di w\u00ea de, komplo li ser bingeha rab\u00fbna roketek\u00ea ye, ku xortek hewl dide xwe l\u00ea bigire. Di her ger\u00ea de qatjimarek beh\u00ees\u00ea heye, ji ber v\u00ea yek\u00ea h\u00fbn dikarin m\u00eeqdarek bi 100 an j\u00ee z\u00eadetir z\u00eade bibin.   <\/p>\n\n<p>M\u00eeheng\u00ean v\u00ea l\u00eestik\u00ea hene:<\/p>\n\n<ul>\n<li>bids Auto.<\/li>\n\n\n\n<li>Veki\u015f\u00een\u00ean otomat\u00eek\u00ee.<\/li>\n<\/ul>\n\n<p>H\u00fbn dikarin hem stratejiy\u00ean nerm \u00fb hem j\u00ee \u00ear\u00ee\u015fkar bikar b\u00eenin. Di heman dem\u00ea de, yek serkeftinek garant\u00eekir\u00ee tune; her ti\u015ft li ser destp\u00eakirina pergalek rasthat\u00ee hat\u00ee \u00e7\u00eakirin, yan\u00ee. Bext d\u00ea her ti\u015ft\u00ee diyar bike.  <\/p>\n\n<h2 class=\"wp-block-heading\">Space XY (wek Aviator)<\/h2>\n\n<p>Space XY di heman dem\u00ea de ji bo kes\u00ean ku bi l\u00eestikek drav\u00ea m\u00eena Aviator re eleqedar dibin vebijarkek gir\u00eeng e. Di w\u00ea de, l\u00eestikvan ne\u00e7ar in ku ne balafirek, l\u00ea roketek bav\u00eajin. T\u00eakil\u00ee berbi\u00e7av \u00fb lacon\u00eek e. Beh\u00ees li dora din t\u00eane dan\u00een, ku t\u00ea de l\u00eestikvan ne\u00e7ar e li fir\u00eena rok\u00eata xwe tema\u015fe bike. L\u00eabel\u00ea, ew dikare ji ni\u015fka ve ji radar\u00ea winda bibe, ji qurs\u00ea derkeve \u00fb biteqe, \u00fb gava ku ev yek \u00e7\u00eabibe, hem\u00ee beh\u00ees qut dibin. Erka l\u00eestikvan ew e ku di wext\u00ea de ji rok\u00eat\u00ea &#8220;bifire&#8221;, yan\u00ee. wek\u00ee di l\u00eestik\u00ean din \u00ean bi v\u00ee reng\u00ee de, ber\u00ee ku biteqe drav berhev bikin.      <\/p>\n\n<h2 class=\"wp-block-heading\">Dirav an Crash (wek Aviator)<\/h2>\n\n<p>Cash an Crash, her \u00e7end analogek Aviator e j\u00ee, ji ber ku ew p\u00ea\u015fandanek l\u00eestikek tevah\u00ee ye \u00fb l\u00eestikek zind\u00ee ye ku ji h\u00eala rastiy\u00ea ve z\u00eade dibe. P\u00eelan di hundur\u00ea ke\u015ftiyek heway\u00ee ya virtual de, ku li wir derenceyek ji 20 gavan heye, p\u00ea\u015fve di\u00e7e. Tevgera bi w\u00ea re dibe al\u00eekar ku ke\u015ftiya heway\u00ea were hildan \u00fb w\u00ea ji Erd\u00ea d\u00fbr \u00fb dir\u00eajtir biki\u015f\u00eene. Dema ku hilki\u015fin ser derenceyan, top\u00ean kesk ron\u00ee dibin, her yek ber bi serfiraziy\u00ea ve dibe \u00fb qezencan z\u00eade dike, l\u00ea gava ku ya sor ron\u00ee bibe, l\u00eestikvan d\u00ea biqeli\u015fe \u00fb her ti\u015ft\u00ee winda bike.   <\/p>\n\n<p>Taybetmend\u00ee:<\/p>\n\n<ul>\n<li>Z\u00eadeb\u00fbna beh\u00eesan heta 50,000 car\u00ee mimkun e.<\/li>\n\n\n\n<li>Her weha topek z\u00ear\u00een heye ku jiyanek z\u00eade dide.<\/li>\n<\/ul>\n\n<h2 class=\"wp-block-heading\">Derxistina encaman<\/h2>\n\n<p>Aviator \u00fb l\u00eestik\u00ean m\u00eena wan fersendek gir\u00eeng in ku h\u00fbn rihet bibin, rihet bibin, \u00fb ji negat\u00eefiya ku di nav roj\u00ea de hat\u00ee berhev kirin xilas bibin. Di heman dem\u00ea de, her gamer wateya xwe di\u015fop\u00eene: <\/p>\n\n<ul>\n<li>K\u00eafxwe\u015f bibin \u00fb heyecan\u00ea t\u00ear bikin.<\/li>\n\n\n\n<li>Ji bo ku pere qezenc bikin.<\/li>\n<\/ul>\n\n<p>K\u00eejan l\u00eestika m\u00eena Aviator ji bo bijartina drav \u00fb ji bo \u00e7i armanc\u00ea l\u00eestin bi we ve gir\u00eaday\u00ee ye, ya sereke ev e ku h\u00fbn bikaribin xwe kontrol bikin \u00fb li stratejiya bijart\u00ee bisekinin. Hilbijartinek mezin a slots fersendek gir\u00eeng e ku meriv dema vala ya l\u00eestikvan\u00ea her\u00ee bi tecrube j\u00ee cih\u00eareng bike. <\/p>\n","protected":false},"excerpt":{"rendered":"<p>Aviator l\u00eestikek b\u00eahempa ye, yek ji yekem l\u00eestik\u00ean v\u00eedyoy\u00ea y\u00ean ji bo drav\u00ea di \u015f\u00eawaza qezay\u00ea de ye, xuyangiya w\u00ea di qumara serh\u00eal de dengek \u00e7\u00eakir. Ew d\u00eenam\u00eek e, heyecan e, bi gerok\u00ean kurt, ku ji bo leza adrenal\u00eenek h\u00eazdar \u00fb hest\u00ean zind\u00ee bes in. L\u00ea l\u00eestikvanek sof\u00eest\u00eeke her gav ji h\u00eala c\u00fbrbec\u00fbr ve t\u00ea [&hellip;]<\/p>\n","protected":false},"author":2,"featured_media":0,"parent":0,"menu_order":0,"comment_status":"closed","ping_status":"closed","template":"","meta":{"footnotes":""},"yoast_head":"<!-- This site is optimized with the Yoast SEO plugin v21.7 - https:\/\/yoast.com\/wordpress\/plugins\/seo\/ -->\n<title>L\u00eestik\u00ean bi v\u00ee reng\u00ee y\u00ean ji bo drav\u00ea li ser Aviator (bi celeb \u00fb analog\u00ean Aviator-\u00ea di\u015fibin)<\/title>\n<meta name=\"description\" content=\"Vekol\u00eena l\u00eestik\u00ean qezay\u00ea y\u00ean wek\u00ee navdar &quot;Aviator&quot; ji bo drav. Vebijark\u00ean TOP-\u00ea binih\u00earin \u00fb ya ku d\u00ea we bi hest \u00fb heyecana n\u00fb bar bike hilbij\u00earin, \u00fb heke Fortune xwe\u015f be, w\u00ea hing\u00ea bi serkeftinek zexm!\" \/>\n<meta name=\"robots\" content=\"index, follow, max-snippet:-1, max-image-preview:large, max-video-preview:-1\" \/>\n<link rel=\"canonical\" href=\"https:\/\/aviator-crash.org\/ku\/games-wek-aviator-ji-bo-pere\/\" \/>\n<meta property=\"og:locale\" content=\"en_US\" \/>\n<meta property=\"og:type\" content=\"article\" \/>\n<meta property=\"og:title\" content=\"L\u00eestik\u00ean bi v\u00ee reng\u00ee y\u00ean ji bo drav\u00ea li ser Aviator (bi celeb \u00fb analog\u00ean Aviator-\u00ea di\u015fibin)\" \/>\n<meta property=\"og:description\" content=\"Vekol\u00eena l\u00eestik\u00ean qezay\u00ea y\u00ean wek\u00ee navdar &quot;Aviator&quot; ji bo drav. Vebijark\u00ean TOP-\u00ea binih\u00earin \u00fb ya ku d\u00ea we bi hest \u00fb heyecana n\u00fb bar bike hilbij\u00earin, \u00fb heke Fortune xwe\u015f be, w\u00ea hing\u00ea bi serkeftinek zexm!\" \/>\n<meta property=\"og:url\" content=\"https:\/\/aviator-crash.org\/ku\/games-wek-aviator-ji-bo-pere\/\" \/>\n<meta property=\"article:modified_time\" content=\"2024-02-02T20:52:20+00:00\" \/>\n<meta name=\"twitter:card\" content=\"summary_large_image\" \/>\n<meta name=\"twitter:label1\" content=\"Est. reading time\" \/>\n\t<meta name=\"twitter:data1\" content=\"5 \u062e\u0648\u0644\u06d5\u06a9\" \/>\n<script type=\"application\/ld+json\" class=\"yoast-schema-graph\">{\"@context\":\"https:\/\/schema.org\",\"@graph\":[{\"@type\":\"WebPage\",\"@id\":\"https:\/\/aviator-crash.org\/ku\/games-wek-aviator-ji-bo-pere\/\",\"url\":\"https:\/\/aviator-crash.org\/ku\/games-wek-aviator-ji-bo-pere\/\",\"name\":\"L\u00eestik\u00ean bi v\u00ee reng\u00ee y\u00ean ji bo drav\u00ea li ser Aviator (bi celeb \u00fb analog\u00ean Aviator-\u00ea di\u015fibin)\",\"isPartOf\":{\"@id\":\"https:\/\/aviator-crash.org\/ku\/#website\"},\"datePublished\":\"2023-12-27T19:09:40+00:00\",\"dateModified\":\"2024-02-02T20:52:20+00:00\",\"description\":\"Vekol\u00eena l\u00eestik\u00ean qezay\u00ea y\u00ean wek\u00ee navdar \\\"Aviator\\\" ji bo drav. Vebijark\u00ean TOP-\u00ea binih\u00earin \u00fb ya ku d\u00ea we bi hest \u00fb heyecana n\u00fb bar bike hilbij\u00earin, \u00fb heke Fortune xwe\u015f be, w\u00ea hing\u00ea bi serkeftinek zexm!\",\"breadcrumb\":{\"@id\":\"https:\/\/aviator-crash.org\/ku\/games-wek-aviator-ji-bo-pere\/#breadcrumb\"},\"inLanguage\":\"ckb\",\"potentialAction\":[{\"@type\":\"ReadAction\",\"target\":[\"https:\/\/aviator-crash.org\/ku\/games-wek-aviator-ji-bo-pere\/\"]}]},{\"@type\":\"BreadcrumbList\",\"@id\":\"https:\/\/aviator-crash.org\/ku\/games-wek-aviator-ji-bo-pere\/#breadcrumb\",\"itemListElement\":[{\"@type\":\"ListItem\",\"position\":1,\"name\":\"Home\",\"item\":\"https:\/\/aviator-crash.org\/ku\/listika-aviator-liserxete-ji-bo-peran-rast\/\"},{\"@type\":\"ListItem\",\"position\":2,\"name\":\"Games wek Aviator ji bo pere\"}]},{\"@type\":\"WebSite\",\"@id\":\"https:\/\/aviator-crash.org\/ku\/#website\",\"url\":\"https:\/\/aviator-crash.org\/ku\/\",\"name\":\"\",\"description\":\"\",\"potentialAction\":[{\"@type\":\"SearchAction\",\"target\":{\"@type\":\"EntryPoint\",\"urlTemplate\":\"https:\/\/aviator-crash.org\/ku\/?s={search_term_string}\"},\"query-input\":\"required name=search_term_string\"}],\"inLanguage\":\"ckb\"}]}<\/script>\n<!-- \/ Yoast SEO plugin. -->","yoast_head_json":{"title":"L\u00eestik\u00ean bi v\u00ee reng\u00ee y\u00ean ji bo drav\u00ea li ser Aviator (bi celeb \u00fb analog\u00ean Aviator-\u00ea di\u015fibin)","description":"Vekol\u00eena l\u00eestik\u00ean qezay\u00ea y\u00ean wek\u00ee navdar \"Aviator\" ji bo drav. Vebijark\u00ean TOP-\u00ea binih\u00earin \u00fb ya ku d\u00ea we bi hest \u00fb heyecana n\u00fb bar bike hilbij\u00earin, \u00fb heke Fortune xwe\u015f be, w\u00ea hing\u00ea bi serkeftinek zexm!","robots":{"index":"index","follow":"follow","max-snippet":"max-snippet:-1","max-image-preview":"max-image-preview:large","max-video-preview":"max-video-preview:-1"},"canonical":"https:\/\/aviator-crash.org\/ku\/games-wek-aviator-ji-bo-pere\/","og_locale":"en_US","og_type":"article","og_title":"L\u00eestik\u00ean bi v\u00ee reng\u00ee y\u00ean ji bo drav\u00ea li ser Aviator (bi celeb \u00fb analog\u00ean Aviator-\u00ea di\u015fibin)","og_description":"Vekol\u00eena l\u00eestik\u00ean qezay\u00ea y\u00ean wek\u00ee navdar \"Aviator\" ji bo drav. Vebijark\u00ean TOP-\u00ea binih\u00earin \u00fb ya ku d\u00ea we bi hest \u00fb heyecana n\u00fb bar bike hilbij\u00earin, \u00fb heke Fortune xwe\u015f be, w\u00ea hing\u00ea bi serkeftinek zexm!","og_url":"https:\/\/aviator-crash.org\/ku\/games-wek-aviator-ji-bo-pere\/","article_modified_time":"2024-02-02T20:52:20+00:00","twitter_card":"summary_large_image","twitter_misc":{"Est. reading time":"5 \u062e\u0648\u0644\u06d5\u06a9"},"schema":{"@context":"https:\/\/schema.org","@graph":[{"@type":"WebPage","@id":"https:\/\/aviator-crash.org\/ku\/games-wek-aviator-ji-bo-pere\/","url":"https:\/\/aviator-crash.org\/ku\/games-wek-aviator-ji-bo-pere\/","name":"L\u00eestik\u00ean bi v\u00ee reng\u00ee y\u00ean ji bo drav\u00ea li ser Aviator (bi celeb \u00fb analog\u00ean Aviator-\u00ea di\u015fibin)","isPartOf":{"@id":"https:\/\/aviator-crash.org\/ku\/#website"},"datePublished":"2023-12-27T19:09:40+00:00","dateModified":"2024-02-02T20:52:20+00:00","description":"Vekol\u00eena l\u00eestik\u00ean qezay\u00ea y\u00ean wek\u00ee navdar \"Aviator\" ji bo drav. Vebijark\u00ean TOP-\u00ea binih\u00earin \u00fb ya ku d\u00ea we bi hest \u00fb heyecana n\u00fb bar bike hilbij\u00earin, \u00fb heke Fortune xwe\u015f be, w\u00ea hing\u00ea bi serkeftinek zexm!","breadcrumb":{"@id":"https:\/\/aviator-crash.org\/ku\/games-wek-aviator-ji-bo-pere\/#breadcrumb"},"inLanguage":"ckb","potentialAction":[{"@type":"ReadAction","target":["https:\/\/aviator-crash.org\/ku\/games-wek-aviator-ji-bo-pere\/"]}]},{"@type":"BreadcrumbList","@id":"https:\/\/aviator-crash.org\/ku\/games-wek-aviator-ji-bo-pere\/#breadcrumb","itemListElement":[{"@type":"ListItem","position":1,"name":"Home","item":"https:\/\/aviator-crash.org\/ku\/listika-aviator-liserxete-ji-bo-peran-rast\/"},{"@type":"ListItem","position":2,"name":"Games wek Aviator ji bo pere"}]},{"@type":"WebSite","@id":"https:\/\/aviator-crash.org\/ku\/#website","url":"https:\/\/aviator-crash.org\/ku\/","name":"","description":"","potentialAction":[{"@type":"SearchAction","target":{"@type":"EntryPoint","urlTemplate":"https:\/\/aviator-crash.org\/ku\/?s={search_term_string}"},"query-input":"required name=search_term_string"}],"inLanguage":"ckb"}]}},"_links":{"self":[{"href":"https:\/\/aviator-crash.org\/ku\/wp-json\/wp\/v2\/pages\/4557"}],"collection":[{"href":"https:\/\/aviator-crash.org\/ku\/wp-json\/wp\/v2\/pages"}],"about":[{"href":"https:\/\/aviator-crash.org\/ku\/wp-json\/wp\/v2\/types\/page"}],"author":[{"embeddable":true,"href":"https:\/\/aviator-crash.org\/ku\/wp-json\/wp\/v2\/users\/2"}],"replies":[{"embeddable":true,"href":"https:\/\/aviator-crash.org\/ku\/wp-json\/wp\/v2\/comments?post=4557"}],"version-history":[{"count":1,"href":"https:\/\/aviator-crash.org\/ku\/wp-json\/wp\/v2\/pages\/4557\/revisions"}],"predecessor-version":[{"id":4558,"href":"https:\/\/aviator-crash.org\/ku\/wp-json\/wp\/v2\/pages\/4557\/revisions\/4558"}],"wp:attachment":[{"href":"https:\/\/aviator-crash.org\/ku\/wp-json\/wp\/v2\/media?parent=4557"}],"curies":[{"name":"wp","href":"https:\/\/api.w.org\/{rel}","templated":true}]}}