{"id":5198,"date":"2023-12-27T19:12:26","date_gmt":"2023-12-27T19:12:26","guid":{"rendered":"https:\/\/aviator-crash.org\/listiken-bilez-en-ji-bo-drave-serhel-bi-vekisine\/"},"modified":"2024-02-02T21:11:53","modified_gmt":"2024-02-02T21:11:53","slug":"listiken-bilez-en-ji-bo-drave-serhel-bi-vekisine","status":"publish","type":"page","link":"https:\/\/aviator-crash.org\/ku\/listiken-bilez-en-ji-bo-drave-serhel-bi-vekisine\/","title":{"rendered":"L\u00eestik\u00ean bilez \u00ean ji bo drav\u00ea serh\u00eal bi veki\u015f\u00een\u00ea"},"content":{"rendered":"\n<figure class=\"wp-block-gallery has-nested-images columns-default is-cropped wp-block-gallery-1 is-layout-flex wp-block-gallery-is-layout-flex\">\n<figure class=\"wp-block-image size-large\"><span itemprop=\"image\" itemscope itemtype=\"https:\/\/schema.org\/ImageObject\"><img itemprop=\"url image\" loading=\"lazy\" decoding=\"async\" width=\"683\" height=\"600\" data-id=\"460\" src=\"https:\/\/aviator-crash.org\/wp-content\/uploads\/2024\/01\/aviator-minigame-logo-4.png\" alt=\"\" class=\"wp-image-460\" srcset=\"https:\/\/aviator-crash.org\/wp-content\/uploads\/2024\/01\/aviator-minigame-logo-4.png 683w, https:\/\/aviator-crash.org\/wp-content\/uploads\/2024\/01\/aviator-minigame-logo-4-300x264.png 300w\" sizes=\"(max-width: 683px) 100vw, 683px\" \/><meta itemprop=\"width\" content=\"683\"><meta itemprop=\"height\" content=\"600\"><\/span><\/figure>\n<\/figure>\n\n<p>T\u00eageha l\u00eestika Crash di destp\u00eaka sal\u00ean 2000-an de xuya b\u00fb. L\u00eabel\u00ea, di van \u00e7end sal\u00ean daw\u00ee de ew her ku di\u00e7e populer b\u00fbne. L\u00eestik\u00ean ji bo z\u00fb qezenckirina drav hema hema di hem\u00ee online casino de t\u00eane p\u00ea\u015fk\u00ea\u015f kirin. Her dor heyecan e, bi adrenal\u00een dagirt\u00ee ye. L\u00eestik\u00ean bilez xwedan l\u00eestikek h\u00easan in: pirjimar z\u00eade dibe, \u00fb li gor\u00ee v\u00ea yek\u00ea serket\u00ee z\u00eade dibin; h\u00fbn hewce ne ku wext\u00ea we hebe ku h\u00fbn ber\u00ee karesat\u00ea drav berhev bikin.    <\/p>\n\n<h2 class=\"wp-block-heading\">Crash game ji bo peran bi veki\u015f\u00een\u00ea<\/h2>\n\n<p>Qezenckirina perey\u00ean bilez di qumar\u00ea de ji bo l\u00eestikvanan pir balk\u00ea\u015f e. P\u00eadiv\u00ee ye ku bikarh\u00eaner bi baldar\u00ee l\u00eestika l\u00eestik\u00ea bi\u015fop\u00eene \u00fb gava ku t\u00eagih\u00ee\u015ftina w\u00ee j\u00ea re dib\u00eaje bi\u015fkojk\u00ea bikirt\u00eene. L\u00eestika bi veki\u015f\u00eena drav\u00ea bilez rast e, ev ji h\u00eala qumardar\u00ean ji \u00e7ar aliy\u00ean c\u00eehan\u00ea ve t\u00ea pejirandin.  <\/p>\n\n<p>Prens\u00eeb pir h\u00easan e: l\u00eestikvan beh\u00eesek\u00ea \u00e7\u00eadike, pi\u015ft\u00ee w\u00ea pirjimar z\u00eade dibe. Kes nizane w\u00ea dewr li k\u00eejan xal\u00ea biqede. Di qumar\u00ea de z\u00fb drav qezen\u00e7kirin heke, bi x\u00eara t\u00eagihi\u015ftin\u00ea, h\u00fbn ber\u00ee karesat\u00ea p\u00eal bi\u015fkojk\u00ea bikin. Serkeftin berhema beh\u00ees\u00ea \u00fb \u015fans\u00ea ku l\u00eestik t\u00ea de rawestiya ye. Ger bikarh\u00eaner dem tuneb\u00fb, casino qezenc kir. Dor dir\u00eajtir, metirs\u00ee j\u00ee mezintir dibe. L\u00ea di heman dem\u00ea de \u015fansek mezin a l\u00eadana Jackpot\u00ea heye.      <\/p>\n\n<p>L\u00eestik\u00ean Crash-\u00ea y\u00ean ji bo drav\u00ea li ser bingeha RNG-\u00ea t\u00eane \u00e7\u00eakirin, ku ne gengaz e ku meriv l\u00ea bixe. Bernamey\u00ean c\u00fbrbec\u00fbr hacking an piley\u00ean xap\u00eenok j\u00ee d\u00ea nebin al\u00eekar. Edaleta l\u00eestik\u00ean t\u00eak\u00e7\u00fbn\u00ea dikare were \u00eesbat kirin; her bikarh\u00eaner dikare wan kontrol bike.  <\/p>\n\n<h2 class=\"wp-block-heading\">L\u00eestika Aviator (balafira difire) ji bo peran<\/h2>\n\n<p>Mini l\u00eestik\u00ean bi veki\u015f\u00eena drav\u00ea pir populer in. \u00db yek ji navdartir\u00een Aviator e. S\u00eawirana pir h\u00easan e. Balafirek li hember pa\u015fxaneyek tar\u00ee bilindahiy\u00ea digire. \u00c7iqas bilind be, ew qas bilindtir e. Ger bixwaze, h\u00fbn dikarin an\u00eemasyon\u00ea ne\u00e7alak bikin. Di v\u00ea rew\u015f\u00ea de, bikarh\u00eaner d\u00ea li p\u00ea\u015fiya xwe ten\u00ea jimareyek mezinb\u00fbn\u00ea bib\u00eene. Pirrjimar ji yek\u00ea dest p\u00ea dike \u00fb bi rengek neyeksan bilind dibe. Ten\u00ea \u00e7end saniye bes e ku ew p\u00eanc an sed car\u00ee mezin bibe. Demjim\u00eara dor dikare c\u00fbda bibe, ji saniyeyek tevah\u00ee heya per\u00e7eyek pi\u00e7\u00fbk. Ger bixwaze, l\u00eestikvan dest bi otoplay\u00ea dike; ya ku ew hewce dike ev e ku beh\u00ees \u00fb \u015fans\u00ea bi daw\u00eekirina dewr\u00ea saz bike. Bi saya Stat\u00eest\u00eek\u00ean Zind\u00ee h\u00fbn dikarin beh\u00ees\u00ean ber\u00ea \u00fb encam\u00ean bikarh\u00eaner\u00ean din bib\u00eenin.           <\/p>\n\n<h2 class=\"wp-block-heading\">L\u00eestika Crash &#8211; Lucky Jet<\/h2>\n\n<figure class=\"wp-block-gallery has-nested-images columns-default is-cropped wp-block-gallery-2 is-layout-flex wp-block-gallery-is-layout-flex\">\n<figure class=\"wp-block-image size-large\"><span itemprop=\"image\" itemscope itemtype=\"https:\/\/schema.org\/ImageObject\"><img itemprop=\"url image\" loading=\"lazy\" decoding=\"async\" width=\"1024\" height=\"509\" data-id=\"448\" src=\"https:\/\/aviator-crash.org\/wp-content\/uploads\/2024\/01\/lucky-jet_1-1024x509.jpg\" alt=\"\" class=\"wp-image-448\" srcset=\"https:\/\/aviator-crash.org\/wp-content\/uploads\/2024\/01\/lucky-jet_1-1024x509.jpg 1024w, https:\/\/aviator-crash.org\/wp-content\/uploads\/2024\/01\/lucky-jet_1-300x149.jpg 300w, https:\/\/aviator-crash.org\/wp-content\/uploads\/2024\/01\/lucky-jet_1-768x382.jpg 768w, https:\/\/aviator-crash.org\/wp-content\/uploads\/2024\/01\/lucky-jet_1.jpg 1093w\" sizes=\"(max-width: 1024px) 100vw, 1024px\" \/><meta itemprop=\"width\" content=\"1024\"><meta itemprop=\"height\" content=\"509\"><\/span><\/figure>\n<\/figure>\n\n<p>L\u00eestik\u00ean Crash-\u00ea y\u00ean ji bo drav\u00ea bi bonus xwedan komployek c\u00fbda ne. Serh\u00eal h\u00fbn dikarin bext\u00ea xwe li Lucky Jet bicerib\u00eenin, ku karakter\u00ea sereke, Joe, hewl dide ku bi \u00e7enteyek tij\u00ee drav bifire. L\u00eestika Crash ji bo drav qa\u00eedey\u00ean h\u00easan hene. P\u00eadiv\u00ee ye ku h\u00fbn beh\u00eesek\u00ea hilbij\u00earin \u00fb wext\u00ea we hebe ku h\u00fbn w\u00ea drav bidin. Ger h\u00fbn v\u00ea yek\u00ea di wext\u00ea xwe de nekin, d\u00ea perey\u00ea we were \u015fewitandin. R\u00eajeya bi dema ku Joe li hewa dim\u00eene ve gir\u00eaday\u00ee ye.     <\/p>\n\n<p>Pirrjimara her\u00ee z\u00eade 100 e; li hin sazgeh\u00ean qumar\u00ea ew ducar dibe. Serkeftin ten\u00ea bi hi\u015fmendiya l\u00eestikvan ve gir\u00eaday\u00ee ye, ji ber ku ew biryar dide keng\u00ea p\u00eal bi\u015fkojk\u00ea bike. <\/p>\n\n<h2 class=\"wp-block-heading\">L\u00eestika Crash &#8211; Jet X<\/h2>\n\n<figure class=\"wp-block-gallery has-nested-images columns-default is-cropped wp-block-gallery-3 is-layout-flex wp-block-gallery-is-layout-flex\">\n<figure class=\"wp-block-image size-large\"><span itemprop=\"image\" itemscope itemtype=\"https:\/\/schema.org\/ImageObject\"><img itemprop=\"url image\" loading=\"lazy\" decoding=\"async\" width=\"1024\" height=\"621\" data-id=\"451\" src=\"https:\/\/aviator-crash.org\/wp-content\/uploads\/2024\/01\/jetx-game-9-1024x621-1.png\" alt=\"\" class=\"wp-image-451\" srcset=\"https:\/\/aviator-crash.org\/wp-content\/uploads\/2024\/01\/jetx-game-9-1024x621-1.png 1024w, https:\/\/aviator-crash.org\/wp-content\/uploads\/2024\/01\/jetx-game-9-1024x621-1-300x182.png 300w, https:\/\/aviator-crash.org\/wp-content\/uploads\/2024\/01\/jetx-game-9-1024x621-1-768x466.png 768w\" sizes=\"(max-width: 1024px) 100vw, 1024px\" \/><meta itemprop=\"width\" content=\"1024\"><meta itemprop=\"height\" content=\"621\"><\/span><\/figure>\n<\/figure>\n\n<p>L\u00eestik\u00ean bilez \u00ean ji bo drav\u00ea pir caran wesay\u00eetek wek\u00ee karaktera sereke bikar t\u00eenin. Di Jet X de h\u00fbn hewce ne ku tevgera jet bi\u015fop\u00eenin. L\u00eabel\u00ea, di yek xal\u00ea de ew \u00ea t\u00eak bibe \u00fb ji radar\u00ea winda bibe. \u00db ber\u00ee v\u00ea yek\u00ea ye ku bikarh\u00eaner p\u00eadiv\u00ee ye ku bi baldar\u00ee p\u00eal bi\u015fkojka veki\u015f\u00eena drav bike. Wek\u00ee din casino serdikeve.    <\/p>\n\n<p>L\u00eestik yek ji \u00e7\u00eatir\u00een e, ew di gelek casinos de t\u00ea p\u00ea\u015fk\u00ea\u015f kirin. Bikarh\u00eaner d\u00eemenderek radar\u00ea li p\u00ea\u015f xwe dib\u00eene, ku balafir \u00fb qas\u00ea n\u00ee\u015fan dide. Dema ku balafir radibe ew z\u00eade dibe. Ne ji bo ti\u015ftek e ku Jet X di kategoriya &#8220;L\u00eestik\u00ean bi veki\u015f\u00eena drav\u00ea bilez&#8221; de cih digire; dor ji du h\u00fbrdeman b\u00eatir dom nake.   <\/p>\n\n<p>Di qad\u00ean k\u00ealek\u00ea de, bikarh\u00eaner encam\u00ean ku di t\u00fbr\u00ean ber\u00ea de hatine bidestxistin dib\u00eene. Wek\u00ee din, stat\u00eest\u00eek\u00ean rast\u00een \u00ean hem\u00ee bikarh\u00eaneran t\u00eane destn\u00ee\u015fan kirin. L\u00eestikvan dikare du beh\u00ees\u00ea li ser yek dor\u00ea deyne; ger hewce bike, veki\u015f\u00eena otomot\u00eek a pereyan t\u00ea \u00e7alak kirin. Di her k\u00ealiy\u00ea de t\u00eak\u00e7\u00fbnek \u00e7\u00eadibe, tev\u00ee ku \u015fervan n\u00fb dest bi bilindb\u00fbn\u00ea kiriye. Malper\u00ean agahdar\u00ee r\u00eajeya her\u00ee z\u00eade ya x25000 radigih\u00eenin, l\u00ea yek qumar h\u00eaj negih\u00ee\u015ftiye w\u00ea.    <\/p>\n\n<h2 class=\"wp-block-heading\">L\u00eestika Crash &#8211; Rocket X<\/h2>\n\n<figure class=\"wp-block-gallery has-nested-images columns-default is-cropped wp-block-gallery-4 is-layout-flex wp-block-gallery-is-layout-flex\">\n<figure class=\"wp-block-image size-large\"><span itemprop=\"image\" itemscope itemtype=\"https:\/\/schema.org\/ImageObject\"><img itemprop=\"url image\" loading=\"lazy\" decoding=\"async\" width=\"1024\" height=\"448\" data-id=\"453\" src=\"https:\/\/aviator-crash.org\/wp-content\/uploads\/2024\/01\/screenshot-2022-11-29-at-12.55.42-1024x448.jpg\" alt=\"\" class=\"wp-image-453\" srcset=\"https:\/\/aviator-crash.org\/wp-content\/uploads\/2024\/01\/screenshot-2022-11-29-at-12.55.42-1024x448.jpg 1024w, https:\/\/aviator-crash.org\/wp-content\/uploads\/2024\/01\/screenshot-2022-11-29-at-12.55.42-300x131.jpg 300w, https:\/\/aviator-crash.org\/wp-content\/uploads\/2024\/01\/screenshot-2022-11-29-at-12.55.42-768x336.jpg 768w, https:\/\/aviator-crash.org\/wp-content\/uploads\/2024\/01\/screenshot-2022-11-29-at-12.55.42-1536x673.jpg 1536w, https:\/\/aviator-crash.org\/wp-content\/uploads\/2024\/01\/screenshot-2022-11-29-at-12.55.42-2048x897.jpg 2048w\" sizes=\"(max-width: 1024px) 100vw, 1024px\" \/><meta itemprop=\"width\" content=\"1024\"><meta itemprop=\"height\" content=\"448\"><\/span><\/figure>\n<\/figure>\n\n<p>Bikarh\u00eaner li rok\u00eat\u00ea tema\u015fe dike. Ew dikare ji 0,1 heta 140 beh\u00eesek\u00ea deyne. \u00c7iqas dir\u00eajtir fir\u00een bidome, \u015fans j\u00ee ew qas z\u00eade dibe. L\u00eestikvan dikarin l\u00eestik\u00ea ji bo xwe xwe\u015f bikin, beh\u00ees \u00fb vek\u00ea\u015fana otomat\u00eek bikar b\u00eenin. L\u00eestika t\u00eak\u00e7\u00fbn\u00ea m\u00eeheng\u00ean hindiktir\u00een hewce dike. Pi\u015ft\u00ee v\u00ea yek\u00ea, bikarh\u00eaner dikare ji p\u00eavajoyek balk\u00ea\u015f k\u00eaf\u00ea bike: pi\u015ft\u00ee ku rok\u00eat t\u00ea av\u00eatin, p\u00ealekek ge\u015f xuya dike, \u00fb hevseng j\u00ee z\u00eade dibe. Ger veki\u015f\u00eena otomat\u00eek\u00ee tune be, l\u00eestikvan dawiya gerr\u00ea hildibij\u00eare. Heger beriya teq\u00een\u00ea nekar\u00ee v\u00ee kar\u00ee bike, ew windakar dim\u00eene. Ger h\u00fbn stratej\u00ee \u00fb takt\u00eek\u00ean cih\u00eareng bikar b\u00eenin h\u00fbn dikarin bibin serket\u00ee.        <\/p>\n\n<h2 class=\"wp-block-heading\">L\u00eestika Crash &#8211; Space XY<\/h2>\n\n<figure class=\"wp-block-gallery has-nested-images columns-default is-cropped wp-block-gallery-5 is-layout-flex wp-block-gallery-is-layout-flex\">\n<figure class=\"wp-block-image size-large\"><span itemprop=\"image\" itemscope itemtype=\"https:\/\/schema.org\/ImageObject\"><img itemprop=\"url image\" loading=\"lazy\" decoding=\"async\" width=\"1024\" height=\"577\" data-id=\"455\" src=\"https:\/\/aviator-crash.org\/wp-content\/uploads\/2024\/01\/spacexy-gameplay-screen-1024x577-1.webp\" alt=\"\" class=\"wp-image-455\" srcset=\"https:\/\/aviator-crash.org\/wp-content\/uploads\/2024\/01\/spacexy-gameplay-screen-1024x577-1.webp 1024w, https:\/\/aviator-crash.org\/wp-content\/uploads\/2024\/01\/spacexy-gameplay-screen-1024x577-1-300x169.webp 300w, https:\/\/aviator-crash.org\/wp-content\/uploads\/2024\/01\/spacexy-gameplay-screen-1024x577-1-768x433.webp 768w\" sizes=\"(max-width: 1024px) 100vw, 1024px\" \/><meta itemprop=\"width\" content=\"1024\"><meta itemprop=\"height\" content=\"577\"><\/span><\/figure>\n<\/figure>\n\n<p>L\u00eestika Crash ji bo drav taybetmendiy\u00ean b\u00eahempa hene. Mijara c\u00eeh\u00ea w\u00ea ji l\u00eestikvanan re balk\u00ea\u015f \u00fb balk\u00ea\u015ftir dike. Ke\u015ftiy\u00ean fezay\u00ea, galaksiyan, afir\u00eed\u00ean biyaniyan, ev hem\u00ee bi an\u00eemasyon \u00fb graf\u00eek\u00ean ge\u015f dih\u00ealin ku h\u00fbn bi tevah\u00ee xwe di c\u00eehana l\u00eestik\u00ea de bih\u00ealin. Space XY l\u00eestika drav\u00ea bilez a \u00e7\u00eatir\u00een e, ew xwedan berhevok\u00ean serket\u00ee \u00fb taybetmendiy\u00ean bonus hene. H\u00fbn dikarin w\u00ea li serh\u00eal casinos\u00ean cih\u00eareng bib\u00eenin, ji ber v\u00ea yek\u00ea l\u00eestika Crash ji tema\u015fevanek berfireh re peyda dibe. H\u00fbn dikarin ji bo drav\u00ea rast\u00een an \u00e7\u00eep\u00ean virtual bil\u00eezin; ji bo v\u00ea yek\u00ea, ten\u00ea moda demo dest p\u00ea bikin.     <\/p>\n\n<h2 class=\"wp-block-heading\">L\u00eestika Z\u00fb &#8211; Dirav an Qeza<\/h2>\n\n<figure class=\"wp-block-gallery has-nested-images columns-default is-cropped wp-block-gallery-6 is-layout-flex wp-block-gallery-is-layout-flex\">\n<figure class=\"wp-block-image size-large\"><span itemprop=\"image\" itemscope itemtype=\"https:\/\/schema.org\/ImageObject\"><img itemprop=\"url image\" loading=\"lazy\" decoding=\"async\" width=\"1024\" height=\"576\" data-id=\"457\" src=\"https:\/\/aviator-crash.org\/wp-content\/uploads\/2024\/01\/cash-or-crash-evolution-live-games-hollywoodbets-1024x576-1.jpg\" alt=\"\" class=\"wp-image-457\" srcset=\"https:\/\/aviator-crash.org\/wp-content\/uploads\/2024\/01\/cash-or-crash-evolution-live-games-hollywoodbets-1024x576-1.jpg 1024w, https:\/\/aviator-crash.org\/wp-content\/uploads\/2024\/01\/cash-or-crash-evolution-live-games-hollywoodbets-1024x576-1-300x169.jpg 300w, https:\/\/aviator-crash.org\/wp-content\/uploads\/2024\/01\/cash-or-crash-evolution-live-games-hollywoodbets-1024x576-1-768x432.jpg 768w\" sizes=\"(max-width: 1024px) 100vw, 1024px\" \/><meta itemprop=\"width\" content=\"1024\"><meta itemprop=\"height\" content=\"576\"><\/span><\/figure>\n<\/figure>\n\n<p>L\u00eestikvan xwe di ke\u015ftiyek heway\u00ee de dib\u00eene ku li ser metropolek mezin digere. Bikarh\u00eaner mak\u00eeneyeke ku top t\u00ea de tevlihev dibin dib\u00eene. 8 topa sor, 19 kesk \u00fb yek z\u00ear t\u00ea bikaran\u00een. P\u00eadiv\u00ee ye ku l\u00eestikvan bi derenceyan rabe. Ji bo v\u00ea yek\u00ea, div\u00ea ew top\u00ean kesk berhev bike. Ger encam sor be, dor qediya. Topa z\u00ear\u00een dikare ji bo parastin\u00ea were bikar an\u00een, ew jiyanek z\u00eade dide.      <\/p>\n\n<p>Pi\u015ft\u00ee \u015fikandina mertal\u00ea an av\u00eatina topa kesk, l\u00eestikvan dikare bi serkeftinek tevah\u00ee di l\u00eestik\u00ea de bim\u00eene an j\u00ee dora xwe biqed\u00eene. Her weha derfeta w\u00ee heye ku n\u00eev\u00ea drav veki\u015f\u00eene, \u00fb bi m\u00eeqdara may\u00ee h\u00fbn dikarin l\u00eestik\u00ea bidom\u00eenin. Div\u00ea qumar bi b\u00eest astan derbas bibe. Di yekem ji wan de pirjimar 1.2x, \u00fb li jor\u00ea n\u00eardewan\u00ea ew 18000x e. L\u00eestik ten\u00ea hewce ye ku 5 $ beh\u00ees\u00ea bike da ku di encam\u00ea de 90,000 bist\u00eene.    <\/p>\n\n<p>H\u00fbn dikarin bi veki\u015f\u00eena bilez a drav di online casino de l\u00eestik\u00ea dak\u00ea\u015fin. P\u00eadiv\u00ee ye ku meriv bi l\u00eesans\u00ea kar\u00fbbarek p\u00eabawer hilbij\u00earin; ew lihevhatina bi qa\u00eedey\u00ean regulator re garant\u00ee dike. Ev t\u00ea v\u00ea watey\u00ea ku kasino xwed\u00ee pere ye ku tewra perey\u00ean mezin bide serketiyan, \u00fb ew bi berdewam\u00ee di bin kontrol\u00ean hundur\u00een \u00fb kontrol\u00ean nermalav\u00ea de ye. Gir\u00eeng e ku meriv l\u00eakol\u00een \u00fb malpera saziy\u00ea bixw\u00eene. Ger bikarh\u00eanerek li ser malperek xap\u00eenok biqede, ew \u00ea bi bonus \u00fb destkeftiyan \u015fahiy\u00ea wernegire, l\u00ea d\u00ea daney\u00ean xwe y\u00ean kesane winda bike an c\u00eehaza xwe bi v\u00eerusan bike.    <\/p>\n","protected":false},"excerpt":{"rendered":"<p>T\u00eageha l\u00eestika Crash di destp\u00eaka sal\u00ean 2000-an de xuya b\u00fb. L\u00eabel\u00ea, di van \u00e7end sal\u00ean daw\u00ee de ew her ku di\u00e7e populer b\u00fbne. L\u00eestik\u00ean ji bo z\u00fb qezenckirina drav hema hema di hem\u00ee online casino de t\u00eane p\u00ea\u015fk\u00ea\u015f kirin. Her dor heyecan e, bi adrenal\u00een dagirt\u00ee ye. L\u00eestik\u00ean bilez xwedan l\u00eestikek h\u00easan in: pirjimar z\u00eade [&hellip;]<\/p>\n","protected":false},"author":2,"featured_media":0,"parent":0,"menu_order":0,"comment_status":"closed","ping_status":"closed","template":"","meta":{"footnotes":""},"yoast_head":"<!-- This site is optimized with the Yoast SEO plugin v21.7 - https:\/\/yoast.com\/wordpress\/plugins\/seo\/ -->\n<title>L\u00eestik\u00ean Crash ji bo peran (L\u00eestika Crash a serh\u00eal a bilez bi veki\u015f\u00eena drav)<\/title>\n<meta name=\"description\" content=\"L\u00eestik\u00ean Crash populer in ji ber ku ew fersendek peyda dikin ku z\u00fb drav bidin. L\u00eestik\u00ean ji bo drav\u00ea bi qezay\u00ea qa\u00eedey\u00ean h\u00easan hene. Di heman dem\u00ea de ew pir bi heyecan \u00fb qumar in.\" \/>\n<meta name=\"robots\" content=\"index, follow, max-snippet:-1, max-image-preview:large, max-video-preview:-1\" \/>\n<link rel=\"canonical\" href=\"https:\/\/aviator-crash.org\/ku\/listiken-bilez-en-ji-bo-drave-serhel-bi-vekisine\/\" \/>\n<meta property=\"og:locale\" content=\"en_US\" \/>\n<meta property=\"og:type\" content=\"article\" \/>\n<meta property=\"og:title\" content=\"L\u00eestik\u00ean Crash ji bo peran (L\u00eestika Crash a serh\u00eal a bilez bi veki\u015f\u00eena drav)\" \/>\n<meta property=\"og:description\" content=\"L\u00eestik\u00ean Crash populer in ji ber ku ew fersendek peyda dikin ku z\u00fb drav bidin. L\u00eestik\u00ean ji bo drav\u00ea bi qezay\u00ea qa\u00eedey\u00ean h\u00easan hene. Di heman dem\u00ea de ew pir bi heyecan \u00fb qumar in.\" \/>\n<meta property=\"og:url\" content=\"https:\/\/aviator-crash.org\/ku\/listiken-bilez-en-ji-bo-drave-serhel-bi-vekisine\/\" \/>\n<meta property=\"article:modified_time\" content=\"2024-02-02T21:11:53+00:00\" \/>\n<meta property=\"og:image\" content=\"https:\/\/aviator-crash.org\/wp-content\/uploads\/2024\/01\/aviator-minigame-logo-4.png\" \/>\n<meta name=\"twitter:card\" content=\"summary_large_image\" \/>\n<meta name=\"twitter:label1\" content=\"Est. reading time\" \/>\n\t<meta name=\"twitter:data1\" content=\"7 \u062e\u0648\u0644\u06d5\u06a9\" \/>\n<script type=\"application\/ld+json\" class=\"yoast-schema-graph\">{\"@context\":\"https:\/\/schema.org\",\"@graph\":[{\"@type\":\"WebPage\",\"@id\":\"https:\/\/aviator-crash.org\/ku\/listiken-bilez-en-ji-bo-drave-serhel-bi-vekisine\/\",\"url\":\"https:\/\/aviator-crash.org\/ku\/listiken-bilez-en-ji-bo-drave-serhel-bi-vekisine\/\",\"name\":\"L\u00eestik\u00ean Crash ji bo peran (L\u00eestika Crash a serh\u00eal a bilez bi veki\u015f\u00eena drav)\",\"isPartOf\":{\"@id\":\"https:\/\/aviator-crash.org\/ku\/#website\"},\"datePublished\":\"2023-12-27T19:12:26+00:00\",\"dateModified\":\"2024-02-02T21:11:53+00:00\",\"description\":\"L\u00eestik\u00ean Crash populer in ji ber ku ew fersendek peyda dikin ku z\u00fb drav bidin. L\u00eestik\u00ean ji bo drav\u00ea bi qezay\u00ea qa\u00eedey\u00ean h\u00easan hene. Di heman dem\u00ea de ew pir bi heyecan \u00fb qumar in.\",\"breadcrumb\":{\"@id\":\"https:\/\/aviator-crash.org\/ku\/listiken-bilez-en-ji-bo-drave-serhel-bi-vekisine\/#breadcrumb\"},\"inLanguage\":\"ckb\",\"potentialAction\":[{\"@type\":\"ReadAction\",\"target\":[\"https:\/\/aviator-crash.org\/ku\/listiken-bilez-en-ji-bo-drave-serhel-bi-vekisine\/\"]}]},{\"@type\":\"BreadcrumbList\",\"@id\":\"https:\/\/aviator-crash.org\/ku\/listiken-bilez-en-ji-bo-drave-serhel-bi-vekisine\/#breadcrumb\",\"itemListElement\":[{\"@type\":\"ListItem\",\"position\":1,\"name\":\"Home\",\"item\":\"https:\/\/aviator-crash.org\/ku\/listika-aviator-liserxete-ji-bo-peran-rast\/\"},{\"@type\":\"ListItem\",\"position\":2,\"name\":\"L\u00eestik\u00ean bilez \u00ean ji bo drav\u00ea serh\u00eal bi veki\u015f\u00een\u00ea\"}]},{\"@type\":\"WebSite\",\"@id\":\"https:\/\/aviator-crash.org\/ku\/#website\",\"url\":\"https:\/\/aviator-crash.org\/ku\/\",\"name\":\"\",\"description\":\"\",\"potentialAction\":[{\"@type\":\"SearchAction\",\"target\":{\"@type\":\"EntryPoint\",\"urlTemplate\":\"https:\/\/aviator-crash.org\/ku\/?s={search_term_string}\"},\"query-input\":\"required name=search_term_string\"}],\"inLanguage\":\"ckb\"}]}<\/script>\n<!-- \/ Yoast SEO plugin. -->","yoast_head_json":{"title":"L\u00eestik\u00ean Crash ji bo peran (L\u00eestika Crash a serh\u00eal a bilez bi veki\u015f\u00eena drav)","description":"L\u00eestik\u00ean Crash populer in ji ber ku ew fersendek peyda dikin ku z\u00fb drav bidin. L\u00eestik\u00ean ji bo drav\u00ea bi qezay\u00ea qa\u00eedey\u00ean h\u00easan hene. Di heman dem\u00ea de ew pir bi heyecan \u00fb qumar in.","robots":{"index":"index","follow":"follow","max-snippet":"max-snippet:-1","max-image-preview":"max-image-preview:large","max-video-preview":"max-video-preview:-1"},"canonical":"https:\/\/aviator-crash.org\/ku\/listiken-bilez-en-ji-bo-drave-serhel-bi-vekisine\/","og_locale":"en_US","og_type":"article","og_title":"L\u00eestik\u00ean Crash ji bo peran (L\u00eestika Crash a serh\u00eal a bilez bi veki\u015f\u00eena drav)","og_description":"L\u00eestik\u00ean Crash populer in ji ber ku ew fersendek peyda dikin ku z\u00fb drav bidin. L\u00eestik\u00ean ji bo drav\u00ea bi qezay\u00ea qa\u00eedey\u00ean h\u00easan hene. Di heman dem\u00ea de ew pir bi heyecan \u00fb qumar in.","og_url":"https:\/\/aviator-crash.org\/ku\/listiken-bilez-en-ji-bo-drave-serhel-bi-vekisine\/","article_modified_time":"2024-02-02T21:11:53+00:00","og_image":[{"url":"https:\/\/aviator-crash.org\/wp-content\/uploads\/2024\/01\/aviator-minigame-logo-4.png"}],"twitter_card":"summary_large_image","twitter_misc":{"Est. reading time":"7 \u062e\u0648\u0644\u06d5\u06a9"},"schema":{"@context":"https:\/\/schema.org","@graph":[{"@type":"WebPage","@id":"https:\/\/aviator-crash.org\/ku\/listiken-bilez-en-ji-bo-drave-serhel-bi-vekisine\/","url":"https:\/\/aviator-crash.org\/ku\/listiken-bilez-en-ji-bo-drave-serhel-bi-vekisine\/","name":"L\u00eestik\u00ean Crash ji bo peran (L\u00eestika Crash a serh\u00eal a bilez bi veki\u015f\u00eena drav)","isPartOf":{"@id":"https:\/\/aviator-crash.org\/ku\/#website"},"datePublished":"2023-12-27T19:12:26+00:00","dateModified":"2024-02-02T21:11:53+00:00","description":"L\u00eestik\u00ean Crash populer in ji ber ku ew fersendek peyda dikin ku z\u00fb drav bidin. L\u00eestik\u00ean ji bo drav\u00ea bi qezay\u00ea qa\u00eedey\u00ean h\u00easan hene. Di heman dem\u00ea de ew pir bi heyecan \u00fb qumar in.","breadcrumb":{"@id":"https:\/\/aviator-crash.org\/ku\/listiken-bilez-en-ji-bo-drave-serhel-bi-vekisine\/#breadcrumb"},"inLanguage":"ckb","potentialAction":[{"@type":"ReadAction","target":["https:\/\/aviator-crash.org\/ku\/listiken-bilez-en-ji-bo-drave-serhel-bi-vekisine\/"]}]},{"@type":"BreadcrumbList","@id":"https:\/\/aviator-crash.org\/ku\/listiken-bilez-en-ji-bo-drave-serhel-bi-vekisine\/#breadcrumb","itemListElement":[{"@type":"ListItem","position":1,"name":"Home","item":"https:\/\/aviator-crash.org\/ku\/listika-aviator-liserxete-ji-bo-peran-rast\/"},{"@type":"ListItem","position":2,"name":"L\u00eestik\u00ean bilez \u00ean ji bo drav\u00ea serh\u00eal bi veki\u015f\u00een\u00ea"}]},{"@type":"WebSite","@id":"https:\/\/aviator-crash.org\/ku\/#website","url":"https:\/\/aviator-crash.org\/ku\/","name":"","description":"","potentialAction":[{"@type":"SearchAction","target":{"@type":"EntryPoint","urlTemplate":"https:\/\/aviator-crash.org\/ku\/?s={search_term_string}"},"query-input":"required name=search_term_string"}],"inLanguage":"ckb"}]}},"_links":{"self":[{"href":"https:\/\/aviator-crash.org\/ku\/wp-json\/wp\/v2\/pages\/5198"}],"collection":[{"href":"https:\/\/aviator-crash.org\/ku\/wp-json\/wp\/v2\/pages"}],"about":[{"href":"https:\/\/aviator-crash.org\/ku\/wp-json\/wp\/v2\/types\/page"}],"author":[{"embeddable":true,"href":"https:\/\/aviator-crash.org\/ku\/wp-json\/wp\/v2\/users\/2"}],"replies":[{"embeddable":true,"href":"https:\/\/aviator-crash.org\/ku\/wp-json\/wp\/v2\/comments?post=5198"}],"version-history":[{"count":3,"href":"https:\/\/aviator-crash.org\/ku\/wp-json\/wp\/v2\/pages\/5198\/revisions"}],"predecessor-version":[{"id":5208,"href":"https:\/\/aviator-crash.org\/ku\/wp-json\/wp\/v2\/pages\/5198\/revisions\/5208"}],"wp:attachment":[{"href":"https:\/\/aviator-crash.org\/ku\/wp-json\/wp\/v2\/media?parent=5198"}],"curies":[{"name":"wp","href":"https:\/\/api.w.org\/{rel}","templated":true}]}}