{"id":5286,"date":"2023-12-27T19:48:01","date_gmt":"2023-12-27T19:48:01","guid":{"rendered":"https:\/\/aviator-crash.org\/space-xy-otomate-de\/"},"modified":"2024-02-02T21:16:31","modified_gmt":"2024-02-02T21:16:31","slug":"space-xy-otomate-de","status":"publish","type":"page","link":"https:\/\/aviator-crash.org\/ku\/space-xy-otomate-de\/","title":{"rendered":"Space XY otomat\u00ea de"},"content":{"rendered":"\n<figure class=\"wp-block-gallery has-nested-images columns-default is-cropped wp-block-gallery-1 is-layout-flex wp-block-gallery-is-layout-flex\">\n<figure class=\"wp-block-image size-large\"><span itemprop=\"image\" itemscope itemtype=\"https:\/\/schema.org\/ImageObject\"><img itemprop=\"url image\" loading=\"lazy\" decoding=\"async\" width=\"1024\" height=\"445\" data-id=\"469\" src=\"https:\/\/aviator-crash.org\/wp-content\/uploads\/2024\/01\/bgaming-game-release-1024x445.jpg\" alt=\"\" class=\"wp-image-469\" srcset=\"https:\/\/aviator-crash.org\/wp-content\/uploads\/2024\/01\/bgaming-game-release-1024x445.jpg 1024w, https:\/\/aviator-crash.org\/wp-content\/uploads\/2024\/01\/bgaming-game-release-300x131.jpg 300w, https:\/\/aviator-crash.org\/wp-content\/uploads\/2024\/01\/bgaming-game-release-768x334.jpg 768w, https:\/\/aviator-crash.org\/wp-content\/uploads\/2024\/01\/bgaming-game-release.jpg 1200w\" sizes=\"(max-width: 1024px) 100vw, 1024px\" \/><meta itemprop=\"width\" content=\"1024\"><meta itemprop=\"height\" content=\"445\"><\/span><\/figure>\n<\/figure>\n\n<p>H\u00fbn bi x\u00ear hatin c\u00eehana Space XY, ku li wir her st\u00eark serp\u00eahatiyek n\u00fb ye, \u00fb her galaks\u00ee zeviyek ji bo ke\u015ff\u00ea ye. V\u00ea l\u00eestika c\u00eeh\u00ea ya balk\u00ea\u015f ne ten\u00ea fersend\u00ea dide l\u00eestikvanan ku ke\u015fif\u00ean berfireh \u00ean gerd\u00fbn\u00ea, l\u00ea di heman dem\u00ea de j\u00ee bibin ke\u015fif\u00ean c\u00eeh\u00ea rast\u00een. <\/p>\n\n<p>Space XY l\u00eestikek e ku ji saniyey\u00ean yekem ve bal\u00ea diki\u015f\u00eene. H\u00fbn dikarin ser\u00eel\u00eadan\u00ea ji bo Android-\u00ea li ser malpera ferm\u00ee ya pirt\u00fbkfiro\u015f Odin Vin dak\u00ea\u015fin. Li vir h\u00fbn \u00ea serp\u00eahatiy\u00ean her\u00ee ba\u015f \u00fb \u015fahiy\u00ean nejib\u00eerkir\u00ee bib\u00eenin. T\u00eakeve hesab\u00ea xweya kesane, beh\u00ees bi c\u00eeh bikin \u00fb li Space XY qezenc bikin.   <\/p>\n\n<h2 class=\"wp-block-heading\">Avantaja l\u00eestika serh\u00eal Space XY<\/h2>\n\n<p>Space XY l\u00eestikek e ku \u015fer\u00ean c\u00eeh\u00ea balk\u00ea\u015f p\u00ea\u015fk\u00ea\u015f\u00ee dike ku h\u00fbn dikarin j\u00eahat\u00eeb\u00fbna p\u00eelotkirina xwe bicerib\u00eenin. Ke\u015ftiya xweya fezay\u00ea xwe\u015f bikin, bi gef\u00ean biyaniyan re \u015fer bikin \u00fb be\u015fdar\u00ee \u015fer\u00ean fezay\u00ea y\u00ean ep\u00eek bibin ku d\u00ea \u00e7aren\u00fbsa we di v\u00ea berferehiya mezin de diyar bikin. <\/p>\n\n<p>Di nav avantaj\u00ean sereke y\u00ean v\u00ea l\u00eestik\u00ea de, h\u00eaja ye ku meriv van ti\u015ftan destn\u00ee\u015fan bike:<\/p>\n\n<ul>\n<li>Plana k\u00fbr. Space XY ne ten\u00ea serp\u00eahatiy\u00ean fezay\u00ea ye. P\u00eevanek dewlemend, k\u00ea\u015fey\u00ean tevlihev \u00fb biryar\u00ean gir\u00eeng ezm\u00fbnek b\u00eahempa diafir\u00eenin ku bi bijartin\u00ean we ve gir\u00eaday\u00ee ye.  <\/li>\n\n\n\n<li>Her biryar bandor\u00ea li qursa l\u00eestik\u00ea dike. Ji ber v\u00ea yek\u00ea h\u00fbn \u00ea hewcey\u00ea stratejiyek li Space XY bikin ku h\u00fbn bi dest bixin \u00fb bi qas\u00ee ku p\u00eakan pir xalan bist\u00eenin. <\/li>\n\n\n\n<li>\u00ceht\u00eemala takekskirina takekes\u00ee. Yek ji h\u00eaman\u00ean sereke y\u00ean Space XY ev e ku meriv ke\u015ftiya xweya fezay\u00ea li gor\u00ee terc\u00eeh\u00ean xwe xwe\u015f bike. Guherandin\u00ean b\u00eahempa hilbij\u00earin, teknolojiy\u00ea \u00e7\u00eatir bikin \u00fb ke\u015ftiyek biafir\u00eenin ku d\u00ea \u015f\u00eawaz \u00fb stratejiya we n\u00ee\u015fan bide.  <\/li>\n\n\n\n<li>R\u00eaw\u00eetiya galakt\u00eek. Space XY gelek galaksiyan ji we re vedike, ku her yek bi c\u00eehan\u00ean ec\u00eab, huner\u00ean razdar \u00fb serp\u00eahatiy\u00ean xeternak dagirt\u00ee ye. Gerst\u00eark\u00ean nenas ke\u015fif bikin, bi nijad\u00ean cih\u00eareng bib\u00eenin \u00fb be\u015fdar\u00ee \u00e7\u00eerok\u00ean fezay\u00ea y\u00ean balk\u00ea\u015f bibin. Ti\u015fta ku h\u00fbn hewce ne ku h\u00fbn xwe di \u00e7\u00eerok\u00ea de binixum\u00eenin ev e ku h\u00fbn f\u00eam bikin Space XY ka meriv \u00e7awa l\u00eestik\u00ea saz dike.   <\/li>\n\n\n\n<li>B\u00fbyer \u00fb m\u00eesyon\u00ean heftane. L\u00eestika serh\u00eal bi domdar\u00ee bi b\u00fbyer\u00ean n\u00fb, m\u00eesyon \u00fb dijwariy\u00ean n\u00fb ve t\u00ea n\u00fbve kirin, ku dih\u00eale h\u00fbn her gav armanc\u00ean n\u00fb bib\u00eenin ku bigih\u00eejin. Be\u015fdar\u00ee b\u00fbyer\u00ean heftane bibin, ji bo xelatan bikevin p\u00ea\u015fbaziy\u00ea, \u00fb heyran\u00ea derfet\u00ean b\u00eahempa y\u00ean ku her hefte ji we re t\u00eane peyda kirin.  <\/li>\n<\/ul>\n\n<h2 class=\"wp-block-heading\">Meriv \u00e7awa Space XY dileyize<\/h2>\n\n<p>Ji bo destp\u00eakirina serp\u00eahatiya c\u00eeh\u00ea xwe li Space XY, gava yekem sazkirina l\u00eestik\u00ea ye. D\u00fbv re h\u00fbn hewce ne ku hesab\u00ea xwe biafir\u00eenin, ku d\u00ea pi\u015ftrast bike ku p\u00ea\u015fkeftin \u00fb kapas\u00eetey\u00ean serh\u00eal t\u00eane hilan\u00een. Pi\u015ft\u00ee qeydkirin\u00ea, ke\u015ftiya xweya fezay\u00ea bi s\u00eawiran \u00fb n\u00fbvekirin\u00ean b\u00eahempa kesane bikin. Xwe di c\u00eehana Space XY de bi\u015fon, li galaksiyan ke\u015ff bikin, bi c\u00eehan\u00ean cih\u00eareng re t\u00eakil\u00ee daynin \u00fb bi dak\u00ea\u015fana Space XY m\u00eesyon\u00ean biqed\u00eenin.   <\/p>\n\n<p>\u015eer\u00ean fezay\u00ea aliyek\u00ee sereke y\u00ea l\u00eestik\u00ea ne. Tehd\u00eed\u00ean biyaniyan \u00fb l\u00eestikvan\u00ean din di wext\u00ea rast de bi karan\u00eena j\u00eahat\u00eeb\u00fbn\u00ean xwe y\u00ean stratej\u00eek bi\u015fop\u00eenin. Be\u015fdar\u00ee b\u00fbyer \u00fb m\u00eesyon\u00ean bibin ku xelat \u00fb n\u00fbvekirin bist\u00eenin. T\u00eakiliya bi l\u00eestikvan\u00ean din re j\u00ee gir\u00eeng e &#8211; hevalbendan \u00e7\u00eabikin, ezm\u00fbn \u00fb stratejiyan biguher\u00eenin.   <\/p>\n\n<p>Bi tevay\u00ee, binavkirina xwe di Space XY de ke\u015fif, \u015ferkirin \u00fb dan\u00fbstendina bi c\u00eehana kozm\u00eek a ku li benda ved\u00eetina we ye re hewce dike.<\/p>\n\n<h2 class=\"wp-block-heading\">Meriv \u00e7awa li Space XY qezenc dike<\/h2>\n\n<p>Di c\u00eehana Space XY de, mifteya l\u00eestikek serket\u00ee di ke\u015fifkirina k\u00fbr a gerd\u00fbn\u00ea \u00fb adaptasyona maq\u00fbl de ji dijwariy\u00ean cih\u00eareng re ye. Ke\u015ftiya fezay\u00ea ya xwe p\u00ea\u015fve bibin, w\u00ea li gor\u00ee hewcedar\u00ee \u00fb daxwaz\u00ean b\u00eahempa y\u00ean rew\u015fa hey\u00ee xwe\u015f bikin. \u00db bonus\u00ean Space XY d\u00ea bih\u00eale ku h\u00fbn \u015fans\u00ean xwe y\u00ean serketin\u00ea z\u00eade bikin.  <\/p>\n\n<p>N\u00eaz\u00eekatiyek stratej\u00eek ji \u015fer\u00ean fezay\u00ea re bigirin, bala xwe bidin d\u00eenam\u00eek\u00ean \u015fer \u00fb faktor\u00ean derve. Li tevgera l\u00eestikvan\u00ean din binih\u00earin \u00fb takt\u00eek\u00ean xwe li gor\u00ee kiryar\u00ean wan bi\u015fop\u00eenin. Stratejiya Space XY aliyek bingeh\u00een e ku ji bo l\u00eestikek serfiraz hewce ye.  <\/p>\n\n<p>Bi \u00e7alak be\u015fdar\u00ee b\u00fbyer \u00fb m\u00eesyon\u00ean ku fersend\u00ea peydakirina \u00e7avkaniy\u00ean h\u00eaja \u00fb n\u00fbvekirin\u00ean ji bo ke\u015ftiya we peyda dikin. L\u00eabel\u00ea, ji b\u00eer mekin ku kiryar \u00fb biryar\u00ean we dikarin li ser qursa l\u00eestik\u00ea \u00fb dan\u00fbstendin\u00ean bi l\u00eestikvan\u00ean din re bandor bikin. <\/p>\n\n<h2 class=\"wp-block-heading\">Qa\u00eedey\u00ean l\u00eestik\u00ea li Space XY<\/h2>\n\n<p>Di c\u00eehana Space XY de, \u00e7end r\u00eazik\u00ean bingeh\u00een hene ku d\u00ea ji we re bibin al\u00eekar ku h\u00fbn di serp\u00eahatiy\u00ean c\u00eeh\u00ea xwe de bi serfiraz\u00ee r\u00eave bibin \u00fb biserkevin. Ber\u00ee ku h\u00fbn dest bi l\u00eestika Space XY bikin, h\u00fbn hewce ne ku wan f\u00ear bibin: <\/p>\n\n<ol>\n<li>Li galaksiy\u00ean cih\u00eareng, gerst\u00eark \u00fb astero\u00eedan bigerin.<\/li>\n\n\n\n<li>Ke\u015ftiya xwe n\u00fbve bikin, takt\u00eekan p\u00ea\u015f bixin \u00fb be\u015fdar\u00ee duel\u00ean fezay\u00ea bibin da ku berjewendiy\u00ean xwe bipar\u00eazin.<\/li>\n\n\n\n<li>\u00c7avkaniyan bist\u00eenin, wan p\u00eavajo bikin \u00fb wan bikar b\u00eenin da ku ke\u015ftiya xwe ba\u015ftir bikin, bingehan ava bikin, l\u00eakol\u00een \u00fb bazirganiy\u00ea bikin.<\/li>\n\n\n\n<li>Bi \u00e7alak be\u015fdar\u00ee b\u00fbyer \u00fb m\u00eesyonan bibin da ku xelat\u00ean b\u00eahempa bist\u00eenin \u00fb kapas\u00eetey\u00ean xwe di l\u00eestik\u00ea de berfireh bikin.<\/li>\n\n\n\n<li>Teknolojiy\u00ean n\u00fb l\u00eakol\u00een bikin da ku berevaniya ke\u015ft\u00ee \u00fb bingeha xwe ba\u015ftir bikin.<\/li>\n\n\n\n<li>Bi l\u00eestikvan\u00ean din re hevalbendan biafir\u00eenin da ku di \u015fer\u00ea ji bo armanc\u00ean hevpar de h\u00eaz\u00ean xwe bidin hev \u00fb di l\u00eestika Space XY de stratejiyan p\u00ea\u015fve bibin ka meriv \u00e7awa bi ser dikeve.<\/li>\n\n\n\n<li>Be\u015fdar\u00ee p\u00ea\u015fbirkan bibin \u00fb r\u00eazan bi\u015fop\u00eenin da ku p\u00ea\u015fkeftina xwe bip\u00eevin \u00fb serkeftin\u00ean xwe bi l\u00eestikvan\u00ean din re bidin ber hev.<\/li>\n<\/ol>\n\n<p>Li pey van qa\u00eedeyan d\u00ea ji we re bibe al\u00eekar ku h\u00fbn bi tevah\u00ee ji ezm\u00fbna fezay\u00ea ya li Space XY k\u00eaf\u00ea bikin \u00fb di berfirehiya fezay\u00ea de bigih\u00eejin serkeftin\u00ea.<\/p>\n\n<h2 class=\"wp-block-heading\">Kod\u00ean promosyon\u00ea<\/h2>\n\n<p>Away\u00ea \u00e7\u00eatir\u00een ku h\u00fbn kod\u00ean n\u00fbjen bist\u00eenin \u015fopandina kanal\u00ean ragihandin\u00ea y\u00ean ferm\u00ee y\u00ean l\u00eestik\u00ea ye. Ev dibe ku malperek ferm\u00ee, medya civak\u00ee, forum, an navn\u00ee\u015fek e-namey\u00ea be. Di l\u00eestikek m\u00eena Space XY de kod\u00ean promosyon\u00ea t\u00eane bikar an\u00een da ku ji bo l\u00eestikvanan bonus \u00fb feydey\u00ean cih\u00eareng peyda bikin.  <\/p>\n\n<p>Kod\u00ean danas\u00een\u00ea dikarin \u00e7avkaniy\u00ean bela\u015f \u00ean wek\u00ee kred\u00ee, enerj\u00ee an dirav\u00ean din \u00ean l\u00eestik\u00ea peyda bikin. Hin vebijark ji bo ke\u015ftiy\u00ean fezay\u00ea, bingeh \u00fb h\u00eaman\u00ean din \u00ean l\u00eestik\u00ea gih\u00ee\u015ftina n\u00fbvekirin an n\u00fbvekirin\u00ean b\u00eahempa peyda dikin. Di nirxandin\u00ean Space XY de h\u00fbn dikarin gelek \u015f\u00eeretan bib\u00eenin ka meriv \u00e7awa bi r\u00eak\u00fbp\u00eak bonus\u00ean weha bikar t\u00eene.  <\/p>\n\n<p>Kod\u00ean danas\u00een\u00ea dikarin wek\u00ee be\u015fek ji b\u00fbyer\u00ean taybet\u00ee, p\u00ea\u015fbaz\u00ee an p\u00ea\u015fbaziyan werin belav kirin, l\u00eestikvanan te\u015fw\u00eeq dike ku be\u015fdar\u00ee \u00e7alakiy\u00ean cih\u00eareng bibin.<\/p>\n\n<h2 class=\"wp-block-heading\">Reviews<\/h2>\n\n<p>Li vir \u00e7end nirxandin\u00ean bikarh\u00eaner hene ku populerb\u00fbna berfireh a v\u00ea ser\u00eel\u00eadan\u00ea pi\u015ftrast dikin:<\/p>\n","protected":false},"excerpt":{"rendered":"<p>H\u00fbn bi x\u00ear hatin c\u00eehana Space XY, ku li wir her st\u00eark serp\u00eahatiyek n\u00fb ye, \u00fb her galaks\u00ee zeviyek ji bo ke\u015ff\u00ea ye. V\u00ea l\u00eestika c\u00eeh\u00ea ya balk\u00ea\u015f ne ten\u00ea fersend\u00ea dide l\u00eestikvanan ku ke\u015fif\u00ean berfireh \u00ean gerd\u00fbn\u00ea, l\u00ea di heman dem\u00ea de j\u00ee bibin ke\u015fif\u00ean c\u00eeh\u00ea rast\u00een. Space XY l\u00eestikek e ku ji saniyey\u00ean [&hellip;]<\/p>\n","protected":false},"author":2,"featured_media":0,"parent":0,"menu_order":0,"comment_status":"open","ping_status":"closed","template":"","meta":{"footnotes":""},"yoast_head":"<!-- This site is optimized with the Yoast SEO plugin v21.7 - https:\/\/yoast.com\/wordpress\/plugins\/seo\/ -->\n<title>L\u00eestika Space XY li casino, dak\u00ea\u015fin<\/title>\n<meta name=\"description\" content=\"L\u00eestikek balk\u00ea\u015f ji bo kes\u00ean ku ji heyecan \u00fb xeterey\u00ean bilind hez dikin. P\u00eavajoya l\u00eestika l\u00eestika casino Space XY dak\u00ea\u015fin \u00fb k\u00eaf\u00ea bist\u00eenin. Bikevin nav c\u00eehana xeternak \u00fb serp\u00eahatiy\u00ean jib\u00eerkir\u00ee. Bi baldar\u00ee r\u00eagez \u00fb taybetmendiy\u00ean l\u00eestik\u00ea bixw\u00eenin da ku h\u00fbn serket\u00ee bibin.\" \/>\n<meta name=\"robots\" content=\"index, follow, max-snippet:-1, max-image-preview:large, max-video-preview:-1\" \/>\n<link rel=\"canonical\" href=\"https:\/\/aviator-crash.org\/ku\/space-xy-otomate-de\/\" \/>\n<meta property=\"og:locale\" content=\"en_US\" \/>\n<meta property=\"og:type\" content=\"article\" \/>\n<meta property=\"og:title\" content=\"L\u00eestika Space XY li casino, dak\u00ea\u015fin\" \/>\n<meta property=\"og:description\" content=\"L\u00eestikek balk\u00ea\u015f ji bo kes\u00ean ku ji heyecan \u00fb xeterey\u00ean bilind hez dikin. P\u00eavajoya l\u00eestika l\u00eestika casino Space XY dak\u00ea\u015fin \u00fb k\u00eaf\u00ea bist\u00eenin. Bikevin nav c\u00eehana xeternak \u00fb serp\u00eahatiy\u00ean jib\u00eerkir\u00ee. Bi baldar\u00ee r\u00eagez \u00fb taybetmendiy\u00ean l\u00eestik\u00ea bixw\u00eenin da ku h\u00fbn serket\u00ee bibin.\" \/>\n<meta property=\"og:url\" content=\"https:\/\/aviator-crash.org\/ku\/space-xy-otomate-de\/\" \/>\n<meta property=\"article:modified_time\" content=\"2024-02-02T21:16:31+00:00\" \/>\n<meta property=\"og:image\" content=\"https:\/\/aviator-crash.org\/wp-content\/uploads\/2024\/01\/bgaming-game-release-1024x445.jpg\" \/>\n<meta name=\"twitter:card\" content=\"summary_large_image\" \/>\n<meta name=\"twitter:label1\" content=\"Est. reading time\" \/>\n\t<meta name=\"twitter:data1\" content=\"7 \u062e\u0648\u0644\u06d5\u06a9\" \/>\n<script type=\"application\/ld+json\" class=\"yoast-schema-graph\">{\"@context\":\"https:\/\/schema.org\",\"@graph\":[{\"@type\":\"WebPage\",\"@id\":\"https:\/\/aviator-crash.org\/ku\/space-xy-otomate-de\/\",\"url\":\"https:\/\/aviator-crash.org\/ku\/space-xy-otomate-de\/\",\"name\":\"L\u00eestika Space XY li casino, dak\u00ea\u015fin\",\"isPartOf\":{\"@id\":\"https:\/\/aviator-crash.org\/ku\/#website\"},\"datePublished\":\"2023-12-27T19:48:01+00:00\",\"dateModified\":\"2024-02-02T21:16:31+00:00\",\"description\":\"L\u00eestikek balk\u00ea\u015f ji bo kes\u00ean ku ji heyecan \u00fb xeterey\u00ean bilind hez dikin. P\u00eavajoya l\u00eestika l\u00eestika casino Space XY dak\u00ea\u015fin \u00fb k\u00eaf\u00ea bist\u00eenin. Bikevin nav c\u00eehana xeternak \u00fb serp\u00eahatiy\u00ean jib\u00eerkir\u00ee. Bi baldar\u00ee r\u00eagez \u00fb taybetmendiy\u00ean l\u00eestik\u00ea bixw\u00eenin da ku h\u00fbn serket\u00ee bibin.\",\"breadcrumb\":{\"@id\":\"https:\/\/aviator-crash.org\/ku\/space-xy-otomate-de\/#breadcrumb\"},\"inLanguage\":\"ckb\",\"potentialAction\":[{\"@type\":\"ReadAction\",\"target\":[\"https:\/\/aviator-crash.org\/ku\/space-xy-otomate-de\/\"]}]},{\"@type\":\"BreadcrumbList\",\"@id\":\"https:\/\/aviator-crash.org\/ku\/space-xy-otomate-de\/#breadcrumb\",\"itemListElement\":[{\"@type\":\"ListItem\",\"position\":1,\"name\":\"Home\",\"item\":\"https:\/\/aviator-crash.org\/ku\/listika-aviator-liserxete-ji-bo-peran-rast\/\"},{\"@type\":\"ListItem\",\"position\":2,\"name\":\"Space XY otomat\u00ea de\"}]},{\"@type\":\"WebSite\",\"@id\":\"https:\/\/aviator-crash.org\/ku\/#website\",\"url\":\"https:\/\/aviator-crash.org\/ku\/\",\"name\":\"\",\"description\":\"\",\"potentialAction\":[{\"@type\":\"SearchAction\",\"target\":{\"@type\":\"EntryPoint\",\"urlTemplate\":\"https:\/\/aviator-crash.org\/ku\/?s={search_term_string}\"},\"query-input\":\"required name=search_term_string\"}],\"inLanguage\":\"ckb\"}]}<\/script>\n<!-- \/ Yoast SEO plugin. -->","yoast_head_json":{"title":"L\u00eestika Space XY li casino, dak\u00ea\u015fin","description":"L\u00eestikek balk\u00ea\u015f ji bo kes\u00ean ku ji heyecan \u00fb xeterey\u00ean bilind hez dikin. P\u00eavajoya l\u00eestika l\u00eestika casino Space XY dak\u00ea\u015fin \u00fb k\u00eaf\u00ea bist\u00eenin. Bikevin nav c\u00eehana xeternak \u00fb serp\u00eahatiy\u00ean jib\u00eerkir\u00ee. Bi baldar\u00ee r\u00eagez \u00fb taybetmendiy\u00ean l\u00eestik\u00ea bixw\u00eenin da ku h\u00fbn serket\u00ee bibin.","robots":{"index":"index","follow":"follow","max-snippet":"max-snippet:-1","max-image-preview":"max-image-preview:large","max-video-preview":"max-video-preview:-1"},"canonical":"https:\/\/aviator-crash.org\/ku\/space-xy-otomate-de\/","og_locale":"en_US","og_type":"article","og_title":"L\u00eestika Space XY li casino, dak\u00ea\u015fin","og_description":"L\u00eestikek balk\u00ea\u015f ji bo kes\u00ean ku ji heyecan \u00fb xeterey\u00ean bilind hez dikin. P\u00eavajoya l\u00eestika l\u00eestika casino Space XY dak\u00ea\u015fin \u00fb k\u00eaf\u00ea bist\u00eenin. Bikevin nav c\u00eehana xeternak \u00fb serp\u00eahatiy\u00ean jib\u00eerkir\u00ee. Bi baldar\u00ee r\u00eagez \u00fb taybetmendiy\u00ean l\u00eestik\u00ea bixw\u00eenin da ku h\u00fbn serket\u00ee bibin.","og_url":"https:\/\/aviator-crash.org\/ku\/space-xy-otomate-de\/","article_modified_time":"2024-02-02T21:16:31+00:00","og_image":[{"url":"https:\/\/aviator-crash.org\/wp-content\/uploads\/2024\/01\/bgaming-game-release-1024x445.jpg"}],"twitter_card":"summary_large_image","twitter_misc":{"Est. reading time":"7 \u062e\u0648\u0644\u06d5\u06a9"},"schema":{"@context":"https:\/\/schema.org","@graph":[{"@type":"WebPage","@id":"https:\/\/aviator-crash.org\/ku\/space-xy-otomate-de\/","url":"https:\/\/aviator-crash.org\/ku\/space-xy-otomate-de\/","name":"L\u00eestika Space XY li casino, dak\u00ea\u015fin","isPartOf":{"@id":"https:\/\/aviator-crash.org\/ku\/#website"},"datePublished":"2023-12-27T19:48:01+00:00","dateModified":"2024-02-02T21:16:31+00:00","description":"L\u00eestikek balk\u00ea\u015f ji bo kes\u00ean ku ji heyecan \u00fb xeterey\u00ean bilind hez dikin. P\u00eavajoya l\u00eestika l\u00eestika casino Space XY dak\u00ea\u015fin \u00fb k\u00eaf\u00ea bist\u00eenin. Bikevin nav c\u00eehana xeternak \u00fb serp\u00eahatiy\u00ean jib\u00eerkir\u00ee. Bi baldar\u00ee r\u00eagez \u00fb taybetmendiy\u00ean l\u00eestik\u00ea bixw\u00eenin da ku h\u00fbn serket\u00ee bibin.","breadcrumb":{"@id":"https:\/\/aviator-crash.org\/ku\/space-xy-otomate-de\/#breadcrumb"},"inLanguage":"ckb","potentialAction":[{"@type":"ReadAction","target":["https:\/\/aviator-crash.org\/ku\/space-xy-otomate-de\/"]}]},{"@type":"BreadcrumbList","@id":"https:\/\/aviator-crash.org\/ku\/space-xy-otomate-de\/#breadcrumb","itemListElement":[{"@type":"ListItem","position":1,"name":"Home","item":"https:\/\/aviator-crash.org\/ku\/listika-aviator-liserxete-ji-bo-peran-rast\/"},{"@type":"ListItem","position":2,"name":"Space XY otomat\u00ea de"}]},{"@type":"WebSite","@id":"https:\/\/aviator-crash.org\/ku\/#website","url":"https:\/\/aviator-crash.org\/ku\/","name":"","description":"","potentialAction":[{"@type":"SearchAction","target":{"@type":"EntryPoint","urlTemplate":"https:\/\/aviator-crash.org\/ku\/?s={search_term_string}"},"query-input":"required name=search_term_string"}],"inLanguage":"ckb"}]}},"_links":{"self":[{"href":"https:\/\/aviator-crash.org\/ku\/wp-json\/wp\/v2\/pages\/5286"}],"collection":[{"href":"https:\/\/aviator-crash.org\/ku\/wp-json\/wp\/v2\/pages"}],"about":[{"href":"https:\/\/aviator-crash.org\/ku\/wp-json\/wp\/v2\/types\/page"}],"author":[{"embeddable":true,"href":"https:\/\/aviator-crash.org\/ku\/wp-json\/wp\/v2\/users\/2"}],"replies":[{"embeddable":true,"href":"https:\/\/aviator-crash.org\/ku\/wp-json\/wp\/v2\/comments?post=5286"}],"version-history":[{"count":1,"href":"https:\/\/aviator-crash.org\/ku\/wp-json\/wp\/v2\/pages\/5286\/revisions"}],"predecessor-version":[{"id":5288,"href":"https:\/\/aviator-crash.org\/ku\/wp-json\/wp\/v2\/pages\/5286\/revisions\/5288"}],"wp:attachment":[{"href":"https:\/\/aviator-crash.org\/ku\/wp-json\/wp\/v2\/media?parent=5286"}],"curies":[{"name":"wp","href":"https:\/\/api.w.org\/{rel}","templated":true}]}}