{"id":5304,"date":"2023-12-27T19:40:59","date_gmt":"2023-12-27T19:40:59","guid":{"rendered":"https:\/\/aviator-crash.org\/rocket-x-bilizin\/"},"modified":"2024-02-02T21:17:46","modified_gmt":"2024-02-02T21:17:46","slug":"rocket-x-bilizin","status":"publish","type":"page","link":"https:\/\/aviator-crash.org\/ku\/rocket-x-bilizin\/","title":{"rendered":"Rocket X bil\u00eezin"},"content":{"rendered":"\n<figure class=\"wp-block-gallery has-nested-images columns-default is-cropped wp-block-gallery-1 is-layout-flex wp-block-gallery-is-layout-flex\">\n<figure class=\"wp-block-image size-large\"><span itemprop=\"image\" itemscope itemtype=\"https:\/\/schema.org\/ImageObject\"><img itemprop=\"url image\" loading=\"lazy\" decoding=\"async\" width=\"1024\" height=\"761\" data-id=\"472\" src=\"https:\/\/aviator-crash.org\/wp-content\/uploads\/2024\/01\/rocket-x-1024x761.webp\" alt=\"\" class=\"wp-image-472\" srcset=\"https:\/\/aviator-crash.org\/wp-content\/uploads\/2024\/01\/rocket-x-1024x761.webp 1024w, https:\/\/aviator-crash.org\/wp-content\/uploads\/2024\/01\/rocket-x-300x223.webp 300w, https:\/\/aviator-crash.org\/wp-content\/uploads\/2024\/01\/rocket-x-768x571.webp 768w, https:\/\/aviator-crash.org\/wp-content\/uploads\/2024\/01\/rocket-x.webp 1200w\" sizes=\"(max-width: 1024px) 100vw, 1024px\" \/><meta itemprop=\"width\" content=\"1024\"><meta itemprop=\"height\" content=\"761\"><\/span><\/figure>\n<\/figure>\n\n<p>L\u00eestika multiplayer Rocket X we vedixw\u00eene ku h\u00fbn bikevin nav serp\u00eahatiyek balk\u00ea\u015f \u00fb drav\u00ea rast\u00een qezenc bikin. H\u00fbn dikarin w\u00ea li ser yek ji c\u00eehaz\u00ean xwe bela\u015f dak\u00ea\u015fin \u00fb hem bi tena ser\u00ea xwe \u00fb hem j\u00ee bi heval\u00ean xwe \u00fb l\u00eestikvan\u00ean din re ji l\u00eestikek mezin k\u00eaf\u00ea bikin. Ji bo kirina v\u00ea yek\u00ea, ten\u00ea bi\u00e7in portal\u00ea pirt\u00fbka ferm\u00ee ya Odin Vin \u00fb l\u00eestika Rocket X ji bo Android-\u00ea bela\u015f dak\u00ea\u015fin. Ji bo destp\u00eakirina l\u00eestik\u00ea, ten\u00ea bi qeydkirin an t\u00eaketin\u00ea bi\u00e7in hesab\u00ea xweya kesane. Ew \u00ea ten\u00ea \u00e7end h\u00fbrdeman bigire, l\u00ea h\u00fbn dikarin tavil\u00ea dest bi l\u00eestik\u00ea bikin \u00fb p\u00eavajoy\u00ea xwe\u015f bikin.    <\/p>\n\n<h2 class=\"wp-block-heading\"><strong>Feydey\u00ean l\u00eestina Rocket X serh\u00eal<\/strong><\/h2>\n\n<p>Di c\u00eehana n\u00fbjen de qumar daxwazek mezin e. Ew dih\u00ealin ku h\u00fbn demek xwe\u015f derbas bikin \u00fb her weha hema hema her drav\u00ea b\u00eay\u00ee ku ji mala xwe derkevin qezenc bikin. Di encam\u00ea de, Rocket X di celeb\u00ea xwe de yek ji her\u00ee populer t\u00ea hesibandin. V\u00ea l\u00eestik\u00ea gelek avantaj\u00ean xwe hene, di nav de y\u00ean j\u00ear\u00een:   <\/p>\n\n<ul>\n<li>Nirx\u00ean Rocket X zehf er\u00ean\u00ee ne, ku destn\u00ee\u015fan dike ku ev ser\u00eel\u00eadan di nav l\u00eestikvan\u00ean ji \u00e7ar aliy\u00ean c\u00eehan\u00ea de pir populer e.<\/li>\n\n\n\n<li>Moda Multiplayer. Kapas\u00eeteya ku di wext\u00ea rast de l\u00eestin, ji p\u00eavajoy\u00ea bi heval\u00ean xwe an bikarh\u00eaner\u00ean din \u00ean ji \u00e7araliy\u00ea c\u00eehan\u00ea re serh\u00eal k\u00eafxwe\u015f bibin. <\/li>\n\n\n\n<li>Racing d\u00eenam\u00eek. L\u00eestik li ser p\u00ea\u015fbaziy\u00ean bilez \u00fb d\u00eenam\u00eek\u00ee y\u00ean bi c\u00fbrbec\u00fbr r\u00ea \u00fb astengiyan bal\u00ea diki\u015f\u00eene. <\/li>\n\n\n\n<li>Cih\u00ean b\u00eahempa. Cih\u00ean l\u00eestik\u00ean cih\u00eareng \u00fb reng\u00een \u00ean ku ji bo p\u00ea\u015fbaziy\u00ea \u015fert\u00ean cih\u00eareng p\u00ea\u015fk\u00ea\u015f dikin. <\/li>\n\n\n\n<li>Tricks \u00fb p\u00ea\u015fketin\u00ean. Kapas\u00eeteya ku h\u00fbn h\u00eeleyan bikin \u00fb mak\u00eeneya xweya fir\u00een\u00ea bi n\u00fbvekirin\u00ean cih\u00eareng ba\u015ftir bikin. Ya ku h\u00fbn hewce ne bikin ev e ku ten\u00ea Rocket X-\u00ea dak\u00ea\u015fin ser c\u00eehaza xwe \u00fb qeyd bikin.  <\/li>\n\n\n\n<li>Pergala p\u00ea\u015fve\u00e7\u00fbn\u00ea. Pergalek p\u00ea\u015fkeftin\u00ea ya ba\u015f-ramand\u00ee ya ku gava ku h\u00fbn di l\u00eestik\u00ea de p\u00ea\u015fve di\u00e7in bi vekirina ast\u00ean n\u00fb, wesay\u00eet \u00fb naverok\u00ean din ve. <\/li>\n\n\n\n<li>Heb\u00fbna hejmareke mezin ji bonus. Derfeta wergirtina bon\u00fbs, destkeft\u00ee \u00fb xelat\u00ean din ji bo bi serfiraz\u00ee qedandina ast\u00ea an temamkirina kar\u00ean taybet\u00ee. <\/li>\n\n\n\n<li>Grafik\u00ean h\u00eaja \u00fb deng\u00ea ec\u00eab. Grafik \u00fb dengek bilind-kal\u00eetey\u00ea da ku atmosferek d\u00eetbar \u00fb deng\u00ee ya berbi\u00e7av biafir\u00eene. <\/li>\n<\/ul>\n\n<p>Gelek avantaj\u00ean v\u00ea l\u00eestik\u00ea di nav tema\u015fevan\u00ean ser\u00eel\u00eadan\u00ean qumar\u00ea de pir populer dike. Nirx\u00ean l\u00eestika Rocket X bi piran\u00ee er\u00ean\u00ee ne, ku careke din rastiya jor\u00een pi\u015ftrast dike. Heke h\u00fbn dixwazin demek xwe\u015f derbas bikin, w\u00ea hing\u00ea ev ser\u00eel\u00eadan bijareya \u00e7\u00eatir\u00een e.  <\/p>\n\n<h2 class=\"wp-block-heading\">Meriv \u00e7awa Rocket X l\u00eest<\/h2>\n\n<p>Feydeyek din a v\u00ea l\u00eestik\u00ea ev e ku ew xwedan r\u00eazik\u00ean h\u00easan \u00fb zelal e ku b\u00ea guman her kes dikare z\u00fb f\u00eam bike. Yekem ti\u015ft\u00ea ku div\u00ea h\u00fbn bikin ev e ku qeyd bikin an t\u00eakevin hesab\u00ea xweya kesane. Ev vebijark zehf h\u00easan e, ji ber ku hem\u00ee p\u00ea\u015fkeftin d\u00ea bixweber were hilan\u00een.  <\/p>\n\n<p>P\u00eangava duyem\u00een ku div\u00ea h\u00fbn bav\u00eajin ev e ku h\u00fbn hesab\u00ea l\u00eestika xwe z\u00eade bikin. Pi\u015ftre, bi\u00e7in r\u00fbpel\u00ea \u00fb simulator\u00ea bidin destp\u00eakirin. L\u00eestik d\u00ea pi\u015ft\u00ee ku h\u00fbn beh\u00eesa xwe dan\u00ee dest p\u00ea bike. M\u00eeqdar ferd\u00ee ye \u00fb ten\u00ea bi terc\u00eeh \u00fb stratejiya we ve gir\u00eaday\u00ee ye.   <\/p>\n\n<p>Malpera ferm\u00ee ya Rocket X ji bo l\u00eestik\u00ea gelek derfet\u00ean we p\u00ea\u015fk\u00ea\u015f\u00ee dike. Hem mod\u00ean ferd\u00ee \u00fb hem j\u00ee pirziman\u00ee hene, ku dih\u00eale h\u00fbn bi heval an l\u00eestikvan\u00ean din \u00ean li ser \u00centernet\u00ea re l\u00eestika serh\u00eal xwe\u015f bikin. Hem\u00ee qa\u00eedey\u00ean bingeh\u00een li ser malper\u00ea t\u00eane destn\u00ee\u015fan kirin. Digel v\u00ea yek\u00ea, h\u00fbn dikarin ber\u00ee ku dest p\u00ea bikin perwerdehiy\u00ea bigirin da ku h\u00fbn cewhera l\u00eestik\u00ea \u00e7\u00eatir fam bikin \u00fb ji destp\u00eak\u00ea ve dest bi qezenckirina drav bikin.   <\/p>\n\n<p>Pi\u015ft\u00ee ku we beh\u00eesa xwe dan\u00ee, h\u00fbn ten\u00ea li benda encam\u00ea bisekinin. P\u00eavajo pir balk\u00ea\u015f e, ji ber ku nirx pir z\u00fb diguhezin, \u00fb hema ne gengaz e ku meriv p\u00ea\u015fb\u00een bike ka d\u00ea di dawiy\u00ea de \u00e7i be. <\/p>\n\n<h2 class=\"wp-block-heading\">Meriv \u00e7awa li Rocket X qezenc dike<\/h2>\n\n<p>Wek\u00ee ku ber\u00ea j\u00ee e\u015fkere b\u00fbye, di l\u00eestik\u00ea de pir gir\u00eeng e ku meriv dema rast hilbij\u00earin da ku beh\u00ees ne\u015fewitin \u00fb \u015fans bi qas\u00ee ku gengaz be s\u00fbdmend bin. <em>Stratejiyek Rocket X<\/em> ya ku bi kesane hat\u00ee p\u00ea\u015fve xistin ji bo v\u00ea yek\u00ea b\u00eak\u00eamas\u00ee ye. Ji bo p\u00ea\u015fxistina w\u00ea, bes e ku h\u00fbn l\u00eestik\u00ean ber\u00ea bixw\u00eenin, encaman anal\u00eez bikin \u00fb r\u00eabaza l\u00eestik\u00ea ya ku d\u00ea her\u00ee bik\u00earhat\u00ee be hilbij\u00earin.  <\/p>\n\n<p>Stratejiya li ser Rocket X vebijarkek serket\u00ee ye, ji ber ku ew li ser bingeha ezm\u00fbna ber\u00ea ye \u00fb ji we re dibe al\u00eekar ku h\u00fbn f\u00eam bikin ka pergal \u00e7awa dixebite \u00fb meriv \u00e7awa di encam\u00ea de r\u00eajey\u00ean serket\u00ee y\u00ean her\u00ee bilind bist\u00eenin. Ev l\u00eestik \u00eesbat dike ku bextewar ten\u00ea t\u00eara serketin\u00ea nake. Her weha h\u00fbn \u00ea hewcey\u00ea pergala hesabkirina \u015fans\u00ea Rocket X-\u00ea bikin.  <\/p>\n\n<h2 class=\"wp-block-heading\">Qa\u00eedey\u00ean l\u00eestik\u00ea di Rocket X de<\/h2>\n\n<p>Di navenda komploy\u00ea de kesek navdar heye &#8211; Elon Musk, an j\u00ee kopiya w\u00ee ya karton\u00ea, ku bikarh\u00eaner d\u00ea li seranser\u00ea l\u00eestik\u00ea kontrol bikin. Ev l\u00eestik ji bo kes\u00ean ku ji heyecan \u00fb xetereyan hez dikin b\u00eak\u00eamas\u00ee ye. Qa\u00eedey\u00ean l\u00eestik\u00ea li vir hema hema bi y\u00ean ser\u00eel\u00eadan\u00ean din \u00ean wekhev re yek in. Ber\u00ee ku h\u00fbn dest bi l\u00eestika t\u00eak\u00e7\u00fbna Rocket X bikin, h\u00fbn hewce ne ku beh\u00ees\u00ean xwe bi c\u00eeh bikin \u00fb d\u00fbv re ten\u00ea li mezinb\u00fbna wan tema\u015fe bikin. H\u00fbn dikarin di her k\u00ealiy\u00ea de beh\u00eesa xwe veki\u015f\u00eenin, l\u00ea gir\u00eeng e ku h\u00fbn baldar bin: heke h\u00fbn z\u00fb an dereng wiya bikin, h\u00fbn \u00ea winda bikin. Hilbijartina dema rast pir gir\u00eeng e.     <\/p>\n\n<p>Ger h\u00fbn difikirin ku l\u00eestik pir sade \u00fb monoton e, w\u00ea hing\u00ea h\u00fbn xelet in. R\u00eesk\u00ean bilind, be\u015f, d\u00eenam\u00eezm &#8211; h\u00fbn dikarin van hem\u00eeyan li vir bib\u00eenin. H\u00fbn dikarin li ser r\u00fbpela ferm\u00ee li ser qa\u00eedey\u00ean b\u00eatir bixw\u00eenin.  <\/p>\n\n<h2 class=\"wp-block-heading\">Kod\u00ean promosyon\u00ea<\/h2>\n\n<p>Kod\u00ean danas\u00een\u00ea y\u00ean di qumar\u00ea de dikarin ji h\u00eala platform\u00ean l\u00eestik\u00ea, casinos an p\u00ea\u015fdebiran ve werin peyda kirin da ku l\u00eestikvan\u00ean n\u00fb biki\u015f\u00eenin, dilsoziy\u00ea te\u015fw\u00eeq bikin an promosyon\u00ean taybet\u00ee p\u00eak b\u00eenin. Heke h\u00fbn dixwazin di l\u00eestika Rocket X 1win de demek xwe\u015f derbas bikin \u00fb \u015fans\u00ea xwe y\u00ea serketin\u00ea z\u00eade bikin, w\u00ea hing\u00ea h\u00fbn dikarin bi h\u00easan\u00ee ji kod\u00ean danas\u00een\u00ea y\u00ean berdest s\u00fbd werbigirin. H\u00fbn dikarin wan di \u00e7end \u00e7avkaniyan de bib\u00eenin:  <\/p>\n\n<ul>\n<li>Portala malpera ferm\u00ee Odin Vin.<\/li>\n\n\n\n<li>L\u00eestey\u00ean nameyan (ji ber v\u00ea yek\u00ea t\u00ea p\u00ea\u015fniyar kirin ku h\u00fbn tavil\u00ea pi\u015ft\u00ee qeydkirin\u00ea ji malper\u00ea bibin aboneya navn\u00ee\u015f\u00ean namey\u00ea).<\/li>\n\n\n\n<li>Tor\u00ean civak\u00ee \u00fb forum\u00ean taybet.<\/li>\n\n\n\n<li>bernamey\u00ean hevkariy\u00ea.<\/li>\n<\/ul>\n\n<p>B\u00eenin b\u00eera xwe ku ji bo ku ji t\u00eagih\u00ee\u015ftin\u00ea \u00fb rew\u015f\u00ean ne xwe\u015f d\u00fbr nekevin, gir\u00eeng e ku h\u00fbn baldar bin \u00fb kod\u00ean danas\u00een\u00ea bikar b\u00eenin, r\u00eaz \u00fb merc\u00ean l\u00eestik\u00ea bi\u015fop\u00eenin.<\/p>\n\n<h2 class=\"wp-block-heading\">Reviews<\/h2>\n\n<p>Li gor\u00ee nirxandin\u00ean bikarh\u00eaneran, em dikarin encam bidin ku ev l\u00eestik yek ji celeb\u00ean xwe y\u00ean her\u00ee populer t\u00ea hesibandin, ku xwedan gelek avantaj \u00fb taybetmend\u00ee ye. Li vir hin nirxandin\u00ean 1win Rocket X hene: <\/p>\n","protected":false},"excerpt":{"rendered":"<p>L\u00eestika multiplayer Rocket X we vedixw\u00eene ku h\u00fbn bikevin nav serp\u00eahatiyek balk\u00ea\u015f \u00fb drav\u00ea rast\u00een qezenc bikin. H\u00fbn dikarin w\u00ea li ser yek ji c\u00eehaz\u00ean xwe bela\u015f dak\u00ea\u015fin \u00fb hem bi tena ser\u00ea xwe \u00fb hem j\u00ee bi heval\u00ean xwe \u00fb l\u00eestikvan\u00ean din re ji l\u00eestikek mezin k\u00eaf\u00ea bikin. Ji bo kirina v\u00ea yek\u00ea, ten\u00ea [&hellip;]<\/p>\n","protected":false},"author":2,"featured_media":0,"parent":0,"menu_order":0,"comment_status":"open","ping_status":"closed","template":"","meta":{"footnotes":""},"yoast_head":"<!-- This site is optimized with the Yoast SEO plugin v21.7 - https:\/\/yoast.com\/wordpress\/plugins\/seo\/ -->\n<title>Rocket X game casino, dak\u00ea\u015fin<\/title>\n<meta name=\"description\" content=\"L\u00eestika her\u00ee \u00e7\u00eatir\u00een Rocket X bi derfeta qezenckirina drav\u00ea rast\u00een. Daxuyaniy\u00ea bib\u00eenin, taybetmend\u00ee \u00fb taybetmendiy\u00ean l\u00eestik\u00ea bixw\u00eenin, stratejiya \u00e7\u00eatir\u00een hilbij\u00earin \u00fb bi\u00e7in r\u00eaw\u00eetiyek b\u00eab\u00eer. Ber bi serketin\u00ean mezin ve!\" \/>\n<meta name=\"robots\" content=\"index, follow, max-snippet:-1, max-image-preview:large, max-video-preview:-1\" \/>\n<link rel=\"canonical\" href=\"https:\/\/aviator-crash.org\/ku\/rocket-x-bilizin\/\" \/>\n<meta property=\"og:locale\" content=\"en_US\" \/>\n<meta property=\"og:type\" content=\"article\" \/>\n<meta property=\"og:title\" content=\"Rocket X game casino, dak\u00ea\u015fin\" \/>\n<meta property=\"og:description\" content=\"L\u00eestika her\u00ee \u00e7\u00eatir\u00een Rocket X bi derfeta qezenckirina drav\u00ea rast\u00een. Daxuyaniy\u00ea bib\u00eenin, taybetmend\u00ee \u00fb taybetmendiy\u00ean l\u00eestik\u00ea bixw\u00eenin, stratejiya \u00e7\u00eatir\u00een hilbij\u00earin \u00fb bi\u00e7in r\u00eaw\u00eetiyek b\u00eab\u00eer. Ber bi serketin\u00ean mezin ve!\" \/>\n<meta property=\"og:url\" content=\"https:\/\/aviator-crash.org\/ku\/rocket-x-bilizin\/\" \/>\n<meta property=\"article:modified_time\" content=\"2024-02-02T21:17:46+00:00\" \/>\n<meta property=\"og:image\" content=\"https:\/\/aviator-crash.org\/wp-content\/uploads\/2024\/01\/rocket-x-1024x761.webp\" \/>\n<meta name=\"twitter:card\" content=\"summary_large_image\" \/>\n<meta name=\"twitter:label1\" content=\"Est. reading time\" \/>\n\t<meta name=\"twitter:data1\" content=\"7 \u062e\u0648\u0644\u06d5\u06a9\" \/>\n<script type=\"application\/ld+json\" class=\"yoast-schema-graph\">{\"@context\":\"https:\/\/schema.org\",\"@graph\":[{\"@type\":\"WebPage\",\"@id\":\"https:\/\/aviator-crash.org\/ku\/rocket-x-bilizin\/\",\"url\":\"https:\/\/aviator-crash.org\/ku\/rocket-x-bilizin\/\",\"name\":\"Rocket X game casino, dak\u00ea\u015fin\",\"isPartOf\":{\"@id\":\"https:\/\/aviator-crash.org\/ku\/#website\"},\"datePublished\":\"2023-12-27T19:40:59+00:00\",\"dateModified\":\"2024-02-02T21:17:46+00:00\",\"description\":\"L\u00eestika her\u00ee \u00e7\u00eatir\u00een Rocket X bi derfeta qezenckirina drav\u00ea rast\u00een. Daxuyaniy\u00ea bib\u00eenin, taybetmend\u00ee \u00fb taybetmendiy\u00ean l\u00eestik\u00ea bixw\u00eenin, stratejiya \u00e7\u00eatir\u00een hilbij\u00earin \u00fb bi\u00e7in r\u00eaw\u00eetiyek b\u00eab\u00eer. Ber bi serketin\u00ean mezin ve!\",\"breadcrumb\":{\"@id\":\"https:\/\/aviator-crash.org\/ku\/rocket-x-bilizin\/#breadcrumb\"},\"inLanguage\":\"ckb\",\"potentialAction\":[{\"@type\":\"ReadAction\",\"target\":[\"https:\/\/aviator-crash.org\/ku\/rocket-x-bilizin\/\"]}]},{\"@type\":\"BreadcrumbList\",\"@id\":\"https:\/\/aviator-crash.org\/ku\/rocket-x-bilizin\/#breadcrumb\",\"itemListElement\":[{\"@type\":\"ListItem\",\"position\":1,\"name\":\"Home\",\"item\":\"https:\/\/aviator-crash.org\/ku\/listika-aviator-liserxete-ji-bo-peran-rast\/\"},{\"@type\":\"ListItem\",\"position\":2,\"name\":\"Rocket X bil\u00eezin\"}]},{\"@type\":\"WebSite\",\"@id\":\"https:\/\/aviator-crash.org\/ku\/#website\",\"url\":\"https:\/\/aviator-crash.org\/ku\/\",\"name\":\"\",\"description\":\"\",\"potentialAction\":[{\"@type\":\"SearchAction\",\"target\":{\"@type\":\"EntryPoint\",\"urlTemplate\":\"https:\/\/aviator-crash.org\/ku\/?s={search_term_string}\"},\"query-input\":\"required name=search_term_string\"}],\"inLanguage\":\"ckb\"}]}<\/script>\n<!-- \/ Yoast SEO plugin. -->","yoast_head_json":{"title":"Rocket X game casino, dak\u00ea\u015fin","description":"L\u00eestika her\u00ee \u00e7\u00eatir\u00een Rocket X bi derfeta qezenckirina drav\u00ea rast\u00een. Daxuyaniy\u00ea bib\u00eenin, taybetmend\u00ee \u00fb taybetmendiy\u00ean l\u00eestik\u00ea bixw\u00eenin, stratejiya \u00e7\u00eatir\u00een hilbij\u00earin \u00fb bi\u00e7in r\u00eaw\u00eetiyek b\u00eab\u00eer. Ber bi serketin\u00ean mezin ve!","robots":{"index":"index","follow":"follow","max-snippet":"max-snippet:-1","max-image-preview":"max-image-preview:large","max-video-preview":"max-video-preview:-1"},"canonical":"https:\/\/aviator-crash.org\/ku\/rocket-x-bilizin\/","og_locale":"en_US","og_type":"article","og_title":"Rocket X game casino, dak\u00ea\u015fin","og_description":"L\u00eestika her\u00ee \u00e7\u00eatir\u00een Rocket X bi derfeta qezenckirina drav\u00ea rast\u00een. Daxuyaniy\u00ea bib\u00eenin, taybetmend\u00ee \u00fb taybetmendiy\u00ean l\u00eestik\u00ea bixw\u00eenin, stratejiya \u00e7\u00eatir\u00een hilbij\u00earin \u00fb bi\u00e7in r\u00eaw\u00eetiyek b\u00eab\u00eer. Ber bi serketin\u00ean mezin ve!","og_url":"https:\/\/aviator-crash.org\/ku\/rocket-x-bilizin\/","article_modified_time":"2024-02-02T21:17:46+00:00","og_image":[{"url":"https:\/\/aviator-crash.org\/wp-content\/uploads\/2024\/01\/rocket-x-1024x761.webp"}],"twitter_card":"summary_large_image","twitter_misc":{"Est. reading time":"7 \u062e\u0648\u0644\u06d5\u06a9"},"schema":{"@context":"https:\/\/schema.org","@graph":[{"@type":"WebPage","@id":"https:\/\/aviator-crash.org\/ku\/rocket-x-bilizin\/","url":"https:\/\/aviator-crash.org\/ku\/rocket-x-bilizin\/","name":"Rocket X game casino, dak\u00ea\u015fin","isPartOf":{"@id":"https:\/\/aviator-crash.org\/ku\/#website"},"datePublished":"2023-12-27T19:40:59+00:00","dateModified":"2024-02-02T21:17:46+00:00","description":"L\u00eestika her\u00ee \u00e7\u00eatir\u00een Rocket X bi derfeta qezenckirina drav\u00ea rast\u00een. Daxuyaniy\u00ea bib\u00eenin, taybetmend\u00ee \u00fb taybetmendiy\u00ean l\u00eestik\u00ea bixw\u00eenin, stratejiya \u00e7\u00eatir\u00een hilbij\u00earin \u00fb bi\u00e7in r\u00eaw\u00eetiyek b\u00eab\u00eer. Ber bi serketin\u00ean mezin ve!","breadcrumb":{"@id":"https:\/\/aviator-crash.org\/ku\/rocket-x-bilizin\/#breadcrumb"},"inLanguage":"ckb","potentialAction":[{"@type":"ReadAction","target":["https:\/\/aviator-crash.org\/ku\/rocket-x-bilizin\/"]}]},{"@type":"BreadcrumbList","@id":"https:\/\/aviator-crash.org\/ku\/rocket-x-bilizin\/#breadcrumb","itemListElement":[{"@type":"ListItem","position":1,"name":"Home","item":"https:\/\/aviator-crash.org\/ku\/listika-aviator-liserxete-ji-bo-peran-rast\/"},{"@type":"ListItem","position":2,"name":"Rocket X bil\u00eezin"}]},{"@type":"WebSite","@id":"https:\/\/aviator-crash.org\/ku\/#website","url":"https:\/\/aviator-crash.org\/ku\/","name":"","description":"","potentialAction":[{"@type":"SearchAction","target":{"@type":"EntryPoint","urlTemplate":"https:\/\/aviator-crash.org\/ku\/?s={search_term_string}"},"query-input":"required name=search_term_string"}],"inLanguage":"ckb"}]}},"_links":{"self":[{"href":"https:\/\/aviator-crash.org\/ku\/wp-json\/wp\/v2\/pages\/5304"}],"collection":[{"href":"https:\/\/aviator-crash.org\/ku\/wp-json\/wp\/v2\/pages"}],"about":[{"href":"https:\/\/aviator-crash.org\/ku\/wp-json\/wp\/v2\/types\/page"}],"author":[{"embeddable":true,"href":"https:\/\/aviator-crash.org\/ku\/wp-json\/wp\/v2\/users\/2"}],"replies":[{"embeddable":true,"href":"https:\/\/aviator-crash.org\/ku\/wp-json\/wp\/v2\/comments?post=5304"}],"version-history":[{"count":1,"href":"https:\/\/aviator-crash.org\/ku\/wp-json\/wp\/v2\/pages\/5304\/revisions"}],"predecessor-version":[{"id":5306,"href":"https:\/\/aviator-crash.org\/ku\/wp-json\/wp\/v2\/pages\/5304\/revisions\/5306"}],"wp:attachment":[{"href":"https:\/\/aviator-crash.org\/ku\/wp-json\/wp\/v2\/media?parent=5304"}],"curies":[{"name":"wp","href":"https:\/\/api.w.org\/{rel}","templated":true}]}}