{"id":5343,"date":"2023-12-27T19:58:01","date_gmt":"2023-12-27T19:58:01","guid":{"rendered":"https:\/\/aviator-crash.org\/play-cash-an-crash\/"},"modified":"2024-02-02T21:20:09","modified_gmt":"2024-02-02T21:20:09","slug":"play-cash-an-crash","status":"publish","type":"page","link":"https:\/\/aviator-crash.org\/ku\/play-cash-an-crash\/","title":{"rendered":"Play Cash an Crash"},"content":{"rendered":"\n<figure class=\"wp-block-gallery has-nested-images columns-default is-cropped wp-block-gallery-1 is-layout-flex wp-block-gallery-is-layout-flex\">\n<figure class=\"wp-block-image size-large\"><span itemprop=\"image\" itemscope itemtype=\"https:\/\/schema.org\/ImageObject\"><img itemprop=\"url image\" loading=\"lazy\" decoding=\"async\" width=\"1024\" height=\"498\" data-id=\"466\" src=\"https:\/\/aviator-crash.org\/wp-content\/uploads\/2024\/01\/cash-or-crash-live-1200x584-1-1024x498.jpeg\" alt=\"\" class=\"wp-image-466\" srcset=\"https:\/\/aviator-crash.org\/wp-content\/uploads\/2024\/01\/cash-or-crash-live-1200x584-1-1024x498.jpeg 1024w, https:\/\/aviator-crash.org\/wp-content\/uploads\/2024\/01\/cash-or-crash-live-1200x584-1-300x146.jpeg 300w, https:\/\/aviator-crash.org\/wp-content\/uploads\/2024\/01\/cash-or-crash-live-1200x584-1-768x374.jpeg 768w, https:\/\/aviator-crash.org\/wp-content\/uploads\/2024\/01\/cash-or-crash-live-1200x584-1.jpeg 1200w\" sizes=\"(max-width: 1024px) 100vw, 1024px\" \/><meta itemprop=\"width\" content=\"1024\"><meta itemprop=\"height\" content=\"498\"><\/span><\/figure>\n<\/figure>\n\n<p>Cash an Crash l\u00eestikek e ku di nav tema\u015fevan\u00ean ser\u00eel\u00eadan\u00ean qumar\u00ea de, k\u00ea\u015fey\u00ean bilind \u00fb xetereyan de daxwazek mezin e. Ev vebijarkek gir\u00eeng e ku h\u00fbn demek xwe\u015f derbas bikin \u00fb bext\u00ea xwe bicerib\u00eenin. Cash an Crash ser\u00eel\u00eadanek Android-\u00ea ye ku t\u00ea de l\u00eestikvan dikarin li ser b\u00fbyer\u00ean cih\u00eareng beh\u00ees\u00ea deynin, ku encama wan bi rengek b\u00easer\u00fbber t\u00ea destn\u00ee\u015fankirin. Ji bo ku h\u00fbn dest bi l\u00eestin\u00ea bikin, ten\u00ea ser\u00eel\u00eadan\u00ea li ser malpera ferm\u00ee ya bookmaker\u00ea Odin Vin dak\u00ea\u015fin, qeyd bikin an t\u00eakeve hesab\u00ea xweya kesane \u00fb beh\u00eesa xwe bidin. B\u00ea guman her kes dikare Cash an Crash bela\u015f dak\u00ea\u015f\u00eene. L\u00eestik dest p\u00ea bikin \u00fb demek xwe\u015f xwe\u015f bikin.     <\/p>\n\n<h2 class=\"wp-block-heading\">Avantaja l\u00eestina Cash an Crash serh\u00eal<\/h2>\n\n<p>Qumar \u00eero yek ji l\u00eestik\u00ean her\u00ee populer t\u00ea hesibandin. Sedema sereke ev e ku li vir h\u00fbn ne ten\u00ea dikarin k\u00eaf\u00ea bikin, l\u00ea di heman dem\u00ea de drav\u00ea rast\u00een j\u00ee qezenc bikin. Bi tevay\u00ee, d\u00eemen\u00ean sepana Cash an Crash dermanek rast\u00een in. Grafik\u00ean h\u00eaja, navbeynkariya zelal, kontrol\u00ean h\u00easan \u00ean intuitive &#8211; h\u00fbn dikarin van hem\u00eeyan li vir bib\u00eenin.   <\/p>\n\n<p>Di nav avantaj\u00ean sereke y\u00ean l\u00eestika qumar\u00ea ya populer Cash or Crash de, h\u00eaja ye ku meriv van ti\u015ftan ron\u00ee bike:<\/p>\n\n<ul>\n<li>L\u00eestika balk\u00ea\u015f. Ew l\u00eestikek k\u00eaf \u00fb tiryak\u00ea bi \u015fiyana ku z\u00fb bi dest bixe an winda bike p\u00ea\u015fk\u00ea\u015f\u00ee dike. <\/li>\n\n\n\n<li>Moda Multiplayer. H\u00eaza l\u00eestina bi heval an l\u00eestikvan\u00ean din re dikare aliyek civak\u00ee \u00fb k\u00eaf\u00ea z\u00eade bike. <\/li>\n\n\n\n<li>Graf\u00eek \u00fb deng. Grafik \u00fb dengek bilind-kal\u00eetey\u00ea atmosfera l\u00eestik\u00ea diafir\u00eene, w\u00ea ji l\u00eestikvanan re balk\u00ea\u015ftir dike. <\/li>\n\n\n\n<li>Heb\u00fbna n\u00fbvekirin\u00ean bir\u00eak\u00fbp\u00eak. Bi saya v\u00ea, h\u00fbn dikarin l\u00eestika xweya bijare bi performansa \u00e7\u00eatir k\u00eaf\u00ea bikin. P\u00ea\u015fdebir hewl didin ku bi r\u00eak\u00fbp\u00eak l\u00eestik\u00ea ba\u015ftir bikin da ku bi meyl \u00fb meyl\u00ean n\u00fbjen \u00ean di c\u00eehana l\u00eestika serh\u00eal de tevbigerin.  <\/li>\n\n\n\n<li>Kapas\u00eeteya ku h\u00fbn rasterast ji t\u00ealefona xwe bil\u00eezin, b\u00eay\u00ee ku h\u00fbn li ku bin. Ev fersendek gir\u00eeng e ku h\u00fbn demek xwe\u015f derbas bikin, ji l\u00eestika l\u00eestik\u00ea k\u00eaf bikin \u00fb tewra hewl bidin ku drav\u00ea rast\u00een qezenc bikin. <\/li>\n\n\n\n<li>Gelek away\u00ean l\u00eestik\u00ea y\u00ean c\u00fbda. Stratejiyek Cash an Crash-ya ba\u015f-bijart\u00ee d\u00ea \u015fans\u00ea weya serketin\u00ea di her mod\u00ea de z\u00eade bike. <\/li>\n<\/ul>\n\n<p>Bi tevay\u00ee, Cash an Crash m\u00eenakek mezin a ser\u00eel\u00eadanek k\u00eaf\u00ea ye ku h\u00fbn dikarin drav\u00ea rast\u00een qezenc bikin. H\u00fbn dikarin demek xwe\u015f xwe\u015f bikin \u00fb hem j\u00ee bi heval\u00ean xwe an l\u00eestikvan\u00ean din \u00ean serh\u00eal re bi karan\u00eena moda pirziman\u00ee bil\u00eezin. <\/p>\n\n<h2 class=\"wp-block-heading\">Meriv \u00e7awa Cash an Crash l\u00eest<\/h2>\n\n<p>&#8220;Cash or Crash&#8221; l\u00eestikek qumara virtual ye ku pir caran ji h\u00eala online casino ve t\u00ea peyda kirin. Her \u00e7end dibe ku r\u00eazik di navbera guhertoy\u00ean cih\u00eareng \u00ean l\u00eestik\u00ea de hinek\u00ee c\u00fbda bibin, t\u00eageha bingeh\u00een bi gelemper\u00ee heman dim\u00eene. Li vir r\u00eabernameyek gelemper\u00ee li ser meriv \u00e7awa Cash an Crash l\u00eestin heye:  <\/p>\n\n<ul>\n<li>Qeydkirin\u00ee. Dibe ku h\u00fbn hewce ne ku bi serh\u00eal casino ku l\u00eestika Cash an Crash peyda dike qeyd bikin. Ji bo afirandina hesabek r\u00eawerzan bi\u015fop\u00eenin.  <\/li>\n\n\n\n<li>Dagirkirina hevsengiy\u00ea. Ber\u00ee ku h\u00fbn dest bi l\u00eestik\u00ea bikin, h\u00fbn hewce ne ku hesab\u00ea l\u00eestika xwe bi drav\u00ea rast\u00een dak\u00ea\u015fin. Di pir rew\u015fan de, ev dikare bi karan\u00eena away\u00ean dravdan\u00ea y\u00ean cih\u00eareng were kirin.  <\/li>\n\n\n\n<li>Hilbijartina m\u00eeqdara beh\u00ees\u00ea.<\/li>\n\n\n\n<li>Dor\u00ea dest p\u00ea bikin.<\/li>\n\n\n\n<li>Biryara bidaw\u00eekirina dewrey\u00ea. Di dema dorp\u00ea\u00e7\u00ea de, ji we re vebijark t\u00ea day\u00een ku h\u00fbn di her k\u00ealiy\u00ea de w\u00ea biqed\u00eenin \u00fb perey\u00ea ku h\u00fbn qezenc dikin bist\u00eenin. L\u00eabel\u00ea, heke h\u00fbn dor ber\u00ee xalek diyarkir\u00ee temam nekin, xetera &#8220;qezab\u00fbn\u00ea&#8221; heye \u00fb h\u00fbn \u00ea beh\u00eesa xwe winda bikin.  <\/li>\n\n\n\n<li>Crash an dawiya dora. Di hin nuqteyan de, &#8220;qeza&#8221; \u00e7\u00eadibe. Ger we heya v\u00ea gav\u00ea dor qedand, h\u00fbn \u00ea li gor\u00ee pirjimara hey\u00ee destkeftiyan bist\u00eenin. Wek\u00ee din h\u00fbn beh\u00eesa xwe winda dikin.   <\/li>\n<\/ul>\n\n<p>Prens\u00eeba l\u00eestik\u00ea pir sade \u00fb zelal e, ji ber v\u00ea yek\u00ea h\u00fbn dikarin z\u00fb fam bikin ka h\u00fbn hewce ne ku li vir \u00e7i bikin. Ger pirsgir\u00eak\u00ean we hebin, h\u00fbn dikarin li r\u00eawerzan bigerin. <\/p>\n\n<h2 class=\"wp-block-heading\">Meriv \u00e7awa li Cash an Crash qezenc dike<\/h2>\n\n<p>Serkeftina li l\u00eestik\u00ean qumar\u00ea y\u00ean wek\u00ee slots, poker, roulette \u00fb blackjack bi gelemper\u00ee bi \u015fans\u00ea ve gir\u00eaday\u00ee ye, \u00fb piraniya l\u00eestik\u00ean qumar\u00ea li ser bingeha \u015fans\u00ea ne. L\u00eabel\u00ea, hin stratej\u00ee \u00fb seri\u015fte hene ku dikarin ji bir\u00eavebirina bankrolla we re bibin al\u00eekar \u00fb \u015fans\u00ea weya qezenckirina di l\u00eestika qumara populer a Crash Cash casino de z\u00eade bikin: <\/p>\n\n<ul>\n<li>r\u00eaveberiya Bankroll. S\u00eenor\u00ea windahiy\u00ean ku h\u00fbn amade ne ku bidin diyar bikin \u00fb j\u00ea derbas nekin. Bankrolla xwe di navbera dani\u015f\u00een\u00ean l\u00eestin\u00ea de parve bikin \u00fb ten\u00ea ti\u015ft\u00ea ku h\u00fbn dikarin winda bikin beh\u00ees bikin.  <\/li>\n\n\n\n<li>Stratejiy\u00ean bingeh\u00een f\u00ear bibin. Wek\u00ee ku li jor behs kir, di qumar\u00ea de, stratejiyek bi r\u00eak\u00fbp\u00eak bijart\u00ee rolek sereke dil\u00eeze. Ew l\u00eakol\u00eena serketin\u00ean ber\u00ea, l\u00eager\u00eena nim\u00fbneyan \u00fb naskirina hevberdan\u00ean serket\u00ee y\u00ean sereke digire. Stratejiya Cash an Crash bi gelemper\u00ee ferd\u00ee ye, her \u00e7end h\u00fbn dikarin \u015f\u00eeretan ji l\u00eestikvan\u00ean bi tecrube bist\u00eenin.   <\/li>\n\n\n\n<li>S\u00fbd ji bonuses. Bonus \u00fb promosyon\u00ean ji casinos bikar b\u00eenin. L\u00eabel\u00ea, gir\u00eeng e ku meriv \u015fert \u00fb merc\u00ean ku bi bonusan re t\u00eakildar in bi baldar\u00ee bixw\u00eenin.  <\/li>\n\n\n\n<li>Bi baldar\u00ee r\u00eazik\u00ean l\u00eestik\u00ea bixw\u00eenin \u00fb r\u00eawerzan bixw\u00eenin.<\/li>\n<\/ul>\n\n<p>Bi \u015fopandina seri\u015ftey\u00ean jor\u00een, h\u00fbn dikarin \u015fans\u00ean xwe y\u00ean serketin\u00ea bi gir\u00eeng\u00ee z\u00eade bikin.<\/p>\n\n<h2 class=\"wp-block-heading\">Qa\u00eedey\u00ean ji bo l\u00eestina Cash an Crash<\/h2>\n\n<p>Qa\u00eedey\u00ean l\u00eestik\u00ea h\u00easan \u00fb zelal in. Ber\u00ee her ti\u015ft\u00ee, l\u00eestikvan m\u00eeqdara beh\u00ees\u00ea hildibij\u00eare \u00fb ji bo gerr\u00ea li ser bi\u015fkoka destp\u00eak\u00ea bikirt\u00eene. Dor bi pirjimarek destp\u00eak\u00ea (m\u00eenak 1x) dest p\u00ea dike. Ev pirjimar bi dem\u00ea re dest p\u00ea dike ku z\u00eade bibe. Di dema gerr\u00ea de, l\u00eestikvan demek diyar heye ku biryar\u00ea bide ka d\u00ea dora xwe temam bike \u00fb destkeftiyan berhev bike. Ev dikare ber\u00ee ku pirjimar bigih\u00eeje nirxek diyarkir\u00ee ku dibe sedema t\u00eak\u00e7\u00fbnek\u00ea were kirin.     <\/p>\n\n<p>Dema ku pirjimar digih\u00eeje nirxek diyarkir\u00ee &#8220;\u015fkest&#8221; \u00e7\u00eadibe. Ger l\u00eestikvan heya v\u00ea nuqtey\u00ea dor temam kiribe, ew qezencan werdigire. Wek\u00ee din, beh\u00ees d\u00ea winda bibe. Ger l\u00eestikvanek ber\u00ee qezay\u00ea dorek\u00ea temam bike \u00fb serkeftinek werbigire, m\u00eeqdara serketin\u00ea bi pirjimara hey\u00ee ve gir\u00eaday\u00ee ye. Ger l\u00eestikvan ber\u00ee qezay\u00ea dora xwe temam neke, beh\u00ees winda dibe \u00fb serkeftin tune.    <\/p>\n\n<h2 class=\"wp-block-heading\">Kod\u00ean promosyon\u00ea<\/h2>\n\n<p>Kod\u00ean danas\u00een\u00ea y\u00ean di l\u00eestika Cash an Crash de kod\u00ean taybet\u00ee ne ku l\u00eestikvan dikarin t\u00eakevin da ku pr\u00eeman, \u00eemtiyaz \u00fb promosyon\u00ean cih\u00eareng bist\u00eenin. Van kodan ji h\u00eala p\u00ea\u015fdebir\u00ean casino an l\u00eestik\u00ea ve t\u00eane peyda kirin \u00fb dikarin ji h\u00eala l\u00eestikvanan ve werin bikar an\u00een da ku ezm\u00fbna l\u00eestika xwe ba\u015ftir bikin an taybetmendiy\u00ean z\u00eade bist\u00eenin. Di mijara &#8220;Dergo an Crash&#8221; de kod\u00ean danas\u00een\u00ea dikarin ji h\u00eala:  <\/p>\n\n<ol>\n<li>Depoy\u00ean bonus: fon\u00ean z\u00eade dema ku hesab\u00ea xwe di l\u00eestik\u00ea de dagirtin.<\/li>\n\n\n\n<li>Qozey\u00ean Bela\u015f: Di l\u00eestika bi qatjimaran de qozey\u00ean bela\u015f.<\/li>\n\n\n\n<li>Z\u00eadeb\u00fbna Pirrjimar: Di dema l\u00eestik\u00ea de pirjimarker\u00ean bonus.<\/li>\n\n\n\n<li>B\u00fbyer\u00ean taybet\u00ee: be\u015fdar\u00ee promosyon\u00ean taybet\u00ee \u00fb t\u00fbrn\u00fbvayan.<\/li>\n<\/ol>\n\n<p>Stat\u00eest\u00eek\u00ean drav an qezay\u00ea destn\u00ee\u015fan dikin ku bi karan\u00eena bonus\u00ean z\u00eade re, bikarh\u00eaner pir z\u00eade \u00eeht\u00eemal e ku bi ser bikevin. Ji bo ku h\u00fbn di l\u00eestika &#8220;Dergo an Crash&#8221; de kodek danas\u00een\u00ea bikar b\u00eenin, h\u00fbn bi gelemper\u00ee hewce ne ku t\u00eakevin hesab\u00ea xweya casino, bi\u00e7in be\u015fa &#8220;Kod\u00ean danas\u00een\u00ea&#8221; an &#8220;Bonus&#8221; \u00fb koda guncan biniv\u00eesin. Pi\u015ft\u00ee v\u00ea yek\u00ea, bon\u00fbs\u00ean ku ji h\u00eala v\u00ea \u00e7alakiy\u00ea ve hatine peyda kirin d\u00ea bixweber li hesab\u00ea we werin jimartin.  <\/p>\n\n<p>Gir\u00eeng e ku ji b\u00eer mekin ku kod\u00ean danas\u00een\u00ea dibe ku demek derbasdarek tix\u00fbbdar an hin merc\u00ean karan\u00eena wan hebin. Ber\u00ee ku h\u00fbn kodek danas\u00een\u00ea biniv\u00eesin, gir\u00eeng e ku h\u00fbn \u015fert \u00fb mercan bi baldar\u00ee bixw\u00eenin da ku ji xeletf\u00eamkirin\u00ea d\u00fbr nekevin \u00fb ji bon\u00fbs\u00ean p\u00ea\u015fk\u00ea\u015fkir\u00ee s\u00fbd werbigirin. <\/p>\n\n<h2 class=\"wp-block-heading\">Reviews<\/h2>\n\n<p>Li vir \u00e7end nirxandin\u00ean bikarh\u00eaner\u00ean ku hem\u00ee feydey\u00ean v\u00ea l\u00eestika qumara populer ceriband\u00ee ne:<\/p>\n","protected":false},"excerpt":{"rendered":"<p>Cash an Crash l\u00eestikek e ku di nav tema\u015fevan\u00ean ser\u00eel\u00eadan\u00ean qumar\u00ea de, k\u00ea\u015fey\u00ean bilind \u00fb xetereyan de daxwazek mezin e. Ev vebijarkek gir\u00eeng e ku h\u00fbn demek xwe\u015f derbas bikin \u00fb bext\u00ea xwe bicerib\u00eenin. Cash an Crash ser\u00eel\u00eadanek Android-\u00ea ye ku t\u00ea de l\u00eestikvan dikarin li ser b\u00fbyer\u00ean cih\u00eareng beh\u00ees\u00ea deynin, ku encama wan bi [&hellip;]<\/p>\n","protected":false},"author":2,"featured_media":0,"parent":0,"menu_order":0,"comment_status":"open","ping_status":"closed","template":"","meta":{"footnotes":""},"yoast_head":"<!-- This site is optimized with the Yoast SEO plugin v21.7 - https:\/\/yoast.com\/wordpress\/plugins\/seo\/ -->\n<title>Cash an Crash game di casino, dak\u00ea\u015fin<\/title>\n<meta name=\"description\" content=\"Vekol\u00eena l\u00eestika populer a c\u00eehan\u00ea Cash an Crash. Li ser taybetmendiy\u00ean sereke, avantaj, qa\u00eedey\u00ean l\u00eestik\u00ea \u00fb raz\u00ean serketina mezin f\u00ear bibin. L\u00eestik dak\u00ea\u015fin \u00fb bi heval\u00ean xwe re demek xwe\u015f derbas bikin.\" \/>\n<meta name=\"robots\" content=\"index, follow, max-snippet:-1, max-image-preview:large, max-video-preview:-1\" \/>\n<link rel=\"canonical\" href=\"https:\/\/aviator-crash.org\/ku\/play-cash-an-crash\/\" \/>\n<meta property=\"og:locale\" content=\"en_US\" \/>\n<meta property=\"og:type\" content=\"article\" \/>\n<meta property=\"og:title\" content=\"Cash an Crash game di casino, dak\u00ea\u015fin\" \/>\n<meta property=\"og:description\" content=\"Vekol\u00eena l\u00eestika populer a c\u00eehan\u00ea Cash an Crash. Li ser taybetmendiy\u00ean sereke, avantaj, qa\u00eedey\u00ean l\u00eestik\u00ea \u00fb raz\u00ean serketina mezin f\u00ear bibin. L\u00eestik dak\u00ea\u015fin \u00fb bi heval\u00ean xwe re demek xwe\u015f derbas bikin.\" \/>\n<meta property=\"og:url\" content=\"https:\/\/aviator-crash.org\/ku\/play-cash-an-crash\/\" \/>\n<meta property=\"article:modified_time\" content=\"2024-02-02T21:20:09+00:00\" \/>\n<meta property=\"og:image\" content=\"https:\/\/aviator-crash.org\/wp-content\/uploads\/2024\/01\/cash-or-crash-live-1200x584-1-1024x498.jpeg\" \/>\n<meta name=\"twitter:card\" content=\"summary_large_image\" \/>\n<meta name=\"twitter:label1\" content=\"Est. reading time\" \/>\n\t<meta name=\"twitter:data1\" content=\"8 \u062e\u0648\u0644\u06d5\u06a9\" \/>\n<script type=\"application\/ld+json\" class=\"yoast-schema-graph\">{\"@context\":\"https:\/\/schema.org\",\"@graph\":[{\"@type\":\"WebPage\",\"@id\":\"https:\/\/aviator-crash.org\/ku\/play-cash-an-crash\/\",\"url\":\"https:\/\/aviator-crash.org\/ku\/play-cash-an-crash\/\",\"name\":\"Cash an Crash game di casino, dak\u00ea\u015fin\",\"isPartOf\":{\"@id\":\"https:\/\/aviator-crash.org\/ku\/#website\"},\"datePublished\":\"2023-12-27T19:58:01+00:00\",\"dateModified\":\"2024-02-02T21:20:09+00:00\",\"description\":\"Vekol\u00eena l\u00eestika populer a c\u00eehan\u00ea Cash an Crash. Li ser taybetmendiy\u00ean sereke, avantaj, qa\u00eedey\u00ean l\u00eestik\u00ea \u00fb raz\u00ean serketina mezin f\u00ear bibin. L\u00eestik dak\u00ea\u015fin \u00fb bi heval\u00ean xwe re demek xwe\u015f derbas bikin.\",\"breadcrumb\":{\"@id\":\"https:\/\/aviator-crash.org\/ku\/play-cash-an-crash\/#breadcrumb\"},\"inLanguage\":\"ckb\",\"potentialAction\":[{\"@type\":\"ReadAction\",\"target\":[\"https:\/\/aviator-crash.org\/ku\/play-cash-an-crash\/\"]}]},{\"@type\":\"BreadcrumbList\",\"@id\":\"https:\/\/aviator-crash.org\/ku\/play-cash-an-crash\/#breadcrumb\",\"itemListElement\":[{\"@type\":\"ListItem\",\"position\":1,\"name\":\"Home\",\"item\":\"https:\/\/aviator-crash.org\/ku\/listika-aviator-liserxete-ji-bo-peran-rast\/\"},{\"@type\":\"ListItem\",\"position\":2,\"name\":\"Play Cash an Crash\"}]},{\"@type\":\"WebSite\",\"@id\":\"https:\/\/aviator-crash.org\/ku\/#website\",\"url\":\"https:\/\/aviator-crash.org\/ku\/\",\"name\":\"\",\"description\":\"\",\"potentialAction\":[{\"@type\":\"SearchAction\",\"target\":{\"@type\":\"EntryPoint\",\"urlTemplate\":\"https:\/\/aviator-crash.org\/ku\/?s={search_term_string}\"},\"query-input\":\"required name=search_term_string\"}],\"inLanguage\":\"ckb\"}]}<\/script>\n<!-- \/ Yoast SEO plugin. -->","yoast_head_json":{"title":"Cash an Crash game di casino, dak\u00ea\u015fin","description":"Vekol\u00eena l\u00eestika populer a c\u00eehan\u00ea Cash an Crash. Li ser taybetmendiy\u00ean sereke, avantaj, qa\u00eedey\u00ean l\u00eestik\u00ea \u00fb raz\u00ean serketina mezin f\u00ear bibin. L\u00eestik dak\u00ea\u015fin \u00fb bi heval\u00ean xwe re demek xwe\u015f derbas bikin.","robots":{"index":"index","follow":"follow","max-snippet":"max-snippet:-1","max-image-preview":"max-image-preview:large","max-video-preview":"max-video-preview:-1"},"canonical":"https:\/\/aviator-crash.org\/ku\/play-cash-an-crash\/","og_locale":"en_US","og_type":"article","og_title":"Cash an Crash game di casino, dak\u00ea\u015fin","og_description":"Vekol\u00eena l\u00eestika populer a c\u00eehan\u00ea Cash an Crash. Li ser taybetmendiy\u00ean sereke, avantaj, qa\u00eedey\u00ean l\u00eestik\u00ea \u00fb raz\u00ean serketina mezin f\u00ear bibin. L\u00eestik dak\u00ea\u015fin \u00fb bi heval\u00ean xwe re demek xwe\u015f derbas bikin.","og_url":"https:\/\/aviator-crash.org\/ku\/play-cash-an-crash\/","article_modified_time":"2024-02-02T21:20:09+00:00","og_image":[{"url":"https:\/\/aviator-crash.org\/wp-content\/uploads\/2024\/01\/cash-or-crash-live-1200x584-1-1024x498.jpeg"}],"twitter_card":"summary_large_image","twitter_misc":{"Est. reading time":"8 \u062e\u0648\u0644\u06d5\u06a9"},"schema":{"@context":"https:\/\/schema.org","@graph":[{"@type":"WebPage","@id":"https:\/\/aviator-crash.org\/ku\/play-cash-an-crash\/","url":"https:\/\/aviator-crash.org\/ku\/play-cash-an-crash\/","name":"Cash an Crash game di casino, dak\u00ea\u015fin","isPartOf":{"@id":"https:\/\/aviator-crash.org\/ku\/#website"},"datePublished":"2023-12-27T19:58:01+00:00","dateModified":"2024-02-02T21:20:09+00:00","description":"Vekol\u00eena l\u00eestika populer a c\u00eehan\u00ea Cash an Crash. Li ser taybetmendiy\u00ean sereke, avantaj, qa\u00eedey\u00ean l\u00eestik\u00ea \u00fb raz\u00ean serketina mezin f\u00ear bibin. L\u00eestik dak\u00ea\u015fin \u00fb bi heval\u00ean xwe re demek xwe\u015f derbas bikin.","breadcrumb":{"@id":"https:\/\/aviator-crash.org\/ku\/play-cash-an-crash\/#breadcrumb"},"inLanguage":"ckb","potentialAction":[{"@type":"ReadAction","target":["https:\/\/aviator-crash.org\/ku\/play-cash-an-crash\/"]}]},{"@type":"BreadcrumbList","@id":"https:\/\/aviator-crash.org\/ku\/play-cash-an-crash\/#breadcrumb","itemListElement":[{"@type":"ListItem","position":1,"name":"Home","item":"https:\/\/aviator-crash.org\/ku\/listika-aviator-liserxete-ji-bo-peran-rast\/"},{"@type":"ListItem","position":2,"name":"Play Cash an Crash"}]},{"@type":"WebSite","@id":"https:\/\/aviator-crash.org\/ku\/#website","url":"https:\/\/aviator-crash.org\/ku\/","name":"","description":"","potentialAction":[{"@type":"SearchAction","target":{"@type":"EntryPoint","urlTemplate":"https:\/\/aviator-crash.org\/ku\/?s={search_term_string}"},"query-input":"required name=search_term_string"}],"inLanguage":"ckb"}]}},"_links":{"self":[{"href":"https:\/\/aviator-crash.org\/ku\/wp-json\/wp\/v2\/pages\/5343"}],"collection":[{"href":"https:\/\/aviator-crash.org\/ku\/wp-json\/wp\/v2\/pages"}],"about":[{"href":"https:\/\/aviator-crash.org\/ku\/wp-json\/wp\/v2\/types\/page"}],"author":[{"embeddable":true,"href":"https:\/\/aviator-crash.org\/ku\/wp-json\/wp\/v2\/users\/2"}],"replies":[{"embeddable":true,"href":"https:\/\/aviator-crash.org\/ku\/wp-json\/wp\/v2\/comments?post=5343"}],"version-history":[{"count":3,"href":"https:\/\/aviator-crash.org\/ku\/wp-json\/wp\/v2\/pages\/5343\/revisions"}],"predecessor-version":[{"id":5347,"href":"https:\/\/aviator-crash.org\/ku\/wp-json\/wp\/v2\/pages\/5343\/revisions\/5347"}],"wp:attachment":[{"href":"https:\/\/aviator-crash.org\/ku\/wp-json\/wp\/v2\/media?parent=5343"}],"curies":[{"name":"wp","href":"https:\/\/api.w.org\/{rel}","templated":true}]}}