{"id":5434,"date":"2023-12-27T19:26:44","date_gmt":"2023-12-27T19:26:44","guid":{"rendered":"https:\/\/aviator-crash.org\/lucky-jet-1win-dakesin\/"},"modified":"2024-02-02T21:24:41","modified_gmt":"2024-02-02T21:24:41","slug":"lucky-jet-1win-dakesin","status":"publish","type":"page","link":"https:\/\/aviator-crash.org\/ku\/lucky-jet-1win-dakesin\/","title":{"rendered":"Lucky Jet 1win dak\u00ea\u015fin"},"content":{"rendered":"\n<figure class=\"wp-block-gallery has-nested-images columns-default is-cropped wp-block-gallery-1 is-layout-flex wp-block-gallery-is-layout-flex\">\n<figure class=\"wp-block-image size-large\"><span itemprop=\"image\" itemscope itemtype=\"https:\/\/schema.org\/ImageObject\"><img itemprop=\"url image\" loading=\"lazy\" decoding=\"async\" width=\"880\" height=\"500\" data-id=\"478\" src=\"https:\/\/aviator-crash.org\/wp-content\/uploads\/2024\/01\/lucky_jet_game-casino_yl6vvw.webp\" alt=\"\" class=\"wp-image-478\" srcset=\"https:\/\/aviator-crash.org\/wp-content\/uploads\/2024\/01\/lucky_jet_game-casino_yl6vvw.webp 880w, https:\/\/aviator-crash.org\/wp-content\/uploads\/2024\/01\/lucky_jet_game-casino_yl6vvw-300x170.webp 300w, https:\/\/aviator-crash.org\/wp-content\/uploads\/2024\/01\/lucky_jet_game-casino_yl6vvw-768x436.webp 768w\" sizes=\"(max-width: 880px) 100vw, 880px\" \/><meta itemprop=\"width\" content=\"880\"><meta itemprop=\"height\" content=\"500\"><\/span><\/figure>\n<\/figure>\n\n<p>Fir\u00een\u00ean serdest, k\u00ealiy\u00ean balk\u00ea\u015f \u00fb c\u00eeh\u00ea b\u00eadaw\u00ee di serp\u00eahatiyek balk\u00ea\u015f a bi nav\u00ea Lucky Jet 1win de t\u00eane hev. Ev l\u00eestika balk\u00ea\u015f a 1win l\u00eestikvanan dixe c\u00eehanek b\u00eahempa ya heyecan \u00fb serp\u00eahatiy\u00ea, ku her manevrayek dikare bibe mifteya serketin\u00ea. <\/p>\n\n<p>Lucky Jet 1win ne ten\u00ea l\u00eestikek Android-\u00ea ye, ew fersendek e ku meriv bikeve nav c\u00eehana balk\u00ea\u015f a \u015fer\u00ean qumar\u00ea, ku her gav dikare qursa b\u00fbyeran biguhez\u00eene. H\u00fbn dikarin ser\u00eel\u00eadana l\u00eestika ferm\u00ee ya Lucky Jet li ser malpera Odin VIN dak\u00ea\u015fin. Di hesab\u00ea xweya kesane de h\u00fbn dikarin xelat\u00ean xwe berhev bikin, bi heval\u00ean xwe re \u015fer bikin \u00fb p\u00ea\u015fbaziy\u00ea bikin. Serl\u00eadana Lucky Jet 1win dikare bela\u015f were dak\u00ea\u015fandin.   <\/p>\n\n<h2 class=\"wp-block-heading\">Avantaja l\u00eestika serh\u00eal Lucky Jet<\/h2>\n\n<p>Ev ser\u00eel\u00eadan l\u00eestikek serh\u00eal a balk\u00ea\u015f e ku gelek avantaj\u00ean w\u00ea hene:<\/p>\n\n<ul>\n<li>L\u00eestika balk\u00ea\u015f. L\u00eestik dema ku di wesay\u00eet\u00ean xwe y\u00ean fir\u00een\u00ea de radibin dikarin ji \u015fer\u00ea c\u00eeh\u00ea-teknolojiya bilind k\u00eaf\u00ea bikin. <\/li>\n\n\n\n<li>Gelek m\u00eesyon\u00ean balk\u00ea\u015f.<\/li>\n\n\n\n<li>Moda Multiplayer. Yek ji feydey\u00ean sereke \u015fiyana l\u00eestina serh\u00eal bi l\u00eestikvan\u00ean din re ye. Nirx\u00ean ji bo Lucky Jet 1win di derbar\u00ea v\u00ea mod\u00ea de zehf er\u00ean\u00ee ne, ji ber ku l\u00eestikvan d\u00ea bikaribin bi heval an l\u00eestikvan\u00ean din re \u015fer bikin, p\u00ea\u015fbaz bikin \u00fb hevkariy\u00ea bikin, ku ev yek aliyek civak\u00ee \u00fb d\u00eenam\u00eezm\u00ea li ezm\u00fbna l\u00eestik\u00ea z\u00eade dike.  <\/li>\n\n\n\n<li>Sazkirina balafiran. L\u00eestik xwed\u00ee derfet in ku mak\u00eeney\u00ean firr\u00eena xwe xwe\u015f bikin \u00fb ba\u015ftir bikin. Ev ezm\u00fbnek l\u00eestikek kesane diafir\u00eene, ku dih\u00eale her l\u00eestikvan \u015f\u00eawaz \u00fb stratejiya xwe p\u00ea\u015fve bibe.  <\/li>\n\n\n\n<li>S\u00eawirana d\u00eetbar\u00ee balk\u00ea\u015f. L\u00eestika 1win Lucky Jet xwedan graf\u00eek \u00fb s\u00eawirana balk\u00ea\u015f e, ku c\u00eehana l\u00eestik\u00ea reng\u00een \u00fb bi d\u00eetbar\u00ee balk\u00ea\u015f dike. <\/li>\n\n\n\n<li>N\u00fbvekirin\u00ean bi r\u00eak\u00fbp\u00eak.<\/li>\n<\/ul>\n\n<p>Bi van feydeyan di hi\u015f\u00ea xwe de, Lucky Jet ezm\u00fbnek l\u00eestik\u00ea ya berbi\u00e7av peyda dike ku h\u00eaman\u00ean \u00e7alakiya bilez, dan\u00fbstendina civak\u00ee \u00fb ram\u00eena stratej\u00eek li hev dike.<\/p>\n\n<h2 class=\"wp-block-heading\">Meriv \u00e7awa Lucky Jet dileyize<\/h2>\n\n<p>L\u00eestik bi \u00e7\u00eakirina hesabek, heke hewce be, \u00fb bijartina firokey\u00ean xwe dest p\u00ea dikin. Dibe ku perwerdeh\u00ee were peyda kirin da ku h\u00fbn bi kontrol \u00fb l\u00eestika bingeh\u00een re nas bikin. Di l\u00eestikek bi an b\u00ea 1win Lucky Jet Bet Vouchers de, dibe ku m\u00eesyon\u00ean cih\u00eareng, peywir an armanc hebin ku l\u00eestikvan ji bo p\u00ea\u015fkeftin \u00fb qezenckirina \u00e7avkaniyan div\u00ea p\u00eak b\u00eenin.  <\/p>\n\n<p>Di bin kontrola balafirek teknolojiya bilind de, h\u00fbn bi dijber\u00ean xeternak re \u015fer dikin, j\u00eahat\u00eeb\u00fbna xwe p\u00ea\u015fve dibin \u00fb xelat\u00ean b\u00eahempa berhev dikin. Li ser riya serketin\u00ea, m\u00eesyon\u00ean balk\u00ea\u015f, perestgeh\u00ean c\u00eeh\u00ea y\u00ean b\u00eahnteng \u00fb hevd\u00eetin\u00ean nediyar li benda we ne. <\/p>\n\n<p>Pev\u00e7\u00fbn di Lucky Jet de bi gelemper\u00ee c\u00fbrbec\u00fbr manevra, \u00e7ek \u00fb biryar\u00ean takt\u00eek\u00ee bikar t\u00eenin da ku dijber\u00ean xwe t\u00eak bibin. L\u00eestik dikarin bi dijber\u00ean komputer\u00ea re r\u00fb bi r\u00fb bibin an bi l\u00eestikvan\u00ean din re be\u015fdar\u00ee \u015fer\u00ean piral\u00ee bibin. <\/p>\n\n<p>Heke h\u00fbn dixwazin demek xwe\u015f derbas bikin, w\u00ea hing\u00ea div\u00ea h\u00fbn b\u00ea guman Lucky Jet 1win li ser c\u00eehaza xwe dak\u00ea\u015fin. Pi\u015ft\u00ee w\u00ea, ji we re fersendek t\u00ea day\u00een ku h\u00fbn ji ezm\u00fbnek \u015fer\u00ea c\u00eeh\u00ea d\u00eenam\u00eek \u00fb balk\u00ea\u015f k\u00eaf\u00ea bikin, j\u00eahat\u00eeb\u00fbn, stratej\u00ee \u00fb j\u00eahat\u00eeb\u00fbna xwe bikar b\u00eenin da ku bigih\u00eejin serkeftin\u00ea. <\/p>\n\n<h2 class=\"wp-block-heading\">Meriv \u00e7awa li Lucky Jet qezenc dike<\/h2>\n\n<p>Serkeftin dikare bi \u00e7end faktoran ve gir\u00eaday\u00ee be \u00fb gir\u00eeng e ku h\u00fbn bi Lucky Jet 1win re stratejiyek p\u00ea\u015f bixin \u00fb j\u00eahat\u00eeb\u00fbn\u00ean xwe ba\u015ftir bikin da ku di l\u00eestik\u00ea de biserkevin. Li vir \u00e7end seri\u015fte hene ku dikarin ji we re bibin al\u00eekar ku h\u00fbn li Lucky Jet serfiraz bibin: <\/p>\n\n<ul>\n<li>Xwe bi kontrolan nas bikin. F\u00ear bibe ka meriv \u00e7awa mak\u00eeneyek fir\u00een\u00ea difir\u00eene. F\u00eamkirina hem\u00ee manevra \u00fb ferman\u00ean berdest d\u00ea ji we re bibe al\u00eekar ku h\u00fbn di \u015fer de bi bandor kontrol bikin.  <\/li>\n\n\n\n<li>Li One Wine Lucky Jet perwerdehiy\u00ea bigirin. Ev \u00ea ji we re bibe al\u00eekar ku h\u00fbn bingeh\u00ean l\u00eestik\u00ea f\u00ear bibin \u00fb f\u00ear bibin ka meriv \u00e7awa takt\u00eek\u00ean cih\u00eareng bikar t\u00eene. <\/li>\n\n\n\n<li>Balafirek guncan hilbij\u00earin. Dibe ku hin di \u00ear\u00ee\u015fkirin\u00ea de \u00e7\u00eatir bin hin\u00ean din j\u00ee dikarin di dravdan\u00ea de \u00e7\u00eatir bin. <\/li>\n\n\n\n<li>Am\u00fbra xwe mezin bikin. Bi karan\u00eena \u00e7avkaniy\u00ean ku di l\u00eestik\u00ea de hatine bidestxistin, firokeya xwe ba\u015ftir bikin. Ev \u00ea di \u015feran de \u015fans\u00ea we ba\u015ftir bike \u00fb we p\u00ea\u015fbaztir bike.  <\/li>\n\n\n\n<li>Ji bo her \u015fer stratejiyek Lucky Jet 1Win p\u00ea\u015fve bibin.<\/li>\n<\/ul>\n\n<p>J\u00eengeh\u00ea ji bo berjewendiya xwe bikar b\u00eenin, ji \u00ear\u00ee\u015fan d\u00fbr bixin, li qelsiy\u00ean dijber\u00ean xwe bigerin. Ji bo serkeftinek bi bandortir \u00e7\u00eatir e ku meriv terc\u00eeh\u00ea bide stratejiyek bi r\u00eajeyek pi\u00e7\u00fbktir. <\/p>\n\n<p>B\u00eenin b\u00eera xwe ku dibe ku her l\u00eestik xwedan d\u00eenam\u00eek\u00ean xwe y\u00ean b\u00eahempa be, ji ber v\u00ea yek\u00ea bicerib\u00eenin, bigunc\u00eenin \u00fb ji p\u00eavajoya ba\u015fkirina j\u00eahat\u00eeb\u00fbna l\u00eestika xwe ya li Lucky Jet k\u00eaf bikin.<\/p>\n\n<h2 class=\"wp-block-heading\">Qa\u00eedey\u00ean l\u00eestik\u00ea di Lucky Jet de<\/h2>\n\n<p>Avantajek din a v\u00ea l\u00eestik\u00ea sadeb\u00fbn \u00fb gih\u00ee\u015ftina qa\u00eedeyan e. Gelek geryan hene, armanca sereke ya wan ew e ku h\u00fbn beh\u00ees\u00ean xwe di wext\u00ea de bi c\u00eeh bikin. Nirx\u00ean Lucky Jet 1win del\u00eel in ku ne her ti\u015ft ew qas h\u00easan e ku xuya dike. Gir\u00eeng e ku m\u00eeqdara di wext\u00ea de beh\u00ees bikin, wek\u00ee din ew dikare bi\u015fewite. Ma h\u00fbn dixwazin r\u00eeskek bigirin an li benda demek guncantir bim\u00eenin? Her ti\u015ft bi we ve gir\u00eaday\u00ee ye.     <\/p>\n\n<h2 class=\"wp-block-heading\">Vouchers<\/h2>\n\n<p>Vouchers ji Lucky Jet kod\u00ean taybet\u00ee ne ku l\u00eestikvan dikarin t\u00eakevin l\u00eestik\u00ea da ku hin bonus, \u00e7avkan\u00ee, an feydey\u00ean din bist\u00eenin. H\u00fbn dikarin wan li ser malpera 1Win bib\u00eenin. Ew \u00ea bi r\u00eak\u00fbp\u00eak xuya bibin, l\u00eestikvanan bi derfet\u00ean n\u00fb \u00fb p\u00ea\u015fniyar\u00ean bik\u00eartir k\u00eafxwe\u015f dikin.  <\/p>\n\n<h2 class=\"wp-block-heading\">Reviews<\/h2>\n\n<p>Li vir \u00e7end nirxandin\u00ean bikarh\u00eaner hene:<\/p>\n\n<p><\/p>\n","protected":false},"excerpt":{"rendered":"<p>Fir\u00een\u00ean serdest, k\u00ealiy\u00ean balk\u00ea\u015f \u00fb c\u00eeh\u00ea b\u00eadaw\u00ee di serp\u00eahatiyek balk\u00ea\u015f a bi nav\u00ea Lucky Jet 1win de t\u00eane hev. Ev l\u00eestika balk\u00ea\u015f a 1win l\u00eestikvanan dixe c\u00eehanek b\u00eahempa ya heyecan \u00fb serp\u00eahatiy\u00ea, ku her manevrayek dikare bibe mifteya serketin\u00ea. Lucky Jet 1win ne ten\u00ea l\u00eestikek Android-\u00ea ye, ew fersendek e ku meriv bikeve nav c\u00eehana [&hellip;]<\/p>\n","protected":false},"author":2,"featured_media":0,"parent":0,"menu_order":0,"comment_status":"open","ping_status":"closed","template":"","meta":{"footnotes":""},"yoast_head":"<!-- This site is optimized with the Yoast SEO plugin v21.7 - https:\/\/yoast.com\/wordpress\/plugins\/seo\/ -->\n<title>L\u00eestika Lucky Jet di 1win casino de, dak\u00ea\u015fin<\/title>\n<meta name=\"description\" content=\"Vekol\u00eena l\u00eestika navdar a c\u00eehan\u00ee Lucky Jet li casino 1win, ku ji we re fersendek rast\u00een dide ku h\u00fbn drav\u00ea ba\u015f bidest bixin. Taybetmendiy\u00ean sereke, feyde \u00fb qa\u00eedey\u00ean l\u00eestik\u00ea binih\u00earin. Z\u00fb z\u00fb dest p\u00ea bikin \u00fb qezenc bikin!\" \/>\n<meta name=\"robots\" content=\"index, follow, max-snippet:-1, max-image-preview:large, max-video-preview:-1\" \/>\n<link rel=\"canonical\" href=\"https:\/\/aviator-crash.org\/ku\/lucky-jet-1win-dakesin\/\" \/>\n<meta property=\"og:locale\" content=\"en_US\" \/>\n<meta property=\"og:type\" content=\"article\" \/>\n<meta property=\"og:title\" content=\"L\u00eestika Lucky Jet di 1win casino de, dak\u00ea\u015fin\" \/>\n<meta property=\"og:description\" content=\"Vekol\u00eena l\u00eestika navdar a c\u00eehan\u00ee Lucky Jet li casino 1win, ku ji we re fersendek rast\u00een dide ku h\u00fbn drav\u00ea ba\u015f bidest bixin. Taybetmendiy\u00ean sereke, feyde \u00fb qa\u00eedey\u00ean l\u00eestik\u00ea binih\u00earin. Z\u00fb z\u00fb dest p\u00ea bikin \u00fb qezenc bikin!\" \/>\n<meta property=\"og:url\" content=\"https:\/\/aviator-crash.org\/ku\/lucky-jet-1win-dakesin\/\" \/>\n<meta property=\"article:modified_time\" content=\"2024-02-02T21:24:41+00:00\" \/>\n<meta property=\"og:image\" content=\"https:\/\/aviator-crash.org\/wp-content\/uploads\/2024\/01\/lucky_jet_game-casino_yl6vvw.webp\" \/>\n<meta name=\"twitter:card\" content=\"summary_large_image\" \/>\n<meta name=\"twitter:label1\" content=\"Est. reading time\" \/>\n\t<meta name=\"twitter:data1\" content=\"6 \u062e\u0648\u0644\u06d5\u06a9\" \/>\n<script type=\"application\/ld+json\" class=\"yoast-schema-graph\">{\"@context\":\"https:\/\/schema.org\",\"@graph\":[{\"@type\":\"WebPage\",\"@id\":\"https:\/\/aviator-crash.org\/ku\/lucky-jet-1win-dakesin\/\",\"url\":\"https:\/\/aviator-crash.org\/ku\/lucky-jet-1win-dakesin\/\",\"name\":\"L\u00eestika Lucky Jet di 1win casino de, dak\u00ea\u015fin\",\"isPartOf\":{\"@id\":\"https:\/\/aviator-crash.org\/ku\/#website\"},\"datePublished\":\"2023-12-27T19:26:44+00:00\",\"dateModified\":\"2024-02-02T21:24:41+00:00\",\"description\":\"Vekol\u00eena l\u00eestika navdar a c\u00eehan\u00ee Lucky Jet li casino 1win, ku ji we re fersendek rast\u00een dide ku h\u00fbn drav\u00ea ba\u015f bidest bixin. Taybetmendiy\u00ean sereke, feyde \u00fb qa\u00eedey\u00ean l\u00eestik\u00ea binih\u00earin. Z\u00fb z\u00fb dest p\u00ea bikin \u00fb qezenc bikin!\",\"breadcrumb\":{\"@id\":\"https:\/\/aviator-crash.org\/ku\/lucky-jet-1win-dakesin\/#breadcrumb\"},\"inLanguage\":\"ckb\",\"potentialAction\":[{\"@type\":\"ReadAction\",\"target\":[\"https:\/\/aviator-crash.org\/ku\/lucky-jet-1win-dakesin\/\"]}]},{\"@type\":\"BreadcrumbList\",\"@id\":\"https:\/\/aviator-crash.org\/ku\/lucky-jet-1win-dakesin\/#breadcrumb\",\"itemListElement\":[{\"@type\":\"ListItem\",\"position\":1,\"name\":\"Home\",\"item\":\"https:\/\/aviator-crash.org\/ku\/listika-aviator-liserxete-ji-bo-peran-rast\/\"},{\"@type\":\"ListItem\",\"position\":2,\"name\":\"Lucky Jet 1win dak\u00ea\u015fin\"}]},{\"@type\":\"WebSite\",\"@id\":\"https:\/\/aviator-crash.org\/ku\/#website\",\"url\":\"https:\/\/aviator-crash.org\/ku\/\",\"name\":\"\",\"description\":\"\",\"potentialAction\":[{\"@type\":\"SearchAction\",\"target\":{\"@type\":\"EntryPoint\",\"urlTemplate\":\"https:\/\/aviator-crash.org\/ku\/?s={search_term_string}\"},\"query-input\":\"required name=search_term_string\"}],\"inLanguage\":\"ckb\"}]}<\/script>\n<!-- \/ Yoast SEO plugin. -->","yoast_head_json":{"title":"L\u00eestika Lucky Jet di 1win casino de, dak\u00ea\u015fin","description":"Vekol\u00eena l\u00eestika navdar a c\u00eehan\u00ee Lucky Jet li casino 1win, ku ji we re fersendek rast\u00een dide ku h\u00fbn drav\u00ea ba\u015f bidest bixin. Taybetmendiy\u00ean sereke, feyde \u00fb qa\u00eedey\u00ean l\u00eestik\u00ea binih\u00earin. Z\u00fb z\u00fb dest p\u00ea bikin \u00fb qezenc bikin!","robots":{"index":"index","follow":"follow","max-snippet":"max-snippet:-1","max-image-preview":"max-image-preview:large","max-video-preview":"max-video-preview:-1"},"canonical":"https:\/\/aviator-crash.org\/ku\/lucky-jet-1win-dakesin\/","og_locale":"en_US","og_type":"article","og_title":"L\u00eestika Lucky Jet di 1win casino de, dak\u00ea\u015fin","og_description":"Vekol\u00eena l\u00eestika navdar a c\u00eehan\u00ee Lucky Jet li casino 1win, ku ji we re fersendek rast\u00een dide ku h\u00fbn drav\u00ea ba\u015f bidest bixin. Taybetmendiy\u00ean sereke, feyde \u00fb qa\u00eedey\u00ean l\u00eestik\u00ea binih\u00earin. Z\u00fb z\u00fb dest p\u00ea bikin \u00fb qezenc bikin!","og_url":"https:\/\/aviator-crash.org\/ku\/lucky-jet-1win-dakesin\/","article_modified_time":"2024-02-02T21:24:41+00:00","og_image":[{"url":"https:\/\/aviator-crash.org\/wp-content\/uploads\/2024\/01\/lucky_jet_game-casino_yl6vvw.webp"}],"twitter_card":"summary_large_image","twitter_misc":{"Est. reading time":"6 \u062e\u0648\u0644\u06d5\u06a9"},"schema":{"@context":"https:\/\/schema.org","@graph":[{"@type":"WebPage","@id":"https:\/\/aviator-crash.org\/ku\/lucky-jet-1win-dakesin\/","url":"https:\/\/aviator-crash.org\/ku\/lucky-jet-1win-dakesin\/","name":"L\u00eestika Lucky Jet di 1win casino de, dak\u00ea\u015fin","isPartOf":{"@id":"https:\/\/aviator-crash.org\/ku\/#website"},"datePublished":"2023-12-27T19:26:44+00:00","dateModified":"2024-02-02T21:24:41+00:00","description":"Vekol\u00eena l\u00eestika navdar a c\u00eehan\u00ee Lucky Jet li casino 1win, ku ji we re fersendek rast\u00een dide ku h\u00fbn drav\u00ea ba\u015f bidest bixin. Taybetmendiy\u00ean sereke, feyde \u00fb qa\u00eedey\u00ean l\u00eestik\u00ea binih\u00earin. Z\u00fb z\u00fb dest p\u00ea bikin \u00fb qezenc bikin!","breadcrumb":{"@id":"https:\/\/aviator-crash.org\/ku\/lucky-jet-1win-dakesin\/#breadcrumb"},"inLanguage":"ckb","potentialAction":[{"@type":"ReadAction","target":["https:\/\/aviator-crash.org\/ku\/lucky-jet-1win-dakesin\/"]}]},{"@type":"BreadcrumbList","@id":"https:\/\/aviator-crash.org\/ku\/lucky-jet-1win-dakesin\/#breadcrumb","itemListElement":[{"@type":"ListItem","position":1,"name":"Home","item":"https:\/\/aviator-crash.org\/ku\/listika-aviator-liserxete-ji-bo-peran-rast\/"},{"@type":"ListItem","position":2,"name":"Lucky Jet 1win dak\u00ea\u015fin"}]},{"@type":"WebSite","@id":"https:\/\/aviator-crash.org\/ku\/#website","url":"https:\/\/aviator-crash.org\/ku\/","name":"","description":"","potentialAction":[{"@type":"SearchAction","target":{"@type":"EntryPoint","urlTemplate":"https:\/\/aviator-crash.org\/ku\/?s={search_term_string}"},"query-input":"required name=search_term_string"}],"inLanguage":"ckb"}]}},"_links":{"self":[{"href":"https:\/\/aviator-crash.org\/ku\/wp-json\/wp\/v2\/pages\/5434"}],"collection":[{"href":"https:\/\/aviator-crash.org\/ku\/wp-json\/wp\/v2\/pages"}],"about":[{"href":"https:\/\/aviator-crash.org\/ku\/wp-json\/wp\/v2\/types\/page"}],"author":[{"embeddable":true,"href":"https:\/\/aviator-crash.org\/ku\/wp-json\/wp\/v2\/users\/2"}],"replies":[{"embeddable":true,"href":"https:\/\/aviator-crash.org\/ku\/wp-json\/wp\/v2\/comments?post=5434"}],"version-history":[{"count":1,"href":"https:\/\/aviator-crash.org\/ku\/wp-json\/wp\/v2\/pages\/5434\/revisions"}],"predecessor-version":[{"id":5436,"href":"https:\/\/aviator-crash.org\/ku\/wp-json\/wp\/v2\/pages\/5434\/revisions\/5436"}],"wp:attachment":[{"href":"https:\/\/aviator-crash.org\/ku\/wp-json\/wp\/v2\/media?parent=5434"}],"curies":[{"name":"wp","href":"https:\/\/api.w.org\/{rel}","templated":true}]}}