{"id":5466,"date":"2023-12-27T19:33:16","date_gmt":"2023-12-27T19:33:16","guid":{"rendered":"https:\/\/aviator-crash.org\/jet-x\/"},"modified":"2024-02-02T21:26:35","modified_gmt":"2024-02-02T21:26:35","slug":"jet-x","status":"publish","type":"page","link":"https:\/\/aviator-crash.org\/ku\/jet-x\/","title":{"rendered":"Jet X"},"content":{"rendered":"\n<figure class=\"wp-block-gallery has-nested-images columns-default is-cropped wp-block-gallery-1 is-layout-flex wp-block-gallery-is-layout-flex\">\n<figure class=\"wp-block-image size-large\"><span itemprop=\"image\" itemscope itemtype=\"https:\/\/schema.org\/ImageObject\"><img itemprop=\"url image\" loading=\"lazy\" decoding=\"async\" width=\"1024\" height=\"576\" data-id=\"475\" src=\"https:\/\/aviator-crash.org\/wp-content\/uploads\/2024\/01\/how-to-play-jet-x-game-on-my-cell-phone-1200x675-1-1024x576-1.webp\" alt=\"\" class=\"wp-image-475\" srcset=\"https:\/\/aviator-crash.org\/wp-content\/uploads\/2024\/01\/how-to-play-jet-x-game-on-my-cell-phone-1200x675-1-1024x576-1.webp 1024w, https:\/\/aviator-crash.org\/wp-content\/uploads\/2024\/01\/how-to-play-jet-x-game-on-my-cell-phone-1200x675-1-1024x576-1-300x169.webp 300w, https:\/\/aviator-crash.org\/wp-content\/uploads\/2024\/01\/how-to-play-jet-x-game-on-my-cell-phone-1200x675-1-1024x576-1-768x432.webp 768w\" sizes=\"(max-width: 1024px) 100vw, 1024px\" \/><meta itemprop=\"width\" content=\"1024\"><meta itemprop=\"height\" content=\"576\"><\/span><\/figure>\n<\/figure>\n\n<p>H\u00fbn bi x\u00ear hatin p\u00ea\u015feroja p\u00ea\u015fbirka adrenal\u00een\u00ea, c\u00eehana Jet X, ku h\u00fbn dikarin bela\u015f dak\u00ea\u015fin! Ev serp\u00eahatiyek ferm\u00ee ya arcade ya balk\u00ea\u015f a ji bo Android-\u00ea ye, ku leza, bilindah\u00ee \u00fb st\u00fbn\u00ean b\u00eabawer di yek \u00e7emek h\u00eazdar de t\u00eane hev kirin. Bikevin hundur\u00ea kokp\u00eat\u00ea ya balafirek p\u00ea\u015fkeft\u00ee \u00fb ji bo \u015fopek ku d\u00ea ji h\u00eaviy\u00ean we w\u00eadetir rabe amade bikin. Stratejiya Jet X ji b\u00eer nekin!   <\/p>\n\n<p>H\u00fbn dikarin bi h\u00easan\u00ee ser\u00eel\u00eadan\u00ea li ser malpera XVIN dak\u00ea\u015fin, parg\u00eedaniyek pirt\u00fbk\u00e7\u00eaker ku yek ji her\u00ee populer t\u00ea hesibandin. Hesabek kesane biafir\u00eenin, l\u00eestik\u00ea bidin destp\u00eakirin \u00fb bi z\u00fbtir\u00een dem dest bi p\u00ea\u015fbaziy\u00ea bikin. <\/p>\n\n<h2 class=\"wp-block-heading\">Avantaja l\u00eestika serh\u00eal Jet X<\/h2>\n\n<p>L\u00eestika serh\u00eal Jet X xwedan \u00e7end avantaj\u00ean ku w\u00ea ji tema\u015fevan\u00ean p\u00ea\u015fbaziya arcade \u00fb adrenal\u00eena p\u00ea\u015feroj\u00ea re balk\u00ea\u015f dike:<\/p>\n\n<ul>\n<li>Lez \u00fb d\u00eenam\u00eezm. L\u00eestik p\u00ea\u015fbaziya bilez a ku her duyem\u00een t\u00ea hesibandin p\u00ea\u015fk\u00ea\u015f\u00ee dike. Bi saya l\u00eestika d\u00eenam\u00eek \u00fb azadiya tevger\u00ea di c\u00eeh\u00ea s\u00ea-al\u00ee de, l\u00eestikvan\u00ean X Jet bi rast\u00ee adrenal\u00eena p\u00ea\u015fbaziya bi leza bilind h\u00ees dikin.  <\/li>\n\n\n\n<li>Mak\u00eeney\u00ean fir\u00eena b\u00eahempa. L\u00eestik dikarin ji c\u00fbrbec\u00fbr wesay\u00eet\u00ean fir\u00eena n\u00fbjen \u00ean bi taybetmendiy\u00ean b\u00eahempa hilbij\u00earin. <\/li>\n\n\n\n<li>Heb\u00fbna moda pir-bikarh\u00eaner. Kapas\u00eeteya p\u00ea\u015fbaziya bi l\u00eestikvan\u00ean din \u00ean serh\u00eal re h\u00eamanek p\u00ea\u015fbaz\u00ee \u00fb dan\u00fbstendina civak\u00ee z\u00eade dike. H\u00fbn dikarin Jet X dak\u00ea\u015fin \u00fb bi heval\u00ean xwe re l\u00eestik\u00ea xwe\u015f bikin.  <\/li>\n\n\n\n<li>Ba\u015fkirina c\u00eehaz\u00ean. L\u00eestik dikarin li gor\u00ee \u015f\u00eawaza p\u00ea\u015fbaziya xwe balafira xwe xwe\u015f bikin \u00fb ba\u015ftir bikin. Ev ji bo her l\u00eestikvanek ezm\u00fbnek kesane diafir\u00eene \u00fb dih\u00eale ku ew her ku p\u00ea\u015fve di\u00e7in ger\u00eedey\u00ean xwe ba\u015ftir bikin.  <\/li>\n\n\n\n<li>N\u00fbvekirin\u00ean bi r\u00eak\u00fbp\u00eak. P\u00ea\u015fdebir bi domdar\u00ee Jet X-\u00ea n\u00fbve dikin, \u015fop, c\u00eehaz, mod \u00fb fonksiyon\u00ean n\u00fb l\u00ea z\u00eade dikin. <\/li>\n<\/ul>\n\n<p>Van avantaj\u00ean Jet X ji bo kes\u00ean ku q\u00eemet\u00ea didin p\u00ea\u015fbaziya bilez, n\u00fbjeniya s\u00eawirana balafiran \u00fb ruh\u00ea p\u00ea\u015fbaziy\u00ea ya l\u00eestika serh\u00eal, l\u00eestikek balk\u00ea\u015f dike.<\/p>\n\n<h2 class=\"wp-block-heading\">Meriv \u00e7awa Jet X l\u00eest<\/h2>\n\n<p>L\u00eestika Jet X di p\u00ea\u015feroj\u00ea de ezm\u00fbnek p\u00ea\u015fbaziya bilez a balk\u00ea\u015f peyda dike. Li vir p\u00ea\u015fniyar\u00ean gelemper\u00ee hene ku meriv \u00e7awa dest bi l\u00eestina Jet X dike: <\/p>\n\n<ol>\n<li>P\u00ea\u015f\u00een, li gor\u00ee r\u00eawerz\u00ean platforma xwe (komputer, konsol, c\u00eehaza mob\u00eel) l\u00eestik\u00ea li ser c\u00eehaza xwe saz bikin. L\u00eestik dest p\u00ea bikin \u00fb li bend\u00ea bim\u00eenin heya ku p\u00eavajoya dak\u00ea\u015fandin\u00ea biqede. <\/li>\n\n\n\n<li>Dema ku h\u00fbn l\u00eestik\u00ea dest p\u00ea bikin, d\u00ea ji we were xwestin ku h\u00fbn balafira xweya yekem hilbij\u00earin. Dibe ku c\u00eehaz\u00ean cih\u00eareng xwedan taybetmend\u00ee \u00fb j\u00eahat\u00eey\u00ean c\u00fbda bin, ji ber v\u00ea yek\u00ea h\u00fbn dikarin Jet X bicerib\u00eenin \u00fb bil\u00eezin. <\/li>\n\n\n\n<li>Xwe bi kontrol\u00ean balafir\u00ean xwe nas bikin. Ev bi gelemper\u00ee li gor\u00ee platform\u00ea bi karan\u00eena bi\u015fkok, joysticks, an d\u00eemenderek destik\u00ea ve gir\u00eaday\u00ee ye. <\/li>\n\n\n\n<li>Jet X away\u00ean l\u00eestik\u00ea y\u00ean cih\u00eareng \u00ean wek\u00ee kampanya, \u015fer\u00ean piral\u00ee p\u00ea\u015fk\u00ea\u015f\u00ee dike.<\/li>\n\n\n\n<li>R\u00ea\u00e7ek hilbij\u00earin \u00fb dest bi p\u00ea\u015fbaziy\u00ea bikin. Bala xwe bidin armanc \u00fb armanc\u00ean her nijad\u00ea, ji ber ku ew dikarin li gor\u00ee moda l\u00eestik\u00ea c\u00fbda bibin. Dibe ku bernameya Jet X li gor\u00ee ast\u00ea diguhere.  <\/li>\n\n\n\n<li>Kapas\u00eetey\u00ean mak\u00eeneya xweya fir\u00eena xwe bikar b\u00eenin da ku li dij\u00ee dijberan \u015fer bikin \u00fb st\u00fbnan bikin. Di hin mod\u00ean l\u00eestik\u00ea de, ev dibe ku bonus an leza z\u00eade peyda bike. <\/li>\n\n\n\n<li>Pi\u015ft\u00ee qedandina p\u00ea\u015fbirk \u00fb \u015feran, \u00e7avkaniy\u00ean l\u00eestik\u00ea an dirav bidest bixin da ku balafira xwe ba\u015ftir bikin \u00fb xwe\u015f bikin.<\/li>\n\n\n\n<li>Li benda n\u00fbvekirin\u00ean l\u00eestik\u00ea bim\u00eenin, ji ber ku p\u00ea\u015fdebir dikarin r\u00ea, am\u00fbr \u00fb mod\u00ean n\u00fb l\u00ea z\u00eade bikin.<\/li>\n<\/ol>\n\n<p>Dibe ku \u015fert \u00fb merc\u00ean taybet\u00ee li gor\u00ee guhertoy\u00ea c\u00fbda bibin. Nirx \u00fb p\u00ea\u015fniyar\u00ean Jet X bixw\u00eenin, ev \u00ea bih\u00eale ku h\u00fbn z\u00fb naveroka l\u00eestik\u00ea fam bikin \u00fb dest bi l\u00eestin\u00ea bikin. <\/p>\n\n<h2 class=\"wp-block-heading\">Meriv \u00e7awa li Jet X qezenc dike?<\/h2>\n\n<p>Ji bo ku bi serfiraz\u00ee Jet X l\u00eestin, gir\u00eeng e ku meriv j\u00eahat\u00eeb\u00fbn\u00ea p\u00ea\u015f bixe \u00fb stratejiyan bic\u00eeh b\u00eene da ku p\u00ea\u015fbaz \u00fb \u015feran bi dest bixe. Li vir \u00e7end seri\u015fte hene ku dikarin ji we re bibin al\u00eekar ku h\u00fbn di l\u00eestik\u00ea de serfiraz bibin. Ber\u00ee her ti\u015ft\u00ee, kontrolkirina mak\u00eeneya fir\u00eena xwe master bikin. F\u00eamkirina her tevger \u00fb manevray\u00ea d\u00ea bih\u00eale ku h\u00fbn di rew\u015f\u00ean cih\u00eareng de bi bandortir \u00eedare bikin. Riyan bigerin \u00fb j\u00eengeh\u00ea ji bo berjewendiya xwe bikar b\u00eenin.    <\/p>\n\n<p>Seri\u015fteyek din a \u00eesbatkir\u00ee ev e ku h\u00fbn kod\u00ean promosyon\u00ea y\u00ean Jet X bikar b\u00eenin. Ew \u015fert \u00fb merc\u00ean guncan \u00fb \u00eemkana qezenckirina xal\u00ean z\u00eade p\u00ea\u015fk\u00ea\u015f dikin. H\u00fbn dikarin kod\u00ean danas\u00een\u00ea li ser malper\u00ean l\u00eestik\u00ea y\u00ean pispor an di be\u015fek taybet\u00ee ya XVIN de bib\u00eenin. <\/p>\n\n<p>Stratejiya Jet X xalek din a gir\u00eeng e ku meriv bala xwe bide ser. Di b\u00fbyera \u015fer de, di karan\u00eena \u00e7ek \u00fb alav\u00ean parastin\u00ea de \u00e7alak bin. T\u00eakiliya bi bandor bi dijminan re dikare \u015fans\u00ean we y\u00ean serketin\u00ea pir z\u00eade bike.  <\/p>\n\n<p>Di dema p\u00ea\u015fbirk \u00fb \u015feran de, ji b\u00eer nekin ku h\u00fbn h\u00eeleyan bikin. Ew dikarin bonus \u00fb bilez\u00ean z\u00eade b\u00eenin. Bon\u00fbs \u00fb beh\u00ees\u00ean ba\u015f ji b\u00eer nekin. Di pergala hesabkirina \u015fans\u00ea Jet X de, h\u00fbn dikarin hem\u00ee xetereyan hesab bikin \u00fb beh\u00eesek j\u00eer bikin. Di heman dem\u00ea de bi \u00e7alak fersendan bikar b\u00eenin da ku mak\u00eeneya fir\u00eena xwe ba\u015ftir bikin. R\u00eayan bi baldar\u00ee l\u00eakol\u00een bikin \u00fb r\u00ea\u00e7a xwe ji ber\u00ea de plan bikin. Hilbijartina r\u00ea\u00e7a \u00e7\u00eatir\u00een \u00fb kontrolkirina lez\u00ea d\u00ea ji we re bibe al\u00eekar ku h\u00fbn dijber\u00ean xwe derbas bikin.      <\/p>\n\n<p>\u00c7alakiy\u00ean dijber\u00ean xwe bi\u015fop\u00eenin \u00fb bi rew\u015fa guheztina li ser r\u00eay\u00ea re bigunc\u00eenin. Zelalb\u00fbn \u00fb adapteb\u00fbn dikare bibe mifteya serkeftin\u00ea di p\u00ea\u015fbaziya bilez de. Ger l\u00eestika weya Jet X an demo l\u00eestika t\u00eem\u00ea p\u00ea\u015fk\u00ea\u015f\u00ee dike, bi t\u00eem\u00ea xwe re bi akt\u00eev\u00ee t\u00eakil\u00ee daynin.  <\/p>\n\n<p>Jet X ji bo afir\u00eener\u00ee \u00fb biryar\u00ean takt\u00eek\u00ee c\u00eeh dide we. Li gor\u00ee \u015fert \u00fb mercan tevbigerin, pergala hesabkirina \u015fans\u00ea Jet X bigerin \u00fb di p\u00ea\u015feroj\u00ea de ji p\u00ea\u015fbaziya bilez \u00fb balk\u00ea\u015f k\u00eaf\u00ea bikin! <\/p>\n\n<h2 class=\"wp-block-heading\">R\u00eabaz\u00ean l\u00eestik\u00ea di Jet X de<\/h2>\n\n<p>Armanca sereke bi moda l\u00eestik\u00ea ve gir\u00eaday\u00ee ye. Ev dibe ku di demek her\u00ee kin de qursek biqed\u00eene, \u015fer\u00ean li dij\u00ee dijberan bi dest bixe, st\u00fbnan p\u00eak b\u00eene, an j\u00ee di moda pirl\u00eestikvan de hin encaman bi dest bixe. L\u00eestik bi gelemper\u00ee c\u00fbrbec\u00fbr r\u00ea \u00fb ast peyda dike, ku her yek ji wan dijwariy\u00ean b\u00eahempa p\u00ea\u015fk\u00ea\u015f dike. H\u00fbn dikarin wan hem\u00eeyan li ser malpera Jet X-\u00ea bib\u00eenin. L\u00eestik dikarin firokey\u00ean xwe n\u00fbve bikin da ku bi serfiraz\u00ee bi r\u00eay\u00ean asta bilindtir re mij\u00fbl bibin.   <\/p>\n\n<p>L\u00eestik li gor\u00ee platform\u00ea bi karan\u00eena klavyeyek, joystick, gamepad, an ekranek destik\u00ea balafir\u00ea kontrol dikin. Kontrol guheztina r\u00eagez\u00ea, sererastkirina bilez \u00fb p\u00eakan\u00eena h\u00eeleyan vedihew\u00eene. P\u00eakan\u00eena h\u00eeleyan dikare bonusan wek\u00ee lezb\u00fbn\u00ea an xal\u00ean z\u00eade bi dest bixe.  <\/p>\n\n<p>Di hin mod\u00ean l\u00eestik\u00ea de, l\u00eestikvan dikarin dijberan bi karan\u00eena \u00e7ekan li ser c\u00eehaz\u00ean xwe \u015fer bikin. Di nav \u00e7ekan de m\u00fb\u015fek, lazer, \u00fb am\u00fbr\u00ean din \u00ean \u00ear\u00ee\u015f an parastin\u00ea hene. Ber\u00ee ku h\u00fbn dest bi l\u00eestin\u00ea bikin, stratejiya Jet X \u00fb nirxandinan binih\u00earin.  <\/p>\n\n<h2 class=\"wp-block-heading\">Kod\u00ean promosyon\u00ea<\/h2>\n\n<p>Kod\u00ean promosyon\u00ea bi gelemper\u00ee ji h\u00eala p\u00ea\u015fdebir\u00ean l\u00eestik\u00ea an platforma ku l\u00eestik li ser t\u00ea belav kirin t\u00eane peyda kirin. Ew ji bo l\u00eestikvanan bonus an \u00e7\u00eep\u00ean taybet\u00ee peyda dikin da ku \u015fans\u00ean xwe y\u00ean serketin\u00ea z\u00eade bikin. H\u00fbn dikarin kod\u00ean danas\u00een\u00ea li ser \u00e7end \u00e7avkaniyan bib\u00eenin:  <\/p>\n\n<ul>\n<li>Malpera ferm\u00ee.<\/li>\n\n\n\n<li>Medyaya civak\u00ee.<\/li>\n\n\n\n<li>Forum \u00fb civak\u00ean.<\/li>\n\n\n\n<li>Newsletters.<\/li>\n\n\n\n<li>Hevkar \u00fb sponsor.<\/li>\n<\/ul>\n\n<h2 class=\"wp-block-heading\">Reviews<\/h2>\n\n<p>Li vir \u00e7end nirxandin\u00ean bikarh\u00eaner di derbar\u00ea l\u00eestika populer de hene:<\/p>\n","protected":false},"excerpt":{"rendered":"<p>H\u00fbn bi x\u00ear hatin p\u00ea\u015feroja p\u00ea\u015fbirka adrenal\u00een\u00ea, c\u00eehana Jet X, ku h\u00fbn dikarin bela\u015f dak\u00ea\u015fin! Ev serp\u00eahatiyek ferm\u00ee ya arcade ya balk\u00ea\u015f a ji bo Android-\u00ea ye, ku leza, bilindah\u00ee \u00fb st\u00fbn\u00ean b\u00eabawer di yek \u00e7emek h\u00eazdar de t\u00eane hev kirin. Bikevin hundur\u00ea kokp\u00eat\u00ea ya balafirek p\u00ea\u015fkeft\u00ee \u00fb ji bo \u015fopek ku d\u00ea ji h\u00eaviy\u00ean [&hellip;]<\/p>\n","protected":false},"author":2,"featured_media":0,"parent":0,"menu_order":0,"comment_status":"open","ping_status":"closed","template":"","meta":{"footnotes":""},"yoast_head":"<!-- This site is optimized with the Yoast SEO plugin v21.7 - https:\/\/yoast.com\/wordpress\/plugins\/seo\/ -->\n<title>Jet X casino game, dak\u00ea\u015fin<\/title>\n<meta name=\"description\" content=\"Bi Jet X-\u00ea re xwe di c\u00eehana balk\u00ea\u015f a p\u00ea\u015fbaziy\u00ean bilez de biwe\u015f\u00eenin - di p\u00ea\u015feroj\u00ea de ezm\u00fbnek arcade ya b\u00eahempa \u00fb balk\u00ea\u015f. R\u00eagez\u00ean bi baldar\u00ee bixw\u00eenin \u00fb bi lez \u00fb bez hil\u00eenin. Serp\u00eahatiy\u00ean balk\u00ea\u015f \u00fb demek xwe\u015f li benda we ne.\" \/>\n<meta name=\"robots\" content=\"index, follow, max-snippet:-1, max-image-preview:large, max-video-preview:-1\" \/>\n<link rel=\"canonical\" href=\"https:\/\/aviator-crash.org\/ku\/jet-x\/\" \/>\n<meta property=\"og:locale\" content=\"en_US\" \/>\n<meta property=\"og:type\" content=\"article\" \/>\n<meta property=\"og:title\" content=\"Jet X casino game, dak\u00ea\u015fin\" \/>\n<meta property=\"og:description\" content=\"Bi Jet X-\u00ea re xwe di c\u00eehana balk\u00ea\u015f a p\u00ea\u015fbaziy\u00ean bilez de biwe\u015f\u00eenin - di p\u00ea\u015feroj\u00ea de ezm\u00fbnek arcade ya b\u00eahempa \u00fb balk\u00ea\u015f. R\u00eagez\u00ean bi baldar\u00ee bixw\u00eenin \u00fb bi lez \u00fb bez hil\u00eenin. Serp\u00eahatiy\u00ean balk\u00ea\u015f \u00fb demek xwe\u015f li benda we ne.\" \/>\n<meta property=\"og:url\" content=\"https:\/\/aviator-crash.org\/ku\/jet-x\/\" \/>\n<meta property=\"article:modified_time\" content=\"2024-02-02T21:26:35+00:00\" \/>\n<meta property=\"og:image\" content=\"https:\/\/aviator-crash.org\/wp-content\/uploads\/2024\/01\/how-to-play-jet-x-game-on-my-cell-phone-1200x675-1-1024x576-1.webp\" \/>\n<meta name=\"twitter:card\" content=\"summary_large_image\" \/>\n<meta name=\"twitter:label1\" content=\"Est. reading time\" \/>\n\t<meta name=\"twitter:data1\" content=\"7 \u062e\u0648\u0644\u06d5\u06a9\" \/>\n<script type=\"application\/ld+json\" class=\"yoast-schema-graph\">{\"@context\":\"https:\/\/schema.org\",\"@graph\":[{\"@type\":\"WebPage\",\"@id\":\"https:\/\/aviator-crash.org\/ku\/jet-x\/\",\"url\":\"https:\/\/aviator-crash.org\/ku\/jet-x\/\",\"name\":\"Jet X casino game, dak\u00ea\u015fin\",\"isPartOf\":{\"@id\":\"https:\/\/aviator-crash.org\/ku\/#website\"},\"datePublished\":\"2023-12-27T19:33:16+00:00\",\"dateModified\":\"2024-02-02T21:26:35+00:00\",\"description\":\"Bi Jet X-\u00ea re xwe di c\u00eehana balk\u00ea\u015f a p\u00ea\u015fbaziy\u00ean bilez de biwe\u015f\u00eenin - di p\u00ea\u015feroj\u00ea de ezm\u00fbnek arcade ya b\u00eahempa \u00fb balk\u00ea\u015f. R\u00eagez\u00ean bi baldar\u00ee bixw\u00eenin \u00fb bi lez \u00fb bez hil\u00eenin. Serp\u00eahatiy\u00ean balk\u00ea\u015f \u00fb demek xwe\u015f li benda we ne.\",\"breadcrumb\":{\"@id\":\"https:\/\/aviator-crash.org\/ku\/jet-x\/#breadcrumb\"},\"inLanguage\":\"ckb\",\"potentialAction\":[{\"@type\":\"ReadAction\",\"target\":[\"https:\/\/aviator-crash.org\/ku\/jet-x\/\"]}]},{\"@type\":\"BreadcrumbList\",\"@id\":\"https:\/\/aviator-crash.org\/ku\/jet-x\/#breadcrumb\",\"itemListElement\":[{\"@type\":\"ListItem\",\"position\":1,\"name\":\"Home\",\"item\":\"https:\/\/aviator-crash.org\/ku\/listika-aviator-liserxete-ji-bo-peran-rast\/\"},{\"@type\":\"ListItem\",\"position\":2,\"name\":\"Jet X\"}]},{\"@type\":\"WebSite\",\"@id\":\"https:\/\/aviator-crash.org\/ku\/#website\",\"url\":\"https:\/\/aviator-crash.org\/ku\/\",\"name\":\"\",\"description\":\"\",\"potentialAction\":[{\"@type\":\"SearchAction\",\"target\":{\"@type\":\"EntryPoint\",\"urlTemplate\":\"https:\/\/aviator-crash.org\/ku\/?s={search_term_string}\"},\"query-input\":\"required name=search_term_string\"}],\"inLanguage\":\"ckb\"}]}<\/script>\n<!-- \/ Yoast SEO plugin. -->","yoast_head_json":{"title":"Jet X casino game, dak\u00ea\u015fin","description":"Bi Jet X-\u00ea re xwe di c\u00eehana balk\u00ea\u015f a p\u00ea\u015fbaziy\u00ean bilez de biwe\u015f\u00eenin - di p\u00ea\u015feroj\u00ea de ezm\u00fbnek arcade ya b\u00eahempa \u00fb balk\u00ea\u015f. R\u00eagez\u00ean bi baldar\u00ee bixw\u00eenin \u00fb bi lez \u00fb bez hil\u00eenin. Serp\u00eahatiy\u00ean balk\u00ea\u015f \u00fb demek xwe\u015f li benda we ne.","robots":{"index":"index","follow":"follow","max-snippet":"max-snippet:-1","max-image-preview":"max-image-preview:large","max-video-preview":"max-video-preview:-1"},"canonical":"https:\/\/aviator-crash.org\/ku\/jet-x\/","og_locale":"en_US","og_type":"article","og_title":"Jet X casino game, dak\u00ea\u015fin","og_description":"Bi Jet X-\u00ea re xwe di c\u00eehana balk\u00ea\u015f a p\u00ea\u015fbaziy\u00ean bilez de biwe\u015f\u00eenin - di p\u00ea\u015feroj\u00ea de ezm\u00fbnek arcade ya b\u00eahempa \u00fb balk\u00ea\u015f. R\u00eagez\u00ean bi baldar\u00ee bixw\u00eenin \u00fb bi lez \u00fb bez hil\u00eenin. Serp\u00eahatiy\u00ean balk\u00ea\u015f \u00fb demek xwe\u015f li benda we ne.","og_url":"https:\/\/aviator-crash.org\/ku\/jet-x\/","article_modified_time":"2024-02-02T21:26:35+00:00","og_image":[{"url":"https:\/\/aviator-crash.org\/wp-content\/uploads\/2024\/01\/how-to-play-jet-x-game-on-my-cell-phone-1200x675-1-1024x576-1.webp"}],"twitter_card":"summary_large_image","twitter_misc":{"Est. reading time":"7 \u062e\u0648\u0644\u06d5\u06a9"},"schema":{"@context":"https:\/\/schema.org","@graph":[{"@type":"WebPage","@id":"https:\/\/aviator-crash.org\/ku\/jet-x\/","url":"https:\/\/aviator-crash.org\/ku\/jet-x\/","name":"Jet X casino game, dak\u00ea\u015fin","isPartOf":{"@id":"https:\/\/aviator-crash.org\/ku\/#website"},"datePublished":"2023-12-27T19:33:16+00:00","dateModified":"2024-02-02T21:26:35+00:00","description":"Bi Jet X-\u00ea re xwe di c\u00eehana balk\u00ea\u015f a p\u00ea\u015fbaziy\u00ean bilez de biwe\u015f\u00eenin - di p\u00ea\u015feroj\u00ea de ezm\u00fbnek arcade ya b\u00eahempa \u00fb balk\u00ea\u015f. R\u00eagez\u00ean bi baldar\u00ee bixw\u00eenin \u00fb bi lez \u00fb bez hil\u00eenin. Serp\u00eahatiy\u00ean balk\u00ea\u015f \u00fb demek xwe\u015f li benda we ne.","breadcrumb":{"@id":"https:\/\/aviator-crash.org\/ku\/jet-x\/#breadcrumb"},"inLanguage":"ckb","potentialAction":[{"@type":"ReadAction","target":["https:\/\/aviator-crash.org\/ku\/jet-x\/"]}]},{"@type":"BreadcrumbList","@id":"https:\/\/aviator-crash.org\/ku\/jet-x\/#breadcrumb","itemListElement":[{"@type":"ListItem","position":1,"name":"Home","item":"https:\/\/aviator-crash.org\/ku\/listika-aviator-liserxete-ji-bo-peran-rast\/"},{"@type":"ListItem","position":2,"name":"Jet X"}]},{"@type":"WebSite","@id":"https:\/\/aviator-crash.org\/ku\/#website","url":"https:\/\/aviator-crash.org\/ku\/","name":"","description":"","potentialAction":[{"@type":"SearchAction","target":{"@type":"EntryPoint","urlTemplate":"https:\/\/aviator-crash.org\/ku\/?s={search_term_string}"},"query-input":"required name=search_term_string"}],"inLanguage":"ckb"}]}},"_links":{"self":[{"href":"https:\/\/aviator-crash.org\/ku\/wp-json\/wp\/v2\/pages\/5466"}],"collection":[{"href":"https:\/\/aviator-crash.org\/ku\/wp-json\/wp\/v2\/pages"}],"about":[{"href":"https:\/\/aviator-crash.org\/ku\/wp-json\/wp\/v2\/types\/page"}],"author":[{"embeddable":true,"href":"https:\/\/aviator-crash.org\/ku\/wp-json\/wp\/v2\/users\/2"}],"replies":[{"embeddable":true,"href":"https:\/\/aviator-crash.org\/ku\/wp-json\/wp\/v2\/comments?post=5466"}],"version-history":[{"count":1,"href":"https:\/\/aviator-crash.org\/ku\/wp-json\/wp\/v2\/pages\/5466\/revisions"}],"predecessor-version":[{"id":5468,"href":"https:\/\/aviator-crash.org\/ku\/wp-json\/wp\/v2\/pages\/5466\/revisions\/5468"}],"wp:attachment":[{"href":"https:\/\/aviator-crash.org\/ku\/wp-json\/wp\/v2\/media?parent=5466"}],"curies":[{"name":"wp","href":"https:\/\/api.w.org\/{rel}","templated":true}]}}