{"id":2463,"date":"2023-12-22T18:32:01","date_gmt":"2023-12-22T18:32:01","guid":{"rendered":"https:\/\/aviator-crash.org\/aviator-spillanmeldelser\/"},"modified":"2024-02-02T17:51:06","modified_gmt":"2024-02-02T17:51:06","slug":"aviator-spillanmeldelser","status":"publish","type":"page","link":"https:\/\/aviator-crash.org\/no\/aviator-spillanmeldelser\/","title":{"rendered":"Aviator Spillanmeldelser"},"content":{"rendered":"\n<p>Aviator er uten tvil et av de mest popul\u00e6re online spillene.\nDet er derfor oftere og oftere i s\u00f8kemotoren vises foresp\u00f8rsler om anmeldelser om Aviator-spillet for penger av de som allerede har klart \u00e5 pr\u00f8ve det og finne ut hvor reelle er sjansene for \u00e5 vinne i det. <\/p>\n\n<h2 class=\"wp-block-heading\">V\u00e5re tanker om Aviator-spillet<\/h2>\n\n<p>Aviator Crash Game er utvilsomt den beste utviklingen av Spribe.\nDet er unikt, interessant, spennende, i stand til \u00e5 for\u00e5rsake en b\u00f8lge av behagelige f\u00f8lelser hos elskere av spenning.\nEt stort pluss er rundenes kortsiktige natur &#8211; bare noen f\u00e5 sekunders spenning, og spilleren kan bli en vinner og \u00f8ke innsatsen (10, 20 og kanskje 50 ganger).\nDet viktigste er \u00e5 klare \u00e5 ta ut pengene f\u00f8r flyet styrter, men du m\u00e5 gj\u00f8re det med maksimale odds.   <\/p>\n\n<p>Dette spillet garanterer et utbrudd av f\u00f8lelser selv for de mest sofistikerte gamblingfans.\nDerfor tilbys denne spilleautomaten av mange nettcasinoer: 1win, Pin Up, 1Xbet.\nSpilleautomaten har f\u00f8rsteklasses grafikk, klarhet og lydeffekter.\nVi synes ogs\u00e5 dette spillet er fascinerende, og etter v\u00e5r mening fortjener det absolutt \u00e5 bli spilt.   <\/p>\n\n<h2 class=\"wp-block-heading\">Brukeranmeldelser av Aviator-spillet<\/h2>\n\n<p>Det er forskjellige anmeldelser av Aviator Crash Game av ekte spillere p\u00e5 Internett.\nNoen &#8211; beundrer det, andre &#8211; skjeller ut for uforutsigbarhet, risiko og manglende evne til \u00e5 lage en 100% vinnende strategi.\nImidlertid er det ofte nettopp i dette skj\u00f8nnheten i gambling.  <\/p>\n\n<p>Vi foresl\u00e5r at du trekker dine egne konklusjoner.\nPr\u00f8v dette spillet og del din tilbakemelding ved \u00e5 legge den inn i anmeldelsen nedenfor. <\/p>\n","protected":false},"excerpt":{"rendered":"<p>Aviator er uten tvil et av de mest popul\u00e6re online spillene. Det er derfor oftere og oftere i s\u00f8kemotoren vises foresp\u00f8rsler om anmeldelser om Aviator-spillet for penger av de som allerede har klart \u00e5 pr\u00f8ve det og finne ut hvor reelle er sjansene for \u00e5 vinne i det. V\u00e5re tanker om Aviator-spillet Aviator Crash Game [&hellip;]<\/p>\n","protected":false},"author":2,"featured_media":0,"parent":0,"menu_order":0,"comment_status":"closed","ping_status":"closed","template":"","meta":{"footnotes":""},"yoast_head":"<!-- This site is optimized with the Yoast SEO plugin v21.7 - https:\/\/yoast.com\/wordpress\/plugins\/seo\/ -->\n<title>Aviator spillanmeldelser fra spillere<\/title>\n<meta name=\"description\" content=\"Anmeldelser om krasjspillet Aviator ekte spillere vil tillate deg \u00e5 l\u00e6re alle fordeler og ulemper med apparatet. De grunnleggende reglene i maskinen og nyansene i ledelsen.\" \/>\n<meta name=\"robots\" content=\"index, follow, max-snippet:-1, max-image-preview:large, max-video-preview:-1\" \/>\n<link rel=\"canonical\" href=\"https:\/\/aviator-crash.org\/no\/aviator-spillanmeldelser\/\" \/>\n<meta property=\"og:locale\" content=\"nb_NO\" \/>\n<meta property=\"og:type\" content=\"article\" \/>\n<meta property=\"og:title\" content=\"Aviator spillanmeldelser fra spillere\" \/>\n<meta property=\"og:description\" content=\"Anmeldelser om krasjspillet Aviator ekte spillere vil tillate deg \u00e5 l\u00e6re alle fordeler og ulemper med apparatet. De grunnleggende reglene i maskinen og nyansene i ledelsen.\" \/>\n<meta property=\"og:url\" content=\"https:\/\/aviator-crash.org\/no\/aviator-spillanmeldelser\/\" \/>\n<meta property=\"article:modified_time\" content=\"2024-02-02T17:51:06+00:00\" \/>\n<meta name=\"twitter:card\" content=\"summary_large_image\" \/>\n<meta name=\"twitter:label1\" content=\"Est. reading time\" \/>\n\t<meta name=\"twitter:data1\" content=\"1 minutt\" \/>\n<script type=\"application\/ld+json\" class=\"yoast-schema-graph\">{\"@context\":\"https:\/\/schema.org\",\"@graph\":[{\"@type\":\"WebPage\",\"@id\":\"https:\/\/aviator-crash.org\/no\/aviator-spillanmeldelser\/\",\"url\":\"https:\/\/aviator-crash.org\/no\/aviator-spillanmeldelser\/\",\"name\":\"Aviator spillanmeldelser fra spillere\",\"isPartOf\":{\"@id\":\"https:\/\/aviator-crash.org\/no\/#website\"},\"datePublished\":\"2023-12-22T18:32:01+00:00\",\"dateModified\":\"2024-02-02T17:51:06+00:00\",\"description\":\"Anmeldelser om krasjspillet Aviator ekte spillere vil tillate deg \u00e5 l\u00e6re alle fordeler og ulemper med apparatet. De grunnleggende reglene i maskinen og nyansene i ledelsen.\",\"breadcrumb\":{\"@id\":\"https:\/\/aviator-crash.org\/no\/aviator-spillanmeldelser\/#breadcrumb\"},\"inLanguage\":\"nb-NO\",\"potentialAction\":[{\"@type\":\"ReadAction\",\"target\":[\"https:\/\/aviator-crash.org\/no\/aviator-spillanmeldelser\/\"]}]},{\"@type\":\"BreadcrumbList\",\"@id\":\"https:\/\/aviator-crash.org\/no\/aviator-spillanmeldelser\/#breadcrumb\",\"itemListElement\":[{\"@type\":\"ListItem\",\"position\":1,\"name\":\"Home\",\"item\":\"https:\/\/aviator-crash.org\/no\/aviator-spill-online-for-ekte-penger\/\"},{\"@type\":\"ListItem\",\"position\":2,\"name\":\"Aviator Spillanmeldelser\"}]},{\"@type\":\"WebSite\",\"@id\":\"https:\/\/aviator-crash.org\/no\/#website\",\"url\":\"https:\/\/aviator-crash.org\/no\/\",\"name\":\"\",\"description\":\"\",\"potentialAction\":[{\"@type\":\"SearchAction\",\"target\":{\"@type\":\"EntryPoint\",\"urlTemplate\":\"https:\/\/aviator-crash.org\/no\/?s={search_term_string}\"},\"query-input\":\"required name=search_term_string\"}],\"inLanguage\":\"nb-NO\"}]}<\/script>\n<!-- \/ Yoast SEO plugin. -->","yoast_head_json":{"title":"Aviator spillanmeldelser fra spillere","description":"Anmeldelser om krasjspillet Aviator ekte spillere vil tillate deg \u00e5 l\u00e6re alle fordeler og ulemper med apparatet. De grunnleggende reglene i maskinen og nyansene i ledelsen.","robots":{"index":"index","follow":"follow","max-snippet":"max-snippet:-1","max-image-preview":"max-image-preview:large","max-video-preview":"max-video-preview:-1"},"canonical":"https:\/\/aviator-crash.org\/no\/aviator-spillanmeldelser\/","og_locale":"nb_NO","og_type":"article","og_title":"Aviator spillanmeldelser fra spillere","og_description":"Anmeldelser om krasjspillet Aviator ekte spillere vil tillate deg \u00e5 l\u00e6re alle fordeler og ulemper med apparatet. De grunnleggende reglene i maskinen og nyansene i ledelsen.","og_url":"https:\/\/aviator-crash.org\/no\/aviator-spillanmeldelser\/","article_modified_time":"2024-02-02T17:51:06+00:00","twitter_card":"summary_large_image","twitter_misc":{"Est. reading time":"1 minutt"},"schema":{"@context":"https:\/\/schema.org","@graph":[{"@type":"WebPage","@id":"https:\/\/aviator-crash.org\/no\/aviator-spillanmeldelser\/","url":"https:\/\/aviator-crash.org\/no\/aviator-spillanmeldelser\/","name":"Aviator spillanmeldelser fra spillere","isPartOf":{"@id":"https:\/\/aviator-crash.org\/no\/#website"},"datePublished":"2023-12-22T18:32:01+00:00","dateModified":"2024-02-02T17:51:06+00:00","description":"Anmeldelser om krasjspillet Aviator ekte spillere vil tillate deg \u00e5 l\u00e6re alle fordeler og ulemper med apparatet. De grunnleggende reglene i maskinen og nyansene i ledelsen.","breadcrumb":{"@id":"https:\/\/aviator-crash.org\/no\/aviator-spillanmeldelser\/#breadcrumb"},"inLanguage":"nb-NO","potentialAction":[{"@type":"ReadAction","target":["https:\/\/aviator-crash.org\/no\/aviator-spillanmeldelser\/"]}]},{"@type":"BreadcrumbList","@id":"https:\/\/aviator-crash.org\/no\/aviator-spillanmeldelser\/#breadcrumb","itemListElement":[{"@type":"ListItem","position":1,"name":"Home","item":"https:\/\/aviator-crash.org\/no\/aviator-spill-online-for-ekte-penger\/"},{"@type":"ListItem","position":2,"name":"Aviator Spillanmeldelser"}]},{"@type":"WebSite","@id":"https:\/\/aviator-crash.org\/no\/#website","url":"https:\/\/aviator-crash.org\/no\/","name":"","description":"","potentialAction":[{"@type":"SearchAction","target":{"@type":"EntryPoint","urlTemplate":"https:\/\/aviator-crash.org\/no\/?s={search_term_string}"},"query-input":"required name=search_term_string"}],"inLanguage":"nb-NO"}]}},"_links":{"self":[{"href":"https:\/\/aviator-crash.org\/no\/wp-json\/wp\/v2\/pages\/2463"}],"collection":[{"href":"https:\/\/aviator-crash.org\/no\/wp-json\/wp\/v2\/pages"}],"about":[{"href":"https:\/\/aviator-crash.org\/no\/wp-json\/wp\/v2\/types\/page"}],"author":[{"embeddable":true,"href":"https:\/\/aviator-crash.org\/no\/wp-json\/wp\/v2\/users\/2"}],"replies":[{"embeddable":true,"href":"https:\/\/aviator-crash.org\/no\/wp-json\/wp\/v2\/comments?post=2463"}],"version-history":[{"count":1,"href":"https:\/\/aviator-crash.org\/no\/wp-json\/wp\/v2\/pages\/2463\/revisions"}],"predecessor-version":[{"id":2464,"href":"https:\/\/aviator-crash.org\/no\/wp-json\/wp\/v2\/pages\/2463\/revisions\/2464"}],"wp:attachment":[{"href":"https:\/\/aviator-crash.org\/no\/wp-json\/wp\/v2\/media?parent=2463"}],"curies":[{"name":"wp","href":"https:\/\/api.w.org\/{rel}","templated":true}]}}